{"id":11,"date":"2022-07-06T17:50:37","date_gmt":"2022-07-06T17:50:37","guid":{"rendered":"https:\/\/www.digi-duck.com\/?page_id=11"},"modified":"2022-09-11T18:21:02","modified_gmt":"2022-09-11T16:21:02","slug":"kundenservice","status":"publish","type":"page","link":"https:\/\/www.digi-duck.com\/fr\/kundenservice\/","title":{"rendered":"Service client\u00e8le"},"content":{"rendered":"<p>PLUS QU&rsquo;UNE PLATEFORME<br \/>NOUS SOMMES L\u00c0 POUR VOUS !<\/p>\n<hr class=\"wp-block-separator has-alpha-channel-opacity\">\n<p>Chaque client est diff\u00e9rent et a cr\u00e9\u00e9 sa propre structure organisationnelle. Nous vous aidons \u00e0 les int\u00e9grer sur la plateforme DigiDuck. Nous pouvons repr\u00e9senter diff\u00e9rents niveaux hi\u00e9rarchiques, d\u00e9partements, divisions, filiales, etc. dans votre compte. Si n\u00e9cessaire, nous coachons votre \u00e9quipe aussi longtemps que n\u00e9cessaire. Notre r\u00e9ussite, c&rsquo;est quand vous \u00eates satisfaits. Vous voulez un \u00ab\u00a0package sans souci\u00a0\u00bb ? Pas de probl\u00e8me. Parlons-en ensemble et nous vous proposerons une solution enti\u00e8rement adapt\u00e9e \u00e0 vos besoins. Nous sommes l\u00e0 pour \u00e7a !<\/p>\n<hr class=\"wp-block-separator has-alpha-channel-opacity\">\n<a href=\"\/fr\/kontakt\/\" target=\"_self\" class=\" btn btn-primary\">Parlons ensemble!N<\/a>\n","protected":false},"excerpt":{"rendered":"<p>PLUS QU&rsquo;UNE PLATEFORMENOUS SOMMES L\u00c0 POUR VOUS ! Chaque client est diff\u00e9rent et a cr\u00e9\u00e9 sa propre structure organisationnelle. Nous vous aidons \u00e0 les int\u00e9grer sur la plateforme DigiDuck. Nous pouvons repr\u00e9senter diff\u00e9rents niveaux hi\u00e9rarchiques, d\u00e9partements, divisions, filiales, etc. dans votre compte. Si n\u00e9cessaire, nous coachons votre \u00e9quipe aussi longtemps que n\u00e9cessaire. Notre r\u00e9ussite, c&rsquo;est [&hellip;]<\/p>\n","protected":false},"author":4,"featured_media":0,"parent":0,"menu_order":0,"comment_status":"closed","ping_status":"closed","template":"","meta":{"_acf_changed":false,"footnotes":""},"class_list":["post-11","page","type-page","status-publish","hentry"],"acf":[],"yoast_head":"<!-- This site is optimized with the Yoast SEO plugin v27.1.1 - https:\/\/yoast.com\/product\/yoast-seo-wordpress\/ -->\n<title>Service client\u00e8le<\/title>\n<meta name=\"description\" content=\"PLUS QU&#039;UNE PLATEFORMENOUS SOMMES L\u00c0 POUR VOUS ! Chaque client est diff\u00e9rent et a cr\u00e9\u00e9 sa propre structure organisationnelle. Nous vous aidons \u00e0 les int\u00e9grer sur la plateforme DigiDuck. Nous pouvons repr\u00e9senter diff\u00e9rents niveaux hi\u00e9rarchiques, d\u00e9partements, divisions, filiales, etc. dans votre compte. Si n\u00e9cessaire, nous coachons votre \u00e9quipe aussi longtemps que n\u00e9cessaire. Notre r\u00e9ussite, c&#039;est\u2026\" \/>\n<meta name=\"robots\" content=\"index, follow, max-snippet:-1, max-image-preview:large, max-video-preview:-1\" \/>\n<link rel=\"canonical\" href=\"http:\/\/PLUS%20QU'UNE%20PLATEFORMENOUS%20SOMMES%20L\u00c0%20POUR%20VOUS%20!%20Chaque%20client%20est%20diff\u00e9rent%20et%20a%20cr\u00e9\u00e9%20sa%20propre%20structure%20organisationnelle.%20Nous%20vous%20aidons%20\u00e0%20les%20int\u00e9grer%20sur%20la%20plateforme%20DigiDuck.%20Nous%20pouvons%20repr\u00e9senter%20diff\u00e9rents%20niveaux%20hi\u00e9rarchiques,%20d\u00e9partements,%20divisions,%20filiales,%20etc.%20dans%20votre%20compte.%20Si%20n\u00e9cessaire,%20nous%20coachons%20votre%20\u00e9quipe%20aussi%20longtemps%20que%20n\u00e9cessaire.%20Notre%20r\u00e9ussite,%20c'est\u2026\" \/>\n<meta property=\"og:locale\" content=\"fr_FR\" \/>\n<meta property=\"og:type\" content=\"article\" \/>\n<meta property=\"og:title\" content=\"Service client\u00e8le\" \/>\n<meta property=\"og:description\" content=\"PLUS QU&#039;UNE PLATEFORMENOUS SOMMES L\u00c0 POUR VOUS ! Chaque client est diff\u00e9rent et a cr\u00e9\u00e9 sa propre structure organisationnelle. Nous vous aidons \u00e0 les int\u00e9grer sur la plateforme DigiDuck. Nous pouvons repr\u00e9senter diff\u00e9rents niveaux hi\u00e9rarchiques, d\u00e9partements, divisions, filiales, etc. dans votre compte. Si n\u00e9cessaire, nous coachons votre \u00e9quipe aussi longtemps que n\u00e9cessaire. Notre r\u00e9ussite, c&#039;est\u2026\" \/>\n<meta property=\"og:url\" content=\"https:\/\/www.digi-duck.com\/fr\/kundenservice\/\" \/>\n<meta property=\"og:site_name\" content=\"DigiDuck\" \/>\n<meta property=\"article:publisher\" content=\"https:\/\/www.facebook.com\/profile.php?id=61558494354505\" \/>\n<meta property=\"article:modified_time\" content=\"2022-09-11T16:21:02+00:00\" \/>\n<meta name=\"twitter:card\" content=\"summary_large_image\" \/>\n<script type=\"application\/ld+json\" class=\"yoast-schema-graph\">{\"@context\":\"https:\/\/schema.org\",\"@graph\":[{\"@type\":\"WebPage\",\"@id\":\"https:\/\/www.digi-duck.com\/fr\/kundenservice\/\",\"url\":\"https:\/\/www.digi-duck.com\/fr\/kundenservice\/\",\"name\":\"Kundenservice - DigiDuck\",\"isPartOf\":{\"@id\":\"https:\/\/www.digi-duck.com\/#website\"},\"datePublished\":\"2022-07-06T17:50:37+00:00\",\"dateModified\":\"2022-09-11T16:21:02+00:00\",\"breadcrumb\":{\"@id\":\"https:\/\/www.digi-duck.com\/fr\/kundenservice\/#breadcrumb\"},\"inLanguage\":\"fr-FR\",\"potentialAction\":[{\"@type\":\"ReadAction\",\"target\":[\"https:\/\/www.digi-duck.com\/fr\/kundenservice\/\"]}]},{\"@type\":\"BreadcrumbList\",\"@id\":\"https:\/\/www.digi-duck.com\/fr\/kundenservice\/#breadcrumb\",\"itemListElement\":[{\"@type\":\"ListItem\",\"position\":1,\"name\":\"Page d'accueil\",\"item\":\"https:\/\/www.digi-duck.com\/\"},{\"@type\":\"ListItem\",\"position\":2,\"name\":\"Service client\u00e8le\"}]},{\"@type\":\"WebSite\",\"@id\":\"https:\/\/www.digi-duck.com\/fr\/#website\",\"url\":\"https:\/\/www.digi-duck.com\/fr\/\",\"name\":\"DigiDuck\",\"description\":\"Ihr digitaler Qualifikationspartner\",\"publisher\":{\"@id\":\"https:\/\/www.digi-duck.com\/fr\/#organization\"},\"potentialAction\":[{\"@type\":\"SearchAction\",\"target\":{\"@type\":\"EntryPoint\",\"urlTemplate\":\"https:\/\/www.digi-duck.com\/fr\/?s={search_term_string}\"},\"query-input\":{\"@type\":\"PropertyValueSpecification\",\"valueRequired\":true,\"valueName\":\"search_term_string\"}}],\"inLanguage\":\"fr-FR\"},{\"@type\":\"Organization\",\"@id\":\"https:\/\/www.digi-duck.com\/fr\/#organization\",\"name\":\"DigiDuck GmbH\",\"url\":\"https:\/\/www.digi-duck.com\/fr\/\",\"logo\":{\"@type\":\"ImageObject\",\"inLanguage\":\"fr-FR\",\"@id\":\"https:\/\/www.digi-duck.com\/fr\/#\/schema\/logo\/image\/\",\"url\":\"https:\/\/www.digi-duck.com\/wp-content\/uploads\/2024\/08\/DigiDuck_Logo_App_Colored.png\",\"contentUrl\":\"https:\/\/www.digi-duck.com\/wp-content\/uploads\/2024\/08\/DigiDuck_Logo_App_Colored.png\",\"width\":2000,\"height\":2000,\"caption\":\"DigiDuck GmbH\"},\"image\":{\"@id\":\"https:\/\/www.digi-duck.com\/fr\/#\/schema\/logo\/image\/\"},\"sameAs\":[\"https:\/\/www.facebook.com\/profile.php?id=61558494354505\",\"https:\/\/www.linkedin.com\/company\/digiduck-gmbh\",\"https:\/\/www.xing.com\/pages\/digiduck-gmbh\"]}]}<\/script>\n<!-- \/ Yoast SEO plugin. -->","yoast_head_json":{"title":"Service client\u00e8le","description":"PLUS QU'UNE PLATEFORMENOUS SOMMES L\u00c0 POUR VOUS ! Chaque client est diff\u00e9rent et a cr\u00e9\u00e9 sa propre structure organisationnelle. Nous vous aidons \u00e0 les int\u00e9grer sur la plateforme DigiDuck. Nous pouvons repr\u00e9senter diff\u00e9rents niveaux hi\u00e9rarchiques, d\u00e9partements, divisions, filiales, etc. dans votre compte. Si n\u00e9cessaire, nous coachons votre \u00e9quipe aussi longtemps que n\u00e9cessaire. Notre r\u00e9ussite, c'est\u2026","robots":{"index":"index","follow":"follow","max-snippet":"max-snippet:-1","max-image-preview":"max-image-preview:large","max-video-preview":"max-video-preview:-1"},"canonical":"PLUS QU'UNE PLATEFORMENOUS SOMMES L\u00c0 POUR VOUS ! Chaque client est diff\u00e9rent et a cr\u00e9\u00e9 sa propre structure organisationnelle. Nous vous aidons \u00e0 les int\u00e9grer sur la plateforme DigiDuck. Nous pouvons repr\u00e9senter diff\u00e9rents niveaux hi\u00e9rarchiques, d\u00e9partements, divisions, filiales, etc. dans votre compte. Si n\u00e9cessaire, nous coachons votre \u00e9quipe aussi longtemps que n\u00e9cessaire. Notre r\u00e9ussite, c'est\u2026","og_locale":"fr_FR","og_type":"article","og_title":"Service client\u00e8le","og_description":"PLUS QU'UNE PLATEFORMENOUS SOMMES L\u00c0 POUR VOUS ! Chaque client est diff\u00e9rent et a cr\u00e9\u00e9 sa propre structure organisationnelle. Nous vous aidons \u00e0 les int\u00e9grer sur la plateforme DigiDuck. Nous pouvons repr\u00e9senter diff\u00e9rents niveaux hi\u00e9rarchiques, d\u00e9partements, divisions, filiales, etc. dans votre compte. Si n\u00e9cessaire, nous coachons votre \u00e9quipe aussi longtemps que n\u00e9cessaire. Notre r\u00e9ussite, c'est\u2026","og_url":"https:\/\/www.digi-duck.com\/fr\/kundenservice\/","og_site_name":"DigiDuck","article_publisher":"https:\/\/www.facebook.com\/profile.php?id=61558494354505","article_modified_time":"2022-09-11T16:21:02+00:00","twitter_card":"summary_large_image","schema":{"@context":"https:\/\/schema.org","@graph":[{"@type":"WebPage","@id":"https:\/\/www.digi-duck.com\/fr\/kundenservice\/","url":"https:\/\/www.digi-duck.com\/fr\/kundenservice\/","name":"Kundenservice - DigiDuck","isPartOf":{"@id":"https:\/\/www.digi-duck.com\/#website"},"datePublished":"2022-07-06T17:50:37+00:00","dateModified":"2022-09-11T16:21:02+00:00","breadcrumb":{"@id":"https:\/\/www.digi-duck.com\/fr\/kundenservice\/#breadcrumb"},"inLanguage":"fr-FR","potentialAction":[{"@type":"ReadAction","target":["https:\/\/www.digi-duck.com\/fr\/kundenservice\/"]}]},{"@type":"BreadcrumbList","@id":"https:\/\/www.digi-duck.com\/fr\/kundenservice\/#breadcrumb","itemListElement":[{"@type":"ListItem","position":1,"name":"Page d'accueil","item":"https:\/\/www.digi-duck.com\/"},{"@type":"ListItem","position":2,"name":"Service client\u00e8le"}]},{"@type":"WebSite","@id":"https:\/\/www.digi-duck.com\/fr\/#website","url":"https:\/\/www.digi-duck.com\/fr\/","name":"DigiDuck","description":"Ihr digitaler Qualifikationspartner","publisher":{"@id":"https:\/\/www.digi-duck.com\/fr\/#organization"},"potentialAction":[{"@type":"SearchAction","target":{"@type":"EntryPoint","urlTemplate":"https:\/\/www.digi-duck.com\/fr\/?s={search_term_string}"},"query-input":{"@type":"PropertyValueSpecification","valueRequired":true,"valueName":"search_term_string"}}],"inLanguage":"fr-FR"},{"@type":"Organization","@id":"https:\/\/www.digi-duck.com\/fr\/#organization","name":"DigiDuck GmbH","url":"https:\/\/www.digi-duck.com\/fr\/","logo":{"@type":"ImageObject","inLanguage":"fr-FR","@id":"https:\/\/www.digi-duck.com\/fr\/#\/schema\/logo\/image\/","url":"https:\/\/www.digi-duck.com\/wp-content\/uploads\/2024\/08\/DigiDuck_Logo_App_Colored.png","contentUrl":"https:\/\/www.digi-duck.com\/wp-content\/uploads\/2024\/08\/DigiDuck_Logo_App_Colored.png","width":2000,"height":2000,"caption":"DigiDuck GmbH"},"image":{"@id":"https:\/\/www.digi-duck.com\/fr\/#\/schema\/logo\/image\/"},"sameAs":["https:\/\/www.facebook.com\/profile.php?id=61558494354505","https:\/\/www.linkedin.com\/company\/digiduck-gmbh","https:\/\/www.xing.com\/pages\/digiduck-gmbh"]}]}},"post_mailing_queue_ids":[],"_links":{"self":[{"href":"https:\/\/www.digi-duck.com\/fr\/wp-json\/wp\/v2\/pages\/11","targetHints":{"allow":["GET"]}}],"collection":[{"href":"https:\/\/www.digi-duck.com\/fr\/wp-json\/wp\/v2\/pages"}],"about":[{"href":"https:\/\/www.digi-duck.com\/fr\/wp-json\/wp\/v2\/types\/page"}],"author":[{"embeddable":true,"href":"https:\/\/www.digi-duck.com\/fr\/wp-json\/wp\/v2\/users\/4"}],"replies":[{"embeddable":true,"href":"https:\/\/www.digi-duck.com\/fr\/wp-json\/wp\/v2\/comments?post=11"}],"version-history":[{"count":2,"href":"https:\/\/www.digi-duck.com\/fr\/wp-json\/wp\/v2\/pages\/11\/revisions"}],"predecessor-version":[{"id":285,"href":"https:\/\/www.digi-duck.com\/fr\/wp-json\/wp\/v2\/pages\/11\/revisions\/285"}],"wp:attachment":[{"href":"https:\/\/www.digi-duck.com\/fr\/wp-json\/wp\/v2\/media?parent=11"}],"curies":[{"name":"wp","href":"https:\/\/api.w.org\/{rel}","templated":true}]}}