{"id":15,"date":"2022-07-06T17:51:16","date_gmt":"2022-07-06T17:51:16","guid":{"rendered":"https:\/\/www.digi-duck.com\/?page_id=15"},"modified":"2023-01-18T18:07:43","modified_gmt":"2023-01-18T17:07:43","slug":"faq","status":"publish","type":"page","link":"https:\/\/www.digi-duck.com\/fr\/faq\/","title":{"rendered":"FAQ"},"content":{"rendered":"<p>QUESTIONS ET R\u00c9PONSES AUTOUR DE DIGIDUCK<\/p>\n<hr class=\"wp-block-separator has-alpha-channel-opacity\">\n<p>Vous trouverez ici les questions les plus fr\u00e9quemment pos\u00e9es et leurs r\u00e9ponses.<\/p>\n<hr class=\"wp-block-separator has-alpha-channel-opacity\">\n<p>Aide &amp; FAQ<\/p>\n<hr class=\"wp-block-separator has-alpha-channel-opacity\">\n<p>VOUS AVEZ ENCORE DES QUESTIONS ?<\/p>\n<hr class=\"wp-block-separator has-alpha-channel-opacity\">\n<p>Alors \u00e9crivez-nous ce que nous pouvons faire pour vous aider.<\/p>\n<hr class=\"wp-block-separator has-alpha-channel-opacity\">\n<a href=\"\/fr\/faq\/\" target=\"_self\" class=\"btn-white-full btn btn-primary\">Vers la FAQs<\/a>\n","protected":false},"excerpt":{"rendered":"<p>QUESTIONS ET R\u00c9PONSES AUTOUR DE DIGIDUCK Vous trouverez ici les questions les plus fr\u00e9quemment pos\u00e9es et leurs r\u00e9ponses. Aide &amp; FAQ VOUS AVEZ ENCORE DES QUESTIONS ? Alors \u00e9crivez-nous ce que nous pouvons faire pour vous aider. Vers la FAQs<\/p>\n","protected":false},"author":4,"featured_media":0,"parent":0,"menu_order":0,"comment_status":"closed","ping_status":"closed","template":"","meta":{"_acf_changed":false,"footnotes":""},"class_list":["post-15","page","type-page","status-publish","hentry"],"acf":[],"yoast_head":"<!-- This site is optimized with the Yoast SEO plugin v27.1.1 - https:\/\/yoast.com\/product\/yoast-seo-wordpress\/ -->\n<title>FAQ<\/title>\n<meta name=\"description\" content=\"QUESTIONS ET R\u00c9PONSES AUTOUR DE DIGIDUCK Vous trouverez ici les questions les plus fr\u00e9quemment pos\u00e9es et leurs r\u00e9ponses. Aide &amp; FAQ VOUS AVEZ ENCORE DES QUESTIONS ? Alors \u00e9crivez-nous ce que nous pouvons faire pour vous aider. [dd-button-link href=&quot;\/faq\/&quot; text=&quot;Vers la FAQs&quot; class=&quot;btn-white-full&quot;]\" \/>\n<meta name=\"robots\" content=\"index, follow, max-snippet:-1, max-image-preview:large, max-video-preview:-1\" \/>\n<link rel=\"canonical\" href=\"http:\/\/QUESTIONS%20ET%20R\u00c9PONSES%20AUTOUR%20DE%20DIGIDUCK%20Vous%20trouverez%20ici%20les%20questions%20les%20plus%20fr\u00e9quemment%20pos\u00e9es%20et%20leurs%20r\u00e9ponses.%20Aide%20&amp;%20FAQ%20VOUS%20AVEZ%20ENCORE%20DES%20QUESTIONS%20?%20Alors%20\u00e9crivez-nous%20ce%20que%20nous%20pouvons%20faire%20pour%20vous%20aider.%20%5Bdd-button-link%20href=\/faq\/%20text=Vers%20la%20FAQs%20class=btn-white-full%5D\" \/>\n<meta property=\"og:locale\" content=\"fr_FR\" \/>\n<meta property=\"og:type\" content=\"article\" \/>\n<meta property=\"og:title\" content=\"FAQ\" \/>\n<meta property=\"og:description\" content=\"QUESTIONS ET R\u00c9PONSES AUTOUR DE DIGIDUCK Vous trouverez ici les questions les plus fr\u00e9quemment pos\u00e9es et leurs r\u00e9ponses. Aide &amp; FAQ VOUS AVEZ ENCORE DES QUESTIONS ? Alors \u00e9crivez-nous ce que nous pouvons faire pour vous aider. [dd-button-link href=&quot;\/faq\/&quot; text=&quot;Vers la FAQs&quot; class=&quot;btn-white-full&quot;]\" \/>\n<meta property=\"og:url\" content=\"https:\/\/www.digi-duck.com\/fr\/faq\/\" \/>\n<meta property=\"og:site_name\" content=\"DigiDuck\" \/>\n<meta property=\"article:publisher\" content=\"https:\/\/www.facebook.com\/profile.php?id=61558494354505\" \/>\n<meta property=\"article:modified_time\" content=\"2023-01-18T17:07:43+00:00\" \/>\n<meta name=\"twitter:card\" content=\"summary_large_image\" \/>\n<meta name=\"twitter:label1\" content=\"Dur\u00e9e de lecture estim\u00e9e\" \/>\n\t<meta name=\"twitter:data1\" content=\"1 minute\" \/>\n<script type=\"application\/ld+json\" class=\"yoast-schema-graph\">{\"@context\":\"https:\/\/schema.org\",\"@graph\":[{\"@type\":\"WebPage\",\"@id\":\"https:\/\/www.digi-duck.com\/fr\/faq\/\",\"url\":\"https:\/\/www.digi-duck.com\/fr\/faq\/\",\"name\":\"FAQ - DigiDuck\",\"isPartOf\":{\"@id\":\"https:\/\/www.digi-duck.com\/#website\"},\"datePublished\":\"2022-07-06T17:51:16+00:00\",\"dateModified\":\"2023-01-18T17:07:43+00:00\",\"breadcrumb\":{\"@id\":\"https:\/\/www.digi-duck.com\/fr\/faq\/#breadcrumb\"},\"inLanguage\":\"fr-FR\",\"potentialAction\":[{\"@type\":\"ReadAction\",\"target\":[\"https:\/\/www.digi-duck.com\/fr\/faq\/\"]}]},{\"@type\":\"BreadcrumbList\",\"@id\":\"https:\/\/www.digi-duck.com\/fr\/faq\/#breadcrumb\",\"itemListElement\":[{\"@type\":\"ListItem\",\"position\":1,\"name\":\"Page d'accueil\",\"item\":\"https:\/\/www.digi-duck.com\/\"},{\"@type\":\"ListItem\",\"position\":2,\"name\":\"FAQ\"}]},{\"@type\":\"WebSite\",\"@id\":\"https:\/\/www.digi-duck.com\/fr\/#website\",\"url\":\"https:\/\/www.digi-duck.com\/fr\/\",\"name\":\"DigiDuck\",\"description\":\"Ihr digitaler Qualifikationspartner\",\"publisher\":{\"@id\":\"https:\/\/www.digi-duck.com\/fr\/#organization\"},\"potentialAction\":[{\"@type\":\"SearchAction\",\"target\":{\"@type\":\"EntryPoint\",\"urlTemplate\":\"https:\/\/www.digi-duck.com\/fr\/?s={search_term_string}\"},\"query-input\":{\"@type\":\"PropertyValueSpecification\",\"valueRequired\":true,\"valueName\":\"search_term_string\"}}],\"inLanguage\":\"fr-FR\"},{\"@type\":\"Organization\",\"@id\":\"https:\/\/www.digi-duck.com\/fr\/#organization\",\"name\":\"DigiDuck GmbH\",\"url\":\"https:\/\/www.digi-duck.com\/fr\/\",\"logo\":{\"@type\":\"ImageObject\",\"inLanguage\":\"fr-FR\",\"@id\":\"https:\/\/www.digi-duck.com\/fr\/#\/schema\/logo\/image\/\",\"url\":\"https:\/\/www.digi-duck.com\/wp-content\/uploads\/2024\/08\/DigiDuck_Logo_App_Colored.png\",\"contentUrl\":\"https:\/\/www.digi-duck.com\/wp-content\/uploads\/2024\/08\/DigiDuck_Logo_App_Colored.png\",\"width\":2000,\"height\":2000,\"caption\":\"DigiDuck GmbH\"},\"image\":{\"@id\":\"https:\/\/www.digi-duck.com\/fr\/#\/schema\/logo\/image\/\"},\"sameAs\":[\"https:\/\/www.facebook.com\/profile.php?id=61558494354505\",\"https:\/\/www.linkedin.com\/company\/digiduck-gmbh\",\"https:\/\/www.xing.com\/pages\/digiduck-gmbh\"]}]}<\/script>\n<!-- \/ Yoast SEO plugin. -->","yoast_head_json":{"title":"FAQ","description":"QUESTIONS ET R\u00c9PONSES AUTOUR DE DIGIDUCK Vous trouverez ici les questions les plus fr\u00e9quemment pos\u00e9es et leurs r\u00e9ponses. Aide &amp; FAQ VOUS AVEZ ENCORE DES QUESTIONS ? Alors \u00e9crivez-nous ce que nous pouvons faire pour vous aider. [dd-button-link href=\"\/faq\/\" text=\"Vers la FAQs\" class=\"btn-white-full\"]","robots":{"index":"index","follow":"follow","max-snippet":"max-snippet:-1","max-image-preview":"max-image-preview:large","max-video-preview":"max-video-preview:-1"},"canonical":"QUESTIONS ET R\u00c9PONSES AUTOUR DE DIGIDUCK Vous trouverez ici les questions les plus fr\u00e9quemment pos\u00e9es et leurs r\u00e9ponses. Aide &amp; FAQ VOUS AVEZ ENCORE DES QUESTIONS ? Alors \u00e9crivez-nous ce que nous pouvons faire pour vous aider. [dd-button-link href=\"\/faq\/\" text=\"Vers la FAQs\" class=\"btn-white-full\"]","og_locale":"fr_FR","og_type":"article","og_title":"FAQ","og_description":"QUESTIONS ET R\u00c9PONSES AUTOUR DE DIGIDUCK Vous trouverez ici les questions les plus fr\u00e9quemment pos\u00e9es et leurs r\u00e9ponses. Aide &amp; FAQ VOUS AVEZ ENCORE DES QUESTIONS ? Alors \u00e9crivez-nous ce que nous pouvons faire pour vous aider. [dd-button-link href=\"\/faq\/\" text=\"Vers la FAQs\" class=\"btn-white-full\"]","og_url":"https:\/\/www.digi-duck.com\/fr\/faq\/","og_site_name":"DigiDuck","article_publisher":"https:\/\/www.facebook.com\/profile.php?id=61558494354505","article_modified_time":"2023-01-18T17:07:43+00:00","twitter_card":"summary_large_image","twitter_misc":{"Dur\u00e9e de lecture estim\u00e9e":"1 minute"},"schema":{"@context":"https:\/\/schema.org","@graph":[{"@type":"WebPage","@id":"https:\/\/www.digi-duck.com\/fr\/faq\/","url":"https:\/\/www.digi-duck.com\/fr\/faq\/","name":"FAQ - DigiDuck","isPartOf":{"@id":"https:\/\/www.digi-duck.com\/#website"},"datePublished":"2022-07-06T17:51:16+00:00","dateModified":"2023-01-18T17:07:43+00:00","breadcrumb":{"@id":"https:\/\/www.digi-duck.com\/fr\/faq\/#breadcrumb"},"inLanguage":"fr-FR","potentialAction":[{"@type":"ReadAction","target":["https:\/\/www.digi-duck.com\/fr\/faq\/"]}]},{"@type":"BreadcrumbList","@id":"https:\/\/www.digi-duck.com\/fr\/faq\/#breadcrumb","itemListElement":[{"@type":"ListItem","position":1,"name":"Page d'accueil","item":"https:\/\/www.digi-duck.com\/"},{"@type":"ListItem","position":2,"name":"FAQ"}]},{"@type":"WebSite","@id":"https:\/\/www.digi-duck.com\/fr\/#website","url":"https:\/\/www.digi-duck.com\/fr\/","name":"DigiDuck","description":"Ihr digitaler Qualifikationspartner","publisher":{"@id":"https:\/\/www.digi-duck.com\/fr\/#organization"},"potentialAction":[{"@type":"SearchAction","target":{"@type":"EntryPoint","urlTemplate":"https:\/\/www.digi-duck.com\/fr\/?s={search_term_string}"},"query-input":{"@type":"PropertyValueSpecification","valueRequired":true,"valueName":"search_term_string"}}],"inLanguage":"fr-FR"},{"@type":"Organization","@id":"https:\/\/www.digi-duck.com\/fr\/#organization","name":"DigiDuck GmbH","url":"https:\/\/www.digi-duck.com\/fr\/","logo":{"@type":"ImageObject","inLanguage":"fr-FR","@id":"https:\/\/www.digi-duck.com\/fr\/#\/schema\/logo\/image\/","url":"https:\/\/www.digi-duck.com\/wp-content\/uploads\/2024\/08\/DigiDuck_Logo_App_Colored.png","contentUrl":"https:\/\/www.digi-duck.com\/wp-content\/uploads\/2024\/08\/DigiDuck_Logo_App_Colored.png","width":2000,"height":2000,"caption":"DigiDuck GmbH"},"image":{"@id":"https:\/\/www.digi-duck.com\/fr\/#\/schema\/logo\/image\/"},"sameAs":["https:\/\/www.facebook.com\/profile.php?id=61558494354505","https:\/\/www.linkedin.com\/company\/digiduck-gmbh","https:\/\/www.xing.com\/pages\/digiduck-gmbh"]}]}},"post_mailing_queue_ids":[],"_links":{"self":[{"href":"https:\/\/www.digi-duck.com\/fr\/wp-json\/wp\/v2\/pages\/15","targetHints":{"allow":["GET"]}}],"collection":[{"href":"https:\/\/www.digi-duck.com\/fr\/wp-json\/wp\/v2\/pages"}],"about":[{"href":"https:\/\/www.digi-duck.com\/fr\/wp-json\/wp\/v2\/types\/page"}],"author":[{"embeddable":true,"href":"https:\/\/www.digi-duck.com\/fr\/wp-json\/wp\/v2\/users\/4"}],"replies":[{"embeddable":true,"href":"https:\/\/www.digi-duck.com\/fr\/wp-json\/wp\/v2\/comments?post=15"}],"version-history":[{"count":3,"href":"https:\/\/www.digi-duck.com\/fr\/wp-json\/wp\/v2\/pages\/15\/revisions"}],"predecessor-version":[{"id":629,"href":"https:\/\/www.digi-duck.com\/fr\/wp-json\/wp\/v2\/pages\/15\/revisions\/629"}],"wp:attachment":[{"href":"https:\/\/www.digi-duck.com\/fr\/wp-json\/wp\/v2\/media?parent=15"}],"curies":[{"name":"wp","href":"https:\/\/api.w.org\/{rel}","templated":true}]}}