{"id":34,"date":"2022-07-22T09:23:22","date_gmt":"2022-07-22T07:23:22","guid":{"rendered":"https:\/\/www.digi-duck.com\/?page_id=34"},"modified":"2024-01-24T08:47:14","modified_gmt":"2024-01-24T07:47:14","slug":"partnerprogramm","status":"publish","type":"page","link":"https:\/\/www.digi-duck.com\/fr\/partnerprogramm\/","title":{"rendered":"Programme de partenariat"},"content":{"rendered":"<p>CHANGEZ LE MONDE DU TRANSFERT DE CONNAISSANCES AVEC NOUS. DEVENEZ DISTRIBUTEUR DE DIGIDUCK SUR <br \/>!<\/p>\n<hr class=\"wp-block-separator has-alpha-channel-opacity\">\n<p>Les syst\u00e8mes de gestion de l&rsquo;apprentissage et de l&rsquo;information sont des facteurs importants pour la formation des collaborateurs ainsi que pour la protection juridique des entreprises en ce qui concerne leurs obligations l\u00e9gales de formation. Devenez d\u00e8s maintenant partenaire de distribution de DigiDuck et aidez vos clients \u00e0 entrer dans un nouveau monde num\u00e9rique.<\/p>\n<hr class=\"wp-block-separator has-alpha-channel-opacity\">\n<p>Quels partenaires recherchons-nous ?<\/p>\n<hr class=\"wp-block-separator has-alpha-channel-opacity\">\n<p>Que vous soyez un conseiller d&rsquo;entreprise, un courtier en assurance, une maison d&rsquo;\u00e9dition sp\u00e9cialis\u00e9e dans les m\u00e9dias, une association professionnelle, un repr\u00e9sentant commercial ind\u00e9pendant, un networker ou tout simplement un initi\u00e9 exp\u00e9riment\u00e9 de la branche sur le chemin de l&rsquo;ind\u00e9pendance &#8211; vous nous correspondez si vous reconnaissez les chances et les possibilit\u00e9s pour vos contacts d&rsquo;entreprise que vous offre DigiDuck.<\/p>\n<hr class=\"wp-block-separator has-alpha-channel-opacity\">\n<p>Quels sont vos avantages ?<\/p>\n<hr class=\"wp-block-separator has-alpha-channel-opacity\">\n<p>Misez sur l&rsquo;innovation avec DigiDuck et \u00e9largissez votre portefeuille avec nos produits. En outre, vous pouvez placer vos propres services et profiter en plus d&rsquo;une participation int\u00e9ressante et durable au chiffre d&rsquo;affaires. Tout au long de votre vie et m\u00eame au-del\u00e0. <\/p>\n<hr class=\"wp-block-separator has-alpha-channel-opacity\">\n<p>Pr\u00e9sentez-vous bri\u00e8vement et nous prendrons contact avec vous<\/p>\n","protected":false},"excerpt":{"rendered":"<p>CHANGEZ LE MONDE DU TRANSFERT DE CONNAISSANCES AVEC NOUS. DEVENEZ DISTRIBUTEUR DE DIGIDUCK SUR ! Les syst\u00e8mes de gestion de l&rsquo;apprentissage et de l&rsquo;information sont des facteurs importants pour la formation des collaborateurs ainsi que pour la protection juridique des entreprises en ce qui concerne leurs obligations l\u00e9gales de formation. Devenez d\u00e8s maintenant partenaire de [&hellip;]<\/p>\n","protected":false},"author":4,"featured_media":0,"parent":0,"menu_order":0,"comment_status":"closed","ping_status":"closed","template":"","meta":{"_acf_changed":false,"footnotes":""},"class_list":["post-34","page","type-page","status-publish","hentry"],"acf":[],"yoast_head":"<!-- This site is optimized with the Yoast SEO plugin v27.1.1 - https:\/\/yoast.com\/product\/yoast-seo-wordpress\/ -->\n<title>Programme de partenariat<\/title>\n<meta name=\"description\" content=\"CHANGEZ LE MONDE DU TRANSFERT DE CONNAISSANCES AVEC NOUS. DEVENEZ DISTRIBUTEUR DE DIGIDUCK SUR ! Les syst\u00e8mes de gestion de l&#039;apprentissage et de l&#039;information sont des facteurs importants pour la formation des collaborateurs ainsi que pour la protection juridique des entreprises en ce qui concerne leurs obligations l\u00e9gales de formation. Devenez d\u00e8s maintenant partenaire de\u2026\" \/>\n<meta name=\"robots\" content=\"index, follow, max-snippet:-1, max-image-preview:large, max-video-preview:-1\" \/>\n<link rel=\"canonical\" href=\"http:\/\/CHANGEZ%20LE%20MONDE%20DU%20TRANSFERT%20DE%20CONNAISSANCES%20AVEC%20NOUS.%20DEVENEZ%20DISTRIBUTEUR%20DE%20DIGIDUCK%20SUR%20!%20Les%20syst\u00e8mes%20de%20gestion%20de%20l'apprentissage%20et%20de%20l'information%20sont%20des%20facteurs%20importants%20pour%20la%20formation%20des%20collaborateurs%20ainsi%20que%20pour%20la%20protection%20juridique%20des%20entreprises%20en%20ce%20qui%20concerne%20leurs%20obligations%20l\u00e9gales%20de%20formation.%20Devenez%20d\u00e8s%20maintenant%20partenaire%20de\u2026\" \/>\n<meta property=\"og:locale\" content=\"fr_FR\" \/>\n<meta property=\"og:type\" content=\"article\" \/>\n<meta property=\"og:title\" content=\"Programme de partenariat\" \/>\n<meta property=\"og:description\" content=\"CHANGEZ LE MONDE DU TRANSFERT DE CONNAISSANCES AVEC NOUS. DEVENEZ DISTRIBUTEUR DE DIGIDUCK SUR ! Les syst\u00e8mes de gestion de l&#039;apprentissage et de l&#039;information sont des facteurs importants pour la formation des collaborateurs ainsi que pour la protection juridique des entreprises en ce qui concerne leurs obligations l\u00e9gales de formation. Devenez d\u00e8s maintenant partenaire de\u2026\" \/>\n<meta property=\"og:url\" content=\"https:\/\/www.digi-duck.com\/fr\/partnerprogramm\/\" \/>\n<meta property=\"og:site_name\" content=\"DigiDuck\" \/>\n<meta property=\"article:publisher\" content=\"https:\/\/www.facebook.com\/profile.php?id=61558494354505\" \/>\n<meta property=\"article:modified_time\" content=\"2024-01-24T07:47:14+00:00\" \/>\n<meta name=\"twitter:card\" content=\"summary_large_image\" \/>\n<meta name=\"twitter:label1\" content=\"Dur\u00e9e de lecture estim\u00e9e\" \/>\n\t<meta name=\"twitter:data1\" content=\"2 minutes\" \/>\n<script type=\"application\/ld+json\" class=\"yoast-schema-graph\">{\"@context\":\"https:\/\/schema.org\",\"@graph\":[{\"@type\":\"WebPage\",\"@id\":\"https:\/\/www.digi-duck.com\/fr\/partnerprogramm\/\",\"url\":\"https:\/\/www.digi-duck.com\/fr\/partnerprogramm\/\",\"name\":\"Vertriebspartner f\u00fcr DigiDuck Partnerprogramm werden\",\"isPartOf\":{\"@id\":\"https:\/\/www.digi-duck.com\/#website\"},\"datePublished\":\"2022-07-22T07:23:22+00:00\",\"dateModified\":\"2024-01-24T07:47:14+00:00\",\"breadcrumb\":{\"@id\":\"https:\/\/www.digi-duck.com\/fr\/partnerprogramm\/#breadcrumb\"},\"inLanguage\":\"fr-FR\",\"potentialAction\":[{\"@type\":\"ReadAction\",\"target\":[\"https:\/\/www.digi-duck.com\/fr\/partnerprogramm\/\"]}]},{\"@type\":\"BreadcrumbList\",\"@id\":\"https:\/\/www.digi-duck.com\/fr\/partnerprogramm\/#breadcrumb\",\"itemListElement\":[{\"@type\":\"ListItem\",\"position\":1,\"name\":\"Page d'accueil\",\"item\":\"https:\/\/www.digi-duck.com\/\"},{\"@type\":\"ListItem\",\"position\":2,\"name\":\"Programme de partenariat\"}]},{\"@type\":\"WebSite\",\"@id\":\"https:\/\/www.digi-duck.com\/fr\/#website\",\"url\":\"https:\/\/www.digi-duck.com\/fr\/\",\"name\":\"DigiDuck\",\"description\":\"Ihr digitaler Qualifikationspartner\",\"publisher\":{\"@id\":\"https:\/\/www.digi-duck.com\/fr\/#organization\"},\"potentialAction\":[{\"@type\":\"SearchAction\",\"target\":{\"@type\":\"EntryPoint\",\"urlTemplate\":\"https:\/\/www.digi-duck.com\/fr\/?s={search_term_string}\"},\"query-input\":{\"@type\":\"PropertyValueSpecification\",\"valueRequired\":true,\"valueName\":\"search_term_string\"}}],\"inLanguage\":\"fr-FR\"},{\"@type\":\"Organization\",\"@id\":\"https:\/\/www.digi-duck.com\/fr\/#organization\",\"name\":\"DigiDuck GmbH\",\"url\":\"https:\/\/www.digi-duck.com\/fr\/\",\"logo\":{\"@type\":\"ImageObject\",\"inLanguage\":\"fr-FR\",\"@id\":\"https:\/\/www.digi-duck.com\/fr\/#\/schema\/logo\/image\/\",\"url\":\"https:\/\/www.digi-duck.com\/wp-content\/uploads\/2024\/08\/DigiDuck_Logo_App_Colored.png\",\"contentUrl\":\"https:\/\/www.digi-duck.com\/wp-content\/uploads\/2024\/08\/DigiDuck_Logo_App_Colored.png\",\"width\":2000,\"height\":2000,\"caption\":\"DigiDuck GmbH\"},\"image\":{\"@id\":\"https:\/\/www.digi-duck.com\/fr\/#\/schema\/logo\/image\/\"},\"sameAs\":[\"https:\/\/www.facebook.com\/profile.php?id=61558494354505\",\"https:\/\/www.linkedin.com\/company\/digiduck-gmbh\",\"https:\/\/www.xing.com\/pages\/digiduck-gmbh\"]}]}<\/script>\n<!-- \/ Yoast SEO plugin. -->","yoast_head_json":{"title":"Programme de partenariat","description":"CHANGEZ LE MONDE DU TRANSFERT DE CONNAISSANCES AVEC NOUS. DEVENEZ DISTRIBUTEUR DE DIGIDUCK SUR ! Les syst\u00e8mes de gestion de l'apprentissage et de l'information sont des facteurs importants pour la formation des collaborateurs ainsi que pour la protection juridique des entreprises en ce qui concerne leurs obligations l\u00e9gales de formation. Devenez d\u00e8s maintenant partenaire de\u2026","robots":{"index":"index","follow":"follow","max-snippet":"max-snippet:-1","max-image-preview":"max-image-preview:large","max-video-preview":"max-video-preview:-1"},"canonical":"CHANGEZ LE MONDE DU TRANSFERT DE CONNAISSANCES AVEC NOUS. DEVENEZ DISTRIBUTEUR DE DIGIDUCK SUR ! Les syst\u00e8mes de gestion de l'apprentissage et de l'information sont des facteurs importants pour la formation des collaborateurs ainsi que pour la protection juridique des entreprises en ce qui concerne leurs obligations l\u00e9gales de formation. Devenez d\u00e8s maintenant partenaire de\u2026","og_locale":"fr_FR","og_type":"article","og_title":"Programme de partenariat","og_description":"CHANGEZ LE MONDE DU TRANSFERT DE CONNAISSANCES AVEC NOUS. DEVENEZ DISTRIBUTEUR DE DIGIDUCK SUR ! Les syst\u00e8mes de gestion de l'apprentissage et de l'information sont des facteurs importants pour la formation des collaborateurs ainsi que pour la protection juridique des entreprises en ce qui concerne leurs obligations l\u00e9gales de formation. Devenez d\u00e8s maintenant partenaire de\u2026","og_url":"https:\/\/www.digi-duck.com\/fr\/partnerprogramm\/","og_site_name":"DigiDuck","article_publisher":"https:\/\/www.facebook.com\/profile.php?id=61558494354505","article_modified_time":"2024-01-24T07:47:14+00:00","twitter_card":"summary_large_image","twitter_misc":{"Dur\u00e9e de lecture estim\u00e9e":"2 minutes"},"schema":{"@context":"https:\/\/schema.org","@graph":[{"@type":"WebPage","@id":"https:\/\/www.digi-duck.com\/fr\/partnerprogramm\/","url":"https:\/\/www.digi-duck.com\/fr\/partnerprogramm\/","name":"Vertriebspartner f\u00fcr DigiDuck Partnerprogramm werden","isPartOf":{"@id":"https:\/\/www.digi-duck.com\/#website"},"datePublished":"2022-07-22T07:23:22+00:00","dateModified":"2024-01-24T07:47:14+00:00","breadcrumb":{"@id":"https:\/\/www.digi-duck.com\/fr\/partnerprogramm\/#breadcrumb"},"inLanguage":"fr-FR","potentialAction":[{"@type":"ReadAction","target":["https:\/\/www.digi-duck.com\/fr\/partnerprogramm\/"]}]},{"@type":"BreadcrumbList","@id":"https:\/\/www.digi-duck.com\/fr\/partnerprogramm\/#breadcrumb","itemListElement":[{"@type":"ListItem","position":1,"name":"Page d'accueil","item":"https:\/\/www.digi-duck.com\/"},{"@type":"ListItem","position":2,"name":"Programme de partenariat"}]},{"@type":"WebSite","@id":"https:\/\/www.digi-duck.com\/fr\/#website","url":"https:\/\/www.digi-duck.com\/fr\/","name":"DigiDuck","description":"Ihr digitaler Qualifikationspartner","publisher":{"@id":"https:\/\/www.digi-duck.com\/fr\/#organization"},"potentialAction":[{"@type":"SearchAction","target":{"@type":"EntryPoint","urlTemplate":"https:\/\/www.digi-duck.com\/fr\/?s={search_term_string}"},"query-input":{"@type":"PropertyValueSpecification","valueRequired":true,"valueName":"search_term_string"}}],"inLanguage":"fr-FR"},{"@type":"Organization","@id":"https:\/\/www.digi-duck.com\/fr\/#organization","name":"DigiDuck GmbH","url":"https:\/\/www.digi-duck.com\/fr\/","logo":{"@type":"ImageObject","inLanguage":"fr-FR","@id":"https:\/\/www.digi-duck.com\/fr\/#\/schema\/logo\/image\/","url":"https:\/\/www.digi-duck.com\/wp-content\/uploads\/2024\/08\/DigiDuck_Logo_App_Colored.png","contentUrl":"https:\/\/www.digi-duck.com\/wp-content\/uploads\/2024\/08\/DigiDuck_Logo_App_Colored.png","width":2000,"height":2000,"caption":"DigiDuck GmbH"},"image":{"@id":"https:\/\/www.digi-duck.com\/fr\/#\/schema\/logo\/image\/"},"sameAs":["https:\/\/www.facebook.com\/profile.php?id=61558494354505","https:\/\/www.linkedin.com\/company\/digiduck-gmbh","https:\/\/www.xing.com\/pages\/digiduck-gmbh"]}]}},"post_mailing_queue_ids":[],"_links":{"self":[{"href":"https:\/\/www.digi-duck.com\/fr\/wp-json\/wp\/v2\/pages\/34","targetHints":{"allow":["GET"]}}],"collection":[{"href":"https:\/\/www.digi-duck.com\/fr\/wp-json\/wp\/v2\/pages"}],"about":[{"href":"https:\/\/www.digi-duck.com\/fr\/wp-json\/wp\/v2\/types\/page"}],"author":[{"embeddable":true,"href":"https:\/\/www.digi-duck.com\/fr\/wp-json\/wp\/v2\/users\/4"}],"replies":[{"embeddable":true,"href":"https:\/\/www.digi-duck.com\/fr\/wp-json\/wp\/v2\/comments?post=34"}],"version-history":[{"count":36,"href":"https:\/\/www.digi-duck.com\/fr\/wp-json\/wp\/v2\/pages\/34\/revisions"}],"predecessor-version":[{"id":871,"href":"https:\/\/www.digi-duck.com\/fr\/wp-json\/wp\/v2\/pages\/34\/revisions\/871"}],"wp:attachment":[{"href":"https:\/\/www.digi-duck.com\/fr\/wp-json\/wp\/v2\/media?parent=34"}],"curies":[{"name":"wp","href":"https:\/\/api.w.org\/{rel}","templated":true}]}}