{"id":42,"date":"2022-07-22T09:24:13","date_gmt":"2022-07-22T07:24:13","guid":{"rendered":"https:\/\/www.digi-duck.com\/?page_id=42"},"modified":"2023-01-28T11:49:01","modified_gmt":"2023-01-28T10:49:01","slug":"info-management-system","status":"publish","type":"page","link":"https:\/\/www.digi-duck.com\/fr\/info-management-system\/","title":{"rendered":"Syst\u00e8me de gestion des informations"},"content":{"rendered":"<p>LA TRANSMISSION DE DOCUMENTS AUX COLLABORATEURS N&rsquo;A JAMAIS \u00c9T\u00c9 AUSSI SIMPLE<\/p>\n<hr class=\"wp-block-separator has-alpha-channel-opacity\" \/>\n<p>Plus de deux tiers des employ\u00e9s travaillent dans des entrep\u00f4ts, des sites de production, sur le terrain ou dans des camions. Dans la logistique, la proportion d&#8217;employ\u00e9s qui ne sont pas assis devant un ordinateur est encore plus \u00e9lev\u00e9e. Ils n&rsquo;ont g\u00e9n\u00e9ralement pas d&rsquo;adresse e-mail d&rsquo;entreprise et sont donc difficilement joignables par les voies de communication habituelles. Pourtant, ils doivent eux aussi \u00eatre int\u00e9gr\u00e9s dans la gestion de l&rsquo;information de votre entreprise.<\/p>\n<p>Notre <strong>syst\u00e8me de gestion de l&rsquo;information<\/strong> vous permet d&rsquo;effectuer toute votre planification interne pour la transmission de documents et de les diffuser de mani\u00e8re cibl\u00e9e \u00e0 tous les d\u00e9partements et collaborateurs. L\u00e0 o\u00f9 ils se trouvent. Au bureau, \u00e0 domicile ou en d\u00e9placement. Jusqu&rsquo;\u00e0 pr\u00e9sent, vous deviez contr\u00f4ler et g\u00e9rer vos obligations d&rsquo;information de mani\u00e8re compliqu\u00e9e par le biais de diff\u00e9rents canaux. Vous n&rsquo;\u00e9tiez jamais s\u00fbr que tous les collaborateurs avaient vraiment trait\u00e9 les messages. Cela est d\u00e9sormais termin\u00e9. Gr\u00e2ce aux canaux mobiles, vous pouvez d\u00e9sormais atteindre tout le monde.<\/p>\n<hr class=\"wp-block-separator has-alpha-channel-opacity\" \/>\n<p>Bien entendu, toutes les informations ou tous les documents ne sont pas destin\u00e9s \u00e0 tous les collaborateurs. C&rsquo;est pourquoi nous vous offrons la possibilit\u00e9 de transmettre des documents individuels de mani\u00e8re tr\u00e8s cibl\u00e9e \u00e0 certains collaborateurs ou services dans notre plateforme.<\/p>\n<hr class=\"wp-block-separator has-alpha-channel-opacity\" \/>\n<p>En raison des nouvelles obligations l\u00e9gales, vous \u00eates tenu de garantir la transmission de diverses informations aux collaborateurs. Cela repr\u00e9sente une charge de travail suppl\u00e9mentaire pour vous. Et \u00e0 la moindre modification, vous devez \u00e0 nouveau les transmettre \u00e0 vos collaborateurs. C&rsquo;est le cas, par exemple, du paquet mobilit\u00e9 de l&rsquo;UE. Avec DigiDuck, vous ma\u00eetrisez parfaitement vos obligations et les r\u00e9duisez \u00e0 un minimum d&rsquo;efforts et de temps.<\/p>\n<hr class=\"wp-block-separator has-alpha-channel-opacity\" \/>\n<p>Utilisez \u00e9galement notre syst\u00e8me de gestion des informations pour votre communication interne. Par exemple, pour les communications d&rsquo;entreprise telles que les plans d&rsquo;\u00e9quipe et de maintenance, les instructions d&rsquo;exploitation, les manuels des collaborateurs et les informations internes de tout type. Vous pouvez ainsi savoir exactement quel collaborateur a re\u00e7u et ouvert quelle information. Et vous pouvez \u00eatre s\u00fbr que le message souhait\u00e9 a bien \u00e9t\u00e9 transmis \u00e0 son destinataire.<\/p>\n<hr class=\"wp-block-separator has-alpha-channel-opacity\" \/>\n<p>Notre plateforme documente exactement quand votre collaborateur a re\u00e7u et ouvert quel document. Vous avez ainsi la garantie de disposer d&rsquo;une preuve inviolable de quel collaborateur a re\u00e7u quel document de votre part et \u00e0 quel moment.<\/p>\n<hr class=\"wp-block-separator has-alpha-channel-opacity\" \/>\n<p>Dans les entreprises \u00e0 croissance rapide, la formation et l&rsquo;int\u00e9gration des nouveaux collaborateurs prennent souvent beaucoup de temps aux cadres. Souvent, le temps manque pour discuter en d\u00e9tail de toutes les informations importantes avec tous les nouveaux collaborateurs. Avec DigiDuck, vous d\u00e9finissez quelles informations sont importantes pour vos nouveaux collaborateurs et profitez ensuite de notre syst\u00e8me professionnel de gestion des informations que les nouveaux collaborateurs peuvent consulter de mani\u00e8re flexible et autonome. Les cadres peuvent \u00e0 nouveau se concentrer sur d&rsquo;autres t\u00e2ches importantes.<\/p>\n<hr class=\"wp-block-separator has-alpha-channel-opacity\" \/>\n<p>Testez DigiDuck d\u00e8s maintenant et touchez l&rsquo;ensemble de votre personnel. \u00c9conomisez du temps et des efforts !<\/p>\n<hr class=\"wp-block-separator has-alpha-channel-opacity\" \/>\n<a href=\"\/fr\/tester-gratuitement\/\" target=\"_self\" class=\"btn-white-full btn btn-primary\">Essayer DigiDuck gratuitement d\u00e8s maintenant<\/a>\n","protected":false},"excerpt":{"rendered":"<p>LA TRANSMISSION DE DOCUMENTS AUX COLLABORATEURS N&rsquo;A JAMAIS \u00c9T\u00c9 AUSSI SIMPLE Plus de deux tiers des employ\u00e9s travaillent dans des entrep\u00f4ts, des sites de production, sur le terrain ou dans des camions. Dans la logistique, la proportion d&#8217;employ\u00e9s qui ne sont pas assis devant un ordinateur est encore plus \u00e9lev\u00e9e. Ils n&rsquo;ont g\u00e9n\u00e9ralement pas d&rsquo;adresse [&hellip;]<\/p>\n","protected":false},"author":4,"featured_media":0,"parent":0,"menu_order":0,"comment_status":"closed","ping_status":"closed","template":"","meta":{"_acf_changed":false,"footnotes":""},"class_list":["post-42","page","type-page","status-publish","hentry"],"acf":[],"yoast_head":"<!-- This site is optimized with the Yoast SEO plugin v27.1.1 - https:\/\/yoast.com\/product\/yoast-seo-wordpress\/ -->\n<title>Syst\u00e8me de gestion des informations<\/title>\n<meta name=\"description\" content=\"LA TRANSMISSION DE DOCUMENTS AUX COLLABORATEURS N&#039;A JAMAIS \u00c9T\u00c9 AUSSI SIMPLE Plus de deux tiers des employ\u00e9s travaillent dans des entrep\u00f4ts, des sites de production, sur le terrain ou dans des camions. Dans la logistique, la proportion d&#039;employ\u00e9s qui ne sont pas assis devant un ordinateur est encore plus \u00e9lev\u00e9e. Ils n&#039;ont g\u00e9n\u00e9ralement pas d&#039;adresse\u2026\" \/>\n<meta name=\"robots\" content=\"index, follow, max-snippet:-1, max-image-preview:large, max-video-preview:-1\" \/>\n<link rel=\"canonical\" href=\"http:\/\/LA%20TRANSMISSION%20DE%20DOCUMENTS%20AUX%20COLLABORATEURS%20N'A%20JAMAIS%20\u00c9T\u00c9%20AUSSI%20SIMPLE%20Plus%20de%20deux%20tiers%20des%20employ\u00e9s%20travaillent%20dans%20des%20entrep\u00f4ts,%20des%20sites%20de%20production,%20sur%20le%20terrain%20ou%20dans%20des%20camions.%20Dans%20la%20logistique,%20la%20proportion%20d'employ\u00e9s%20qui%20ne%20sont%20pas%20assis%20devant%20un%20ordinateur%20est%20encore%20plus%20\u00e9lev\u00e9e.%20Ils%20n'ont%20g\u00e9n\u00e9ralement%20pas%20d'adresse\u2026\" \/>\n<meta property=\"og:locale\" content=\"fr_FR\" \/>\n<meta property=\"og:type\" content=\"article\" \/>\n<meta property=\"og:title\" content=\"Syst\u00e8me de gestion des informations\" \/>\n<meta property=\"og:description\" content=\"LA TRANSMISSION DE DOCUMENTS AUX COLLABORATEURS N&#039;A JAMAIS \u00c9T\u00c9 AUSSI SIMPLE Plus de deux tiers des employ\u00e9s travaillent dans des entrep\u00f4ts, des sites de production, sur le terrain ou dans des camions. Dans la logistique, la proportion d&#039;employ\u00e9s qui ne sont pas assis devant un ordinateur est encore plus \u00e9lev\u00e9e. Ils n&#039;ont g\u00e9n\u00e9ralement pas d&#039;adresse\u2026\" \/>\n<meta property=\"og:url\" content=\"https:\/\/www.digi-duck.com\/fr\/info-management-system\/\" \/>\n<meta property=\"og:site_name\" content=\"DigiDuck\" \/>\n<meta property=\"article:publisher\" content=\"https:\/\/www.facebook.com\/profile.php?id=61558494354505\" \/>\n<meta property=\"article:modified_time\" content=\"2023-01-28T10:49:01+00:00\" \/>\n<meta name=\"twitter:card\" content=\"summary_large_image\" \/>\n<meta name=\"twitter:label1\" content=\"Dur\u00e9e de lecture estim\u00e9e\" \/>\n\t<meta name=\"twitter:data1\" content=\"3 minutes\" \/>\n<script type=\"application\/ld+json\" class=\"yoast-schema-graph\">{\"@context\":\"https:\/\/schema.org\",\"@graph\":[{\"@type\":\"WebPage\",\"@id\":\"https:\/\/www.digi-duck.com\/fr\/info-management-system\/\",\"url\":\"https:\/\/www.digi-duck.com\/fr\/info-management-system\/\",\"name\":\"Info Management System - DigiDuck\",\"isPartOf\":{\"@id\":\"https:\/\/www.digi-duck.com\/#website\"},\"datePublished\":\"2022-07-22T07:24:13+00:00\",\"dateModified\":\"2023-01-28T10:49:01+00:00\",\"breadcrumb\":{\"@id\":\"https:\/\/www.digi-duck.com\/fr\/info-management-system\/#breadcrumb\"},\"inLanguage\":\"fr-FR\",\"potentialAction\":[{\"@type\":\"ReadAction\",\"target\":[\"https:\/\/www.digi-duck.com\/fr\/info-management-system\/\"]}]},{\"@type\":\"BreadcrumbList\",\"@id\":\"https:\/\/www.digi-duck.com\/fr\/info-management-system\/#breadcrumb\",\"itemListElement\":[{\"@type\":\"ListItem\",\"position\":1,\"name\":\"Page d'accueil\",\"item\":\"https:\/\/www.digi-duck.com\/\"},{\"@type\":\"ListItem\",\"position\":2,\"name\":\"Syst\u00e8me de gestion des informations\"}]},{\"@type\":\"WebSite\",\"@id\":\"https:\/\/www.digi-duck.com\/fr\/#website\",\"url\":\"https:\/\/www.digi-duck.com\/fr\/\",\"name\":\"DigiDuck\",\"description\":\"Ihr digitaler Qualifikationspartner\",\"publisher\":{\"@id\":\"https:\/\/www.digi-duck.com\/fr\/#organization\"},\"potentialAction\":[{\"@type\":\"SearchAction\",\"target\":{\"@type\":\"EntryPoint\",\"urlTemplate\":\"https:\/\/www.digi-duck.com\/fr\/?s={search_term_string}\"},\"query-input\":{\"@type\":\"PropertyValueSpecification\",\"valueRequired\":true,\"valueName\":\"search_term_string\"}}],\"inLanguage\":\"fr-FR\"},{\"@type\":\"Organization\",\"@id\":\"https:\/\/www.digi-duck.com\/fr\/#organization\",\"name\":\"DigiDuck GmbH\",\"url\":\"https:\/\/www.digi-duck.com\/fr\/\",\"logo\":{\"@type\":\"ImageObject\",\"inLanguage\":\"fr-FR\",\"@id\":\"https:\/\/www.digi-duck.com\/fr\/#\/schema\/logo\/image\/\",\"url\":\"https:\/\/www.digi-duck.com\/wp-content\/uploads\/2024\/08\/DigiDuck_Logo_App_Colored.png\",\"contentUrl\":\"https:\/\/www.digi-duck.com\/wp-content\/uploads\/2024\/08\/DigiDuck_Logo_App_Colored.png\",\"width\":2000,\"height\":2000,\"caption\":\"DigiDuck GmbH\"},\"image\":{\"@id\":\"https:\/\/www.digi-duck.com\/fr\/#\/schema\/logo\/image\/\"},\"sameAs\":[\"https:\/\/www.facebook.com\/profile.php?id=61558494354505\",\"https:\/\/www.linkedin.com\/company\/digiduck-gmbh\",\"https:\/\/www.xing.com\/pages\/digiduck-gmbh\"]}]}<\/script>\n<!-- \/ Yoast SEO plugin. -->","yoast_head_json":{"title":"Syst\u00e8me de gestion des informations","description":"LA TRANSMISSION DE DOCUMENTS AUX COLLABORATEURS N'A JAMAIS \u00c9T\u00c9 AUSSI SIMPLE Plus de deux tiers des employ\u00e9s travaillent dans des entrep\u00f4ts, des sites de production, sur le terrain ou dans des camions. Dans la logistique, la proportion d'employ\u00e9s qui ne sont pas assis devant un ordinateur est encore plus \u00e9lev\u00e9e. Ils n'ont g\u00e9n\u00e9ralement pas d'adresse\u2026","robots":{"index":"index","follow":"follow","max-snippet":"max-snippet:-1","max-image-preview":"max-image-preview:large","max-video-preview":"max-video-preview:-1"},"canonical":"LA TRANSMISSION DE DOCUMENTS AUX COLLABORATEURS N'A JAMAIS \u00c9T\u00c9 AUSSI SIMPLE Plus de deux tiers des employ\u00e9s travaillent dans des entrep\u00f4ts, des sites de production, sur le terrain ou dans des camions. Dans la logistique, la proportion d'employ\u00e9s qui ne sont pas assis devant un ordinateur est encore plus \u00e9lev\u00e9e. Ils n'ont g\u00e9n\u00e9ralement pas d'adresse\u2026","og_locale":"fr_FR","og_type":"article","og_title":"Syst\u00e8me de gestion des informations","og_description":"LA TRANSMISSION DE DOCUMENTS AUX COLLABORATEURS N'A JAMAIS \u00c9T\u00c9 AUSSI SIMPLE Plus de deux tiers des employ\u00e9s travaillent dans des entrep\u00f4ts, des sites de production, sur le terrain ou dans des camions. Dans la logistique, la proportion d'employ\u00e9s qui ne sont pas assis devant un ordinateur est encore plus \u00e9lev\u00e9e. Ils n'ont g\u00e9n\u00e9ralement pas d'adresse\u2026","og_url":"https:\/\/www.digi-duck.com\/fr\/info-management-system\/","og_site_name":"DigiDuck","article_publisher":"https:\/\/www.facebook.com\/profile.php?id=61558494354505","article_modified_time":"2023-01-28T10:49:01+00:00","twitter_card":"summary_large_image","twitter_misc":{"Dur\u00e9e de lecture estim\u00e9e":"3 minutes"},"schema":{"@context":"https:\/\/schema.org","@graph":[{"@type":"WebPage","@id":"https:\/\/www.digi-duck.com\/fr\/info-management-system\/","url":"https:\/\/www.digi-duck.com\/fr\/info-management-system\/","name":"Info Management System - DigiDuck","isPartOf":{"@id":"https:\/\/www.digi-duck.com\/#website"},"datePublished":"2022-07-22T07:24:13+00:00","dateModified":"2023-01-28T10:49:01+00:00","breadcrumb":{"@id":"https:\/\/www.digi-duck.com\/fr\/info-management-system\/#breadcrumb"},"inLanguage":"fr-FR","potentialAction":[{"@type":"ReadAction","target":["https:\/\/www.digi-duck.com\/fr\/info-management-system\/"]}]},{"@type":"BreadcrumbList","@id":"https:\/\/www.digi-duck.com\/fr\/info-management-system\/#breadcrumb","itemListElement":[{"@type":"ListItem","position":1,"name":"Page d'accueil","item":"https:\/\/www.digi-duck.com\/"},{"@type":"ListItem","position":2,"name":"Syst\u00e8me de gestion des informations"}]},{"@type":"WebSite","@id":"https:\/\/www.digi-duck.com\/fr\/#website","url":"https:\/\/www.digi-duck.com\/fr\/","name":"DigiDuck","description":"Ihr digitaler Qualifikationspartner","publisher":{"@id":"https:\/\/www.digi-duck.com\/fr\/#organization"},"potentialAction":[{"@type":"SearchAction","target":{"@type":"EntryPoint","urlTemplate":"https:\/\/www.digi-duck.com\/fr\/?s={search_term_string}"},"query-input":{"@type":"PropertyValueSpecification","valueRequired":true,"valueName":"search_term_string"}}],"inLanguage":"fr-FR"},{"@type":"Organization","@id":"https:\/\/www.digi-duck.com\/fr\/#organization","name":"DigiDuck GmbH","url":"https:\/\/www.digi-duck.com\/fr\/","logo":{"@type":"ImageObject","inLanguage":"fr-FR","@id":"https:\/\/www.digi-duck.com\/fr\/#\/schema\/logo\/image\/","url":"https:\/\/www.digi-duck.com\/wp-content\/uploads\/2024\/08\/DigiDuck_Logo_App_Colored.png","contentUrl":"https:\/\/www.digi-duck.com\/wp-content\/uploads\/2024\/08\/DigiDuck_Logo_App_Colored.png","width":2000,"height":2000,"caption":"DigiDuck GmbH"},"image":{"@id":"https:\/\/www.digi-duck.com\/fr\/#\/schema\/logo\/image\/"},"sameAs":["https:\/\/www.facebook.com\/profile.php?id=61558494354505","https:\/\/www.linkedin.com\/company\/digiduck-gmbh","https:\/\/www.xing.com\/pages\/digiduck-gmbh"]}]}},"post_mailing_queue_ids":[],"_links":{"self":[{"href":"https:\/\/www.digi-duck.com\/fr\/wp-json\/wp\/v2\/pages\/42","targetHints":{"allow":["GET"]}}],"collection":[{"href":"https:\/\/www.digi-duck.com\/fr\/wp-json\/wp\/v2\/pages"}],"about":[{"href":"https:\/\/www.digi-duck.com\/fr\/wp-json\/wp\/v2\/types\/page"}],"author":[{"embeddable":true,"href":"https:\/\/www.digi-duck.com\/fr\/wp-json\/wp\/v2\/users\/4"}],"replies":[{"embeddable":true,"href":"https:\/\/www.digi-duck.com\/fr\/wp-json\/wp\/v2\/comments?post=42"}],"version-history":[{"count":8,"href":"https:\/\/www.digi-duck.com\/fr\/wp-json\/wp\/v2\/pages\/42\/revisions"}],"predecessor-version":[{"id":641,"href":"https:\/\/www.digi-duck.com\/fr\/wp-json\/wp\/v2\/pages\/42\/revisions\/641"}],"wp:attachment":[{"href":"https:\/\/www.digi-duck.com\/fr\/wp-json\/wp\/v2\/media?parent=42"}],"curies":[{"name":"wp","href":"https:\/\/api.w.org\/{rel}","templated":true}]}}