{"id":422,"date":"2022-12-06T08:21:31","date_gmt":"2022-12-06T07:21:31","guid":{"rendered":"https:\/\/www.digi-duck.com\/?page_id=422"},"modified":"2023-07-07T11:50:44","modified_gmt":"2023-07-07T09:50:44","slug":"unterweisungspflichten","status":"publish","type":"page","link":"https:\/\/www.digi-duck.com\/fr\/obligations-de-instruction\/","title":{"rendered":"Des obligations d'instruction n\u00e9glig\u00e9es !"},"content":{"rendered":"<p>Des obligations d&rsquo;instruction n\u00e9glig\u00e9es !<\/p>\n<hr class=\"wp-block-separator has-alpha-channel-opacity\" \/>\n<p>Risque juridique pour les entrepreneurs et les directeurs et pourquoi DigiDuck peut vous en prot\u00e9ger !<\/p>\n<hr class=\"wp-block-separator has-alpha-channel-opacity\" \/>\n<p>Conform\u00e9ment \u00e0 l&rsquo;<strong><a href=\"https:\/\/www.gesetze-im-internet.de\/arbschg\/__12.html\" target=\"_blank\" rel=\"noreferrer noopener\">article 12 de la loi sur la protection du travail,<\/a> <\/strong>les entreprises sont tenues de former tous les employ\u00e9s (y compris les stagiaires, les apprentis, les employ\u00e9s de bureau, les magasiniers, les chauffeurs, etc.) <strong>avant le d\u00e9but de leur activit\u00e9 et<\/strong> <strong>au moins une fois par an<\/strong> sur les risques et les contraintes li\u00e9s au travail et sur la pr\u00e9vention des accidents du travail. Le <strong><a href=\"https:\/\/publikationen.dguv.de\/widgets\/pdf\/download\/article\/2909\" target=\"_blank\" rel=\"noreferrer noopener\">\u00a7 4 de la directive DGUV 1<\/a><\/strong> contient des dispositions plus pr\u00e9cises \u00e0 ce sujet. Il en va de m\u00eame pour les th\u00e8mes des <strong>premiers secours, de la protection contre l&rsquo;incendie<\/strong> et <strong>de la protection des donn\u00e9es<\/strong>. Ces formations peuvent \u00eatre dispens\u00e9es au sein de l&rsquo;entreprise ou par des prestataires de services externes appropri\u00e9s. L&rsquo;entreprise doit documenter la preuve de la r\u00e9ussite de la formation pour chaque collaborateur de mani\u00e8re \u00e0 ce qu&rsquo;elle puisse \u00eatre r\u00e9vis\u00e9e.<\/p>\n<p>Ce que beaucoup d&rsquo;entrepreneurs ne savent pas, c&rsquo;est que cette obligation s&rsquo;applique \u00e0 l&rsquo;entreprise \u00e0 partir d&rsquo;un seul employ\u00e9 ! Ceci est souvent confondu avec le \u00ab\u00a0suivi technique de s\u00e9curit\u00e9\u00a0\u00bb sous la forme de secouristes internes \u00e0 l&rsquo;entreprise ou de conseillers externes et de m\u00e9decins du travail. Ceux-ci ne s&rsquo;appliquent <strong>, en plus<\/strong> de la formation obligatoire, qu&rsquo;\u00e0 partir d&rsquo;un nombre minimum de salari\u00e9s. La prescription 2 de la DGUV r\u00e8gle plus pr\u00e9cis\u00e9ment ce point. Confondre ces deux \u00e9l\u00e9ments et ne pas effectuer de formation obligatoire est fatal, car l&#8217;employeur ne remplit pas son obligation l\u00e9gale !<\/p>\n<hr class=\"wp-block-separator has-alpha-channel-opacity\" \/>\n<p>Les entrepreneurs ou les directeurs qui ne respectent pas cette obligation risquent d&rsquo;<strong>\u00eatre tenus personnellement responsables juridiquement <\/strong>de cette omission en cas de dommage <strong>. <\/strong>Dans le cas le plus extr\u00eame, cela peut \u00eatre consid\u00e9r\u00e9 comme une blessure corporelle ou un homicide par omission. Ces cons\u00e9quences p\u00e9nales peuvent entra\u00eener non seulement <strong>des amendes ou des peines d&#8217;emprisonnement <\/strong>, mais aussi des <strong>interdictions professionnelles<\/strong>. On a tendance \u00e0 rejeter cette situation en disant \u00ab\u00a0on n&rsquo;en arrivera pas l\u00e0\u00a0\u00bb. Pourtant, l&rsquo;Allemagne enregistre chaque ann\u00e9e <strong>environ un million d&rsquo;accidents du travail \u00e0 d\u00e9claration obligatoire, dont environ 700 mortels<\/strong>. Les m\u00e9thodes d&rsquo;enqu\u00eate des autorit\u00e9s de surveillance de la s\u00e9curit\u00e9 et de la sant\u00e9 au travail et des parquets sont toujours les m\u00eames :<\/p>\n<ul>\n<li>L&rsquo;activit\u00e9\/le poste de travail o\u00f9 l&rsquo;accident s&rsquo;est produit a-t-il fait l&rsquo;objet d&rsquo;une \u00e9valuation des risques ?<\/li>\n<li>Quand la personne accident\u00e9e a-t-elle \u00e9t\u00e9 form\u00e9e pour la derni\u00e8re fois et o\u00f9 se trouve la preuve de cette formation ?<\/li>\n<li>Des instructions appropri\u00e9es ont-elles \u00e9t\u00e9 donn\u00e9es \u00e0 cette personne ?<\/li>\n<\/ul>\n<hr class=\"wp-block-separator has-alpha-channel-opacity\" \/>\n<p>Il n&rsquo;est toutefois pas toujours n\u00e9cessaire d&rsquo;attendre un accident pour agir. En effet, <strong>une d\u00e9nonciation anonyme<\/strong> pour omission de la part d&rsquo;anciens employ\u00e9s, de comit\u00e9s d&rsquo;entreprise, de concurrents ou d&rsquo;autres personnes peut \u00e9galement entra\u00eener de graves probl\u00e8mes et une sanction pour le g\u00e9rant.<\/p>\n<p>Souvent, apr\u00e8s une sanction du g\u00e9rant, on ne tient pas compte du fait que seules les personnes fiables au sens l\u00e9gal du terme peuvent diriger une entreprise. Cela peut alors mettre toute l&rsquo;entreprise en difficult\u00e9, et pas seulement l&rsquo;entrepreneur \/ le g\u00e9rant en personne.<\/p>\n<hr class=\"wp-block-separator has-alpha-channel-opacity\" \/>\n<p>La t\u00e2che consiste maintenant pour l&rsquo;entrepreneur \u00e0 d\u00e9terminer et \u00e0 \u00e9valuer les dangers existants des activit\u00e9s. Les mesures qui d\u00e9coulent de l&rsquo;\u00e9valuation doivent \u00eatre transmises aux travailleurs par le biais de formations obligatoires, contr\u00f4l\u00e9es et leur bonne fin doit \u00eatre document\u00e9e.<\/p>\n<p>Dans un monde o\u00f9 le temps est devenu un bien tr\u00e8s pr\u00e9cieux, l&rsquo;organisation de formations en pr\u00e9sentiel est un sujet complexe et co\u00fbteux. Pensons par exemple aux restrictions pand\u00e9miques des r\u00e9unions dans une salle de formation. A cela s&rsquo;ajoutent \u00e9ventuellement des barri\u00e8res linguistiques, car les travailleurs doivent \u00eatre form\u00e9s dans une langue qu&rsquo;ils peuvent comprendre. De nos jours, il n&rsquo;est plus possible de supposer qu&rsquo;une formation en allemand atteigne tous les travailleurs. A cela s&rsquo;ajoutent les frais de salle et de repas pendant la formation en classe, ainsi que la formation compl\u00e9mentaire de tous les employ\u00e9s qui n&rsquo;\u00e9taient pas pr\u00e9sents.<\/p>\n<hr class=\"wp-block-separator has-alpha-channel-opacity\" \/>\n<p>Un outil d&rsquo;e-learning audiovisuel, multilingue et peu co\u00fbteux, avec des tests finaux, des certificats, ainsi qu&rsquo;une fonction de surveillance automatis\u00e9e des d\u00e9lais, des th\u00e8mes et de la garantie, est tout \u00e0 fait utile dans ce cas et garantit le management contre les fautes d&rsquo;organisation. \u00c9largi \u00e0 un outil d&rsquo;info management qui permet de transmettre aux collaborateurs les informations l\u00e9galement n\u00e9cessaires. Et ce, m\u00eame pour les collaborateurs via une application qui ne disposent pas d&rsquo;une adresse mail ou d&rsquo;un PC, mais d&rsquo;un t\u00e9l\u00e9phone portable. Pour finir, un contr\u00f4le professionnel dans lequel sont document\u00e9es les listes de participants, les attestations de formation et les preuves de la transmission des informations \u00e0 des fins de justification vis-\u00e0-vis des personnes charg\u00e9es de la surveillance de l&rsquo;association professionnelle ou de l&rsquo;autorit\u00e9 de protection du travail.<\/p>\n<p>C&rsquo;est exactement ce qu&rsquo;est DigiDuck. Nous l&rsquo;avons d\u00e9velopp\u00e9 pour vous, afin que vous puissiez vous concentrer sur vos t\u00e2ches professionnelles sans n\u00e9gliger vos obligations l\u00e9gales.<\/p>\n<hr class=\"wp-block-separator has-alpha-channel-opacity\" \/>\n<p>Contactez-nous et laissez-nous vous pr\u00e9senter DigiDuck gratuitement et sans engagement !<\/p>\n<hr class=\"wp-block-separator has-alpha-channel-opacity\" \/>\n<a href=\"\/fr\/tester-gratuitement\/\" target=\"_self\" class=\"btn-white-full btn btn-primary\">Essayer DigiDuck gratuitement maintenant<\/a>\n","protected":false},"excerpt":{"rendered":"<p>Des obligations d&rsquo;instruction n\u00e9glig\u00e9es ! Risque juridique pour les entrepreneurs et les directeurs et pourquoi DigiDuck peut vous en prot\u00e9ger ! Conform\u00e9ment \u00e0 l&rsquo;article 12 de la loi sur la protection du travail, les entreprises sont tenues de former tous les employ\u00e9s (y compris les stagiaires, les apprentis, les employ\u00e9s de bureau, les magasiniers, les [&hellip;]<\/p>\n","protected":false},"author":4,"featured_media":0,"parent":0,"menu_order":0,"comment_status":"closed","ping_status":"closed","template":"","meta":{"_acf_changed":false,"footnotes":""},"class_list":["post-422","page","type-page","status-publish","hentry"],"acf":[],"yoast_head":"<!-- This site is optimized with the Yoast SEO plugin v27.1.1 - https:\/\/yoast.com\/product\/yoast-seo-wordpress\/ -->\n<title>Des obligations d&#039;instruction n\u00e9glig\u00e9es !<\/title>\n<meta name=\"description\" content=\"Des obligations d&#039;instruction n\u00e9glig\u00e9es ! Risque juridique pour les entrepreneurs et les directeurs et pourquoi DigiDuck peut vous en prot\u00e9ger ! Conform\u00e9ment \u00e0 l&#039;article 12 de la loi sur la protection du travail, les entreprises sont tenues de former tous les employ\u00e9s (y compris les stagiaires, les apprentis, les employ\u00e9s de bureau, les magasiniers, les\u2026\" \/>\n<meta name=\"robots\" content=\"index, follow, max-snippet:-1, max-image-preview:large, max-video-preview:-1\" \/>\n<link rel=\"canonical\" href=\"http:\/\/Des%20obligations%20d'instruction%20n\u00e9glig\u00e9es%20!%20Risque%20juridique%20pour%20les%20entrepreneurs%20et%20les%20directeurs%20et%20pourquoi%20DigiDuck%20peut%20vous%20en%20prot\u00e9ger%20!%20Conform\u00e9ment%20\u00e0%20l'article%2012%20de%20la%20loi%20sur%20la%20protection%20du%20travail,%20les%20entreprises%20sont%20tenues%20de%20former%20tous%20les%20employ\u00e9s%20(y%20compris%20les%20stagiaires,%20les%20apprentis,%20les%20employ\u00e9s%20de%20bureau,%20les%20magasiniers,%20les\u2026\" \/>\n<meta property=\"og:locale\" content=\"fr_FR\" \/>\n<meta property=\"og:type\" content=\"article\" \/>\n<meta property=\"og:title\" content=\"Des obligations d&#039;instruction n\u00e9glig\u00e9es !\" \/>\n<meta property=\"og:description\" content=\"Des obligations d&#039;instruction n\u00e9glig\u00e9es ! Risque juridique pour les entrepreneurs et les directeurs et pourquoi DigiDuck peut vous en prot\u00e9ger ! Conform\u00e9ment \u00e0 l&#039;article 12 de la loi sur la protection du travail, les entreprises sont tenues de former tous les employ\u00e9s (y compris les stagiaires, les apprentis, les employ\u00e9s de bureau, les magasiniers, les\u2026\" \/>\n<meta property=\"og:url\" content=\"https:\/\/www.digi-duck.com\/fr\/obligations-de-instruction\/\" \/>\n<meta property=\"og:site_name\" content=\"DigiDuck\" \/>\n<meta property=\"article:publisher\" content=\"https:\/\/www.facebook.com\/profile.php?id=61558494354505\" \/>\n<meta property=\"article:modified_time\" content=\"2023-07-07T09:50:44+00:00\" \/>\n<meta name=\"twitter:card\" content=\"summary_large_image\" \/>\n<meta name=\"twitter:label1\" content=\"Dur\u00e9e de lecture estim\u00e9e\" \/>\n\t<meta name=\"twitter:data1\" content=\"4 minutes\" \/>\n<script type=\"application\/ld+json\" class=\"yoast-schema-graph\">{\"@context\":\"https:\/\/schema.org\",\"@graph\":[{\"@type\":\"WebPage\",\"@id\":\"https:\/\/www.digi-duck.com\/fr\/obligations-de-instruction\/\",\"url\":\"https:\/\/www.digi-duck.com\/fr\/obligations-de-instruction\/\",\"name\":\"Vernachl\u00e4ssigte Unterweisungspflichten & Pflichtunterweisungen!\",\"isPartOf\":{\"@id\":\"https:\/\/www.digi-duck.com\/#website\"},\"datePublished\":\"2022-12-06T07:21:31+00:00\",\"dateModified\":\"2023-07-07T09:50:44+00:00\",\"breadcrumb\":{\"@id\":\"https:\/\/www.digi-duck.com\/fr\/obligations-de-instruction\/#breadcrumb\"},\"inLanguage\":\"fr-FR\",\"potentialAction\":[{\"@type\":\"ReadAction\",\"target\":[\"https:\/\/www.digi-duck.com\/fr\/obligations-de-instruction\/\"]}]},{\"@type\":\"BreadcrumbList\",\"@id\":\"https:\/\/www.digi-duck.com\/fr\/obligations-de-instruction\/#breadcrumb\",\"itemListElement\":[{\"@type\":\"ListItem\",\"position\":1,\"name\":\"Page d'accueil\",\"item\":\"https:\/\/www.digi-duck.com\/\"},{\"@type\":\"ListItem\",\"position\":2,\"name\":\"Des obligations d'instruction n\u00e9glig\u00e9es !\"}]},{\"@type\":\"WebSite\",\"@id\":\"https:\/\/www.digi-duck.com\/fr\/#website\",\"url\":\"https:\/\/www.digi-duck.com\/fr\/\",\"name\":\"DigiDuck\",\"description\":\"Ihr digitaler Qualifikationspartner\",\"publisher\":{\"@id\":\"https:\/\/www.digi-duck.com\/fr\/#organization\"},\"potentialAction\":[{\"@type\":\"SearchAction\",\"target\":{\"@type\":\"EntryPoint\",\"urlTemplate\":\"https:\/\/www.digi-duck.com\/fr\/?s={search_term_string}\"},\"query-input\":{\"@type\":\"PropertyValueSpecification\",\"valueRequired\":true,\"valueName\":\"search_term_string\"}}],\"inLanguage\":\"fr-FR\"},{\"@type\":\"Organization\",\"@id\":\"https:\/\/www.digi-duck.com\/fr\/#organization\",\"name\":\"DigiDuck GmbH\",\"url\":\"https:\/\/www.digi-duck.com\/fr\/\",\"logo\":{\"@type\":\"ImageObject\",\"inLanguage\":\"fr-FR\",\"@id\":\"https:\/\/www.digi-duck.com\/fr\/#\/schema\/logo\/image\/\",\"url\":\"https:\/\/www.digi-duck.com\/wp-content\/uploads\/2024\/08\/DigiDuck_Logo_App_Colored.png\",\"contentUrl\":\"https:\/\/www.digi-duck.com\/wp-content\/uploads\/2024\/08\/DigiDuck_Logo_App_Colored.png\",\"width\":2000,\"height\":2000,\"caption\":\"DigiDuck GmbH\"},\"image\":{\"@id\":\"https:\/\/www.digi-duck.com\/fr\/#\/schema\/logo\/image\/\"},\"sameAs\":[\"https:\/\/www.facebook.com\/profile.php?id=61558494354505\",\"https:\/\/www.linkedin.com\/company\/digiduck-gmbh\",\"https:\/\/www.xing.com\/pages\/digiduck-gmbh\"]}]}<\/script>\n<!-- \/ Yoast SEO plugin. -->","yoast_head_json":{"title":"Des obligations d'instruction n\u00e9glig\u00e9es !","description":"Des obligations d'instruction n\u00e9glig\u00e9es ! Risque juridique pour les entrepreneurs et les directeurs et pourquoi DigiDuck peut vous en prot\u00e9ger ! Conform\u00e9ment \u00e0 l'article 12 de la loi sur la protection du travail, les entreprises sont tenues de former tous les employ\u00e9s (y compris les stagiaires, les apprentis, les employ\u00e9s de bureau, les magasiniers, les\u2026","robots":{"index":"index","follow":"follow","max-snippet":"max-snippet:-1","max-image-preview":"max-image-preview:large","max-video-preview":"max-video-preview:-1"},"canonical":"Des obligations d'instruction n\u00e9glig\u00e9es ! Risque juridique pour les entrepreneurs et les directeurs et pourquoi DigiDuck peut vous en prot\u00e9ger ! Conform\u00e9ment \u00e0 l'article 12 de la loi sur la protection du travail, les entreprises sont tenues de former tous les employ\u00e9s (y compris les stagiaires, les apprentis, les employ\u00e9s de bureau, les magasiniers, les\u2026","og_locale":"fr_FR","og_type":"article","og_title":"Des obligations d'instruction n\u00e9glig\u00e9es !","og_description":"Des obligations d'instruction n\u00e9glig\u00e9es ! Risque juridique pour les entrepreneurs et les directeurs et pourquoi DigiDuck peut vous en prot\u00e9ger ! Conform\u00e9ment \u00e0 l'article 12 de la loi sur la protection du travail, les entreprises sont tenues de former tous les employ\u00e9s (y compris les stagiaires, les apprentis, les employ\u00e9s de bureau, les magasiniers, les\u2026","og_url":"https:\/\/www.digi-duck.com\/fr\/obligations-de-instruction\/","og_site_name":"DigiDuck","article_publisher":"https:\/\/www.facebook.com\/profile.php?id=61558494354505","article_modified_time":"2023-07-07T09:50:44+00:00","twitter_card":"summary_large_image","twitter_misc":{"Dur\u00e9e de lecture estim\u00e9e":"4 minutes"},"schema":{"@context":"https:\/\/schema.org","@graph":[{"@type":"WebPage","@id":"https:\/\/www.digi-duck.com\/fr\/obligations-de-instruction\/","url":"https:\/\/www.digi-duck.com\/fr\/obligations-de-instruction\/","name":"Vernachl\u00e4ssigte Unterweisungspflichten & Pflichtunterweisungen!","isPartOf":{"@id":"https:\/\/www.digi-duck.com\/#website"},"datePublished":"2022-12-06T07:21:31+00:00","dateModified":"2023-07-07T09:50:44+00:00","breadcrumb":{"@id":"https:\/\/www.digi-duck.com\/fr\/obligations-de-instruction\/#breadcrumb"},"inLanguage":"fr-FR","potentialAction":[{"@type":"ReadAction","target":["https:\/\/www.digi-duck.com\/fr\/obligations-de-instruction\/"]}]},{"@type":"BreadcrumbList","@id":"https:\/\/www.digi-duck.com\/fr\/obligations-de-instruction\/#breadcrumb","itemListElement":[{"@type":"ListItem","position":1,"name":"Page d'accueil","item":"https:\/\/www.digi-duck.com\/"},{"@type":"ListItem","position":2,"name":"Des obligations d'instruction n\u00e9glig\u00e9es !"}]},{"@type":"WebSite","@id":"https:\/\/www.digi-duck.com\/fr\/#website","url":"https:\/\/www.digi-duck.com\/fr\/","name":"DigiDuck","description":"Ihr digitaler Qualifikationspartner","publisher":{"@id":"https:\/\/www.digi-duck.com\/fr\/#organization"},"potentialAction":[{"@type":"SearchAction","target":{"@type":"EntryPoint","urlTemplate":"https:\/\/www.digi-duck.com\/fr\/?s={search_term_string}"},"query-input":{"@type":"PropertyValueSpecification","valueRequired":true,"valueName":"search_term_string"}}],"inLanguage":"fr-FR"},{"@type":"Organization","@id":"https:\/\/www.digi-duck.com\/fr\/#organization","name":"DigiDuck GmbH","url":"https:\/\/www.digi-duck.com\/fr\/","logo":{"@type":"ImageObject","inLanguage":"fr-FR","@id":"https:\/\/www.digi-duck.com\/fr\/#\/schema\/logo\/image\/","url":"https:\/\/www.digi-duck.com\/wp-content\/uploads\/2024\/08\/DigiDuck_Logo_App_Colored.png","contentUrl":"https:\/\/www.digi-duck.com\/wp-content\/uploads\/2024\/08\/DigiDuck_Logo_App_Colored.png","width":2000,"height":2000,"caption":"DigiDuck GmbH"},"image":{"@id":"https:\/\/www.digi-duck.com\/fr\/#\/schema\/logo\/image\/"},"sameAs":["https:\/\/www.facebook.com\/profile.php?id=61558494354505","https:\/\/www.linkedin.com\/company\/digiduck-gmbh","https:\/\/www.xing.com\/pages\/digiduck-gmbh"]}]}},"post_mailing_queue_ids":[],"_links":{"self":[{"href":"https:\/\/www.digi-duck.com\/fr\/wp-json\/wp\/v2\/pages\/422","targetHints":{"allow":["GET"]}}],"collection":[{"href":"https:\/\/www.digi-duck.com\/fr\/wp-json\/wp\/v2\/pages"}],"about":[{"href":"https:\/\/www.digi-duck.com\/fr\/wp-json\/wp\/v2\/types\/page"}],"author":[{"embeddable":true,"href":"https:\/\/www.digi-duck.com\/fr\/wp-json\/wp\/v2\/users\/4"}],"replies":[{"embeddable":true,"href":"https:\/\/www.digi-duck.com\/fr\/wp-json\/wp\/v2\/comments?post=422"}],"version-history":[{"count":40,"href":"https:\/\/www.digi-duck.com\/fr\/wp-json\/wp\/v2\/pages\/422\/revisions"}],"predecessor-version":[{"id":837,"href":"https:\/\/www.digi-duck.com\/fr\/wp-json\/wp\/v2\/pages\/422\/revisions\/837"}],"wp:attachment":[{"href":"https:\/\/www.digi-duck.com\/fr\/wp-json\/wp\/v2\/media?parent=422"}],"curies":[{"name":"wp","href":"https:\/\/api.w.org\/{rel}","templated":true}]}}