{"id":44,"date":"2022-07-22T09:24:25","date_gmt":"2022-07-22T07:24:25","guid":{"rendered":"https:\/\/www.digi-duck.com\/?page_id=44"},"modified":"2022-09-10T17:45:33","modified_gmt":"2022-09-10T15:45:33","slug":"international","status":"publish","type":"page","link":"https:\/\/www.digi-duck.com\/fr\/international\/","title":{"rendered":"International"},"content":{"rendered":"<p>Changez le monde du transfert de connaissances avec nous.<br \/>Devenez un partenaire international de DigiDuck !<\/p>\n<hr class=\"wp-block-separator has-alpha-channel-opacity\">\n<p>Vous \u00eates actif dans le domaine de la formation en face \u00e0 face et de l&rsquo;enseignement en dehors de l&rsquo;Allemagne ? Vous souhaitez \u00e9tendre vos activit\u00e9s au domaine de la formation en ligne ? Parlez-en avec nous. Nous avons un mod\u00e8le de partenariat int\u00e9ressant pour les partenaires de coop\u00e9ration internationale.<\/p>\n<hr class=\"wp-block-separator has-alpha-channel-opacity\">\n<p>PR\u00c9SENTEZ-VOUS BRI\u00c8VEMENT ET NOUS ENTRERONS EN CONTACT AVEC VOUS<\/p>\n","protected":false},"excerpt":{"rendered":"<p>Changez le monde du transfert de connaissances avec nous.Devenez un partenaire international de DigiDuck ! Vous \u00eates actif dans le domaine de la formation en face \u00e0 face et de l&rsquo;enseignement en dehors de l&rsquo;Allemagne ? Vous souhaitez \u00e9tendre vos activit\u00e9s au domaine de la formation en ligne ? Parlez-en avec nous. Nous avons un [&hellip;]<\/p>\n","protected":false},"author":4,"featured_media":0,"parent":0,"menu_order":0,"comment_status":"closed","ping_status":"closed","template":"","meta":{"_acf_changed":false,"footnotes":""},"class_list":["post-44","page","type-page","status-publish","hentry"],"acf":[],"yoast_head":"<!-- This site is optimized with the Yoast SEO plugin v27.1.1 - https:\/\/yoast.com\/product\/yoast-seo-wordpress\/ -->\n<title>International<\/title>\n<meta name=\"description\" content=\"Changez le monde du transfert de connaissances avec nous.Devenez un partenaire international de DigiDuck ! Vous \u00eates actif dans le domaine de la formation en face \u00e0 face et de l&#039;enseignement en dehors de l&#039;Allemagne ? Vous souhaitez \u00e9tendre vos activit\u00e9s au domaine de la formation en ligne ? Parlez-en avec nous. Nous avons un\u2026\" \/>\n<meta name=\"robots\" content=\"index, follow, max-snippet:-1, max-image-preview:large, max-video-preview:-1\" \/>\n<link rel=\"canonical\" href=\"http:\/\/Changez%20le%20monde%20du%20transfert%20de%20connaissances%20avec%20nous.Devenez%20un%20partenaire%20international%20de%20DigiDuck%20!%20Vous%20\u00eates%20actif%20dans%20le%20domaine%20de%20la%20formation%20en%20face%20\u00e0%20face%20et%20de%20l'enseignement%20en%20dehors%20de%20l'Allemagne%20?%20Vous%20souhaitez%20\u00e9tendre%20vos%20activit\u00e9s%20au%20domaine%20de%20la%20formation%20en%20ligne%20?%20Parlez-en%20avec%20nous.%20Nous%20avons%20un\u2026\" \/>\n<meta property=\"og:locale\" content=\"fr_FR\" \/>\n<meta property=\"og:type\" content=\"article\" \/>\n<meta property=\"og:title\" content=\"International\" \/>\n<meta property=\"og:description\" content=\"Changez le monde du transfert de connaissances avec nous.Devenez un partenaire international de DigiDuck ! Vous \u00eates actif dans le domaine de la formation en face \u00e0 face et de l&#039;enseignement en dehors de l&#039;Allemagne ? Vous souhaitez \u00e9tendre vos activit\u00e9s au domaine de la formation en ligne ? Parlez-en avec nous. Nous avons un\u2026\" \/>\n<meta property=\"og:url\" content=\"https:\/\/www.digi-duck.com\/fr\/international\/\" \/>\n<meta property=\"og:site_name\" content=\"DigiDuck\" \/>\n<meta property=\"article:publisher\" content=\"https:\/\/www.facebook.com\/profile.php?id=61558494354505\" \/>\n<meta property=\"article:modified_time\" content=\"2022-09-10T15:45:33+00:00\" \/>\n<meta name=\"twitter:card\" content=\"summary_large_image\" \/>\n<script type=\"application\/ld+json\" class=\"yoast-schema-graph\">{\"@context\":\"https:\/\/schema.org\",\"@graph\":[{\"@type\":\"WebPage\",\"@id\":\"https:\/\/www.digi-duck.com\/fr\/international\/\",\"url\":\"https:\/\/www.digi-duck.com\/fr\/international\/\",\"name\":\"International - DigiDuck\",\"isPartOf\":{\"@id\":\"https:\/\/www.digi-duck.com\/#website\"},\"datePublished\":\"2022-07-22T07:24:25+00:00\",\"dateModified\":\"2022-09-10T15:45:33+00:00\",\"breadcrumb\":{\"@id\":\"https:\/\/www.digi-duck.com\/fr\/international\/#breadcrumb\"},\"inLanguage\":\"fr-FR\",\"potentialAction\":[{\"@type\":\"ReadAction\",\"target\":[\"https:\/\/www.digi-duck.com\/fr\/international\/\"]}]},{\"@type\":\"BreadcrumbList\",\"@id\":\"https:\/\/www.digi-duck.com\/fr\/international\/#breadcrumb\",\"itemListElement\":[{\"@type\":\"ListItem\",\"position\":1,\"name\":\"Page d'accueil\",\"item\":\"https:\/\/www.digi-duck.com\/\"},{\"@type\":\"ListItem\",\"position\":2,\"name\":\"International\"}]},{\"@type\":\"WebSite\",\"@id\":\"https:\/\/www.digi-duck.com\/fr\/#website\",\"url\":\"https:\/\/www.digi-duck.com\/fr\/\",\"name\":\"DigiDuck\",\"description\":\"Ihr digitaler Qualifikationspartner\",\"publisher\":{\"@id\":\"https:\/\/www.digi-duck.com\/fr\/#organization\"},\"potentialAction\":[{\"@type\":\"SearchAction\",\"target\":{\"@type\":\"EntryPoint\",\"urlTemplate\":\"https:\/\/www.digi-duck.com\/fr\/?s={search_term_string}\"},\"query-input\":{\"@type\":\"PropertyValueSpecification\",\"valueRequired\":true,\"valueName\":\"search_term_string\"}}],\"inLanguage\":\"fr-FR\"},{\"@type\":\"Organization\",\"@id\":\"https:\/\/www.digi-duck.com\/fr\/#organization\",\"name\":\"DigiDuck GmbH\",\"url\":\"https:\/\/www.digi-duck.com\/fr\/\",\"logo\":{\"@type\":\"ImageObject\",\"inLanguage\":\"fr-FR\",\"@id\":\"https:\/\/www.digi-duck.com\/fr\/#\/schema\/logo\/image\/\",\"url\":\"https:\/\/www.digi-duck.com\/wp-content\/uploads\/2024\/08\/DigiDuck_Logo_App_Colored.png\",\"contentUrl\":\"https:\/\/www.digi-duck.com\/wp-content\/uploads\/2024\/08\/DigiDuck_Logo_App_Colored.png\",\"width\":2000,\"height\":2000,\"caption\":\"DigiDuck GmbH\"},\"image\":{\"@id\":\"https:\/\/www.digi-duck.com\/fr\/#\/schema\/logo\/image\/\"},\"sameAs\":[\"https:\/\/www.facebook.com\/profile.php?id=61558494354505\",\"https:\/\/www.linkedin.com\/company\/digiduck-gmbh\",\"https:\/\/www.xing.com\/pages\/digiduck-gmbh\"]}]}<\/script>\n<!-- \/ Yoast SEO plugin. -->","yoast_head_json":{"title":"International","description":"Changez le monde du transfert de connaissances avec nous.Devenez un partenaire international de DigiDuck ! Vous \u00eates actif dans le domaine de la formation en face \u00e0 face et de l'enseignement en dehors de l'Allemagne ? Vous souhaitez \u00e9tendre vos activit\u00e9s au domaine de la formation en ligne ? Parlez-en avec nous. Nous avons un\u2026","robots":{"index":"index","follow":"follow","max-snippet":"max-snippet:-1","max-image-preview":"max-image-preview:large","max-video-preview":"max-video-preview:-1"},"canonical":"Changez le monde du transfert de connaissances avec nous.Devenez un partenaire international de DigiDuck ! Vous \u00eates actif dans le domaine de la formation en face \u00e0 face et de l'enseignement en dehors de l'Allemagne ? Vous souhaitez \u00e9tendre vos activit\u00e9s au domaine de la formation en ligne ? Parlez-en avec nous. Nous avons un\u2026","og_locale":"fr_FR","og_type":"article","og_title":"International","og_description":"Changez le monde du transfert de connaissances avec nous.Devenez un partenaire international de DigiDuck ! Vous \u00eates actif dans le domaine de la formation en face \u00e0 face et de l'enseignement en dehors de l'Allemagne ? Vous souhaitez \u00e9tendre vos activit\u00e9s au domaine de la formation en ligne ? Parlez-en avec nous. Nous avons un\u2026","og_url":"https:\/\/www.digi-duck.com\/fr\/international\/","og_site_name":"DigiDuck","article_publisher":"https:\/\/www.facebook.com\/profile.php?id=61558494354505","article_modified_time":"2022-09-10T15:45:33+00:00","twitter_card":"summary_large_image","schema":{"@context":"https:\/\/schema.org","@graph":[{"@type":"WebPage","@id":"https:\/\/www.digi-duck.com\/fr\/international\/","url":"https:\/\/www.digi-duck.com\/fr\/international\/","name":"International - DigiDuck","isPartOf":{"@id":"https:\/\/www.digi-duck.com\/#website"},"datePublished":"2022-07-22T07:24:25+00:00","dateModified":"2022-09-10T15:45:33+00:00","breadcrumb":{"@id":"https:\/\/www.digi-duck.com\/fr\/international\/#breadcrumb"},"inLanguage":"fr-FR","potentialAction":[{"@type":"ReadAction","target":["https:\/\/www.digi-duck.com\/fr\/international\/"]}]},{"@type":"BreadcrumbList","@id":"https:\/\/www.digi-duck.com\/fr\/international\/#breadcrumb","itemListElement":[{"@type":"ListItem","position":1,"name":"Page d'accueil","item":"https:\/\/www.digi-duck.com\/"},{"@type":"ListItem","position":2,"name":"International"}]},{"@type":"WebSite","@id":"https:\/\/www.digi-duck.com\/fr\/#website","url":"https:\/\/www.digi-duck.com\/fr\/","name":"DigiDuck","description":"Ihr digitaler Qualifikationspartner","publisher":{"@id":"https:\/\/www.digi-duck.com\/fr\/#organization"},"potentialAction":[{"@type":"SearchAction","target":{"@type":"EntryPoint","urlTemplate":"https:\/\/www.digi-duck.com\/fr\/?s={search_term_string}"},"query-input":{"@type":"PropertyValueSpecification","valueRequired":true,"valueName":"search_term_string"}}],"inLanguage":"fr-FR"},{"@type":"Organization","@id":"https:\/\/www.digi-duck.com\/fr\/#organization","name":"DigiDuck GmbH","url":"https:\/\/www.digi-duck.com\/fr\/","logo":{"@type":"ImageObject","inLanguage":"fr-FR","@id":"https:\/\/www.digi-duck.com\/fr\/#\/schema\/logo\/image\/","url":"https:\/\/www.digi-duck.com\/wp-content\/uploads\/2024\/08\/DigiDuck_Logo_App_Colored.png","contentUrl":"https:\/\/www.digi-duck.com\/wp-content\/uploads\/2024\/08\/DigiDuck_Logo_App_Colored.png","width":2000,"height":2000,"caption":"DigiDuck GmbH"},"image":{"@id":"https:\/\/www.digi-duck.com\/fr\/#\/schema\/logo\/image\/"},"sameAs":["https:\/\/www.facebook.com\/profile.php?id=61558494354505","https:\/\/www.linkedin.com\/company\/digiduck-gmbh","https:\/\/www.xing.com\/pages\/digiduck-gmbh"]}]}},"post_mailing_queue_ids":[],"_links":{"self":[{"href":"https:\/\/www.digi-duck.com\/fr\/wp-json\/wp\/v2\/pages\/44","targetHints":{"allow":["GET"]}}],"collection":[{"href":"https:\/\/www.digi-duck.com\/fr\/wp-json\/wp\/v2\/pages"}],"about":[{"href":"https:\/\/www.digi-duck.com\/fr\/wp-json\/wp\/v2\/types\/page"}],"author":[{"embeddable":true,"href":"https:\/\/www.digi-duck.com\/fr\/wp-json\/wp\/v2\/users\/4"}],"replies":[{"embeddable":true,"href":"https:\/\/www.digi-duck.com\/fr\/wp-json\/wp\/v2\/comments?post=44"}],"version-history":[{"count":3,"href":"https:\/\/www.digi-duck.com\/fr\/wp-json\/wp\/v2\/pages\/44\/revisions"}],"predecessor-version":[{"id":279,"href":"https:\/\/www.digi-duck.com\/fr\/wp-json\/wp\/v2\/pages\/44\/revisions\/279"}],"wp:attachment":[{"href":"https:\/\/www.digi-duck.com\/fr\/wp-json\/wp\/v2\/media?parent=44"}],"curies":[{"name":"wp","href":"https:\/\/api.w.org\/{rel}","templated":true}]}}