{"id":5,"date":"2022-07-06T17:49:08","date_gmt":"2022-07-06T17:49:08","guid":{"rendered":"https:\/\/www.digi-duck.com\/?page_id=5"},"modified":"2023-07-07T11:51:44","modified_gmt":"2023-07-07T09:51:44","slug":"warum-digiduck","status":"publish","type":"page","link":"https:\/\/www.digi-duck.com\/fr\/pourquoi-digiduck\/","title":{"rendered":"Pourquoi DigiDuck"},"content":{"rendered":"<p>POURQUOI DIGIDUCK ?<\/p>\n<hr class=\"wp-block-separator has-alpha-channel-opacity\" \/>\n<p>Une gestion efficace des connaissances g\u00e9n\u00e8re des r\u00e9sultats mesurables<\/p>\n<hr class=\"wp-block-separator has-alpha-channel-opacity\" \/>\n<p>Le capital le plus pr\u00e9cieux de votre entreprise, ce sont vos collaborateurs. Toutefois, ils ne peuvent donner la pleine mesure de leurs comp\u00e9tences et de leurs talents que s&rsquo;ils sont bien form\u00e9s et inform\u00e9s. Cela n&rsquo;est gu\u00e8re possible avec les canaux traditionnels. La communication actuelle, y compris dans le domaine du transfert de connaissances, est num\u00e9rique et \u00ab\u00a0Mobile First\u00a0\u00bb.<\/p>\n<hr class=\"wp-block-separator has-alpha-channel-opacity\" \/>\n<p><strong>Parce que vos collaborateurs sont au centre de nos pr\u00e9occupations<\/strong>!<\/p>\n<p>Avec le syst\u00e8me de gestion de l&rsquo;apprentissage et de l&rsquo;information de DigiDuck, vous offrez \u00e0 vos collaborateurs la meilleure forme possible pour \u00e9largir durablement leurs connaissances.<\/p>\n<hr class=\"wp-block-separator has-alpha-channel-opacity\" \/>\n<p><strong>Parce que vous ne payez que pour ce que vous utilisez r\u00e9ellement !<\/strong><\/p>\n<p>Pas de forfaits qui incluent des formations dont vous n&rsquo;avez pas besoin. Pas de frais de base \u00e9lev\u00e9s, pas d&rsquo;\u00e9chelles de prix irr\u00e9alistes. Vous ne payez que pour les fonctions de notre plateforme que vous voulez vraiment utiliser.<\/p>\n<hr class=\"wp-block-separator has-alpha-channel-opacity\" \/>\n<p><strong>Parce que m\u00eame vos collaborateurs mobiles sans adresse e-mail d&rsquo;entreprise peuvent \u00eatre int\u00e9gr\u00e9s !<\/strong><\/p>\n<p>Deux tiers des collaborateurs ne sont pas assis devant leur ordinateur. Dans la logistique, ce chiffre est encore plus \u00e9lev\u00e9. Mais comment les atteindre pour transmettre des informations et des documents importants ou organiser des formations ? Tous les collaborateurs ont aujourd&rsquo;hui leur propre smartphone. Gr\u00e2ce \u00e0 notre application DigiDuck, ils peuvent participer \u00e0 toutes les formations ou informations n\u00e9cessaires.<\/p>\n<hr class=\"wp-block-separator has-alpha-channel-opacity\" \/>\n<p><strong>Parce qu&rsquo;avec DigiDuck, vous remplissez deux t\u00e2ches importantes en m\u00eame temps !<\/strong><\/p>\n<p>DigiDuck est l&rsquo;un des rares fournisseurs \u00e0 vous proposer, en plus d&rsquo;un \u00ab\u00a0Learn Management System\u00a0\u00bb professionnel, un \u00ab\u00a0Info Management System\u00a0\u00bb afin de r\u00e9pondre \u00e0 vos besoins d&rsquo;information vis-\u00e0-vis de vos collaborateurs. Et nos fonctions et possibilit\u00e9s ne cessent de s&rsquo;\u00e9tendre.<\/p>\n<hr class=\"wp-block-separator has-alpha-channel-opacity\" \/>\n<p><strong>Parce que notre reporting professionnel vous donne toutes les possibilit\u00e9s d&rsquo;analyse et de s\u00e9curit\u00e9 !<\/strong><\/p>\n<p>En tant que manager de votre entreprise, vous avez besoin de s\u00e9curit\u00e9 juridique dans la gestion de vos collaborateurs. Nous vous proposons des \u00e9valuations en temps r\u00e9el qui vous permettent pr\u00e9cis\u00e9ment d&rsquo;atteindre cet objectif.<\/p>\n<hr class=\"wp-block-separator has-alpha-channel-opacity\" \/>\n<p><strong>Parce que, gr\u00e2ce \u00e0 notre exp\u00e9rience, notre plate-forme sera toujours \u00ab\u00a0\u00e0 la pointe de la technologie\u00a0\u00bb pour vous !<\/strong><\/p>\n<p>Nos sp\u00e9cialistes num\u00e9riques d\u00e9veloppent continuellement la plateforme gr\u00e2ce \u00e0 leur savoir-faire de longue date et vous assurent ainsi la meilleure fonctionnalit\u00e9 possible.<\/p>\n<hr class=\"wp-block-separator has-alpha-channel-opacity\" \/>\n<p><strong>Parce que la qualit\u00e9 de nos formations est toujours au plus haut niveau possible !<\/strong><\/p>\n<p>Nous aimons former les gens. Et ce depuis plus de 25 ans. Nous avons d\u00e9sormais num\u00e9ris\u00e9 pour vous le niveau \u00e9lev\u00e9 de nos formations.<\/p>\n<hr class=\"wp-block-separator has-alpha-channel-opacity\" \/>\n<a href=\"\/fr\/tester-gratuitement\/\" target=\"_self\" class=\" btn btn-primary\">Tester DigiDuck gratuitement d\u00e8s maintenant<\/a>\n","protected":false},"excerpt":{"rendered":"<p>POURQUOI DIGIDUCK ? Une gestion efficace des connaissances g\u00e9n\u00e8re des r\u00e9sultats mesurables Le capital le plus pr\u00e9cieux de votre entreprise, ce sont vos collaborateurs. Toutefois, ils ne peuvent donner la pleine mesure de leurs comp\u00e9tences et de leurs talents que s&rsquo;ils sont bien form\u00e9s et inform\u00e9s. Cela n&rsquo;est gu\u00e8re possible avec les canaux traditionnels. La [&hellip;]<\/p>\n","protected":false},"author":4,"featured_media":0,"parent":0,"menu_order":0,"comment_status":"closed","ping_status":"closed","template":"","meta":{"_acf_changed":false,"footnotes":""},"class_list":["post-5","page","type-page","status-publish","hentry"],"acf":[],"yoast_head":"<!-- This site is optimized with the Yoast SEO plugin v27.1.1 - https:\/\/yoast.com\/product\/yoast-seo-wordpress\/ -->\n<title>Pourquoi DigiDuck<\/title>\n<meta name=\"description\" content=\"POURQUOI DIGIDUCK ? Une gestion efficace des connaissances g\u00e9n\u00e8re des r\u00e9sultats mesurables Le capital le plus pr\u00e9cieux de votre entreprise, ce sont vos collaborateurs. Toutefois, ils ne peuvent donner la pleine mesure de leurs comp\u00e9tences et de leurs talents que s&#039;ils sont bien form\u00e9s et inform\u00e9s. Cela n&#039;est gu\u00e8re possible avec les canaux traditionnels. La\u2026\" \/>\n<meta name=\"robots\" content=\"index, follow, max-snippet:-1, max-image-preview:large, max-video-preview:-1\" \/>\n<link rel=\"canonical\" href=\"http:\/\/POURQUOI%20DIGIDUCK%20?%20Une%20gestion%20efficace%20des%20connaissances%20g\u00e9n\u00e8re%20des%20r\u00e9sultats%20mesurables%20Le%20capital%20le%20plus%20pr\u00e9cieux%20de%20votre%20entreprise,%20ce%20sont%20vos%20collaborateurs.%20Toutefois,%20ils%20ne%20peuvent%20donner%20la%20pleine%20mesure%20de%20leurs%20comp\u00e9tences%20et%20de%20leurs%20talents%20que%20s'ils%20sont%20bien%20form\u00e9s%20et%20inform\u00e9s.%20Cela%20n'est%20gu\u00e8re%20possible%20avec%20les%20canaux%20traditionnels.%20La\u2026\" \/>\n<meta property=\"og:locale\" content=\"fr_FR\" \/>\n<meta property=\"og:type\" content=\"article\" \/>\n<meta property=\"og:title\" content=\"Pourquoi DigiDuck\" \/>\n<meta property=\"og:description\" content=\"POURQUOI DIGIDUCK ? Une gestion efficace des connaissances g\u00e9n\u00e8re des r\u00e9sultats mesurables Le capital le plus pr\u00e9cieux de votre entreprise, ce sont vos collaborateurs. Toutefois, ils ne peuvent donner la pleine mesure de leurs comp\u00e9tences et de leurs talents que s&#039;ils sont bien form\u00e9s et inform\u00e9s. Cela n&#039;est gu\u00e8re possible avec les canaux traditionnels. La\u2026\" \/>\n<meta property=\"og:url\" content=\"https:\/\/www.digi-duck.com\/fr\/pourquoi-digiduck\/\" \/>\n<meta property=\"og:site_name\" content=\"DigiDuck\" \/>\n<meta property=\"article:publisher\" content=\"https:\/\/www.facebook.com\/profile.php?id=61558494354505\" \/>\n<meta property=\"article:modified_time\" content=\"2023-07-07T09:51:44+00:00\" \/>\n<meta name=\"twitter:card\" content=\"summary_large_image\" \/>\n<meta name=\"twitter:label1\" content=\"Dur\u00e9e de lecture estim\u00e9e\" \/>\n\t<meta name=\"twitter:data1\" content=\"2 minutes\" \/>\n<script type=\"application\/ld+json\" class=\"yoast-schema-graph\">{\"@context\":\"https:\/\/schema.org\",\"@graph\":[{\"@type\":\"WebPage\",\"@id\":\"https:\/\/www.digi-duck.com\/fr\/pourquoi-digiduck\/\",\"url\":\"https:\/\/www.digi-duck.com\/fr\/pourquoi-digiduck\/\",\"name\":\"Effektives Wissens-Management generiert messbare Ergebnisse\",\"isPartOf\":{\"@id\":\"https:\/\/www.digi-duck.com\/#website\"},\"datePublished\":\"2022-07-06T17:49:08+00:00\",\"dateModified\":\"2023-07-07T09:51:44+00:00\",\"breadcrumb\":{\"@id\":\"https:\/\/www.digi-duck.com\/fr\/pourquoi-digiduck\/#breadcrumb\"},\"inLanguage\":\"fr-FR\",\"potentialAction\":[{\"@type\":\"ReadAction\",\"target\":[\"https:\/\/www.digi-duck.com\/fr\/pourquoi-digiduck\/\"]}]},{\"@type\":\"BreadcrumbList\",\"@id\":\"https:\/\/www.digi-duck.com\/fr\/pourquoi-digiduck\/#breadcrumb\",\"itemListElement\":[{\"@type\":\"ListItem\",\"position\":1,\"name\":\"Page d'accueil\",\"item\":\"https:\/\/www.digi-duck.com\/\"},{\"@type\":\"ListItem\",\"position\":2,\"name\":\"Pourquoi DigiDuck\"}]},{\"@type\":\"WebSite\",\"@id\":\"https:\/\/www.digi-duck.com\/fr\/#website\",\"url\":\"https:\/\/www.digi-duck.com\/fr\/\",\"name\":\"DigiDuck\",\"description\":\"Ihr digitaler Qualifikationspartner\",\"publisher\":{\"@id\":\"https:\/\/www.digi-duck.com\/fr\/#organization\"},\"potentialAction\":[{\"@type\":\"SearchAction\",\"target\":{\"@type\":\"EntryPoint\",\"urlTemplate\":\"https:\/\/www.digi-duck.com\/fr\/?s={search_term_string}\"},\"query-input\":{\"@type\":\"PropertyValueSpecification\",\"valueRequired\":true,\"valueName\":\"search_term_string\"}}],\"inLanguage\":\"fr-FR\"},{\"@type\":\"Organization\",\"@id\":\"https:\/\/www.digi-duck.com\/fr\/#organization\",\"name\":\"DigiDuck GmbH\",\"url\":\"https:\/\/www.digi-duck.com\/fr\/\",\"logo\":{\"@type\":\"ImageObject\",\"inLanguage\":\"fr-FR\",\"@id\":\"https:\/\/www.digi-duck.com\/fr\/#\/schema\/logo\/image\/\",\"url\":\"https:\/\/www.digi-duck.com\/wp-content\/uploads\/2024\/08\/DigiDuck_Logo_App_Colored.png\",\"contentUrl\":\"https:\/\/www.digi-duck.com\/wp-content\/uploads\/2024\/08\/DigiDuck_Logo_App_Colored.png\",\"width\":2000,\"height\":2000,\"caption\":\"DigiDuck GmbH\"},\"image\":{\"@id\":\"https:\/\/www.digi-duck.com\/fr\/#\/schema\/logo\/image\/\"},\"sameAs\":[\"https:\/\/www.facebook.com\/profile.php?id=61558494354505\",\"https:\/\/www.linkedin.com\/company\/digiduck-gmbh\",\"https:\/\/www.xing.com\/pages\/digiduck-gmbh\"]}]}<\/script>\n<!-- \/ Yoast SEO plugin. -->","yoast_head_json":{"title":"Pourquoi DigiDuck","description":"POURQUOI DIGIDUCK ? Une gestion efficace des connaissances g\u00e9n\u00e8re des r\u00e9sultats mesurables Le capital le plus pr\u00e9cieux de votre entreprise, ce sont vos collaborateurs. Toutefois, ils ne peuvent donner la pleine mesure de leurs comp\u00e9tences et de leurs talents que s'ils sont bien form\u00e9s et inform\u00e9s. Cela n'est gu\u00e8re possible avec les canaux traditionnels. La\u2026","robots":{"index":"index","follow":"follow","max-snippet":"max-snippet:-1","max-image-preview":"max-image-preview:large","max-video-preview":"max-video-preview:-1"},"canonical":"POURQUOI DIGIDUCK ? Une gestion efficace des connaissances g\u00e9n\u00e8re des r\u00e9sultats mesurables Le capital le plus pr\u00e9cieux de votre entreprise, ce sont vos collaborateurs. Toutefois, ils ne peuvent donner la pleine mesure de leurs comp\u00e9tences et de leurs talents que s'ils sont bien form\u00e9s et inform\u00e9s. Cela n'est gu\u00e8re possible avec les canaux traditionnels. La\u2026","og_locale":"fr_FR","og_type":"article","og_title":"Pourquoi DigiDuck","og_description":"POURQUOI DIGIDUCK ? Une gestion efficace des connaissances g\u00e9n\u00e8re des r\u00e9sultats mesurables Le capital le plus pr\u00e9cieux de votre entreprise, ce sont vos collaborateurs. Toutefois, ils ne peuvent donner la pleine mesure de leurs comp\u00e9tences et de leurs talents que s'ils sont bien form\u00e9s et inform\u00e9s. Cela n'est gu\u00e8re possible avec les canaux traditionnels. La\u2026","og_url":"https:\/\/www.digi-duck.com\/fr\/pourquoi-digiduck\/","og_site_name":"DigiDuck","article_publisher":"https:\/\/www.facebook.com\/profile.php?id=61558494354505","article_modified_time":"2023-07-07T09:51:44+00:00","twitter_card":"summary_large_image","twitter_misc":{"Dur\u00e9e de lecture estim\u00e9e":"2 minutes"},"schema":{"@context":"https:\/\/schema.org","@graph":[{"@type":"WebPage","@id":"https:\/\/www.digi-duck.com\/fr\/pourquoi-digiduck\/","url":"https:\/\/www.digi-duck.com\/fr\/pourquoi-digiduck\/","name":"Effektives Wissens-Management generiert messbare Ergebnisse","isPartOf":{"@id":"https:\/\/www.digi-duck.com\/#website"},"datePublished":"2022-07-06T17:49:08+00:00","dateModified":"2023-07-07T09:51:44+00:00","breadcrumb":{"@id":"https:\/\/www.digi-duck.com\/fr\/pourquoi-digiduck\/#breadcrumb"},"inLanguage":"fr-FR","potentialAction":[{"@type":"ReadAction","target":["https:\/\/www.digi-duck.com\/fr\/pourquoi-digiduck\/"]}]},{"@type":"BreadcrumbList","@id":"https:\/\/www.digi-duck.com\/fr\/pourquoi-digiduck\/#breadcrumb","itemListElement":[{"@type":"ListItem","position":1,"name":"Page d'accueil","item":"https:\/\/www.digi-duck.com\/"},{"@type":"ListItem","position":2,"name":"Pourquoi DigiDuck"}]},{"@type":"WebSite","@id":"https:\/\/www.digi-duck.com\/fr\/#website","url":"https:\/\/www.digi-duck.com\/fr\/","name":"DigiDuck","description":"Ihr digitaler Qualifikationspartner","publisher":{"@id":"https:\/\/www.digi-duck.com\/fr\/#organization"},"potentialAction":[{"@type":"SearchAction","target":{"@type":"EntryPoint","urlTemplate":"https:\/\/www.digi-duck.com\/fr\/?s={search_term_string}"},"query-input":{"@type":"PropertyValueSpecification","valueRequired":true,"valueName":"search_term_string"}}],"inLanguage":"fr-FR"},{"@type":"Organization","@id":"https:\/\/www.digi-duck.com\/fr\/#organization","name":"DigiDuck GmbH","url":"https:\/\/www.digi-duck.com\/fr\/","logo":{"@type":"ImageObject","inLanguage":"fr-FR","@id":"https:\/\/www.digi-duck.com\/fr\/#\/schema\/logo\/image\/","url":"https:\/\/www.digi-duck.com\/wp-content\/uploads\/2024\/08\/DigiDuck_Logo_App_Colored.png","contentUrl":"https:\/\/www.digi-duck.com\/wp-content\/uploads\/2024\/08\/DigiDuck_Logo_App_Colored.png","width":2000,"height":2000,"caption":"DigiDuck GmbH"},"image":{"@id":"https:\/\/www.digi-duck.com\/fr\/#\/schema\/logo\/image\/"},"sameAs":["https:\/\/www.facebook.com\/profile.php?id=61558494354505","https:\/\/www.linkedin.com\/company\/digiduck-gmbh","https:\/\/www.xing.com\/pages\/digiduck-gmbh"]}]}},"post_mailing_queue_ids":[],"_links":{"self":[{"href":"https:\/\/www.digi-duck.com\/fr\/wp-json\/wp\/v2\/pages\/5","targetHints":{"allow":["GET"]}}],"collection":[{"href":"https:\/\/www.digi-duck.com\/fr\/wp-json\/wp\/v2\/pages"}],"about":[{"href":"https:\/\/www.digi-duck.com\/fr\/wp-json\/wp\/v2\/types\/page"}],"author":[{"embeddable":true,"href":"https:\/\/www.digi-duck.com\/fr\/wp-json\/wp\/v2\/users\/4"}],"replies":[{"embeddable":true,"href":"https:\/\/www.digi-duck.com\/fr\/wp-json\/wp\/v2\/comments?post=5"}],"version-history":[{"count":5,"href":"https:\/\/www.digi-duck.com\/fr\/wp-json\/wp\/v2\/pages\/5\/revisions"}],"predecessor-version":[{"id":675,"href":"https:\/\/www.digi-duck.com\/fr\/wp-json\/wp\/v2\/pages\/5\/revisions\/675"}],"wp:attachment":[{"href":"https:\/\/www.digi-duck.com\/fr\/wp-json\/wp\/v2\/media?parent=5"}],"curies":[{"name":"wp","href":"https:\/\/api.w.org\/{rel}","templated":true}]}}