{"id":57,"date":"2022-07-23T08:05:32","date_gmt":"2022-07-23T06:05:32","guid":{"rendered":"https:\/\/www.digi-duck.com\/?page_id=57"},"modified":"2023-07-07T11:53:13","modified_gmt":"2023-07-07T09:53:13","slug":"kfm-mitarbeiter","status":"publish","type":"page","link":"https:\/\/www.digi-duck.com\/fr\/employe-de-commerce\/","title":{"rendered":"Employ\u00e9 de commerce"},"content":{"rendered":"<p>POUR LE PERSONNEL COMMERCIAL<\/p>\n<hr class=\"wp-block-separator has-alpha-channel-opacity\" \/>\n<p>On pense souvent que seuls les collaborateurs des secteurs de la logistique, de l&rsquo;entreposage et de la production doivent recevoir les instructions juridiques, les formations et les informations obligatoires n\u00e9cessaires. Mais c&rsquo;est faux. Tous les collaborateurs d&rsquo;une entreprise sont concern\u00e9s, quelle que soit la taille de l&rsquo;entreprise. Si cela n&rsquo;est pas fait, cela peut avoir des cons\u00e9quences juridiques sensibles pour la direction et l&rsquo;entreprise.<\/p>\n<p>Enseignez-vous d\u00e9j\u00e0 \u00e0 vos collaborateurs, de mani\u00e8re conforme \u00e0 la r\u00e9vision, tous les domaines juridiquement importants comme l&rsquo;ergonomie pour les collaborateurs de bureau, la protection g\u00e9n\u00e9rale du travail, les premiers secours, etc \u00cates-vous conscient des risques que vous encourrez en tant que directeur en cas d&rsquo;omission ?<\/p>\n<p>Ce dont vous avez besoin, c&rsquo;est d&rsquo;un syst\u00e8me en ligne peu co\u00fbteux qui vous d\u00e9charge de ces obligations l\u00e9gales en garantissant la r\u00e9vision, qui forme vos collaborateurs de mani\u00e8re professionnelle \u00e0 tout moment et qui vous donne ainsi la garantie d&rsquo;avoir mis en \u0153uvre tout ce qui est juridiquement n\u00e9cessaire.<\/p>\n<hr class=\"wp-block-separator has-alpha-channel-opacity\" \/>\n<p>Profitez d\u00e8s maintenant de l&rsquo;occasion et testez DigiDuck. Touchez tous vos collaborateurs l\u00e0 o\u00f9 ils se trouvent.<\/p>\n<hr class=\"wp-block-separator has-alpha-channel-opacity\" \/>\n<a href=\"\/fr\/tester-gratuitement\/\" target=\"_self\" class=\"btn-white-full btn btn-primary\">Testez DigiDuck gratuitement d\u00e8s maintenant<\/a>\n","protected":false},"excerpt":{"rendered":"<p>POUR LE PERSONNEL COMMERCIAL On pense souvent que seuls les collaborateurs des secteurs de la logistique, de l&rsquo;entreposage et de la production doivent recevoir les instructions juridiques, les formations et les informations obligatoires n\u00e9cessaires. Mais c&rsquo;est faux. Tous les collaborateurs d&rsquo;une entreprise sont concern\u00e9s, quelle que soit la taille de l&rsquo;entreprise. Si cela n&rsquo;est pas [&hellip;]<\/p>\n","protected":false},"author":4,"featured_media":0,"parent":0,"menu_order":0,"comment_status":"closed","ping_status":"closed","template":"","meta":{"_acf_changed":false,"footnotes":""},"class_list":["post-57","page","type-page","status-publish","hentry"],"acf":[],"yoast_head":"<!-- This site is optimized with the Yoast SEO plugin v27.1.1 - https:\/\/yoast.com\/product\/yoast-seo-wordpress\/ -->\n<title>Employ\u00e9 de commerce<\/title>\n<meta name=\"description\" content=\"POUR LE PERSONNEL COMMERCIAL On pense souvent que seuls les collaborateurs des secteurs de la logistique, de l&#039;entreposage et de la production doivent recevoir les instructions juridiques, les formations et les informations obligatoires n\u00e9cessaires. Mais c&#039;est faux. Tous les collaborateurs d&#039;une entreprise sont concern\u00e9s, quelle que soit la taille de l&#039;entreprise. Si cela n&#039;est pas\u2026\" \/>\n<meta name=\"robots\" content=\"index, follow, max-snippet:-1, max-image-preview:large, max-video-preview:-1\" \/>\n<link rel=\"canonical\" href=\"http:\/\/POUR%20LE%20PERSONNEL%20COMMERCIAL%20On%20pense%20souvent%20que%20seuls%20les%20collaborateurs%20des%20secteurs%20de%20la%20logistique,%20de%20l'entreposage%20et%20de%20la%20production%20doivent%20recevoir%20les%20instructions%20juridiques,%20les%20formations%20et%20les%20informations%20obligatoires%20n\u00e9cessaires.%20Mais%20c'est%20faux.%20Tous%20les%20collaborateurs%20d'une%20entreprise%20sont%20concern\u00e9s,%20quelle%20que%20soit%20la%20taille%20de%20l'entreprise.%20Si%20cela%20n'est%20pas\u2026\" \/>\n<meta property=\"og:locale\" content=\"fr_FR\" \/>\n<meta property=\"og:type\" content=\"article\" \/>\n<meta property=\"og:title\" content=\"Employ\u00e9 de commerce\" \/>\n<meta property=\"og:description\" content=\"POUR LE PERSONNEL COMMERCIAL On pense souvent que seuls les collaborateurs des secteurs de la logistique, de l&#039;entreposage et de la production doivent recevoir les instructions juridiques, les formations et les informations obligatoires n\u00e9cessaires. Mais c&#039;est faux. Tous les collaborateurs d&#039;une entreprise sont concern\u00e9s, quelle que soit la taille de l&#039;entreprise. Si cela n&#039;est pas\u2026\" \/>\n<meta property=\"og:url\" content=\"https:\/\/www.digi-duck.com\/fr\/employe-de-commerce\/\" \/>\n<meta property=\"og:site_name\" content=\"DigiDuck\" \/>\n<meta property=\"article:publisher\" content=\"https:\/\/www.facebook.com\/profile.php?id=61558494354505\" \/>\n<meta property=\"article:modified_time\" content=\"2023-07-07T09:53:13+00:00\" \/>\n<meta name=\"twitter:card\" content=\"summary_large_image\" \/>\n<meta name=\"twitter:label1\" content=\"Dur\u00e9e de lecture estim\u00e9e\" \/>\n\t<meta name=\"twitter:data1\" content=\"1 minute\" \/>\n<script type=\"application\/ld+json\" class=\"yoast-schema-graph\">{\"@context\":\"https:\/\/schema.org\",\"@graph\":[{\"@type\":\"WebPage\",\"@id\":\"https:\/\/www.digi-duck.com\/fr\/employe-de-commerce\/\",\"url\":\"https:\/\/www.digi-duck.com\/fr\/employe-de-commerce\/\",\"name\":\"Digi-Duck - Unterweisung f\u00fcr kaufm\u00e4nnische Mitarbeiter\",\"isPartOf\":{\"@id\":\"https:\/\/www.digi-duck.com\/#website\"},\"datePublished\":\"2022-07-23T06:05:32+00:00\",\"dateModified\":\"2023-07-07T09:53:13+00:00\",\"breadcrumb\":{\"@id\":\"https:\/\/www.digi-duck.com\/fr\/employe-de-commerce\/#breadcrumb\"},\"inLanguage\":\"fr-FR\",\"potentialAction\":[{\"@type\":\"ReadAction\",\"target\":[\"https:\/\/www.digi-duck.com\/fr\/employe-de-commerce\/\"]}]},{\"@type\":\"BreadcrumbList\",\"@id\":\"https:\/\/www.digi-duck.com\/fr\/employe-de-commerce\/#breadcrumb\",\"itemListElement\":[{\"@type\":\"ListItem\",\"position\":1,\"name\":\"Page d'accueil\",\"item\":\"https:\/\/www.digi-duck.com\/\"},{\"@type\":\"ListItem\",\"position\":2,\"name\":\"Employ\u00e9 de commerce\"}]},{\"@type\":\"WebSite\",\"@id\":\"https:\/\/www.digi-duck.com\/fr\/#website\",\"url\":\"https:\/\/www.digi-duck.com\/fr\/\",\"name\":\"DigiDuck\",\"description\":\"Ihr digitaler Qualifikationspartner\",\"publisher\":{\"@id\":\"https:\/\/www.digi-duck.com\/fr\/#organization\"},\"potentialAction\":[{\"@type\":\"SearchAction\",\"target\":{\"@type\":\"EntryPoint\",\"urlTemplate\":\"https:\/\/www.digi-duck.com\/fr\/?s={search_term_string}\"},\"query-input\":{\"@type\":\"PropertyValueSpecification\",\"valueRequired\":true,\"valueName\":\"search_term_string\"}}],\"inLanguage\":\"fr-FR\"},{\"@type\":\"Organization\",\"@id\":\"https:\/\/www.digi-duck.com\/fr\/#organization\",\"name\":\"DigiDuck GmbH\",\"url\":\"https:\/\/www.digi-duck.com\/fr\/\",\"logo\":{\"@type\":\"ImageObject\",\"inLanguage\":\"fr-FR\",\"@id\":\"https:\/\/www.digi-duck.com\/fr\/#\/schema\/logo\/image\/\",\"url\":\"https:\/\/www.digi-duck.com\/wp-content\/uploads\/2024\/08\/DigiDuck_Logo_App_Colored.png\",\"contentUrl\":\"https:\/\/www.digi-duck.com\/wp-content\/uploads\/2024\/08\/DigiDuck_Logo_App_Colored.png\",\"width\":2000,\"height\":2000,\"caption\":\"DigiDuck GmbH\"},\"image\":{\"@id\":\"https:\/\/www.digi-duck.com\/fr\/#\/schema\/logo\/image\/\"},\"sameAs\":[\"https:\/\/www.facebook.com\/profile.php?id=61558494354505\",\"https:\/\/www.linkedin.com\/company\/digiduck-gmbh\",\"https:\/\/www.xing.com\/pages\/digiduck-gmbh\"]}]}<\/script>\n<!-- \/ Yoast SEO plugin. -->","yoast_head_json":{"title":"Employ\u00e9 de commerce","description":"POUR LE PERSONNEL COMMERCIAL On pense souvent que seuls les collaborateurs des secteurs de la logistique, de l'entreposage et de la production doivent recevoir les instructions juridiques, les formations et les informations obligatoires n\u00e9cessaires. Mais c'est faux. Tous les collaborateurs d'une entreprise sont concern\u00e9s, quelle que soit la taille de l'entreprise. Si cela n'est pas\u2026","robots":{"index":"index","follow":"follow","max-snippet":"max-snippet:-1","max-image-preview":"max-image-preview:large","max-video-preview":"max-video-preview:-1"},"canonical":"POUR LE PERSONNEL COMMERCIAL On pense souvent que seuls les collaborateurs des secteurs de la logistique, de l'entreposage et de la production doivent recevoir les instructions juridiques, les formations et les informations obligatoires n\u00e9cessaires. Mais c'est faux. Tous les collaborateurs d'une entreprise sont concern\u00e9s, quelle que soit la taille de l'entreprise. Si cela n'est pas\u2026","og_locale":"fr_FR","og_type":"article","og_title":"Employ\u00e9 de commerce","og_description":"POUR LE PERSONNEL COMMERCIAL On pense souvent que seuls les collaborateurs des secteurs de la logistique, de l'entreposage et de la production doivent recevoir les instructions juridiques, les formations et les informations obligatoires n\u00e9cessaires. Mais c'est faux. Tous les collaborateurs d'une entreprise sont concern\u00e9s, quelle que soit la taille de l'entreprise. Si cela n'est pas\u2026","og_url":"https:\/\/www.digi-duck.com\/fr\/employe-de-commerce\/","og_site_name":"DigiDuck","article_publisher":"https:\/\/www.facebook.com\/profile.php?id=61558494354505","article_modified_time":"2023-07-07T09:53:13+00:00","twitter_card":"summary_large_image","twitter_misc":{"Dur\u00e9e de lecture estim\u00e9e":"1 minute"},"schema":{"@context":"https:\/\/schema.org","@graph":[{"@type":"WebPage","@id":"https:\/\/www.digi-duck.com\/fr\/employe-de-commerce\/","url":"https:\/\/www.digi-duck.com\/fr\/employe-de-commerce\/","name":"Digi-Duck - Unterweisung f\u00fcr kaufm\u00e4nnische Mitarbeiter","isPartOf":{"@id":"https:\/\/www.digi-duck.com\/#website"},"datePublished":"2022-07-23T06:05:32+00:00","dateModified":"2023-07-07T09:53:13+00:00","breadcrumb":{"@id":"https:\/\/www.digi-duck.com\/fr\/employe-de-commerce\/#breadcrumb"},"inLanguage":"fr-FR","potentialAction":[{"@type":"ReadAction","target":["https:\/\/www.digi-duck.com\/fr\/employe-de-commerce\/"]}]},{"@type":"BreadcrumbList","@id":"https:\/\/www.digi-duck.com\/fr\/employe-de-commerce\/#breadcrumb","itemListElement":[{"@type":"ListItem","position":1,"name":"Page d'accueil","item":"https:\/\/www.digi-duck.com\/"},{"@type":"ListItem","position":2,"name":"Employ\u00e9 de commerce"}]},{"@type":"WebSite","@id":"https:\/\/www.digi-duck.com\/fr\/#website","url":"https:\/\/www.digi-duck.com\/fr\/","name":"DigiDuck","description":"Ihr digitaler Qualifikationspartner","publisher":{"@id":"https:\/\/www.digi-duck.com\/fr\/#organization"},"potentialAction":[{"@type":"SearchAction","target":{"@type":"EntryPoint","urlTemplate":"https:\/\/www.digi-duck.com\/fr\/?s={search_term_string}"},"query-input":{"@type":"PropertyValueSpecification","valueRequired":true,"valueName":"search_term_string"}}],"inLanguage":"fr-FR"},{"@type":"Organization","@id":"https:\/\/www.digi-duck.com\/fr\/#organization","name":"DigiDuck GmbH","url":"https:\/\/www.digi-duck.com\/fr\/","logo":{"@type":"ImageObject","inLanguage":"fr-FR","@id":"https:\/\/www.digi-duck.com\/fr\/#\/schema\/logo\/image\/","url":"https:\/\/www.digi-duck.com\/wp-content\/uploads\/2024\/08\/DigiDuck_Logo_App_Colored.png","contentUrl":"https:\/\/www.digi-duck.com\/wp-content\/uploads\/2024\/08\/DigiDuck_Logo_App_Colored.png","width":2000,"height":2000,"caption":"DigiDuck GmbH"},"image":{"@id":"https:\/\/www.digi-duck.com\/fr\/#\/schema\/logo\/image\/"},"sameAs":["https:\/\/www.facebook.com\/profile.php?id=61558494354505","https:\/\/www.linkedin.com\/company\/digiduck-gmbh","https:\/\/www.xing.com\/pages\/digiduck-gmbh"]}]}},"post_mailing_queue_ids":[],"_links":{"self":[{"href":"https:\/\/www.digi-duck.com\/fr\/wp-json\/wp\/v2\/pages\/57","targetHints":{"allow":["GET"]}}],"collection":[{"href":"https:\/\/www.digi-duck.com\/fr\/wp-json\/wp\/v2\/pages"}],"about":[{"href":"https:\/\/www.digi-duck.com\/fr\/wp-json\/wp\/v2\/types\/page"}],"author":[{"embeddable":true,"href":"https:\/\/www.digi-duck.com\/fr\/wp-json\/wp\/v2\/users\/4"}],"replies":[{"embeddable":true,"href":"https:\/\/www.digi-duck.com\/fr\/wp-json\/wp\/v2\/comments?post=57"}],"version-history":[{"count":5,"href":"https:\/\/www.digi-duck.com\/fr\/wp-json\/wp\/v2\/pages\/57\/revisions"}],"predecessor-version":[{"id":679,"href":"https:\/\/www.digi-duck.com\/fr\/wp-json\/wp\/v2\/pages\/57\/revisions\/679"}],"wp:attachment":[{"href":"https:\/\/www.digi-duck.com\/fr\/wp-json\/wp\/v2\/media?parent=57"}],"curies":[{"name":"wp","href":"https:\/\/api.w.org\/{rel}","templated":true}]}}