{"id":65,"date":"2022-07-23T08:06:14","date_gmt":"2022-07-23T06:06:14","guid":{"rendered":"https:\/\/www.digi-duck.com\/?page_id=65"},"modified":"2024-07-01T08:02:17","modified_gmt":"2024-07-01T06:02:17","slug":"kurskatalog","status":"publish","type":"page","link":"https:\/\/www.digi-duck.com\/fr\/kurskatalog\/","title":{"rendered":"Catalogue des cours"},"content":{"rendered":"<p>UNE PLATEFORME DANS LAQUELLE VOUS INT\u00c9GREZ TOUTES LES FORMATIONS ET INSTRUCTIONS !<\/p>\n<hr class=\"wp-block-separator has-alpha-channel-opacity\">\n<p>Qu&rsquo;il s&rsquo;agisse de formations et d&rsquo;instructions existantes ou de contenus individuels pour votre entreprise. Notre plateforme DigiDuck vous offre une multitude de possibilit\u00e9s. Vous trouverez ici l&rsquo;aper\u00e7u actuel du mat\u00e9riel de formation que nous avons produit pour vous depuis avril 2022. Actuellement, nous continuons \u00e0 d\u00e9velopper ce domaine avec beaucoup d&rsquo;engagement et de savoir-faire. Naturellement, d\u00e8s le d\u00e9but, nous proposons des formations multilingues et accessibles \u00e0 tous.<\/p>\n<p>Vous n&rsquo;avez pas trouv\u00e9 la formation ou l&rsquo;instruction souhait\u00e9e ou il vous manque une variante linguistique ? Pas de probl\u00e8me. Envoyez-nous simplement vos suggestions. Peut-\u00eatre que nous travaillons actuellement sur la formation que vous souhaitez ou que nous l&rsquo;avons planifi\u00e9e pour un avenir proche. Nous vous informerons volontiers.<\/p>\n<hr class=\"wp-block-separator has-alpha-channel-opacity\">\n<a href=\"\/fr\/kontakt\/\" target=\"_self\" class=\" btn btn-primary\">D\u00e9marrer maintenant une demande de formation<\/a>\n<hr class=\"wp-block-separator has-alpha-channel-opacity\">\n<p>APER\u00c7U DU MAT\u00c9RIEL DE FORMATION<\/p>\n<hr class=\"wp-block-separator has-alpha-channel-opacity\">\n<p>Commencer directement sans effort !<\/p>\n<hr class=\"wp-block-separator has-alpha-channel-opacity\">\n<p>D&rsquo;autres formations et enseignements sont d\u00e9j\u00e0 en cours de r\u00e9alisation : <a href=\"https:\/\/www.digi-duck.com\/digiduck_blog\/gefahrgut-schulung-im-unternehmen\/\">marchandises dangereuses<\/a> selon ADR 1.3 citerne, s\u00e9curisation du chargement, contr\u00f4le de d\u00e9part, protection des donn\u00e9es, HACCP, batteries au lithium, \u00e9chelles et marchepieds, bruit, protection de la peau, utilisation de v\u00e9hicules de service, v\u00e9hicules de manutention, etc.<\/p>\n<hr class=\"wp-block-separator has-alpha-channel-opacity\">\n<a href=\"\/fr\/kontakt\/\" target=\"_self\" class=\" text-decoration-underline\">N<\/a>\n","protected":false},"excerpt":{"rendered":"<p>UNE PLATEFORME DANS LAQUELLE VOUS INT\u00c9GREZ TOUTES LES FORMATIONS ET INSTRUCTIONS ! Qu&rsquo;il s&rsquo;agisse de formations et d&rsquo;instructions existantes ou de contenus individuels pour votre entreprise. Notre plateforme DigiDuck vous offre une multitude de possibilit\u00e9s. Vous trouverez ici l&rsquo;aper\u00e7u actuel du mat\u00e9riel de formation que nous avons produit pour vous depuis avril 2022. Actuellement, nous [&hellip;]<\/p>\n","protected":false},"author":4,"featured_media":0,"parent":0,"menu_order":0,"comment_status":"closed","ping_status":"closed","template":"","meta":{"_acf_changed":false,"footnotes":""},"class_list":["post-65","page","type-page","status-publish","hentry"],"acf":[],"yoast_head":"<!-- This site is optimized with the Yoast SEO plugin v27.1.1 - https:\/\/yoast.com\/product\/yoast-seo-wordpress\/ -->\n<title>Catalogue des cours<\/title>\n<meta name=\"description\" content=\"UNE PLATEFORME DANS LAQUELLE VOUS INT\u00c9GREZ TOUTES LES FORMATIONS ET INSTRUCTIONS ! Qu&#039;il s&#039;agisse de formations et d&#039;instructions existantes ou de contenus individuels pour votre entreprise. Notre plateforme DigiDuck vous offre une multitude de possibilit\u00e9s. Vous trouverez ici l&#039;aper\u00e7u actuel du mat\u00e9riel de formation que nous avons produit pour vous depuis avril 2022. Actuellement, nous\u2026\" \/>\n<meta name=\"robots\" content=\"index, follow, max-snippet:-1, max-image-preview:large, max-video-preview:-1\" \/>\n<link rel=\"canonical\" href=\"http:\/\/UNE%20PLATEFORME%20DANS%20LAQUELLE%20VOUS%20INT\u00c9GREZ%20TOUTES%20LES%20FORMATIONS%20ET%20INSTRUCTIONS%20!%20Qu'il%20s'agisse%20de%20formations%20et%20d'instructions%20existantes%20ou%20de%20contenus%20individuels%20pour%20votre%20entreprise.%20Notre%20plateforme%20DigiDuck%20vous%20offre%20une%20multitude%20de%20possibilit\u00e9s.%20Vous%20trouverez%20ici%20l'aper\u00e7u%20actuel%20du%20mat\u00e9riel%20de%20formation%20que%20nous%20avons%20produit%20pour%20vous%20depuis%20avril%202022.%20Actuellement,%20nous\u2026\" \/>\n<meta property=\"og:locale\" content=\"fr_FR\" \/>\n<meta property=\"og:type\" content=\"article\" \/>\n<meta property=\"og:title\" content=\"Catalogue des cours\" \/>\n<meta property=\"og:description\" content=\"UNE PLATEFORME DANS LAQUELLE VOUS INT\u00c9GREZ TOUTES LES FORMATIONS ET INSTRUCTIONS ! Qu&#039;il s&#039;agisse de formations et d&#039;instructions existantes ou de contenus individuels pour votre entreprise. Notre plateforme DigiDuck vous offre une multitude de possibilit\u00e9s. Vous trouverez ici l&#039;aper\u00e7u actuel du mat\u00e9riel de formation que nous avons produit pour vous depuis avril 2022. Actuellement, nous\u2026\" \/>\n<meta property=\"og:url\" content=\"https:\/\/www.digi-duck.com\/fr\/kurskatalog\/\" \/>\n<meta property=\"og:site_name\" content=\"DigiDuck\" \/>\n<meta property=\"article:publisher\" content=\"https:\/\/www.facebook.com\/profile.php?id=61558494354505\" \/>\n<meta property=\"article:modified_time\" content=\"2024-07-01T06:02:17+00:00\" \/>\n<meta name=\"twitter:card\" content=\"summary_large_image\" \/>\n<meta name=\"twitter:label1\" content=\"Dur\u00e9e de lecture estim\u00e9e\" \/>\n\t<meta name=\"twitter:data1\" content=\"1 minute\" \/>\n<script type=\"application\/ld+json\" class=\"yoast-schema-graph\">{\"@context\":\"https:\/\/schema.org\",\"@graph\":[{\"@type\":\"WebPage\",\"@id\":\"https:\/\/www.digi-duck.com\/fr\/kurskatalog\/\",\"url\":\"https:\/\/www.digi-duck.com\/fr\/kurskatalog\/\",\"name\":\"DigiDuck \u2013 \u00dcbersicht von Schulungen & Unterweisungen\",\"isPartOf\":{\"@id\":\"https:\/\/www.digi-duck.com\/#website\"},\"datePublished\":\"2022-07-23T06:06:14+00:00\",\"dateModified\":\"2024-07-01T06:02:17+00:00\",\"breadcrumb\":{\"@id\":\"https:\/\/www.digi-duck.com\/fr\/kurskatalog\/#breadcrumb\"},\"inLanguage\":\"fr-FR\",\"potentialAction\":[{\"@type\":\"ReadAction\",\"target\":[\"https:\/\/www.digi-duck.com\/fr\/kurskatalog\/\"]}]},{\"@type\":\"BreadcrumbList\",\"@id\":\"https:\/\/www.digi-duck.com\/fr\/kurskatalog\/#breadcrumb\",\"itemListElement\":[{\"@type\":\"ListItem\",\"position\":1,\"name\":\"Page d'accueil\",\"item\":\"https:\/\/www.digi-duck.com\/\"},{\"@type\":\"ListItem\",\"position\":2,\"name\":\"Catalogue des cours\"}]},{\"@type\":\"WebSite\",\"@id\":\"https:\/\/www.digi-duck.com\/fr\/#website\",\"url\":\"https:\/\/www.digi-duck.com\/fr\/\",\"name\":\"DigiDuck\",\"description\":\"Ihr digitaler Qualifikationspartner\",\"publisher\":{\"@id\":\"https:\/\/www.digi-duck.com\/fr\/#organization\"},\"potentialAction\":[{\"@type\":\"SearchAction\",\"target\":{\"@type\":\"EntryPoint\",\"urlTemplate\":\"https:\/\/www.digi-duck.com\/fr\/?s={search_term_string}\"},\"query-input\":{\"@type\":\"PropertyValueSpecification\",\"valueRequired\":true,\"valueName\":\"search_term_string\"}}],\"inLanguage\":\"fr-FR\"},{\"@type\":\"Organization\",\"@id\":\"https:\/\/www.digi-duck.com\/fr\/#organization\",\"name\":\"DigiDuck GmbH\",\"url\":\"https:\/\/www.digi-duck.com\/fr\/\",\"logo\":{\"@type\":\"ImageObject\",\"inLanguage\":\"fr-FR\",\"@id\":\"https:\/\/www.digi-duck.com\/fr\/#\/schema\/logo\/image\/\",\"url\":\"https:\/\/www.digi-duck.com\/wp-content\/uploads\/2024\/08\/DigiDuck_Logo_App_Colored.png\",\"contentUrl\":\"https:\/\/www.digi-duck.com\/wp-content\/uploads\/2024\/08\/DigiDuck_Logo_App_Colored.png\",\"width\":2000,\"height\":2000,\"caption\":\"DigiDuck GmbH\"},\"image\":{\"@id\":\"https:\/\/www.digi-duck.com\/fr\/#\/schema\/logo\/image\/\"},\"sameAs\":[\"https:\/\/www.facebook.com\/profile.php?id=61558494354505\",\"https:\/\/www.linkedin.com\/company\/digiduck-gmbh\",\"https:\/\/www.xing.com\/pages\/digiduck-gmbh\"]}]}<\/script>\n<!-- \/ Yoast SEO plugin. -->","yoast_head_json":{"title":"Catalogue des cours","description":"UNE PLATEFORME DANS LAQUELLE VOUS INT\u00c9GREZ TOUTES LES FORMATIONS ET INSTRUCTIONS ! Qu'il s'agisse de formations et d'instructions existantes ou de contenus individuels pour votre entreprise. Notre plateforme DigiDuck vous offre une multitude de possibilit\u00e9s. Vous trouverez ici l'aper\u00e7u actuel du mat\u00e9riel de formation que nous avons produit pour vous depuis avril 2022. Actuellement, nous\u2026","robots":{"index":"index","follow":"follow","max-snippet":"max-snippet:-1","max-image-preview":"max-image-preview:large","max-video-preview":"max-video-preview:-1"},"canonical":"UNE PLATEFORME DANS LAQUELLE VOUS INT\u00c9GREZ TOUTES LES FORMATIONS ET INSTRUCTIONS ! Qu'il s'agisse de formations et d'instructions existantes ou de contenus individuels pour votre entreprise. Notre plateforme DigiDuck vous offre une multitude de possibilit\u00e9s. Vous trouverez ici l'aper\u00e7u actuel du mat\u00e9riel de formation que nous avons produit pour vous depuis avril 2022. Actuellement, nous\u2026","og_locale":"fr_FR","og_type":"article","og_title":"Catalogue des cours","og_description":"UNE PLATEFORME DANS LAQUELLE VOUS INT\u00c9GREZ TOUTES LES FORMATIONS ET INSTRUCTIONS ! Qu'il s'agisse de formations et d'instructions existantes ou de contenus individuels pour votre entreprise. Notre plateforme DigiDuck vous offre une multitude de possibilit\u00e9s. Vous trouverez ici l'aper\u00e7u actuel du mat\u00e9riel de formation que nous avons produit pour vous depuis avril 2022. Actuellement, nous\u2026","og_url":"https:\/\/www.digi-duck.com\/fr\/kurskatalog\/","og_site_name":"DigiDuck","article_publisher":"https:\/\/www.facebook.com\/profile.php?id=61558494354505","article_modified_time":"2024-07-01T06:02:17+00:00","twitter_card":"summary_large_image","twitter_misc":{"Dur\u00e9e de lecture estim\u00e9e":"1 minute"},"schema":{"@context":"https:\/\/schema.org","@graph":[{"@type":"WebPage","@id":"https:\/\/www.digi-duck.com\/fr\/kurskatalog\/","url":"https:\/\/www.digi-duck.com\/fr\/kurskatalog\/","name":"DigiDuck \u2013 \u00dcbersicht von Schulungen & Unterweisungen","isPartOf":{"@id":"https:\/\/www.digi-duck.com\/#website"},"datePublished":"2022-07-23T06:06:14+00:00","dateModified":"2024-07-01T06:02:17+00:00","breadcrumb":{"@id":"https:\/\/www.digi-duck.com\/fr\/kurskatalog\/#breadcrumb"},"inLanguage":"fr-FR","potentialAction":[{"@type":"ReadAction","target":["https:\/\/www.digi-duck.com\/fr\/kurskatalog\/"]}]},{"@type":"BreadcrumbList","@id":"https:\/\/www.digi-duck.com\/fr\/kurskatalog\/#breadcrumb","itemListElement":[{"@type":"ListItem","position":1,"name":"Page d'accueil","item":"https:\/\/www.digi-duck.com\/"},{"@type":"ListItem","position":2,"name":"Catalogue des cours"}]},{"@type":"WebSite","@id":"https:\/\/www.digi-duck.com\/fr\/#website","url":"https:\/\/www.digi-duck.com\/fr\/","name":"DigiDuck","description":"Ihr digitaler Qualifikationspartner","publisher":{"@id":"https:\/\/www.digi-duck.com\/fr\/#organization"},"potentialAction":[{"@type":"SearchAction","target":{"@type":"EntryPoint","urlTemplate":"https:\/\/www.digi-duck.com\/fr\/?s={search_term_string}"},"query-input":{"@type":"PropertyValueSpecification","valueRequired":true,"valueName":"search_term_string"}}],"inLanguage":"fr-FR"},{"@type":"Organization","@id":"https:\/\/www.digi-duck.com\/fr\/#organization","name":"DigiDuck GmbH","url":"https:\/\/www.digi-duck.com\/fr\/","logo":{"@type":"ImageObject","inLanguage":"fr-FR","@id":"https:\/\/www.digi-duck.com\/fr\/#\/schema\/logo\/image\/","url":"https:\/\/www.digi-duck.com\/wp-content\/uploads\/2024\/08\/DigiDuck_Logo_App_Colored.png","contentUrl":"https:\/\/www.digi-duck.com\/wp-content\/uploads\/2024\/08\/DigiDuck_Logo_App_Colored.png","width":2000,"height":2000,"caption":"DigiDuck GmbH"},"image":{"@id":"https:\/\/www.digi-duck.com\/fr\/#\/schema\/logo\/image\/"},"sameAs":["https:\/\/www.facebook.com\/profile.php?id=61558494354505","https:\/\/www.linkedin.com\/company\/digiduck-gmbh","https:\/\/www.xing.com\/pages\/digiduck-gmbh"]}]}},"post_mailing_queue_ids":[],"_links":{"self":[{"href":"https:\/\/www.digi-duck.com\/fr\/wp-json\/wp\/v2\/pages\/65","targetHints":{"allow":["GET"]}}],"collection":[{"href":"https:\/\/www.digi-duck.com\/fr\/wp-json\/wp\/v2\/pages"}],"about":[{"href":"https:\/\/www.digi-duck.com\/fr\/wp-json\/wp\/v2\/types\/page"}],"author":[{"embeddable":true,"href":"https:\/\/www.digi-duck.com\/fr\/wp-json\/wp\/v2\/users\/4"}],"replies":[{"embeddable":true,"href":"https:\/\/www.digi-duck.com\/fr\/wp-json\/wp\/v2\/comments?post=65"}],"version-history":[{"count":13,"href":"https:\/\/www.digi-duck.com\/fr\/wp-json\/wp\/v2\/pages\/65\/revisions"}],"predecessor-version":[{"id":888,"href":"https:\/\/www.digi-duck.com\/fr\/wp-json\/wp\/v2\/pages\/65\/revisions\/888"}],"wp:attachment":[{"href":"https:\/\/www.digi-duck.com\/fr\/wp-json\/wp\/v2\/media?parent=65"}],"curies":[{"name":"wp","href":"https:\/\/api.w.org\/{rel}","templated":true}]}}