{"id":73,"date":"2022-07-23T10:41:04","date_gmt":"2022-07-23T08:41:04","guid":{"rendered":"https:\/\/www.digi-duck.com\/?page_id=73"},"modified":"2023-02-01T12:15:18","modified_gmt":"2023-02-01T11:15:18","slug":"logistik-und-lagerpersonal","status":"publish","type":"page","link":"https:\/\/www.digi-duck.com\/fr\/personnel-de-logistique-et-de-stockage\/","title":{"rendered":"Personnel de logistique et de stockage"},"content":{"rendered":"<p>POUR LA LOGISTIQUE ET L&rsquo;ENTREPOSAGE<\/p>\n<hr class=\"wp-block-separator has-alpha-channel-opacity\" \/>\n<p>Les collaborateurs de la logistique et de l&rsquo;entrep\u00f4t doivent \u00e9galement \u00eatre impliqu\u00e9s dans votre strat\u00e9gie d&rsquo;information et de formation. La s\u00e9curit\u00e9 et la protection contre les risques font ici partie des obligations les plus importantes d&rsquo;une entreprise.<\/p>\n<p>En r\u00e8gle g\u00e9n\u00e9rale, les ordinateurs ne font pas partie de l&rsquo;usage quotidien des collaborateurs de la logistique et de l&rsquo;entrep\u00f4t. Mais chacun d&rsquo;entre eux poss\u00e8de certainement un smartphone. Il est donc d&rsquo;autant plus n\u00e9cessaire de mettre en place une strat\u00e9gie bien pens\u00e9e pour que les coll\u00e8gues de ces secteurs aient acc\u00e8s aux informations importantes et aux n\u00e9cessit\u00e9s.<\/p>\n<p>Avec notre application DigiDuck, vous avez la possibilit\u00e9 d&rsquo;int\u00e9grer toutes les fonctions de gestion Learn + Info dans les smartphones mobiles de vos collaborateurs. Vous pouvez ainsi leur envoyer des messages importants pendant les heures de travail et d\u00e9clencher des formations et des instructions. Celles-ci peuvent ensuite \u00e9galement \u00eatre effectu\u00e9es dans l&rsquo;application, suivies d&rsquo;un test et d&rsquo;un certificat.<\/p>\n<hr class=\"wp-block-separator has-alpha-channel-opacity\" \/>\n<p>Profitez d\u00e8s maintenant de l&rsquo;occasion et testez DigiDuck. Touchez tous vos collaborateurs l\u00e0 o\u00f9 ils se trouvent.<\/p>\n<hr class=\"wp-block-separator has-alpha-channel-opacity\" \/>\n<a href=\"\/fr\/tester-gratuitement\/\" target=\"_self\" class=\"btn-white-full btn btn-primary\">Essayer DigiDuck gratuitement maintenant<\/a>\n","protected":false},"excerpt":{"rendered":"<p>POUR LA LOGISTIQUE ET L&rsquo;ENTREPOSAGE Les collaborateurs de la logistique et de l&rsquo;entrep\u00f4t doivent \u00e9galement \u00eatre impliqu\u00e9s dans votre strat\u00e9gie d&rsquo;information et de formation. La s\u00e9curit\u00e9 et la protection contre les risques font ici partie des obligations les plus importantes d&rsquo;une entreprise. En r\u00e8gle g\u00e9n\u00e9rale, les ordinateurs ne font pas partie de l&rsquo;usage quotidien des [&hellip;]<\/p>\n","protected":false},"author":4,"featured_media":0,"parent":0,"menu_order":0,"comment_status":"closed","ping_status":"closed","template":"","meta":{"_acf_changed":false,"footnotes":""},"class_list":["post-73","page","type-page","status-publish","hentry"],"acf":[],"yoast_head":"<!-- This site is optimized with the Yoast SEO plugin v27.1.1 - https:\/\/yoast.com\/product\/yoast-seo-wordpress\/ -->\n<title>Personnel de logistique et de stockage<\/title>\n<meta name=\"description\" content=\"POUR LA LOGISTIQUE ET L&#039;ENTREPOSAGE Les collaborateurs de la logistique et de l&#039;entrep\u00f4t doivent \u00e9galement \u00eatre impliqu\u00e9s dans votre strat\u00e9gie d&#039;information et de formation. La s\u00e9curit\u00e9 et la protection contre les risques font ici partie des obligations les plus importantes d&#039;une entreprise. En r\u00e8gle g\u00e9n\u00e9rale, les ordinateurs ne font pas partie de l&#039;usage quotidien des\u2026\" \/>\n<meta name=\"robots\" content=\"index, follow, max-snippet:-1, max-image-preview:large, max-video-preview:-1\" \/>\n<link rel=\"canonical\" href=\"http:\/\/POUR%20LA%20LOGISTIQUE%20ET%20L'ENTREPOSAGE%20Les%20collaborateurs%20de%20la%20logistique%20et%20de%20l'entrep\u00f4t%20doivent%20\u00e9galement%20\u00eatre%20impliqu\u00e9s%20dans%20votre%20strat\u00e9gie%20d'information%20et%20de%20formation.%20La%20s\u00e9curit\u00e9%20et%20la%20protection%20contre%20les%20risques%20font%20ici%20partie%20des%20obligations%20les%20plus%20importantes%20d'une%20entreprise.%20En%20r\u00e8gle%20g\u00e9n\u00e9rale,%20les%20ordinateurs%20ne%20font%20pas%20partie%20de%20l'usage%20quotidien%20des\u2026\" \/>\n<meta property=\"og:locale\" content=\"fr_FR\" \/>\n<meta property=\"og:type\" content=\"article\" \/>\n<meta property=\"og:title\" content=\"Personnel de logistique et de stockage\" \/>\n<meta property=\"og:description\" content=\"POUR LA LOGISTIQUE ET L&#039;ENTREPOSAGE Les collaborateurs de la logistique et de l&#039;entrep\u00f4t doivent \u00e9galement \u00eatre impliqu\u00e9s dans votre strat\u00e9gie d&#039;information et de formation. La s\u00e9curit\u00e9 et la protection contre les risques font ici partie des obligations les plus importantes d&#039;une entreprise. En r\u00e8gle g\u00e9n\u00e9rale, les ordinateurs ne font pas partie de l&#039;usage quotidien des\u2026\" \/>\n<meta property=\"og:url\" content=\"https:\/\/www.digi-duck.com\/fr\/personnel-de-logistique-et-de-stockage\/\" \/>\n<meta property=\"og:site_name\" content=\"DigiDuck\" \/>\n<meta property=\"article:publisher\" content=\"https:\/\/www.facebook.com\/profile.php?id=61558494354505\" \/>\n<meta property=\"article:modified_time\" content=\"2023-02-01T11:15:18+00:00\" \/>\n<meta name=\"twitter:card\" content=\"summary_large_image\" \/>\n<meta name=\"twitter:label1\" content=\"Dur\u00e9e de lecture estim\u00e9e\" \/>\n\t<meta name=\"twitter:data1\" content=\"1 minute\" \/>\n<script type=\"application\/ld+json\" class=\"yoast-schema-graph\">{\"@context\":\"https:\/\/schema.org\",\"@graph\":[{\"@type\":\"WebPage\",\"@id\":\"https:\/\/www.digi-duck.com\/fr\/personnel-de-logistique-et-de-stockage\/\",\"url\":\"https:\/\/www.digi-duck.com\/fr\/personnel-de-logistique-et-de-stockage\/\",\"name\":\"Logistik- und Lagerpersonal - DigiDuck\",\"isPartOf\":{\"@id\":\"https:\/\/www.digi-duck.com\/#website\"},\"datePublished\":\"2022-07-23T08:41:04+00:00\",\"dateModified\":\"2023-02-01T11:15:18+00:00\",\"breadcrumb\":{\"@id\":\"https:\/\/www.digi-duck.com\/fr\/personnel-de-logistique-et-de-stockage\/#breadcrumb\"},\"inLanguage\":\"fr-FR\",\"potentialAction\":[{\"@type\":\"ReadAction\",\"target\":[\"https:\/\/www.digi-duck.com\/fr\/personnel-de-logistique-et-de-stockage\/\"]}]},{\"@type\":\"BreadcrumbList\",\"@id\":\"https:\/\/www.digi-duck.com\/fr\/personnel-de-logistique-et-de-stockage\/#breadcrumb\",\"itemListElement\":[{\"@type\":\"ListItem\",\"position\":1,\"name\":\"Page d'accueil\",\"item\":\"https:\/\/www.digi-duck.com\/\"},{\"@type\":\"ListItem\",\"position\":2,\"name\":\"Personnel de logistique et de stockage\"}]},{\"@type\":\"WebSite\",\"@id\":\"https:\/\/www.digi-duck.com\/fr\/#website\",\"url\":\"https:\/\/www.digi-duck.com\/fr\/\",\"name\":\"DigiDuck\",\"description\":\"Ihr digitaler Qualifikationspartner\",\"publisher\":{\"@id\":\"https:\/\/www.digi-duck.com\/fr\/#organization\"},\"potentialAction\":[{\"@type\":\"SearchAction\",\"target\":{\"@type\":\"EntryPoint\",\"urlTemplate\":\"https:\/\/www.digi-duck.com\/fr\/?s={search_term_string}\"},\"query-input\":{\"@type\":\"PropertyValueSpecification\",\"valueRequired\":true,\"valueName\":\"search_term_string\"}}],\"inLanguage\":\"fr-FR\"},{\"@type\":\"Organization\",\"@id\":\"https:\/\/www.digi-duck.com\/fr\/#organization\",\"name\":\"DigiDuck GmbH\",\"url\":\"https:\/\/www.digi-duck.com\/fr\/\",\"logo\":{\"@type\":\"ImageObject\",\"inLanguage\":\"fr-FR\",\"@id\":\"https:\/\/www.digi-duck.com\/fr\/#\/schema\/logo\/image\/\",\"url\":\"https:\/\/www.digi-duck.com\/wp-content\/uploads\/2024\/08\/DigiDuck_Logo_App_Colored.png\",\"contentUrl\":\"https:\/\/www.digi-duck.com\/wp-content\/uploads\/2024\/08\/DigiDuck_Logo_App_Colored.png\",\"width\":2000,\"height\":2000,\"caption\":\"DigiDuck GmbH\"},\"image\":{\"@id\":\"https:\/\/www.digi-duck.com\/fr\/#\/schema\/logo\/image\/\"},\"sameAs\":[\"https:\/\/www.facebook.com\/profile.php?id=61558494354505\",\"https:\/\/www.linkedin.com\/company\/digiduck-gmbh\",\"https:\/\/www.xing.com\/pages\/digiduck-gmbh\"]}]}<\/script>\n<!-- \/ Yoast SEO plugin. -->","yoast_head_json":{"title":"Personnel de logistique et de stockage","description":"POUR LA LOGISTIQUE ET L'ENTREPOSAGE Les collaborateurs de la logistique et de l'entrep\u00f4t doivent \u00e9galement \u00eatre impliqu\u00e9s dans votre strat\u00e9gie d'information et de formation. La s\u00e9curit\u00e9 et la protection contre les risques font ici partie des obligations les plus importantes d'une entreprise. En r\u00e8gle g\u00e9n\u00e9rale, les ordinateurs ne font pas partie de l'usage quotidien des\u2026","robots":{"index":"index","follow":"follow","max-snippet":"max-snippet:-1","max-image-preview":"max-image-preview:large","max-video-preview":"max-video-preview:-1"},"canonical":"POUR LA LOGISTIQUE ET L'ENTREPOSAGE Les collaborateurs de la logistique et de l'entrep\u00f4t doivent \u00e9galement \u00eatre impliqu\u00e9s dans votre strat\u00e9gie d'information et de formation. La s\u00e9curit\u00e9 et la protection contre les risques font ici partie des obligations les plus importantes d'une entreprise. En r\u00e8gle g\u00e9n\u00e9rale, les ordinateurs ne font pas partie de l'usage quotidien des\u2026","og_locale":"fr_FR","og_type":"article","og_title":"Personnel de logistique et de stockage","og_description":"POUR LA LOGISTIQUE ET L'ENTREPOSAGE Les collaborateurs de la logistique et de l'entrep\u00f4t doivent \u00e9galement \u00eatre impliqu\u00e9s dans votre strat\u00e9gie d'information et de formation. La s\u00e9curit\u00e9 et la protection contre les risques font ici partie des obligations les plus importantes d'une entreprise. En r\u00e8gle g\u00e9n\u00e9rale, les ordinateurs ne font pas partie de l'usage quotidien des\u2026","og_url":"https:\/\/www.digi-duck.com\/fr\/personnel-de-logistique-et-de-stockage\/","og_site_name":"DigiDuck","article_publisher":"https:\/\/www.facebook.com\/profile.php?id=61558494354505","article_modified_time":"2023-02-01T11:15:18+00:00","twitter_card":"summary_large_image","twitter_misc":{"Dur\u00e9e de lecture estim\u00e9e":"1 minute"},"schema":{"@context":"https:\/\/schema.org","@graph":[{"@type":"WebPage","@id":"https:\/\/www.digi-duck.com\/fr\/personnel-de-logistique-et-de-stockage\/","url":"https:\/\/www.digi-duck.com\/fr\/personnel-de-logistique-et-de-stockage\/","name":"Logistik- und Lagerpersonal - DigiDuck","isPartOf":{"@id":"https:\/\/www.digi-duck.com\/#website"},"datePublished":"2022-07-23T08:41:04+00:00","dateModified":"2023-02-01T11:15:18+00:00","breadcrumb":{"@id":"https:\/\/www.digi-duck.com\/fr\/personnel-de-logistique-et-de-stockage\/#breadcrumb"},"inLanguage":"fr-FR","potentialAction":[{"@type":"ReadAction","target":["https:\/\/www.digi-duck.com\/fr\/personnel-de-logistique-et-de-stockage\/"]}]},{"@type":"BreadcrumbList","@id":"https:\/\/www.digi-duck.com\/fr\/personnel-de-logistique-et-de-stockage\/#breadcrumb","itemListElement":[{"@type":"ListItem","position":1,"name":"Page d'accueil","item":"https:\/\/www.digi-duck.com\/"},{"@type":"ListItem","position":2,"name":"Personnel de logistique et de stockage"}]},{"@type":"WebSite","@id":"https:\/\/www.digi-duck.com\/fr\/#website","url":"https:\/\/www.digi-duck.com\/fr\/","name":"DigiDuck","description":"Ihr digitaler Qualifikationspartner","publisher":{"@id":"https:\/\/www.digi-duck.com\/fr\/#organization"},"potentialAction":[{"@type":"SearchAction","target":{"@type":"EntryPoint","urlTemplate":"https:\/\/www.digi-duck.com\/fr\/?s={search_term_string}"},"query-input":{"@type":"PropertyValueSpecification","valueRequired":true,"valueName":"search_term_string"}}],"inLanguage":"fr-FR"},{"@type":"Organization","@id":"https:\/\/www.digi-duck.com\/fr\/#organization","name":"DigiDuck GmbH","url":"https:\/\/www.digi-duck.com\/fr\/","logo":{"@type":"ImageObject","inLanguage":"fr-FR","@id":"https:\/\/www.digi-duck.com\/fr\/#\/schema\/logo\/image\/","url":"https:\/\/www.digi-duck.com\/wp-content\/uploads\/2024\/08\/DigiDuck_Logo_App_Colored.png","contentUrl":"https:\/\/www.digi-duck.com\/wp-content\/uploads\/2024\/08\/DigiDuck_Logo_App_Colored.png","width":2000,"height":2000,"caption":"DigiDuck GmbH"},"image":{"@id":"https:\/\/www.digi-duck.com\/fr\/#\/schema\/logo\/image\/"},"sameAs":["https:\/\/www.facebook.com\/profile.php?id=61558494354505","https:\/\/www.linkedin.com\/company\/digiduck-gmbh","https:\/\/www.xing.com\/pages\/digiduck-gmbh"]}]}},"post_mailing_queue_ids":[],"_links":{"self":[{"href":"https:\/\/www.digi-duck.com\/fr\/wp-json\/wp\/v2\/pages\/73","targetHints":{"allow":["GET"]}}],"collection":[{"href":"https:\/\/www.digi-duck.com\/fr\/wp-json\/wp\/v2\/pages"}],"about":[{"href":"https:\/\/www.digi-duck.com\/fr\/wp-json\/wp\/v2\/types\/page"}],"author":[{"embeddable":true,"href":"https:\/\/www.digi-duck.com\/fr\/wp-json\/wp\/v2\/users\/4"}],"replies":[{"embeddable":true,"href":"https:\/\/www.digi-duck.com\/fr\/wp-json\/wp\/v2\/comments?post=73"}],"version-history":[{"count":6,"href":"https:\/\/www.digi-duck.com\/fr\/wp-json\/wp\/v2\/pages\/73\/revisions"}],"predecessor-version":[{"id":677,"href":"https:\/\/www.digi-duck.com\/fr\/wp-json\/wp\/v2\/pages\/73\/revisions\/677"}],"wp:attachment":[{"href":"https:\/\/www.digi-duck.com\/fr\/wp-json\/wp\/v2\/media?parent=73"}],"curies":[{"name":"wp","href":"https:\/\/api.w.org\/{rel}","templated":true}]}}