{"id":81,"date":"2022-07-23T10:42:47","date_gmt":"2022-07-23T08:42:47","guid":{"rendered":"https:\/\/www.digi-duck.com\/?page_id=81"},"modified":"2023-01-18T18:16:41","modified_gmt":"2023-01-18T17:16:41","slug":"sicherheit","status":"publish","type":"page","link":"https:\/\/www.digi-duck.com\/fr\/securite\/","title":{"rendered":"S\u00e9curit\u00e9"},"content":{"rendered":"<p>NOTRE CONCEPT DE S\u00c9CURIT\u00c9 POUR VOTRE PROTECTION !<\/p>\n<hr class=\"wp-block-separator has-alpha-channel-opacity\" \/>\n<p>Les exigences de nos clients en mati\u00e8re de s\u00e9curit\u00e9 et de protection des donn\u00e9es sont tr\u00e8s diverses. Pour y r\u00e9pondre, la s\u00e9curit\u00e9 est une priorit\u00e9 absolue pour notre plateforme et nos activit\u00e9s. Notre infrastructure professionnelle prot\u00e8ge vos donn\u00e9es tout au long de leur cycle de vie au sein de la plateforme. Nous sommes fermement convaincus que la s\u00e9curit\u00e9 doit \u00eatre une composante \u00e9l\u00e9mentaire d&rsquo;une plateforme comme DigiDuck. Gr\u00e2ce \u00e0 notre \u00e9quipe et \u00e0 nos prestataires de services, vous pouvez faire enti\u00e8rement confiance \u00e0 une plateforme s\u00fbre et fiable qui r\u00e9pond \u00e0 vos besoins et \u00e0 vos int\u00e9r\u00eats.<\/p>\n<hr class=\"wp-block-separator has-alpha-channel-opacity\" \/>\n<p>Gr\u00e2ce \u00e0 des formations annuelles, nous formons continuellement notre \u00e9quipe aux questions de s\u00e9curit\u00e9 de l&rsquo;information et la sensibilisons ainsi \u00e0 leur importance. Tous nos d\u00e9veloppeurs participent r\u00e9guli\u00e8rement \u00e0 des formations sur la s\u00e9curit\u00e9 afin d&rsquo;\u00eatre toujours au courant des risques typiques li\u00e9s au d\u00e9veloppement et \u00e0 la protection des donn\u00e9es des clients.<\/p>\n<p>En outre, tous les collaborateurs et prestataires de services externes s&rsquo;engagent \u00e0 respecter les directives de s\u00e9curit\u00e9 convenues, qui r\u00e9gissent entre autres la confidentialit\u00e9, la protection des donn\u00e9es et la notification des incidents de s\u00e9curit\u00e9.<\/p>\n<hr class=\"wp-block-separator has-alpha-channel-opacity\" \/>\n<p>Dans les accords pass\u00e9s avec nos clients, il y a bien s\u00fbr des clauses de confidentialit\u00e9. En outre, toute l&rsquo;\u00e9quipe ainsi que nos prestataires de services externes sont tenus de signer des accords de confidentialit\u00e9 qui prot\u00e8gent les donn\u00e9es des clients. Dans le cadre de notre processus de v\u00e9rification des fournisseurs, nous avons des accords de confidentialit\u00e9 avec tous les prestataires de services qui traitent les donn\u00e9es personnelles ou les informations confidentielles de nos clients.<\/p>\n<hr class=\"wp-block-separator has-alpha-channel-opacity\" \/>\n<p>Nous avons mis en place un syst\u00e8me de s\u00e9curit\u00e9 afin de minimiser les perturbations et autres impr\u00e9vus :<\/p>\n<ul>\n<li>Utilisation de prestataires de services de pointe pour soutenir notre plateforme. Fabriqu\u00e9 en Allemagne.<\/li>\n<li>Nous effectuons des sauvegardes quotidiennes de tous les syst\u00e8mes pertinents, qui sont stock\u00e9es jusqu&rsquo;\u00e0 un mois sur des sites g\u00e9o-redondants. Celles-ci sont disponibles pour la restauration en cas d&rsquo;incident.<\/li>\n<li>Le mode double. Tous les syst\u00e8mes de production fonctionnent en mode double afin d&rsquo;assurer une protection contre les d\u00e9faillances \u00e0 r\u00e9action rapide.<\/li>\n<\/ul>\n<hr class=\"wp-block-separator has-alpha-channel-opacity\" \/>\n<p>L&rsquo;acc\u00e8s \u00e0 nos syst\u00e8mes de production est limit\u00e9 \u00e0 un cercle aussi restreint que possible de personnes responsables de la maintenance et de l&rsquo;exploitation. Nous suivons \u00e0 cet \u00e9gard le principe du moindre privil\u00e8ge.<\/p>\n<hr class=\"wp-block-separator has-alpha-channel-opacity\" \/>\n<p>Nos serveurs sont situ\u00e9s au c\u0153ur de la Rh\u00e9nanie-du-Nord-Westphalie, \u00e0 Cologne. Notre prestataire de services PlusServer, leader allemand des fournisseurs de services de donn\u00e9es multi-cloud, est le garant d&rsquo;une stabilit\u00e9 maximale en termes de performances.<\/p>\n<hr class=\"wp-block-separator has-alpha-channel-opacity\" \/>\n<p>Essayez DigiDuck d\u00e8s maintenant et transformez l&rsquo;apprentissage n\u00e9cessaire pour vos collaborateurs en une nouvelle \u00e8re !<\/p>\n<hr class=\"wp-block-separator has-alpha-channel-opacity\" \/>\n<a href=\"\/fr\/tester-gratuitement\/\" target=\"_self\" class=\"btn-white-full btn btn-primary\">Essayer DigiDuck gratuitement d\u00e8s maintenant<\/a>\n","protected":false},"excerpt":{"rendered":"<p>NOTRE CONCEPT DE S\u00c9CURIT\u00c9 POUR VOTRE PROTECTION ! Les exigences de nos clients en mati\u00e8re de s\u00e9curit\u00e9 et de protection des donn\u00e9es sont tr\u00e8s diverses. Pour y r\u00e9pondre, la s\u00e9curit\u00e9 est une priorit\u00e9 absolue pour notre plateforme et nos activit\u00e9s. Notre infrastructure professionnelle prot\u00e8ge vos donn\u00e9es tout au long de leur cycle de vie au [&hellip;]<\/p>\n","protected":false},"author":4,"featured_media":0,"parent":0,"menu_order":0,"comment_status":"closed","ping_status":"closed","template":"","meta":{"_acf_changed":false,"footnotes":""},"class_list":["post-81","page","type-page","status-publish","hentry"],"acf":[],"yoast_head":"<!-- This site is optimized with the Yoast SEO plugin v27.1.1 - https:\/\/yoast.com\/product\/yoast-seo-wordpress\/ -->\n<title>S\u00e9curit\u00e9<\/title>\n<meta name=\"description\" content=\"NOTRE CONCEPT DE S\u00c9CURIT\u00c9 POUR VOTRE PROTECTION ! Les exigences de nos clients en mati\u00e8re de s\u00e9curit\u00e9 et de protection des donn\u00e9es sont tr\u00e8s diverses. Pour y r\u00e9pondre, la s\u00e9curit\u00e9 est une priorit\u00e9 absolue pour notre plateforme et nos activit\u00e9s. Notre infrastructure professionnelle prot\u00e8ge vos donn\u00e9es tout au long de leur cycle de vie au\u2026\" \/>\n<meta name=\"robots\" content=\"index, follow, max-snippet:-1, max-image-preview:large, max-video-preview:-1\" \/>\n<link rel=\"canonical\" href=\"http:\/\/NOTRE%20CONCEPT%20DE%20S\u00c9CURIT\u00c9%20POUR%20VOTRE%20PROTECTION%20!%20Les%20exigences%20de%20nos%20clients%20en%20mati\u00e8re%20de%20s\u00e9curit\u00e9%20et%20de%20protection%20des%20donn\u00e9es%20sont%20tr\u00e8s%20diverses.%20Pour%20y%20r\u00e9pondre,%20la%20s\u00e9curit\u00e9%20est%20une%20priorit\u00e9%20absolue%20pour%20notre%20plateforme%20et%20nos%20activit\u00e9s.%20Notre%20infrastructure%20professionnelle%20prot\u00e8ge%20vos%20donn\u00e9es%20tout%20au%20long%20de%20leur%20cycle%20de%20vie%20au\u2026\" \/>\n<meta property=\"og:locale\" content=\"fr_FR\" \/>\n<meta property=\"og:type\" content=\"article\" \/>\n<meta property=\"og:title\" content=\"S\u00e9curit\u00e9\" \/>\n<meta property=\"og:description\" content=\"NOTRE CONCEPT DE S\u00c9CURIT\u00c9 POUR VOTRE PROTECTION ! Les exigences de nos clients en mati\u00e8re de s\u00e9curit\u00e9 et de protection des donn\u00e9es sont tr\u00e8s diverses. Pour y r\u00e9pondre, la s\u00e9curit\u00e9 est une priorit\u00e9 absolue pour notre plateforme et nos activit\u00e9s. Notre infrastructure professionnelle prot\u00e8ge vos donn\u00e9es tout au long de leur cycle de vie au\u2026\" \/>\n<meta property=\"og:url\" content=\"https:\/\/www.digi-duck.com\/fr\/securite\/\" \/>\n<meta property=\"og:site_name\" content=\"DigiDuck\" \/>\n<meta property=\"article:publisher\" content=\"https:\/\/www.facebook.com\/profile.php?id=61558494354505\" \/>\n<meta property=\"article:modified_time\" content=\"2023-01-18T17:16:41+00:00\" \/>\n<meta name=\"twitter:card\" content=\"summary_large_image\" \/>\n<meta name=\"twitter:label1\" content=\"Dur\u00e9e de lecture estim\u00e9e\" \/>\n\t<meta name=\"twitter:data1\" content=\"2 minutes\" \/>\n<script type=\"application\/ld+json\" class=\"yoast-schema-graph\">{\"@context\":\"https:\/\/schema.org\",\"@graph\":[{\"@type\":\"WebPage\",\"@id\":\"https:\/\/www.digi-duck.com\/fr\/securite\/\",\"url\":\"https:\/\/www.digi-duck.com\/fr\/securite\/\",\"name\":\"Sicherheit - DigiDuck\",\"isPartOf\":{\"@id\":\"https:\/\/www.digi-duck.com\/#website\"},\"datePublished\":\"2022-07-23T08:42:47+00:00\",\"dateModified\":\"2023-01-18T17:16:41+00:00\",\"breadcrumb\":{\"@id\":\"https:\/\/www.digi-duck.com\/fr\/securite\/#breadcrumb\"},\"inLanguage\":\"fr-FR\",\"potentialAction\":[{\"@type\":\"ReadAction\",\"target\":[\"https:\/\/www.digi-duck.com\/fr\/securite\/\"]}]},{\"@type\":\"BreadcrumbList\",\"@id\":\"https:\/\/www.digi-duck.com\/fr\/securite\/#breadcrumb\",\"itemListElement\":[{\"@type\":\"ListItem\",\"position\":1,\"name\":\"Page d'accueil\",\"item\":\"https:\/\/www.digi-duck.com\/\"},{\"@type\":\"ListItem\",\"position\":2,\"name\":\"S\u00e9curit\u00e9\"}]},{\"@type\":\"WebSite\",\"@id\":\"https:\/\/www.digi-duck.com\/fr\/#website\",\"url\":\"https:\/\/www.digi-duck.com\/fr\/\",\"name\":\"DigiDuck\",\"description\":\"Ihr digitaler Qualifikationspartner\",\"publisher\":{\"@id\":\"https:\/\/www.digi-duck.com\/fr\/#organization\"},\"potentialAction\":[{\"@type\":\"SearchAction\",\"target\":{\"@type\":\"EntryPoint\",\"urlTemplate\":\"https:\/\/www.digi-duck.com\/fr\/?s={search_term_string}\"},\"query-input\":{\"@type\":\"PropertyValueSpecification\",\"valueRequired\":true,\"valueName\":\"search_term_string\"}}],\"inLanguage\":\"fr-FR\"},{\"@type\":\"Organization\",\"@id\":\"https:\/\/www.digi-duck.com\/fr\/#organization\",\"name\":\"DigiDuck GmbH\",\"url\":\"https:\/\/www.digi-duck.com\/fr\/\",\"logo\":{\"@type\":\"ImageObject\",\"inLanguage\":\"fr-FR\",\"@id\":\"https:\/\/www.digi-duck.com\/fr\/#\/schema\/logo\/image\/\",\"url\":\"https:\/\/www.digi-duck.com\/wp-content\/uploads\/2024\/08\/DigiDuck_Logo_App_Colored.png\",\"contentUrl\":\"https:\/\/www.digi-duck.com\/wp-content\/uploads\/2024\/08\/DigiDuck_Logo_App_Colored.png\",\"width\":2000,\"height\":2000,\"caption\":\"DigiDuck GmbH\"},\"image\":{\"@id\":\"https:\/\/www.digi-duck.com\/fr\/#\/schema\/logo\/image\/\"},\"sameAs\":[\"https:\/\/www.facebook.com\/profile.php?id=61558494354505\",\"https:\/\/www.linkedin.com\/company\/digiduck-gmbh\",\"https:\/\/www.xing.com\/pages\/digiduck-gmbh\"]}]}<\/script>\n<!-- \/ Yoast SEO plugin. -->","yoast_head_json":{"title":"S\u00e9curit\u00e9","description":"NOTRE CONCEPT DE S\u00c9CURIT\u00c9 POUR VOTRE PROTECTION ! Les exigences de nos clients en mati\u00e8re de s\u00e9curit\u00e9 et de protection des donn\u00e9es sont tr\u00e8s diverses. Pour y r\u00e9pondre, la s\u00e9curit\u00e9 est une priorit\u00e9 absolue pour notre plateforme et nos activit\u00e9s. Notre infrastructure professionnelle prot\u00e8ge vos donn\u00e9es tout au long de leur cycle de vie au\u2026","robots":{"index":"index","follow":"follow","max-snippet":"max-snippet:-1","max-image-preview":"max-image-preview:large","max-video-preview":"max-video-preview:-1"},"canonical":"NOTRE CONCEPT DE S\u00c9CURIT\u00c9 POUR VOTRE PROTECTION ! Les exigences de nos clients en mati\u00e8re de s\u00e9curit\u00e9 et de protection des donn\u00e9es sont tr\u00e8s diverses. Pour y r\u00e9pondre, la s\u00e9curit\u00e9 est une priorit\u00e9 absolue pour notre plateforme et nos activit\u00e9s. Notre infrastructure professionnelle prot\u00e8ge vos donn\u00e9es tout au long de leur cycle de vie au\u2026","og_locale":"fr_FR","og_type":"article","og_title":"S\u00e9curit\u00e9","og_description":"NOTRE CONCEPT DE S\u00c9CURIT\u00c9 POUR VOTRE PROTECTION ! Les exigences de nos clients en mati\u00e8re de s\u00e9curit\u00e9 et de protection des donn\u00e9es sont tr\u00e8s diverses. Pour y r\u00e9pondre, la s\u00e9curit\u00e9 est une priorit\u00e9 absolue pour notre plateforme et nos activit\u00e9s. Notre infrastructure professionnelle prot\u00e8ge vos donn\u00e9es tout au long de leur cycle de vie au\u2026","og_url":"https:\/\/www.digi-duck.com\/fr\/securite\/","og_site_name":"DigiDuck","article_publisher":"https:\/\/www.facebook.com\/profile.php?id=61558494354505","article_modified_time":"2023-01-18T17:16:41+00:00","twitter_card":"summary_large_image","twitter_misc":{"Dur\u00e9e de lecture estim\u00e9e":"2 minutes"},"schema":{"@context":"https:\/\/schema.org","@graph":[{"@type":"WebPage","@id":"https:\/\/www.digi-duck.com\/fr\/securite\/","url":"https:\/\/www.digi-duck.com\/fr\/securite\/","name":"Sicherheit - DigiDuck","isPartOf":{"@id":"https:\/\/www.digi-duck.com\/#website"},"datePublished":"2022-07-23T08:42:47+00:00","dateModified":"2023-01-18T17:16:41+00:00","breadcrumb":{"@id":"https:\/\/www.digi-duck.com\/fr\/securite\/#breadcrumb"},"inLanguage":"fr-FR","potentialAction":[{"@type":"ReadAction","target":["https:\/\/www.digi-duck.com\/fr\/securite\/"]}]},{"@type":"BreadcrumbList","@id":"https:\/\/www.digi-duck.com\/fr\/securite\/#breadcrumb","itemListElement":[{"@type":"ListItem","position":1,"name":"Page d'accueil","item":"https:\/\/www.digi-duck.com\/"},{"@type":"ListItem","position":2,"name":"S\u00e9curit\u00e9"}]},{"@type":"WebSite","@id":"https:\/\/www.digi-duck.com\/fr\/#website","url":"https:\/\/www.digi-duck.com\/fr\/","name":"DigiDuck","description":"Ihr digitaler Qualifikationspartner","publisher":{"@id":"https:\/\/www.digi-duck.com\/fr\/#organization"},"potentialAction":[{"@type":"SearchAction","target":{"@type":"EntryPoint","urlTemplate":"https:\/\/www.digi-duck.com\/fr\/?s={search_term_string}"},"query-input":{"@type":"PropertyValueSpecification","valueRequired":true,"valueName":"search_term_string"}}],"inLanguage":"fr-FR"},{"@type":"Organization","@id":"https:\/\/www.digi-duck.com\/fr\/#organization","name":"DigiDuck GmbH","url":"https:\/\/www.digi-duck.com\/fr\/","logo":{"@type":"ImageObject","inLanguage":"fr-FR","@id":"https:\/\/www.digi-duck.com\/fr\/#\/schema\/logo\/image\/","url":"https:\/\/www.digi-duck.com\/wp-content\/uploads\/2024\/08\/DigiDuck_Logo_App_Colored.png","contentUrl":"https:\/\/www.digi-duck.com\/wp-content\/uploads\/2024\/08\/DigiDuck_Logo_App_Colored.png","width":2000,"height":2000,"caption":"DigiDuck GmbH"},"image":{"@id":"https:\/\/www.digi-duck.com\/fr\/#\/schema\/logo\/image\/"},"sameAs":["https:\/\/www.facebook.com\/profile.php?id=61558494354505","https:\/\/www.linkedin.com\/company\/digiduck-gmbh","https:\/\/www.xing.com\/pages\/digiduck-gmbh"]}]}},"post_mailing_queue_ids":[],"_links":{"self":[{"href":"https:\/\/www.digi-duck.com\/fr\/wp-json\/wp\/v2\/pages\/81","targetHints":{"allow":["GET"]}}],"collection":[{"href":"https:\/\/www.digi-duck.com\/fr\/wp-json\/wp\/v2\/pages"}],"about":[{"href":"https:\/\/www.digi-duck.com\/fr\/wp-json\/wp\/v2\/types\/page"}],"author":[{"embeddable":true,"href":"https:\/\/www.digi-duck.com\/fr\/wp-json\/wp\/v2\/users\/4"}],"replies":[{"embeddable":true,"href":"https:\/\/www.digi-duck.com\/fr\/wp-json\/wp\/v2\/comments?post=81"}],"version-history":[{"count":3,"href":"https:\/\/www.digi-duck.com\/fr\/wp-json\/wp\/v2\/pages\/81\/revisions"}],"predecessor-version":[{"id":382,"href":"https:\/\/www.digi-duck.com\/fr\/wp-json\/wp\/v2\/pages\/81\/revisions\/382"}],"wp:attachment":[{"href":"https:\/\/www.digi-duck.com\/fr\/wp-json\/wp\/v2\/media?parent=81"}],"curies":[{"name":"wp","href":"https:\/\/api.w.org\/{rel}","templated":true}]}}