{"id":83,"date":"2022-07-23T10:42:57","date_gmt":"2022-07-23T08:42:57","guid":{"rendered":"https:\/\/www.digi-duck.com\/?page_id=83"},"modified":"2022-10-25T13:07:31","modified_gmt":"2022-10-25T11:07:31","slug":"support-center","status":"publish","type":"page","link":"https:\/\/www.digi-duck.com\/fr\/support-center\/","title":{"rendered":"Centre d'assistance"},"content":{"rendered":"<p>CENTRE D&rsquo;ASSISTANCE &#8211;<br \/>NOUS SOMMES L\u00c0 POUR VOUS AIDER.<\/p>\n<hr class=\"wp-block-separator has-alpha-channel-opacity\">\n<p>Trouvez les r\u00e9ponses aux questions les plus fr\u00e9quemment pos\u00e9es et obtenez des informations sur DigiDuck et plus encore dans la rubrique <a href=\"http:\/\/digiduck.web\/faq\/\">FAQ &amp; Aide<\/a><\/p>\n<hr class=\"wp-block-separator has-alpha-channel-opacity\">\n<p>VOUS AVEZ UNE QUESTION QUE VOUS N&rsquo;AVEZ PAS TROUV\u00c9E L\u00c0 ?<\/p>\n<hr class=\"wp-block-separator has-alpha-channel-opacity\">\n<p>Vous pouvez contacter notre \u00e9quipe d&rsquo;assistance ici.<\/p>\n<hr class=\"wp-block-separator has-alpha-channel-opacity\">\n<p>SOUMETTRE UNE DEMANDE<\/p>\n","protected":false},"excerpt":{"rendered":"<p>CENTRE D&rsquo;ASSISTANCE &#8211;NOUS SOMMES L\u00c0 POUR VOUS AIDER. Trouvez les r\u00e9ponses aux questions les plus fr\u00e9quemment pos\u00e9es et obtenez des informations sur DigiDuck et plus encore dans la rubrique FAQ &amp; Aide VOUS AVEZ UNE QUESTION QUE VOUS N&rsquo;AVEZ PAS TROUV\u00c9E L\u00c0 ? Vous pouvez contacter notre \u00e9quipe d&rsquo;assistance ici. SOUMETTRE UNE DEMANDE<\/p>\n","protected":false},"author":4,"featured_media":0,"parent":0,"menu_order":0,"comment_status":"closed","ping_status":"closed","template":"","meta":{"_acf_changed":false,"footnotes":""},"class_list":["post-83","page","type-page","status-publish","hentry"],"acf":[],"yoast_head":"<!-- This site is optimized with the Yoast SEO plugin v27.1.1 - https:\/\/yoast.com\/product\/yoast-seo-wordpress\/ -->\n<title>Centre d&#039;assistance<\/title>\n<meta name=\"description\" content=\"CENTRE D&#039;ASSISTANCE -NOUS SOMMES L\u00c0 POUR VOUS AIDER. Trouvez les r\u00e9ponses aux questions les plus fr\u00e9quemment pos\u00e9es et obtenez des informations sur DigiDuck et plus encore dans la rubrique FAQ &amp; Aide VOUS AVEZ UNE QUESTION QUE VOUS N&#039;AVEZ PAS TROUV\u00c9E L\u00c0 ? Vous pouvez contacter notre \u00e9quipe d&#039;assistance ici. SOUMETTRE UNE DEMANDE\" \/>\n<meta name=\"robots\" content=\"index, follow, max-snippet:-1, max-image-preview:large, max-video-preview:-1\" \/>\n<link rel=\"canonical\" href=\"http:\/\/CENTRE%20D'ASSISTANCE%20-NOUS%20SOMMES%20L\u00c0%20POUR%20VOUS%20AIDER.%20Trouvez%20les%20r\u00e9ponses%20aux%20questions%20les%20plus%20fr\u00e9quemment%20pos\u00e9es%20et%20obtenez%20des%20informations%20sur%20DigiDuck%20et%20plus%20encore%20dans%20la%20rubrique%20FAQ%20&amp;%20Aide%20VOUS%20AVEZ%20UNE%20QUESTION%20QUE%20VOUS%20N'AVEZ%20PAS%20TROUV\u00c9E%20L\u00c0%20?%20Vous%20pouvez%20contacter%20notre%20\u00e9quipe%20d'assistance%20ici.%20SOUMETTRE%20UNE%20DEMANDE\" \/>\n<meta property=\"og:locale\" content=\"fr_FR\" \/>\n<meta property=\"og:type\" content=\"article\" \/>\n<meta property=\"og:title\" content=\"Centre d&#039;assistance\" \/>\n<meta property=\"og:description\" content=\"CENTRE D&#039;ASSISTANCE -NOUS SOMMES L\u00c0 POUR VOUS AIDER. Trouvez les r\u00e9ponses aux questions les plus fr\u00e9quemment pos\u00e9es et obtenez des informations sur DigiDuck et plus encore dans la rubrique FAQ &amp; Aide VOUS AVEZ UNE QUESTION QUE VOUS N&#039;AVEZ PAS TROUV\u00c9E L\u00c0 ? Vous pouvez contacter notre \u00e9quipe d&#039;assistance ici. SOUMETTRE UNE DEMANDE\" \/>\n<meta property=\"og:url\" content=\"https:\/\/www.digi-duck.com\/fr\/support-center\/\" \/>\n<meta property=\"og:site_name\" content=\"DigiDuck\" \/>\n<meta property=\"article:publisher\" content=\"https:\/\/www.facebook.com\/profile.php?id=61558494354505\" \/>\n<meta property=\"article:modified_time\" content=\"2022-10-25T11:07:31+00:00\" \/>\n<meta name=\"twitter:card\" content=\"summary_large_image\" \/>\n<script type=\"application\/ld+json\" class=\"yoast-schema-graph\">{\"@context\":\"https:\/\/schema.org\",\"@graph\":[{\"@type\":\"WebPage\",\"@id\":\"https:\/\/www.digi-duck.com\/fr\/support-center\/\",\"url\":\"https:\/\/www.digi-duck.com\/fr\/support-center\/\",\"name\":\"Support Center - DigiDuck\",\"isPartOf\":{\"@id\":\"https:\/\/www.digi-duck.com\/#website\"},\"datePublished\":\"2022-07-23T08:42:57+00:00\",\"dateModified\":\"2022-10-25T11:07:31+00:00\",\"breadcrumb\":{\"@id\":\"https:\/\/www.digi-duck.com\/fr\/support-center\/#breadcrumb\"},\"inLanguage\":\"fr-FR\",\"potentialAction\":[{\"@type\":\"ReadAction\",\"target\":[\"https:\/\/www.digi-duck.com\/fr\/support-center\/\"]}]},{\"@type\":\"BreadcrumbList\",\"@id\":\"https:\/\/www.digi-duck.com\/fr\/support-center\/#breadcrumb\",\"itemListElement\":[{\"@type\":\"ListItem\",\"position\":1,\"name\":\"Page d'accueil\",\"item\":\"https:\/\/www.digi-duck.com\/\"},{\"@type\":\"ListItem\",\"position\":2,\"name\":\"Centre d'assistance\"}]},{\"@type\":\"WebSite\",\"@id\":\"https:\/\/www.digi-duck.com\/fr\/#website\",\"url\":\"https:\/\/www.digi-duck.com\/fr\/\",\"name\":\"DigiDuck\",\"description\":\"Ihr digitaler Qualifikationspartner\",\"publisher\":{\"@id\":\"https:\/\/www.digi-duck.com\/fr\/#organization\"},\"potentialAction\":[{\"@type\":\"SearchAction\",\"target\":{\"@type\":\"EntryPoint\",\"urlTemplate\":\"https:\/\/www.digi-duck.com\/fr\/?s={search_term_string}\"},\"query-input\":{\"@type\":\"PropertyValueSpecification\",\"valueRequired\":true,\"valueName\":\"search_term_string\"}}],\"inLanguage\":\"fr-FR\"},{\"@type\":\"Organization\",\"@id\":\"https:\/\/www.digi-duck.com\/fr\/#organization\",\"name\":\"DigiDuck GmbH\",\"url\":\"https:\/\/www.digi-duck.com\/fr\/\",\"logo\":{\"@type\":\"ImageObject\",\"inLanguage\":\"fr-FR\",\"@id\":\"https:\/\/www.digi-duck.com\/fr\/#\/schema\/logo\/image\/\",\"url\":\"https:\/\/www.digi-duck.com\/wp-content\/uploads\/2024\/08\/DigiDuck_Logo_App_Colored.png\",\"contentUrl\":\"https:\/\/www.digi-duck.com\/wp-content\/uploads\/2024\/08\/DigiDuck_Logo_App_Colored.png\",\"width\":2000,\"height\":2000,\"caption\":\"DigiDuck GmbH\"},\"image\":{\"@id\":\"https:\/\/www.digi-duck.com\/fr\/#\/schema\/logo\/image\/\"},\"sameAs\":[\"https:\/\/www.facebook.com\/profile.php?id=61558494354505\",\"https:\/\/www.linkedin.com\/company\/digiduck-gmbh\",\"https:\/\/www.xing.com\/pages\/digiduck-gmbh\"]}]}<\/script>\n<!-- \/ Yoast SEO plugin. -->","yoast_head_json":{"title":"Centre d'assistance","description":"CENTRE D'ASSISTANCE -NOUS SOMMES L\u00c0 POUR VOUS AIDER. Trouvez les r\u00e9ponses aux questions les plus fr\u00e9quemment pos\u00e9es et obtenez des informations sur DigiDuck et plus encore dans la rubrique FAQ &amp; Aide VOUS AVEZ UNE QUESTION QUE VOUS N'AVEZ PAS TROUV\u00c9E L\u00c0 ? Vous pouvez contacter notre \u00e9quipe d'assistance ici. SOUMETTRE UNE DEMANDE","robots":{"index":"index","follow":"follow","max-snippet":"max-snippet:-1","max-image-preview":"max-image-preview:large","max-video-preview":"max-video-preview:-1"},"canonical":"CENTRE D'ASSISTANCE -NOUS SOMMES L\u00c0 POUR VOUS AIDER. Trouvez les r\u00e9ponses aux questions les plus fr\u00e9quemment pos\u00e9es et obtenez des informations sur DigiDuck et plus encore dans la rubrique FAQ &amp; Aide VOUS AVEZ UNE QUESTION QUE VOUS N'AVEZ PAS TROUV\u00c9E L\u00c0 ? Vous pouvez contacter notre \u00e9quipe d'assistance ici. SOUMETTRE UNE DEMANDE","og_locale":"fr_FR","og_type":"article","og_title":"Centre d'assistance","og_description":"CENTRE D'ASSISTANCE -NOUS SOMMES L\u00c0 POUR VOUS AIDER. Trouvez les r\u00e9ponses aux questions les plus fr\u00e9quemment pos\u00e9es et obtenez des informations sur DigiDuck et plus encore dans la rubrique FAQ &amp; Aide VOUS AVEZ UNE QUESTION QUE VOUS N'AVEZ PAS TROUV\u00c9E L\u00c0 ? Vous pouvez contacter notre \u00e9quipe d'assistance ici. SOUMETTRE UNE DEMANDE","og_url":"https:\/\/www.digi-duck.com\/fr\/support-center\/","og_site_name":"DigiDuck","article_publisher":"https:\/\/www.facebook.com\/profile.php?id=61558494354505","article_modified_time":"2022-10-25T11:07:31+00:00","twitter_card":"summary_large_image","schema":{"@context":"https:\/\/schema.org","@graph":[{"@type":"WebPage","@id":"https:\/\/www.digi-duck.com\/fr\/support-center\/","url":"https:\/\/www.digi-duck.com\/fr\/support-center\/","name":"Support Center - DigiDuck","isPartOf":{"@id":"https:\/\/www.digi-duck.com\/#website"},"datePublished":"2022-07-23T08:42:57+00:00","dateModified":"2022-10-25T11:07:31+00:00","breadcrumb":{"@id":"https:\/\/www.digi-duck.com\/fr\/support-center\/#breadcrumb"},"inLanguage":"fr-FR","potentialAction":[{"@type":"ReadAction","target":["https:\/\/www.digi-duck.com\/fr\/support-center\/"]}]},{"@type":"BreadcrumbList","@id":"https:\/\/www.digi-duck.com\/fr\/support-center\/#breadcrumb","itemListElement":[{"@type":"ListItem","position":1,"name":"Page d'accueil","item":"https:\/\/www.digi-duck.com\/"},{"@type":"ListItem","position":2,"name":"Centre d'assistance"}]},{"@type":"WebSite","@id":"https:\/\/www.digi-duck.com\/fr\/#website","url":"https:\/\/www.digi-duck.com\/fr\/","name":"DigiDuck","description":"Ihr digitaler Qualifikationspartner","publisher":{"@id":"https:\/\/www.digi-duck.com\/fr\/#organization"},"potentialAction":[{"@type":"SearchAction","target":{"@type":"EntryPoint","urlTemplate":"https:\/\/www.digi-duck.com\/fr\/?s={search_term_string}"},"query-input":{"@type":"PropertyValueSpecification","valueRequired":true,"valueName":"search_term_string"}}],"inLanguage":"fr-FR"},{"@type":"Organization","@id":"https:\/\/www.digi-duck.com\/fr\/#organization","name":"DigiDuck GmbH","url":"https:\/\/www.digi-duck.com\/fr\/","logo":{"@type":"ImageObject","inLanguage":"fr-FR","@id":"https:\/\/www.digi-duck.com\/fr\/#\/schema\/logo\/image\/","url":"https:\/\/www.digi-duck.com\/wp-content\/uploads\/2024\/08\/DigiDuck_Logo_App_Colored.png","contentUrl":"https:\/\/www.digi-duck.com\/wp-content\/uploads\/2024\/08\/DigiDuck_Logo_App_Colored.png","width":2000,"height":2000,"caption":"DigiDuck GmbH"},"image":{"@id":"https:\/\/www.digi-duck.com\/fr\/#\/schema\/logo\/image\/"},"sameAs":["https:\/\/www.facebook.com\/profile.php?id=61558494354505","https:\/\/www.linkedin.com\/company\/digiduck-gmbh","https:\/\/www.xing.com\/pages\/digiduck-gmbh"]}]}},"post_mailing_queue_ids":[],"_links":{"self":[{"href":"https:\/\/www.digi-duck.com\/fr\/wp-json\/wp\/v2\/pages\/83","targetHints":{"allow":["GET"]}}],"collection":[{"href":"https:\/\/www.digi-duck.com\/fr\/wp-json\/wp\/v2\/pages"}],"about":[{"href":"https:\/\/www.digi-duck.com\/fr\/wp-json\/wp\/v2\/types\/page"}],"author":[{"embeddable":true,"href":"https:\/\/www.digi-duck.com\/fr\/wp-json\/wp\/v2\/users\/4"}],"replies":[{"embeddable":true,"href":"https:\/\/www.digi-duck.com\/fr\/wp-json\/wp\/v2\/comments?post=83"}],"version-history":[{"count":2,"href":"https:\/\/www.digi-duck.com\/fr\/wp-json\/wp\/v2\/pages\/83\/revisions"}],"predecessor-version":[{"id":291,"href":"https:\/\/www.digi-duck.com\/fr\/wp-json\/wp\/v2\/pages\/83\/revisions\/291"}],"wp:attachment":[{"href":"https:\/\/www.digi-duck.com\/fr\/wp-json\/wp\/v2\/media?parent=83"}],"curies":[{"name":"wp","href":"https:\/\/api.w.org\/{rel}","templated":true}]}}