{"id":40,"date":"2022-07-22T09:24:01","date_gmt":"2022-07-22T07:24:01","guid":{"rendered":"https:\/\/www.digi-duck.com\/?page_id=40"},"modified":"2025-09-02T14:46:28","modified_gmt":"2025-09-02T12:46:28","slug":"impressum","status":"publish","type":"page","link":"https:\/\/www.digi-duck.com\/nl\/impressum\/","title":{"rendered":"Afdruk"},"content":{"rendered":"<p>IMPRINT<\/p>\n<hr class=\"wp-block-separator has-alpha-channel-opacity\">\n<p>Informatie volgens \u00a7 5 TMG<\/p>\n<p><strong>DigiDuck GmbH<\/strong><br \/>Poststra\u00dfe 61<br \/>41516 Grevenbroich<\/p>\n<p>Handelsregister: HRB 20777<\/p>\n<p>Gerechtshof: Rechtbank van M\u00f6nchengladbach<\/p>\n<p>Directie: Thorsten P\u00fctz<\/p>\n<p>Raad van advies: Harald Meurer, Peter Wirth<\/p>\n<p>Telefoon: <a href=\"&#116;&#101;&#x6c;:&#43;&#x34;&#x39;2&#49;&#x38;&#x31;2&#55;&#x33;8&#52;&#x39;&#x30;\">+&#52;&#x39;&#x20;2&#49;&#56;&#x31;&#x20;2&#55;&#51;&#x20;&#x38;4&#57;&#x20;&#x30;<\/a><br \/>E-mail: <a href=\"&#109;&#x61;i&#x6c;t&#111;&#x3a;&#105;&#x6e;f&#111;&#x40;&#100;&#x69;g&#x69;&#x2d;&#100;&#x75;c&#x6b;&#46;&#99;&#x6f;&#109;\">&#x69;n&#x66;&#111;&#x40;&#100;&#x69;&#x67;i&#x2d;&#100;&#x75;&#99;&#x6b;&#46;c&#x6f;&#109;<\/a><\/p>\n<p>Identificatienummer omzetbelasting volgens \u00a7 27 a Umsatzsteuergesetz: DE351948314<\/p>\n<h5>EU-GESCHILLENBESLECHTING<\/h5>\n<p>De Europese Commissie biedt een platform voor online geschillenbeslechting (OS): https:\/\/ec.europa.eu\/consumers\/odr. U vindt ons e-mailadres in het impressum hierboven.<\/p>\n<h5>BESLECHTING VAN CONSUMENTENGESCHILLEN\/UNIVERSELE DIENST VOOR GESCHILLENBESLECHTING<\/h5>\n<p>Wij zijn niet bereid of verplicht deel te nemen aan geschillenbeslechtingsprocedures voor een arbitragecommissie voor consumenten<\/p>\n<h5>AANSPRAKELIJKHEID VOOR INHOUD<\/h5>\n<p>Als dienstverlener zijn wij verantwoordelijk voor onze eigen inhoud op deze pagina&#8217;s in overeenstemming met de algemene wetten volgens \u00a7 7 para. 1 TMG (Duitse Telemediawet). Volgens \u00a7\u00a7 8 tot 10 TMG zijn wij als dienstverlener echter niet verplicht doorgegeven of opgeslagen informatie van derden te controleren of omstandigheden te onderzoeken die wijzen op illegale activiteiten.<\/p>\n<p>Verplichtingen tot verwijdering of blokkering van het gebruik van informatie overeenkomstig de algemene wetgeving blijven hierdoor onverlet. Deze aansprakelijkheid is echter pas mogelijk vanaf het moment waarop een concrete inbreuk op de wet bekend wordt. Indien wij kennis nemen van dergelijke inbreuken, zullen wij de desbetreffende inhoud onmiddellijk verwijderen.<\/p>\n<h5>AANSPRAKELIJKHEID VOOR LINKS<\/h5>\n<p>Onze website bevat links naar externe websites van derden op de inhoud waarvan wij geen invloed hebben. Daarom kunnen wij geen aansprakelijkheid aanvaarden voor deze externe inhoud. Voor de inhoud van de gelinkte pagina&#8217;s is steeds de desbetreffende aanbieder of exploitant van de pagina&#8217;s verantwoordelijk. De gelinkte pagina&#8217;s werden op het moment van linken gecontroleerd op mogelijke wetsovertredingen. Illegale inhoud was op het moment van koppelen niet herkenbaar.<\/p>\n<p>Permanent toezicht op de inhoud van de gelinkte pagina&#8217;s is echter niet redelijk zonder concrete aanwijzingen van een wetsovertreding. Als wij kennis krijgen van wetsovertredingen, zullen wij dergelijke links onmiddellijk verwijderen.<\/p>\n<h5>COPYRIGHT<\/h5>\n<p>De door de sitebeheerders gemaakte inhoud en werken op deze pagina&#8217;s vallen onder het Duitse auteursrecht. Duplicatie, verwerking, distributie of enige vorm van commercialisering van dergelijk materiaal buiten het bereik van de auteurswet vereist de voorafgaande schriftelijke toestemming van de respectieve auteur of maker. Downloads en kopie\u00ebn van deze site zijn alleen toegestaan voor particulier, niet-commercieel gebruik.<\/p>\n<p>Voor zover de inhoud van deze site niet door de exploitant is gemaakt, worden de auteursrechten van derden gerespecteerd. Met name inhoud van derden wordt als zodanig gemarkeerd. Mocht u desondanks kennis krijgen van een inbreuk op het auteursrecht, dan verzoeken wij u ons daarvan op de hoogte te stellen. Als wij kennis krijgen van inbreuken, zullen wij deze inhoud onmiddellijk verwijderen.<\/p>\n","protected":false},"excerpt":{"rendered":"<p>IMPRINT Informatie volgens \u00a7 5 TMG DigiDuck GmbHPoststra\u00dfe 6141516 Grevenbroich Handelsregister: HRB 20777 Gerechtshof: Rechtbank van M\u00f6nchengladbach Directie: Thorsten P\u00fctz Raad van advies: Harald Meurer, Peter Wirth Telefoon: &#43;&#x34;9&#32;&#x32;1&#56;&#x31; &#50;&#x37;3&#32;&#x38;&#52;&#x39;&#x20;&#48;E-mail: &#x69;&#110;f&#x6f;&#64;d&#x69;&#x67;&#105;&#x2d;&#x64;&#117;c&#x6b;&#46;c&#x6f;&#x6d; Identificatienummer omzetbelasting volgens \u00a7 27 a Umsatzsteuergesetz: DE351948314 EU-GESCHILLENBESLECHTING De Europese Commissie biedt een platform voor online geschillenbeslechting (OS): https:\/\/ec.europa.eu\/consumers\/odr. U vindt ons e-mailadres [&hellip;]<\/p>\n","protected":false},"author":4,"featured_media":0,"parent":0,"menu_order":0,"comment_status":"closed","ping_status":"closed","template":"","meta":{"_acf_changed":false,"footnotes":""},"class_list":["post-40","page","type-page","status-publish","hentry"],"acf":[],"yoast_head":"<!-- This site is optimized with the Yoast SEO plugin v27.1.1 - https:\/\/yoast.com\/product\/yoast-seo-wordpress\/ -->\n<title>Afdruk<\/title>\n<meta name=\"description\" content=\"IMPRINT Informatie volgens \u00a7 5 TMG DigiDuck GmbHPoststra\u00dfe 6141516 Grevenbroich Handelsregister: HRB 20777 Gerechtshof: Rechtbank van M\u00f6nchengladbach Directie: Thorsten P\u00fctz Raad van advies: Harald Meurer, Peter Wirth Telefoon: [encode link=&quot;tel:+4921812738490&quot;]+49 2181 273 849 0[\/encode]E-mail: [encode link=&quot;mailto:info@digi-duck.com&quot;]info@digi-duck.com[\/encode] Identificatienummer omzetbelasting volgens \u00a7 27 a Umsatzsteuergesetz: DE351948314 EU-GESCHILLENBESLECHTING De Europese Commissie biedt een platform voor online geschillenbeslechting (OS):&hellip;\" \/>\n<meta name=\"robots\" content=\"index, follow, max-snippet:-1, max-image-preview:large, max-video-preview:-1\" \/>\n<link rel=\"canonical\" href=\"\" \/>\n<meta property=\"og:locale\" content=\"nl_NL\" \/>\n<meta property=\"og:type\" content=\"article\" \/>\n<meta property=\"og:title\" content=\"Afdruk\" \/>\n<meta property=\"og:description\" content=\"IMPRINT Informatie volgens \u00a7 5 TMG DigiDuck GmbHPoststra\u00dfe 6141516 Grevenbroich Handelsregister: HRB 20777 Gerechtshof: Rechtbank van M\u00f6nchengladbach Directie: Thorsten P\u00fctz Raad van advies: Harald Meurer, Peter Wirth Telefoon: [encode link=&quot;tel:+4921812738490&quot;]+49 2181 273 849 0[\/encode]E-mail: [encode link=&quot;mailto:info@digi-duck.com&quot;]info@digi-duck.com[\/encode] Identificatienummer omzetbelasting volgens \u00a7 27 a Umsatzsteuergesetz: DE351948314 EU-GESCHILLENBESLECHTING De Europese Commissie biedt een platform voor online geschillenbeslechting (OS):&hellip;\" \/>\n<meta property=\"og:url\" content=\"https:\/\/www.digi-duck.com\/nl\/impressum\/\" \/>\n<meta property=\"og:site_name\" content=\"DigiDuck\" \/>\n<meta property=\"article:publisher\" content=\"https:\/\/www.facebook.com\/profile.php?id=61558494354505\" \/>\n<meta property=\"article:modified_time\" content=\"2025-09-02T12:46:28+00:00\" \/>\n<meta name=\"twitter:card\" content=\"summary_large_image\" \/>\n<meta name=\"twitter:label1\" content=\"Geschatte leestijd\" \/>\n\t<meta name=\"twitter:data1\" content=\"3 minuten\" \/>\n<script type=\"application\/ld+json\" class=\"yoast-schema-graph\">{\"@context\":\"https:\/\/schema.org\",\"@graph\":[{\"@type\":\"WebPage\",\"@id\":\"https:\/\/www.digi-duck.com\/nl\/impressum\/\",\"url\":\"https:\/\/www.digi-duck.com\/nl\/impressum\/\",\"name\":\"Impressum - DigiDuck\",\"isPartOf\":{\"@id\":\"https:\/\/www.digi-duck.com\/#website\"},\"datePublished\":\"2022-07-22T07:24:01+00:00\",\"dateModified\":\"2025-09-02T12:46:28+00:00\",\"breadcrumb\":{\"@id\":\"https:\/\/www.digi-duck.com\/nl\/impressum\/#breadcrumb\"},\"inLanguage\":\"nl-NL\",\"potentialAction\":[{\"@type\":\"ReadAction\",\"target\":[\"https:\/\/www.digi-duck.com\/nl\/impressum\/\"]}]},{\"@type\":\"BreadcrumbList\",\"@id\":\"https:\/\/www.digi-duck.com\/nl\/impressum\/#breadcrumb\",\"itemListElement\":[{\"@type\":\"ListItem\",\"position\":1,\"name\":\"Homepage\",\"item\":\"https:\/\/www.digi-duck.com\/\"},{\"@type\":\"ListItem\",\"position\":2,\"name\":\"Afdruk\"}]},{\"@type\":\"WebSite\",\"@id\":\"https:\/\/www.digi-duck.com\/nl\/#website\",\"url\":\"https:\/\/www.digi-duck.com\/nl\/\",\"name\":\"DigiDuck\",\"description\":\"Ihr digitaler Qualifikationspartner\",\"publisher\":{\"@id\":\"https:\/\/www.digi-duck.com\/nl\/#organization\"},\"potentialAction\":[{\"@type\":\"SearchAction\",\"target\":{\"@type\":\"EntryPoint\",\"urlTemplate\":\"https:\/\/www.digi-duck.com\/nl\/?s={search_term_string}\"},\"query-input\":{\"@type\":\"PropertyValueSpecification\",\"valueRequired\":true,\"valueName\":\"search_term_string\"}}],\"inLanguage\":\"nl-NL\"},{\"@type\":\"Organization\",\"@id\":\"https:\/\/www.digi-duck.com\/nl\/#organization\",\"name\":\"DigiDuck GmbH\",\"url\":\"https:\/\/www.digi-duck.com\/nl\/\",\"logo\":{\"@type\":\"ImageObject\",\"inLanguage\":\"nl-NL\",\"@id\":\"https:\/\/www.digi-duck.com\/nl\/#\/schema\/logo\/image\/\",\"url\":\"https:\/\/www.digi-duck.com\/wp-content\/uploads\/2024\/08\/DigiDuck_Logo_App_Colored.png\",\"contentUrl\":\"https:\/\/www.digi-duck.com\/wp-content\/uploads\/2024\/08\/DigiDuck_Logo_App_Colored.png\",\"width\":2000,\"height\":2000,\"caption\":\"DigiDuck GmbH\"},\"image\":{\"@id\":\"https:\/\/www.digi-duck.com\/nl\/#\/schema\/logo\/image\/\"},\"sameAs\":[\"https:\/\/www.facebook.com\/profile.php?id=61558494354505\",\"https:\/\/www.linkedin.com\/company\/digiduck-gmbh\",\"https:\/\/www.xing.com\/pages\/digiduck-gmbh\"]}]}<\/script>\n<!-- \/ Yoast SEO plugin. -->","yoast_head_json":{"title":"Afdruk","description":"IMPRINT Informatie volgens \u00a7 5 TMG DigiDuck GmbHPoststra\u00dfe 6141516 Grevenbroich Handelsregister: HRB 20777 Gerechtshof: Rechtbank van M\u00f6nchengladbach Directie: Thorsten P\u00fctz Raad van advies: Harald Meurer, Peter Wirth Telefoon: [encode link=\"tel:+4921812738490\"]+49 2181 273 849 0[\/encode]E-mail: [encode link=\"mailto:info@digi-duck.com\"]info@digi-duck.com[\/encode] Identificatienummer omzetbelasting volgens \u00a7 27 a Umsatzsteuergesetz: DE351948314 EU-GESCHILLENBESLECHTING De Europese Commissie biedt een platform voor online geschillenbeslechting (OS):&hellip;","robots":{"index":"index","follow":"follow","max-snippet":"max-snippet:-1","max-image-preview":"max-image-preview:large","max-video-preview":"max-video-preview:-1"},"canonical":"IMPRINT Informatie volgens \u00a7 5 TMG DigiDuck GmbHPoststra\u00dfe 6141516 Grevenbroich Handelsregister: HRB 20777 Gerechtshof: Rechtbank van M\u00f6nchengladbach Directie: Thorsten P\u00fctz Raad van advies: Harald Meurer, Peter Wirth Telefoon: [encode link=\"tel: 4921812738490\"] 49 2181 273 849 0[\/encode]E-mail: [encode link=\"mailto:info@digi-duck.com\"]info@digi-duck.com[\/encode] Identificatienummer omzetbelasting volgens \u00a7 27 a Umsatzsteuergesetz: DE351948314 EU-GESCHILLENBESLECHTING De Europese Commissie biedt een platform voor online geschillenbeslechting (OS):&hellip;","og_locale":"nl_NL","og_type":"article","og_title":"Afdruk","og_description":"IMPRINT Informatie volgens \u00a7 5 TMG DigiDuck GmbHPoststra\u00dfe 6141516 Grevenbroich Handelsregister: HRB 20777 Gerechtshof: Rechtbank van M\u00f6nchengladbach Directie: Thorsten P\u00fctz Raad van advies: Harald Meurer, Peter Wirth Telefoon: [encode link=\"tel:+4921812738490\"]+49 2181 273 849 0[\/encode]E-mail: [encode link=\"mailto:info@digi-duck.com\"]info@digi-duck.com[\/encode] Identificatienummer omzetbelasting volgens \u00a7 27 a Umsatzsteuergesetz: DE351948314 EU-GESCHILLENBESLECHTING De Europese Commissie biedt een platform voor online geschillenbeslechting (OS):&hellip;","og_url":"https:\/\/www.digi-duck.com\/nl\/impressum\/","og_site_name":"DigiDuck","article_publisher":"https:\/\/www.facebook.com\/profile.php?id=61558494354505","article_modified_time":"2025-09-02T12:46:28+00:00","twitter_card":"summary_large_image","twitter_misc":{"Geschatte leestijd":"3 minuten"},"schema":{"@context":"https:\/\/schema.org","@graph":[{"@type":"WebPage","@id":"https:\/\/www.digi-duck.com\/nl\/impressum\/","url":"https:\/\/www.digi-duck.com\/nl\/impressum\/","name":"Impressum - DigiDuck","isPartOf":{"@id":"https:\/\/www.digi-duck.com\/#website"},"datePublished":"2022-07-22T07:24:01+00:00","dateModified":"2025-09-02T12:46:28+00:00","breadcrumb":{"@id":"https:\/\/www.digi-duck.com\/nl\/impressum\/#breadcrumb"},"inLanguage":"nl-NL","potentialAction":[{"@type":"ReadAction","target":["https:\/\/www.digi-duck.com\/nl\/impressum\/"]}]},{"@type":"BreadcrumbList","@id":"https:\/\/www.digi-duck.com\/nl\/impressum\/#breadcrumb","itemListElement":[{"@type":"ListItem","position":1,"name":"Homepage","item":"https:\/\/www.digi-duck.com\/"},{"@type":"ListItem","position":2,"name":"Afdruk"}]},{"@type":"WebSite","@id":"https:\/\/www.digi-duck.com\/nl\/#website","url":"https:\/\/www.digi-duck.com\/nl\/","name":"DigiDuck","description":"Ihr digitaler Qualifikationspartner","publisher":{"@id":"https:\/\/www.digi-duck.com\/nl\/#organization"},"potentialAction":[{"@type":"SearchAction","target":{"@type":"EntryPoint","urlTemplate":"https:\/\/www.digi-duck.com\/nl\/?s={search_term_string}"},"query-input":{"@type":"PropertyValueSpecification","valueRequired":true,"valueName":"search_term_string"}}],"inLanguage":"nl-NL"},{"@type":"Organization","@id":"https:\/\/www.digi-duck.com\/nl\/#organization","name":"DigiDuck GmbH","url":"https:\/\/www.digi-duck.com\/nl\/","logo":{"@type":"ImageObject","inLanguage":"nl-NL","@id":"https:\/\/www.digi-duck.com\/nl\/#\/schema\/logo\/image\/","url":"https:\/\/www.digi-duck.com\/wp-content\/uploads\/2024\/08\/DigiDuck_Logo_App_Colored.png","contentUrl":"https:\/\/www.digi-duck.com\/wp-content\/uploads\/2024\/08\/DigiDuck_Logo_App_Colored.png","width":2000,"height":2000,"caption":"DigiDuck GmbH"},"image":{"@id":"https:\/\/www.digi-duck.com\/nl\/#\/schema\/logo\/image\/"},"sameAs":["https:\/\/www.facebook.com\/profile.php?id=61558494354505","https:\/\/www.linkedin.com\/company\/digiduck-gmbh","https:\/\/www.xing.com\/pages\/digiduck-gmbh"]}]}},"post_mailing_queue_ids":[],"_links":{"self":[{"href":"https:\/\/www.digi-duck.com\/nl\/wp-json\/wp\/v2\/pages\/40","targetHints":{"allow":["GET"]}}],"collection":[{"href":"https:\/\/www.digi-duck.com\/nl\/wp-json\/wp\/v2\/pages"}],"about":[{"href":"https:\/\/www.digi-duck.com\/nl\/wp-json\/wp\/v2\/types\/page"}],"author":[{"embeddable":true,"href":"https:\/\/www.digi-duck.com\/nl\/wp-json\/wp\/v2\/users\/4"}],"replies":[{"embeddable":true,"href":"https:\/\/www.digi-duck.com\/nl\/wp-json\/wp\/v2\/comments?post=40"}],"version-history":[{"count":11,"href":"https:\/\/www.digi-duck.com\/nl\/wp-json\/wp\/v2\/pages\/40\/revisions"}],"predecessor-version":[{"id":943,"href":"https:\/\/www.digi-duck.com\/nl\/wp-json\/wp\/v2\/pages\/40\/revisions\/943"}],"wp:attachment":[{"href":"https:\/\/www.digi-duck.com\/nl\/wp-json\/wp\/v2\/media?parent=40"}],"curies":[{"name":"wp","href":"https:\/\/api.w.org\/{rel}","templated":true}]}}