{"id":63,"date":"2022-07-23T08:06:06","date_gmt":"2022-07-23T06:06:06","guid":{"rendered":"https:\/\/www.digi-duck.com\/?page_id=63"},"modified":"2023-02-01T12:18:12","modified_gmt":"2023-02-01T11:18:12","slug":"kraftfahrer","status":"publish","type":"page","link":"https:\/\/www.digi-duck.com\/nl\/bestuurder\/","title":{"rendered":"Bestuurder"},"content":{"rendered":"<p>VOOR BESTUURDERS<\/p>\n<hr class=\"wp-block-separator has-alpha-channel-opacity\" \/>\n<p>Op geen enkel ander gebied zijn instructies, opleiding en voorlichting zo belangrijk als voor chauffeurs. Hun grote verantwoordelijkheid in het verkeer maakt een professionele opleiding onontbeerlijk.<\/p>\n<p>Daarnaast zijn er de uitdagingen van mobiliteit en verschillende talen. Wat is de beste manier om uw mobiele werknemers te bereiken en ervoor te zorgen dat zij alle informatie begrijpen, ook al is Duits niet hun moedertaal?<\/p>\n<p>Ze allemaal tegelijk op \u00e9\u00e9n plaats in \u00e9\u00e9n taal trainen is bijna onmogelijk. U hebt dus een oplossing nodig die is afgestemd op de individuele behoeften van uw mobiele werknemers.<\/p>\n<p>Dit is precies wat DigiDuck is. Want via onze app hebben uw mobiele medewerkers de mogelijkheid om op elk moment in hun vrije tijd via smartphones of tablets instructies te krijgen, toetsen af te leggen of belangrijke informatie te ontvangen. En binnenkort ook als er geen internetontvangst is. En in het beste geval in hun moedertaal.<\/p>\n<hr class=\"wp-block-separator has-alpha-channel-opacity\" \/>\n<p>Neem nu de kans en test DigiDuck. Bereik al uw werknemers precies waar ze zijn.<\/p>\n<hr class=\"wp-block-separator has-alpha-channel-opacity\" \/>\n<a href=\"\/nl\/gratis-test\/\" target=\"_self\" class=\"btn-white-full btn btn-primary\">Test DigiDuck nu gratis<\/a>\n","protected":false},"excerpt":{"rendered":"<p>VOOR BESTUURDERS Op geen enkel ander gebied zijn instructies, opleiding en voorlichting zo belangrijk als voor chauffeurs. Hun grote verantwoordelijkheid in het verkeer maakt een professionele opleiding onontbeerlijk. Daarnaast zijn er de uitdagingen van mobiliteit en verschillende talen. Wat is de beste manier om uw mobiele werknemers te bereiken en ervoor te zorgen dat zij [&hellip;]<\/p>\n","protected":false},"author":4,"featured_media":0,"parent":0,"menu_order":0,"comment_status":"closed","ping_status":"closed","template":"","meta":{"_acf_changed":false,"footnotes":""},"class_list":["post-63","page","type-page","status-publish","hentry"],"acf":[],"yoast_head":"<!-- This site is optimized with the Yoast SEO plugin v27.1.1 - https:\/\/yoast.com\/product\/yoast-seo-wordpress\/ -->\n<title>Bestuurder<\/title>\n<meta name=\"description\" content=\"VOOR BESTUURDERS Op geen enkel ander gebied zijn instructies, opleiding en voorlichting zo belangrijk als voor chauffeurs. Hun grote verantwoordelijkheid in het verkeer maakt een professionele opleiding onontbeerlijk. Daarnaast zijn er de uitdagingen van mobiliteit en verschillende talen. Wat is de beste manier om uw mobiele werknemers te bereiken en ervoor te zorgen dat zij&hellip;\" \/>\n<meta name=\"robots\" content=\"index, follow, max-snippet:-1, max-image-preview:large, max-video-preview:-1\" \/>\n<link rel=\"canonical\" href=\"http:\/\/VOOR%20BESTUURDERS%20Op%20geen%20enkel%20ander%20gebied%20zijn%20instructies,%20opleiding%20en%20voorlichting%20zo%20belangrijk%20als%20voor%20chauffeurs.%20Hun%20grote%20verantwoordelijkheid%20in%20het%20verkeer%20maakt%20een%20professionele%20opleiding%20onontbeerlijk.%20Daarnaast%20zijn%20er%20de%20uitdagingen%20van%20mobiliteit%20en%20verschillende%20talen.%20Wat%20is%20de%20beste%20manier%20om%20uw%20mobiele%20werknemers%20te%20bereiken%20en%20ervoor%20te%20zorgen%20dat%20zij&hellip;\" \/>\n<meta property=\"og:locale\" content=\"nl_NL\" \/>\n<meta property=\"og:type\" content=\"article\" \/>\n<meta property=\"og:title\" content=\"Bestuurder\" \/>\n<meta property=\"og:description\" content=\"VOOR BESTUURDERS Op geen enkel ander gebied zijn instructies, opleiding en voorlichting zo belangrijk als voor chauffeurs. Hun grote verantwoordelijkheid in het verkeer maakt een professionele opleiding onontbeerlijk. Daarnaast zijn er de uitdagingen van mobiliteit en verschillende talen. Wat is de beste manier om uw mobiele werknemers te bereiken en ervoor te zorgen dat zij&hellip;\" \/>\n<meta property=\"og:url\" content=\"https:\/\/www.digi-duck.com\/nl\/bestuurder\/\" \/>\n<meta property=\"og:site_name\" content=\"DigiDuck\" \/>\n<meta property=\"article:publisher\" content=\"https:\/\/www.facebook.com\/profile.php?id=61558494354505\" \/>\n<meta property=\"article:modified_time\" content=\"2023-02-01T11:18:12+00:00\" \/>\n<meta name=\"twitter:card\" content=\"summary_large_image\" \/>\n<meta name=\"twitter:label1\" content=\"Geschatte leestijd\" \/>\n\t<meta name=\"twitter:data1\" content=\"1 minuut\" \/>\n<script type=\"application\/ld+json\" class=\"yoast-schema-graph\">{\"@context\":\"https:\/\/schema.org\",\"@graph\":[{\"@type\":\"WebPage\",\"@id\":\"https:\/\/www.digi-duck.com\/nl\/bestuurder\/\",\"url\":\"https:\/\/www.digi-duck.com\/nl\/bestuurder\/\",\"name\":\"Kraftfahrer - DigiDuck\",\"isPartOf\":{\"@id\":\"https:\/\/www.digi-duck.com\/#website\"},\"datePublished\":\"2022-07-23T06:06:06+00:00\",\"dateModified\":\"2023-02-01T11:18:12+00:00\",\"breadcrumb\":{\"@id\":\"https:\/\/www.digi-duck.com\/nl\/bestuurder\/#breadcrumb\"},\"inLanguage\":\"nl-NL\",\"potentialAction\":[{\"@type\":\"ReadAction\",\"target\":[\"https:\/\/www.digi-duck.com\/nl\/bestuurder\/\"]}]},{\"@type\":\"BreadcrumbList\",\"@id\":\"https:\/\/www.digi-duck.com\/nl\/bestuurder\/#breadcrumb\",\"itemListElement\":[{\"@type\":\"ListItem\",\"position\":1,\"name\":\"Homepage\",\"item\":\"https:\/\/www.digi-duck.com\/\"},{\"@type\":\"ListItem\",\"position\":2,\"name\":\"Bestuurder\"}]},{\"@type\":\"WebSite\",\"@id\":\"https:\/\/www.digi-duck.com\/nl\/#website\",\"url\":\"https:\/\/www.digi-duck.com\/nl\/\",\"name\":\"DigiDuck\",\"description\":\"Ihr digitaler Qualifikationspartner\",\"publisher\":{\"@id\":\"https:\/\/www.digi-duck.com\/nl\/#organization\"},\"potentialAction\":[{\"@type\":\"SearchAction\",\"target\":{\"@type\":\"EntryPoint\",\"urlTemplate\":\"https:\/\/www.digi-duck.com\/nl\/?s={search_term_string}\"},\"query-input\":{\"@type\":\"PropertyValueSpecification\",\"valueRequired\":true,\"valueName\":\"search_term_string\"}}],\"inLanguage\":\"nl-NL\"},{\"@type\":\"Organization\",\"@id\":\"https:\/\/www.digi-duck.com\/nl\/#organization\",\"name\":\"DigiDuck GmbH\",\"url\":\"https:\/\/www.digi-duck.com\/nl\/\",\"logo\":{\"@type\":\"ImageObject\",\"inLanguage\":\"nl-NL\",\"@id\":\"https:\/\/www.digi-duck.com\/nl\/#\/schema\/logo\/image\/\",\"url\":\"https:\/\/www.digi-duck.com\/wp-content\/uploads\/2024\/08\/DigiDuck_Logo_App_Colored.png\",\"contentUrl\":\"https:\/\/www.digi-duck.com\/wp-content\/uploads\/2024\/08\/DigiDuck_Logo_App_Colored.png\",\"width\":2000,\"height\":2000,\"caption\":\"DigiDuck GmbH\"},\"image\":{\"@id\":\"https:\/\/www.digi-duck.com\/nl\/#\/schema\/logo\/image\/\"},\"sameAs\":[\"https:\/\/www.facebook.com\/profile.php?id=61558494354505\",\"https:\/\/www.linkedin.com\/company\/digiduck-gmbh\",\"https:\/\/www.xing.com\/pages\/digiduck-gmbh\"]}]}<\/script>\n<!-- \/ Yoast SEO plugin. -->","yoast_head_json":{"title":"Bestuurder","description":"VOOR BESTUURDERS Op geen enkel ander gebied zijn instructies, opleiding en voorlichting zo belangrijk als voor chauffeurs. Hun grote verantwoordelijkheid in het verkeer maakt een professionele opleiding onontbeerlijk. Daarnaast zijn er de uitdagingen van mobiliteit en verschillende talen. Wat is de beste manier om uw mobiele werknemers te bereiken en ervoor te zorgen dat zij&hellip;","robots":{"index":"index","follow":"follow","max-snippet":"max-snippet:-1","max-image-preview":"max-image-preview:large","max-video-preview":"max-video-preview:-1"},"canonical":"VOOR BESTUURDERS Op geen enkel ander gebied zijn instructies, opleiding en voorlichting zo belangrijk als voor chauffeurs. Hun grote verantwoordelijkheid in het verkeer maakt een professionele opleiding onontbeerlijk. Daarnaast zijn er de uitdagingen van mobiliteit en verschillende talen. Wat is de beste manier om uw mobiele werknemers te bereiken en ervoor te zorgen dat zij&hellip;","og_locale":"nl_NL","og_type":"article","og_title":"Bestuurder","og_description":"VOOR BESTUURDERS Op geen enkel ander gebied zijn instructies, opleiding en voorlichting zo belangrijk als voor chauffeurs. Hun grote verantwoordelijkheid in het verkeer maakt een professionele opleiding onontbeerlijk. Daarnaast zijn er de uitdagingen van mobiliteit en verschillende talen. Wat is de beste manier om uw mobiele werknemers te bereiken en ervoor te zorgen dat zij&hellip;","og_url":"https:\/\/www.digi-duck.com\/nl\/bestuurder\/","og_site_name":"DigiDuck","article_publisher":"https:\/\/www.facebook.com\/profile.php?id=61558494354505","article_modified_time":"2023-02-01T11:18:12+00:00","twitter_card":"summary_large_image","twitter_misc":{"Geschatte leestijd":"1 minuut"},"schema":{"@context":"https:\/\/schema.org","@graph":[{"@type":"WebPage","@id":"https:\/\/www.digi-duck.com\/nl\/bestuurder\/","url":"https:\/\/www.digi-duck.com\/nl\/bestuurder\/","name":"Kraftfahrer - DigiDuck","isPartOf":{"@id":"https:\/\/www.digi-duck.com\/#website"},"datePublished":"2022-07-23T06:06:06+00:00","dateModified":"2023-02-01T11:18:12+00:00","breadcrumb":{"@id":"https:\/\/www.digi-duck.com\/nl\/bestuurder\/#breadcrumb"},"inLanguage":"nl-NL","potentialAction":[{"@type":"ReadAction","target":["https:\/\/www.digi-duck.com\/nl\/bestuurder\/"]}]},{"@type":"BreadcrumbList","@id":"https:\/\/www.digi-duck.com\/nl\/bestuurder\/#breadcrumb","itemListElement":[{"@type":"ListItem","position":1,"name":"Homepage","item":"https:\/\/www.digi-duck.com\/"},{"@type":"ListItem","position":2,"name":"Bestuurder"}]},{"@type":"WebSite","@id":"https:\/\/www.digi-duck.com\/nl\/#website","url":"https:\/\/www.digi-duck.com\/nl\/","name":"DigiDuck","description":"Ihr digitaler Qualifikationspartner","publisher":{"@id":"https:\/\/www.digi-duck.com\/nl\/#organization"},"potentialAction":[{"@type":"SearchAction","target":{"@type":"EntryPoint","urlTemplate":"https:\/\/www.digi-duck.com\/nl\/?s={search_term_string}"},"query-input":{"@type":"PropertyValueSpecification","valueRequired":true,"valueName":"search_term_string"}}],"inLanguage":"nl-NL"},{"@type":"Organization","@id":"https:\/\/www.digi-duck.com\/nl\/#organization","name":"DigiDuck GmbH","url":"https:\/\/www.digi-duck.com\/nl\/","logo":{"@type":"ImageObject","inLanguage":"nl-NL","@id":"https:\/\/www.digi-duck.com\/nl\/#\/schema\/logo\/image\/","url":"https:\/\/www.digi-duck.com\/wp-content\/uploads\/2024\/08\/DigiDuck_Logo_App_Colored.png","contentUrl":"https:\/\/www.digi-duck.com\/wp-content\/uploads\/2024\/08\/DigiDuck_Logo_App_Colored.png","width":2000,"height":2000,"caption":"DigiDuck GmbH"},"image":{"@id":"https:\/\/www.digi-duck.com\/nl\/#\/schema\/logo\/image\/"},"sameAs":["https:\/\/www.facebook.com\/profile.php?id=61558494354505","https:\/\/www.linkedin.com\/company\/digiduck-gmbh","https:\/\/www.xing.com\/pages\/digiduck-gmbh"]}]}},"post_mailing_queue_ids":[],"_links":{"self":[{"href":"https:\/\/www.digi-duck.com\/nl\/wp-json\/wp\/v2\/pages\/63","targetHints":{"allow":["GET"]}}],"collection":[{"href":"https:\/\/www.digi-duck.com\/nl\/wp-json\/wp\/v2\/pages"}],"about":[{"href":"https:\/\/www.digi-duck.com\/nl\/wp-json\/wp\/v2\/types\/page"}],"author":[{"embeddable":true,"href":"https:\/\/www.digi-duck.com\/nl\/wp-json\/wp\/v2\/users\/4"}],"replies":[{"embeddable":true,"href":"https:\/\/www.digi-duck.com\/nl\/wp-json\/wp\/v2\/comments?post=63"}],"version-history":[{"count":4,"href":"https:\/\/www.digi-duck.com\/nl\/wp-json\/wp\/v2\/pages\/63\/revisions"}],"predecessor-version":[{"id":680,"href":"https:\/\/www.digi-duck.com\/nl\/wp-json\/wp\/v2\/pages\/63\/revisions\/680"}],"wp:attachment":[{"href":"https:\/\/www.digi-duck.com\/nl\/wp-json\/wp\/v2\/media?parent=63"}],"curies":[{"name":"wp","href":"https:\/\/api.w.org\/{rel}","templated":true}]}}