{"id":75,"date":"2022-07-23T10:41:31","date_gmt":"2022-07-23T08:41:31","guid":{"rendered":"https:\/\/www.digi-duck.com\/?page_id=75"},"modified":"2023-01-28T11:47:50","modified_gmt":"2023-01-28T10:47:50","slug":"learn-management-system","status":"publish","type":"page","link":"https:\/\/www.digi-duck.com\/nl\/learn-management-system\/","title":{"rendered":"Leerbeheersysteem"},"content":{"rendered":"\n<p>VER\u00c4NDERN SIE DAS LEARNING IHRER MITARBEITER<br>TRANSFORMIEREN SIE IHR UNTERNEHMEN<\/p>\n\n\n\n<hr class=\"wp-block-separator has-alpha-channel-opacity\"\/>\n\n\n\n<p>Mit unserem\u00a0<strong>Learn-Management-System<\/strong>\u00a0starten Sie den Schritt in eine neue Form des Wissenstransfers. Die vielen Nachteil des Pr\u00e4senztrainings wie verlorene Arbeitszeit, Zusatzkosten f\u00fcr R\u00e4ume und Bewirtung, fehlende Mitarbeiter, die nachgeschult werden m\u00fcssen, notwendige Mehrsprachigkeit, etc. fallen weg. Mit DigiDuck kann jeder Mitarbeit zu jeder Zeit sein individuelles Training absolvieren.<\/p>\n\n\n\n<hr class=\"wp-block-separator has-alpha-channel-opacity\"\/>\n\n\n\n<p>Egal, ob Sie DigiDuck nun auf Ihrem Computer, Tablet oder Smartphone einsetzen wollen. Unsere responsive L\u00f6sung bietet f\u00fcr alle Ausgabeger\u00e4te immer die richtige Visualisierung. Und bei Bedarf k\u00f6nnen sich Ihre Mitarbeiter gleich unsere Android-App im Google-Playstore auf ihr Smartphone herunterladen und Funktion sowie Schulungen neben Deutsch in vielen Sprachen nutzen wie z.B.: Englisch, T\u00fcrkisch, Polnisch, Rum\u00e4nisch, Ungarisch, Ukrainisch, Russisch, Bulgarisch, Tschechisch.<\/p>\n\n\n\n<hr class=\"wp-block-separator has-alpha-channel-opacity\"\/>\n\n\n\n<p>Zur besseren Identifikation der Mitarbeiter mit Ihrem DigiDuck-System bieten wir Ihnen die M\u00f6glichkeit, das Startbild mit eigenem Motiv auszustatten, Ihr Logo dauerhaft einzubinden und die Zertifikate mit Logo und Ihrer Unterschrift zu versehen. Denn letztlich ist es ja IHRE Plattform.<\/p>\n\n\n\n<hr class=\"wp-block-separator has-alpha-channel-opacity\"\/>\n\n\n\n<p>Nutzen Sie die M\u00f6glichkeit, und bilden Sie Ihre Unternehmensstruktur in der Plattform ab. Ob Niederlassungen, Abteilungen oder Fachbereiche \u2013 Es ist Ihre Welt, die wir in DigiDuck f\u00fcr Sie widerspiegeln werden.<\/p>\n\n\n\n<hr class=\"wp-block-separator has-alpha-channel-opacity\"\/>\n\n\n\n<p>Sie haben besondere Anforderung an Ihr Kursmaterial und wollen daher eigene Schulungen entwickeln? Sprechen Sie mit uns. Unser Concierge-Team bestehend aus erfahrenen Trainern und Software-Entwicklern hilft Ihnen, Ihre individuellen Schulungen auf h\u00f6chstem Niveau zu gestalten.<\/p>\n\n\n\n<hr class=\"wp-block-separator has-alpha-channel-opacity\"\/>\n\n\n\n<p>Nat\u00fcrlich k\u00f6nnen wir Ihr bereits vorhandenes Schulungsmaterial von anderen Plattformen oder in Ihrem Intranet in das DigiDuck-System transferieren. Sprechen Sie mit uns \u00fcber die vielf\u00e4ltigen M\u00f6glichkeiten.<\/p>\n\n\n\n<hr class=\"wp-block-separator has-alpha-channel-opacity\"\/>\n\n\n\n<p>Wir sind stolz auf den hohen qualitativen Level unserer rechtskonformen audiovisuellen Schulungen. Mit viel Erfahrung und Liebe zum Detail erstellt unser Team Schulungen mit einfachster Navigationsf\u00fchrung und Anpassung an die individuelle Lerngeschwindigkeit jedes einzelnen Mitarbeiters. Jede neue Schulung wird gleich Mehrsprachig durch \u201enative speakers\u201c erzeugt. Sie haben besondere Sprachw\u00fcnsche? Kein Problem. Sprechen Sie mit uns.<\/p>\n\n\n\n<hr class=\"wp-block-separator has-alpha-channel-opacity\"\/>\n\n\n\n<p>Nat\u00fcrlich bieten wir Ihren Mitarbeitern am Ende der Unterweisungen die M\u00f6glichkeit, das gelernte auch gleich zu testen. In einem Multiple-Choice-Test hat er die M\u00f6glichkeit, sein Wissen zu \u00fcberpr\u00fcfen. Sind 80 % der Fragen richtig beantwortet, gilt der Test als bestanden. Wenn nicht, kann er wiederholt werden. Selbstverst\u00e4ndlich mit anderen Fragen. Nach erfolgreichem Abschluss erh\u00e4lt der Mitarbeiter ein Abschlusszertifikat mit Ihrem Logo und Unterschrift.<\/p>\n\n\n\n<hr class=\"wp-block-separator has-alpha-channel-opacity\"\/>\n\n\n\n<p>Im DigiDuck-System wird der jeweilige Wissenstand der Mitarbeiter dokumentiert. Sie sehen also, ob eine Schulung oder Unterweisung erfolgt ist, bestanden wurde oder nicht. Sie k\u00f6nnen so gezielt eine Bedarfsanalyse erstellen, wo Sie eventuell nachjustieren m\u00fcssen. Dar\u00fcber hinaus haben Sie gleich auch die rechtlich notwendige Dokumentation f\u00fcr Ihre unternehmerischen Pflichten gesichert. Bei regelm\u00e4\u00dfigen Pflichtunterweisungen k\u00f6nnen Sie die Wiederholungen im DigiDuck-System verwalten.<\/p>\n\n\n\n<hr class=\"wp-block-separator has-alpha-channel-opacity\"\/>\n\n\n\n<p>Testen Sie jetzt DigiDuck und transformieren Sie das notwendige Learning f\u00fcr Ihre Mitarbeiter in ein neues Zeitalter!<\/p>\n\n\n\n<hr class=\"wp-block-separator has-alpha-channel-opacity\"\/>\n\n\n<a href=\"\/nl\/kostenlos-testen\/\" target=\"_self\" class=\"btn-white-full btn btn-primary\">Jetzt DigiDuck kostenlos testen<\/a>\n","protected":false},"excerpt":{"rendered":"<p>VER\u00c4NDERN SIE DAS LEARNING IHRER MITARBEITERTRANSFORMIEREN SIE IHR UNTERNEHMEN Mit unserem\u00a0Learn-Management-System\u00a0starten Sie den Schritt in eine neue Form des Wissenstransfers. Die vielen Nachteil des Pr\u00e4senztrainings wie verlorene Arbeitszeit, Zusatzkosten f\u00fcr R\u00e4ume und Bewirtung, fehlende Mitarbeiter, die nachgeschult werden m\u00fcssen, notwendige Mehrsprachigkeit, etc. fallen weg. Mit DigiDuck kann jeder Mitarbeit zu jeder Zeit sein individuelles Training [&hellip;]<\/p>\n","protected":false},"author":4,"featured_media":0,"parent":0,"menu_order":0,"comment_status":"closed","ping_status":"closed","template":"","meta":{"_acf_changed":false,"footnotes":""},"class_list":["post-75","page","type-page","status-publish","hentry"],"acf":[],"yoast_head":"<!-- This site is optimized with the Yoast SEO plugin v27.1.1 - https:\/\/yoast.com\/product\/yoast-seo-wordpress\/ -->\n<title>Leerbeheersysteem<\/title>\n<meta name=\"robots\" content=\"index, follow, max-snippet:-1, max-image-preview:large, max-video-preview:-1\" \/>\n<meta property=\"og:locale\" content=\"nl_NL\" \/>\n<meta property=\"og:type\" content=\"article\" \/>\n<meta property=\"og:title\" content=\"Leerbeheersysteem\" \/>\n<meta property=\"og:url\" content=\"https:\/\/www.digi-duck.com\/nl\/learn-management-system\/\" \/>\n<meta property=\"og:site_name\" content=\"DigiDuck\" \/>\n<meta property=\"article:publisher\" content=\"https:\/\/www.facebook.com\/profile.php?id=61558494354505\" \/>\n<meta property=\"article:modified_time\" content=\"2023-01-28T10:47:50+00:00\" \/>\n<meta name=\"twitter:card\" content=\"summary_large_image\" \/>\n<meta name=\"twitter:label1\" content=\"Geschatte leestijd\" \/>\n\t<meta name=\"twitter:data1\" content=\"3 minuten\" \/>\n<script type=\"application\/ld+json\" class=\"yoast-schema-graph\">{\"@context\":\"https:\/\/schema.org\",\"@graph\":[{\"@type\":\"WebPage\",\"@id\":\"https:\/\/www.digi-duck.com\/nl\/learn-management-system\/\",\"url\":\"https:\/\/www.digi-duck.com\/nl\/learn-management-system\/\",\"name\":\"Learn Management System - DigiDuck\",\"isPartOf\":{\"@id\":\"https:\/\/www.digi-duck.com\/#website\"},\"datePublished\":\"2022-07-23T08:41:31+00:00\",\"dateModified\":\"2023-01-28T10:47:50+00:00\",\"breadcrumb\":{\"@id\":\"https:\/\/www.digi-duck.com\/nl\/learn-management-system\/#breadcrumb\"},\"inLanguage\":\"nl-NL\",\"potentialAction\":[{\"@type\":\"ReadAction\",\"target\":[\"https:\/\/www.digi-duck.com\/nl\/learn-management-system\/\"]}]},{\"@type\":\"BreadcrumbList\",\"@id\":\"https:\/\/www.digi-duck.com\/nl\/learn-management-system\/#breadcrumb\",\"itemListElement\":[{\"@type\":\"ListItem\",\"position\":1,\"name\":\"Homepage\",\"item\":\"https:\/\/www.digi-duck.com\/\"},{\"@type\":\"ListItem\",\"position\":2,\"name\":\"Leerbeheersysteem\"}]},{\"@type\":\"WebSite\",\"@id\":\"https:\/\/www.digi-duck.com\/nl\/#website\",\"url\":\"https:\/\/www.digi-duck.com\/nl\/\",\"name\":\"DigiDuck\",\"description\":\"Ihr digitaler Qualifikationspartner\",\"publisher\":{\"@id\":\"https:\/\/www.digi-duck.com\/nl\/#organization\"},\"potentialAction\":[{\"@type\":\"SearchAction\",\"target\":{\"@type\":\"EntryPoint\",\"urlTemplate\":\"https:\/\/www.digi-duck.com\/nl\/?s={search_term_string}\"},\"query-input\":{\"@type\":\"PropertyValueSpecification\",\"valueRequired\":true,\"valueName\":\"search_term_string\"}}],\"inLanguage\":\"nl-NL\"},{\"@type\":\"Organization\",\"@id\":\"https:\/\/www.digi-duck.com\/nl\/#organization\",\"name\":\"DigiDuck GmbH\",\"url\":\"https:\/\/www.digi-duck.com\/nl\/\",\"logo\":{\"@type\":\"ImageObject\",\"inLanguage\":\"nl-NL\",\"@id\":\"https:\/\/www.digi-duck.com\/nl\/#\/schema\/logo\/image\/\",\"url\":\"https:\/\/www.digi-duck.com\/wp-content\/uploads\/2024\/08\/DigiDuck_Logo_App_Colored.png\",\"contentUrl\":\"https:\/\/www.digi-duck.com\/wp-content\/uploads\/2024\/08\/DigiDuck_Logo_App_Colored.png\",\"width\":2000,\"height\":2000,\"caption\":\"DigiDuck GmbH\"},\"image\":{\"@id\":\"https:\/\/www.digi-duck.com\/nl\/#\/schema\/logo\/image\/\"},\"sameAs\":[\"https:\/\/www.facebook.com\/profile.php?id=61558494354505\",\"https:\/\/www.linkedin.com\/company\/digiduck-gmbh\",\"https:\/\/www.xing.com\/pages\/digiduck-gmbh\"]}]}<\/script>\n<!-- \/ Yoast SEO plugin. -->","yoast_head_json":{"title":"Leerbeheersysteem","robots":{"index":"index","follow":"follow","max-snippet":"max-snippet:-1","max-image-preview":"max-image-preview:large","max-video-preview":"max-video-preview:-1"},"og_locale":"nl_NL","og_type":"article","og_title":"Leerbeheersysteem","og_url":"https:\/\/www.digi-duck.com\/nl\/learn-management-system\/","og_site_name":"DigiDuck","article_publisher":"https:\/\/www.facebook.com\/profile.php?id=61558494354505","article_modified_time":"2023-01-28T10:47:50+00:00","twitter_card":"summary_large_image","twitter_misc":{"Geschatte leestijd":"3 minuten"},"schema":{"@context":"https:\/\/schema.org","@graph":[{"@type":"WebPage","@id":"https:\/\/www.digi-duck.com\/nl\/learn-management-system\/","url":"https:\/\/www.digi-duck.com\/nl\/learn-management-system\/","name":"Learn Management System - DigiDuck","isPartOf":{"@id":"https:\/\/www.digi-duck.com\/#website"},"datePublished":"2022-07-23T08:41:31+00:00","dateModified":"2023-01-28T10:47:50+00:00","breadcrumb":{"@id":"https:\/\/www.digi-duck.com\/nl\/learn-management-system\/#breadcrumb"},"inLanguage":"nl-NL","potentialAction":[{"@type":"ReadAction","target":["https:\/\/www.digi-duck.com\/nl\/learn-management-system\/"]}]},{"@type":"BreadcrumbList","@id":"https:\/\/www.digi-duck.com\/nl\/learn-management-system\/#breadcrumb","itemListElement":[{"@type":"ListItem","position":1,"name":"Homepage","item":"https:\/\/www.digi-duck.com\/"},{"@type":"ListItem","position":2,"name":"Leerbeheersysteem"}]},{"@type":"WebSite","@id":"https:\/\/www.digi-duck.com\/nl\/#website","url":"https:\/\/www.digi-duck.com\/nl\/","name":"DigiDuck","description":"Ihr digitaler Qualifikationspartner","publisher":{"@id":"https:\/\/www.digi-duck.com\/nl\/#organization"},"potentialAction":[{"@type":"SearchAction","target":{"@type":"EntryPoint","urlTemplate":"https:\/\/www.digi-duck.com\/nl\/?s={search_term_string}"},"query-input":{"@type":"PropertyValueSpecification","valueRequired":true,"valueName":"search_term_string"}}],"inLanguage":"nl-NL"},{"@type":"Organization","@id":"https:\/\/www.digi-duck.com\/nl\/#organization","name":"DigiDuck GmbH","url":"https:\/\/www.digi-duck.com\/nl\/","logo":{"@type":"ImageObject","inLanguage":"nl-NL","@id":"https:\/\/www.digi-duck.com\/nl\/#\/schema\/logo\/image\/","url":"https:\/\/www.digi-duck.com\/wp-content\/uploads\/2024\/08\/DigiDuck_Logo_App_Colored.png","contentUrl":"https:\/\/www.digi-duck.com\/wp-content\/uploads\/2024\/08\/DigiDuck_Logo_App_Colored.png","width":2000,"height":2000,"caption":"DigiDuck GmbH"},"image":{"@id":"https:\/\/www.digi-duck.com\/nl\/#\/schema\/logo\/image\/"},"sameAs":["https:\/\/www.facebook.com\/profile.php?id=61558494354505","https:\/\/www.linkedin.com\/company\/digiduck-gmbh","https:\/\/www.xing.com\/pages\/digiduck-gmbh"]}]}},"post_mailing_queue_ids":[],"_links":{"self":[{"href":"https:\/\/www.digi-duck.com\/nl\/wp-json\/wp\/v2\/pages\/75","targetHints":{"allow":["GET"]}}],"collection":[{"href":"https:\/\/www.digi-duck.com\/nl\/wp-json\/wp\/v2\/pages"}],"about":[{"href":"https:\/\/www.digi-duck.com\/nl\/wp-json\/wp\/v2\/types\/page"}],"author":[{"embeddable":true,"href":"https:\/\/www.digi-duck.com\/nl\/wp-json\/wp\/v2\/users\/4"}],"replies":[{"embeddable":true,"href":"https:\/\/www.digi-duck.com\/nl\/wp-json\/wp\/v2\/comments?post=75"}],"version-history":[{"count":10,"href":"https:\/\/www.digi-duck.com\/nl\/wp-json\/wp\/v2\/pages\/75\/revisions"}],"predecessor-version":[{"id":640,"href":"https:\/\/www.digi-duck.com\/nl\/wp-json\/wp\/v2\/pages\/75\/revisions\/640"}],"wp:attachment":[{"href":"https:\/\/www.digi-duck.com\/nl\/wp-json\/wp\/v2\/media?parent=75"}],"curies":[{"name":"wp","href":"https:\/\/api.w.org\/{rel}","templated":true}]}}