{"id":11,"date":"2022-07-06T17:50:37","date_gmt":"2022-07-06T17:50:37","guid":{"rendered":"https:\/\/www.digi-duck.com\/?page_id=11"},"modified":"2022-09-11T18:21:02","modified_gmt":"2022-09-11T16:21:02","slug":"kundenservice","status":"publish","type":"page","link":"https:\/\/www.digi-duck.com\/pl\/kundenservice\/","title":{"rendered":"Obs\u0142uga klienta"},"content":{"rendered":"<p>WI\u0118CEJ NI\u017b PLATFORMA<br \/>JESTE\u015aMY DLA CIEBIE!<\/p>\n<hr class=\"wp-block-separator has-alpha-channel-opacity\">\n<p>Ka\u017cdy klient jest inny i stworzy\u0142 swoj\u0105 w\u0142asn\u0105 struktur\u0119 organizacyjn\u0105. Pomagamy w ich integracji na platformie DigiDuck. Na koncie mo\u017cemy odwzorowa\u0107 r\u00f3\u017cne poziomy hierarchii, dzia\u0142y, jednostki biznesowe, oddzia\u0142y itp. W razie potrzeby b\u0119dziemy trenowa\u0107 Tw\u00f3j zesp\u00f3\u0142 tak d\u0142ugo, jak b\u0119dzie to potrzebne. Naszym sukcesem jest, gdy jeste\u015b zadowolony. Chcesz mie\u0107 &#8222;wszechstronny pakiet beztroski&#8221;? Nie ma problemu. Porozmawiajmy, a stworzymy rozwi\u0105zanie dopasowane do Twoich potrzeb. Po to w\u0142a\u015bnie tu jeste\u015bmy!<\/p>\n<hr class=\"wp-block-separator has-alpha-channel-opacity\">\n<a href=\"\/pl\/kontakt\/\" target=\"_self\" class=\" btn btn-primary\">Porozmawiajmy!<\/a>\n","protected":false},"excerpt":{"rendered":"<p>WI\u0118CEJ NI\u017b PLATFORMAJESTE\u015aMY DLA CIEBIE! Ka\u017cdy klient jest inny i stworzy\u0142 swoj\u0105 w\u0142asn\u0105 struktur\u0119 organizacyjn\u0105. Pomagamy w ich integracji na platformie DigiDuck. Na koncie mo\u017cemy odwzorowa\u0107 r\u00f3\u017cne poziomy hierarchii, dzia\u0142y, jednostki biznesowe, oddzia\u0142y itp. W razie potrzeby b\u0119dziemy trenowa\u0107 Tw\u00f3j zesp\u00f3\u0142 tak d\u0142ugo, jak b\u0119dzie to potrzebne. Naszym sukcesem jest, gdy jeste\u015b zadowolony. Chcesz mie\u0107 [&hellip;]<\/p>\n","protected":false},"author":4,"featured_media":0,"parent":0,"menu_order":0,"comment_status":"closed","ping_status":"closed","template":"","meta":{"_acf_changed":false,"footnotes":""},"class_list":["post-11","page","type-page","status-publish","hentry"],"acf":[],"yoast_head":"<!-- This site is optimized with the Yoast SEO plugin v27.1.1 - https:\/\/yoast.com\/product\/yoast-seo-wordpress\/ -->\n<title>Obs\u0142uga klienta<\/title>\n<meta name=\"description\" content=\"WI\u0118CEJ NI\u017b PLATFORMAJESTE\u015aMY DLA CIEBIE! Ka\u017cdy klient jest inny i stworzy\u0142 swoj\u0105 w\u0142asn\u0105 struktur\u0119 organizacyjn\u0105. Pomagamy w ich integracji na platformie DigiDuck. Na koncie mo\u017cemy odwzorowa\u0107 r\u00f3\u017cne poziomy hierarchii, dzia\u0142y, jednostki biznesowe, oddzia\u0142y itp. W razie potrzeby b\u0119dziemy trenowa\u0107 Tw\u00f3j zesp\u00f3\u0142 tak d\u0142ugo, jak b\u0119dzie to potrzebne. Naszym sukcesem jest, gdy jeste\u015b zadowolony. Chcesz mie\u0107&hellip;\" \/>\n<meta name=\"robots\" content=\"index, follow, max-snippet:-1, max-image-preview:large, max-video-preview:-1\" \/>\n<link rel=\"canonical\" href=\"http:\/\/WI\u0118CEJ%20NI\u017b%20PLATFORMAJESTE\u015aMY%20DLA%20CIEBIE!%20Ka\u017cdy%20klient%20jest%20inny%20i%20stworzy\u0142%20swoj\u0105%20w\u0142asn\u0105%20struktur\u0119%20organizacyjn\u0105.%20Pomagamy%20w%20ich%20integracji%20na%20platformie%20DigiDuck.%20Na%20koncie%20mo\u017cemy%20odwzorowa\u0107%20r\u00f3\u017cne%20poziomy%20hierarchii,%20dzia\u0142y,%20jednostki%20biznesowe,%20oddzia\u0142y%20itp.%20W%20razie%20potrzeby%20b\u0119dziemy%20trenowa\u0107%20Tw\u00f3j%20zesp\u00f3\u0142%20tak%20d\u0142ugo,%20jak%20b\u0119dzie%20to%20potrzebne.%20Naszym%20sukcesem%20jest,%20gdy%20jeste\u015b%20zadowolony.%20Chcesz%20mie\u0107&hellip;\" \/>\n<meta property=\"og:locale\" content=\"pl_PL\" \/>\n<meta property=\"og:type\" content=\"article\" \/>\n<meta property=\"og:title\" content=\"Obs\u0142uga klienta\" \/>\n<meta property=\"og:description\" content=\"WI\u0118CEJ NI\u017b PLATFORMAJESTE\u015aMY DLA CIEBIE! Ka\u017cdy klient jest inny i stworzy\u0142 swoj\u0105 w\u0142asn\u0105 struktur\u0119 organizacyjn\u0105. Pomagamy w ich integracji na platformie DigiDuck. Na koncie mo\u017cemy odwzorowa\u0107 r\u00f3\u017cne poziomy hierarchii, dzia\u0142y, jednostki biznesowe, oddzia\u0142y itp. W razie potrzeby b\u0119dziemy trenowa\u0107 Tw\u00f3j zesp\u00f3\u0142 tak d\u0142ugo, jak b\u0119dzie to potrzebne. Naszym sukcesem jest, gdy jeste\u015b zadowolony. Chcesz mie\u0107&hellip;\" \/>\n<meta property=\"og:url\" content=\"https:\/\/www.digi-duck.com\/pl\/kundenservice\/\" \/>\n<meta property=\"og:site_name\" content=\"DigiDuck\" \/>\n<meta property=\"article:publisher\" content=\"https:\/\/www.facebook.com\/profile.php?id=61558494354505\" \/>\n<meta property=\"article:modified_time\" content=\"2022-09-11T16:21:02+00:00\" \/>\n<meta name=\"twitter:card\" content=\"summary_large_image\" \/>\n<script type=\"application\/ld+json\" class=\"yoast-schema-graph\">{\"@context\":\"https:\/\/schema.org\",\"@graph\":[{\"@type\":\"WebPage\",\"@id\":\"https:\/\/www.digi-duck.com\/pl\/kundenservice\/\",\"url\":\"https:\/\/www.digi-duck.com\/pl\/kundenservice\/\",\"name\":\"Kundenservice - DigiDuck\",\"isPartOf\":{\"@id\":\"https:\/\/www.digi-duck.com\/#website\"},\"datePublished\":\"2022-07-06T17:50:37+00:00\",\"dateModified\":\"2022-09-11T16:21:02+00:00\",\"breadcrumb\":{\"@id\":\"https:\/\/www.digi-duck.com\/pl\/kundenservice\/#breadcrumb\"},\"inLanguage\":\"pl-PL\",\"potentialAction\":[{\"@type\":\"ReadAction\",\"target\":[\"https:\/\/www.digi-duck.com\/pl\/kundenservice\/\"]}]},{\"@type\":\"BreadcrumbList\",\"@id\":\"https:\/\/www.digi-duck.com\/pl\/kundenservice\/#breadcrumb\",\"itemListElement\":[{\"@type\":\"ListItem\",\"position\":1,\"name\":\"Strona g\u0142\u00f3wna\",\"item\":\"https:\/\/www.digi-duck.com\/\"},{\"@type\":\"ListItem\",\"position\":2,\"name\":\"Obs\u0142uga klienta\"}]},{\"@type\":\"WebSite\",\"@id\":\"https:\/\/www.digi-duck.com\/pl\/#website\",\"url\":\"https:\/\/www.digi-duck.com\/pl\/\",\"name\":\"DigiDuck\",\"description\":\"Ihr digitaler Qualifikationspartner\",\"publisher\":{\"@id\":\"https:\/\/www.digi-duck.com\/pl\/#organization\"},\"potentialAction\":[{\"@type\":\"SearchAction\",\"target\":{\"@type\":\"EntryPoint\",\"urlTemplate\":\"https:\/\/www.digi-duck.com\/pl\/?s={search_term_string}\"},\"query-input\":{\"@type\":\"PropertyValueSpecification\",\"valueRequired\":true,\"valueName\":\"search_term_string\"}}],\"inLanguage\":\"pl-PL\"},{\"@type\":\"Organization\",\"@id\":\"https:\/\/www.digi-duck.com\/pl\/#organization\",\"name\":\"DigiDuck GmbH\",\"url\":\"https:\/\/www.digi-duck.com\/pl\/\",\"logo\":{\"@type\":\"ImageObject\",\"inLanguage\":\"pl-PL\",\"@id\":\"https:\/\/www.digi-duck.com\/pl\/#\/schema\/logo\/image\/\",\"url\":\"https:\/\/www.digi-duck.com\/wp-content\/uploads\/2024\/08\/DigiDuck_Logo_App_Colored.png\",\"contentUrl\":\"https:\/\/www.digi-duck.com\/wp-content\/uploads\/2024\/08\/DigiDuck_Logo_App_Colored.png\",\"width\":2000,\"height\":2000,\"caption\":\"DigiDuck GmbH\"},\"image\":{\"@id\":\"https:\/\/www.digi-duck.com\/pl\/#\/schema\/logo\/image\/\"},\"sameAs\":[\"https:\/\/www.facebook.com\/profile.php?id=61558494354505\",\"https:\/\/www.linkedin.com\/company\/digiduck-gmbh\",\"https:\/\/www.xing.com\/pages\/digiduck-gmbh\"]}]}<\/script>\n<!-- \/ Yoast SEO plugin. -->","yoast_head_json":{"title":"Obs\u0142uga klienta","description":"WI\u0118CEJ NI\u017b PLATFORMAJESTE\u015aMY DLA CIEBIE! Ka\u017cdy klient jest inny i stworzy\u0142 swoj\u0105 w\u0142asn\u0105 struktur\u0119 organizacyjn\u0105. Pomagamy w ich integracji na platformie DigiDuck. Na koncie mo\u017cemy odwzorowa\u0107 r\u00f3\u017cne poziomy hierarchii, dzia\u0142y, jednostki biznesowe, oddzia\u0142y itp. W razie potrzeby b\u0119dziemy trenowa\u0107 Tw\u00f3j zesp\u00f3\u0142 tak d\u0142ugo, jak b\u0119dzie to potrzebne. Naszym sukcesem jest, gdy jeste\u015b zadowolony. Chcesz mie\u0107&hellip;","robots":{"index":"index","follow":"follow","max-snippet":"max-snippet:-1","max-image-preview":"max-image-preview:large","max-video-preview":"max-video-preview:-1"},"canonical":"WI\u0118CEJ NI\u017b PLATFORMAJESTE\u015aMY DLA CIEBIE! Ka\u017cdy klient jest inny i stworzy\u0142 swoj\u0105 w\u0142asn\u0105 struktur\u0119 organizacyjn\u0105. Pomagamy w ich integracji na platformie DigiDuck. Na koncie mo\u017cemy odwzorowa\u0107 r\u00f3\u017cne poziomy hierarchii, dzia\u0142y, jednostki biznesowe, oddzia\u0142y itp. W razie potrzeby b\u0119dziemy trenowa\u0107 Tw\u00f3j zesp\u00f3\u0142 tak d\u0142ugo, jak b\u0119dzie to potrzebne. Naszym sukcesem jest, gdy jeste\u015b zadowolony. Chcesz mie\u0107&hellip;","og_locale":"pl_PL","og_type":"article","og_title":"Obs\u0142uga klienta","og_description":"WI\u0118CEJ NI\u017b PLATFORMAJESTE\u015aMY DLA CIEBIE! Ka\u017cdy klient jest inny i stworzy\u0142 swoj\u0105 w\u0142asn\u0105 struktur\u0119 organizacyjn\u0105. Pomagamy w ich integracji na platformie DigiDuck. Na koncie mo\u017cemy odwzorowa\u0107 r\u00f3\u017cne poziomy hierarchii, dzia\u0142y, jednostki biznesowe, oddzia\u0142y itp. W razie potrzeby b\u0119dziemy trenowa\u0107 Tw\u00f3j zesp\u00f3\u0142 tak d\u0142ugo, jak b\u0119dzie to potrzebne. Naszym sukcesem jest, gdy jeste\u015b zadowolony. Chcesz mie\u0107&hellip;","og_url":"https:\/\/www.digi-duck.com\/pl\/kundenservice\/","og_site_name":"DigiDuck","article_publisher":"https:\/\/www.facebook.com\/profile.php?id=61558494354505","article_modified_time":"2022-09-11T16:21:02+00:00","twitter_card":"summary_large_image","schema":{"@context":"https:\/\/schema.org","@graph":[{"@type":"WebPage","@id":"https:\/\/www.digi-duck.com\/pl\/kundenservice\/","url":"https:\/\/www.digi-duck.com\/pl\/kundenservice\/","name":"Kundenservice - DigiDuck","isPartOf":{"@id":"https:\/\/www.digi-duck.com\/#website"},"datePublished":"2022-07-06T17:50:37+00:00","dateModified":"2022-09-11T16:21:02+00:00","breadcrumb":{"@id":"https:\/\/www.digi-duck.com\/pl\/kundenservice\/#breadcrumb"},"inLanguage":"pl-PL","potentialAction":[{"@type":"ReadAction","target":["https:\/\/www.digi-duck.com\/pl\/kundenservice\/"]}]},{"@type":"BreadcrumbList","@id":"https:\/\/www.digi-duck.com\/pl\/kundenservice\/#breadcrumb","itemListElement":[{"@type":"ListItem","position":1,"name":"Strona g\u0142\u00f3wna","item":"https:\/\/www.digi-duck.com\/"},{"@type":"ListItem","position":2,"name":"Obs\u0142uga klienta"}]},{"@type":"WebSite","@id":"https:\/\/www.digi-duck.com\/pl\/#website","url":"https:\/\/www.digi-duck.com\/pl\/","name":"DigiDuck","description":"Ihr digitaler Qualifikationspartner","publisher":{"@id":"https:\/\/www.digi-duck.com\/pl\/#organization"},"potentialAction":[{"@type":"SearchAction","target":{"@type":"EntryPoint","urlTemplate":"https:\/\/www.digi-duck.com\/pl\/?s={search_term_string}"},"query-input":{"@type":"PropertyValueSpecification","valueRequired":true,"valueName":"search_term_string"}}],"inLanguage":"pl-PL"},{"@type":"Organization","@id":"https:\/\/www.digi-duck.com\/pl\/#organization","name":"DigiDuck GmbH","url":"https:\/\/www.digi-duck.com\/pl\/","logo":{"@type":"ImageObject","inLanguage":"pl-PL","@id":"https:\/\/www.digi-duck.com\/pl\/#\/schema\/logo\/image\/","url":"https:\/\/www.digi-duck.com\/wp-content\/uploads\/2024\/08\/DigiDuck_Logo_App_Colored.png","contentUrl":"https:\/\/www.digi-duck.com\/wp-content\/uploads\/2024\/08\/DigiDuck_Logo_App_Colored.png","width":2000,"height":2000,"caption":"DigiDuck GmbH"},"image":{"@id":"https:\/\/www.digi-duck.com\/pl\/#\/schema\/logo\/image\/"},"sameAs":["https:\/\/www.facebook.com\/profile.php?id=61558494354505","https:\/\/www.linkedin.com\/company\/digiduck-gmbh","https:\/\/www.xing.com\/pages\/digiduck-gmbh"]}]}},"post_mailing_queue_ids":[],"_links":{"self":[{"href":"https:\/\/www.digi-duck.com\/pl\/wp-json\/wp\/v2\/pages\/11","targetHints":{"allow":["GET"]}}],"collection":[{"href":"https:\/\/www.digi-duck.com\/pl\/wp-json\/wp\/v2\/pages"}],"about":[{"href":"https:\/\/www.digi-duck.com\/pl\/wp-json\/wp\/v2\/types\/page"}],"author":[{"embeddable":true,"href":"https:\/\/www.digi-duck.com\/pl\/wp-json\/wp\/v2\/users\/4"}],"replies":[{"embeddable":true,"href":"https:\/\/www.digi-duck.com\/pl\/wp-json\/wp\/v2\/comments?post=11"}],"version-history":[{"count":2,"href":"https:\/\/www.digi-duck.com\/pl\/wp-json\/wp\/v2\/pages\/11\/revisions"}],"predecessor-version":[{"id":285,"href":"https:\/\/www.digi-duck.com\/pl\/wp-json\/wp\/v2\/pages\/11\/revisions\/285"}],"wp:attachment":[{"href":"https:\/\/www.digi-duck.com\/pl\/wp-json\/wp\/v2\/media?parent=11"}],"curies":[{"name":"wp","href":"https:\/\/api.w.org\/{rel}","templated":true}]}}