{"id":15,"date":"2022-07-06T17:51:16","date_gmt":"2022-07-06T17:51:16","guid":{"rendered":"https:\/\/www.digi-duck.com\/?page_id=15"},"modified":"2023-01-18T18:07:43","modified_gmt":"2023-01-18T17:07:43","slug":"faq","status":"publish","type":"page","link":"https:\/\/www.digi-duck.com\/pl\/faq\/","title":{"rendered":"FAQ"},"content":{"rendered":"<p>PYTANIA I ODPOWIEDZI DOTYCZ\u0104CE DIGIDUCKA<\/p>\n<hr class=\"wp-block-separator has-alpha-channel-opacity\">\n<p>Tutaj znajdziesz cz\u0119sto zadawane pytania i odpowiedzi.<\/p>\n<hr class=\"wp-block-separator has-alpha-channel-opacity\">\n<p>Pomoc i FAQ<\/p>\n<hr class=\"wp-block-separator has-alpha-channel-opacity\">\n<p>MASZ JESZCZE JAKIE\u015a PYTANIA?<\/p>\n<hr class=\"wp-block-separator has-alpha-channel-opacity\">\n<p>Nast\u0119pnie napisz do nas i powiedz, w czym mo\u017cemy Ci pom\u00f3c.<\/p>\n<hr class=\"wp-block-separator has-alpha-channel-opacity\">\n<a href=\"\/pl\/faq\/\" target=\"_self\" class=\"btn-white-full btn btn-primary\">Przejd\u017a do FAQ<\/a>\n","protected":false},"excerpt":{"rendered":"<p>PYTANIA I ODPOWIEDZI DOTYCZ\u0104CE DIGIDUCKA Tutaj znajdziesz cz\u0119sto zadawane pytania i odpowiedzi. Pomoc i FAQ MASZ JESZCZE JAKIE\u015a PYTANIA? Nast\u0119pnie napisz do nas i powiedz, w czym mo\u017cemy Ci pom\u00f3c. Przejd\u017a do FAQ<\/p>\n","protected":false},"author":4,"featured_media":0,"parent":0,"menu_order":0,"comment_status":"closed","ping_status":"closed","template":"","meta":{"_acf_changed":false,"footnotes":""},"class_list":["post-15","page","type-page","status-publish","hentry"],"acf":[],"yoast_head":"<!-- This site is optimized with the Yoast SEO plugin v27.1.1 - https:\/\/yoast.com\/product\/yoast-seo-wordpress\/ -->\n<title>FAQ<\/title>\n<meta name=\"description\" content=\"PYTANIA I ODPOWIEDZI DOTYCZ\u0104CE DIGIDUCKA Tutaj znajdziesz cz\u0119sto zadawane pytania i odpowiedzi. Pomoc i FAQ MASZ JESZCZE JAKIE\u015a PYTANIA? Nast\u0119pnie napisz do nas i powiedz, w czym mo\u017cemy Ci pom\u00f3c. [dd-button-link href=&quot;\/faq\/&quot; text=&quot;Przejd\u017a do FAQ&quot; class=&quot;btn-white-full&quot;]\" \/>\n<meta name=\"robots\" content=\"index, follow, max-snippet:-1, max-image-preview:large, max-video-preview:-1\" \/>\n<link rel=\"canonical\" href=\"http:\/\/PYTANIA%20I%20ODPOWIEDZI%20DOTYCZ\u0104CE%20DIGIDUCKA%20Tutaj%20znajdziesz%20cz\u0119sto%20zadawane%20pytania%20i%20odpowiedzi.%20Pomoc%20i%20FAQ%20MASZ%20JESZCZE%20JAKIE\u015a%20PYTANIA?%20Nast\u0119pnie%20napisz%20do%20nas%20i%20powiedz,%20w%20czym%20mo\u017cemy%20Ci%20pom\u00f3c.%20%5Bdd-button-link%20href=\/faq\/%20text=Przejd\u017a%20do%20FAQ%20class=btn-white-full%5D\" \/>\n<meta property=\"og:locale\" content=\"pl_PL\" \/>\n<meta property=\"og:type\" content=\"article\" \/>\n<meta property=\"og:title\" content=\"FAQ\" \/>\n<meta property=\"og:description\" content=\"PYTANIA I ODPOWIEDZI DOTYCZ\u0104CE DIGIDUCKA Tutaj znajdziesz cz\u0119sto zadawane pytania i odpowiedzi. Pomoc i FAQ MASZ JESZCZE JAKIE\u015a PYTANIA? Nast\u0119pnie napisz do nas i powiedz, w czym mo\u017cemy Ci pom\u00f3c. [dd-button-link href=&quot;\/faq\/&quot; text=&quot;Przejd\u017a do FAQ&quot; class=&quot;btn-white-full&quot;]\" \/>\n<meta property=\"og:url\" content=\"https:\/\/www.digi-duck.com\/pl\/faq\/\" \/>\n<meta property=\"og:site_name\" content=\"DigiDuck\" \/>\n<meta property=\"article:publisher\" content=\"https:\/\/www.facebook.com\/profile.php?id=61558494354505\" \/>\n<meta property=\"article:modified_time\" content=\"2023-01-18T17:07:43+00:00\" \/>\n<meta name=\"twitter:card\" content=\"summary_large_image\" \/>\n<meta name=\"twitter:label1\" content=\"Szacowany czas czytania\" \/>\n\t<meta name=\"twitter:data1\" content=\"1 minuta\" \/>\n<script type=\"application\/ld+json\" class=\"yoast-schema-graph\">{\"@context\":\"https:\/\/schema.org\",\"@graph\":[{\"@type\":\"WebPage\",\"@id\":\"https:\/\/www.digi-duck.com\/pl\/faq\/\",\"url\":\"https:\/\/www.digi-duck.com\/pl\/faq\/\",\"name\":\"FAQ - DigiDuck\",\"isPartOf\":{\"@id\":\"https:\/\/www.digi-duck.com\/#website\"},\"datePublished\":\"2022-07-06T17:51:16+00:00\",\"dateModified\":\"2023-01-18T17:07:43+00:00\",\"breadcrumb\":{\"@id\":\"https:\/\/www.digi-duck.com\/pl\/faq\/#breadcrumb\"},\"inLanguage\":\"pl-PL\",\"potentialAction\":[{\"@type\":\"ReadAction\",\"target\":[\"https:\/\/www.digi-duck.com\/pl\/faq\/\"]}]},{\"@type\":\"BreadcrumbList\",\"@id\":\"https:\/\/www.digi-duck.com\/pl\/faq\/#breadcrumb\",\"itemListElement\":[{\"@type\":\"ListItem\",\"position\":1,\"name\":\"Strona g\u0142\u00f3wna\",\"item\":\"https:\/\/www.digi-duck.com\/\"},{\"@type\":\"ListItem\",\"position\":2,\"name\":\"FAQ\"}]},{\"@type\":\"WebSite\",\"@id\":\"https:\/\/www.digi-duck.com\/pl\/#website\",\"url\":\"https:\/\/www.digi-duck.com\/pl\/\",\"name\":\"DigiDuck\",\"description\":\"Ihr digitaler Qualifikationspartner\",\"publisher\":{\"@id\":\"https:\/\/www.digi-duck.com\/pl\/#organization\"},\"potentialAction\":[{\"@type\":\"SearchAction\",\"target\":{\"@type\":\"EntryPoint\",\"urlTemplate\":\"https:\/\/www.digi-duck.com\/pl\/?s={search_term_string}\"},\"query-input\":{\"@type\":\"PropertyValueSpecification\",\"valueRequired\":true,\"valueName\":\"search_term_string\"}}],\"inLanguage\":\"pl-PL\"},{\"@type\":\"Organization\",\"@id\":\"https:\/\/www.digi-duck.com\/pl\/#organization\",\"name\":\"DigiDuck GmbH\",\"url\":\"https:\/\/www.digi-duck.com\/pl\/\",\"logo\":{\"@type\":\"ImageObject\",\"inLanguage\":\"pl-PL\",\"@id\":\"https:\/\/www.digi-duck.com\/pl\/#\/schema\/logo\/image\/\",\"url\":\"https:\/\/www.digi-duck.com\/wp-content\/uploads\/2024\/08\/DigiDuck_Logo_App_Colored.png\",\"contentUrl\":\"https:\/\/www.digi-duck.com\/wp-content\/uploads\/2024\/08\/DigiDuck_Logo_App_Colored.png\",\"width\":2000,\"height\":2000,\"caption\":\"DigiDuck GmbH\"},\"image\":{\"@id\":\"https:\/\/www.digi-duck.com\/pl\/#\/schema\/logo\/image\/\"},\"sameAs\":[\"https:\/\/www.facebook.com\/profile.php?id=61558494354505\",\"https:\/\/www.linkedin.com\/company\/digiduck-gmbh\",\"https:\/\/www.xing.com\/pages\/digiduck-gmbh\"]}]}<\/script>\n<!-- \/ Yoast SEO plugin. -->","yoast_head_json":{"title":"FAQ","description":"PYTANIA I ODPOWIEDZI DOTYCZ\u0104CE DIGIDUCKA Tutaj znajdziesz cz\u0119sto zadawane pytania i odpowiedzi. Pomoc i FAQ MASZ JESZCZE JAKIE\u015a PYTANIA? Nast\u0119pnie napisz do nas i powiedz, w czym mo\u017cemy Ci pom\u00f3c. [dd-button-link href=\"\/faq\/\" text=\"Przejd\u017a do FAQ\" class=\"btn-white-full\"]","robots":{"index":"index","follow":"follow","max-snippet":"max-snippet:-1","max-image-preview":"max-image-preview:large","max-video-preview":"max-video-preview:-1"},"canonical":"PYTANIA I ODPOWIEDZI DOTYCZ\u0104CE DIGIDUCKA Tutaj znajdziesz cz\u0119sto zadawane pytania i odpowiedzi. Pomoc i FAQ MASZ JESZCZE JAKIE\u015a PYTANIA? Nast\u0119pnie napisz do nas i powiedz, w czym mo\u017cemy Ci pom\u00f3c. [dd-button-link href=\"\/faq\/\" text=\"Przejd\u017a do FAQ\" class=\"btn-white-full\"]","og_locale":"pl_PL","og_type":"article","og_title":"FAQ","og_description":"PYTANIA I ODPOWIEDZI DOTYCZ\u0104CE DIGIDUCKA Tutaj znajdziesz cz\u0119sto zadawane pytania i odpowiedzi. Pomoc i FAQ MASZ JESZCZE JAKIE\u015a PYTANIA? Nast\u0119pnie napisz do nas i powiedz, w czym mo\u017cemy Ci pom\u00f3c. [dd-button-link href=\"\/faq\/\" text=\"Przejd\u017a do FAQ\" class=\"btn-white-full\"]","og_url":"https:\/\/www.digi-duck.com\/pl\/faq\/","og_site_name":"DigiDuck","article_publisher":"https:\/\/www.facebook.com\/profile.php?id=61558494354505","article_modified_time":"2023-01-18T17:07:43+00:00","twitter_card":"summary_large_image","twitter_misc":{"Szacowany czas czytania":"1 minuta"},"schema":{"@context":"https:\/\/schema.org","@graph":[{"@type":"WebPage","@id":"https:\/\/www.digi-duck.com\/pl\/faq\/","url":"https:\/\/www.digi-duck.com\/pl\/faq\/","name":"FAQ - DigiDuck","isPartOf":{"@id":"https:\/\/www.digi-duck.com\/#website"},"datePublished":"2022-07-06T17:51:16+00:00","dateModified":"2023-01-18T17:07:43+00:00","breadcrumb":{"@id":"https:\/\/www.digi-duck.com\/pl\/faq\/#breadcrumb"},"inLanguage":"pl-PL","potentialAction":[{"@type":"ReadAction","target":["https:\/\/www.digi-duck.com\/pl\/faq\/"]}]},{"@type":"BreadcrumbList","@id":"https:\/\/www.digi-duck.com\/pl\/faq\/#breadcrumb","itemListElement":[{"@type":"ListItem","position":1,"name":"Strona g\u0142\u00f3wna","item":"https:\/\/www.digi-duck.com\/"},{"@type":"ListItem","position":2,"name":"FAQ"}]},{"@type":"WebSite","@id":"https:\/\/www.digi-duck.com\/pl\/#website","url":"https:\/\/www.digi-duck.com\/pl\/","name":"DigiDuck","description":"Ihr digitaler Qualifikationspartner","publisher":{"@id":"https:\/\/www.digi-duck.com\/pl\/#organization"},"potentialAction":[{"@type":"SearchAction","target":{"@type":"EntryPoint","urlTemplate":"https:\/\/www.digi-duck.com\/pl\/?s={search_term_string}"},"query-input":{"@type":"PropertyValueSpecification","valueRequired":true,"valueName":"search_term_string"}}],"inLanguage":"pl-PL"},{"@type":"Organization","@id":"https:\/\/www.digi-duck.com\/pl\/#organization","name":"DigiDuck GmbH","url":"https:\/\/www.digi-duck.com\/pl\/","logo":{"@type":"ImageObject","inLanguage":"pl-PL","@id":"https:\/\/www.digi-duck.com\/pl\/#\/schema\/logo\/image\/","url":"https:\/\/www.digi-duck.com\/wp-content\/uploads\/2024\/08\/DigiDuck_Logo_App_Colored.png","contentUrl":"https:\/\/www.digi-duck.com\/wp-content\/uploads\/2024\/08\/DigiDuck_Logo_App_Colored.png","width":2000,"height":2000,"caption":"DigiDuck GmbH"},"image":{"@id":"https:\/\/www.digi-duck.com\/pl\/#\/schema\/logo\/image\/"},"sameAs":["https:\/\/www.facebook.com\/profile.php?id=61558494354505","https:\/\/www.linkedin.com\/company\/digiduck-gmbh","https:\/\/www.xing.com\/pages\/digiduck-gmbh"]}]}},"post_mailing_queue_ids":[],"_links":{"self":[{"href":"https:\/\/www.digi-duck.com\/pl\/wp-json\/wp\/v2\/pages\/15","targetHints":{"allow":["GET"]}}],"collection":[{"href":"https:\/\/www.digi-duck.com\/pl\/wp-json\/wp\/v2\/pages"}],"about":[{"href":"https:\/\/www.digi-duck.com\/pl\/wp-json\/wp\/v2\/types\/page"}],"author":[{"embeddable":true,"href":"https:\/\/www.digi-duck.com\/pl\/wp-json\/wp\/v2\/users\/4"}],"replies":[{"embeddable":true,"href":"https:\/\/www.digi-duck.com\/pl\/wp-json\/wp\/v2\/comments?post=15"}],"version-history":[{"count":3,"href":"https:\/\/www.digi-duck.com\/pl\/wp-json\/wp\/v2\/pages\/15\/revisions"}],"predecessor-version":[{"id":629,"href":"https:\/\/www.digi-duck.com\/pl\/wp-json\/wp\/v2\/pages\/15\/revisions\/629"}],"wp:attachment":[{"href":"https:\/\/www.digi-duck.com\/pl\/wp-json\/wp\/v2\/media?parent=15"}],"curies":[{"name":"wp","href":"https:\/\/api.w.org\/{rel}","templated":true}]}}