{"id":331,"date":"2022-10-02T10:27:27","date_gmt":"2022-10-02T08:27:27","guid":{"rendered":"https:\/\/www.digi-duck.com\/?page_id=331"},"modified":"2023-04-17T14:29:19","modified_gmt":"2023-04-17T12:29:19","slug":"homepage","status":"publish","type":"page","link":"https:\/\/www.digi-duck.com\/pl\/","title":{"rendered":"Strona g\u0142\u00f3wna"},"content":{"rendered":"<p>Nowa forma cyfrowego transferu wiedzy dla pracownik\u00f3w<\/p>\n<hr class=\"wp-block-separator has-alpha-channel-opacity\">\n<p>DigiDuck to system zarz\u0105dzania Learn + Info, kt\u00f3ry pozwala na instruowanie, szkolenie i przekazywanie informacji i dokument\u00f3w wszystkim pracownikom.<\/p>\n<hr class=\"wp-block-separator has-alpha-channel-opacity\">\n<a href=\"\/pl\/kostenlos-testen\/\" target=\"_self\" class=\"mt-3 me-4 btn btn-primary\">Free trial<\/a>\n<hr class=\"wp-block-separator has-alpha-channel-opacity\">\n<a href=\"\/pl#oneplatforma\" target=\"_self\" class=\"btn-white mt-3 btn btn-primary\">Dowiedz si\u0119 wi\u0119cej<\/a>\n<hr class=\"wp-block-separator has-alpha-channel-opacity\">\n<h4>Dla kierowc\u00f3w<\/h4>\n<p>Instrukta\u017c dla kierowc\u00f3w to co\u015b wi\u0119cej ni\u017c tylko <a href=\"https:\/\/www.digi-duck.com\/vernachlaessigte-unterweisungspflichten\/\" data-type=\"URL\" data-id=\"https:\/\/www.digi-duck.com\/vernachlaessigte-unterweisungspflichten\/\">obowi\u0105zek prawny<\/a>. Gwarantuj\u0105 Ci najlepsze mo\u017cliwe kwalifikacje i motywacj\u0119.<\/p>\n<hr class=\"wp-block-separator has-alpha-channel-opacity\">\n<h4>Dla logistyki i magazynu<\/h4>\n<p>Bezpiecze\u0144stwo + ochrona przed zagro\u017ceniami to jedne z<a href=\"https:\/\/www.digi-duck.com\/vernachlaessigte-unterweisungspflichten\/\" data-type=\"URL\" data-id=\"https:\/\/www.digi-duck.com\/vernachlaessigte-unterweisungspflichten\/\"> najwa\u017cniejszych obowi\u0105zk\u00f3w<\/a> w\u0142a\u015bciciela firmy. Zapewnij najwy\u017csz\u0105 mo\u017cliw\u0105 ochron\u0119 dla swoich pracownik\u00f3w i ich zada\u0144.<\/p>\n<hr class=\"wp-block-separator has-alpha-channel-opacity\">\n<h4>Dla pracownik\u00f3w handlowych<\/h4>\n<p> <a href=\"https:\/\/www.digi-duck.com\/vernachlaessigte-unterweisungspflichten\/\" data-type=\"URL\" data-id=\"https:\/\/www.digi-duck.com\/vernachlaessigte-unterweisungspflichten\/\">Instrukta\u017c<\/a> jest <a href=\"https:\/\/www.digi-duck.com\/vernachlaessigte-unterweisungspflichten\/\" data-type=\"URL\" data-id=\"https:\/\/www.digi-duck.com\/vernachlaessigte-unterweisungspflichten\/\">niezb\u0119dny<\/a> nie tylko <a href=\"https:\/\/www.digi-duck.com\/vernachlaessigte-unterweisungspflichten\/\" data-type=\"URL\" data-id=\"https:\/\/www.digi-duck.com\/vernachlaessigte-unterweisungspflichten\/\">w przypadku<\/a> zada\u0144 zwi\u0105zanych z bezpiecze\u0144stwem. S\u0105 one r\u00f3wnie\u017c cz\u0119\u015bci\u0105 codziennej pracy pracownik\u00f3w w wielu miejscach handlowych.<\/p>\n<hr class=\"wp-block-separator has-alpha-channel-opacity\">\n<p>DigiDuck<\/p>\n<hr class=\"wp-block-separator has-alpha-channel-opacity\">\n<p>Platforma, kt\u00f3ra zawsze trzyma Ci\u0119 na widoku<\/p>\n<hr class=\"wp-block-separator has-alpha-channel-opacity\">\n<p>Dzi\u0119ki naszej 360-stopniowej platformie SaaS do szkolenia i informowania pracownik\u00f3w oferujemy Pa\u0144stwu &#8222;najnowocze\u015bniejsze&#8221; rozwi\u0105zanie w nowoczesnym cyfrowym zarz\u0105dzaniu przedsi\u0119biorstwem. Niezale\u017cnie od tego, czy Twoi pracownicy s\u0105 scentralizowani czy mobilni, zawsze masz gwarancj\u0119 spe\u0142nienia <a href=\"https:\/\/www.digi-duck.com\/vernachlaessigte-unterweisungspflichten\/\" data-type=\"URL\" data-id=\"https:\/\/www.digi-duck.com\/vernachlaessigte-unterweisungspflichten\/\">prawnych i korporacyjnych obowi\u0105zk\u00f3w informacyjnych<\/a>.<\/p>\n<p>Tre\u015bci zorientowane na praktyk\u0119, ukierunkowana komunikacja i interakcja z pracownikami umo\u017cliwiaj\u0105 osi\u0105gni\u0119cie trwa\u0142ych rezultat\u00f3w. Skorzystaj z naszego do\u015bwiadczenia w zakresie digitalizacji i szkole\u0144 pracownik\u00f3w i wypr\u00f3buj nasz\u0105 platform\u0119.<\/p>\n<hr class=\"wp-block-separator has-alpha-channel-opacity\">\n<a href=\"\/pl\/kostenlos-testen\/\" target=\"_self\" class=\"mt-3 me-4 btn btn-primary\">Free trial<\/a>\n<hr class=\"wp-block-separator has-alpha-channel-opacity\">\n<a href=\"\/pl#LearnInfoManagementSystem\" target=\"_self\" class=\"btn-secondary mt-3 btn btn-primary\">Learn more<\/a>\n<hr class=\"wp-block-separator has-alpha-channel-opacity\">\n<p><strong>Wieloplatformowa<\/strong><br \/>DigiDuck jest dla Ciebie: Czy to w smartfonie, tablecie czy komputerze<\/p>\n<hr class=\"wp-block-separator has-alpha-channel-opacity\">\n<p><strong>Aplikacja SaaS<\/strong><br \/>Dzi\u0119ki &#8222;Software as a Service&#8221; nie jest wymagany wysi\u0142ek informatyczny<\/p>\n<hr class=\"wp-block-separator has-alpha-channel-opacity\">\n<p><strong>Dost\u0119pno\u015b\u0107<\/strong><br \/>Obs\u0142uga jest dziecinnie prosta, nawet bez wiedzy informatycznej<\/p>\n<hr class=\"wp-block-separator has-alpha-channel-opacity\">\n<p><strong>Zawsze dost\u0119pny<\/strong><br \/><strong>Dost\u0119pny<\/strong> 365 dni w roku, 24 godziny na dob\u0119<\/p>\n<hr class=\"wp-block-separator has-alpha-channel-opacity\">\n<p><strong>Corporate Design<\/strong><br \/>Dodaj swoj\u0105 mark\u0119 i zdj\u0119cia do platformy<\/p>\n<hr class=\"wp-block-separator has-alpha-channel-opacity\">\n<p><strong>Support &amp; Controlling<\/strong><br \/>Dla kierownictwa, administrator\u00f3w i pracownik\u00f3w<\/p>\n<hr class=\"wp-block-separator has-alpha-channel-opacity\">\n<p><strong>Hierarchia organizacyjna<\/strong><br \/>Wielopoziomowe zarz\u0105dzanie u\u017cytkownikami nawet bez adresu e-mail<\/p>\n<hr class=\"wp-block-separator has-alpha-channel-opacity\">\n<p><strong>DSGVO<\/strong><br \/>Zgodne z DSGVO i<br \/>Lokalizacja serwera Niemcy<\/p>\n<hr class=\"wp-block-separator has-alpha-channel-opacity\">\n<p>Nauka + System Zarz\u0105dzania Informacj\u0105<\/p>\n<hr class=\"wp-block-separator has-alpha-channel-opacity\">\n<p>Jedna platforma, dwa rozwi\u0105zania<\/p>\n<hr class=\"wp-block-separator has-alpha-channel-opacity\">\n<p>System zarz\u0105dzania nauk\u0105<\/p>\n<hr class=\"wp-block-separator has-alpha-channel-opacity\">\n<p>Cyfrowy \u015bwiat nauki dla Twojej firmy. <br \/>Proste. Niedrogi. Gotowy do pracy.<\/p>\n<hr class=\"wp-block-separator has-alpha-channel-opacity\">\n<ul>\n<li>Regularne obowi\u0105zkowe odprawy i kursy<\/li>\n<li>Import istniej\u0105cych prezentacji<\/li>\n<li>Wysokiej jako\u015bci szkolenia audiowizualne<\/li>\n<li>Ju\u017c wieloj\u0119zyczne, mo\u017cna wdro\u017cy\u0107 po\u017c\u0105dane j\u0119zyki<\/li>\n<li>Tre\u015bci nauczania zgodne z prawem, z certyfikatem uko\u0144czenia<\/li>\n<li>Naprzemienne testy i sprawdzanie post\u0119p\u00f3w w nauce<\/li>\n<\/ul>\n<hr class=\"wp-block-separator has-alpha-channel-opacity\">\n<a href=\"\/pl\/learn-management-system\/\" target=\"_self\" class=\"btn-white mt-3 btn btn-primary\">Dowiedz si\u0119 wi\u0119cej<\/a>\n<hr class=\"wp-block-separator has-alpha-channel-opacity\">\n<p>System zarz\u0105dzania informacjami<\/p>\n<hr class=\"wp-block-separator has-alpha-channel-opacity\">\n<p>Komunikacja z Twoimi mobilnymi pracownikami. <br \/>Zgodne z prawem. Weryfikowalne. Wi\u0105zanie.<\/p>\n<hr class=\"wp-block-separator has-alpha-channel-opacity\">\n<ul>\n<li>Cyfrowe wysy\u0142anie informacji i dokument\u00f3w dla mobilnych pracownik\u00f3w<\/li>\n<li>Mo\u017cliwo\u015b\u0107 indywidualnego przypisania r\u00f3\u017cnych dokument\u00f3w<\/li>\n<li>Spe\u0142nienie wymog\u00f3w prawnych dotycz\u0105cych informacji<\/li>\n<li>np. podr\u0119czniki dla pracownik\u00f3w, og\u0142oszenia w firmie, pakiet mobilno\u015bciowy UE itp.<\/li>\n<li>Sprawdzona dokumentacja przekazania i odbioru<\/li>\n<\/ul>\n<hr class=\"wp-block-separator has-alpha-channel-opacity\">\n<a href=\"\/pl\/info-management-system\/\" target=\"_self\" class=\"btn-white mt-3 btn btn-primary\">Dowiedz si\u0119 wi\u0119cej<\/a>\n<hr class=\"wp-block-separator has-alpha-channel-opacity\">\n<p>Powody, kt\u00f3re przemawiaj\u0105 za DigiDuck<\/p>\n<hr class=\"wp-block-separator has-alpha-channel-opacity\">\n<p>Dla Twojej firmy<\/p>\n<hr class=\"wp-block-separator has-alpha-channel-opacity\">\n<ul>\n<li>Bardziej op\u0142acalne ni\u017c szkolenie w klasie + minimalny wysi\u0142ek dla Ciebie<\/li>\n<li>Brak rycza\u0142tu za setki sesji szkoleniowych &#8211; p\u0142acisz tylko za to, co faktycznie wykorzystasz<\/li>\n<li>Zarz\u0105dzanie instrukcjami i obowi\u0105zkami informacyjnymi w spos\u00f3b odporny na audyt<\/li>\n<li>Zgodno\u015b\u0107 i dokumentacja wymaga\u0144 prawnych<\/li>\n<li>Mo\u017cliwo\u015b\u0107 dokumentowania proces\u00f3w uczenia si\u0119 (r\u00f3wnie\u017c dla w\u0142adz)<\/li>\n<li>Zachowanie termin\u00f3w ustawowych w kontek\u015bcie szkole\u0144 obowi\u0105zkowych<\/li>\n<li>Wsparcie w tworzeniu w\u0142asnych tre\u015bci<\/li>\n<\/ul>\n<hr class=\"wp-block-separator has-alpha-channel-opacity\">\n<a href=\"\/pl\/kostenlos-testen\/\" target=\"_self\" class=\"mt-3 btn btn-primary\">Free trial<\/a>\n<hr class=\"wp-block-separator has-alpha-channel-opacity\">\n<p>Powody, kt\u00f3re przemawiaj\u0105 za DigiDuck<\/p>\n<hr class=\"wp-block-separator has-alpha-channel-opacity\">\n<p>Dla Twoich pracownik\u00f3w<\/p>\n<hr class=\"wp-block-separator has-alpha-channel-opacity\">\n<ul>\n<li>\u0141atwa obs\u0142uga i dodatkowe informacje pomocnicze<\/li>\n<li>Szkolenie w dowolnym czasie i miejscu, za po\u015brednictwem smartfona, tabletu i komputera<\/li>\n<li>Dydaktycznie przygotowany trening z zadaniami zabawowymi<\/li>\n<li>Zgodno\u015b\u0107 z wymogami prawnymi i ich dokumentowanie<\/li>\n<li>Indywidualne certyfikaty po pomy\u015blnym uko\u0144czeniu<\/li>\n<li>Wszystko w jednym cyfrowym miejscu &#8211; szkolenia, dokumenty, informacje<\/li>\n<li>Wieloj\u0119zyczno\u015b\u0107 &#8211; a wi\u0119c wi\u0119ksze bezpiecze\u0144stwo dla Twoich pracownik\u00f3w<\/li>\n<li>Funkcja anonimowej informacji zwrotnej dla pracownik\u00f3w<\/li>\n<\/ul>\n<hr class=\"wp-block-separator has-alpha-channel-opacity\">\n<a href=\"\/pl\/kostenlos-testen\/\" target=\"_self\" class=\"mt-3 btn btn-primary\">Free trial<\/a>\n<hr class=\"wp-block-separator has-alpha-channel-opacity\">\n<p>Przedstawiamy si\u0119<\/p>\n<hr class=\"wp-block-separator has-alpha-channel-opacity\">\n<p>Poznaj nas<\/p>\n<hr class=\"wp-block-separator has-alpha-channel-opacity\">\n<p>DigiDuck to wsp\u00f3lne przedsi\u0119wzi\u0119cie dw\u00f3ch weteran\u00f3w w swoich bran\u017cach.<\/p>\n<p> <strong>Green duck GmbH<\/strong> jest jednym z wiod\u0105cych specjalist\u00f3w w zakresie szkole\u0144 stacjonarnych z zakresu bezpiecze\u0144stwa pracy, towar\u00f3w niebezpiecznych i kwalifikacji pracownik\u00f3w. Zesp\u00f3\u0142 Zielonej Kaczki, z\u0142o\u017cony z wysoko wykwalifikowanych trener\u00f3w i konsultant\u00f3w, zna praktyk\u0119 z w\u0142asnego do\u015bwiadczenia.<\/p>\n<p> <strong>Firma AGIDOS GmbH<\/strong> i jej za\u0142o\u017cyciel nale\u017c\u0105 do pionier\u00f3w cyfryzacji. Za swoje projekty cyfrowe otrzymali liczne nagrody, m.in. German Excellence Award, Pa\u0144stwowy Order Zas\u0142ugi NRW oraz Federalny Krzy\u017c Zas\u0142ugi.<\/p>\n<p>Razem tworz\u0105 zesp\u00f3\u0142 DigiDuck i gwarantuj\u0105 najwy\u017csz\u0105 jako\u015b\u0107 w swoich obszarach odpowiedzialno\u015bci.<\/p>\n<hr class=\"wp-block-separator has-alpha-channel-opacity\">\n<a href=\"\/pl\/uber-digiduck\/\" target=\"_self\" class=\"btn-secondary mt-3 btn btn-primary\">Dowiedz si\u0119 wi\u0119cej<\/a>\n<hr class=\"wp-block-separator has-alpha-channel-opacity\">\n<div class=\"label-2\"><span class=\"scroll-counter\" data-counter-time=\"2000\">25<\/span>25<\/div>\n            <div class=\"text-green\">sukcesy w szkoleniu klasowym<\/div>\n<hr class=\"wp-block-separator has-alpha-channel-opacity\">\n<div class=\"label-2\"><span class=\"scroll-counter\" data-counter-time=\"2000\">23<\/span>23<\/div>\n            <div class=\"text-green\">Know how w cyfryzacji<\/div>\n<hr class=\"wp-block-separator has-alpha-channel-opacity\">\n<div class=\"label-2\"><span class=\"scroll-counter\" data-counter-time=\"2000\">50<\/span>000 +<\/div>\n            <div class=\"text-green\">Personel przeszkolony tak daleko<\/div>\n<hr class=\"wp-block-separator has-alpha-channel-opacity\">\n<p>Brzmi ekscytuj\u0105co? To na co czekasz?<\/p>\n<hr class=\"wp-block-separator has-alpha-channel-opacity\">\n<p>Porozmawiajmy o tym!<\/p>\n<hr class=\"wp-block-separator has-alpha-channel-opacity\">\n<p>Um\u00f3w si\u0119 teraz na niezobowi\u0105zuj\u0105c\u0105 demonstracj\u0119 na \u017cywo.<\/p>\n<hr class=\"wp-block-separator has-alpha-channel-opacity\">\n<a href=\"\/pl\/kostenlos-testen\/\" target=\"_self\" class=\" btn btn-primary\">Start request now<\/a>\n<hr class=\"wp-block-separator has-alpha-channel-opacity\">\n<p>Pomoc i FAQ<\/p>\n<hr class=\"wp-block-separator has-alpha-channel-opacity\">\n<p>Czy masz jeszcze jakie\u015b pytania?<\/p>\n<hr class=\"wp-block-separator has-alpha-channel-opacity\">\n<p>Odpowiedzi na najcz\u0119\u015bciej zadawane pytania mo\u017cna znale\u017a\u0107 w naszym dziale FAQs<\/p>\n<hr class=\"wp-block-separator has-alpha-channel-opacity\">\n<a href=\"\/pl\/faq\/\" target=\"_self\" class=\"btn-white-full btn btn-primary\">To the FAQs<\/a>\n","protected":false},"excerpt":{"rendered":"<p>Nowa forma cyfrowego transferu wiedzy dla pracownik\u00f3w DigiDuck to system zarz\u0105dzania Learn + Info, kt\u00f3ry pozwala na instruowanie, szkolenie i przekazywanie informacji i dokument\u00f3w wszystkim pracownikom. Free trial Dowiedz si\u0119 wi\u0119cej Dla kierowc\u00f3w Instrukta\u017c dla kierowc\u00f3w to co\u015b wi\u0119cej ni\u017c tylko obowi\u0105zek prawny. Gwarantuj\u0105 Ci najlepsze mo\u017cliwe kwalifikacje i motywacj\u0119. Dla logistyki i magazynu Bezpiecze\u0144stwo [&hellip;]<\/p>\n","protected":false},"author":4,"featured_media":0,"parent":0,"menu_order":0,"comment_status":"closed","ping_status":"closed","template":"","meta":{"_acf_changed":false,"footnotes":""},"class_list":["post-331","page","type-page","status-publish","hentry"],"acf":[],"yoast_head":"<!-- This site is optimized with the Yoast SEO plugin v27.1.1 - https:\/\/yoast.com\/product\/yoast-seo-wordpress\/ -->\n<title>Strona g\u0142\u00f3wna<\/title>\n<meta name=\"description\" content=\"Nowa forma cyfrowego transferu wiedzy dla pracownik\u00f3w DigiDuck to system zarz\u0105dzania Learn + Info, kt\u00f3ry pozwala na instruowanie, szkolenie i przekazywanie informacji i dokument\u00f3w wszystkim pracownikom. [dd-button-link text=&quot;Free trial&quot; href=&quot;\/free-test\/&quot; class=&quot;mt-3 me-4&quot;] [dd-button-link text=&quot;Dowiedz si\u0119 wi\u0119cej&quot; href=&quot;#oneplatforma&quot; class=&quot;btn-white mt-3&quot;] Dla kierowc\u00f3w Instrukta\u017c dla kierowc\u00f3w to co\u015b wi\u0119cej ni\u017c tylko obowi\u0105zek prawny. Gwarantuj\u0105 Ci najlepsze mo\u017cliwe&hellip;\" \/>\n<meta name=\"robots\" content=\"index, follow, max-snippet:-1, max-image-preview:large, max-video-preview:-1\" \/>\n<link rel=\"canonical\" href=\"http:\/\/Nowa%20forma%20cyfrowego%20transferu%20wiedzy%20dla%20pracownik\u00f3w%20DigiDuck%20to%20system%20zarz\u0105dzania%20Learn%20%20%20Info,%20kt\u00f3ry%20pozwala%20na%20instruowanie,%20szkolenie%20i%20przekazywanie%20informacji%20i%20dokument\u00f3w%20wszystkim%20pracownikom.%20[dd-button-link%20text=Free%20trial%20href=\/free-test\/%20class=mt-3%20me-4%5D%20%5Bdd-button-link%20text=Dowiedz%20si\u0119%20wi\u0119cej%20href=#oneplatforma%20class=btn-white%20mt-3%5D%20Dla%20kierowc\u00f3w%20Instrukta\u017c%20dla%20kierowc\u00f3w%20to%20co\u015b%20wi\u0119cej%20ni\u017c%20tylko%20obowi\u0105zek%20prawny.%20Gwarantuj\u0105%20Ci%20najlepsze%20mo\u017cliwe&hellip;\" \/>\n<meta property=\"og:locale\" content=\"pl_PL\" \/>\n<meta property=\"og:type\" content=\"article\" \/>\n<meta property=\"og:title\" content=\"Strona g\u0142\u00f3wna\" \/>\n<meta property=\"og:description\" content=\"Nowa forma cyfrowego transferu wiedzy dla pracownik\u00f3w DigiDuck to system zarz\u0105dzania Learn + Info, kt\u00f3ry pozwala na instruowanie, szkolenie i przekazywanie informacji i dokument\u00f3w wszystkim pracownikom. [dd-button-link text=&quot;Free trial&quot; href=&quot;\/free-test\/&quot; class=&quot;mt-3 me-4&quot;] [dd-button-link text=&quot;Dowiedz si\u0119 wi\u0119cej&quot; href=&quot;#oneplatforma&quot; class=&quot;btn-white mt-3&quot;] Dla kierowc\u00f3w Instrukta\u017c dla kierowc\u00f3w to co\u015b wi\u0119cej ni\u017c tylko obowi\u0105zek prawny. Gwarantuj\u0105 Ci najlepsze mo\u017cliwe&hellip;\" \/>\n<meta property=\"og:url\" content=\"https:\/\/www.digi-duck.com\/pl\/\" \/>\n<meta property=\"og:site_name\" content=\"DigiDuck\" \/>\n<meta property=\"article:publisher\" content=\"https:\/\/www.facebook.com\/profile.php?id=61558494354505\" \/>\n<meta property=\"article:modified_time\" content=\"2023-04-17T12:29:19+00:00\" \/>\n<meta name=\"twitter:card\" content=\"summary_large_image\" \/>\n<meta name=\"twitter:label1\" content=\"Szacowany czas czytania\" \/>\n\t<meta name=\"twitter:data1\" content=\"4 minuty\" \/>\n<script type=\"application\/ld+json\" class=\"yoast-schema-graph\">{\"@context\":\"https:\/\/schema.org\",\"@graph\":[{\"@type\":\"WebPage\",\"@id\":\"https:\/\/www.digi-duck.com\/pl\/\",\"url\":\"https:\/\/www.digi-duck.com\/pl\/\",\"name\":\"Homepage - DigiDuck\",\"isPartOf\":{\"@id\":\"https:\/\/www.digi-duck.com\/#website\"},\"datePublished\":\"2022-10-02T08:27:27+00:00\",\"dateModified\":\"2023-04-17T12:29:19+00:00\",\"breadcrumb\":{\"@id\":\"https:\/\/www.digi-duck.com\/pl\/#breadcrumb\"},\"inLanguage\":\"pl-PL\",\"potentialAction\":[{\"@type\":\"ReadAction\",\"target\":[\"https:\/\/www.digi-duck.com\/pl\/\"]}]},{\"@type\":\"BreadcrumbList\",\"@id\":\"https:\/\/www.digi-duck.com\/pl\/#breadcrumb\",\"itemListElement\":[{\"@type\":\"ListItem\",\"position\":1,\"name\":\"Strona g\u0142\u00f3wna\",\"item\":\"https:\/\/www.digi-duck.com\/\"},{\"@type\":\"ListItem\",\"position\":2,\"name\":\"Strona g\u0142\u00f3wna\"}]},{\"@type\":\"WebSite\",\"@id\":\"https:\/\/www.digi-duck.com\/pl\/#website\",\"url\":\"https:\/\/www.digi-duck.com\/pl\/\",\"name\":\"DigiDuck\",\"description\":\"Ihr digitaler Qualifikationspartner\",\"publisher\":{\"@id\":\"https:\/\/www.digi-duck.com\/pl\/#organization\"},\"potentialAction\":[{\"@type\":\"SearchAction\",\"target\":{\"@type\":\"EntryPoint\",\"urlTemplate\":\"https:\/\/www.digi-duck.com\/pl\/?s={search_term_string}\"},\"query-input\":{\"@type\":\"PropertyValueSpecification\",\"valueRequired\":true,\"valueName\":\"search_term_string\"}}],\"inLanguage\":\"pl-PL\"},{\"@type\":\"Organization\",\"@id\":\"https:\/\/www.digi-duck.com\/pl\/#organization\",\"name\":\"DigiDuck GmbH\",\"url\":\"https:\/\/www.digi-duck.com\/pl\/\",\"logo\":{\"@type\":\"ImageObject\",\"inLanguage\":\"pl-PL\",\"@id\":\"https:\/\/www.digi-duck.com\/pl\/#\/schema\/logo\/image\/\",\"url\":\"https:\/\/www.digi-duck.com\/wp-content\/uploads\/2024\/08\/DigiDuck_Logo_App_Colored.png\",\"contentUrl\":\"https:\/\/www.digi-duck.com\/wp-content\/uploads\/2024\/08\/DigiDuck_Logo_App_Colored.png\",\"width\":2000,\"height\":2000,\"caption\":\"DigiDuck GmbH\"},\"image\":{\"@id\":\"https:\/\/www.digi-duck.com\/pl\/#\/schema\/logo\/image\/\"},\"sameAs\":[\"https:\/\/www.facebook.com\/profile.php?id=61558494354505\",\"https:\/\/www.linkedin.com\/company\/digiduck-gmbh\",\"https:\/\/www.xing.com\/pages\/digiduck-gmbh\"]}]}<\/script>\n<!-- \/ Yoast SEO plugin. -->","yoast_head_json":{"title":"Strona g\u0142\u00f3wna","description":"Nowa forma cyfrowego transferu wiedzy dla pracownik\u00f3w DigiDuck to system zarz\u0105dzania Learn + Info, kt\u00f3ry pozwala na instruowanie, szkolenie i przekazywanie informacji i dokument\u00f3w wszystkim pracownikom. [dd-button-link text=\"Free trial\" href=\"\/free-test\/\" class=\"mt-3 me-4\"] [dd-button-link text=\"Dowiedz si\u0119 wi\u0119cej\" href=\"#oneplatforma\" class=\"btn-white mt-3\"] Dla kierowc\u00f3w Instrukta\u017c dla kierowc\u00f3w to co\u015b wi\u0119cej ni\u017c tylko obowi\u0105zek prawny. Gwarantuj\u0105 Ci najlepsze mo\u017cliwe&hellip;","robots":{"index":"index","follow":"follow","max-snippet":"max-snippet:-1","max-image-preview":"max-image-preview:large","max-video-preview":"max-video-preview:-1"},"canonical":"Nowa forma cyfrowego transferu wiedzy dla pracownik\u00f3w DigiDuck to system zarz\u0105dzania Learn   Info, kt\u00f3ry pozwala na instruowanie, szkolenie i przekazywanie informacji i dokument\u00f3w wszystkim pracownikom. [dd-button-link text=\"Free trial\" href=\"\/free-test\/\" class=\"mt-3 me-4\"] [dd-button-link text=\"Dowiedz si\u0119 wi\u0119cej\" href=\"#oneplatforma\" class=\"btn-white mt-3\"] Dla kierowc\u00f3w Instrukta\u017c dla kierowc\u00f3w to co\u015b wi\u0119cej ni\u017c tylko obowi\u0105zek prawny. Gwarantuj\u0105 Ci najlepsze mo\u017cliwe&hellip;","og_locale":"pl_PL","og_type":"article","og_title":"Strona g\u0142\u00f3wna","og_description":"Nowa forma cyfrowego transferu wiedzy dla pracownik\u00f3w DigiDuck to system zarz\u0105dzania Learn + Info, kt\u00f3ry pozwala na instruowanie, szkolenie i przekazywanie informacji i dokument\u00f3w wszystkim pracownikom. [dd-button-link text=\"Free trial\" href=\"\/free-test\/\" class=\"mt-3 me-4\"] [dd-button-link text=\"Dowiedz si\u0119 wi\u0119cej\" href=\"#oneplatforma\" class=\"btn-white mt-3\"] Dla kierowc\u00f3w Instrukta\u017c dla kierowc\u00f3w to co\u015b wi\u0119cej ni\u017c tylko obowi\u0105zek prawny. Gwarantuj\u0105 Ci najlepsze mo\u017cliwe&hellip;","og_url":"https:\/\/www.digi-duck.com\/pl\/","og_site_name":"DigiDuck","article_publisher":"https:\/\/www.facebook.com\/profile.php?id=61558494354505","article_modified_time":"2023-04-17T12:29:19+00:00","twitter_card":"summary_large_image","twitter_misc":{"Szacowany czas czytania":"4 minuty"},"schema":{"@context":"https:\/\/schema.org","@graph":[{"@type":"WebPage","@id":"https:\/\/www.digi-duck.com\/pl\/","url":"https:\/\/www.digi-duck.com\/pl\/","name":"Homepage - DigiDuck","isPartOf":{"@id":"https:\/\/www.digi-duck.com\/#website"},"datePublished":"2022-10-02T08:27:27+00:00","dateModified":"2023-04-17T12:29:19+00:00","breadcrumb":{"@id":"https:\/\/www.digi-duck.com\/pl\/#breadcrumb"},"inLanguage":"pl-PL","potentialAction":[{"@type":"ReadAction","target":["https:\/\/www.digi-duck.com\/pl\/"]}]},{"@type":"BreadcrumbList","@id":"https:\/\/www.digi-duck.com\/pl\/#breadcrumb","itemListElement":[{"@type":"ListItem","position":1,"name":"Strona g\u0142\u00f3wna","item":"https:\/\/www.digi-duck.com\/"},{"@type":"ListItem","position":2,"name":"Strona g\u0142\u00f3wna"}]},{"@type":"WebSite","@id":"https:\/\/www.digi-duck.com\/pl\/#website","url":"https:\/\/www.digi-duck.com\/pl\/","name":"DigiDuck","description":"Ihr digitaler Qualifikationspartner","publisher":{"@id":"https:\/\/www.digi-duck.com\/pl\/#organization"},"potentialAction":[{"@type":"SearchAction","target":{"@type":"EntryPoint","urlTemplate":"https:\/\/www.digi-duck.com\/pl\/?s={search_term_string}"},"query-input":{"@type":"PropertyValueSpecification","valueRequired":true,"valueName":"search_term_string"}}],"inLanguage":"pl-PL"},{"@type":"Organization","@id":"https:\/\/www.digi-duck.com\/pl\/#organization","name":"DigiDuck GmbH","url":"https:\/\/www.digi-duck.com\/pl\/","logo":{"@type":"ImageObject","inLanguage":"pl-PL","@id":"https:\/\/www.digi-duck.com\/pl\/#\/schema\/logo\/image\/","url":"https:\/\/www.digi-duck.com\/wp-content\/uploads\/2024\/08\/DigiDuck_Logo_App_Colored.png","contentUrl":"https:\/\/www.digi-duck.com\/wp-content\/uploads\/2024\/08\/DigiDuck_Logo_App_Colored.png","width":2000,"height":2000,"caption":"DigiDuck GmbH"},"image":{"@id":"https:\/\/www.digi-duck.com\/pl\/#\/schema\/logo\/image\/"},"sameAs":["https:\/\/www.facebook.com\/profile.php?id=61558494354505","https:\/\/www.linkedin.com\/company\/digiduck-gmbh","https:\/\/www.xing.com\/pages\/digiduck-gmbh"]}]}},"post_mailing_queue_ids":[],"_links":{"self":[{"href":"https:\/\/www.digi-duck.com\/pl\/wp-json\/wp\/v2\/pages\/331","targetHints":{"allow":["GET"]}}],"collection":[{"href":"https:\/\/www.digi-duck.com\/pl\/wp-json\/wp\/v2\/pages"}],"about":[{"href":"https:\/\/www.digi-duck.com\/pl\/wp-json\/wp\/v2\/types\/page"}],"author":[{"embeddable":true,"href":"https:\/\/www.digi-duck.com\/pl\/wp-json\/wp\/v2\/users\/4"}],"replies":[{"embeddable":true,"href":"https:\/\/www.digi-duck.com\/pl\/wp-json\/wp\/v2\/comments?post=331"}],"version-history":[{"count":37,"href":"https:\/\/www.digi-duck.com\/pl\/wp-json\/wp\/v2\/pages\/331\/revisions"}],"predecessor-version":[{"id":770,"href":"https:\/\/www.digi-duck.com\/pl\/wp-json\/wp\/v2\/pages\/331\/revisions\/770"}],"wp:attachment":[{"href":"https:\/\/www.digi-duck.com\/pl\/wp-json\/wp\/v2\/media?parent=331"}],"curies":[{"name":"wp","href":"https:\/\/api.w.org\/{rel}","templated":true}]}}