{"id":372,"date":"2022-12-04T16:13:06","date_gmt":"2022-12-04T15:13:06","guid":{"rendered":"https:\/\/www.digi-duck.com\/?page_id=372"},"modified":"2023-07-07T11:54:31","modified_gmt":"2023-07-07T09:54:31","slug":"praesenztraining","status":"publish","type":"page","link":"https:\/\/www.digi-duck.com\/pl\/praesenztraining\/","title":{"rendered":"Szkolenia stacjonarne"},"content":{"rendered":"<p>UZUPE\u0141NIJ TRANSFER WIEDZY<br \/>DLA SWOICH PRACOWNIK\u00d3W O SZKOLENIE Z ZAKRESU OBECNO\u015aCI<\/p>\n<hr class=\"wp-block-separator has-alpha-channel-opacity\">\n<p>Nie ka\u017cdy temat mo\u017cna przekaza\u0107 pracownikom za po\u015brednictwem medi\u00f3w cyfrowych. Na przyk\u0142ad masz wra\u017cenie, \u017ce Twoi pracownicy potrzebuj\u0105 intensywniejszego transferu wiedzy na okre\u015blony temat lub chcia\u0142by\u015b popracowa\u0107 nad specjalnymi cechami wewn\u0119trznymi.<\/p>\n<p>Po\u0142\u0105czenie nauki online i szkolenia w klasie to w\u0142a\u015bciwa mieszanka transferu wiedzy, kt\u00f3rej potrzebuj\u0105 dzi\u015b Twoi pracownicy. Dlatego oferujemy Ci te mo\u017cliwo\u015bci nauki hybrydowej w po\u0142\u0105czeniu z naszym udzia\u0142owcem &#8222;zielon\u0105 kaczk\u0105&#8221; w dziedzinie logistyki.<\/p>\n<p>Od ponad 25 lat <strong>green duck GmbH<\/strong> dzia\u0142a na terenie ca\u0142ych Niemiec jako dostawca us\u0142ug doradczych i szkoleniowych w zakresie BHP, ochrony przeciwpo\u017carowej, towar\u00f3w niebezpiecznych, szkole\u0144 dokszta\u0142caj\u0105cych BKF, szkole\u0144 z zakresu bezpiecze\u0144stwa kierowc\u00f3w samochod\u00f3w ci\u0119\u017carowych oraz system\u00f3w zarz\u0105dzania jako\u015bci\u0105. Zesp\u00f3\u0142 sk\u0142ada si\u0119 z wysoko wykwalifikowanych trener\u00f3w i konsultant\u00f3w i zna praktyk\u0119 z w\u0142asnego do\u015bwiadczenia.<\/p>\n<p>Dzi\u0119ki indywidualnym, r\u00f3\u017cnorodnym i praktycznym szkoleniom i seminariom sprawi\u0105, \u017ce Twoi pracownicy b\u0119d\u0105 mogli wykonywa\u0107 swoje zadania. Plusy: Wiedza jest natychmiast wdra\u017cana w codziennej pracy i tym samym bezzw\u0142ocznie przyczynia si\u0119 do pozytywnego rozwoju Pa\u0144stwa firmy.<\/p>\n<p>Podnie\u015b kwalifikacje swoich pracownik\u00f3w poprzez profesjonalne szkolenia stacjonarne!<\/p>\n<hr class=\"wp-block-separator has-alpha-channel-opacity\">\n<a href=\"\/plhttps:\/\/www.green-duck.de\/\" target=\"_self\" class=\"btn-green-full btn btn-primary\">Start a free enquiry now<\/a>\n","protected":false},"excerpt":{"rendered":"<p>UZUPE\u0141NIJ TRANSFER WIEDZYDLA SWOICH PRACOWNIK\u00d3W O SZKOLENIE Z ZAKRESU OBECNO\u015aCI Nie ka\u017cdy temat mo\u017cna przekaza\u0107 pracownikom za po\u015brednictwem medi\u00f3w cyfrowych. Na przyk\u0142ad masz wra\u017cenie, \u017ce Twoi pracownicy potrzebuj\u0105 intensywniejszego transferu wiedzy na okre\u015blony temat lub chcia\u0142by\u015b popracowa\u0107 nad specjalnymi cechami wewn\u0119trznymi. Po\u0142\u0105czenie nauki online i szkolenia w klasie to w\u0142a\u015bciwa mieszanka transferu wiedzy, kt\u00f3rej potrzebuj\u0105 [&hellip;]<\/p>\n","protected":false},"author":4,"featured_media":0,"parent":0,"menu_order":0,"comment_status":"closed","ping_status":"closed","template":"","meta":{"_acf_changed":false,"footnotes":""},"class_list":["post-372","page","type-page","status-publish","hentry"],"acf":[],"yoast_head":"<!-- This site is optimized with the Yoast SEO plugin v27.1.1 - https:\/\/yoast.com\/product\/yoast-seo-wordpress\/ -->\n<title>Szkolenia stacjonarne<\/title>\n<meta name=\"description\" content=\"UZUPE\u0141NIJ TRANSFER WIEDZYDLA SWOICH PRACOWNIK\u00d3W O SZKOLENIE Z ZAKRESU OBECNO\u015aCI Nie ka\u017cdy temat mo\u017cna przekaza\u0107 pracownikom za po\u015brednictwem medi\u00f3w cyfrowych. Na przyk\u0142ad masz wra\u017cenie, \u017ce Twoi pracownicy potrzebuj\u0105 intensywniejszego transferu wiedzy na okre\u015blony temat lub chcia\u0142by\u015b popracowa\u0107 nad specjalnymi cechami wewn\u0119trznymi. Po\u0142\u0105czenie nauki online i szkolenia w klasie to w\u0142a\u015bciwa mieszanka transferu wiedzy, kt\u00f3rej potrzebuj\u0105&hellip;\" \/>\n<meta name=\"robots\" content=\"index, follow, max-snippet:-1, max-image-preview:large, max-video-preview:-1\" \/>\n<link rel=\"canonical\" href=\"http:\/\/UZUPE\u0141NIJ%20TRANSFER%20WIEDZYDLA%20SWOICH%20PRACOWNIK\u00d3W%20O%20SZKOLENIE%20Z%20ZAKRESU%20OBECNO\u015aCI%20Nie%20ka\u017cdy%20temat%20mo\u017cna%20przekaza\u0107%20pracownikom%20za%20po\u015brednictwem%20medi\u00f3w%20cyfrowych.%20Na%20przyk\u0142ad%20masz%20wra\u017cenie,%20\u017ce%20Twoi%20pracownicy%20potrzebuj\u0105%20intensywniejszego%20transferu%20wiedzy%20na%20okre\u015blony%20temat%20lub%20chcia\u0142by\u015b%20popracowa\u0107%20nad%20specjalnymi%20cechami%20wewn\u0119trznymi.%20Po\u0142\u0105czenie%20nauki%20online%20i%20szkolenia%20w%20klasie%20to%20w\u0142a\u015bciwa%20mieszanka%20transferu%20wiedzy,%20kt\u00f3rej%20potrzebuj\u0105&hellip;\" \/>\n<meta property=\"og:locale\" content=\"pl_PL\" \/>\n<meta property=\"og:type\" content=\"article\" \/>\n<meta property=\"og:title\" content=\"Szkolenia stacjonarne\" \/>\n<meta property=\"og:description\" content=\"UZUPE\u0141NIJ TRANSFER WIEDZYDLA SWOICH PRACOWNIK\u00d3W O SZKOLENIE Z ZAKRESU OBECNO\u015aCI Nie ka\u017cdy temat mo\u017cna przekaza\u0107 pracownikom za po\u015brednictwem medi\u00f3w cyfrowych. Na przyk\u0142ad masz wra\u017cenie, \u017ce Twoi pracownicy potrzebuj\u0105 intensywniejszego transferu wiedzy na okre\u015blony temat lub chcia\u0142by\u015b popracowa\u0107 nad specjalnymi cechami wewn\u0119trznymi. Po\u0142\u0105czenie nauki online i szkolenia w klasie to w\u0142a\u015bciwa mieszanka transferu wiedzy, kt\u00f3rej potrzebuj\u0105&hellip;\" \/>\n<meta property=\"og:url\" content=\"https:\/\/www.digi-duck.com\/pl\/praesenztraining\/\" \/>\n<meta property=\"og:site_name\" content=\"DigiDuck\" \/>\n<meta property=\"article:publisher\" content=\"https:\/\/www.facebook.com\/profile.php?id=61558494354505\" \/>\n<meta property=\"article:modified_time\" content=\"2023-07-07T09:54:31+00:00\" \/>\n<meta name=\"twitter:card\" content=\"summary_large_image\" \/>\n<meta name=\"twitter:label1\" content=\"Szacowany czas czytania\" \/>\n\t<meta name=\"twitter:data1\" content=\"2 minuty\" \/>\n<script type=\"application\/ld+json\" class=\"yoast-schema-graph\">{\"@context\":\"https:\/\/schema.org\",\"@graph\":[{\"@type\":\"WebPage\",\"@id\":\"https:\/\/www.digi-duck.com\/pl\/praesenztraining\/\",\"url\":\"https:\/\/www.digi-duck.com\/pl\/praesenztraining\/\",\"name\":\"DigiDuck \u2013 Mitarbeiterunterweisung durch Pr\u00e4senztraining\",\"isPartOf\":{\"@id\":\"https:\/\/www.digi-duck.com\/#website\"},\"datePublished\":\"2022-12-04T15:13:06+00:00\",\"dateModified\":\"2023-07-07T09:54:31+00:00\",\"breadcrumb\":{\"@id\":\"https:\/\/www.digi-duck.com\/pl\/praesenztraining\/#breadcrumb\"},\"inLanguage\":\"pl-PL\",\"potentialAction\":[{\"@type\":\"ReadAction\",\"target\":[\"https:\/\/www.digi-duck.com\/pl\/praesenztraining\/\"]}]},{\"@type\":\"BreadcrumbList\",\"@id\":\"https:\/\/www.digi-duck.com\/pl\/praesenztraining\/#breadcrumb\",\"itemListElement\":[{\"@type\":\"ListItem\",\"position\":1,\"name\":\"Strona g\u0142\u00f3wna\",\"item\":\"https:\/\/www.digi-duck.com\/\"},{\"@type\":\"ListItem\",\"position\":2,\"name\":\"Szkolenia stacjonarne\"}]},{\"@type\":\"WebSite\",\"@id\":\"https:\/\/www.digi-duck.com\/pl\/#website\",\"url\":\"https:\/\/www.digi-duck.com\/pl\/\",\"name\":\"DigiDuck\",\"description\":\"Ihr digitaler Qualifikationspartner\",\"publisher\":{\"@id\":\"https:\/\/www.digi-duck.com\/pl\/#organization\"},\"potentialAction\":[{\"@type\":\"SearchAction\",\"target\":{\"@type\":\"EntryPoint\",\"urlTemplate\":\"https:\/\/www.digi-duck.com\/pl\/?s={search_term_string}\"},\"query-input\":{\"@type\":\"PropertyValueSpecification\",\"valueRequired\":true,\"valueName\":\"search_term_string\"}}],\"inLanguage\":\"pl-PL\"},{\"@type\":\"Organization\",\"@id\":\"https:\/\/www.digi-duck.com\/pl\/#organization\",\"name\":\"DigiDuck GmbH\",\"url\":\"https:\/\/www.digi-duck.com\/pl\/\",\"logo\":{\"@type\":\"ImageObject\",\"inLanguage\":\"pl-PL\",\"@id\":\"https:\/\/www.digi-duck.com\/pl\/#\/schema\/logo\/image\/\",\"url\":\"https:\/\/www.digi-duck.com\/wp-content\/uploads\/2024\/08\/DigiDuck_Logo_App_Colored.png\",\"contentUrl\":\"https:\/\/www.digi-duck.com\/wp-content\/uploads\/2024\/08\/DigiDuck_Logo_App_Colored.png\",\"width\":2000,\"height\":2000,\"caption\":\"DigiDuck GmbH\"},\"image\":{\"@id\":\"https:\/\/www.digi-duck.com\/pl\/#\/schema\/logo\/image\/\"},\"sameAs\":[\"https:\/\/www.facebook.com\/profile.php?id=61558494354505\",\"https:\/\/www.linkedin.com\/company\/digiduck-gmbh\",\"https:\/\/www.xing.com\/pages\/digiduck-gmbh\"]}]}<\/script>\n<!-- \/ Yoast SEO plugin. -->","yoast_head_json":{"title":"Szkolenia stacjonarne","description":"UZUPE\u0141NIJ TRANSFER WIEDZYDLA SWOICH PRACOWNIK\u00d3W O SZKOLENIE Z ZAKRESU OBECNO\u015aCI Nie ka\u017cdy temat mo\u017cna przekaza\u0107 pracownikom za po\u015brednictwem medi\u00f3w cyfrowych. Na przyk\u0142ad masz wra\u017cenie, \u017ce Twoi pracownicy potrzebuj\u0105 intensywniejszego transferu wiedzy na okre\u015blony temat lub chcia\u0142by\u015b popracowa\u0107 nad specjalnymi cechami wewn\u0119trznymi. Po\u0142\u0105czenie nauki online i szkolenia w klasie to w\u0142a\u015bciwa mieszanka transferu wiedzy, kt\u00f3rej potrzebuj\u0105&hellip;","robots":{"index":"index","follow":"follow","max-snippet":"max-snippet:-1","max-image-preview":"max-image-preview:large","max-video-preview":"max-video-preview:-1"},"canonical":"UZUPE\u0141NIJ TRANSFER WIEDZYDLA SWOICH PRACOWNIK\u00d3W O SZKOLENIE Z ZAKRESU OBECNO\u015aCI Nie ka\u017cdy temat mo\u017cna przekaza\u0107 pracownikom za po\u015brednictwem medi\u00f3w cyfrowych. Na przyk\u0142ad masz wra\u017cenie, \u017ce Twoi pracownicy potrzebuj\u0105 intensywniejszego transferu wiedzy na okre\u015blony temat lub chcia\u0142by\u015b popracowa\u0107 nad specjalnymi cechami wewn\u0119trznymi. Po\u0142\u0105czenie nauki online i szkolenia w klasie to w\u0142a\u015bciwa mieszanka transferu wiedzy, kt\u00f3rej potrzebuj\u0105&hellip;","og_locale":"pl_PL","og_type":"article","og_title":"Szkolenia stacjonarne","og_description":"UZUPE\u0141NIJ TRANSFER WIEDZYDLA SWOICH PRACOWNIK\u00d3W O SZKOLENIE Z ZAKRESU OBECNO\u015aCI Nie ka\u017cdy temat mo\u017cna przekaza\u0107 pracownikom za po\u015brednictwem medi\u00f3w cyfrowych. Na przyk\u0142ad masz wra\u017cenie, \u017ce Twoi pracownicy potrzebuj\u0105 intensywniejszego transferu wiedzy na okre\u015blony temat lub chcia\u0142by\u015b popracowa\u0107 nad specjalnymi cechami wewn\u0119trznymi. Po\u0142\u0105czenie nauki online i szkolenia w klasie to w\u0142a\u015bciwa mieszanka transferu wiedzy, kt\u00f3rej potrzebuj\u0105&hellip;","og_url":"https:\/\/www.digi-duck.com\/pl\/praesenztraining\/","og_site_name":"DigiDuck","article_publisher":"https:\/\/www.facebook.com\/profile.php?id=61558494354505","article_modified_time":"2023-07-07T09:54:31+00:00","twitter_card":"summary_large_image","twitter_misc":{"Szacowany czas czytania":"2 minuty"},"schema":{"@context":"https:\/\/schema.org","@graph":[{"@type":"WebPage","@id":"https:\/\/www.digi-duck.com\/pl\/praesenztraining\/","url":"https:\/\/www.digi-duck.com\/pl\/praesenztraining\/","name":"DigiDuck \u2013 Mitarbeiterunterweisung durch Pr\u00e4senztraining","isPartOf":{"@id":"https:\/\/www.digi-duck.com\/#website"},"datePublished":"2022-12-04T15:13:06+00:00","dateModified":"2023-07-07T09:54:31+00:00","breadcrumb":{"@id":"https:\/\/www.digi-duck.com\/pl\/praesenztraining\/#breadcrumb"},"inLanguage":"pl-PL","potentialAction":[{"@type":"ReadAction","target":["https:\/\/www.digi-duck.com\/pl\/praesenztraining\/"]}]},{"@type":"BreadcrumbList","@id":"https:\/\/www.digi-duck.com\/pl\/praesenztraining\/#breadcrumb","itemListElement":[{"@type":"ListItem","position":1,"name":"Strona g\u0142\u00f3wna","item":"https:\/\/www.digi-duck.com\/"},{"@type":"ListItem","position":2,"name":"Szkolenia stacjonarne"}]},{"@type":"WebSite","@id":"https:\/\/www.digi-duck.com\/pl\/#website","url":"https:\/\/www.digi-duck.com\/pl\/","name":"DigiDuck","description":"Ihr digitaler Qualifikationspartner","publisher":{"@id":"https:\/\/www.digi-duck.com\/pl\/#organization"},"potentialAction":[{"@type":"SearchAction","target":{"@type":"EntryPoint","urlTemplate":"https:\/\/www.digi-duck.com\/pl\/?s={search_term_string}"},"query-input":{"@type":"PropertyValueSpecification","valueRequired":true,"valueName":"search_term_string"}}],"inLanguage":"pl-PL"},{"@type":"Organization","@id":"https:\/\/www.digi-duck.com\/pl\/#organization","name":"DigiDuck GmbH","url":"https:\/\/www.digi-duck.com\/pl\/","logo":{"@type":"ImageObject","inLanguage":"pl-PL","@id":"https:\/\/www.digi-duck.com\/pl\/#\/schema\/logo\/image\/","url":"https:\/\/www.digi-duck.com\/wp-content\/uploads\/2024\/08\/DigiDuck_Logo_App_Colored.png","contentUrl":"https:\/\/www.digi-duck.com\/wp-content\/uploads\/2024\/08\/DigiDuck_Logo_App_Colored.png","width":2000,"height":2000,"caption":"DigiDuck GmbH"},"image":{"@id":"https:\/\/www.digi-duck.com\/pl\/#\/schema\/logo\/image\/"},"sameAs":["https:\/\/www.facebook.com\/profile.php?id=61558494354505","https:\/\/www.linkedin.com\/company\/digiduck-gmbh","https:\/\/www.xing.com\/pages\/digiduck-gmbh"]}]}},"post_mailing_queue_ids":[],"_links":{"self":[{"href":"https:\/\/www.digi-duck.com\/pl\/wp-json\/wp\/v2\/pages\/372","targetHints":{"allow":["GET"]}}],"collection":[{"href":"https:\/\/www.digi-duck.com\/pl\/wp-json\/wp\/v2\/pages"}],"about":[{"href":"https:\/\/www.digi-duck.com\/pl\/wp-json\/wp\/v2\/types\/page"}],"author":[{"embeddable":true,"href":"https:\/\/www.digi-duck.com\/pl\/wp-json\/wp\/v2\/users\/4"}],"replies":[{"embeddable":true,"href":"https:\/\/www.digi-duck.com\/pl\/wp-json\/wp\/v2\/comments?post=372"}],"version-history":[{"count":3,"href":"https:\/\/www.digi-duck.com\/pl\/wp-json\/wp\/v2\/pages\/372\/revisions"}],"predecessor-version":[{"id":681,"href":"https:\/\/www.digi-duck.com\/pl\/wp-json\/wp\/v2\/pages\/372\/revisions\/681"}],"wp:attachment":[{"href":"https:\/\/www.digi-duck.com\/pl\/wp-json\/wp\/v2\/media?parent=372"}],"curies":[{"name":"wp","href":"https:\/\/api.w.org\/{rel}","templated":true}]}}