{"id":38,"date":"2022-07-22T09:23:48","date_gmt":"2022-07-22T07:23:48","guid":{"rendered":"https:\/\/www.digi-duck.com\/?page_id=38"},"modified":"2022-12-05T17:18:19","modified_gmt":"2022-12-05T16:18:19","slug":"eigene-inhalte-publizieren","status":"publish","type":"page","link":"https:\/\/www.digi-duck.com\/pl\/eigene-inhalte-publizieren\/","title":{"rendered":"Publikuj w\u0142asne tre\u015bci"},"content":{"rendered":"<p>CHCESZ WYKORZYSTA\u0106 W\u0141ASNE SZKOLENIA?<br \/>NIE MA PROBLEMU!<\/p>\n<hr class=\"wp-block-separator has-alpha-channel-opacity\">\n<p>Oczywi\u015bcie, oferujemy ci r\u00f3wnie\u017c mo\u017cliwo\u015b\u0107 zintegrowania twoich w\u0142asnych, istniej\u0105cych tre\u015bci w DigiDuck. Czy to proste pdf \u0301y, PowerPoint czy z\u0142o\u017cone szkolenia audiowizualne. R\u00f3wnie\u017c z p\u00f3\u017aniejszym quizem i certyfikatem. Ch\u0119tnie pomo\u017cemy Ci w implementacji w naszej platformie.<\/p>\n<p>Nie masz w\u0142asnych materia\u0142\u00f3w, a mimo to chcesz mie\u0107 nowe szkolenia produkowane wy\u0142\u0105cznie dla Twojej firmy? Nie ma problemu. Pozw\u00f3l nam przedstawi\u0107 Ci niezobowi\u0105zuj\u0105c\u0105 ofert\u0119.<\/p>\n<p>Potrzebujesz pomocy w t\u0142umaczeniu istniej\u0105cych szkole\u0144 lub chcesz zleci\u0107 przekszta\u0142cenie prostych, istniej\u0105cych tre\u015bci w profesjonalne szkolenia audiowizualne? Ch\u0119tnie zrobimy to dla Ciebie.<\/p>\n<hr class=\"wp-block-separator has-alpha-channel-opacity\">\n<p>Kontakt<\/p>\n<hr class=\"wp-block-separator has-alpha-channel-opacity\">\n<p>POROZMAWIAJ Z NAMI.<\/p>\n<hr class=\"wp-block-separator has-alpha-channel-opacity\">\n<p>Ch\u0119tnie doradzimy!<\/p>\n<hr class=\"wp-block-separator has-alpha-channel-opacity\">\n<a href=\"\/pl\/kontakt\/\" target=\"_self\" class=\"btn-white-full btn btn-primary\">Start enquiry<\/a>\n","protected":false},"excerpt":{"rendered":"<p>CHCESZ WYKORZYSTA\u0106 W\u0141ASNE SZKOLENIA?NIE MA PROBLEMU! Oczywi\u015bcie, oferujemy ci r\u00f3wnie\u017c mo\u017cliwo\u015b\u0107 zintegrowania twoich w\u0142asnych, istniej\u0105cych tre\u015bci w DigiDuck. Czy to proste pdf \u0301y, PowerPoint czy z\u0142o\u017cone szkolenia audiowizualne. R\u00f3wnie\u017c z p\u00f3\u017aniejszym quizem i certyfikatem. Ch\u0119tnie pomo\u017cemy Ci w implementacji w naszej platformie. Nie masz w\u0142asnych materia\u0142\u00f3w, a mimo to chcesz mie\u0107 nowe szkolenia produkowane wy\u0142\u0105cznie [&hellip;]<\/p>\n","protected":false},"author":4,"featured_media":0,"parent":0,"menu_order":0,"comment_status":"closed","ping_status":"closed","template":"","meta":{"_acf_changed":false,"footnotes":""},"class_list":["post-38","page","type-page","status-publish","hentry"],"acf":[],"yoast_head":"<!-- This site is optimized with the Yoast SEO plugin v27.1.1 - https:\/\/yoast.com\/product\/yoast-seo-wordpress\/ -->\n<title>Publikuj w\u0142asne tre\u015bci<\/title>\n<meta name=\"description\" content=\"CHCESZ WYKORZYSTA\u0106 W\u0141ASNE SZKOLENIA?NIE MA PROBLEMU! Oczywi\u015bcie, oferujemy ci r\u00f3wnie\u017c mo\u017cliwo\u015b\u0107 zintegrowania twoich w\u0142asnych, istniej\u0105cych tre\u015bci w DigiDuck. Czy to proste pdf \u0301y, PowerPoint czy z\u0142o\u017cone szkolenia audiowizualne. R\u00f3wnie\u017c z p\u00f3\u017aniejszym quizem i certyfikatem. Ch\u0119tnie pomo\u017cemy Ci w implementacji w naszej platformie. Nie masz w\u0142asnych materia\u0142\u00f3w, a mimo to chcesz mie\u0107 nowe szkolenia produkowane wy\u0142\u0105cznie&hellip;\" \/>\n<meta name=\"robots\" content=\"index, follow, max-snippet:-1, max-image-preview:large, max-video-preview:-1\" \/>\n<link rel=\"canonical\" href=\"http:\/\/CHCESZ%20WYKORZYSTA\u0106%20W\u0141ASNE%20SZKOLENIA?NIE%20MA%20PROBLEMU!%20Oczywi\u015bcie,%20oferujemy%20ci%20r\u00f3wnie\u017c%20mo\u017cliwo\u015b\u0107%20zintegrowania%20twoich%20w\u0142asnych,%20istniej\u0105cych%20tre\u015bci%20w%20DigiDuck.%20Czy%20to%20proste%20pdf%20\u0301y,%20PowerPoint%20czy%20z\u0142o\u017cone%20szkolenia%20audiowizualne.%20R\u00f3wnie\u017c%20z%20p\u00f3\u017aniejszym%20quizem%20i%20certyfikatem.%20Ch\u0119tnie%20pomo\u017cemy%20Ci%20w%20implementacji%20w%20naszej%20platformie.%20Nie%20masz%20w\u0142asnych%20materia\u0142\u00f3w,%20a%20mimo%20to%20chcesz%20mie\u0107%20nowe%20szkolenia%20produkowane%20wy\u0142\u0105cznie&hellip;\" \/>\n<meta property=\"og:locale\" content=\"pl_PL\" \/>\n<meta property=\"og:type\" content=\"article\" \/>\n<meta property=\"og:title\" content=\"Publikuj w\u0142asne tre\u015bci\" \/>\n<meta property=\"og:description\" content=\"CHCESZ WYKORZYSTA\u0106 W\u0141ASNE SZKOLENIA?NIE MA PROBLEMU! Oczywi\u015bcie, oferujemy ci r\u00f3wnie\u017c mo\u017cliwo\u015b\u0107 zintegrowania twoich w\u0142asnych, istniej\u0105cych tre\u015bci w DigiDuck. Czy to proste pdf \u0301y, PowerPoint czy z\u0142o\u017cone szkolenia audiowizualne. R\u00f3wnie\u017c z p\u00f3\u017aniejszym quizem i certyfikatem. Ch\u0119tnie pomo\u017cemy Ci w implementacji w naszej platformie. Nie masz w\u0142asnych materia\u0142\u00f3w, a mimo to chcesz mie\u0107 nowe szkolenia produkowane wy\u0142\u0105cznie&hellip;\" \/>\n<meta property=\"og:url\" content=\"https:\/\/www.digi-duck.com\/pl\/eigene-inhalte-publizieren\/\" \/>\n<meta property=\"og:site_name\" content=\"DigiDuck\" \/>\n<meta property=\"article:publisher\" content=\"https:\/\/www.facebook.com\/profile.php?id=61558494354505\" \/>\n<meta property=\"article:modified_time\" content=\"2022-12-05T16:18:19+00:00\" \/>\n<meta name=\"twitter:card\" content=\"summary_large_image\" \/>\n<meta name=\"twitter:label1\" content=\"Szacowany czas czytania\" \/>\n\t<meta name=\"twitter:data1\" content=\"1 minuta\" \/>\n<script type=\"application\/ld+json\" class=\"yoast-schema-graph\">{\"@context\":\"https:\/\/schema.org\",\"@graph\":[{\"@type\":\"WebPage\",\"@id\":\"https:\/\/www.digi-duck.com\/pl\/eigene-inhalte-publizieren\/\",\"url\":\"https:\/\/www.digi-duck.com\/pl\/eigene-inhalte-publizieren\/\",\"name\":\"Eigene Inhalte publizieren - DigiDuck\",\"isPartOf\":{\"@id\":\"https:\/\/www.digi-duck.com\/#website\"},\"datePublished\":\"2022-07-22T07:23:48+00:00\",\"dateModified\":\"2022-12-05T16:18:19+00:00\",\"breadcrumb\":{\"@id\":\"https:\/\/www.digi-duck.com\/pl\/eigene-inhalte-publizieren\/#breadcrumb\"},\"inLanguage\":\"pl-PL\",\"potentialAction\":[{\"@type\":\"ReadAction\",\"target\":[\"https:\/\/www.digi-duck.com\/pl\/eigene-inhalte-publizieren\/\"]}]},{\"@type\":\"BreadcrumbList\",\"@id\":\"https:\/\/www.digi-duck.com\/pl\/eigene-inhalte-publizieren\/#breadcrumb\",\"itemListElement\":[{\"@type\":\"ListItem\",\"position\":1,\"name\":\"Strona g\u0142\u00f3wna\",\"item\":\"https:\/\/www.digi-duck.com\/\"},{\"@type\":\"ListItem\",\"position\":2,\"name\":\"Publikuj w\u0142asne tre\u015bci\"}]},{\"@type\":\"WebSite\",\"@id\":\"https:\/\/www.digi-duck.com\/pl\/#website\",\"url\":\"https:\/\/www.digi-duck.com\/pl\/\",\"name\":\"DigiDuck\",\"description\":\"Ihr digitaler Qualifikationspartner\",\"publisher\":{\"@id\":\"https:\/\/www.digi-duck.com\/pl\/#organization\"},\"potentialAction\":[{\"@type\":\"SearchAction\",\"target\":{\"@type\":\"EntryPoint\",\"urlTemplate\":\"https:\/\/www.digi-duck.com\/pl\/?s={search_term_string}\"},\"query-input\":{\"@type\":\"PropertyValueSpecification\",\"valueRequired\":true,\"valueName\":\"search_term_string\"}}],\"inLanguage\":\"pl-PL\"},{\"@type\":\"Organization\",\"@id\":\"https:\/\/www.digi-duck.com\/pl\/#organization\",\"name\":\"DigiDuck GmbH\",\"url\":\"https:\/\/www.digi-duck.com\/pl\/\",\"logo\":{\"@type\":\"ImageObject\",\"inLanguage\":\"pl-PL\",\"@id\":\"https:\/\/www.digi-duck.com\/pl\/#\/schema\/logo\/image\/\",\"url\":\"https:\/\/www.digi-duck.com\/wp-content\/uploads\/2024\/08\/DigiDuck_Logo_App_Colored.png\",\"contentUrl\":\"https:\/\/www.digi-duck.com\/wp-content\/uploads\/2024\/08\/DigiDuck_Logo_App_Colored.png\",\"width\":2000,\"height\":2000,\"caption\":\"DigiDuck GmbH\"},\"image\":{\"@id\":\"https:\/\/www.digi-duck.com\/pl\/#\/schema\/logo\/image\/\"},\"sameAs\":[\"https:\/\/www.facebook.com\/profile.php?id=61558494354505\",\"https:\/\/www.linkedin.com\/company\/digiduck-gmbh\",\"https:\/\/www.xing.com\/pages\/digiduck-gmbh\"]}]}<\/script>\n<!-- \/ Yoast SEO plugin. -->","yoast_head_json":{"title":"Publikuj w\u0142asne tre\u015bci","description":"CHCESZ WYKORZYSTA\u0106 W\u0141ASNE SZKOLENIA?NIE MA PROBLEMU! Oczywi\u015bcie, oferujemy ci r\u00f3wnie\u017c mo\u017cliwo\u015b\u0107 zintegrowania twoich w\u0142asnych, istniej\u0105cych tre\u015bci w DigiDuck. Czy to proste pdf \u0301y, PowerPoint czy z\u0142o\u017cone szkolenia audiowizualne. R\u00f3wnie\u017c z p\u00f3\u017aniejszym quizem i certyfikatem. Ch\u0119tnie pomo\u017cemy Ci w implementacji w naszej platformie. Nie masz w\u0142asnych materia\u0142\u00f3w, a mimo to chcesz mie\u0107 nowe szkolenia produkowane wy\u0142\u0105cznie&hellip;","robots":{"index":"index","follow":"follow","max-snippet":"max-snippet:-1","max-image-preview":"max-image-preview:large","max-video-preview":"max-video-preview:-1"},"canonical":"CHCESZ WYKORZYSTA\u0106 W\u0141ASNE SZKOLENIA?NIE MA PROBLEMU! Oczywi\u015bcie, oferujemy ci r\u00f3wnie\u017c mo\u017cliwo\u015b\u0107 zintegrowania twoich w\u0142asnych, istniej\u0105cych tre\u015bci w DigiDuck. Czy to proste pdf \u0301y, PowerPoint czy z\u0142o\u017cone szkolenia audiowizualne. R\u00f3wnie\u017c z p\u00f3\u017aniejszym quizem i certyfikatem. Ch\u0119tnie pomo\u017cemy Ci w implementacji w naszej platformie. Nie masz w\u0142asnych materia\u0142\u00f3w, a mimo to chcesz mie\u0107 nowe szkolenia produkowane wy\u0142\u0105cznie&hellip;","og_locale":"pl_PL","og_type":"article","og_title":"Publikuj w\u0142asne tre\u015bci","og_description":"CHCESZ WYKORZYSTA\u0106 W\u0141ASNE SZKOLENIA?NIE MA PROBLEMU! Oczywi\u015bcie, oferujemy ci r\u00f3wnie\u017c mo\u017cliwo\u015b\u0107 zintegrowania twoich w\u0142asnych, istniej\u0105cych tre\u015bci w DigiDuck. Czy to proste pdf \u0301y, PowerPoint czy z\u0142o\u017cone szkolenia audiowizualne. R\u00f3wnie\u017c z p\u00f3\u017aniejszym quizem i certyfikatem. Ch\u0119tnie pomo\u017cemy Ci w implementacji w naszej platformie. Nie masz w\u0142asnych materia\u0142\u00f3w, a mimo to chcesz mie\u0107 nowe szkolenia produkowane wy\u0142\u0105cznie&hellip;","og_url":"https:\/\/www.digi-duck.com\/pl\/eigene-inhalte-publizieren\/","og_site_name":"DigiDuck","article_publisher":"https:\/\/www.facebook.com\/profile.php?id=61558494354505","article_modified_time":"2022-12-05T16:18:19+00:00","twitter_card":"summary_large_image","twitter_misc":{"Szacowany czas czytania":"1 minuta"},"schema":{"@context":"https:\/\/schema.org","@graph":[{"@type":"WebPage","@id":"https:\/\/www.digi-duck.com\/pl\/eigene-inhalte-publizieren\/","url":"https:\/\/www.digi-duck.com\/pl\/eigene-inhalte-publizieren\/","name":"Eigene Inhalte publizieren - DigiDuck","isPartOf":{"@id":"https:\/\/www.digi-duck.com\/#website"},"datePublished":"2022-07-22T07:23:48+00:00","dateModified":"2022-12-05T16:18:19+00:00","breadcrumb":{"@id":"https:\/\/www.digi-duck.com\/pl\/eigene-inhalte-publizieren\/#breadcrumb"},"inLanguage":"pl-PL","potentialAction":[{"@type":"ReadAction","target":["https:\/\/www.digi-duck.com\/pl\/eigene-inhalte-publizieren\/"]}]},{"@type":"BreadcrumbList","@id":"https:\/\/www.digi-duck.com\/pl\/eigene-inhalte-publizieren\/#breadcrumb","itemListElement":[{"@type":"ListItem","position":1,"name":"Strona g\u0142\u00f3wna","item":"https:\/\/www.digi-duck.com\/"},{"@type":"ListItem","position":2,"name":"Publikuj w\u0142asne tre\u015bci"}]},{"@type":"WebSite","@id":"https:\/\/www.digi-duck.com\/pl\/#website","url":"https:\/\/www.digi-duck.com\/pl\/","name":"DigiDuck","description":"Ihr digitaler Qualifikationspartner","publisher":{"@id":"https:\/\/www.digi-duck.com\/pl\/#organization"},"potentialAction":[{"@type":"SearchAction","target":{"@type":"EntryPoint","urlTemplate":"https:\/\/www.digi-duck.com\/pl\/?s={search_term_string}"},"query-input":{"@type":"PropertyValueSpecification","valueRequired":true,"valueName":"search_term_string"}}],"inLanguage":"pl-PL"},{"@type":"Organization","@id":"https:\/\/www.digi-duck.com\/pl\/#organization","name":"DigiDuck GmbH","url":"https:\/\/www.digi-duck.com\/pl\/","logo":{"@type":"ImageObject","inLanguage":"pl-PL","@id":"https:\/\/www.digi-duck.com\/pl\/#\/schema\/logo\/image\/","url":"https:\/\/www.digi-duck.com\/wp-content\/uploads\/2024\/08\/DigiDuck_Logo_App_Colored.png","contentUrl":"https:\/\/www.digi-duck.com\/wp-content\/uploads\/2024\/08\/DigiDuck_Logo_App_Colored.png","width":2000,"height":2000,"caption":"DigiDuck GmbH"},"image":{"@id":"https:\/\/www.digi-duck.com\/pl\/#\/schema\/logo\/image\/"},"sameAs":["https:\/\/www.facebook.com\/profile.php?id=61558494354505","https:\/\/www.linkedin.com\/company\/digiduck-gmbh","https:\/\/www.xing.com\/pages\/digiduck-gmbh"]}]}},"post_mailing_queue_ids":[],"_links":{"self":[{"href":"https:\/\/www.digi-duck.com\/pl\/wp-json\/wp\/v2\/pages\/38","targetHints":{"allow":["GET"]}}],"collection":[{"href":"https:\/\/www.digi-duck.com\/pl\/wp-json\/wp\/v2\/pages"}],"about":[{"href":"https:\/\/www.digi-duck.com\/pl\/wp-json\/wp\/v2\/types\/page"}],"author":[{"embeddable":true,"href":"https:\/\/www.digi-duck.com\/pl\/wp-json\/wp\/v2\/users\/4"}],"replies":[{"embeddable":true,"href":"https:\/\/www.digi-duck.com\/pl\/wp-json\/wp\/v2\/comments?post=38"}],"version-history":[{"count":3,"href":"https:\/\/www.digi-duck.com\/pl\/wp-json\/wp\/v2\/pages\/38\/revisions"}],"predecessor-version":[{"id":409,"href":"https:\/\/www.digi-duck.com\/pl\/wp-json\/wp\/v2\/pages\/38\/revisions\/409"}],"wp:attachment":[{"href":"https:\/\/www.digi-duck.com\/pl\/wp-json\/wp\/v2\/media?parent=38"}],"curies":[{"name":"wp","href":"https:\/\/api.w.org\/{rel}","templated":true}]}}