{"id":40,"date":"2022-07-22T09:24:01","date_gmt":"2022-07-22T07:24:01","guid":{"rendered":"https:\/\/www.digi-duck.com\/?page_id=40"},"modified":"2025-09-02T14:46:28","modified_gmt":"2025-09-02T12:46:28","slug":"impressum","status":"publish","type":"page","link":"https:\/\/www.digi-duck.com\/pl\/impressum\/","title":{"rendered":"Nadruk"},"content":{"rendered":"<p>IMPRINT<\/p>\n<hr class=\"wp-block-separator has-alpha-channel-opacity\">\n<p>Informacje zgodnie z \u00a7 5 TMG<\/p>\n<p><strong>DigiDuck GmbH<\/strong><br \/>Poststra\u00dfe 61<br \/>41516 Grevenbroich<\/p>\n<p>Rejestr handlowy: HRB 20777<\/p>\n<p>S\u0105d rejestrowy: S\u0105d lokalny w M\u00f6nchengladbach<\/p>\n<p>Zarz\u0105dzanie: Thorsten P\u00fctz<\/p>\n<p>Rada doradcza: Harald Meurer, Peter Wirth<\/p>\n<p>Telefon: <a href=\"&#116;&#x65;l&#58;&#x2b;4&#57;&#x32;1&#56;&#x31;2&#55;&#x33;8&#52;&#x39;0\">&#x2b;&#52;&#57;&#x20;&#x32;&#49;&#56;&#x31;&#x20;&#50;&#55;&#x33;&#x20;&#56;&#52;&#x39;&#x20;&#48;<\/a><br \/>E-mail: <a href=\"&#109;&#x61;&#105;&#x6c;t&#x6f;:&#105;&#x6e;&#102;&#x6f;&#64;&#x64;i&#103;&#x69;&#45;&#x64;u&#x63;k&#46;&#x63;&#111;&#x6d;\">info&#64;d&#105;&#103;&#105;&#45;&#100;&#117;&#99;&#x6b;&#x2e;&#x63;&#x6f;&#x6d;<\/a><\/p>\n<p>Numer identyfikacyjny podatku od sprzeda\u017cy zgodnie z \u00a7 27 a Umsatzsteuergesetz: DE351948314<\/p>\n<h5>ROZWI\u0104ZYWANIE SPOR\u00d3W W UE<\/h5>\n<p>Komisja Europejska udost\u0119pnia platform\u0119 do rozwi\u0105zywania spor\u00f3w online (OS): https:\/\/ec.europa.eu\/consumers\/odr. Nasz adres e-mail znajdziesz w nadruku powy\u017cej.<\/p>\n<h5>ROZSTRZYGANIE SPOR\u00d3W KONSUMENCKICH\/UNIWERSALNA KOMISJA ARBITRA\u017bOWA<\/h5>\n<p>Nie mamy ochoty ani obowi\u0105zku uczestniczy\u0107 w post\u0119powaniu w sprawie rozstrzygania spor\u00f3w przed polubownym s\u0105dem konsumenckim<\/p>\n<h5>ODPOWIEDZIALNO\u015a\u0106 ZA TRE\u015a\u0106<\/h5>\n<p>Jako us\u0142ugodawca jeste\u015bmy odpowiedzialni za w\u0142asne tre\u015bci na tych stronach zgodnie z og\u00f3lnymi przepisami prawa zgodnie z \u00a7 7 ust. 1 TMG (niemiecka ustawa o telemediach). Zgodnie z \u00a7\u00a7 8 do 10 TMG nie jeste\u015bmy jednak zobowi\u0105zani jako us\u0142ugodawca do monitorowania przesy\u0142anych lub przechowywanych informacji os\u00f3b trzecich ani do badania okoliczno\u015bci wskazuj\u0105cych na nielegaln\u0105 dzia\u0142alno\u015b\u0107.<\/p>\n<p>Zobowi\u0105zania do usuni\u0119cia lub zablokowania wykorzystania informacji zgodnie z og\u00f3lnymi przepisami prawa pozostaj\u0105 nienaruszone. Odpowiedzialno\u015b\u0107 w tym zakresie jest jednak mo\u017cliwa dopiero od momentu powzi\u0119cia wiadomo\u015bci o konkretnym naruszeniu prawa. Je\u015bli dowiemy si\u0119 o takich naruszeniach, natychmiast usuniemy odpowiednie tre\u015bci.<\/p>\n<h5>ODPOWIEDZIALNO\u015a\u0106 ZA LINKI<\/h5>\n<p>Nasza strona zawiera linki do zewn\u0119trznych stron internetowych os\u00f3b trzecich, na kt\u00f3rych tre\u015b\u0107 nie mamy wp\u0142ywu. Dlatego nie mo\u017cemy przej\u0105\u0107 \u017cadnej odpowiedzialno\u015bci za te zewn\u0119trzne tre\u015bci. Za tre\u015b\u0107 stron, do kt\u00f3rych prowadz\u0105 linki, odpowiada zawsze dany oferent lub operator tych stron. Podlinkowane strony zosta\u0142y sprawdzone pod k\u0105tem ewentualnych narusze\u0144 prawa w momencie umieszczania link\u00f3w. Nielegalne tre\u015bci nie by\u0142y rozpoznawalne w momencie linkowania.<\/p>\n<p>Sta\u0142e monitorowanie tre\u015bci stron, do kt\u00f3rych prowadz\u0105 linki, nie jest jednak uzasadnione bez konkretnych przes\u0142anek wskazuj\u0105cych na naruszenie prawa. W przypadku powzi\u0119cia informacji o naruszeniu prawa, niezw\u0142ocznie usuniemy takie linki.<\/p>\n<h5>COPYRIGHT<\/h5>\n<p>Tre\u015bci i dzie\u0142a na tych stronach stworzone przez operator\u00f3w stron podlegaj\u0105 niemieckiemu prawu autorskiemu. Powielanie, przetwarzanie, rozpowszechnianie lub jakakolwiek forma komercjalizacji takich materia\u0142\u00f3w wykraczaj\u0105ca poza zakres prawa autorskiego wymaga uprzedniej pisemnej zgody ich autora lub tw\u00f3rcy. Pobieranie i kopiowanie tej strony jest dozwolone tylko do prywatnego, niekomercyjnego u\u017cytku.<\/p>\n<p>O ile tre\u015bci zawarte na tej stronie nie zosta\u0142y stworzone przez operatora, przestrzegane s\u0105 prawa autorskie os\u00f3b trzecich. W szczeg\u00f3lno\u015bci tre\u015bci os\u00f3b trzecich s\u0105 oznaczone jako takie. Je\u015bli mimo to dowiedz\u0105 si\u0119 Pa\u0144stwo o naruszeniu praw autorskich, prosimy o poinformowanie nas o tym. Je\u015bli dowiemy si\u0119 o jakichkolwiek naruszeniach, natychmiast usuniemy takie tre\u015bci.<\/p>\n","protected":false},"excerpt":{"rendered":"<p>IMPRINT Informacje zgodnie z \u00a7 5 TMG DigiDuck GmbHPoststra\u00dfe 6141516 Grevenbroich Rejestr handlowy: HRB 20777 S\u0105d rejestrowy: S\u0105d lokalny w M\u00f6nchengladbach Zarz\u0105dzanie: Thorsten P\u00fctz Rada doradcza: Harald Meurer, Peter Wirth Telefon: +&#52;&#57;&#x20;&#x32;&#x31;81&#32;&#50;&#x37;&#x33;&#x20;8&#52;&#57;&#32;&#x30;E-mail: &#x69;&#110;f&#x6f;&#64;d&#x69;&#103;i&#x2d;&#x64;&#117;&#x63;&#x6b;&#46;c&#x6f;&#109; Numer identyfikacyjny podatku od sprzeda\u017cy zgodnie z \u00a7 27 a Umsatzsteuergesetz: DE351948314 ROZWI\u0104ZYWANIE SPOR\u00d3W W UE Komisja Europejska udost\u0119pnia platform\u0119 do rozwi\u0105zywania [&hellip;]<\/p>\n","protected":false},"author":4,"featured_media":0,"parent":0,"menu_order":0,"comment_status":"closed","ping_status":"closed","template":"","meta":{"_acf_changed":false,"footnotes":""},"class_list":["post-40","page","type-page","status-publish","hentry"],"acf":[],"yoast_head":"<!-- This site is optimized with the Yoast SEO plugin v27.1.1 - https:\/\/yoast.com\/product\/yoast-seo-wordpress\/ -->\n<title>Nadruk<\/title>\n<meta name=\"description\" content=\"IMPRINT Informacje zgodnie z \u00a7 5 TMG DigiDuck GmbHPoststra\u00dfe 6141516 Grevenbroich Rejestr handlowy: HRB 20777 S\u0105d rejestrowy: S\u0105d lokalny w M\u00f6nchengladbach Zarz\u0105dzanie: Thorsten P\u00fctz Rada doradcza: Harald Meurer, Peter Wirth Telefon: [encode link=&quot;tel:+4921812738490&quot;]+49 2181 273 849 0[\/encode]E-mail: [encode link=&quot;mailto:info@digi-duck.com&quot;]info@digi-duck.com[\/encode] Numer identyfikacyjny podatku od sprzeda\u017cy zgodnie z \u00a7 27 a Umsatzsteuergesetz: DE351948314 ROZWI\u0104ZYWANIE SPOR\u00d3W W UE&hellip;\" \/>\n<meta name=\"robots\" content=\"index, follow, max-snippet:-1, max-image-preview:large, max-video-preview:-1\" \/>\n<link rel=\"canonical\" href=\"\" \/>\n<meta property=\"og:locale\" content=\"pl_PL\" \/>\n<meta property=\"og:type\" content=\"article\" \/>\n<meta property=\"og:title\" content=\"Nadruk\" \/>\n<meta property=\"og:description\" content=\"IMPRINT Informacje zgodnie z \u00a7 5 TMG DigiDuck GmbHPoststra\u00dfe 6141516 Grevenbroich Rejestr handlowy: HRB 20777 S\u0105d rejestrowy: S\u0105d lokalny w M\u00f6nchengladbach Zarz\u0105dzanie: Thorsten P\u00fctz Rada doradcza: Harald Meurer, Peter Wirth Telefon: [encode link=&quot;tel:+4921812738490&quot;]+49 2181 273 849 0[\/encode]E-mail: [encode link=&quot;mailto:info@digi-duck.com&quot;]info@digi-duck.com[\/encode] Numer identyfikacyjny podatku od sprzeda\u017cy zgodnie z \u00a7 27 a Umsatzsteuergesetz: DE351948314 ROZWI\u0104ZYWANIE SPOR\u00d3W W UE&hellip;\" \/>\n<meta property=\"og:url\" content=\"https:\/\/www.digi-duck.com\/pl\/impressum\/\" \/>\n<meta property=\"og:site_name\" content=\"DigiDuck\" \/>\n<meta property=\"article:publisher\" content=\"https:\/\/www.facebook.com\/profile.php?id=61558494354505\" \/>\n<meta property=\"article:modified_time\" content=\"2025-09-02T12:46:28+00:00\" \/>\n<meta name=\"twitter:card\" content=\"summary_large_image\" \/>\n<meta name=\"twitter:label1\" content=\"Szacowany czas czytania\" \/>\n\t<meta name=\"twitter:data1\" content=\"3 minuty\" \/>\n<script type=\"application\/ld+json\" class=\"yoast-schema-graph\">{\"@context\":\"https:\/\/schema.org\",\"@graph\":[{\"@type\":\"WebPage\",\"@id\":\"https:\/\/www.digi-duck.com\/pl\/impressum\/\",\"url\":\"https:\/\/www.digi-duck.com\/pl\/impressum\/\",\"name\":\"Impressum - DigiDuck\",\"isPartOf\":{\"@id\":\"https:\/\/www.digi-duck.com\/#website\"},\"datePublished\":\"2022-07-22T07:24:01+00:00\",\"dateModified\":\"2025-09-02T12:46:28+00:00\",\"breadcrumb\":{\"@id\":\"https:\/\/www.digi-duck.com\/pl\/impressum\/#breadcrumb\"},\"inLanguage\":\"pl-PL\",\"potentialAction\":[{\"@type\":\"ReadAction\",\"target\":[\"https:\/\/www.digi-duck.com\/pl\/impressum\/\"]}]},{\"@type\":\"BreadcrumbList\",\"@id\":\"https:\/\/www.digi-duck.com\/pl\/impressum\/#breadcrumb\",\"itemListElement\":[{\"@type\":\"ListItem\",\"position\":1,\"name\":\"Strona g\u0142\u00f3wna\",\"item\":\"https:\/\/www.digi-duck.com\/\"},{\"@type\":\"ListItem\",\"position\":2,\"name\":\"Nadruk\"}]},{\"@type\":\"WebSite\",\"@id\":\"https:\/\/www.digi-duck.com\/pl\/#website\",\"url\":\"https:\/\/www.digi-duck.com\/pl\/\",\"name\":\"DigiDuck\",\"description\":\"Ihr digitaler Qualifikationspartner\",\"publisher\":{\"@id\":\"https:\/\/www.digi-duck.com\/pl\/#organization\"},\"potentialAction\":[{\"@type\":\"SearchAction\",\"target\":{\"@type\":\"EntryPoint\",\"urlTemplate\":\"https:\/\/www.digi-duck.com\/pl\/?s={search_term_string}\"},\"query-input\":{\"@type\":\"PropertyValueSpecification\",\"valueRequired\":true,\"valueName\":\"search_term_string\"}}],\"inLanguage\":\"pl-PL\"},{\"@type\":\"Organization\",\"@id\":\"https:\/\/www.digi-duck.com\/pl\/#organization\",\"name\":\"DigiDuck GmbH\",\"url\":\"https:\/\/www.digi-duck.com\/pl\/\",\"logo\":{\"@type\":\"ImageObject\",\"inLanguage\":\"pl-PL\",\"@id\":\"https:\/\/www.digi-duck.com\/pl\/#\/schema\/logo\/image\/\",\"url\":\"https:\/\/www.digi-duck.com\/wp-content\/uploads\/2024\/08\/DigiDuck_Logo_App_Colored.png\",\"contentUrl\":\"https:\/\/www.digi-duck.com\/wp-content\/uploads\/2024\/08\/DigiDuck_Logo_App_Colored.png\",\"width\":2000,\"height\":2000,\"caption\":\"DigiDuck GmbH\"},\"image\":{\"@id\":\"https:\/\/www.digi-duck.com\/pl\/#\/schema\/logo\/image\/\"},\"sameAs\":[\"https:\/\/www.facebook.com\/profile.php?id=61558494354505\",\"https:\/\/www.linkedin.com\/company\/digiduck-gmbh\",\"https:\/\/www.xing.com\/pages\/digiduck-gmbh\"]}]}<\/script>\n<!-- \/ Yoast SEO plugin. -->","yoast_head_json":{"title":"Nadruk","description":"IMPRINT Informacje zgodnie z \u00a7 5 TMG DigiDuck GmbHPoststra\u00dfe 6141516 Grevenbroich Rejestr handlowy: HRB 20777 S\u0105d rejestrowy: S\u0105d lokalny w M\u00f6nchengladbach Zarz\u0105dzanie: Thorsten P\u00fctz Rada doradcza: Harald Meurer, Peter Wirth Telefon: [encode link=\"tel:+4921812738490\"]+49 2181 273 849 0[\/encode]E-mail: [encode link=\"mailto:info@digi-duck.com\"]info@digi-duck.com[\/encode] Numer identyfikacyjny podatku od sprzeda\u017cy zgodnie z \u00a7 27 a Umsatzsteuergesetz: DE351948314 ROZWI\u0104ZYWANIE SPOR\u00d3W W UE&hellip;","robots":{"index":"index","follow":"follow","max-snippet":"max-snippet:-1","max-image-preview":"max-image-preview:large","max-video-preview":"max-video-preview:-1"},"canonical":"IMPRINT Informacje zgodnie z \u00a7 5 TMG DigiDuck GmbHPoststra\u00dfe 6141516 Grevenbroich Rejestr handlowy: HRB 20777 S\u0105d rejestrowy: S\u0105d lokalny w M\u00f6nchengladbach Zarz\u0105dzanie: Thorsten P\u00fctz Rada doradcza: Harald Meurer, Peter Wirth Telefon: [encode link=\"tel: 4921812738490\"] 49 2181 273 849 0[\/encode]E-mail: [encode link=\"mailto:info@digi-duck.com\"]info@digi-duck.com[\/encode] Numer identyfikacyjny podatku od sprzeda\u017cy zgodnie z \u00a7 27 a Umsatzsteuergesetz: DE351948314 ROZWI\u0104ZYWANIE SPOR\u00d3W W UE&hellip;","og_locale":"pl_PL","og_type":"article","og_title":"Nadruk","og_description":"IMPRINT Informacje zgodnie z \u00a7 5 TMG DigiDuck GmbHPoststra\u00dfe 6141516 Grevenbroich Rejestr handlowy: HRB 20777 S\u0105d rejestrowy: S\u0105d lokalny w M\u00f6nchengladbach Zarz\u0105dzanie: Thorsten P\u00fctz Rada doradcza: Harald Meurer, Peter Wirth Telefon: [encode link=\"tel:+4921812738490\"]+49 2181 273 849 0[\/encode]E-mail: [encode link=\"mailto:info@digi-duck.com\"]info@digi-duck.com[\/encode] Numer identyfikacyjny podatku od sprzeda\u017cy zgodnie z \u00a7 27 a Umsatzsteuergesetz: DE351948314 ROZWI\u0104ZYWANIE SPOR\u00d3W W UE&hellip;","og_url":"https:\/\/www.digi-duck.com\/pl\/impressum\/","og_site_name":"DigiDuck","article_publisher":"https:\/\/www.facebook.com\/profile.php?id=61558494354505","article_modified_time":"2025-09-02T12:46:28+00:00","twitter_card":"summary_large_image","twitter_misc":{"Szacowany czas czytania":"3 minuty"},"schema":{"@context":"https:\/\/schema.org","@graph":[{"@type":"WebPage","@id":"https:\/\/www.digi-duck.com\/pl\/impressum\/","url":"https:\/\/www.digi-duck.com\/pl\/impressum\/","name":"Impressum - DigiDuck","isPartOf":{"@id":"https:\/\/www.digi-duck.com\/#website"},"datePublished":"2022-07-22T07:24:01+00:00","dateModified":"2025-09-02T12:46:28+00:00","breadcrumb":{"@id":"https:\/\/www.digi-duck.com\/pl\/impressum\/#breadcrumb"},"inLanguage":"pl-PL","potentialAction":[{"@type":"ReadAction","target":["https:\/\/www.digi-duck.com\/pl\/impressum\/"]}]},{"@type":"BreadcrumbList","@id":"https:\/\/www.digi-duck.com\/pl\/impressum\/#breadcrumb","itemListElement":[{"@type":"ListItem","position":1,"name":"Strona g\u0142\u00f3wna","item":"https:\/\/www.digi-duck.com\/"},{"@type":"ListItem","position":2,"name":"Nadruk"}]},{"@type":"WebSite","@id":"https:\/\/www.digi-duck.com\/pl\/#website","url":"https:\/\/www.digi-duck.com\/pl\/","name":"DigiDuck","description":"Ihr digitaler Qualifikationspartner","publisher":{"@id":"https:\/\/www.digi-duck.com\/pl\/#organization"},"potentialAction":[{"@type":"SearchAction","target":{"@type":"EntryPoint","urlTemplate":"https:\/\/www.digi-duck.com\/pl\/?s={search_term_string}"},"query-input":{"@type":"PropertyValueSpecification","valueRequired":true,"valueName":"search_term_string"}}],"inLanguage":"pl-PL"},{"@type":"Organization","@id":"https:\/\/www.digi-duck.com\/pl\/#organization","name":"DigiDuck GmbH","url":"https:\/\/www.digi-duck.com\/pl\/","logo":{"@type":"ImageObject","inLanguage":"pl-PL","@id":"https:\/\/www.digi-duck.com\/pl\/#\/schema\/logo\/image\/","url":"https:\/\/www.digi-duck.com\/wp-content\/uploads\/2024\/08\/DigiDuck_Logo_App_Colored.png","contentUrl":"https:\/\/www.digi-duck.com\/wp-content\/uploads\/2024\/08\/DigiDuck_Logo_App_Colored.png","width":2000,"height":2000,"caption":"DigiDuck GmbH"},"image":{"@id":"https:\/\/www.digi-duck.com\/pl\/#\/schema\/logo\/image\/"},"sameAs":["https:\/\/www.facebook.com\/profile.php?id=61558494354505","https:\/\/www.linkedin.com\/company\/digiduck-gmbh","https:\/\/www.xing.com\/pages\/digiduck-gmbh"]}]}},"post_mailing_queue_ids":[],"_links":{"self":[{"href":"https:\/\/www.digi-duck.com\/pl\/wp-json\/wp\/v2\/pages\/40","targetHints":{"allow":["GET"]}}],"collection":[{"href":"https:\/\/www.digi-duck.com\/pl\/wp-json\/wp\/v2\/pages"}],"about":[{"href":"https:\/\/www.digi-duck.com\/pl\/wp-json\/wp\/v2\/types\/page"}],"author":[{"embeddable":true,"href":"https:\/\/www.digi-duck.com\/pl\/wp-json\/wp\/v2\/users\/4"}],"replies":[{"embeddable":true,"href":"https:\/\/www.digi-duck.com\/pl\/wp-json\/wp\/v2\/comments?post=40"}],"version-history":[{"count":11,"href":"https:\/\/www.digi-duck.com\/pl\/wp-json\/wp\/v2\/pages\/40\/revisions"}],"predecessor-version":[{"id":943,"href":"https:\/\/www.digi-duck.com\/pl\/wp-json\/wp\/v2\/pages\/40\/revisions\/943"}],"wp:attachment":[{"href":"https:\/\/www.digi-duck.com\/pl\/wp-json\/wp\/v2\/media?parent=40"}],"curies":[{"name":"wp","href":"https:\/\/api.w.org\/{rel}","templated":true}]}}