{"id":42,"date":"2022-07-22T09:24:13","date_gmt":"2022-07-22T07:24:13","guid":{"rendered":"https:\/\/www.digi-duck.com\/?page_id=42"},"modified":"2023-01-28T11:49:01","modified_gmt":"2023-01-28T10:49:01","slug":"info-management-system","status":"publish","type":"page","link":"https:\/\/www.digi-duck.com\/pl\/info-management-system\/","title":{"rendered":"System zarz\u0105dzania informacjami"},"content":{"rendered":"<p>PRZEKAZYWANIE DOKUMENT\u00d3W PRACOWNIKOM NIGDY NIE BY\u0141O TAK PROSTE<\/p>\n<hr class=\"wp-block-separator has-alpha-channel-opacity\">\n<p>Ponad dwie trzecie pracownik\u00f3w pracuje w magazynach, zak\u0142adach produkcyjnych, w terenie lub w ci\u0119\u017car\u00f3wkach. W logistyce odsetek pracownik\u00f3w, kt\u00f3rzy nie siedz\u0105 przy komputerze jest jeszcze wy\u017cszy. Zwykle nie maj\u0105 firmowego adresu e-mail i dlatego trudno do nich dotrze\u0107 za pomoc\u0105 zwyk\u0142ych kana\u0142\u00f3w komunikacji. Ale i one musz\u0105 by\u0107 zintegrowane z zarz\u0105dzaniem informacj\u0105 w firmie.<\/p>\n<p>Dzi\u0119ki naszemu <strong>systemowi zarz\u0105dzania informacjami<\/strong> przejmujesz wszystkie wewn\u0119trzne plany dotycz\u0105ce przekazywania dokument\u00f3w i odtwarzania ich w spos\u00f3b ukierunkowany do wszystkich dzia\u0142\u00f3w i pracownik\u00f3w. Gdziekolwiek si\u0119 znajd\u0105. W biurze, biurze domowym lub w podr\u00f3\u017cy. Do tej pory musia\u0142e\u015b kontrolowa\u0107 i zarz\u0105dza\u0107 swoimi obowi\u0105zkami informacyjnymi w uci\u0105\u017cliwy spos\u00f3b poprzez r\u00f3\u017cne kana\u0142y. Nigdy nie by\u0142o pewno\u015bci, czy wszyscy pracownicy rzeczywi\u015bcie przetworzyli wiadomo\u015bci. To ju\u017c si\u0119 sko\u0144czy\u0142o. Dzi\u0119ki kana\u0142om mobilnym mo\u017cesz teraz dotrze\u0107 do ka\u017cdego.<\/p>\n<hr class=\"wp-block-separator has-alpha-channel-opacity\">\n<p>Oczywi\u015bcie nie ka\u017cda informacja czy ka\u017cdy dokument jest przeznaczony dla wszystkich pracownik\u00f3w. Dlatego oferujemy Pa\u0144stwu mo\u017cliwo\u015b\u0107 przekazywania poszczeg\u00f3lnych dokument\u00f3w do konkretnych pracownik\u00f3w lub dzia\u0142\u00f3w w naszej platformie.<\/p>\n<hr class=\"wp-block-separator has-alpha-channel-opacity\">\n<p>Ze wzgl\u0119du na coraz to nowe wymagania prawne, jeste\u015bcie Pa\u0144stwo zobowi\u0105zani do zapewnienia przekazywania pracownikom r\u00f3\u017cnych informacji. Oznacza to dla Ciebie dodatkow\u0105 prac\u0119. A z ka\u017cd\u0105 drobn\u0105 zmian\u0105 trzeba to ponownie przekaza\u0107 pracownikom. Na przyk\u0142ad w przypadku pakietu mobilno\u015bci UE. Z DigiDuck masz swoje zobowi\u0105zania pod kontrol\u0105 i zredukowane do minimum wysi\u0142ku i czasu.<\/p>\n<hr class=\"wp-block-separator has-alpha-channel-opacity\">\n<p>Dlaczego nie wykorzysta\u0107 naszego systemu zarz\u0105dzania informacjami do komunikacji wewn\u0119trznej? Na przyk\u0142ad dla wiadomo\u015bci operacyjnych, takich jak plany zmian i konserwacji, instrukcje obs\u0142ugi, podr\u0119czniki dla pracownik\u00f3w i wszelkiego rodzaju informacje wewn\u0119trzne. W ten spos\u00f3b mo\u017cna dok\u0142adnie sprawdzi\u0107, kt\u00f3ry pracownik otrzyma\u0142 i otworzy\u0142 jak\u0105 informacj\u0119. I mo\u017cesz mie\u0107 pewno\u015b\u0107, \u017ce po\u017c\u0105dana wiadomo\u015b\u0107 dotar\u0142a do odbiorcy.<\/p>\n<hr class=\"wp-block-separator has-alpha-channel-opacity\">\n<p>Nasza platforma dokumentuje dok\u0142adnie, kiedy pracownik otrzyma\u0142 i otworzy\u0142 dany dokument. Daje to gwarancj\u0119 zapisu odpornego na audyt, kt\u00f3ry pracownik otrzyma\u0142 od Ciebie dany dokument i kiedy.<\/p>\n<hr class=\"wp-block-separator has-alpha-channel-opacity\">\n<p>Szczeg\u00f3lnie w szybko rozwijaj\u0105cych si\u0119 firmach szkolenie i zapoznawanie nowych pracownik\u00f3w jest cz\u0119sto bardzo czasoch\u0142onne dla mened\u017cer\u00f3w. Cz\u0119sto brakuje czasu, aby szczeg\u00f3\u0142owo om\u00f3wi\u0107 wszystkie wa\u017cne informacje ze wszystkimi nowymi pracownikami. Z DigiDuck definiujesz, kt\u00f3re informacje s\u0105 wa\u017cne dla Twoich nowych pracownik\u00f3w, a nast\u0119pnie korzystasz z naszego profesjonalnego systemu zarz\u0105dzania informacjami, z kt\u00f3rym nowi pracownicy mog\u0105 pracowa\u0107 elastycznie i samodzielnie. Mened\u017cerowie mog\u0105 ponownie skupi\u0107 si\u0119 na innych wa\u017cnych zadaniach.<\/p>\n<hr class=\"wp-block-separator has-alpha-channel-opacity\">\n<p>Wypr\u00f3buj DigiDuck teraz i dotrzyj do wszystkich swoich pracownik\u00f3w. Oszcz\u0119dzaj czas i wysi\u0142ek!<\/p>\n<hr class=\"wp-block-separator has-alpha-channel-opacity\">\n<a href=\"\/pl\/kostenlos-testen\/\" target=\"_self\" class=\"btn-white-full btn btn-primary\">Wypr\u00f3buj DigiDuck za darmo teraz<\/a>\n","protected":false},"excerpt":{"rendered":"<p>PRZEKAZYWANIE DOKUMENT\u00d3W PRACOWNIKOM NIGDY NIE BY\u0141O TAK PROSTE Ponad dwie trzecie pracownik\u00f3w pracuje w magazynach, zak\u0142adach produkcyjnych, w terenie lub w ci\u0119\u017car\u00f3wkach. W logistyce odsetek pracownik\u00f3w, kt\u00f3rzy nie siedz\u0105 przy komputerze jest jeszcze wy\u017cszy. Zwykle nie maj\u0105 firmowego adresu e-mail i dlatego trudno do nich dotrze\u0107 za pomoc\u0105 zwyk\u0142ych kana\u0142\u00f3w komunikacji. Ale i one musz\u0105 [&hellip;]<\/p>\n","protected":false},"author":4,"featured_media":0,"parent":0,"menu_order":0,"comment_status":"closed","ping_status":"closed","template":"","meta":{"_acf_changed":false,"footnotes":""},"class_list":["post-42","page","type-page","status-publish","hentry"],"acf":[],"yoast_head":"<!-- This site is optimized with the Yoast SEO plugin v27.1.1 - https:\/\/yoast.com\/product\/yoast-seo-wordpress\/ -->\n<title>System zarz\u0105dzania informacjami<\/title>\n<meta name=\"description\" content=\"PRZEKAZYWANIE DOKUMENT\u00d3W PRACOWNIKOM NIGDY NIE BY\u0141O TAK PROSTE Ponad dwie trzecie pracownik\u00f3w pracuje w magazynach, zak\u0142adach produkcyjnych, w terenie lub w ci\u0119\u017car\u00f3wkach. W logistyce odsetek pracownik\u00f3w, kt\u00f3rzy nie siedz\u0105 przy komputerze jest jeszcze wy\u017cszy. Zwykle nie maj\u0105 firmowego adresu e-mail i dlatego trudno do nich dotrze\u0107 za pomoc\u0105 zwyk\u0142ych kana\u0142\u00f3w komunikacji. Ale i one musz\u0105&hellip;\" \/>\n<meta name=\"robots\" content=\"index, follow, max-snippet:-1, max-image-preview:large, max-video-preview:-1\" \/>\n<link rel=\"canonical\" href=\"http:\/\/PRZEKAZYWANIE%20DOKUMENT\u00d3W%20PRACOWNIKOM%20NIGDY%20NIE%20BY\u0141O%20TAK%20PROSTE%20Ponad%20dwie%20trzecie%20pracownik\u00f3w%20pracuje%20w%20magazynach,%20zak\u0142adach%20produkcyjnych,%20w%20terenie%20lub%20w%20ci\u0119\u017car\u00f3wkach.%20W%20logistyce%20odsetek%20pracownik\u00f3w,%20kt\u00f3rzy%20nie%20siedz\u0105%20przy%20komputerze%20jest%20jeszcze%20wy\u017cszy.%20Zwykle%20nie%20maj\u0105%20firmowego%20adresu%20e-mail%20i%20dlatego%20trudno%20do%20nich%20dotrze\u0107%20za%20pomoc\u0105%20zwyk\u0142ych%20kana\u0142\u00f3w%20komunikacji.%20Ale%20i%20one%20musz\u0105&hellip;\" \/>\n<meta property=\"og:locale\" content=\"pl_PL\" \/>\n<meta property=\"og:type\" content=\"article\" \/>\n<meta property=\"og:title\" content=\"System zarz\u0105dzania informacjami\" \/>\n<meta property=\"og:description\" content=\"PRZEKAZYWANIE DOKUMENT\u00d3W PRACOWNIKOM NIGDY NIE BY\u0141O TAK PROSTE Ponad dwie trzecie pracownik\u00f3w pracuje w magazynach, zak\u0142adach produkcyjnych, w terenie lub w ci\u0119\u017car\u00f3wkach. W logistyce odsetek pracownik\u00f3w, kt\u00f3rzy nie siedz\u0105 przy komputerze jest jeszcze wy\u017cszy. Zwykle nie maj\u0105 firmowego adresu e-mail i dlatego trudno do nich dotrze\u0107 za pomoc\u0105 zwyk\u0142ych kana\u0142\u00f3w komunikacji. Ale i one musz\u0105&hellip;\" \/>\n<meta property=\"og:url\" content=\"https:\/\/www.digi-duck.com\/pl\/info-management-system\/\" \/>\n<meta property=\"og:site_name\" content=\"DigiDuck\" \/>\n<meta property=\"article:publisher\" content=\"https:\/\/www.facebook.com\/profile.php?id=61558494354505\" \/>\n<meta property=\"article:modified_time\" content=\"2023-01-28T10:49:01+00:00\" \/>\n<meta name=\"twitter:card\" content=\"summary_large_image\" \/>\n<meta name=\"twitter:label1\" content=\"Szacowany czas czytania\" \/>\n\t<meta name=\"twitter:data1\" content=\"3 minuty\" \/>\n<script type=\"application\/ld+json\" class=\"yoast-schema-graph\">{\"@context\":\"https:\/\/schema.org\",\"@graph\":[{\"@type\":\"WebPage\",\"@id\":\"https:\/\/www.digi-duck.com\/pl\/info-management-system\/\",\"url\":\"https:\/\/www.digi-duck.com\/pl\/info-management-system\/\",\"name\":\"Info Management System - DigiDuck\",\"isPartOf\":{\"@id\":\"https:\/\/www.digi-duck.com\/#website\"},\"datePublished\":\"2022-07-22T07:24:13+00:00\",\"dateModified\":\"2023-01-28T10:49:01+00:00\",\"breadcrumb\":{\"@id\":\"https:\/\/www.digi-duck.com\/pl\/info-management-system\/#breadcrumb\"},\"inLanguage\":\"pl-PL\",\"potentialAction\":[{\"@type\":\"ReadAction\",\"target\":[\"https:\/\/www.digi-duck.com\/pl\/info-management-system\/\"]}]},{\"@type\":\"BreadcrumbList\",\"@id\":\"https:\/\/www.digi-duck.com\/pl\/info-management-system\/#breadcrumb\",\"itemListElement\":[{\"@type\":\"ListItem\",\"position\":1,\"name\":\"Strona g\u0142\u00f3wna\",\"item\":\"https:\/\/www.digi-duck.com\/\"},{\"@type\":\"ListItem\",\"position\":2,\"name\":\"System zarz\u0105dzania informacjami\"}]},{\"@type\":\"WebSite\",\"@id\":\"https:\/\/www.digi-duck.com\/pl\/#website\",\"url\":\"https:\/\/www.digi-duck.com\/pl\/\",\"name\":\"DigiDuck\",\"description\":\"Ihr digitaler Qualifikationspartner\",\"publisher\":{\"@id\":\"https:\/\/www.digi-duck.com\/pl\/#organization\"},\"potentialAction\":[{\"@type\":\"SearchAction\",\"target\":{\"@type\":\"EntryPoint\",\"urlTemplate\":\"https:\/\/www.digi-duck.com\/pl\/?s={search_term_string}\"},\"query-input\":{\"@type\":\"PropertyValueSpecification\",\"valueRequired\":true,\"valueName\":\"search_term_string\"}}],\"inLanguage\":\"pl-PL\"},{\"@type\":\"Organization\",\"@id\":\"https:\/\/www.digi-duck.com\/pl\/#organization\",\"name\":\"DigiDuck GmbH\",\"url\":\"https:\/\/www.digi-duck.com\/pl\/\",\"logo\":{\"@type\":\"ImageObject\",\"inLanguage\":\"pl-PL\",\"@id\":\"https:\/\/www.digi-duck.com\/pl\/#\/schema\/logo\/image\/\",\"url\":\"https:\/\/www.digi-duck.com\/wp-content\/uploads\/2024\/08\/DigiDuck_Logo_App_Colored.png\",\"contentUrl\":\"https:\/\/www.digi-duck.com\/wp-content\/uploads\/2024\/08\/DigiDuck_Logo_App_Colored.png\",\"width\":2000,\"height\":2000,\"caption\":\"DigiDuck GmbH\"},\"image\":{\"@id\":\"https:\/\/www.digi-duck.com\/pl\/#\/schema\/logo\/image\/\"},\"sameAs\":[\"https:\/\/www.facebook.com\/profile.php?id=61558494354505\",\"https:\/\/www.linkedin.com\/company\/digiduck-gmbh\",\"https:\/\/www.xing.com\/pages\/digiduck-gmbh\"]}]}<\/script>\n<!-- \/ Yoast SEO plugin. -->","yoast_head_json":{"title":"System zarz\u0105dzania informacjami","description":"PRZEKAZYWANIE DOKUMENT\u00d3W PRACOWNIKOM NIGDY NIE BY\u0141O TAK PROSTE Ponad dwie trzecie pracownik\u00f3w pracuje w magazynach, zak\u0142adach produkcyjnych, w terenie lub w ci\u0119\u017car\u00f3wkach. W logistyce odsetek pracownik\u00f3w, kt\u00f3rzy nie siedz\u0105 przy komputerze jest jeszcze wy\u017cszy. Zwykle nie maj\u0105 firmowego adresu e-mail i dlatego trudno do nich dotrze\u0107 za pomoc\u0105 zwyk\u0142ych kana\u0142\u00f3w komunikacji. Ale i one musz\u0105&hellip;","robots":{"index":"index","follow":"follow","max-snippet":"max-snippet:-1","max-image-preview":"max-image-preview:large","max-video-preview":"max-video-preview:-1"},"canonical":"PRZEKAZYWANIE DOKUMENT\u00d3W PRACOWNIKOM NIGDY NIE BY\u0141O TAK PROSTE Ponad dwie trzecie pracownik\u00f3w pracuje w magazynach, zak\u0142adach produkcyjnych, w terenie lub w ci\u0119\u017car\u00f3wkach. W logistyce odsetek pracownik\u00f3w, kt\u00f3rzy nie siedz\u0105 przy komputerze jest jeszcze wy\u017cszy. Zwykle nie maj\u0105 firmowego adresu e-mail i dlatego trudno do nich dotrze\u0107 za pomoc\u0105 zwyk\u0142ych kana\u0142\u00f3w komunikacji. Ale i one musz\u0105&hellip;","og_locale":"pl_PL","og_type":"article","og_title":"System zarz\u0105dzania informacjami","og_description":"PRZEKAZYWANIE DOKUMENT\u00d3W PRACOWNIKOM NIGDY NIE BY\u0141O TAK PROSTE Ponad dwie trzecie pracownik\u00f3w pracuje w magazynach, zak\u0142adach produkcyjnych, w terenie lub w ci\u0119\u017car\u00f3wkach. W logistyce odsetek pracownik\u00f3w, kt\u00f3rzy nie siedz\u0105 przy komputerze jest jeszcze wy\u017cszy. Zwykle nie maj\u0105 firmowego adresu e-mail i dlatego trudno do nich dotrze\u0107 za pomoc\u0105 zwyk\u0142ych kana\u0142\u00f3w komunikacji. Ale i one musz\u0105&hellip;","og_url":"https:\/\/www.digi-duck.com\/pl\/info-management-system\/","og_site_name":"DigiDuck","article_publisher":"https:\/\/www.facebook.com\/profile.php?id=61558494354505","article_modified_time":"2023-01-28T10:49:01+00:00","twitter_card":"summary_large_image","twitter_misc":{"Szacowany czas czytania":"3 minuty"},"schema":{"@context":"https:\/\/schema.org","@graph":[{"@type":"WebPage","@id":"https:\/\/www.digi-duck.com\/pl\/info-management-system\/","url":"https:\/\/www.digi-duck.com\/pl\/info-management-system\/","name":"Info Management System - DigiDuck","isPartOf":{"@id":"https:\/\/www.digi-duck.com\/#website"},"datePublished":"2022-07-22T07:24:13+00:00","dateModified":"2023-01-28T10:49:01+00:00","breadcrumb":{"@id":"https:\/\/www.digi-duck.com\/pl\/info-management-system\/#breadcrumb"},"inLanguage":"pl-PL","potentialAction":[{"@type":"ReadAction","target":["https:\/\/www.digi-duck.com\/pl\/info-management-system\/"]}]},{"@type":"BreadcrumbList","@id":"https:\/\/www.digi-duck.com\/pl\/info-management-system\/#breadcrumb","itemListElement":[{"@type":"ListItem","position":1,"name":"Strona g\u0142\u00f3wna","item":"https:\/\/www.digi-duck.com\/"},{"@type":"ListItem","position":2,"name":"System zarz\u0105dzania informacjami"}]},{"@type":"WebSite","@id":"https:\/\/www.digi-duck.com\/pl\/#website","url":"https:\/\/www.digi-duck.com\/pl\/","name":"DigiDuck","description":"Ihr digitaler Qualifikationspartner","publisher":{"@id":"https:\/\/www.digi-duck.com\/pl\/#organization"},"potentialAction":[{"@type":"SearchAction","target":{"@type":"EntryPoint","urlTemplate":"https:\/\/www.digi-duck.com\/pl\/?s={search_term_string}"},"query-input":{"@type":"PropertyValueSpecification","valueRequired":true,"valueName":"search_term_string"}}],"inLanguage":"pl-PL"},{"@type":"Organization","@id":"https:\/\/www.digi-duck.com\/pl\/#organization","name":"DigiDuck GmbH","url":"https:\/\/www.digi-duck.com\/pl\/","logo":{"@type":"ImageObject","inLanguage":"pl-PL","@id":"https:\/\/www.digi-duck.com\/pl\/#\/schema\/logo\/image\/","url":"https:\/\/www.digi-duck.com\/wp-content\/uploads\/2024\/08\/DigiDuck_Logo_App_Colored.png","contentUrl":"https:\/\/www.digi-duck.com\/wp-content\/uploads\/2024\/08\/DigiDuck_Logo_App_Colored.png","width":2000,"height":2000,"caption":"DigiDuck GmbH"},"image":{"@id":"https:\/\/www.digi-duck.com\/pl\/#\/schema\/logo\/image\/"},"sameAs":["https:\/\/www.facebook.com\/profile.php?id=61558494354505","https:\/\/www.linkedin.com\/company\/digiduck-gmbh","https:\/\/www.xing.com\/pages\/digiduck-gmbh"]}]}},"post_mailing_queue_ids":[],"_links":{"self":[{"href":"https:\/\/www.digi-duck.com\/pl\/wp-json\/wp\/v2\/pages\/42","targetHints":{"allow":["GET"]}}],"collection":[{"href":"https:\/\/www.digi-duck.com\/pl\/wp-json\/wp\/v2\/pages"}],"about":[{"href":"https:\/\/www.digi-duck.com\/pl\/wp-json\/wp\/v2\/types\/page"}],"author":[{"embeddable":true,"href":"https:\/\/www.digi-duck.com\/pl\/wp-json\/wp\/v2\/users\/4"}],"replies":[{"embeddable":true,"href":"https:\/\/www.digi-duck.com\/pl\/wp-json\/wp\/v2\/comments?post=42"}],"version-history":[{"count":8,"href":"https:\/\/www.digi-duck.com\/pl\/wp-json\/wp\/v2\/pages\/42\/revisions"}],"predecessor-version":[{"id":641,"href":"https:\/\/www.digi-duck.com\/pl\/wp-json\/wp\/v2\/pages\/42\/revisions\/641"}],"wp:attachment":[{"href":"https:\/\/www.digi-duck.com\/pl\/wp-json\/wp\/v2\/media?parent=42"}],"curies":[{"name":"wp","href":"https:\/\/api.w.org\/{rel}","templated":true}]}}