{"id":5,"date":"2022-07-06T17:49:08","date_gmt":"2022-07-06T17:49:08","guid":{"rendered":"https:\/\/www.digi-duck.com\/?page_id=5"},"modified":"2023-07-07T11:51:44","modified_gmt":"2023-07-07T09:51:44","slug":"warum-digiduck","status":"publish","type":"page","link":"https:\/\/www.digi-duck.com\/pl\/dlaczego-digiduck\/","title":{"rendered":"Dlaczego DigiDuck"},"content":{"rendered":"<p>DLACZEGO DIGIDUCK?<\/p>\n<hr class=\"wp-block-separator has-alpha-channel-opacity\" \/>\n<p>Skuteczne zarz\u0105dzanie wiedz\u0105 generuje wymierne wyniki<\/p>\n<hr class=\"wp-block-separator has-alpha-channel-opacity\" \/>\n<p>Pracownicy to najcenniejszy kapita\u0142 Twojej firmy. Jednak\u017ce mog\u0105 oni wnie\u015b\u0107 pe\u0142ny wk\u0142ad w postaci swoich umiej\u0119tno\u015bci i talent\u00f3w tylko wtedy, gdy s\u0105 dobrze wyszkoleni i poinformowani. Jest to ma\u0142o mo\u017cliwe w przypadku kana\u0142\u00f3w tradycyjnych. Dzisiejsza komunikacja, tak\u017ce w transferze wiedzy, jest cyfrowa i &#8222;najpierw mobilna&#8221;.<\/p>\n<hr class=\"wp-block-separator has-alpha-channel-opacity\" \/>\n<p><strong>Poniewa\u017c Pa\u0144stwa pracownicy s\u0105 dla nas najwa\u017c<\/strong>niejsi!<\/p>\n<p>Dzi\u0119ki systemowi zarz\u0105dzania Learn and Info firmy DigiDuck oferujesz swoim pracownikom najlepsz\u0105 mo\u017cliw\u0105 form\u0119 sta\u0142ego poszerzania wiedzy.<\/p>\n<hr class=\"wp-block-separator has-alpha-channel-opacity\" \/>\n<p><strong>Poniewa\u017c p\u0142acisz tylko za to, co faktycznie wykorzystujesz!<\/strong><\/p>\n<p>\u017badnych rycza\u0142t\u00f3w, kt\u00f3re obejmuj\u0105 szkolenia, kt\u00f3rych nawet nie potrzebujesz. Brak wysokich op\u0142at podstawowych, brak nierealnych skal cenowych. P\u0142acisz tylko za te funkcje w ramach naszej platformy, z kt\u00f3rych naprawd\u0119 chcesz korzysta\u0107.<\/p>\n<hr class=\"wp-block-separator has-alpha-channel-opacity\" \/>\n<p><strong>Bo nawet Twoi mobilni pracownicy bez firmowego adresu e-mail mog\u0105 zosta\u0107 uwzgl\u0119dnieni!<\/strong><\/p>\n<p>Dwie trzecie wszystkich pracownik\u00f3w nie siedzi przy swoich komputerach. W logistyce liczba ta jest jeszcze wi\u0119ksza. Ale jak do nich dotrze\u0107, aby przekaza\u0107 wa\u017cne informacje i dokumenty lub przeprowadzi\u0107 szkolenie? Dzi\u015b wszyscy pracownicy maj\u0105 w\u0142asne smartfony. Poprzez nasz\u0105 aplikacj\u0119 DigiDuck mo\u017cesz uczestniczy\u0107 we wszystkich niezb\u0119dnych szkoleniach lub informacjach.<\/p>\n<hr class=\"wp-block-separator has-alpha-channel-opacity\" \/>\n<p><strong>Poniewa\u017c z DigiDuck spe\u0142niasz dwa wa\u017cne zadania w tym samym czasie!<\/strong><\/p>\n<p>DigiDuck jest jednym z niewielu dostawc\u00f3w, kt\u00f3rzy oferuj\u0105 Pa\u0144stwu nie tylko profesjonalny &#8222;Learn Management System&#8221;, ale r\u00f3wnie\u017c &#8222;Info Management System&#8221;, kt\u00f3ry zaspokoi Pa\u0144stwa potrzeby informacyjne wobec pracownik\u00f3w. A nasze funkcje i mo\u017cliwo\u015bci s\u0105 stale poszerzane.<\/p>\n<hr class=\"wp-block-separator has-alpha-channel-opacity\" \/>\n<p><strong>Poniewa\u017c nasze profesjonalne raportowanie daje Ci wszelkie mo\u017cliwo\u015bci analizy i bezpiecze\u0144stwa!<\/strong><\/p>\n<p>Jako osoba zarz\u0105dzaj\u0105ca firm\u0105 potrzebujesz pewno\u015bci prawnej w zarz\u0105dzaniu pracownikami. Oferujemy Pa\u0144stwu oceny w czasie rzeczywistym, kt\u00f3re to umo\u017cliwiaj\u0105.<\/p>\n<hr class=\"wp-block-separator has-alpha-channel-opacity\" \/>\n<p><strong>Poniewa\u017c nasza platforma zawsze b\u0119dzie dla Ciebie &#8222;State of the Art&#8221; dzi\u0119ki naszemu do\u015bwiadczeniu!<\/strong><\/p>\n<p>Nasi cyfrowi specjali\u015bci stale rozwijaj\u0105 platform\u0119 dzi\u0119ki swojemu wieloletniemu know-how i w ten spos\u00f3b zapewniaj\u0105 Pa\u0144stwu najlepsz\u0105 mo\u017cliw\u0105 funkcjonalno\u015b\u0107.<\/p>\n<hr class=\"wp-block-separator has-alpha-channel-opacity\" \/>\n<p><strong>Poniewa\u017c jako\u015b\u0107 naszych szkole\u0144 jest zawsze na najwy\u017cszym mo\u017cliwym poziomie!<\/strong><\/p>\n<p>Uwielbiamy szkoli\u0107 ludzi. I robimy to ju\u017c od ponad 25 lat. Teraz zdigitalizowali\u015bmy dla Pa\u0144stwa wysoki poziom naszych szkole\u0144.<\/p>\n<hr class=\"wp-block-separator has-alpha-channel-opacity\" \/>\n<a href=\"\/pl\/kostenlos-testen\/\" target=\"_self\" class=\" btn btn-primary\">Wypr\u00f3buj DigiDuck za darmo teraz<\/a>\n","protected":false},"excerpt":{"rendered":"<p>DLACZEGO DIGIDUCK? Skuteczne zarz\u0105dzanie wiedz\u0105 generuje wymierne wyniki Pracownicy to najcenniejszy kapita\u0142 Twojej firmy. Jednak\u017ce mog\u0105 oni wnie\u015b\u0107 pe\u0142ny wk\u0142ad w postaci swoich umiej\u0119tno\u015bci i talent\u00f3w tylko wtedy, gdy s\u0105 dobrze wyszkoleni i poinformowani. Jest to ma\u0142o mo\u017cliwe w przypadku kana\u0142\u00f3w tradycyjnych. Dzisiejsza komunikacja, tak\u017ce w transferze wiedzy, jest cyfrowa i &#8222;najpierw mobilna&#8221;. Poniewa\u017c Pa\u0144stwa [&hellip;]<\/p>\n","protected":false},"author":4,"featured_media":0,"parent":0,"menu_order":0,"comment_status":"closed","ping_status":"closed","template":"","meta":{"_acf_changed":false,"footnotes":""},"class_list":["post-5","page","type-page","status-publish","hentry"],"acf":[],"yoast_head":"<!-- This site is optimized with the Yoast SEO plugin v27.1.1 - https:\/\/yoast.com\/product\/yoast-seo-wordpress\/ -->\n<title>Dlaczego DigiDuck<\/title>\n<meta name=\"description\" content=\"DLACZEGO DIGIDUCK? Skuteczne zarz\u0105dzanie wiedz\u0105 generuje wymierne wyniki Pracownicy to najcenniejszy kapita\u0142 Twojej firmy. Jednak\u017ce mog\u0105 oni wnie\u015b\u0107 pe\u0142ny wk\u0142ad w postaci swoich umiej\u0119tno\u015bci i talent\u00f3w tylko wtedy, gdy s\u0105 dobrze wyszkoleni i poinformowani. Jest to ma\u0142o mo\u017cliwe w przypadku kana\u0142\u00f3w tradycyjnych. Dzisiejsza komunikacja, tak\u017ce w transferze wiedzy, jest cyfrowa i &quot;najpierw mobilna&quot;. Poniewa\u017c Pa\u0144stwa&hellip;\" \/>\n<meta name=\"robots\" content=\"index, follow, max-snippet:-1, max-image-preview:large, max-video-preview:-1\" \/>\n<link rel=\"canonical\" href=\"http:\/\/DLACZEGO%20DIGIDUCK?%20Skuteczne%20zarz\u0105dzanie%20wiedz\u0105%20generuje%20wymierne%20wyniki%20Pracownicy%20to%20najcenniejszy%20kapita\u0142%20Twojej%20firmy.%20Jednak\u017ce%20mog\u0105%20oni%20wnie\u015b\u0107%20pe\u0142ny%20wk\u0142ad%20w%20postaci%20swoich%20umiej\u0119tno\u015bci%20i%20talent\u00f3w%20tylko%20wtedy,%20gdy%20s\u0105%20dobrze%20wyszkoleni%20i%20poinformowani.%20Jest%20to%20ma\u0142o%20mo\u017cliwe%20w%20przypadku%20kana\u0142\u00f3w%20tradycyjnych.%20Dzisiejsza%20komunikacja,%20tak\u017ce%20w%20transferze%20wiedzy,%20jest%20cyfrowa%20i%20najpierw%20mobilna.%20Poniewa\u017c%20Pa\u0144stwa&hellip;\" \/>\n<meta property=\"og:locale\" content=\"pl_PL\" \/>\n<meta property=\"og:type\" content=\"article\" \/>\n<meta property=\"og:title\" content=\"Dlaczego DigiDuck\" \/>\n<meta property=\"og:description\" content=\"DLACZEGO DIGIDUCK? Skuteczne zarz\u0105dzanie wiedz\u0105 generuje wymierne wyniki Pracownicy to najcenniejszy kapita\u0142 Twojej firmy. Jednak\u017ce mog\u0105 oni wnie\u015b\u0107 pe\u0142ny wk\u0142ad w postaci swoich umiej\u0119tno\u015bci i talent\u00f3w tylko wtedy, gdy s\u0105 dobrze wyszkoleni i poinformowani. Jest to ma\u0142o mo\u017cliwe w przypadku kana\u0142\u00f3w tradycyjnych. Dzisiejsza komunikacja, tak\u017ce w transferze wiedzy, jest cyfrowa i &quot;najpierw mobilna&quot;. Poniewa\u017c Pa\u0144stwa&hellip;\" \/>\n<meta property=\"og:url\" content=\"https:\/\/www.digi-duck.com\/pl\/dlaczego-digiduck\/\" \/>\n<meta property=\"og:site_name\" content=\"DigiDuck\" \/>\n<meta property=\"article:publisher\" content=\"https:\/\/www.facebook.com\/profile.php?id=61558494354505\" \/>\n<meta property=\"article:modified_time\" content=\"2023-07-07T09:51:44+00:00\" \/>\n<meta name=\"twitter:card\" content=\"summary_large_image\" \/>\n<meta name=\"twitter:label1\" content=\"Szacowany czas czytania\" \/>\n\t<meta name=\"twitter:data1\" content=\"2 minuty\" \/>\n<script type=\"application\/ld+json\" class=\"yoast-schema-graph\">{\"@context\":\"https:\/\/schema.org\",\"@graph\":[{\"@type\":\"WebPage\",\"@id\":\"https:\/\/www.digi-duck.com\/pl\/dlaczego-digiduck\/\",\"url\":\"https:\/\/www.digi-duck.com\/pl\/dlaczego-digiduck\/\",\"name\":\"Effektives Wissens-Management generiert messbare Ergebnisse\",\"isPartOf\":{\"@id\":\"https:\/\/www.digi-duck.com\/#website\"},\"datePublished\":\"2022-07-06T17:49:08+00:00\",\"dateModified\":\"2023-07-07T09:51:44+00:00\",\"breadcrumb\":{\"@id\":\"https:\/\/www.digi-duck.com\/pl\/dlaczego-digiduck\/#breadcrumb\"},\"inLanguage\":\"pl-PL\",\"potentialAction\":[{\"@type\":\"ReadAction\",\"target\":[\"https:\/\/www.digi-duck.com\/pl\/dlaczego-digiduck\/\"]}]},{\"@type\":\"BreadcrumbList\",\"@id\":\"https:\/\/www.digi-duck.com\/pl\/dlaczego-digiduck\/#breadcrumb\",\"itemListElement\":[{\"@type\":\"ListItem\",\"position\":1,\"name\":\"Strona g\u0142\u00f3wna\",\"item\":\"https:\/\/www.digi-duck.com\/\"},{\"@type\":\"ListItem\",\"position\":2,\"name\":\"Dlaczego DigiDuck\"}]},{\"@type\":\"WebSite\",\"@id\":\"https:\/\/www.digi-duck.com\/pl\/#website\",\"url\":\"https:\/\/www.digi-duck.com\/pl\/\",\"name\":\"DigiDuck\",\"description\":\"Ihr digitaler Qualifikationspartner\",\"publisher\":{\"@id\":\"https:\/\/www.digi-duck.com\/pl\/#organization\"},\"potentialAction\":[{\"@type\":\"SearchAction\",\"target\":{\"@type\":\"EntryPoint\",\"urlTemplate\":\"https:\/\/www.digi-duck.com\/pl\/?s={search_term_string}\"},\"query-input\":{\"@type\":\"PropertyValueSpecification\",\"valueRequired\":true,\"valueName\":\"search_term_string\"}}],\"inLanguage\":\"pl-PL\"},{\"@type\":\"Organization\",\"@id\":\"https:\/\/www.digi-duck.com\/pl\/#organization\",\"name\":\"DigiDuck GmbH\",\"url\":\"https:\/\/www.digi-duck.com\/pl\/\",\"logo\":{\"@type\":\"ImageObject\",\"inLanguage\":\"pl-PL\",\"@id\":\"https:\/\/www.digi-duck.com\/pl\/#\/schema\/logo\/image\/\",\"url\":\"https:\/\/www.digi-duck.com\/wp-content\/uploads\/2024\/08\/DigiDuck_Logo_App_Colored.png\",\"contentUrl\":\"https:\/\/www.digi-duck.com\/wp-content\/uploads\/2024\/08\/DigiDuck_Logo_App_Colored.png\",\"width\":2000,\"height\":2000,\"caption\":\"DigiDuck GmbH\"},\"image\":{\"@id\":\"https:\/\/www.digi-duck.com\/pl\/#\/schema\/logo\/image\/\"},\"sameAs\":[\"https:\/\/www.facebook.com\/profile.php?id=61558494354505\",\"https:\/\/www.linkedin.com\/company\/digiduck-gmbh\",\"https:\/\/www.xing.com\/pages\/digiduck-gmbh\"]}]}<\/script>\n<!-- \/ Yoast SEO plugin. -->","yoast_head_json":{"title":"Dlaczego DigiDuck","description":"DLACZEGO DIGIDUCK? Skuteczne zarz\u0105dzanie wiedz\u0105 generuje wymierne wyniki Pracownicy to najcenniejszy kapita\u0142 Twojej firmy. Jednak\u017ce mog\u0105 oni wnie\u015b\u0107 pe\u0142ny wk\u0142ad w postaci swoich umiej\u0119tno\u015bci i talent\u00f3w tylko wtedy, gdy s\u0105 dobrze wyszkoleni i poinformowani. Jest to ma\u0142o mo\u017cliwe w przypadku kana\u0142\u00f3w tradycyjnych. Dzisiejsza komunikacja, tak\u017ce w transferze wiedzy, jest cyfrowa i \"najpierw mobilna\". Poniewa\u017c Pa\u0144stwa&hellip;","robots":{"index":"index","follow":"follow","max-snippet":"max-snippet:-1","max-image-preview":"max-image-preview:large","max-video-preview":"max-video-preview:-1"},"canonical":"DLACZEGO DIGIDUCK? Skuteczne zarz\u0105dzanie wiedz\u0105 generuje wymierne wyniki Pracownicy to najcenniejszy kapita\u0142 Twojej firmy. Jednak\u017ce mog\u0105 oni wnie\u015b\u0107 pe\u0142ny wk\u0142ad w postaci swoich umiej\u0119tno\u015bci i talent\u00f3w tylko wtedy, gdy s\u0105 dobrze wyszkoleni i poinformowani. Jest to ma\u0142o mo\u017cliwe w przypadku kana\u0142\u00f3w tradycyjnych. Dzisiejsza komunikacja, tak\u017ce w transferze wiedzy, jest cyfrowa i \"najpierw mobilna\". Poniewa\u017c Pa\u0144stwa&hellip;","og_locale":"pl_PL","og_type":"article","og_title":"Dlaczego DigiDuck","og_description":"DLACZEGO DIGIDUCK? Skuteczne zarz\u0105dzanie wiedz\u0105 generuje wymierne wyniki Pracownicy to najcenniejszy kapita\u0142 Twojej firmy. Jednak\u017ce mog\u0105 oni wnie\u015b\u0107 pe\u0142ny wk\u0142ad w postaci swoich umiej\u0119tno\u015bci i talent\u00f3w tylko wtedy, gdy s\u0105 dobrze wyszkoleni i poinformowani. Jest to ma\u0142o mo\u017cliwe w przypadku kana\u0142\u00f3w tradycyjnych. Dzisiejsza komunikacja, tak\u017ce w transferze wiedzy, jest cyfrowa i \"najpierw mobilna\". Poniewa\u017c Pa\u0144stwa&hellip;","og_url":"https:\/\/www.digi-duck.com\/pl\/dlaczego-digiduck\/","og_site_name":"DigiDuck","article_publisher":"https:\/\/www.facebook.com\/profile.php?id=61558494354505","article_modified_time":"2023-07-07T09:51:44+00:00","twitter_card":"summary_large_image","twitter_misc":{"Szacowany czas czytania":"2 minuty"},"schema":{"@context":"https:\/\/schema.org","@graph":[{"@type":"WebPage","@id":"https:\/\/www.digi-duck.com\/pl\/dlaczego-digiduck\/","url":"https:\/\/www.digi-duck.com\/pl\/dlaczego-digiduck\/","name":"Effektives Wissens-Management generiert messbare Ergebnisse","isPartOf":{"@id":"https:\/\/www.digi-duck.com\/#website"},"datePublished":"2022-07-06T17:49:08+00:00","dateModified":"2023-07-07T09:51:44+00:00","breadcrumb":{"@id":"https:\/\/www.digi-duck.com\/pl\/dlaczego-digiduck\/#breadcrumb"},"inLanguage":"pl-PL","potentialAction":[{"@type":"ReadAction","target":["https:\/\/www.digi-duck.com\/pl\/dlaczego-digiduck\/"]}]},{"@type":"BreadcrumbList","@id":"https:\/\/www.digi-duck.com\/pl\/dlaczego-digiduck\/#breadcrumb","itemListElement":[{"@type":"ListItem","position":1,"name":"Strona g\u0142\u00f3wna","item":"https:\/\/www.digi-duck.com\/"},{"@type":"ListItem","position":2,"name":"Dlaczego DigiDuck"}]},{"@type":"WebSite","@id":"https:\/\/www.digi-duck.com\/pl\/#website","url":"https:\/\/www.digi-duck.com\/pl\/","name":"DigiDuck","description":"Ihr digitaler Qualifikationspartner","publisher":{"@id":"https:\/\/www.digi-duck.com\/pl\/#organization"},"potentialAction":[{"@type":"SearchAction","target":{"@type":"EntryPoint","urlTemplate":"https:\/\/www.digi-duck.com\/pl\/?s={search_term_string}"},"query-input":{"@type":"PropertyValueSpecification","valueRequired":true,"valueName":"search_term_string"}}],"inLanguage":"pl-PL"},{"@type":"Organization","@id":"https:\/\/www.digi-duck.com\/pl\/#organization","name":"DigiDuck GmbH","url":"https:\/\/www.digi-duck.com\/pl\/","logo":{"@type":"ImageObject","inLanguage":"pl-PL","@id":"https:\/\/www.digi-duck.com\/pl\/#\/schema\/logo\/image\/","url":"https:\/\/www.digi-duck.com\/wp-content\/uploads\/2024\/08\/DigiDuck_Logo_App_Colored.png","contentUrl":"https:\/\/www.digi-duck.com\/wp-content\/uploads\/2024\/08\/DigiDuck_Logo_App_Colored.png","width":2000,"height":2000,"caption":"DigiDuck GmbH"},"image":{"@id":"https:\/\/www.digi-duck.com\/pl\/#\/schema\/logo\/image\/"},"sameAs":["https:\/\/www.facebook.com\/profile.php?id=61558494354505","https:\/\/www.linkedin.com\/company\/digiduck-gmbh","https:\/\/www.xing.com\/pages\/digiduck-gmbh"]}]}},"post_mailing_queue_ids":[],"_links":{"self":[{"href":"https:\/\/www.digi-duck.com\/pl\/wp-json\/wp\/v2\/pages\/5","targetHints":{"allow":["GET"]}}],"collection":[{"href":"https:\/\/www.digi-duck.com\/pl\/wp-json\/wp\/v2\/pages"}],"about":[{"href":"https:\/\/www.digi-duck.com\/pl\/wp-json\/wp\/v2\/types\/page"}],"author":[{"embeddable":true,"href":"https:\/\/www.digi-duck.com\/pl\/wp-json\/wp\/v2\/users\/4"}],"replies":[{"embeddable":true,"href":"https:\/\/www.digi-duck.com\/pl\/wp-json\/wp\/v2\/comments?post=5"}],"version-history":[{"count":5,"href":"https:\/\/www.digi-duck.com\/pl\/wp-json\/wp\/v2\/pages\/5\/revisions"}],"predecessor-version":[{"id":675,"href":"https:\/\/www.digi-duck.com\/pl\/wp-json\/wp\/v2\/pages\/5\/revisions\/675"}],"wp:attachment":[{"href":"https:\/\/www.digi-duck.com\/pl\/wp-json\/wp\/v2\/media?parent=5"}],"curies":[{"name":"wp","href":"https:\/\/api.w.org\/{rel}","templated":true}]}}