{"id":61,"date":"2022-07-23T08:05:58","date_gmt":"2022-07-23T06:05:58","guid":{"rendered":"https:\/\/www.digi-duck.com\/?page_id=61"},"modified":"2023-02-17T10:24:27","modified_gmt":"2023-02-17T09:24:27","slug":"kostenlos-testen","status":"publish","type":"page","link":"https:\/\/www.digi-duck.com\/pl\/badanie-bezplatne\/","title":{"rendered":"Badanie bezp\u0142atne"},"content":{"rendered":"<p>PRZETESTUJ DIGIDUCK TERAZ PRZEZ 30 DNI BEZ ZOBOWI\u0104ZA\u0143!<\/p>\n<hr class=\"wp-block-separator has-alpha-channel-opacity\" \/>\n<p>Skorzystaj z okazji i dowiedz si\u0119 wi\u0119cej o DigiDuck. Zapewnij sobie bezp\u0142atny dost\u0119p ju\u017c teraz. Ch\u0119tnie te\u017c damy Pa\u0144stwu mo\u017cliwo\u015b\u0107 odniesienia si\u0119 do Pa\u0144stwa indywidualnych \u017cycze\u0144 i pyta\u0144 podczas demonstracji na \u017cywo.<\/p>\n","protected":false},"excerpt":{"rendered":"<p>PRZETESTUJ DIGIDUCK TERAZ PRZEZ 30 DNI BEZ ZOBOWI\u0104ZA\u0143! Skorzystaj z okazji i dowiedz si\u0119 wi\u0119cej o DigiDuck. Zapewnij sobie bezp\u0142atny dost\u0119p ju\u017c teraz. Ch\u0119tnie te\u017c damy Pa\u0144stwu mo\u017cliwo\u015b\u0107 odniesienia si\u0119 do Pa\u0144stwa indywidualnych \u017cycze\u0144 i pyta\u0144 podczas demonstracji na \u017cywo.<\/p>\n","protected":false},"author":4,"featured_media":0,"parent":0,"menu_order":0,"comment_status":"closed","ping_status":"closed","template":"","meta":{"_acf_changed":false,"footnotes":""},"class_list":["post-61","page","type-page","status-publish","hentry"],"acf":[],"yoast_head":"<!-- This site is optimized with the Yoast SEO plugin v27.1.1 - https:\/\/yoast.com\/product\/yoast-seo-wordpress\/ -->\n<title>Badanie bezp\u0142atne<\/title>\n<meta name=\"description\" content=\"PRZETESTUJ DIGIDUCK TERAZ PRZEZ 30 DNI BEZ ZOBOWI\u0104ZA\u0143! Skorzystaj z okazji i dowiedz si\u0119 wi\u0119cej o DigiDuck. Zapewnij sobie bezp\u0142atny dost\u0119p ju\u017c teraz. Ch\u0119tnie te\u017c damy Pa\u0144stwu mo\u017cliwo\u015b\u0107 odniesienia si\u0119 do Pa\u0144stwa indywidualnych \u017cycze\u0144 i pyta\u0144 podczas demonstracji na \u017cywo.\" \/>\n<meta name=\"robots\" content=\"index, follow, max-snippet:-1, max-image-preview:large, max-video-preview:-1\" \/>\n<link rel=\"canonical\" href=\"http:\/\/PRZETESTUJ%20DIGIDUCK%20TERAZ%20PRZEZ%2030%20DNI%20BEZ%20ZOBOWI\u0104ZA\u0143!%20Skorzystaj%20z%20okazji%20i%20dowiedz%20si\u0119%20wi\u0119cej%20o%20DigiDuck.%20Zapewnij%20sobie%20bezp\u0142atny%20dost\u0119p%20ju\u017c%20teraz.%20Ch\u0119tnie%20te\u017c%20damy%20Pa\u0144stwu%20mo\u017cliwo\u015b\u0107%20odniesienia%20si\u0119%20do%20Pa\u0144stwa%20indywidualnych%20\u017cycze\u0144%20i%20pyta\u0144%20podczas%20demonstracji%20na%20\u017cywo.\" \/>\n<meta property=\"og:locale\" content=\"pl_PL\" \/>\n<meta property=\"og:type\" content=\"article\" \/>\n<meta property=\"og:title\" content=\"Badanie bezp\u0142atne\" \/>\n<meta property=\"og:description\" content=\"PRZETESTUJ DIGIDUCK TERAZ PRZEZ 30 DNI BEZ ZOBOWI\u0104ZA\u0143! Skorzystaj z okazji i dowiedz si\u0119 wi\u0119cej o DigiDuck. Zapewnij sobie bezp\u0142atny dost\u0119p ju\u017c teraz. Ch\u0119tnie te\u017c damy Pa\u0144stwu mo\u017cliwo\u015b\u0107 odniesienia si\u0119 do Pa\u0144stwa indywidualnych \u017cycze\u0144 i pyta\u0144 podczas demonstracji na \u017cywo.\" \/>\n<meta property=\"og:url\" content=\"https:\/\/www.digi-duck.com\/pl\/badanie-bezplatne\/\" \/>\n<meta property=\"og:site_name\" content=\"DigiDuck\" \/>\n<meta property=\"article:publisher\" content=\"https:\/\/www.facebook.com\/profile.php?id=61558494354505\" \/>\n<meta property=\"article:modified_time\" content=\"2023-02-17T09:24:27+00:00\" \/>\n<meta name=\"twitter:card\" content=\"summary_large_image\" \/>\n<meta name=\"twitter:label1\" content=\"Szacowany czas czytania\" \/>\n\t<meta name=\"twitter:data1\" content=\"1 minuta\" \/>\n<script type=\"application\/ld+json\" class=\"yoast-schema-graph\">{\"@context\":\"https:\/\/schema.org\",\"@graph\":[{\"@type\":\"WebPage\",\"@id\":\"https:\/\/www.digi-duck.com\/pl\/badanie-bezplatne\/\",\"url\":\"https:\/\/www.digi-duck.com\/pl\/badanie-bezplatne\/\",\"name\":\"Kostenlos testen - DigiDuck\",\"isPartOf\":{\"@id\":\"https:\/\/www.digi-duck.com\/#website\"},\"datePublished\":\"2022-07-23T06:05:58+00:00\",\"dateModified\":\"2023-02-17T09:24:27+00:00\",\"breadcrumb\":{\"@id\":\"https:\/\/www.digi-duck.com\/pl\/badanie-bezplatne\/#breadcrumb\"},\"inLanguage\":\"pl-PL\",\"potentialAction\":[{\"@type\":\"ReadAction\",\"target\":[\"https:\/\/www.digi-duck.com\/pl\/badanie-bezplatne\/\"]}]},{\"@type\":\"BreadcrumbList\",\"@id\":\"https:\/\/www.digi-duck.com\/pl\/badanie-bezplatne\/#breadcrumb\",\"itemListElement\":[{\"@type\":\"ListItem\",\"position\":1,\"name\":\"Strona g\u0142\u00f3wna\",\"item\":\"https:\/\/www.digi-duck.com\/\"},{\"@type\":\"ListItem\",\"position\":2,\"name\":\"Badanie bezp\u0142atne\"}]},{\"@type\":\"WebSite\",\"@id\":\"https:\/\/www.digi-duck.com\/pl\/#website\",\"url\":\"https:\/\/www.digi-duck.com\/pl\/\",\"name\":\"DigiDuck\",\"description\":\"Ihr digitaler Qualifikationspartner\",\"publisher\":{\"@id\":\"https:\/\/www.digi-duck.com\/pl\/#organization\"},\"potentialAction\":[{\"@type\":\"SearchAction\",\"target\":{\"@type\":\"EntryPoint\",\"urlTemplate\":\"https:\/\/www.digi-duck.com\/pl\/?s={search_term_string}\"},\"query-input\":{\"@type\":\"PropertyValueSpecification\",\"valueRequired\":true,\"valueName\":\"search_term_string\"}}],\"inLanguage\":\"pl-PL\"},{\"@type\":\"Organization\",\"@id\":\"https:\/\/www.digi-duck.com\/pl\/#organization\",\"name\":\"DigiDuck GmbH\",\"url\":\"https:\/\/www.digi-duck.com\/pl\/\",\"logo\":{\"@type\":\"ImageObject\",\"inLanguage\":\"pl-PL\",\"@id\":\"https:\/\/www.digi-duck.com\/pl\/#\/schema\/logo\/image\/\",\"url\":\"https:\/\/www.digi-duck.com\/wp-content\/uploads\/2024\/08\/DigiDuck_Logo_App_Colored.png\",\"contentUrl\":\"https:\/\/www.digi-duck.com\/wp-content\/uploads\/2024\/08\/DigiDuck_Logo_App_Colored.png\",\"width\":2000,\"height\":2000,\"caption\":\"DigiDuck GmbH\"},\"image\":{\"@id\":\"https:\/\/www.digi-duck.com\/pl\/#\/schema\/logo\/image\/\"},\"sameAs\":[\"https:\/\/www.facebook.com\/profile.php?id=61558494354505\",\"https:\/\/www.linkedin.com\/company\/digiduck-gmbh\",\"https:\/\/www.xing.com\/pages\/digiduck-gmbh\"]}]}<\/script>\n<!-- \/ Yoast SEO plugin. -->","yoast_head_json":{"title":"Badanie bezp\u0142atne","description":"PRZETESTUJ DIGIDUCK TERAZ PRZEZ 30 DNI BEZ ZOBOWI\u0104ZA\u0143! Skorzystaj z okazji i dowiedz si\u0119 wi\u0119cej o DigiDuck. Zapewnij sobie bezp\u0142atny dost\u0119p ju\u017c teraz. Ch\u0119tnie te\u017c damy Pa\u0144stwu mo\u017cliwo\u015b\u0107 odniesienia si\u0119 do Pa\u0144stwa indywidualnych \u017cycze\u0144 i pyta\u0144 podczas demonstracji na \u017cywo.","robots":{"index":"index","follow":"follow","max-snippet":"max-snippet:-1","max-image-preview":"max-image-preview:large","max-video-preview":"max-video-preview:-1"},"canonical":"PRZETESTUJ DIGIDUCK TERAZ PRZEZ 30 DNI BEZ ZOBOWI\u0104ZA\u0143! Skorzystaj z okazji i dowiedz si\u0119 wi\u0119cej o DigiDuck. Zapewnij sobie bezp\u0142atny dost\u0119p ju\u017c teraz. Ch\u0119tnie te\u017c damy Pa\u0144stwu mo\u017cliwo\u015b\u0107 odniesienia si\u0119 do Pa\u0144stwa indywidualnych \u017cycze\u0144 i pyta\u0144 podczas demonstracji na \u017cywo.","og_locale":"pl_PL","og_type":"article","og_title":"Badanie bezp\u0142atne","og_description":"PRZETESTUJ DIGIDUCK TERAZ PRZEZ 30 DNI BEZ ZOBOWI\u0104ZA\u0143! Skorzystaj z okazji i dowiedz si\u0119 wi\u0119cej o DigiDuck. Zapewnij sobie bezp\u0142atny dost\u0119p ju\u017c teraz. Ch\u0119tnie te\u017c damy Pa\u0144stwu mo\u017cliwo\u015b\u0107 odniesienia si\u0119 do Pa\u0144stwa indywidualnych \u017cycze\u0144 i pyta\u0144 podczas demonstracji na \u017cywo.","og_url":"https:\/\/www.digi-duck.com\/pl\/badanie-bezplatne\/","og_site_name":"DigiDuck","article_publisher":"https:\/\/www.facebook.com\/profile.php?id=61558494354505","article_modified_time":"2023-02-17T09:24:27+00:00","twitter_card":"summary_large_image","twitter_misc":{"Szacowany czas czytania":"1 minuta"},"schema":{"@context":"https:\/\/schema.org","@graph":[{"@type":"WebPage","@id":"https:\/\/www.digi-duck.com\/pl\/badanie-bezplatne\/","url":"https:\/\/www.digi-duck.com\/pl\/badanie-bezplatne\/","name":"Kostenlos testen - DigiDuck","isPartOf":{"@id":"https:\/\/www.digi-duck.com\/#website"},"datePublished":"2022-07-23T06:05:58+00:00","dateModified":"2023-02-17T09:24:27+00:00","breadcrumb":{"@id":"https:\/\/www.digi-duck.com\/pl\/badanie-bezplatne\/#breadcrumb"},"inLanguage":"pl-PL","potentialAction":[{"@type":"ReadAction","target":["https:\/\/www.digi-duck.com\/pl\/badanie-bezplatne\/"]}]},{"@type":"BreadcrumbList","@id":"https:\/\/www.digi-duck.com\/pl\/badanie-bezplatne\/#breadcrumb","itemListElement":[{"@type":"ListItem","position":1,"name":"Strona g\u0142\u00f3wna","item":"https:\/\/www.digi-duck.com\/"},{"@type":"ListItem","position":2,"name":"Badanie bezp\u0142atne"}]},{"@type":"WebSite","@id":"https:\/\/www.digi-duck.com\/pl\/#website","url":"https:\/\/www.digi-duck.com\/pl\/","name":"DigiDuck","description":"Ihr digitaler Qualifikationspartner","publisher":{"@id":"https:\/\/www.digi-duck.com\/pl\/#organization"},"potentialAction":[{"@type":"SearchAction","target":{"@type":"EntryPoint","urlTemplate":"https:\/\/www.digi-duck.com\/pl\/?s={search_term_string}"},"query-input":{"@type":"PropertyValueSpecification","valueRequired":true,"valueName":"search_term_string"}}],"inLanguage":"pl-PL"},{"@type":"Organization","@id":"https:\/\/www.digi-duck.com\/pl\/#organization","name":"DigiDuck GmbH","url":"https:\/\/www.digi-duck.com\/pl\/","logo":{"@type":"ImageObject","inLanguage":"pl-PL","@id":"https:\/\/www.digi-duck.com\/pl\/#\/schema\/logo\/image\/","url":"https:\/\/www.digi-duck.com\/wp-content\/uploads\/2024\/08\/DigiDuck_Logo_App_Colored.png","contentUrl":"https:\/\/www.digi-duck.com\/wp-content\/uploads\/2024\/08\/DigiDuck_Logo_App_Colored.png","width":2000,"height":2000,"caption":"DigiDuck GmbH"},"image":{"@id":"https:\/\/www.digi-duck.com\/pl\/#\/schema\/logo\/image\/"},"sameAs":["https:\/\/www.facebook.com\/profile.php?id=61558494354505","https:\/\/www.linkedin.com\/company\/digiduck-gmbh","https:\/\/www.xing.com\/pages\/digiduck-gmbh"]}]}},"post_mailing_queue_ids":[],"_links":{"self":[{"href":"https:\/\/www.digi-duck.com\/pl\/wp-json\/wp\/v2\/pages\/61","targetHints":{"allow":["GET"]}}],"collection":[{"href":"https:\/\/www.digi-duck.com\/pl\/wp-json\/wp\/v2\/pages"}],"about":[{"href":"https:\/\/www.digi-duck.com\/pl\/wp-json\/wp\/v2\/types\/page"}],"author":[{"embeddable":true,"href":"https:\/\/www.digi-duck.com\/pl\/wp-json\/wp\/v2\/users\/4"}],"replies":[{"embeddable":true,"href":"https:\/\/www.digi-duck.com\/pl\/wp-json\/wp\/v2\/comments?post=61"}],"version-history":[{"count":7,"href":"https:\/\/www.digi-duck.com\/pl\/wp-json\/wp\/v2\/pages\/61\/revisions"}],"predecessor-version":[{"id":728,"href":"https:\/\/www.digi-duck.com\/pl\/wp-json\/wp\/v2\/pages\/61\/revisions\/728"}],"wp:attachment":[{"href":"https:\/\/www.digi-duck.com\/pl\/wp-json\/wp\/v2\/media?parent=61"}],"curies":[{"name":"wp","href":"https:\/\/api.w.org\/{rel}","templated":true}]}}