{"id":63,"date":"2022-07-23T08:06:06","date_gmt":"2022-07-23T06:06:06","guid":{"rendered":"https:\/\/www.digi-duck.com\/?page_id=63"},"modified":"2023-02-01T12:18:12","modified_gmt":"2023-02-01T11:18:12","slug":"kraftfahrer","status":"publish","type":"page","link":"https:\/\/www.digi-duck.com\/pl\/kierowca\/","title":{"rendered":"Kierowca"},"content":{"rendered":"<p>DLA KIEROWC\u00d3W<\/p>\n<hr class=\"wp-block-separator has-alpha-channel-opacity\" \/>\n<p>W \u017cadnej innej dziedzinie instrukcje, szkolenia i obowi\u0105zki informacyjne nie s\u0105 tak wa\u017cne jak w przypadku kierowc\u00f3w. Ich du\u017ca odpowiedzialno\u015b\u0107 w ruchu drogowym sprawia, \u017ce profesjonalne szkolenia s\u0105 niezb\u0119dne.<\/p>\n<p>Do tego dochodz\u0105 wyzwania zwi\u0105zane z mobilno\u015bci\u0105 i r\u00f3\u017cnymi j\u0119zykami. Jaki jest najlepszy spos\u00f3b dotarcia do mobilnych pracownik\u00f3w i upewnienia si\u0119, \u017ce rozumiej\u0105 wszystkie informacje, nawet je\u015bli niemiecki nie jest ich j\u0119zykiem ojczystym?<\/p>\n<p>Szkolenie ich wszystkich w jednym j\u0119zyku w tym samym czasie w jednym miejscu jest prawie niemo\u017cliwe. Potrzebujesz wi\u0119c rozwi\u0105zania, kt\u00f3re jest dostosowane do indywidualnych potrzeb Twoich mobilnych pracownik\u00f3w.<\/p>\n<p>Tym w\u0142a\u015bnie jest DigiDuck. Poniewa\u017c dzi\u0119ki naszej aplikacji Pa\u0144stwa mobilni pracownicy maj\u0105 mo\u017cliwo\u015b\u0107 w ka\u017cdej chwili, w czasie wolnym od pracy, otrzymywa\u0107 instrukcje, przeprowadza\u0107 testy lub otrzymywa\u0107 wa\u017cne informacje za po\u015brednictwem smartfon\u00f3w lub tablet\u00f3w. A wkr\u00f3tce nawet wtedy, gdy nie ma zasi\u0119gu internetu. I to w najlepszym wypadku w ich ojczystym j\u0119zyku.<\/p>\n<hr class=\"wp-block-separator has-alpha-channel-opacity\" \/>\n<p>Skorzystaj z okazji ju\u017c teraz i przetestuj DigiDuck. Dotrzyj do wszystkich swoich pracownik\u00f3w dok\u0142adnie tam, gdzie s\u0105.<\/p>\n<hr class=\"wp-block-separator has-alpha-channel-opacity\" \/>\n<a href=\"\/pl\/kostenlos-testen\/\" target=\"_self\" class=\"btn-white-full btn btn-primary\">Przetestuj DigiDuck teraz za darmo<\/a>\n","protected":false},"excerpt":{"rendered":"<p>DLA KIEROWC\u00d3W W \u017cadnej innej dziedzinie instrukcje, szkolenia i obowi\u0105zki informacyjne nie s\u0105 tak wa\u017cne jak w przypadku kierowc\u00f3w. Ich du\u017ca odpowiedzialno\u015b\u0107 w ruchu drogowym sprawia, \u017ce profesjonalne szkolenia s\u0105 niezb\u0119dne. Do tego dochodz\u0105 wyzwania zwi\u0105zane z mobilno\u015bci\u0105 i r\u00f3\u017cnymi j\u0119zykami. Jaki jest najlepszy spos\u00f3b dotarcia do mobilnych pracownik\u00f3w i upewnienia si\u0119, \u017ce rozumiej\u0105 wszystkie [&hellip;]<\/p>\n","protected":false},"author":4,"featured_media":0,"parent":0,"menu_order":0,"comment_status":"closed","ping_status":"closed","template":"","meta":{"_acf_changed":false,"footnotes":""},"class_list":["post-63","page","type-page","status-publish","hentry"],"acf":[],"yoast_head":"<!-- This site is optimized with the Yoast SEO plugin v27.1.1 - https:\/\/yoast.com\/product\/yoast-seo-wordpress\/ -->\n<title>Kierowca<\/title>\n<meta name=\"description\" content=\"DLA KIEROWC\u00d3W W \u017cadnej innej dziedzinie instrukcje, szkolenia i obowi\u0105zki informacyjne nie s\u0105 tak wa\u017cne jak w przypadku kierowc\u00f3w. Ich du\u017ca odpowiedzialno\u015b\u0107 w ruchu drogowym sprawia, \u017ce profesjonalne szkolenia s\u0105 niezb\u0119dne. Do tego dochodz\u0105 wyzwania zwi\u0105zane z mobilno\u015bci\u0105 i r\u00f3\u017cnymi j\u0119zykami. Jaki jest najlepszy spos\u00f3b dotarcia do mobilnych pracownik\u00f3w i upewnienia si\u0119, \u017ce rozumiej\u0105 wszystkie&hellip;\" \/>\n<meta name=\"robots\" content=\"index, follow, max-snippet:-1, max-image-preview:large, max-video-preview:-1\" \/>\n<link rel=\"canonical\" href=\"http:\/\/DLA%20KIEROWC\u00d3W%20W%20\u017cadnej%20innej%20dziedzinie%20instrukcje,%20szkolenia%20i%20obowi\u0105zki%20informacyjne%20nie%20s\u0105%20tak%20wa\u017cne%20jak%20w%20przypadku%20kierowc\u00f3w.%20Ich%20du\u017ca%20odpowiedzialno\u015b\u0107%20w%20ruchu%20drogowym%20sprawia,%20\u017ce%20profesjonalne%20szkolenia%20s\u0105%20niezb\u0119dne.%20Do%20tego%20dochodz\u0105%20wyzwania%20zwi\u0105zane%20z%20mobilno\u015bci\u0105%20i%20r\u00f3\u017cnymi%20j\u0119zykami.%20Jaki%20jest%20najlepszy%20spos\u00f3b%20dotarcia%20do%20mobilnych%20pracownik\u00f3w%20i%20upewnienia%20si\u0119,%20\u017ce%20rozumiej\u0105%20wszystkie&hellip;\" \/>\n<meta property=\"og:locale\" content=\"pl_PL\" \/>\n<meta property=\"og:type\" content=\"article\" \/>\n<meta property=\"og:title\" content=\"Kierowca\" \/>\n<meta property=\"og:description\" content=\"DLA KIEROWC\u00d3W W \u017cadnej innej dziedzinie instrukcje, szkolenia i obowi\u0105zki informacyjne nie s\u0105 tak wa\u017cne jak w przypadku kierowc\u00f3w. Ich du\u017ca odpowiedzialno\u015b\u0107 w ruchu drogowym sprawia, \u017ce profesjonalne szkolenia s\u0105 niezb\u0119dne. Do tego dochodz\u0105 wyzwania zwi\u0105zane z mobilno\u015bci\u0105 i r\u00f3\u017cnymi j\u0119zykami. Jaki jest najlepszy spos\u00f3b dotarcia do mobilnych pracownik\u00f3w i upewnienia si\u0119, \u017ce rozumiej\u0105 wszystkie&hellip;\" \/>\n<meta property=\"og:url\" content=\"https:\/\/www.digi-duck.com\/pl\/kierowca\/\" \/>\n<meta property=\"og:site_name\" content=\"DigiDuck\" \/>\n<meta property=\"article:publisher\" content=\"https:\/\/www.facebook.com\/profile.php?id=61558494354505\" \/>\n<meta property=\"article:modified_time\" content=\"2023-02-01T11:18:12+00:00\" \/>\n<meta name=\"twitter:card\" content=\"summary_large_image\" \/>\n<meta name=\"twitter:label1\" content=\"Szacowany czas czytania\" \/>\n\t<meta name=\"twitter:data1\" content=\"1 minuta\" \/>\n<script type=\"application\/ld+json\" class=\"yoast-schema-graph\">{\"@context\":\"https:\/\/schema.org\",\"@graph\":[{\"@type\":\"WebPage\",\"@id\":\"https:\/\/www.digi-duck.com\/pl\/kierowca\/\",\"url\":\"https:\/\/www.digi-duck.com\/pl\/kierowca\/\",\"name\":\"Kraftfahrer - DigiDuck\",\"isPartOf\":{\"@id\":\"https:\/\/www.digi-duck.com\/#website\"},\"datePublished\":\"2022-07-23T06:06:06+00:00\",\"dateModified\":\"2023-02-01T11:18:12+00:00\",\"breadcrumb\":{\"@id\":\"https:\/\/www.digi-duck.com\/pl\/kierowca\/#breadcrumb\"},\"inLanguage\":\"pl-PL\",\"potentialAction\":[{\"@type\":\"ReadAction\",\"target\":[\"https:\/\/www.digi-duck.com\/pl\/kierowca\/\"]}]},{\"@type\":\"BreadcrumbList\",\"@id\":\"https:\/\/www.digi-duck.com\/pl\/kierowca\/#breadcrumb\",\"itemListElement\":[{\"@type\":\"ListItem\",\"position\":1,\"name\":\"Strona g\u0142\u00f3wna\",\"item\":\"https:\/\/www.digi-duck.com\/\"},{\"@type\":\"ListItem\",\"position\":2,\"name\":\"Kierowca\"}]},{\"@type\":\"WebSite\",\"@id\":\"https:\/\/www.digi-duck.com\/pl\/#website\",\"url\":\"https:\/\/www.digi-duck.com\/pl\/\",\"name\":\"DigiDuck\",\"description\":\"Ihr digitaler Qualifikationspartner\",\"publisher\":{\"@id\":\"https:\/\/www.digi-duck.com\/pl\/#organization\"},\"potentialAction\":[{\"@type\":\"SearchAction\",\"target\":{\"@type\":\"EntryPoint\",\"urlTemplate\":\"https:\/\/www.digi-duck.com\/pl\/?s={search_term_string}\"},\"query-input\":{\"@type\":\"PropertyValueSpecification\",\"valueRequired\":true,\"valueName\":\"search_term_string\"}}],\"inLanguage\":\"pl-PL\"},{\"@type\":\"Organization\",\"@id\":\"https:\/\/www.digi-duck.com\/pl\/#organization\",\"name\":\"DigiDuck GmbH\",\"url\":\"https:\/\/www.digi-duck.com\/pl\/\",\"logo\":{\"@type\":\"ImageObject\",\"inLanguage\":\"pl-PL\",\"@id\":\"https:\/\/www.digi-duck.com\/pl\/#\/schema\/logo\/image\/\",\"url\":\"https:\/\/www.digi-duck.com\/wp-content\/uploads\/2024\/08\/DigiDuck_Logo_App_Colored.png\",\"contentUrl\":\"https:\/\/www.digi-duck.com\/wp-content\/uploads\/2024\/08\/DigiDuck_Logo_App_Colored.png\",\"width\":2000,\"height\":2000,\"caption\":\"DigiDuck GmbH\"},\"image\":{\"@id\":\"https:\/\/www.digi-duck.com\/pl\/#\/schema\/logo\/image\/\"},\"sameAs\":[\"https:\/\/www.facebook.com\/profile.php?id=61558494354505\",\"https:\/\/www.linkedin.com\/company\/digiduck-gmbh\",\"https:\/\/www.xing.com\/pages\/digiduck-gmbh\"]}]}<\/script>\n<!-- \/ Yoast SEO plugin. -->","yoast_head_json":{"title":"Kierowca","description":"DLA KIEROWC\u00d3W W \u017cadnej innej dziedzinie instrukcje, szkolenia i obowi\u0105zki informacyjne nie s\u0105 tak wa\u017cne jak w przypadku kierowc\u00f3w. Ich du\u017ca odpowiedzialno\u015b\u0107 w ruchu drogowym sprawia, \u017ce profesjonalne szkolenia s\u0105 niezb\u0119dne. Do tego dochodz\u0105 wyzwania zwi\u0105zane z mobilno\u015bci\u0105 i r\u00f3\u017cnymi j\u0119zykami. Jaki jest najlepszy spos\u00f3b dotarcia do mobilnych pracownik\u00f3w i upewnienia si\u0119, \u017ce rozumiej\u0105 wszystkie&hellip;","robots":{"index":"index","follow":"follow","max-snippet":"max-snippet:-1","max-image-preview":"max-image-preview:large","max-video-preview":"max-video-preview:-1"},"canonical":"DLA KIEROWC\u00d3W W \u017cadnej innej dziedzinie instrukcje, szkolenia i obowi\u0105zki informacyjne nie s\u0105 tak wa\u017cne jak w przypadku kierowc\u00f3w. Ich du\u017ca odpowiedzialno\u015b\u0107 w ruchu drogowym sprawia, \u017ce profesjonalne szkolenia s\u0105 niezb\u0119dne. Do tego dochodz\u0105 wyzwania zwi\u0105zane z mobilno\u015bci\u0105 i r\u00f3\u017cnymi j\u0119zykami. Jaki jest najlepszy spos\u00f3b dotarcia do mobilnych pracownik\u00f3w i upewnienia si\u0119, \u017ce rozumiej\u0105 wszystkie&hellip;","og_locale":"pl_PL","og_type":"article","og_title":"Kierowca","og_description":"DLA KIEROWC\u00d3W W \u017cadnej innej dziedzinie instrukcje, szkolenia i obowi\u0105zki informacyjne nie s\u0105 tak wa\u017cne jak w przypadku kierowc\u00f3w. Ich du\u017ca odpowiedzialno\u015b\u0107 w ruchu drogowym sprawia, \u017ce profesjonalne szkolenia s\u0105 niezb\u0119dne. Do tego dochodz\u0105 wyzwania zwi\u0105zane z mobilno\u015bci\u0105 i r\u00f3\u017cnymi j\u0119zykami. Jaki jest najlepszy spos\u00f3b dotarcia do mobilnych pracownik\u00f3w i upewnienia si\u0119, \u017ce rozumiej\u0105 wszystkie&hellip;","og_url":"https:\/\/www.digi-duck.com\/pl\/kierowca\/","og_site_name":"DigiDuck","article_publisher":"https:\/\/www.facebook.com\/profile.php?id=61558494354505","article_modified_time":"2023-02-01T11:18:12+00:00","twitter_card":"summary_large_image","twitter_misc":{"Szacowany czas czytania":"1 minuta"},"schema":{"@context":"https:\/\/schema.org","@graph":[{"@type":"WebPage","@id":"https:\/\/www.digi-duck.com\/pl\/kierowca\/","url":"https:\/\/www.digi-duck.com\/pl\/kierowca\/","name":"Kraftfahrer - DigiDuck","isPartOf":{"@id":"https:\/\/www.digi-duck.com\/#website"},"datePublished":"2022-07-23T06:06:06+00:00","dateModified":"2023-02-01T11:18:12+00:00","breadcrumb":{"@id":"https:\/\/www.digi-duck.com\/pl\/kierowca\/#breadcrumb"},"inLanguage":"pl-PL","potentialAction":[{"@type":"ReadAction","target":["https:\/\/www.digi-duck.com\/pl\/kierowca\/"]}]},{"@type":"BreadcrumbList","@id":"https:\/\/www.digi-duck.com\/pl\/kierowca\/#breadcrumb","itemListElement":[{"@type":"ListItem","position":1,"name":"Strona g\u0142\u00f3wna","item":"https:\/\/www.digi-duck.com\/"},{"@type":"ListItem","position":2,"name":"Kierowca"}]},{"@type":"WebSite","@id":"https:\/\/www.digi-duck.com\/pl\/#website","url":"https:\/\/www.digi-duck.com\/pl\/","name":"DigiDuck","description":"Ihr digitaler Qualifikationspartner","publisher":{"@id":"https:\/\/www.digi-duck.com\/pl\/#organization"},"potentialAction":[{"@type":"SearchAction","target":{"@type":"EntryPoint","urlTemplate":"https:\/\/www.digi-duck.com\/pl\/?s={search_term_string}"},"query-input":{"@type":"PropertyValueSpecification","valueRequired":true,"valueName":"search_term_string"}}],"inLanguage":"pl-PL"},{"@type":"Organization","@id":"https:\/\/www.digi-duck.com\/pl\/#organization","name":"DigiDuck GmbH","url":"https:\/\/www.digi-duck.com\/pl\/","logo":{"@type":"ImageObject","inLanguage":"pl-PL","@id":"https:\/\/www.digi-duck.com\/pl\/#\/schema\/logo\/image\/","url":"https:\/\/www.digi-duck.com\/wp-content\/uploads\/2024\/08\/DigiDuck_Logo_App_Colored.png","contentUrl":"https:\/\/www.digi-duck.com\/wp-content\/uploads\/2024\/08\/DigiDuck_Logo_App_Colored.png","width":2000,"height":2000,"caption":"DigiDuck GmbH"},"image":{"@id":"https:\/\/www.digi-duck.com\/pl\/#\/schema\/logo\/image\/"},"sameAs":["https:\/\/www.facebook.com\/profile.php?id=61558494354505","https:\/\/www.linkedin.com\/company\/digiduck-gmbh","https:\/\/www.xing.com\/pages\/digiduck-gmbh"]}]}},"post_mailing_queue_ids":[],"_links":{"self":[{"href":"https:\/\/www.digi-duck.com\/pl\/wp-json\/wp\/v2\/pages\/63","targetHints":{"allow":["GET"]}}],"collection":[{"href":"https:\/\/www.digi-duck.com\/pl\/wp-json\/wp\/v2\/pages"}],"about":[{"href":"https:\/\/www.digi-duck.com\/pl\/wp-json\/wp\/v2\/types\/page"}],"author":[{"embeddable":true,"href":"https:\/\/www.digi-duck.com\/pl\/wp-json\/wp\/v2\/users\/4"}],"replies":[{"embeddable":true,"href":"https:\/\/www.digi-duck.com\/pl\/wp-json\/wp\/v2\/comments?post=63"}],"version-history":[{"count":4,"href":"https:\/\/www.digi-duck.com\/pl\/wp-json\/wp\/v2\/pages\/63\/revisions"}],"predecessor-version":[{"id":680,"href":"https:\/\/www.digi-duck.com\/pl\/wp-json\/wp\/v2\/pages\/63\/revisions\/680"}],"wp:attachment":[{"href":"https:\/\/www.digi-duck.com\/pl\/wp-json\/wp\/v2\/media?parent=63"}],"curies":[{"name":"wp","href":"https:\/\/api.w.org\/{rel}","templated":true}]}}