{"id":65,"date":"2022-07-23T08:06:14","date_gmt":"2022-07-23T06:06:14","guid":{"rendered":"https:\/\/www.digi-duck.com\/?page_id=65"},"modified":"2024-07-01T08:02:17","modified_gmt":"2024-07-01T06:02:17","slug":"kurskatalog","status":"publish","type":"page","link":"https:\/\/www.digi-duck.com\/pl\/kurskatalog\/","title":{"rendered":"Katalog kurs\u00f3w"},"content":{"rendered":"<p>JEDNA PLATFORMA, W KT\u00d3REJ ZINTEGRUJESZ WSZYSTKIE SZKOLENIA I INSTRUKCJE!<\/p>\n<hr class=\"wp-block-separator has-alpha-channel-opacity\">\n<p>Zar\u00f3wno istniej\u0105ce szkolenia i instrukcje, jak i indywidualne tre\u015bci dla Pa\u0144stwa firmy. Nasza platforma DigiDuck oferuje Ci szeroki wachlarz mo\u017cliwo\u015bci. Tutaj znajdziesz aktualny przegl\u0105d materia\u0142\u00f3w szkoleniowych, kt\u00f3re wyprodukowali\u015bmy dla Ciebie od kwietnia 2022 roku. Obecnie z du\u017cym zaanga\u017cowaniem i know-how rozbudowujemy ten obszar. Oczywi\u015bcie od samego pocz\u0105tku wieloj\u0119zyczne i bez barier.<\/p>\n<p>Nie znalaz\u0142e\u015b poszukiwanego szkolenia lub instrukcji lub brakuje Ci wariantu j\u0119zykowego? Nie ma problemu. Wystarczy przes\u0142a\u0107 nam swoje sugestie. By\u0107 mo\u017ce obecnie pracujemy nad dok\u0142adnie takim szkoleniem, jakiego oczekujesz lub planujemy w najbli\u017cszym czasie. Z przyjemno\u015bci\u0105 poinformujemy Pa\u0144stwa o tym fakcie.<\/p>\n<hr class=\"wp-block-separator has-alpha-channel-opacity\">\n<a href=\"\/pl\/kontakt\/\" target=\"_self\" class=\" btn btn-primary\">Start training enquiry now<\/a>\n<hr class=\"wp-block-separator has-alpha-channel-opacity\">\n<p>PRZEGL\u0104D MATERIA\u0141\u00d3W SZKOLENIOWYCH<\/p>\n<hr class=\"wp-block-separator has-alpha-channel-opacity\">\n<p>Zacznij od razu, bez \u017cadnego wysi\u0142ku!<\/p>\n<hr class=\"wp-block-separator has-alpha-channel-opacity\">\n<p>Kolejne szkolenia i instrukta\u017ce s\u0105 ju\u017c realizowane: <a href=\"https:\/\/www.digi-duck.com\/digiduck_blog\/gefahrgut-schulung-im-unternehmen\/\">towary niebezpieczne<\/a> wg ADR 1.3 Tank, zabezpieczenie \u0142adunku, kontrola wyjazdu, ochrona danych, HACCP, baterie litowe, drabiny i stopnie, ha\u0142as, ochrona sk\u00f3ry, u\u017cytkowanie samochod\u00f3w s\u0142u\u017cbowych, w\u00f3zk\u00f3w przemys\u0142owych i wiele innych.<\/p>\n<hr class=\"wp-block-separator has-alpha-channel-opacity\">\n<a href=\"\/pl\/kontakt\/\" target=\"_self\" class=\" text-decoration-underline\">Prosz\u0119 pyta\u0107.pl<\/a>\n","protected":false},"excerpt":{"rendered":"<p>JEDNA PLATFORMA, W KT\u00d3REJ ZINTEGRUJESZ WSZYSTKIE SZKOLENIA I INSTRUKCJE! Zar\u00f3wno istniej\u0105ce szkolenia i instrukcje, jak i indywidualne tre\u015bci dla Pa\u0144stwa firmy. Nasza platforma DigiDuck oferuje Ci szeroki wachlarz mo\u017cliwo\u015bci. Tutaj znajdziesz aktualny przegl\u0105d materia\u0142\u00f3w szkoleniowych, kt\u00f3re wyprodukowali\u015bmy dla Ciebie od kwietnia 2022 roku. Obecnie z du\u017cym zaanga\u017cowaniem i know-how rozbudowujemy ten obszar. Oczywi\u015bcie od samego [&hellip;]<\/p>\n","protected":false},"author":4,"featured_media":0,"parent":0,"menu_order":0,"comment_status":"closed","ping_status":"closed","template":"","meta":{"_acf_changed":false,"footnotes":""},"class_list":["post-65","page","type-page","status-publish","hentry"],"acf":[],"yoast_head":"<!-- This site is optimized with the Yoast SEO plugin v27.1.1 - https:\/\/yoast.com\/product\/yoast-seo-wordpress\/ -->\n<title>Katalog kurs\u00f3w<\/title>\n<meta name=\"description\" content=\"JEDNA PLATFORMA, W KT\u00d3REJ ZINTEGRUJESZ WSZYSTKIE SZKOLENIA I INSTRUKCJE! Zar\u00f3wno istniej\u0105ce szkolenia i instrukcje, jak i indywidualne tre\u015bci dla Pa\u0144stwa firmy. Nasza platforma DigiDuck oferuje Ci szeroki wachlarz mo\u017cliwo\u015bci. Tutaj znajdziesz aktualny przegl\u0105d materia\u0142\u00f3w szkoleniowych, kt\u00f3re wyprodukowali\u015bmy dla Ciebie od kwietnia 2022 roku. Obecnie z du\u017cym zaanga\u017cowaniem i know-how rozbudowujemy ten obszar. Oczywi\u015bcie od samego&hellip;\" \/>\n<meta name=\"robots\" content=\"index, follow, max-snippet:-1, max-image-preview:large, max-video-preview:-1\" \/>\n<link rel=\"canonical\" href=\"http:\/\/JEDNA%20PLATFORMA,%20W%20KT\u00d3REJ%20ZINTEGRUJESZ%20WSZYSTKIE%20SZKOLENIA%20I%20INSTRUKCJE!%20Zar\u00f3wno%20istniej\u0105ce%20szkolenia%20i%20instrukcje,%20jak%20i%20indywidualne%20tre\u015bci%20dla%20Pa\u0144stwa%20firmy.%20Nasza%20platforma%20DigiDuck%20oferuje%20Ci%20szeroki%20wachlarz%20mo\u017cliwo\u015bci.%20Tutaj%20znajdziesz%20aktualny%20przegl\u0105d%20materia\u0142\u00f3w%20szkoleniowych,%20kt\u00f3re%20wyprodukowali\u015bmy%20dla%20Ciebie%20od%20kwietnia%202022%20roku.%20Obecnie%20z%20du\u017cym%20zaanga\u017cowaniem%20i%20know-how%20rozbudowujemy%20ten%20obszar.%20Oczywi\u015bcie%20od%20samego&hellip;\" \/>\n<meta property=\"og:locale\" content=\"pl_PL\" \/>\n<meta property=\"og:type\" content=\"article\" \/>\n<meta property=\"og:title\" content=\"Katalog kurs\u00f3w\" \/>\n<meta property=\"og:description\" content=\"JEDNA PLATFORMA, W KT\u00d3REJ ZINTEGRUJESZ WSZYSTKIE SZKOLENIA I INSTRUKCJE! Zar\u00f3wno istniej\u0105ce szkolenia i instrukcje, jak i indywidualne tre\u015bci dla Pa\u0144stwa firmy. Nasza platforma DigiDuck oferuje Ci szeroki wachlarz mo\u017cliwo\u015bci. Tutaj znajdziesz aktualny przegl\u0105d materia\u0142\u00f3w szkoleniowych, kt\u00f3re wyprodukowali\u015bmy dla Ciebie od kwietnia 2022 roku. Obecnie z du\u017cym zaanga\u017cowaniem i know-how rozbudowujemy ten obszar. Oczywi\u015bcie od samego&hellip;\" \/>\n<meta property=\"og:url\" content=\"https:\/\/www.digi-duck.com\/pl\/kurskatalog\/\" \/>\n<meta property=\"og:site_name\" content=\"DigiDuck\" \/>\n<meta property=\"article:publisher\" content=\"https:\/\/www.facebook.com\/profile.php?id=61558494354505\" \/>\n<meta property=\"article:modified_time\" content=\"2024-07-01T06:02:17+00:00\" \/>\n<meta name=\"twitter:card\" content=\"summary_large_image\" \/>\n<meta name=\"twitter:label1\" content=\"Szacowany czas czytania\" \/>\n\t<meta name=\"twitter:data1\" content=\"1 minuta\" \/>\n<script type=\"application\/ld+json\" class=\"yoast-schema-graph\">{\"@context\":\"https:\/\/schema.org\",\"@graph\":[{\"@type\":\"WebPage\",\"@id\":\"https:\/\/www.digi-duck.com\/pl\/kurskatalog\/\",\"url\":\"https:\/\/www.digi-duck.com\/pl\/kurskatalog\/\",\"name\":\"DigiDuck \u2013 \u00dcbersicht von Schulungen & Unterweisungen\",\"isPartOf\":{\"@id\":\"https:\/\/www.digi-duck.com\/#website\"},\"datePublished\":\"2022-07-23T06:06:14+00:00\",\"dateModified\":\"2024-07-01T06:02:17+00:00\",\"breadcrumb\":{\"@id\":\"https:\/\/www.digi-duck.com\/pl\/kurskatalog\/#breadcrumb\"},\"inLanguage\":\"pl-PL\",\"potentialAction\":[{\"@type\":\"ReadAction\",\"target\":[\"https:\/\/www.digi-duck.com\/pl\/kurskatalog\/\"]}]},{\"@type\":\"BreadcrumbList\",\"@id\":\"https:\/\/www.digi-duck.com\/pl\/kurskatalog\/#breadcrumb\",\"itemListElement\":[{\"@type\":\"ListItem\",\"position\":1,\"name\":\"Strona g\u0142\u00f3wna\",\"item\":\"https:\/\/www.digi-duck.com\/\"},{\"@type\":\"ListItem\",\"position\":2,\"name\":\"Katalog kurs\u00f3w\"}]},{\"@type\":\"WebSite\",\"@id\":\"https:\/\/www.digi-duck.com\/pl\/#website\",\"url\":\"https:\/\/www.digi-duck.com\/pl\/\",\"name\":\"DigiDuck\",\"description\":\"Ihr digitaler Qualifikationspartner\",\"publisher\":{\"@id\":\"https:\/\/www.digi-duck.com\/pl\/#organization\"},\"potentialAction\":[{\"@type\":\"SearchAction\",\"target\":{\"@type\":\"EntryPoint\",\"urlTemplate\":\"https:\/\/www.digi-duck.com\/pl\/?s={search_term_string}\"},\"query-input\":{\"@type\":\"PropertyValueSpecification\",\"valueRequired\":true,\"valueName\":\"search_term_string\"}}],\"inLanguage\":\"pl-PL\"},{\"@type\":\"Organization\",\"@id\":\"https:\/\/www.digi-duck.com\/pl\/#organization\",\"name\":\"DigiDuck GmbH\",\"url\":\"https:\/\/www.digi-duck.com\/pl\/\",\"logo\":{\"@type\":\"ImageObject\",\"inLanguage\":\"pl-PL\",\"@id\":\"https:\/\/www.digi-duck.com\/pl\/#\/schema\/logo\/image\/\",\"url\":\"https:\/\/www.digi-duck.com\/wp-content\/uploads\/2024\/08\/DigiDuck_Logo_App_Colored.png\",\"contentUrl\":\"https:\/\/www.digi-duck.com\/wp-content\/uploads\/2024\/08\/DigiDuck_Logo_App_Colored.png\",\"width\":2000,\"height\":2000,\"caption\":\"DigiDuck GmbH\"},\"image\":{\"@id\":\"https:\/\/www.digi-duck.com\/pl\/#\/schema\/logo\/image\/\"},\"sameAs\":[\"https:\/\/www.facebook.com\/profile.php?id=61558494354505\",\"https:\/\/www.linkedin.com\/company\/digiduck-gmbh\",\"https:\/\/www.xing.com\/pages\/digiduck-gmbh\"]}]}<\/script>\n<!-- \/ Yoast SEO plugin. -->","yoast_head_json":{"title":"Katalog kurs\u00f3w","description":"JEDNA PLATFORMA, W KT\u00d3REJ ZINTEGRUJESZ WSZYSTKIE SZKOLENIA I INSTRUKCJE! Zar\u00f3wno istniej\u0105ce szkolenia i instrukcje, jak i indywidualne tre\u015bci dla Pa\u0144stwa firmy. Nasza platforma DigiDuck oferuje Ci szeroki wachlarz mo\u017cliwo\u015bci. Tutaj znajdziesz aktualny przegl\u0105d materia\u0142\u00f3w szkoleniowych, kt\u00f3re wyprodukowali\u015bmy dla Ciebie od kwietnia 2022 roku. Obecnie z du\u017cym zaanga\u017cowaniem i know-how rozbudowujemy ten obszar. Oczywi\u015bcie od samego&hellip;","robots":{"index":"index","follow":"follow","max-snippet":"max-snippet:-1","max-image-preview":"max-image-preview:large","max-video-preview":"max-video-preview:-1"},"canonical":"JEDNA PLATFORMA, W KT\u00d3REJ ZINTEGRUJESZ WSZYSTKIE SZKOLENIA I INSTRUKCJE! Zar\u00f3wno istniej\u0105ce szkolenia i instrukcje, jak i indywidualne tre\u015bci dla Pa\u0144stwa firmy. Nasza platforma DigiDuck oferuje Ci szeroki wachlarz mo\u017cliwo\u015bci. Tutaj znajdziesz aktualny przegl\u0105d materia\u0142\u00f3w szkoleniowych, kt\u00f3re wyprodukowali\u015bmy dla Ciebie od kwietnia 2022 roku. Obecnie z du\u017cym zaanga\u017cowaniem i know-how rozbudowujemy ten obszar. Oczywi\u015bcie od samego&hellip;","og_locale":"pl_PL","og_type":"article","og_title":"Katalog kurs\u00f3w","og_description":"JEDNA PLATFORMA, W KT\u00d3REJ ZINTEGRUJESZ WSZYSTKIE SZKOLENIA I INSTRUKCJE! Zar\u00f3wno istniej\u0105ce szkolenia i instrukcje, jak i indywidualne tre\u015bci dla Pa\u0144stwa firmy. Nasza platforma DigiDuck oferuje Ci szeroki wachlarz mo\u017cliwo\u015bci. Tutaj znajdziesz aktualny przegl\u0105d materia\u0142\u00f3w szkoleniowych, kt\u00f3re wyprodukowali\u015bmy dla Ciebie od kwietnia 2022 roku. Obecnie z du\u017cym zaanga\u017cowaniem i know-how rozbudowujemy ten obszar. Oczywi\u015bcie od samego&hellip;","og_url":"https:\/\/www.digi-duck.com\/pl\/kurskatalog\/","og_site_name":"DigiDuck","article_publisher":"https:\/\/www.facebook.com\/profile.php?id=61558494354505","article_modified_time":"2024-07-01T06:02:17+00:00","twitter_card":"summary_large_image","twitter_misc":{"Szacowany czas czytania":"1 minuta"},"schema":{"@context":"https:\/\/schema.org","@graph":[{"@type":"WebPage","@id":"https:\/\/www.digi-duck.com\/pl\/kurskatalog\/","url":"https:\/\/www.digi-duck.com\/pl\/kurskatalog\/","name":"DigiDuck \u2013 \u00dcbersicht von Schulungen & Unterweisungen","isPartOf":{"@id":"https:\/\/www.digi-duck.com\/#website"},"datePublished":"2022-07-23T06:06:14+00:00","dateModified":"2024-07-01T06:02:17+00:00","breadcrumb":{"@id":"https:\/\/www.digi-duck.com\/pl\/kurskatalog\/#breadcrumb"},"inLanguage":"pl-PL","potentialAction":[{"@type":"ReadAction","target":["https:\/\/www.digi-duck.com\/pl\/kurskatalog\/"]}]},{"@type":"BreadcrumbList","@id":"https:\/\/www.digi-duck.com\/pl\/kurskatalog\/#breadcrumb","itemListElement":[{"@type":"ListItem","position":1,"name":"Strona g\u0142\u00f3wna","item":"https:\/\/www.digi-duck.com\/"},{"@type":"ListItem","position":2,"name":"Katalog kurs\u00f3w"}]},{"@type":"WebSite","@id":"https:\/\/www.digi-duck.com\/pl\/#website","url":"https:\/\/www.digi-duck.com\/pl\/","name":"DigiDuck","description":"Ihr digitaler Qualifikationspartner","publisher":{"@id":"https:\/\/www.digi-duck.com\/pl\/#organization"},"potentialAction":[{"@type":"SearchAction","target":{"@type":"EntryPoint","urlTemplate":"https:\/\/www.digi-duck.com\/pl\/?s={search_term_string}"},"query-input":{"@type":"PropertyValueSpecification","valueRequired":true,"valueName":"search_term_string"}}],"inLanguage":"pl-PL"},{"@type":"Organization","@id":"https:\/\/www.digi-duck.com\/pl\/#organization","name":"DigiDuck GmbH","url":"https:\/\/www.digi-duck.com\/pl\/","logo":{"@type":"ImageObject","inLanguage":"pl-PL","@id":"https:\/\/www.digi-duck.com\/pl\/#\/schema\/logo\/image\/","url":"https:\/\/www.digi-duck.com\/wp-content\/uploads\/2024\/08\/DigiDuck_Logo_App_Colored.png","contentUrl":"https:\/\/www.digi-duck.com\/wp-content\/uploads\/2024\/08\/DigiDuck_Logo_App_Colored.png","width":2000,"height":2000,"caption":"DigiDuck GmbH"},"image":{"@id":"https:\/\/www.digi-duck.com\/pl\/#\/schema\/logo\/image\/"},"sameAs":["https:\/\/www.facebook.com\/profile.php?id=61558494354505","https:\/\/www.linkedin.com\/company\/digiduck-gmbh","https:\/\/www.xing.com\/pages\/digiduck-gmbh"]}]}},"post_mailing_queue_ids":[],"_links":{"self":[{"href":"https:\/\/www.digi-duck.com\/pl\/wp-json\/wp\/v2\/pages\/65","targetHints":{"allow":["GET"]}}],"collection":[{"href":"https:\/\/www.digi-duck.com\/pl\/wp-json\/wp\/v2\/pages"}],"about":[{"href":"https:\/\/www.digi-duck.com\/pl\/wp-json\/wp\/v2\/types\/page"}],"author":[{"embeddable":true,"href":"https:\/\/www.digi-duck.com\/pl\/wp-json\/wp\/v2\/users\/4"}],"replies":[{"embeddable":true,"href":"https:\/\/www.digi-duck.com\/pl\/wp-json\/wp\/v2\/comments?post=65"}],"version-history":[{"count":13,"href":"https:\/\/www.digi-duck.com\/pl\/wp-json\/wp\/v2\/pages\/65\/revisions"}],"predecessor-version":[{"id":888,"href":"https:\/\/www.digi-duck.com\/pl\/wp-json\/wp\/v2\/pages\/65\/revisions\/888"}],"wp:attachment":[{"href":"https:\/\/www.digi-duck.com\/pl\/wp-json\/wp\/v2\/media?parent=65"}],"curies":[{"name":"wp","href":"https:\/\/api.w.org\/{rel}","templated":true}]}}