{"id":77,"date":"2022-07-23T10:42:27","date_gmt":"2022-07-23T08:42:27","guid":{"rendered":"https:\/\/www.digi-duck.com\/?page_id=77"},"modified":"2023-07-07T11:46:32","modified_gmt":"2023-07-07T09:46:32","slug":"mitarbeiter-app","status":"publish","type":"page","link":"https:\/\/www.digi-duck.com\/pl\/mitarbeiter-app\/","title":{"rendered":"Aplikacja dla pracownik\u00f3w"},"content":{"rendered":"<p>DOTRZYJ DO WSZYSTKICH SWOICH PRACOWNIK\u00d3W SZYBCIEJ I \u0141ATWIEJ NI\u017b KIEDYKOLWIEK WCZE\u015aNIEJ!<\/p>\n<hr class=\"wp-block-separator has-alpha-channel-opacity\">\n<p>Dzi\u0119ki aplikacji DigiDuck dla systemu Android w Google Playstore wszyscy Pa\u0144stwa pracownicy maj\u0105 mo\u017cliwo\u015b\u0107 szybkiego i \u0142atwego pobrania zaplanowanych szkole\u0144 i dokument\u00f3w na w\u0142asne smartfony. Nie potrzebujesz do tego firmowego adresu e-mail, a ka\u017cdy ma smartfona.<\/p>\n<p>Us\u0142uga Push daje mo\u017cliwo\u015b\u0107 wysy\u0142ania do pracownik\u00f3w ukierunkowanych wiadomo\u015bci w kr\u00f3tkim czasie. Ka\u017cdy ma sw\u00f3j smartfon w zasi\u0119gu r\u0119ki i mo\u017cna przetworzy\u0107 wiadomo\u015b\u0107 natychmiast.<\/p>\n<p>A je\u015bli Tw\u00f3j pracownik ma czas, ale odbi\u00f3r internetu jest s\u0142aby? Nie ma problemu. Ca\u0142a zawarto\u015b\u0107 systemu zarz\u0105dzania informacjami mo\u017ce by\u0107 zapisana lokalnie. Mo\u017cesz wi\u0119c czyta\u0107 swoje dokumenty w trybie offline. Wkr\u00f3tce tak\u017ce szkolenia. Przy nast\u0119pnym odbiorze internetu z naszymi serwerami wyniki s\u0105 synchronizowane. To w\u0142a\u015bnie nazywamy optymalnym zarz\u0105dzaniem czasem.<\/p>\n<hr class=\"wp-block-separator has-alpha-channel-opacity\">\n<p>Zaprojektuj swoje rozwi\u0105zanie DigiDuck z mark\u0105 i tre\u015bci\u0105, ch\u0119tnie z naszym wsparciem.<\/p>\n<hr class=\"wp-block-separator has-alpha-channel-opacity\">\n<p>Pracownicy pobieraj\u0105 aplikacj\u0119 z Playstore i loguj\u0105 si\u0119.<\/p>\n<hr class=\"wp-block-separator has-alpha-channel-opacity\">\n<p>Pracownicy nie potrzebuj\u0105 szkolenia i mog\u0105 natychmiast rozpocz\u0105\u0107 prac\u0119.<\/p>\n","protected":false},"excerpt":{"rendered":"<p>DOTRZYJ DO WSZYSTKICH SWOICH PRACOWNIK\u00d3W SZYBCIEJ I \u0141ATWIEJ NI\u017b KIEDYKOLWIEK WCZE\u015aNIEJ! Dzi\u0119ki aplikacji DigiDuck dla systemu Android w Google Playstore wszyscy Pa\u0144stwa pracownicy maj\u0105 mo\u017cliwo\u015b\u0107 szybkiego i \u0142atwego pobrania zaplanowanych szkole\u0144 i dokument\u00f3w na w\u0142asne smartfony. Nie potrzebujesz do tego firmowego adresu e-mail, a ka\u017cdy ma smartfona. Us\u0142uga Push daje mo\u017cliwo\u015b\u0107 wysy\u0142ania do pracownik\u00f3w ukierunkowanych [&hellip;]<\/p>\n","protected":false},"author":4,"featured_media":0,"parent":0,"menu_order":0,"comment_status":"closed","ping_status":"closed","template":"","meta":{"_acf_changed":false,"footnotes":""},"class_list":["post-77","page","type-page","status-publish","hentry"],"acf":[],"yoast_head":"<!-- This site is optimized with the Yoast SEO plugin v27.1.1 - https:\/\/yoast.com\/product\/yoast-seo-wordpress\/ -->\n<title>Aplikacja dla pracownik\u00f3w<\/title>\n<meta name=\"description\" content=\"DOTRZYJ DO WSZYSTKICH SWOICH PRACOWNIK\u00d3W SZYBCIEJ I \u0141ATWIEJ NI\u017b KIEDYKOLWIEK WCZE\u015aNIEJ! Dzi\u0119ki aplikacji DigiDuck dla systemu Android w Google Playstore wszyscy Pa\u0144stwa pracownicy maj\u0105 mo\u017cliwo\u015b\u0107 szybkiego i \u0142atwego pobrania zaplanowanych szkole\u0144 i dokument\u00f3w na w\u0142asne smartfony. Nie potrzebujesz do tego firmowego adresu e-mail, a ka\u017cdy ma smartfona. Us\u0142uga Push daje mo\u017cliwo\u015b\u0107 wysy\u0142ania do pracownik\u00f3w ukierunkowanych&hellip;\" \/>\n<meta name=\"robots\" content=\"index, follow, max-snippet:-1, max-image-preview:large, max-video-preview:-1\" \/>\n<link rel=\"canonical\" href=\"http:\/\/DOTRZYJ%20DO%20WSZYSTKICH%20SWOICH%20PRACOWNIK\u00d3W%20SZYBCIEJ%20I%20\u0141ATWIEJ%20NI\u017b%20KIEDYKOLWIEK%20WCZE\u015aNIEJ!%20Dzi\u0119ki%20aplikacji%20DigiDuck%20dla%20systemu%20Android%20w%20Google%20Playstore%20wszyscy%20Pa\u0144stwa%20pracownicy%20maj\u0105%20mo\u017cliwo\u015b\u0107%20szybkiego%20i%20\u0142atwego%20pobrania%20zaplanowanych%20szkole\u0144%20i%20dokument\u00f3w%20na%20w\u0142asne%20smartfony.%20Nie%20potrzebujesz%20do%20tego%20firmowego%20adresu%20e-mail,%20a%20ka\u017cdy%20ma%20smartfona.%20Us\u0142uga%20Push%20daje%20mo\u017cliwo\u015b\u0107%20wysy\u0142ania%20do%20pracownik\u00f3w%20ukierunkowanych&hellip;\" \/>\n<meta property=\"og:locale\" content=\"pl_PL\" \/>\n<meta property=\"og:type\" content=\"article\" \/>\n<meta property=\"og:title\" content=\"Aplikacja dla pracownik\u00f3w\" \/>\n<meta property=\"og:description\" content=\"DOTRZYJ DO WSZYSTKICH SWOICH PRACOWNIK\u00d3W SZYBCIEJ I \u0141ATWIEJ NI\u017b KIEDYKOLWIEK WCZE\u015aNIEJ! Dzi\u0119ki aplikacji DigiDuck dla systemu Android w Google Playstore wszyscy Pa\u0144stwa pracownicy maj\u0105 mo\u017cliwo\u015b\u0107 szybkiego i \u0142atwego pobrania zaplanowanych szkole\u0144 i dokument\u00f3w na w\u0142asne smartfony. Nie potrzebujesz do tego firmowego adresu e-mail, a ka\u017cdy ma smartfona. Us\u0142uga Push daje mo\u017cliwo\u015b\u0107 wysy\u0142ania do pracownik\u00f3w ukierunkowanych&hellip;\" \/>\n<meta property=\"og:url\" content=\"https:\/\/www.digi-duck.com\/pl\/mitarbeiter-app\/\" \/>\n<meta property=\"og:site_name\" content=\"DigiDuck\" \/>\n<meta property=\"article:publisher\" content=\"https:\/\/www.facebook.com\/profile.php?id=61558494354505\" \/>\n<meta property=\"article:modified_time\" content=\"2023-07-07T09:46:32+00:00\" \/>\n<meta name=\"twitter:card\" content=\"summary_large_image\" \/>\n<meta name=\"twitter:label1\" content=\"Szacowany czas czytania\" \/>\n\t<meta name=\"twitter:data1\" content=\"1 minuta\" \/>\n<script type=\"application\/ld+json\" class=\"yoast-schema-graph\">{\"@context\":\"https:\/\/schema.org\",\"@graph\":[{\"@type\":\"WebPage\",\"@id\":\"https:\/\/www.digi-duck.com\/pl\/mitarbeiter-app\/\",\"url\":\"https:\/\/www.digi-duck.com\/pl\/mitarbeiter-app\/\",\"name\":\"Mitarbeiter - App: Mitarbeiter schneller & einfacher erreichen\",\"isPartOf\":{\"@id\":\"https:\/\/www.digi-duck.com\/#website\"},\"datePublished\":\"2022-07-23T08:42:27+00:00\",\"dateModified\":\"2023-07-07T09:46:32+00:00\",\"breadcrumb\":{\"@id\":\"https:\/\/www.digi-duck.com\/pl\/mitarbeiter-app\/#breadcrumb\"},\"inLanguage\":\"pl-PL\",\"potentialAction\":[{\"@type\":\"ReadAction\",\"target\":[\"https:\/\/www.digi-duck.com\/pl\/mitarbeiter-app\/\"]}]},{\"@type\":\"BreadcrumbList\",\"@id\":\"https:\/\/www.digi-duck.com\/pl\/mitarbeiter-app\/#breadcrumb\",\"itemListElement\":[{\"@type\":\"ListItem\",\"position\":1,\"name\":\"Strona g\u0142\u00f3wna\",\"item\":\"https:\/\/www.digi-duck.com\/\"},{\"@type\":\"ListItem\",\"position\":2,\"name\":\"Aplikacja dla pracownik\u00f3w\"}]},{\"@type\":\"WebSite\",\"@id\":\"https:\/\/www.digi-duck.com\/pl\/#website\",\"url\":\"https:\/\/www.digi-duck.com\/pl\/\",\"name\":\"DigiDuck\",\"description\":\"Ihr digitaler Qualifikationspartner\",\"publisher\":{\"@id\":\"https:\/\/www.digi-duck.com\/pl\/#organization\"},\"potentialAction\":[{\"@type\":\"SearchAction\",\"target\":{\"@type\":\"EntryPoint\",\"urlTemplate\":\"https:\/\/www.digi-duck.com\/pl\/?s={search_term_string}\"},\"query-input\":{\"@type\":\"PropertyValueSpecification\",\"valueRequired\":true,\"valueName\":\"search_term_string\"}}],\"inLanguage\":\"pl-PL\"},{\"@type\":\"Organization\",\"@id\":\"https:\/\/www.digi-duck.com\/pl\/#organization\",\"name\":\"DigiDuck GmbH\",\"url\":\"https:\/\/www.digi-duck.com\/pl\/\",\"logo\":{\"@type\":\"ImageObject\",\"inLanguage\":\"pl-PL\",\"@id\":\"https:\/\/www.digi-duck.com\/pl\/#\/schema\/logo\/image\/\",\"url\":\"https:\/\/www.digi-duck.com\/wp-content\/uploads\/2024\/08\/DigiDuck_Logo_App_Colored.png\",\"contentUrl\":\"https:\/\/www.digi-duck.com\/wp-content\/uploads\/2024\/08\/DigiDuck_Logo_App_Colored.png\",\"width\":2000,\"height\":2000,\"caption\":\"DigiDuck GmbH\"},\"image\":{\"@id\":\"https:\/\/www.digi-duck.com\/pl\/#\/schema\/logo\/image\/\"},\"sameAs\":[\"https:\/\/www.facebook.com\/profile.php?id=61558494354505\",\"https:\/\/www.linkedin.com\/company\/digiduck-gmbh\",\"https:\/\/www.xing.com\/pages\/digiduck-gmbh\"]}]}<\/script>\n<!-- \/ Yoast SEO plugin. -->","yoast_head_json":{"title":"Aplikacja dla pracownik\u00f3w","description":"DOTRZYJ DO WSZYSTKICH SWOICH PRACOWNIK\u00d3W SZYBCIEJ I \u0141ATWIEJ NI\u017b KIEDYKOLWIEK WCZE\u015aNIEJ! Dzi\u0119ki aplikacji DigiDuck dla systemu Android w Google Playstore wszyscy Pa\u0144stwa pracownicy maj\u0105 mo\u017cliwo\u015b\u0107 szybkiego i \u0142atwego pobrania zaplanowanych szkole\u0144 i dokument\u00f3w na w\u0142asne smartfony. Nie potrzebujesz do tego firmowego adresu e-mail, a ka\u017cdy ma smartfona. Us\u0142uga Push daje mo\u017cliwo\u015b\u0107 wysy\u0142ania do pracownik\u00f3w ukierunkowanych&hellip;","robots":{"index":"index","follow":"follow","max-snippet":"max-snippet:-1","max-image-preview":"max-image-preview:large","max-video-preview":"max-video-preview:-1"},"canonical":"DOTRZYJ DO WSZYSTKICH SWOICH PRACOWNIK\u00d3W SZYBCIEJ I \u0141ATWIEJ NI\u017b KIEDYKOLWIEK WCZE\u015aNIEJ! Dzi\u0119ki aplikacji DigiDuck dla systemu Android w Google Playstore wszyscy Pa\u0144stwa pracownicy maj\u0105 mo\u017cliwo\u015b\u0107 szybkiego i \u0142atwego pobrania zaplanowanych szkole\u0144 i dokument\u00f3w na w\u0142asne smartfony. Nie potrzebujesz do tego firmowego adresu e-mail, a ka\u017cdy ma smartfona. Us\u0142uga Push daje mo\u017cliwo\u015b\u0107 wysy\u0142ania do pracownik\u00f3w ukierunkowanych&hellip;","og_locale":"pl_PL","og_type":"article","og_title":"Aplikacja dla pracownik\u00f3w","og_description":"DOTRZYJ DO WSZYSTKICH SWOICH PRACOWNIK\u00d3W SZYBCIEJ I \u0141ATWIEJ NI\u017b KIEDYKOLWIEK WCZE\u015aNIEJ! Dzi\u0119ki aplikacji DigiDuck dla systemu Android w Google Playstore wszyscy Pa\u0144stwa pracownicy maj\u0105 mo\u017cliwo\u015b\u0107 szybkiego i \u0142atwego pobrania zaplanowanych szkole\u0144 i dokument\u00f3w na w\u0142asne smartfony. Nie potrzebujesz do tego firmowego adresu e-mail, a ka\u017cdy ma smartfona. Us\u0142uga Push daje mo\u017cliwo\u015b\u0107 wysy\u0142ania do pracownik\u00f3w ukierunkowanych&hellip;","og_url":"https:\/\/www.digi-duck.com\/pl\/mitarbeiter-app\/","og_site_name":"DigiDuck","article_publisher":"https:\/\/www.facebook.com\/profile.php?id=61558494354505","article_modified_time":"2023-07-07T09:46:32+00:00","twitter_card":"summary_large_image","twitter_misc":{"Szacowany czas czytania":"1 minuta"},"schema":{"@context":"https:\/\/schema.org","@graph":[{"@type":"WebPage","@id":"https:\/\/www.digi-duck.com\/pl\/mitarbeiter-app\/","url":"https:\/\/www.digi-duck.com\/pl\/mitarbeiter-app\/","name":"Mitarbeiter - App: Mitarbeiter schneller & einfacher erreichen","isPartOf":{"@id":"https:\/\/www.digi-duck.com\/#website"},"datePublished":"2022-07-23T08:42:27+00:00","dateModified":"2023-07-07T09:46:32+00:00","breadcrumb":{"@id":"https:\/\/www.digi-duck.com\/pl\/mitarbeiter-app\/#breadcrumb"},"inLanguage":"pl-PL","potentialAction":[{"@type":"ReadAction","target":["https:\/\/www.digi-duck.com\/pl\/mitarbeiter-app\/"]}]},{"@type":"BreadcrumbList","@id":"https:\/\/www.digi-duck.com\/pl\/mitarbeiter-app\/#breadcrumb","itemListElement":[{"@type":"ListItem","position":1,"name":"Strona g\u0142\u00f3wna","item":"https:\/\/www.digi-duck.com\/"},{"@type":"ListItem","position":2,"name":"Aplikacja dla pracownik\u00f3w"}]},{"@type":"WebSite","@id":"https:\/\/www.digi-duck.com\/pl\/#website","url":"https:\/\/www.digi-duck.com\/pl\/","name":"DigiDuck","description":"Ihr digitaler Qualifikationspartner","publisher":{"@id":"https:\/\/www.digi-duck.com\/pl\/#organization"},"potentialAction":[{"@type":"SearchAction","target":{"@type":"EntryPoint","urlTemplate":"https:\/\/www.digi-duck.com\/pl\/?s={search_term_string}"},"query-input":{"@type":"PropertyValueSpecification","valueRequired":true,"valueName":"search_term_string"}}],"inLanguage":"pl-PL"},{"@type":"Organization","@id":"https:\/\/www.digi-duck.com\/pl\/#organization","name":"DigiDuck GmbH","url":"https:\/\/www.digi-duck.com\/pl\/","logo":{"@type":"ImageObject","inLanguage":"pl-PL","@id":"https:\/\/www.digi-duck.com\/pl\/#\/schema\/logo\/image\/","url":"https:\/\/www.digi-duck.com\/wp-content\/uploads\/2024\/08\/DigiDuck_Logo_App_Colored.png","contentUrl":"https:\/\/www.digi-duck.com\/wp-content\/uploads\/2024\/08\/DigiDuck_Logo_App_Colored.png","width":2000,"height":2000,"caption":"DigiDuck GmbH"},"image":{"@id":"https:\/\/www.digi-duck.com\/pl\/#\/schema\/logo\/image\/"},"sameAs":["https:\/\/www.facebook.com\/profile.php?id=61558494354505","https:\/\/www.linkedin.com\/company\/digiduck-gmbh","https:\/\/www.xing.com\/pages\/digiduck-gmbh"]}]}},"post_mailing_queue_ids":[],"_links":{"self":[{"href":"https:\/\/www.digi-duck.com\/pl\/wp-json\/wp\/v2\/pages\/77","targetHints":{"allow":["GET"]}}],"collection":[{"href":"https:\/\/www.digi-duck.com\/pl\/wp-json\/wp\/v2\/pages"}],"about":[{"href":"https:\/\/www.digi-duck.com\/pl\/wp-json\/wp\/v2\/types\/page"}],"author":[{"embeddable":true,"href":"https:\/\/www.digi-duck.com\/pl\/wp-json\/wp\/v2\/users\/4"}],"replies":[{"embeddable":true,"href":"https:\/\/www.digi-duck.com\/pl\/wp-json\/wp\/v2\/comments?post=77"}],"version-history":[{"count":3,"href":"https:\/\/www.digi-duck.com\/pl\/wp-json\/wp\/v2\/pages\/77\/revisions"}],"predecessor-version":[{"id":408,"href":"https:\/\/www.digi-duck.com\/pl\/wp-json\/wp\/v2\/pages\/77\/revisions\/408"}],"wp:attachment":[{"href":"https:\/\/www.digi-duck.com\/pl\/wp-json\/wp\/v2\/media?parent=77"}],"curies":[{"name":"wp","href":"https:\/\/api.w.org\/{rel}","templated":true}]}}