{"id":94,"date":"2022-07-24T12:13:48","date_gmt":"2022-07-24T10:13:48","guid":{"rendered":"https:\/\/www.digi-duck.com\/?page_id=94"},"modified":"2023-07-07T11:47:22","modified_gmt":"2023-07-07T09:47:22","slug":"so-funktioniert-es","status":"publish","type":"page","link":"https:\/\/www.digi-duck.com\/pl\/so-funktioniert-es\/","title":{"rendered":"Jak to dzia\u0142a"},"content":{"rendered":"\n<p>SO LEICHT IST DIE EINF\u00dcHRUNG VON DIGIDUCK!<\/p>\n\n\n\n<hr class=\"wp-block-separator has-alpha-channel-opacity\"\/>\n\n\n\n<p>Jetzt kostenlos Testen und mit DigiDuck gleich starten. Sie werden \u00fcberrascht sein, wie schnell sich Ihre eigene DigiDuck-Plattform realisieren l\u00e4sst:<\/p>\n\n\n\n<hr class=\"wp-block-separator has-alpha-channel-opacity\"\/>\n\n\n\n<p>Sie haben sich f\u00fcr DigiDuck entschieden. Herzlichen Gl\u00fcckwunsch, wir freuen uns auf Sie und Ihre Mitarbeiter.<\/p>\n\n\n\n<hr class=\"wp-block-separator has-alpha-channel-opacity\"\/>\n\n\n\n<p>Wenn Sie es w\u00fcnschen, unterst\u00fctzen wir Sie bei der Einrichtung Ihrer DigiDuck-Plattform. Wenn Sie bereits Schulungsinhalte oder Dokumente in einem anderen System haben, helfen wir beim Umzug der Informationen.<\/p>\n\n\n\n<hr class=\"wp-block-separator has-alpha-channel-opacity\"\/>\n\n\n\n<p>Es werden Ihr Logo sowie Organisations- und Mitarbeiterdaten im System angelegt und Sie w\u00e4hlen aus, welche Schulungen und Unterweisungen Sie Ihren Mitarbeitern anbieten m\u00f6chten. Dann laden Sie die Mitarbeiter zu Ihrer DigiDuck-Plattform ein. Schon kann es losgehen.<\/p>\n\n\n\n<hr class=\"wp-block-separator has-alpha-channel-opacity\"\/>\n\n\n\n<p>Selbstverst\u00e4ndlich steht Ihnen und Ihren Mitarbeitern unser Premium Support zur Verf\u00fcgung und beantwortet Ihre Fragen.<\/p>\n\n\n\n<hr class=\"wp-block-separator has-alpha-channel-opacity\"\/>\n\n\n\n<p>PERS\u00d6NLICHER ANSPRECHPARTNER<\/p>\n\n\n\n<hr class=\"wp-block-separator has-alpha-channel-opacity\"\/>\n\n\n\n<p>Nat\u00fcrlich unterst\u00fctzen wir Sie beim Einsatz von DigiDuck. Ob technische, methodische oder didaktische Fragen, unser Supportteam ist gerne f\u00fcr Sie da und hilft Ihnen. Im Rahmen unseres Premium-Supports steht Ihnen zudem ein pers\u00f6nlicher Ansprechpartner zur Seite.<\/p>\n\n\n\n<hr class=\"wp-block-separator has-alpha-channel-opacity\"\/>\n\n\n\n<p>CONCIERGE SERVICE<\/p>\n\n\n\n<hr class=\"wp-block-separator has-alpha-channel-opacity\"\/>\n\n\n\n<p>Wenn Sie neben unseren Schulungen und Unterweisungen auch <a href=\"https:\/\/www.digi-duck.com\/eigene-inhalte-publizieren\/\">eigene Inhalte publizieren<\/a> wollen oder bereits Material haben, dann k\u00f6nnen Sie unseren Concierge Service optional dazubuchen. Die Zusammenarbeit mit unserem Concierge Service funktioniert ganz leicht, denn Sie senden uns die Inhalte (PDFs, Videos, etc.) zu, die wir in den Kurs aufnehmen sollen und unsere Experten erstellen die <a href=\"https:\/\/www.digi-duck.com\/kurskatalog\/\">Kurse<\/a> f\u00fcr Sie. Mit unserem Concierge Service profitieren Sie daher vom didaktischen Know-How unserer Experten so wie von einem beschleunigten Start.<\/p>\n\n\n\n<hr class=\"wp-block-separator has-alpha-channel-opacity\"\/>\n\n\n\n<p>WECHSELSERVICE<\/p>\n\n\n\n<hr class=\"wp-block-separator has-alpha-channel-opacity\"\/>\n\n\n\n<p>Sie haben bereits Schulungsinhalte oder Dokumente in einer anderen Plattform oder Ihrem Intranet gespeichert? Kein Problem! Im Rahmen unseres Wechselservice helfen wir Ihnen dabei, Ihre bereits bestehenden Inhalte und Informationen in Ihre DigiDuck-Plattform zu \u00fcbertragen.<\/p>\n\n\n\n<hr class=\"wp-block-separator has-alpha-channel-opacity\"\/>\n\n\n\n<p>Noch Fragen offengeblieben? In unseren FAQ finden Sie Antworten zu Fragen, die bereits von anderen Nutzern gestellt wurden. Sollten Sie die Antwort auf Ihre Frage hier nicht finden, dann senden Sie uns eine Nachricht. <br>Wir helfen Ihnen gerne weiter!<\/p>\n\n\n\n<hr class=\"wp-block-separator has-alpha-channel-opacity\"\/>\n\n\n<a href=\"\/pl\/faq\/\" target=\"_self\" class=\" btn btn-primary\">Zu den FAQs<\/a>\n\n\n\n<hr class=\"wp-block-separator has-alpha-channel-opacity\"\/>\n\n\n\n<p>DIGIDUCK JETZT KOSTENLOS TESTEN!<\/p>\n\n\n\n<hr class=\"wp-block-separator has-alpha-channel-opacity\"\/>\n\n\n\n<p>\u00dcberzeugen Sie sich von DigiDuck als dem idealen Partner f\u00fcr E-Learning und Info-Management. Registrieren Sie sich unverbindlich f\u00fcr Ihre 30 Tage kostenlose Testversion und erm\u00f6glichen Sie Ihren Mitarbeitern neues Wissen zu erlangen, zu jeder Zeit und mit Freude!<\/p>\n\n\n\n<hr class=\"wp-block-separator has-alpha-channel-opacity\"\/>\n\n\n<a href=\"\/pl\/kostenlos-testen\/\" target=\"_self\" class=\"btn-white-full btn btn-primary\">Jetzt kostenlos testen!<\/a>\n","protected":false},"excerpt":{"rendered":"<p>SO LEICHT IST DIE EINF\u00dcHRUNG VON DIGIDUCK! Jetzt kostenlos Testen und mit DigiDuck gleich starten. Sie werden \u00fcberrascht sein, wie schnell sich Ihre eigene DigiDuck-Plattform realisieren l\u00e4sst: Sie haben sich f\u00fcr DigiDuck entschieden. Herzlichen Gl\u00fcckwunsch, wir freuen uns auf Sie und Ihre Mitarbeiter. Wenn Sie es w\u00fcnschen, unterst\u00fctzen wir Sie bei der Einrichtung Ihrer DigiDuck-Plattform. [&hellip;]<\/p>\n","protected":false},"author":4,"featured_media":0,"parent":0,"menu_order":0,"comment_status":"closed","ping_status":"closed","template":"","meta":{"_acf_changed":false,"footnotes":""},"class_list":["post-94","page","type-page","status-publish","hentry"],"acf":[],"yoast_head":"<!-- This site is optimized with the Yoast SEO plugin v27.1.1 - https:\/\/yoast.com\/product\/yoast-seo-wordpress\/ -->\n<title>Jak to dzia\u0142a<\/title>\n<meta name=\"robots\" content=\"index, follow, max-snippet:-1, max-image-preview:large, max-video-preview:-1\" \/>\n<meta property=\"og:locale\" content=\"pl_PL\" \/>\n<meta property=\"og:type\" content=\"article\" \/>\n<meta property=\"og:title\" content=\"Jak to dzia\u0142a\" \/>\n<meta property=\"og:url\" content=\"https:\/\/www.digi-duck.com\/pl\/so-funktioniert-es\/\" \/>\n<meta property=\"og:site_name\" content=\"DigiDuck\" \/>\n<meta property=\"article:publisher\" content=\"https:\/\/www.facebook.com\/profile.php?id=61558494354505\" \/>\n<meta property=\"article:modified_time\" content=\"2023-07-07T09:47:22+00:00\" \/>\n<meta name=\"twitter:card\" content=\"summary_large_image\" \/>\n<meta name=\"twitter:label1\" content=\"Szacowany czas czytania\" \/>\n\t<meta name=\"twitter:data1\" content=\"3 minuty\" \/>\n<script type=\"application\/ld+json\" class=\"yoast-schema-graph\">{\"@context\":\"https:\/\/schema.org\",\"@graph\":[{\"@type\":\"WebPage\",\"@id\":\"https:\/\/www.digi-duck.com\/pl\/so-funktioniert-es\/\",\"url\":\"https:\/\/www.digi-duck.com\/pl\/so-funktioniert-es\/\",\"name\":\"Einrichtung on DigiDuck \u2013 so funktioniert es\",\"isPartOf\":{\"@id\":\"https:\/\/www.digi-duck.com\/#website\"},\"datePublished\":\"2022-07-24T10:13:48+00:00\",\"dateModified\":\"2023-07-07T09:47:22+00:00\",\"breadcrumb\":{\"@id\":\"https:\/\/www.digi-duck.com\/pl\/so-funktioniert-es\/#breadcrumb\"},\"inLanguage\":\"pl-PL\",\"potentialAction\":[{\"@type\":\"ReadAction\",\"target\":[\"https:\/\/www.digi-duck.com\/pl\/so-funktioniert-es\/\"]}]},{\"@type\":\"BreadcrumbList\",\"@id\":\"https:\/\/www.digi-duck.com\/pl\/so-funktioniert-es\/#breadcrumb\",\"itemListElement\":[{\"@type\":\"ListItem\",\"position\":1,\"name\":\"Strona g\u0142\u00f3wna\",\"item\":\"https:\/\/www.digi-duck.com\/\"},{\"@type\":\"ListItem\",\"position\":2,\"name\":\"Jak to dzia\u0142a\"}]},{\"@type\":\"WebSite\",\"@id\":\"https:\/\/www.digi-duck.com\/pl\/#website\",\"url\":\"https:\/\/www.digi-duck.com\/pl\/\",\"name\":\"DigiDuck\",\"description\":\"Ihr digitaler Qualifikationspartner\",\"publisher\":{\"@id\":\"https:\/\/www.digi-duck.com\/pl\/#organization\"},\"potentialAction\":[{\"@type\":\"SearchAction\",\"target\":{\"@type\":\"EntryPoint\",\"urlTemplate\":\"https:\/\/www.digi-duck.com\/pl\/?s={search_term_string}\"},\"query-input\":{\"@type\":\"PropertyValueSpecification\",\"valueRequired\":true,\"valueName\":\"search_term_string\"}}],\"inLanguage\":\"pl-PL\"},{\"@type\":\"Organization\",\"@id\":\"https:\/\/www.digi-duck.com\/pl\/#organization\",\"name\":\"DigiDuck GmbH\",\"url\":\"https:\/\/www.digi-duck.com\/pl\/\",\"logo\":{\"@type\":\"ImageObject\",\"inLanguage\":\"pl-PL\",\"@id\":\"https:\/\/www.digi-duck.com\/pl\/#\/schema\/logo\/image\/\",\"url\":\"https:\/\/www.digi-duck.com\/wp-content\/uploads\/2024\/08\/DigiDuck_Logo_App_Colored.png\",\"contentUrl\":\"https:\/\/www.digi-duck.com\/wp-content\/uploads\/2024\/08\/DigiDuck_Logo_App_Colored.png\",\"width\":2000,\"height\":2000,\"caption\":\"DigiDuck GmbH\"},\"image\":{\"@id\":\"https:\/\/www.digi-duck.com\/pl\/#\/schema\/logo\/image\/\"},\"sameAs\":[\"https:\/\/www.facebook.com\/profile.php?id=61558494354505\",\"https:\/\/www.linkedin.com\/company\/digiduck-gmbh\",\"https:\/\/www.xing.com\/pages\/digiduck-gmbh\"]}]}<\/script>\n<!-- \/ Yoast SEO plugin. -->","yoast_head_json":{"title":"Jak to dzia\u0142a","robots":{"index":"index","follow":"follow","max-snippet":"max-snippet:-1","max-image-preview":"max-image-preview:large","max-video-preview":"max-video-preview:-1"},"og_locale":"pl_PL","og_type":"article","og_title":"Jak to dzia\u0142a","og_url":"https:\/\/www.digi-duck.com\/pl\/so-funktioniert-es\/","og_site_name":"DigiDuck","article_publisher":"https:\/\/www.facebook.com\/profile.php?id=61558494354505","article_modified_time":"2023-07-07T09:47:22+00:00","twitter_card":"summary_large_image","twitter_misc":{"Szacowany czas czytania":"3 minuty"},"schema":{"@context":"https:\/\/schema.org","@graph":[{"@type":"WebPage","@id":"https:\/\/www.digi-duck.com\/pl\/so-funktioniert-es\/","url":"https:\/\/www.digi-duck.com\/pl\/so-funktioniert-es\/","name":"Einrichtung on DigiDuck \u2013 so funktioniert es","isPartOf":{"@id":"https:\/\/www.digi-duck.com\/#website"},"datePublished":"2022-07-24T10:13:48+00:00","dateModified":"2023-07-07T09:47:22+00:00","breadcrumb":{"@id":"https:\/\/www.digi-duck.com\/pl\/so-funktioniert-es\/#breadcrumb"},"inLanguage":"pl-PL","potentialAction":[{"@type":"ReadAction","target":["https:\/\/www.digi-duck.com\/pl\/so-funktioniert-es\/"]}]},{"@type":"BreadcrumbList","@id":"https:\/\/www.digi-duck.com\/pl\/so-funktioniert-es\/#breadcrumb","itemListElement":[{"@type":"ListItem","position":1,"name":"Strona g\u0142\u00f3wna","item":"https:\/\/www.digi-duck.com\/"},{"@type":"ListItem","position":2,"name":"Jak to dzia\u0142a"}]},{"@type":"WebSite","@id":"https:\/\/www.digi-duck.com\/pl\/#website","url":"https:\/\/www.digi-duck.com\/pl\/","name":"DigiDuck","description":"Ihr digitaler Qualifikationspartner","publisher":{"@id":"https:\/\/www.digi-duck.com\/pl\/#organization"},"potentialAction":[{"@type":"SearchAction","target":{"@type":"EntryPoint","urlTemplate":"https:\/\/www.digi-duck.com\/pl\/?s={search_term_string}"},"query-input":{"@type":"PropertyValueSpecification","valueRequired":true,"valueName":"search_term_string"}}],"inLanguage":"pl-PL"},{"@type":"Organization","@id":"https:\/\/www.digi-duck.com\/pl\/#organization","name":"DigiDuck GmbH","url":"https:\/\/www.digi-duck.com\/pl\/","logo":{"@type":"ImageObject","inLanguage":"pl-PL","@id":"https:\/\/www.digi-duck.com\/pl\/#\/schema\/logo\/image\/","url":"https:\/\/www.digi-duck.com\/wp-content\/uploads\/2024\/08\/DigiDuck_Logo_App_Colored.png","contentUrl":"https:\/\/www.digi-duck.com\/wp-content\/uploads\/2024\/08\/DigiDuck_Logo_App_Colored.png","width":2000,"height":2000,"caption":"DigiDuck GmbH"},"image":{"@id":"https:\/\/www.digi-duck.com\/pl\/#\/schema\/logo\/image\/"},"sameAs":["https:\/\/www.facebook.com\/profile.php?id=61558494354505","https:\/\/www.linkedin.com\/company\/digiduck-gmbh","https:\/\/www.xing.com\/pages\/digiduck-gmbh"]}]}},"post_mailing_queue_ids":[],"_links":{"self":[{"href":"https:\/\/www.digi-duck.com\/pl\/wp-json\/wp\/v2\/pages\/94","targetHints":{"allow":["GET"]}}],"collection":[{"href":"https:\/\/www.digi-duck.com\/pl\/wp-json\/wp\/v2\/pages"}],"about":[{"href":"https:\/\/www.digi-duck.com\/pl\/wp-json\/wp\/v2\/types\/page"}],"author":[{"embeddable":true,"href":"https:\/\/www.digi-duck.com\/pl\/wp-json\/wp\/v2\/users\/4"}],"replies":[{"embeddable":true,"href":"https:\/\/www.digi-duck.com\/pl\/wp-json\/wp\/v2\/comments?post=94"}],"version-history":[{"count":3,"href":"https:\/\/www.digi-duck.com\/pl\/wp-json\/wp\/v2\/pages\/94\/revisions"}],"predecessor-version":[{"id":383,"href":"https:\/\/www.digi-duck.com\/pl\/wp-json\/wp\/v2\/pages\/94\/revisions\/383"}],"wp:attachment":[{"href":"https:\/\/www.digi-duck.com\/pl\/wp-json\/wp\/v2\/media?parent=94"}],"curies":[{"name":"wp","href":"https:\/\/api.w.org\/{rel}","templated":true}]}}