{"id":11,"date":"2022-07-06T17:50:37","date_gmt":"2022-07-06T17:50:37","guid":{"rendered":"https:\/\/www.digi-duck.com\/?page_id=11"},"modified":"2022-09-11T18:21:02","modified_gmt":"2022-09-11T16:21:02","slug":"kundenservice","status":"publish","type":"page","link":"https:\/\/www.digi-duck.com\/tr\/kundenservice\/","title":{"rendered":"M\u00fc\u015fteri Hizmetleri"},"content":{"rendered":"<p>BI\u0307R PLATFORMDAN DAHA FAZLASI<br \/>SI\u0307ZI\u0307N I\u0307\u00c7I\u0307N VARIZ!<\/p>\n<hr class=\"wp-block-separator has-alpha-channel-opacity\">\n<p>Her m\u00fc\u015fteri farkl\u0131d\u0131r ve kendine \u00f6zg\u00fc bir organizasyon yap\u0131s\u0131 olu\u015fturmu\u015ftur. Bunlar\u0131 DigiDuck platformuna entegre etmenize yard\u0131mc\u0131 oluyoruz. Hesab\u0131n\u0131zdaki farkl\u0131 hiyerar\u015fik seviyeleri, departmanlar\u0131, i\u015f birimlerini, \u015fubeleri vb. e\u015fle\u015ftirebiliriz. Gerekirse, ekibinize gerekti\u011fi kadar ko\u00e7luk yapaca\u011f\u0131z. Bizim ba\u015far\u0131m\u0131z, sizin memnun olman\u0131zd\u0131r. &#8220;Her y\u00f6n\u00fcyle kayg\u0131s\u0131z bir paket&#8221; mi istiyorsunuz? Sorun de\u011fil. Gelin konu\u015fal\u0131m ve ihtiya\u00e7lar\u0131n\u0131za uygun bir \u00e7\u00f6z\u00fcm olu\u015ftural\u0131m. Biz de bunun i\u00e7in buraday\u0131z!<\/p>\n<hr class=\"wp-block-separator has-alpha-channel-opacity\">\n<a href=\"\/tr\/kontakt\/\" target=\"_self\" class=\" btn btn-primary\">Konu\u015fal\u0131m!<\/a>\n","protected":false},"excerpt":{"rendered":"<p>BI\u0307R PLATFORMDAN DAHA FAZLASISI\u0307ZI\u0307N I\u0307\u00c7I\u0307N VARIZ! Her m\u00fc\u015fteri farkl\u0131d\u0131r ve kendine \u00f6zg\u00fc bir organizasyon yap\u0131s\u0131 olu\u015fturmu\u015ftur. Bunlar\u0131 DigiDuck platformuna entegre etmenize yard\u0131mc\u0131 oluyoruz. Hesab\u0131n\u0131zdaki farkl\u0131 hiyerar\u015fik seviyeleri, departmanlar\u0131, i\u015f birimlerini, \u015fubeleri vb. e\u015fle\u015ftirebiliriz. Gerekirse, ekibinize gerekti\u011fi kadar ko\u00e7luk yapaca\u011f\u0131z. Bizim ba\u015far\u0131m\u0131z, sizin memnun olman\u0131zd\u0131r. &#8220;Her y\u00f6n\u00fcyle kayg\u0131s\u0131z bir paket&#8221; mi istiyorsunuz? Sorun de\u011fil. Gelin konu\u015fal\u0131m [&hellip;]<\/p>\n","protected":false},"author":4,"featured_media":0,"parent":0,"menu_order":0,"comment_status":"closed","ping_status":"closed","template":"","meta":{"_acf_changed":false,"footnotes":""},"class_list":["post-11","page","type-page","status-publish","hentry"],"acf":[],"yoast_head":"<!-- This site is optimized with the Yoast SEO plugin v27.1.1 - https:\/\/yoast.com\/product\/yoast-seo-wordpress\/ -->\n<title>M\u00fc\u015fteri Hizmetleri<\/title>\n<meta name=\"description\" content=\"BI\u0307R PLATFORMDAN DAHA FAZLASISI\u0307ZI\u0307N I\u0307\u00c7I\u0307N VARIZ! Her m\u00fc\u015fteri farkl\u0131d\u0131r ve kendine \u00f6zg\u00fc bir organizasyon yap\u0131s\u0131 olu\u015fturmu\u015ftur. Bunlar\u0131 DigiDuck platformuna entegre etmenize yard\u0131mc\u0131 oluyoruz. Hesab\u0131n\u0131zdaki farkl\u0131 hiyerar\u015fik seviyeleri, departmanlar\u0131, i\u015f birimlerini, \u015fubeleri vb. e\u015fle\u015ftirebiliriz. Gerekirse, ekibinize gerekti\u011fi kadar ko\u00e7luk yapaca\u011f\u0131z. Bizim ba\u015far\u0131m\u0131z, sizin memnun olman\u0131zd\u0131r. &quot;Her y\u00f6n\u00fcyle kayg\u0131s\u0131z bir paket&quot; mi istiyorsunuz? Sorun de\u011fil. Gelin konu\u015fal\u0131m&hellip;\" \/>\n<meta name=\"robots\" content=\"index, follow, max-snippet:-1, max-image-preview:large, max-video-preview:-1\" \/>\n<link rel=\"canonical\" href=\"http:\/\/BI\u0307R%20PLATFORMDAN%20DAHA%20FAZLASISI\u0307ZI\u0307N%20I\u0307\u00c7I\u0307N%20VARIZ!%20Her%20m\u00fc\u015fteri%20farkl\u0131d\u0131r%20ve%20kendine%20\u00f6zg\u00fc%20bir%20organizasyon%20yap\u0131s\u0131%20olu\u015fturmu\u015ftur.%20Bunlar\u0131%20DigiDuck%20platformuna%20entegre%20etmenize%20yard\u0131mc\u0131%20oluyoruz.%20Hesab\u0131n\u0131zdaki%20farkl\u0131%20hiyerar\u015fik%20seviyeleri,%20departmanlar\u0131,%20i\u015f%20birimlerini,%20\u015fubeleri%20vb.%20e\u015fle\u015ftirebiliriz.%20Gerekirse,%20ekibinize%20gerekti\u011fi%20kadar%20ko\u00e7luk%20yapaca\u011f\u0131z.%20Bizim%20ba\u015far\u0131m\u0131z,%20sizin%20memnun%20olman\u0131zd\u0131r.%20Her%20y\u00f6n\u00fcyle%20kayg\u0131s\u0131z%20bir%20paket%20mi%20istiyorsunuz?%20Sorun%20de\u011fil.%20Gelin%20konu\u015fal\u0131m&hellip;\" \/>\n<meta property=\"og:locale\" content=\"tr_TR\" \/>\n<meta property=\"og:type\" content=\"article\" \/>\n<meta property=\"og:title\" content=\"M\u00fc\u015fteri Hizmetleri\" \/>\n<meta property=\"og:description\" content=\"BI\u0307R PLATFORMDAN DAHA FAZLASISI\u0307ZI\u0307N I\u0307\u00c7I\u0307N VARIZ! Her m\u00fc\u015fteri farkl\u0131d\u0131r ve kendine \u00f6zg\u00fc bir organizasyon yap\u0131s\u0131 olu\u015fturmu\u015ftur. Bunlar\u0131 DigiDuck platformuna entegre etmenize yard\u0131mc\u0131 oluyoruz. Hesab\u0131n\u0131zdaki farkl\u0131 hiyerar\u015fik seviyeleri, departmanlar\u0131, i\u015f birimlerini, \u015fubeleri vb. e\u015fle\u015ftirebiliriz. Gerekirse, ekibinize gerekti\u011fi kadar ko\u00e7luk yapaca\u011f\u0131z. Bizim ba\u015far\u0131m\u0131z, sizin memnun olman\u0131zd\u0131r. &quot;Her y\u00f6n\u00fcyle kayg\u0131s\u0131z bir paket&quot; mi istiyorsunuz? Sorun de\u011fil. Gelin konu\u015fal\u0131m&hellip;\" \/>\n<meta property=\"og:url\" content=\"https:\/\/www.digi-duck.com\/tr\/kundenservice\/\" \/>\n<meta property=\"og:site_name\" content=\"DigiDuck\" \/>\n<meta property=\"article:publisher\" content=\"https:\/\/www.facebook.com\/profile.php?id=61558494354505\" \/>\n<meta property=\"article:modified_time\" content=\"2022-09-11T16:21:02+00:00\" \/>\n<meta name=\"twitter:card\" content=\"summary_large_image\" \/>\n<script type=\"application\/ld+json\" class=\"yoast-schema-graph\">{\"@context\":\"https:\/\/schema.org\",\"@graph\":[{\"@type\":\"WebPage\",\"@id\":\"https:\/\/www.digi-duck.com\/tr\/kundenservice\/\",\"url\":\"https:\/\/www.digi-duck.com\/tr\/kundenservice\/\",\"name\":\"Kundenservice - DigiDuck\",\"isPartOf\":{\"@id\":\"https:\/\/www.digi-duck.com\/#website\"},\"datePublished\":\"2022-07-06T17:50:37+00:00\",\"dateModified\":\"2022-09-11T16:21:02+00:00\",\"breadcrumb\":{\"@id\":\"https:\/\/www.digi-duck.com\/tr\/kundenservice\/#breadcrumb\"},\"inLanguage\":\"tr\",\"potentialAction\":[{\"@type\":\"ReadAction\",\"target\":[\"https:\/\/www.digi-duck.com\/tr\/kundenservice\/\"]}]},{\"@type\":\"BreadcrumbList\",\"@id\":\"https:\/\/www.digi-duck.com\/tr\/kundenservice\/#breadcrumb\",\"itemListElement\":[{\"@type\":\"ListItem\",\"position\":1,\"name\":\"Anasayfa\",\"item\":\"https:\/\/www.digi-duck.com\/\"},{\"@type\":\"ListItem\",\"position\":2,\"name\":\"M\u00fc\u015fteri Hizmetleri\"}]},{\"@type\":\"WebSite\",\"@id\":\"https:\/\/www.digi-duck.com\/tr\/#website\",\"url\":\"https:\/\/www.digi-duck.com\/tr\/\",\"name\":\"DigiDuck\",\"description\":\"Ihr digitaler Qualifikationspartner\",\"publisher\":{\"@id\":\"https:\/\/www.digi-duck.com\/tr\/#organization\"},\"potentialAction\":[{\"@type\":\"SearchAction\",\"target\":{\"@type\":\"EntryPoint\",\"urlTemplate\":\"https:\/\/www.digi-duck.com\/tr\/?s={search_term_string}\"},\"query-input\":{\"@type\":\"PropertyValueSpecification\",\"valueRequired\":true,\"valueName\":\"search_term_string\"}}],\"inLanguage\":\"tr\"},{\"@type\":\"Organization\",\"@id\":\"https:\/\/www.digi-duck.com\/tr\/#organization\",\"name\":\"DigiDuck GmbH\",\"url\":\"https:\/\/www.digi-duck.com\/tr\/\",\"logo\":{\"@type\":\"ImageObject\",\"inLanguage\":\"tr\",\"@id\":\"https:\/\/www.digi-duck.com\/tr\/#\/schema\/logo\/image\/\",\"url\":\"https:\/\/www.digi-duck.com\/wp-content\/uploads\/2024\/08\/DigiDuck_Logo_App_Colored.png\",\"contentUrl\":\"https:\/\/www.digi-duck.com\/wp-content\/uploads\/2024\/08\/DigiDuck_Logo_App_Colored.png\",\"width\":2000,\"height\":2000,\"caption\":\"DigiDuck GmbH\"},\"image\":{\"@id\":\"https:\/\/www.digi-duck.com\/tr\/#\/schema\/logo\/image\/\"},\"sameAs\":[\"https:\/\/www.facebook.com\/profile.php?id=61558494354505\",\"https:\/\/www.linkedin.com\/company\/digiduck-gmbh\",\"https:\/\/www.xing.com\/pages\/digiduck-gmbh\"]}]}<\/script>\n<!-- \/ Yoast SEO plugin. -->","yoast_head_json":{"title":"M\u00fc\u015fteri Hizmetleri","description":"BI\u0307R PLATFORMDAN DAHA FAZLASISI\u0307ZI\u0307N I\u0307\u00c7I\u0307N VARIZ! Her m\u00fc\u015fteri farkl\u0131d\u0131r ve kendine \u00f6zg\u00fc bir organizasyon yap\u0131s\u0131 olu\u015fturmu\u015ftur. Bunlar\u0131 DigiDuck platformuna entegre etmenize yard\u0131mc\u0131 oluyoruz. Hesab\u0131n\u0131zdaki farkl\u0131 hiyerar\u015fik seviyeleri, departmanlar\u0131, i\u015f birimlerini, \u015fubeleri vb. e\u015fle\u015ftirebiliriz. Gerekirse, ekibinize gerekti\u011fi kadar ko\u00e7luk yapaca\u011f\u0131z. Bizim ba\u015far\u0131m\u0131z, sizin memnun olman\u0131zd\u0131r. \"Her y\u00f6n\u00fcyle kayg\u0131s\u0131z bir paket\" mi istiyorsunuz? Sorun de\u011fil. Gelin konu\u015fal\u0131m&hellip;","robots":{"index":"index","follow":"follow","max-snippet":"max-snippet:-1","max-image-preview":"max-image-preview:large","max-video-preview":"max-video-preview:-1"},"canonical":"BI\u0307R PLATFORMDAN DAHA FAZLASISI\u0307ZI\u0307N I\u0307\u00c7I\u0307N VARIZ! Her m\u00fc\u015fteri farkl\u0131d\u0131r ve kendine \u00f6zg\u00fc bir organizasyon yap\u0131s\u0131 olu\u015fturmu\u015ftur. Bunlar\u0131 DigiDuck platformuna entegre etmenize yard\u0131mc\u0131 oluyoruz. Hesab\u0131n\u0131zdaki farkl\u0131 hiyerar\u015fik seviyeleri, departmanlar\u0131, i\u015f birimlerini, \u015fubeleri vb. e\u015fle\u015ftirebiliriz. Gerekirse, ekibinize gerekti\u011fi kadar ko\u00e7luk yapaca\u011f\u0131z. Bizim ba\u015far\u0131m\u0131z, sizin memnun olman\u0131zd\u0131r. \"Her y\u00f6n\u00fcyle kayg\u0131s\u0131z bir paket\" mi istiyorsunuz? Sorun de\u011fil. Gelin konu\u015fal\u0131m&hellip;","og_locale":"tr_TR","og_type":"article","og_title":"M\u00fc\u015fteri Hizmetleri","og_description":"BI\u0307R PLATFORMDAN DAHA FAZLASISI\u0307ZI\u0307N I\u0307\u00c7I\u0307N VARIZ! Her m\u00fc\u015fteri farkl\u0131d\u0131r ve kendine \u00f6zg\u00fc bir organizasyon yap\u0131s\u0131 olu\u015fturmu\u015ftur. Bunlar\u0131 DigiDuck platformuna entegre etmenize yard\u0131mc\u0131 oluyoruz. Hesab\u0131n\u0131zdaki farkl\u0131 hiyerar\u015fik seviyeleri, departmanlar\u0131, i\u015f birimlerini, \u015fubeleri vb. e\u015fle\u015ftirebiliriz. Gerekirse, ekibinize gerekti\u011fi kadar ko\u00e7luk yapaca\u011f\u0131z. Bizim ba\u015far\u0131m\u0131z, sizin memnun olman\u0131zd\u0131r. \"Her y\u00f6n\u00fcyle kayg\u0131s\u0131z bir paket\" mi istiyorsunuz? Sorun de\u011fil. Gelin konu\u015fal\u0131m&hellip;","og_url":"https:\/\/www.digi-duck.com\/tr\/kundenservice\/","og_site_name":"DigiDuck","article_publisher":"https:\/\/www.facebook.com\/profile.php?id=61558494354505","article_modified_time":"2022-09-11T16:21:02+00:00","twitter_card":"summary_large_image","schema":{"@context":"https:\/\/schema.org","@graph":[{"@type":"WebPage","@id":"https:\/\/www.digi-duck.com\/tr\/kundenservice\/","url":"https:\/\/www.digi-duck.com\/tr\/kundenservice\/","name":"Kundenservice - DigiDuck","isPartOf":{"@id":"https:\/\/www.digi-duck.com\/#website"},"datePublished":"2022-07-06T17:50:37+00:00","dateModified":"2022-09-11T16:21:02+00:00","breadcrumb":{"@id":"https:\/\/www.digi-duck.com\/tr\/kundenservice\/#breadcrumb"},"inLanguage":"tr","potentialAction":[{"@type":"ReadAction","target":["https:\/\/www.digi-duck.com\/tr\/kundenservice\/"]}]},{"@type":"BreadcrumbList","@id":"https:\/\/www.digi-duck.com\/tr\/kundenservice\/#breadcrumb","itemListElement":[{"@type":"ListItem","position":1,"name":"Anasayfa","item":"https:\/\/www.digi-duck.com\/"},{"@type":"ListItem","position":2,"name":"M\u00fc\u015fteri Hizmetleri"}]},{"@type":"WebSite","@id":"https:\/\/www.digi-duck.com\/tr\/#website","url":"https:\/\/www.digi-duck.com\/tr\/","name":"DigiDuck","description":"Ihr digitaler Qualifikationspartner","publisher":{"@id":"https:\/\/www.digi-duck.com\/tr\/#organization"},"potentialAction":[{"@type":"SearchAction","target":{"@type":"EntryPoint","urlTemplate":"https:\/\/www.digi-duck.com\/tr\/?s={search_term_string}"},"query-input":{"@type":"PropertyValueSpecification","valueRequired":true,"valueName":"search_term_string"}}],"inLanguage":"tr"},{"@type":"Organization","@id":"https:\/\/www.digi-duck.com\/tr\/#organization","name":"DigiDuck GmbH","url":"https:\/\/www.digi-duck.com\/tr\/","logo":{"@type":"ImageObject","inLanguage":"tr","@id":"https:\/\/www.digi-duck.com\/tr\/#\/schema\/logo\/image\/","url":"https:\/\/www.digi-duck.com\/wp-content\/uploads\/2024\/08\/DigiDuck_Logo_App_Colored.png","contentUrl":"https:\/\/www.digi-duck.com\/wp-content\/uploads\/2024\/08\/DigiDuck_Logo_App_Colored.png","width":2000,"height":2000,"caption":"DigiDuck GmbH"},"image":{"@id":"https:\/\/www.digi-duck.com\/tr\/#\/schema\/logo\/image\/"},"sameAs":["https:\/\/www.facebook.com\/profile.php?id=61558494354505","https:\/\/www.linkedin.com\/company\/digiduck-gmbh","https:\/\/www.xing.com\/pages\/digiduck-gmbh"]}]}},"post_mailing_queue_ids":[],"_links":{"self":[{"href":"https:\/\/www.digi-duck.com\/tr\/wp-json\/wp\/v2\/pages\/11","targetHints":{"allow":["GET"]}}],"collection":[{"href":"https:\/\/www.digi-duck.com\/tr\/wp-json\/wp\/v2\/pages"}],"about":[{"href":"https:\/\/www.digi-duck.com\/tr\/wp-json\/wp\/v2\/types\/page"}],"author":[{"embeddable":true,"href":"https:\/\/www.digi-duck.com\/tr\/wp-json\/wp\/v2\/users\/4"}],"replies":[{"embeddable":true,"href":"https:\/\/www.digi-duck.com\/tr\/wp-json\/wp\/v2\/comments?post=11"}],"version-history":[{"count":2,"href":"https:\/\/www.digi-duck.com\/tr\/wp-json\/wp\/v2\/pages\/11\/revisions"}],"predecessor-version":[{"id":285,"href":"https:\/\/www.digi-duck.com\/tr\/wp-json\/wp\/v2\/pages\/11\/revisions\/285"}],"wp:attachment":[{"href":"https:\/\/www.digi-duck.com\/tr\/wp-json\/wp\/v2\/media?parent=11"}],"curies":[{"name":"wp","href":"https:\/\/api.w.org\/{rel}","templated":true}]}}