{"id":34,"date":"2022-07-22T09:23:22","date_gmt":"2022-07-22T07:23:22","guid":{"rendered":"https:\/\/www.digi-duck.com\/?page_id=34"},"modified":"2024-01-24T08:47:14","modified_gmt":"2024-01-24T07:47:14","slug":"partnerprogramm","status":"publish","type":"page","link":"https:\/\/www.digi-duck.com\/tr\/partnerprogramm\/","title":{"rendered":"Ortakl\u0131k program\u0131"},"content":{"rendered":"<p>BILGI TRANSFERI D\u00dcNYASINI BIZIMLE BIRLIKTE DE\u011eI\u015eTIRIN. DIGIDUCK&#8217;IN <br \/>DA\u011eITIM ORTA\u011eI OLUN!<\/p>\n<hr class=\"wp-block-separator has-alpha-channel-opacity\">\n<p>Learn + Info y\u00f6netim sistemleri, \u00e7al\u0131\u015fanlar\u0131n e\u011fitimi ve \u015firketlerin yasal talimat y\u00fck\u00fcml\u00fcl\u00fcklerine ili\u015fkin yasal koruma i\u00e7in \u00f6nemli fakt\u00f6rlerdir. \u015eimdi bir DigiDuck sat\u0131\u015f orta\u011f\u0131 olun ve m\u00fc\u015fterilerinize yeni bir dijital d\u00fcnyaya giden yolda yard\u0131mc\u0131 olun.<\/p>\n<hr class=\"wp-block-separator has-alpha-channel-opacity\">\n<p>Hangi ortaklar\u0131 ar\u0131yoruz?<\/p>\n<hr class=\"wp-block-separator has-alpha-channel-opacity\">\n<p>\u0130ster bir y\u00f6netim dan\u0131\u015fman\u0131, sigorta komisyoncusu, uzman medya yay\u0131nc\u0131s\u0131, end\u00fcstri derne\u011fi, serbest meslek sahibi sat\u0131\u015f temsilcisi, a\u011f olu\u015fturucu veya sadece serbest meslek yolunda deneyimli bir end\u00fcstri uzman\u0131 olun &#8211; DigiDuck&#8217;\u0131n size sundu\u011fu i\u015f ba\u011flant\u0131lar\u0131n\u0131z i\u00e7in f\u0131rsatlar\u0131 ve olanaklar\u0131 tan\u0131rsan\u0131z bize uyacaks\u0131n\u0131z.<\/p>\n<hr class=\"wp-block-separator has-alpha-channel-opacity\">\n<p>Ne gibi avantajlar\u0131n\u0131z var?<\/p>\n<hr class=\"wp-block-separator has-alpha-channel-opacity\">\n<p>DigiDuck ile yenili\u011fe odaklan\u0131n ve \u00fcr\u00fcnlerimizle portf\u00f6y\u00fcn\u00fcz\u00fc geni\u015fletin. Ayr\u0131ca, kendi hizmetlerinizi yerle\u015ftirebilir ve ek olarak ilgin\u00e7 ve kal\u0131c\u0131 bir gelir pay\u0131ndan yararlanabilirsiniz. Bir \u00f6m\u00fcr boyu ve hatta daha \u00f6tesi i\u00e7in. <\/p>\n<hr class=\"wp-block-separator has-alpha-channel-opacity\">\n<p>Kendinizi k\u0131saca tan\u0131t\u0131n, biz sizinle ileti\u015fime ge\u00e7elim<\/p>\n","protected":false},"excerpt":{"rendered":"<p>BILGI TRANSFERI D\u00dcNYASINI BIZIMLE BIRLIKTE DE\u011eI\u015eTIRIN. DIGIDUCK&#8217;IN DA\u011eITIM ORTA\u011eI OLUN! Learn + Info y\u00f6netim sistemleri, \u00e7al\u0131\u015fanlar\u0131n e\u011fitimi ve \u015firketlerin yasal talimat y\u00fck\u00fcml\u00fcl\u00fcklerine ili\u015fkin yasal koruma i\u00e7in \u00f6nemli fakt\u00f6rlerdir. \u015eimdi bir DigiDuck sat\u0131\u015f orta\u011f\u0131 olun ve m\u00fc\u015fterilerinize yeni bir dijital d\u00fcnyaya giden yolda yard\u0131mc\u0131 olun. Hangi ortaklar\u0131 ar\u0131yoruz? \u0130ster bir y\u00f6netim dan\u0131\u015fman\u0131, sigorta komisyoncusu, uzman medya [&hellip;]<\/p>\n","protected":false},"author":4,"featured_media":0,"parent":0,"menu_order":0,"comment_status":"closed","ping_status":"closed","template":"","meta":{"_acf_changed":false,"footnotes":""},"class_list":["post-34","page","type-page","status-publish","hentry"],"acf":[],"yoast_head":"<!-- This site is optimized with the Yoast SEO plugin v27.1.1 - https:\/\/yoast.com\/product\/yoast-seo-wordpress\/ -->\n<title>Ortakl\u0131k program\u0131<\/title>\n<meta name=\"description\" content=\"BILGI TRANSFERI D\u00dcNYASINI BIZIMLE BIRLIKTE DE\u011eI\u015eTIRIN. DIGIDUCK&#039;IN DA\u011eITIM ORTA\u011eI OLUN! Learn + Info y\u00f6netim sistemleri, \u00e7al\u0131\u015fanlar\u0131n e\u011fitimi ve \u015firketlerin yasal talimat y\u00fck\u00fcml\u00fcl\u00fcklerine ili\u015fkin yasal koruma i\u00e7in \u00f6nemli fakt\u00f6rlerdir. \u015eimdi bir DigiDuck sat\u0131\u015f orta\u011f\u0131 olun ve m\u00fc\u015fterilerinize yeni bir dijital d\u00fcnyaya giden yolda yard\u0131mc\u0131 olun. Hangi ortaklar\u0131 ar\u0131yoruz? \u0130ster bir y\u00f6netim dan\u0131\u015fman\u0131, sigorta komisyoncusu, uzman medya&hellip;\" \/>\n<meta name=\"robots\" content=\"index, follow, max-snippet:-1, max-image-preview:large, max-video-preview:-1\" \/>\n<link rel=\"canonical\" href=\"http:\/\/BILGI%20TRANSFERI%20D\u00dcNYASINI%20BIZIMLE%20BIRLIKTE%20DE\u011eI\u015eTIRIN.%20DIGIDUCK'IN%20DA\u011eITIM%20ORTA\u011eI%20OLUN!%20Learn%20%20%20Info%20y\u00f6netim%20sistemleri,%20\u00e7al\u0131\u015fanlar\u0131n%20e\u011fitimi%20ve%20\u015firketlerin%20yasal%20talimat%20y\u00fck\u00fcml\u00fcl\u00fcklerine%20ili\u015fkin%20yasal%20koruma%20i\u00e7in%20\u00f6nemli%20fakt\u00f6rlerdir.%20\u015eimdi%20bir%20DigiDuck%20sat\u0131\u015f%20orta\u011f\u0131%20olun%20ve%20m\u00fc\u015fterilerinize%20yeni%20bir%20dijital%20d\u00fcnyaya%20giden%20yolda%20yard\u0131mc\u0131%20olun.%20Hangi%20ortaklar\u0131%20ar\u0131yoruz?%20\u0130ster%20bir%20y\u00f6netim%20dan\u0131\u015fman\u0131,%20sigorta%20komisyoncusu,%20uzman%20medya&hellip;\" \/>\n<meta property=\"og:locale\" content=\"tr_TR\" \/>\n<meta property=\"og:type\" content=\"article\" \/>\n<meta property=\"og:title\" content=\"Ortakl\u0131k program\u0131\" \/>\n<meta property=\"og:description\" content=\"BILGI TRANSFERI D\u00dcNYASINI BIZIMLE BIRLIKTE DE\u011eI\u015eTIRIN. DIGIDUCK&#039;IN DA\u011eITIM ORTA\u011eI OLUN! Learn + Info y\u00f6netim sistemleri, \u00e7al\u0131\u015fanlar\u0131n e\u011fitimi ve \u015firketlerin yasal talimat y\u00fck\u00fcml\u00fcl\u00fcklerine ili\u015fkin yasal koruma i\u00e7in \u00f6nemli fakt\u00f6rlerdir. \u015eimdi bir DigiDuck sat\u0131\u015f orta\u011f\u0131 olun ve m\u00fc\u015fterilerinize yeni bir dijital d\u00fcnyaya giden yolda yard\u0131mc\u0131 olun. Hangi ortaklar\u0131 ar\u0131yoruz? \u0130ster bir y\u00f6netim dan\u0131\u015fman\u0131, sigorta komisyoncusu, uzman medya&hellip;\" \/>\n<meta property=\"og:url\" content=\"https:\/\/www.digi-duck.com\/tr\/partnerprogramm\/\" \/>\n<meta property=\"og:site_name\" content=\"DigiDuck\" \/>\n<meta property=\"article:publisher\" content=\"https:\/\/www.facebook.com\/profile.php?id=61558494354505\" \/>\n<meta property=\"article:modified_time\" content=\"2024-01-24T07:47:14+00:00\" \/>\n<meta name=\"twitter:card\" content=\"summary_large_image\" \/>\n<meta name=\"twitter:label1\" content=\"Tahmini okuma s\u00fcresi\" \/>\n\t<meta name=\"twitter:data1\" content=\"2 dakika\" \/>\n<script type=\"application\/ld+json\" class=\"yoast-schema-graph\">{\"@context\":\"https:\/\/schema.org\",\"@graph\":[{\"@type\":\"WebPage\",\"@id\":\"https:\/\/www.digi-duck.com\/tr\/partnerprogramm\/\",\"url\":\"https:\/\/www.digi-duck.com\/tr\/partnerprogramm\/\",\"name\":\"Vertriebspartner f\u00fcr DigiDuck Partnerprogramm werden\",\"isPartOf\":{\"@id\":\"https:\/\/www.digi-duck.com\/#website\"},\"datePublished\":\"2022-07-22T07:23:22+00:00\",\"dateModified\":\"2024-01-24T07:47:14+00:00\",\"breadcrumb\":{\"@id\":\"https:\/\/www.digi-duck.com\/tr\/partnerprogramm\/#breadcrumb\"},\"inLanguage\":\"tr\",\"potentialAction\":[{\"@type\":\"ReadAction\",\"target\":[\"https:\/\/www.digi-duck.com\/tr\/partnerprogramm\/\"]}]},{\"@type\":\"BreadcrumbList\",\"@id\":\"https:\/\/www.digi-duck.com\/tr\/partnerprogramm\/#breadcrumb\",\"itemListElement\":[{\"@type\":\"ListItem\",\"position\":1,\"name\":\"Anasayfa\",\"item\":\"https:\/\/www.digi-duck.com\/\"},{\"@type\":\"ListItem\",\"position\":2,\"name\":\"Ortakl\u0131k program\u0131\"}]},{\"@type\":\"WebSite\",\"@id\":\"https:\/\/www.digi-duck.com\/tr\/#website\",\"url\":\"https:\/\/www.digi-duck.com\/tr\/\",\"name\":\"DigiDuck\",\"description\":\"Ihr digitaler Qualifikationspartner\",\"publisher\":{\"@id\":\"https:\/\/www.digi-duck.com\/tr\/#organization\"},\"potentialAction\":[{\"@type\":\"SearchAction\",\"target\":{\"@type\":\"EntryPoint\",\"urlTemplate\":\"https:\/\/www.digi-duck.com\/tr\/?s={search_term_string}\"},\"query-input\":{\"@type\":\"PropertyValueSpecification\",\"valueRequired\":true,\"valueName\":\"search_term_string\"}}],\"inLanguage\":\"tr\"},{\"@type\":\"Organization\",\"@id\":\"https:\/\/www.digi-duck.com\/tr\/#organization\",\"name\":\"DigiDuck GmbH\",\"url\":\"https:\/\/www.digi-duck.com\/tr\/\",\"logo\":{\"@type\":\"ImageObject\",\"inLanguage\":\"tr\",\"@id\":\"https:\/\/www.digi-duck.com\/tr\/#\/schema\/logo\/image\/\",\"url\":\"https:\/\/www.digi-duck.com\/wp-content\/uploads\/2024\/08\/DigiDuck_Logo_App_Colored.png\",\"contentUrl\":\"https:\/\/www.digi-duck.com\/wp-content\/uploads\/2024\/08\/DigiDuck_Logo_App_Colored.png\",\"width\":2000,\"height\":2000,\"caption\":\"DigiDuck GmbH\"},\"image\":{\"@id\":\"https:\/\/www.digi-duck.com\/tr\/#\/schema\/logo\/image\/\"},\"sameAs\":[\"https:\/\/www.facebook.com\/profile.php?id=61558494354505\",\"https:\/\/www.linkedin.com\/company\/digiduck-gmbh\",\"https:\/\/www.xing.com\/pages\/digiduck-gmbh\"]}]}<\/script>\n<!-- \/ Yoast SEO plugin. -->","yoast_head_json":{"title":"Ortakl\u0131k program\u0131","description":"BILGI TRANSFERI D\u00dcNYASINI BIZIMLE BIRLIKTE DE\u011eI\u015eTIRIN. DIGIDUCK'IN DA\u011eITIM ORTA\u011eI OLUN! Learn + Info y\u00f6netim sistemleri, \u00e7al\u0131\u015fanlar\u0131n e\u011fitimi ve \u015firketlerin yasal talimat y\u00fck\u00fcml\u00fcl\u00fcklerine ili\u015fkin yasal koruma i\u00e7in \u00f6nemli fakt\u00f6rlerdir. \u015eimdi bir DigiDuck sat\u0131\u015f orta\u011f\u0131 olun ve m\u00fc\u015fterilerinize yeni bir dijital d\u00fcnyaya giden yolda yard\u0131mc\u0131 olun. Hangi ortaklar\u0131 ar\u0131yoruz? \u0130ster bir y\u00f6netim dan\u0131\u015fman\u0131, sigorta komisyoncusu, uzman medya&hellip;","robots":{"index":"index","follow":"follow","max-snippet":"max-snippet:-1","max-image-preview":"max-image-preview:large","max-video-preview":"max-video-preview:-1"},"canonical":"BILGI TRANSFERI D\u00dcNYASINI BIZIMLE BIRLIKTE DE\u011eI\u015eTIRIN. DIGIDUCK'IN DA\u011eITIM ORTA\u011eI OLUN! Learn   Info y\u00f6netim sistemleri, \u00e7al\u0131\u015fanlar\u0131n e\u011fitimi ve \u015firketlerin yasal talimat y\u00fck\u00fcml\u00fcl\u00fcklerine ili\u015fkin yasal koruma i\u00e7in \u00f6nemli fakt\u00f6rlerdir. \u015eimdi bir DigiDuck sat\u0131\u015f orta\u011f\u0131 olun ve m\u00fc\u015fterilerinize yeni bir dijital d\u00fcnyaya giden yolda yard\u0131mc\u0131 olun. Hangi ortaklar\u0131 ar\u0131yoruz? \u0130ster bir y\u00f6netim dan\u0131\u015fman\u0131, sigorta komisyoncusu, uzman medya&hellip;","og_locale":"tr_TR","og_type":"article","og_title":"Ortakl\u0131k program\u0131","og_description":"BILGI TRANSFERI D\u00dcNYASINI BIZIMLE BIRLIKTE DE\u011eI\u015eTIRIN. DIGIDUCK'IN DA\u011eITIM ORTA\u011eI OLUN! Learn + Info y\u00f6netim sistemleri, \u00e7al\u0131\u015fanlar\u0131n e\u011fitimi ve \u015firketlerin yasal talimat y\u00fck\u00fcml\u00fcl\u00fcklerine ili\u015fkin yasal koruma i\u00e7in \u00f6nemli fakt\u00f6rlerdir. \u015eimdi bir DigiDuck sat\u0131\u015f orta\u011f\u0131 olun ve m\u00fc\u015fterilerinize yeni bir dijital d\u00fcnyaya giden yolda yard\u0131mc\u0131 olun. Hangi ortaklar\u0131 ar\u0131yoruz? \u0130ster bir y\u00f6netim dan\u0131\u015fman\u0131, sigorta komisyoncusu, uzman medya&hellip;","og_url":"https:\/\/www.digi-duck.com\/tr\/partnerprogramm\/","og_site_name":"DigiDuck","article_publisher":"https:\/\/www.facebook.com\/profile.php?id=61558494354505","article_modified_time":"2024-01-24T07:47:14+00:00","twitter_card":"summary_large_image","twitter_misc":{"Tahmini okuma s\u00fcresi":"2 dakika"},"schema":{"@context":"https:\/\/schema.org","@graph":[{"@type":"WebPage","@id":"https:\/\/www.digi-duck.com\/tr\/partnerprogramm\/","url":"https:\/\/www.digi-duck.com\/tr\/partnerprogramm\/","name":"Vertriebspartner f\u00fcr DigiDuck Partnerprogramm werden","isPartOf":{"@id":"https:\/\/www.digi-duck.com\/#website"},"datePublished":"2022-07-22T07:23:22+00:00","dateModified":"2024-01-24T07:47:14+00:00","breadcrumb":{"@id":"https:\/\/www.digi-duck.com\/tr\/partnerprogramm\/#breadcrumb"},"inLanguage":"tr","potentialAction":[{"@type":"ReadAction","target":["https:\/\/www.digi-duck.com\/tr\/partnerprogramm\/"]}]},{"@type":"BreadcrumbList","@id":"https:\/\/www.digi-duck.com\/tr\/partnerprogramm\/#breadcrumb","itemListElement":[{"@type":"ListItem","position":1,"name":"Anasayfa","item":"https:\/\/www.digi-duck.com\/"},{"@type":"ListItem","position":2,"name":"Ortakl\u0131k program\u0131"}]},{"@type":"WebSite","@id":"https:\/\/www.digi-duck.com\/tr\/#website","url":"https:\/\/www.digi-duck.com\/tr\/","name":"DigiDuck","description":"Ihr digitaler Qualifikationspartner","publisher":{"@id":"https:\/\/www.digi-duck.com\/tr\/#organization"},"potentialAction":[{"@type":"SearchAction","target":{"@type":"EntryPoint","urlTemplate":"https:\/\/www.digi-duck.com\/tr\/?s={search_term_string}"},"query-input":{"@type":"PropertyValueSpecification","valueRequired":true,"valueName":"search_term_string"}}],"inLanguage":"tr"},{"@type":"Organization","@id":"https:\/\/www.digi-duck.com\/tr\/#organization","name":"DigiDuck GmbH","url":"https:\/\/www.digi-duck.com\/tr\/","logo":{"@type":"ImageObject","inLanguage":"tr","@id":"https:\/\/www.digi-duck.com\/tr\/#\/schema\/logo\/image\/","url":"https:\/\/www.digi-duck.com\/wp-content\/uploads\/2024\/08\/DigiDuck_Logo_App_Colored.png","contentUrl":"https:\/\/www.digi-duck.com\/wp-content\/uploads\/2024\/08\/DigiDuck_Logo_App_Colored.png","width":2000,"height":2000,"caption":"DigiDuck GmbH"},"image":{"@id":"https:\/\/www.digi-duck.com\/tr\/#\/schema\/logo\/image\/"},"sameAs":["https:\/\/www.facebook.com\/profile.php?id=61558494354505","https:\/\/www.linkedin.com\/company\/digiduck-gmbh","https:\/\/www.xing.com\/pages\/digiduck-gmbh"]}]}},"post_mailing_queue_ids":[],"_links":{"self":[{"href":"https:\/\/www.digi-duck.com\/tr\/wp-json\/wp\/v2\/pages\/34","targetHints":{"allow":["GET"]}}],"collection":[{"href":"https:\/\/www.digi-duck.com\/tr\/wp-json\/wp\/v2\/pages"}],"about":[{"href":"https:\/\/www.digi-duck.com\/tr\/wp-json\/wp\/v2\/types\/page"}],"author":[{"embeddable":true,"href":"https:\/\/www.digi-duck.com\/tr\/wp-json\/wp\/v2\/users\/4"}],"replies":[{"embeddable":true,"href":"https:\/\/www.digi-duck.com\/tr\/wp-json\/wp\/v2\/comments?post=34"}],"version-history":[{"count":36,"href":"https:\/\/www.digi-duck.com\/tr\/wp-json\/wp\/v2\/pages\/34\/revisions"}],"predecessor-version":[{"id":871,"href":"https:\/\/www.digi-duck.com\/tr\/wp-json\/wp\/v2\/pages\/34\/revisions\/871"}],"wp:attachment":[{"href":"https:\/\/www.digi-duck.com\/tr\/wp-json\/wp\/v2\/media?parent=34"}],"curies":[{"name":"wp","href":"https:\/\/api.w.org\/{rel}","templated":true}]}}