{"id":372,"date":"2022-12-04T16:13:06","date_gmt":"2022-12-04T15:13:06","guid":{"rendered":"https:\/\/www.digi-duck.com\/?page_id=372"},"modified":"2023-07-07T11:54:31","modified_gmt":"2023-07-07T09:54:31","slug":"praesenztraining","status":"publish","type":"page","link":"https:\/\/www.digi-duck.com\/tr\/praesenztraining\/","title":{"rendered":"S\u0131n\u0131f e\u011fitimi"},"content":{"rendered":"<p>\u00c7ALI\u015eANLARINIZ I\u00c7IN<br \/>BILGI AKTARIMINI<br \/>MEVCUDIYET E\u011eITIMI ILE TAMAMLAYIN<\/p>\n<hr class=\"wp-block-separator has-alpha-channel-opacity\">\n<p>Her konu \u00e7al\u0131\u015fanlara dijital medya arac\u0131l\u0131\u011f\u0131yla iletilemez. \u00d6rne\u011fin, \u00e7al\u0131\u015fanlar\u0131n\u0131z\u0131n belirli bir konuda daha yo\u011fun bilgi aktar\u0131m\u0131na ihtiya\u00e7 duydu\u011funu hissediyorsunuz veya \u00f6zel dahili \u00f6zellikler \u00fczerinde \u00e7al\u0131\u015fmak istiyorsunuz.<\/p>\n<p>\u00c7evrimi\u00e7i \u00f6\u011frenme ve s\u0131n\u0131f e\u011fitiminin birle\u015fimi, \u00e7al\u0131\u015fanlar\u0131n\u0131z\u0131n bug\u00fcn ihtiya\u00e7 duydu\u011fu bilgi aktar\u0131m\u0131n\u0131n do\u011fru kar\u0131\u015f\u0131m\u0131d\u0131r. Bu nedenle size, lojistik alan\u0131ndaki hissedar\u0131m\u0131z &#8220;ye\u015fil \u00f6rdek&#8221; ile birlikte bu hibrit \u00f6\u011frenme olanaklar\u0131n\u0131 sunuyoruz.<\/p>\n<p> <strong>Green duck GmbH<\/strong>, 25 y\u0131l\u0131 a\u015fk\u0131n bir s\u00fcredir Almanya genelinde i\u015f sa\u011fl\u0131\u011f\u0131 ve g\u00fcvenli\u011fi, yang\u0131ndan korunma, tehlikeli maddeler, BKF ileri e\u011fitimi, HGV s\u00fcr\u00fcc\u00fc g\u00fcvenli\u011fi e\u011fitimi ve kalite y\u00f6netim sistemleri alanlar\u0131nda dan\u0131\u015fmanl\u0131k ve e\u011fitim hizmeti sa\u011flay\u0131c\u0131s\u0131 olarak faaliyet g\u00f6stermektedir. Ekip, y\u00fcksek nitelikli e\u011fitmenler ve dan\u0131\u015fmanlardan olu\u015fur ve uygulamay\u0131 kendi deneyimlerinden bilir.<\/p>\n<p>Bireysel, \u00e7e\u015fitli ve uygulamal\u0131 e\u011fitim kurslar\u0131 ve seminerleri ile \u00e7al\u0131\u015fanlar\u0131n\u0131z\u0131 g\u00f6revlerine uygun hale getirirler. Art\u0131: Bilgi, g\u00fcnl\u00fck i\u015flerde hemen uygulan\u0131r ve b\u00f6ylece \u015firketinizin olumlu geli\u015fimine gecikmeden katk\u0131da bulunur.<\/p>\n<p>Profesyonel s\u0131n\u0131f e\u011fitimi ile \u00e7al\u0131\u015fanlar\u0131n\u0131z\u0131n niteliklerini art\u0131r\u0131n!<\/p>\n<hr class=\"wp-block-separator has-alpha-channel-opacity\">\n<a href=\"\/trhttps:\/\/www.green-duck.de\/\" target=\"_self\" class=\"btn-green-full btn btn-primary\">\u015eimdi \u00fccretsiz bir sorgulama ba\u015flat<\/a>\n","protected":false},"excerpt":{"rendered":"<p>\u00c7ALI\u015eANLARINIZ I\u00c7INBILGI AKTARIMINIMEVCUDIYET E\u011eITIMI ILE TAMAMLAYIN Her konu \u00e7al\u0131\u015fanlara dijital medya arac\u0131l\u0131\u011f\u0131yla iletilemez. \u00d6rne\u011fin, \u00e7al\u0131\u015fanlar\u0131n\u0131z\u0131n belirli bir konuda daha yo\u011fun bilgi aktar\u0131m\u0131na ihtiya\u00e7 duydu\u011funu hissediyorsunuz veya \u00f6zel dahili \u00f6zellikler \u00fczerinde \u00e7al\u0131\u015fmak istiyorsunuz. \u00c7evrimi\u00e7i \u00f6\u011frenme ve s\u0131n\u0131f e\u011fitiminin birle\u015fimi, \u00e7al\u0131\u015fanlar\u0131n\u0131z\u0131n bug\u00fcn ihtiya\u00e7 duydu\u011fu bilgi aktar\u0131m\u0131n\u0131n do\u011fru kar\u0131\u015f\u0131m\u0131d\u0131r. Bu nedenle size, lojistik alan\u0131ndaki hissedar\u0131m\u0131z &#8220;ye\u015fil \u00f6rdek&#8221; ile [&hellip;]<\/p>\n","protected":false},"author":4,"featured_media":0,"parent":0,"menu_order":0,"comment_status":"closed","ping_status":"closed","template":"","meta":{"_acf_changed":false,"footnotes":""},"class_list":["post-372","page","type-page","status-publish","hentry"],"acf":[],"yoast_head":"<!-- This site is optimized with the Yoast SEO plugin v27.1.1 - https:\/\/yoast.com\/product\/yoast-seo-wordpress\/ -->\n<title>S\u0131n\u0131f e\u011fitimi<\/title>\n<meta name=\"description\" content=\"\u00c7ALI\u015eANLARINIZ I\u00c7INBILGI AKTARIMINIMEVCUDIYET E\u011eITIMI ILE TAMAMLAYIN Her konu \u00e7al\u0131\u015fanlara dijital medya arac\u0131l\u0131\u011f\u0131yla iletilemez. \u00d6rne\u011fin, \u00e7al\u0131\u015fanlar\u0131n\u0131z\u0131n belirli bir konuda daha yo\u011fun bilgi aktar\u0131m\u0131na ihtiya\u00e7 duydu\u011funu hissediyorsunuz veya \u00f6zel dahili \u00f6zellikler \u00fczerinde \u00e7al\u0131\u015fmak istiyorsunuz. \u00c7evrimi\u00e7i \u00f6\u011frenme ve s\u0131n\u0131f e\u011fitiminin birle\u015fimi, \u00e7al\u0131\u015fanlar\u0131n\u0131z\u0131n bug\u00fcn ihtiya\u00e7 duydu\u011fu bilgi aktar\u0131m\u0131n\u0131n do\u011fru kar\u0131\u015f\u0131m\u0131d\u0131r. Bu nedenle size, lojistik alan\u0131ndaki hissedar\u0131m\u0131z &quot;ye\u015fil \u00f6rdek&quot; ile&hellip;\" \/>\n<meta name=\"robots\" content=\"index, follow, max-snippet:-1, max-image-preview:large, max-video-preview:-1\" \/>\n<link rel=\"canonical\" href=\"http:\/\/\u00c7ALI\u015eANLARINIZ%20I\u00c7INBILGI%20AKTARIMINIMEVCUDIYET%20E\u011eITIMI%20ILE%20TAMAMLAYIN%20Her%20konu%20\u00e7al\u0131\u015fanlara%20dijital%20medya%20arac\u0131l\u0131\u011f\u0131yla%20iletilemez.%20\u00d6rne\u011fin,%20\u00e7al\u0131\u015fanlar\u0131n\u0131z\u0131n%20belirli%20bir%20konuda%20daha%20yo\u011fun%20bilgi%20aktar\u0131m\u0131na%20ihtiya\u00e7%20duydu\u011funu%20hissediyorsunuz%20veya%20\u00f6zel%20dahili%20\u00f6zellikler%20\u00fczerinde%20\u00e7al\u0131\u015fmak%20istiyorsunuz.%20\u00c7evrimi\u00e7i%20\u00f6\u011frenme%20ve%20s\u0131n\u0131f%20e\u011fitiminin%20birle\u015fimi,%20\u00e7al\u0131\u015fanlar\u0131n\u0131z\u0131n%20bug\u00fcn%20ihtiya\u00e7%20duydu\u011fu%20bilgi%20aktar\u0131m\u0131n\u0131n%20do\u011fru%20kar\u0131\u015f\u0131m\u0131d\u0131r.%20Bu%20nedenle%20size,%20lojistik%20alan\u0131ndaki%20hissedar\u0131m\u0131z%20ye\u015fil%20\u00f6rdek%20ile&hellip;\" \/>\n<meta property=\"og:locale\" content=\"tr_TR\" \/>\n<meta property=\"og:type\" content=\"article\" \/>\n<meta property=\"og:title\" content=\"S\u0131n\u0131f e\u011fitimi\" \/>\n<meta property=\"og:description\" content=\"\u00c7ALI\u015eANLARINIZ I\u00c7INBILGI AKTARIMINIMEVCUDIYET E\u011eITIMI ILE TAMAMLAYIN Her konu \u00e7al\u0131\u015fanlara dijital medya arac\u0131l\u0131\u011f\u0131yla iletilemez. \u00d6rne\u011fin, \u00e7al\u0131\u015fanlar\u0131n\u0131z\u0131n belirli bir konuda daha yo\u011fun bilgi aktar\u0131m\u0131na ihtiya\u00e7 duydu\u011funu hissediyorsunuz veya \u00f6zel dahili \u00f6zellikler \u00fczerinde \u00e7al\u0131\u015fmak istiyorsunuz. \u00c7evrimi\u00e7i \u00f6\u011frenme ve s\u0131n\u0131f e\u011fitiminin birle\u015fimi, \u00e7al\u0131\u015fanlar\u0131n\u0131z\u0131n bug\u00fcn ihtiya\u00e7 duydu\u011fu bilgi aktar\u0131m\u0131n\u0131n do\u011fru kar\u0131\u015f\u0131m\u0131d\u0131r. Bu nedenle size, lojistik alan\u0131ndaki hissedar\u0131m\u0131z &quot;ye\u015fil \u00f6rdek&quot; ile&hellip;\" \/>\n<meta property=\"og:url\" content=\"https:\/\/www.digi-duck.com\/tr\/praesenztraining\/\" \/>\n<meta property=\"og:site_name\" content=\"DigiDuck\" \/>\n<meta property=\"article:publisher\" content=\"https:\/\/www.facebook.com\/profile.php?id=61558494354505\" \/>\n<meta property=\"article:modified_time\" content=\"2023-07-07T09:54:31+00:00\" \/>\n<meta name=\"twitter:card\" content=\"summary_large_image\" \/>\n<meta name=\"twitter:label1\" content=\"Tahmini okuma s\u00fcresi\" \/>\n\t<meta name=\"twitter:data1\" content=\"2 dakika\" \/>\n<script type=\"application\/ld+json\" class=\"yoast-schema-graph\">{\"@context\":\"https:\/\/schema.org\",\"@graph\":[{\"@type\":\"WebPage\",\"@id\":\"https:\/\/www.digi-duck.com\/tr\/praesenztraining\/\",\"url\":\"https:\/\/www.digi-duck.com\/tr\/praesenztraining\/\",\"name\":\"DigiDuck \u2013 Mitarbeiterunterweisung durch Pr\u00e4senztraining\",\"isPartOf\":{\"@id\":\"https:\/\/www.digi-duck.com\/#website\"},\"datePublished\":\"2022-12-04T15:13:06+00:00\",\"dateModified\":\"2023-07-07T09:54:31+00:00\",\"breadcrumb\":{\"@id\":\"https:\/\/www.digi-duck.com\/tr\/praesenztraining\/#breadcrumb\"},\"inLanguage\":\"tr\",\"potentialAction\":[{\"@type\":\"ReadAction\",\"target\":[\"https:\/\/www.digi-duck.com\/tr\/praesenztraining\/\"]}]},{\"@type\":\"BreadcrumbList\",\"@id\":\"https:\/\/www.digi-duck.com\/tr\/praesenztraining\/#breadcrumb\",\"itemListElement\":[{\"@type\":\"ListItem\",\"position\":1,\"name\":\"Anasayfa\",\"item\":\"https:\/\/www.digi-duck.com\/\"},{\"@type\":\"ListItem\",\"position\":2,\"name\":\"S\u0131n\u0131f e\u011fitimi\"}]},{\"@type\":\"WebSite\",\"@id\":\"https:\/\/www.digi-duck.com\/tr\/#website\",\"url\":\"https:\/\/www.digi-duck.com\/tr\/\",\"name\":\"DigiDuck\",\"description\":\"Ihr digitaler Qualifikationspartner\",\"publisher\":{\"@id\":\"https:\/\/www.digi-duck.com\/tr\/#organization\"},\"potentialAction\":[{\"@type\":\"SearchAction\",\"target\":{\"@type\":\"EntryPoint\",\"urlTemplate\":\"https:\/\/www.digi-duck.com\/tr\/?s={search_term_string}\"},\"query-input\":{\"@type\":\"PropertyValueSpecification\",\"valueRequired\":true,\"valueName\":\"search_term_string\"}}],\"inLanguage\":\"tr\"},{\"@type\":\"Organization\",\"@id\":\"https:\/\/www.digi-duck.com\/tr\/#organization\",\"name\":\"DigiDuck GmbH\",\"url\":\"https:\/\/www.digi-duck.com\/tr\/\",\"logo\":{\"@type\":\"ImageObject\",\"inLanguage\":\"tr\",\"@id\":\"https:\/\/www.digi-duck.com\/tr\/#\/schema\/logo\/image\/\",\"url\":\"https:\/\/www.digi-duck.com\/wp-content\/uploads\/2024\/08\/DigiDuck_Logo_App_Colored.png\",\"contentUrl\":\"https:\/\/www.digi-duck.com\/wp-content\/uploads\/2024\/08\/DigiDuck_Logo_App_Colored.png\",\"width\":2000,\"height\":2000,\"caption\":\"DigiDuck GmbH\"},\"image\":{\"@id\":\"https:\/\/www.digi-duck.com\/tr\/#\/schema\/logo\/image\/\"},\"sameAs\":[\"https:\/\/www.facebook.com\/profile.php?id=61558494354505\",\"https:\/\/www.linkedin.com\/company\/digiduck-gmbh\",\"https:\/\/www.xing.com\/pages\/digiduck-gmbh\"]}]}<\/script>\n<!-- \/ Yoast SEO plugin. -->","yoast_head_json":{"title":"S\u0131n\u0131f e\u011fitimi","description":"\u00c7ALI\u015eANLARINIZ I\u00c7INBILGI AKTARIMINIMEVCUDIYET E\u011eITIMI ILE TAMAMLAYIN Her konu \u00e7al\u0131\u015fanlara dijital medya arac\u0131l\u0131\u011f\u0131yla iletilemez. \u00d6rne\u011fin, \u00e7al\u0131\u015fanlar\u0131n\u0131z\u0131n belirli bir konuda daha yo\u011fun bilgi aktar\u0131m\u0131na ihtiya\u00e7 duydu\u011funu hissediyorsunuz veya \u00f6zel dahili \u00f6zellikler \u00fczerinde \u00e7al\u0131\u015fmak istiyorsunuz. \u00c7evrimi\u00e7i \u00f6\u011frenme ve s\u0131n\u0131f e\u011fitiminin birle\u015fimi, \u00e7al\u0131\u015fanlar\u0131n\u0131z\u0131n bug\u00fcn ihtiya\u00e7 duydu\u011fu bilgi aktar\u0131m\u0131n\u0131n do\u011fru kar\u0131\u015f\u0131m\u0131d\u0131r. Bu nedenle size, lojistik alan\u0131ndaki hissedar\u0131m\u0131z \"ye\u015fil \u00f6rdek\" ile&hellip;","robots":{"index":"index","follow":"follow","max-snippet":"max-snippet:-1","max-image-preview":"max-image-preview:large","max-video-preview":"max-video-preview:-1"},"canonical":"\u00c7ALI\u015eANLARINIZ I\u00c7INBILGI AKTARIMINIMEVCUDIYET E\u011eITIMI ILE TAMAMLAYIN Her konu \u00e7al\u0131\u015fanlara dijital medya arac\u0131l\u0131\u011f\u0131yla iletilemez. \u00d6rne\u011fin, \u00e7al\u0131\u015fanlar\u0131n\u0131z\u0131n belirli bir konuda daha yo\u011fun bilgi aktar\u0131m\u0131na ihtiya\u00e7 duydu\u011funu hissediyorsunuz veya \u00f6zel dahili \u00f6zellikler \u00fczerinde \u00e7al\u0131\u015fmak istiyorsunuz. \u00c7evrimi\u00e7i \u00f6\u011frenme ve s\u0131n\u0131f e\u011fitiminin birle\u015fimi, \u00e7al\u0131\u015fanlar\u0131n\u0131z\u0131n bug\u00fcn ihtiya\u00e7 duydu\u011fu bilgi aktar\u0131m\u0131n\u0131n do\u011fru kar\u0131\u015f\u0131m\u0131d\u0131r. Bu nedenle size, lojistik alan\u0131ndaki hissedar\u0131m\u0131z \"ye\u015fil \u00f6rdek\" ile&hellip;","og_locale":"tr_TR","og_type":"article","og_title":"S\u0131n\u0131f e\u011fitimi","og_description":"\u00c7ALI\u015eANLARINIZ I\u00c7INBILGI AKTARIMINIMEVCUDIYET E\u011eITIMI ILE TAMAMLAYIN Her konu \u00e7al\u0131\u015fanlara dijital medya arac\u0131l\u0131\u011f\u0131yla iletilemez. \u00d6rne\u011fin, \u00e7al\u0131\u015fanlar\u0131n\u0131z\u0131n belirli bir konuda daha yo\u011fun bilgi aktar\u0131m\u0131na ihtiya\u00e7 duydu\u011funu hissediyorsunuz veya \u00f6zel dahili \u00f6zellikler \u00fczerinde \u00e7al\u0131\u015fmak istiyorsunuz. \u00c7evrimi\u00e7i \u00f6\u011frenme ve s\u0131n\u0131f e\u011fitiminin birle\u015fimi, \u00e7al\u0131\u015fanlar\u0131n\u0131z\u0131n bug\u00fcn ihtiya\u00e7 duydu\u011fu bilgi aktar\u0131m\u0131n\u0131n do\u011fru kar\u0131\u015f\u0131m\u0131d\u0131r. Bu nedenle size, lojistik alan\u0131ndaki hissedar\u0131m\u0131z \"ye\u015fil \u00f6rdek\" ile&hellip;","og_url":"https:\/\/www.digi-duck.com\/tr\/praesenztraining\/","og_site_name":"DigiDuck","article_publisher":"https:\/\/www.facebook.com\/profile.php?id=61558494354505","article_modified_time":"2023-07-07T09:54:31+00:00","twitter_card":"summary_large_image","twitter_misc":{"Tahmini okuma s\u00fcresi":"2 dakika"},"schema":{"@context":"https:\/\/schema.org","@graph":[{"@type":"WebPage","@id":"https:\/\/www.digi-duck.com\/tr\/praesenztraining\/","url":"https:\/\/www.digi-duck.com\/tr\/praesenztraining\/","name":"DigiDuck \u2013 Mitarbeiterunterweisung durch Pr\u00e4senztraining","isPartOf":{"@id":"https:\/\/www.digi-duck.com\/#website"},"datePublished":"2022-12-04T15:13:06+00:00","dateModified":"2023-07-07T09:54:31+00:00","breadcrumb":{"@id":"https:\/\/www.digi-duck.com\/tr\/praesenztraining\/#breadcrumb"},"inLanguage":"tr","potentialAction":[{"@type":"ReadAction","target":["https:\/\/www.digi-duck.com\/tr\/praesenztraining\/"]}]},{"@type":"BreadcrumbList","@id":"https:\/\/www.digi-duck.com\/tr\/praesenztraining\/#breadcrumb","itemListElement":[{"@type":"ListItem","position":1,"name":"Anasayfa","item":"https:\/\/www.digi-duck.com\/"},{"@type":"ListItem","position":2,"name":"S\u0131n\u0131f e\u011fitimi"}]},{"@type":"WebSite","@id":"https:\/\/www.digi-duck.com\/tr\/#website","url":"https:\/\/www.digi-duck.com\/tr\/","name":"DigiDuck","description":"Ihr digitaler Qualifikationspartner","publisher":{"@id":"https:\/\/www.digi-duck.com\/tr\/#organization"},"potentialAction":[{"@type":"SearchAction","target":{"@type":"EntryPoint","urlTemplate":"https:\/\/www.digi-duck.com\/tr\/?s={search_term_string}"},"query-input":{"@type":"PropertyValueSpecification","valueRequired":true,"valueName":"search_term_string"}}],"inLanguage":"tr"},{"@type":"Organization","@id":"https:\/\/www.digi-duck.com\/tr\/#organization","name":"DigiDuck GmbH","url":"https:\/\/www.digi-duck.com\/tr\/","logo":{"@type":"ImageObject","inLanguage":"tr","@id":"https:\/\/www.digi-duck.com\/tr\/#\/schema\/logo\/image\/","url":"https:\/\/www.digi-duck.com\/wp-content\/uploads\/2024\/08\/DigiDuck_Logo_App_Colored.png","contentUrl":"https:\/\/www.digi-duck.com\/wp-content\/uploads\/2024\/08\/DigiDuck_Logo_App_Colored.png","width":2000,"height":2000,"caption":"DigiDuck GmbH"},"image":{"@id":"https:\/\/www.digi-duck.com\/tr\/#\/schema\/logo\/image\/"},"sameAs":["https:\/\/www.facebook.com\/profile.php?id=61558494354505","https:\/\/www.linkedin.com\/company\/digiduck-gmbh","https:\/\/www.xing.com\/pages\/digiduck-gmbh"]}]}},"post_mailing_queue_ids":[],"_links":{"self":[{"href":"https:\/\/www.digi-duck.com\/tr\/wp-json\/wp\/v2\/pages\/372","targetHints":{"allow":["GET"]}}],"collection":[{"href":"https:\/\/www.digi-duck.com\/tr\/wp-json\/wp\/v2\/pages"}],"about":[{"href":"https:\/\/www.digi-duck.com\/tr\/wp-json\/wp\/v2\/types\/page"}],"author":[{"embeddable":true,"href":"https:\/\/www.digi-duck.com\/tr\/wp-json\/wp\/v2\/users\/4"}],"replies":[{"embeddable":true,"href":"https:\/\/www.digi-duck.com\/tr\/wp-json\/wp\/v2\/comments?post=372"}],"version-history":[{"count":3,"href":"https:\/\/www.digi-duck.com\/tr\/wp-json\/wp\/v2\/pages\/372\/revisions"}],"predecessor-version":[{"id":681,"href":"https:\/\/www.digi-duck.com\/tr\/wp-json\/wp\/v2\/pages\/372\/revisions\/681"}],"wp:attachment":[{"href":"https:\/\/www.digi-duck.com\/tr\/wp-json\/wp\/v2\/media?parent=372"}],"curies":[{"name":"wp","href":"https:\/\/api.w.org\/{rel}","templated":true}]}}