{"id":38,"date":"2022-07-22T09:23:48","date_gmt":"2022-07-22T07:23:48","guid":{"rendered":"https:\/\/www.digi-duck.com\/?page_id=38"},"modified":"2022-12-05T17:18:19","modified_gmt":"2022-12-05T16:18:19","slug":"eigene-inhalte-publizieren","status":"publish","type":"page","link":"https:\/\/www.digi-duck.com\/tr\/eigene-inhalte-publizieren\/","title":{"rendered":"Kendi i\u00e7eri\u011finizi yay\u0131nlay\u0131n"},"content":{"rendered":"<p>KENDI E\u011eITIM KURSLARINIZI MI KULLANMAK ISTIYORSUNUZ?<br \/>SORUN DE\u011eIL!<\/p>\n<hr class=\"wp-block-separator has-alpha-channel-opacity\">\n<p>Elbette, size kendi mevcut i\u00e7eri\u011finizi DigiDuck&#8217;a entegre etme se\u00e7ene\u011fi de sunuyoruz. \u0130ster basit pdf&#8217;ler, ister PowerPoint veya karma\u015f\u0131k g\u00f6rsel-i\u015fitsel e\u011fitimler olsun. Ayr\u0131ca m\u00fcteakip s\u0131nav ve sertifika ile birlikte. Platformumuzdaki uygulama konusunda size yard\u0131mc\u0131 olmaktan mutluluk duyar\u0131z.<\/p>\n<p>Kendi materyaliniz yok, ancak yine de \u015firketiniz i\u00e7in \u00f6zel olarak \u00fcretilmi\u015f yeni e\u011fitimler mi almak istiyorsunuz? Sorun de\u011fil. Size ba\u011flay\u0131c\u0131 olmayan bir teklif yapal\u0131m.<\/p>\n<p>Mevcut e\u011fitim kurslar\u0131n\u0131n \u00e7evirisi konusunda yard\u0131ma m\u0131 ihtiyac\u0131n\u0131z var veya mevcut basit i\u00e7eri\u011finizin profesyonel g\u00f6rsel-i\u015fitsel e\u011fitim kurslar\u0131na d\u00f6n\u00fc\u015ft\u00fcr\u00fclmesini mi istiyorsunuz? Bunu sizin i\u00e7in yapmaktan mutluluk duyar\u0131z.<\/p>\n<hr class=\"wp-block-separator has-alpha-channel-opacity\">\n<p>\u0130leti\u015fim<\/p>\n<hr class=\"wp-block-separator has-alpha-channel-opacity\">\n<p>B\u0130Z\u0130MLE KONU\u015eUN.<\/p>\n<hr class=\"wp-block-separator has-alpha-channel-opacity\">\n<p>Size tavsiyede bulunmaktan mutluluk duyaca\u011f\u0131z!<\/p>\n<hr class=\"wp-block-separator has-alpha-channel-opacity\">\n<a href=\"\/tr\/kontakt\/\" target=\"_self\" class=\"btn-white-full btn btn-primary\">Start enquiry<\/a>\n","protected":false},"excerpt":{"rendered":"<p>KENDI E\u011eITIM KURSLARINIZI MI KULLANMAK ISTIYORSUNUZ?SORUN DE\u011eIL! Elbette, size kendi mevcut i\u00e7eri\u011finizi DigiDuck&#8217;a entegre etme se\u00e7ene\u011fi de sunuyoruz. \u0130ster basit pdf&#8217;ler, ister PowerPoint veya karma\u015f\u0131k g\u00f6rsel-i\u015fitsel e\u011fitimler olsun. Ayr\u0131ca m\u00fcteakip s\u0131nav ve sertifika ile birlikte. Platformumuzdaki uygulama konusunda size yard\u0131mc\u0131 olmaktan mutluluk duyar\u0131z. Kendi materyaliniz yok, ancak yine de \u015firketiniz i\u00e7in \u00f6zel olarak \u00fcretilmi\u015f yeni [&hellip;]<\/p>\n","protected":false},"author":4,"featured_media":0,"parent":0,"menu_order":0,"comment_status":"closed","ping_status":"closed","template":"","meta":{"_acf_changed":false,"footnotes":""},"class_list":["post-38","page","type-page","status-publish","hentry"],"acf":[],"yoast_head":"<!-- This site is optimized with the Yoast SEO plugin v27.1.1 - https:\/\/yoast.com\/product\/yoast-seo-wordpress\/ -->\n<title>Kendi i\u00e7eri\u011finizi yay\u0131nlay\u0131n<\/title>\n<meta name=\"description\" content=\"KENDI E\u011eITIM KURSLARINIZI MI KULLANMAK ISTIYORSUNUZ?SORUN DE\u011eIL! Elbette, size kendi mevcut i\u00e7eri\u011finizi DigiDuck&#039;a entegre etme se\u00e7ene\u011fi de sunuyoruz. \u0130ster basit pdf&#039;ler, ister PowerPoint veya karma\u015f\u0131k g\u00f6rsel-i\u015fitsel e\u011fitimler olsun. Ayr\u0131ca m\u00fcteakip s\u0131nav ve sertifika ile birlikte. Platformumuzdaki uygulama konusunda size yard\u0131mc\u0131 olmaktan mutluluk duyar\u0131z. Kendi materyaliniz yok, ancak yine de \u015firketiniz i\u00e7in \u00f6zel olarak \u00fcretilmi\u015f yeni&hellip;\" \/>\n<meta name=\"robots\" content=\"index, follow, max-snippet:-1, max-image-preview:large, max-video-preview:-1\" \/>\n<link rel=\"canonical\" href=\"http:\/\/KENDI%20E\u011eITIM%20KURSLARINIZI%20MI%20KULLANMAK%20ISTIYORSUNUZ?SORUN%20DE\u011eIL!%20Elbette,%20size%20kendi%20mevcut%20i\u00e7eri\u011finizi%20DigiDuck'a%20entegre%20etme%20se\u00e7ene\u011fi%20de%20sunuyoruz.%20\u0130ster%20basit%20pdf'ler,%20ister%20PowerPoint%20veya%20karma\u015f\u0131k%20g\u00f6rsel-i\u015fitsel%20e\u011fitimler%20olsun.%20Ayr\u0131ca%20m\u00fcteakip%20s\u0131nav%20ve%20sertifika%20ile%20birlikte.%20Platformumuzdaki%20uygulama%20konusunda%20size%20yard\u0131mc\u0131%20olmaktan%20mutluluk%20duyar\u0131z.%20Kendi%20materyaliniz%20yok,%20ancak%20yine%20de%20\u015firketiniz%20i\u00e7in%20\u00f6zel%20olarak%20\u00fcretilmi\u015f%20yeni&hellip;\" \/>\n<meta property=\"og:locale\" content=\"tr_TR\" \/>\n<meta property=\"og:type\" content=\"article\" \/>\n<meta property=\"og:title\" content=\"Kendi i\u00e7eri\u011finizi yay\u0131nlay\u0131n\" \/>\n<meta property=\"og:description\" content=\"KENDI E\u011eITIM KURSLARINIZI MI KULLANMAK ISTIYORSUNUZ?SORUN DE\u011eIL! Elbette, size kendi mevcut i\u00e7eri\u011finizi DigiDuck&#039;a entegre etme se\u00e7ene\u011fi de sunuyoruz. \u0130ster basit pdf&#039;ler, ister PowerPoint veya karma\u015f\u0131k g\u00f6rsel-i\u015fitsel e\u011fitimler olsun. Ayr\u0131ca m\u00fcteakip s\u0131nav ve sertifika ile birlikte. Platformumuzdaki uygulama konusunda size yard\u0131mc\u0131 olmaktan mutluluk duyar\u0131z. Kendi materyaliniz yok, ancak yine de \u015firketiniz i\u00e7in \u00f6zel olarak \u00fcretilmi\u015f yeni&hellip;\" \/>\n<meta property=\"og:url\" content=\"https:\/\/www.digi-duck.com\/tr\/eigene-inhalte-publizieren\/\" \/>\n<meta property=\"og:site_name\" content=\"DigiDuck\" \/>\n<meta property=\"article:publisher\" content=\"https:\/\/www.facebook.com\/profile.php?id=61558494354505\" \/>\n<meta property=\"article:modified_time\" content=\"2022-12-05T16:18:19+00:00\" \/>\n<meta name=\"twitter:card\" content=\"summary_large_image\" \/>\n<meta name=\"twitter:label1\" content=\"Tahmini okuma s\u00fcresi\" \/>\n\t<meta name=\"twitter:data1\" content=\"1 dakika\" \/>\n<script type=\"application\/ld+json\" class=\"yoast-schema-graph\">{\"@context\":\"https:\/\/schema.org\",\"@graph\":[{\"@type\":\"WebPage\",\"@id\":\"https:\/\/www.digi-duck.com\/tr\/eigene-inhalte-publizieren\/\",\"url\":\"https:\/\/www.digi-duck.com\/tr\/eigene-inhalte-publizieren\/\",\"name\":\"Eigene Inhalte publizieren - DigiDuck\",\"isPartOf\":{\"@id\":\"https:\/\/www.digi-duck.com\/#website\"},\"datePublished\":\"2022-07-22T07:23:48+00:00\",\"dateModified\":\"2022-12-05T16:18:19+00:00\",\"breadcrumb\":{\"@id\":\"https:\/\/www.digi-duck.com\/tr\/eigene-inhalte-publizieren\/#breadcrumb\"},\"inLanguage\":\"tr\",\"potentialAction\":[{\"@type\":\"ReadAction\",\"target\":[\"https:\/\/www.digi-duck.com\/tr\/eigene-inhalte-publizieren\/\"]}]},{\"@type\":\"BreadcrumbList\",\"@id\":\"https:\/\/www.digi-duck.com\/tr\/eigene-inhalte-publizieren\/#breadcrumb\",\"itemListElement\":[{\"@type\":\"ListItem\",\"position\":1,\"name\":\"Anasayfa\",\"item\":\"https:\/\/www.digi-duck.com\/\"},{\"@type\":\"ListItem\",\"position\":2,\"name\":\"Kendi i\u00e7eri\u011finizi yay\u0131nlay\u0131n\"}]},{\"@type\":\"WebSite\",\"@id\":\"https:\/\/www.digi-duck.com\/tr\/#website\",\"url\":\"https:\/\/www.digi-duck.com\/tr\/\",\"name\":\"DigiDuck\",\"description\":\"Ihr digitaler Qualifikationspartner\",\"publisher\":{\"@id\":\"https:\/\/www.digi-duck.com\/tr\/#organization\"},\"potentialAction\":[{\"@type\":\"SearchAction\",\"target\":{\"@type\":\"EntryPoint\",\"urlTemplate\":\"https:\/\/www.digi-duck.com\/tr\/?s={search_term_string}\"},\"query-input\":{\"@type\":\"PropertyValueSpecification\",\"valueRequired\":true,\"valueName\":\"search_term_string\"}}],\"inLanguage\":\"tr\"},{\"@type\":\"Organization\",\"@id\":\"https:\/\/www.digi-duck.com\/tr\/#organization\",\"name\":\"DigiDuck GmbH\",\"url\":\"https:\/\/www.digi-duck.com\/tr\/\",\"logo\":{\"@type\":\"ImageObject\",\"inLanguage\":\"tr\",\"@id\":\"https:\/\/www.digi-duck.com\/tr\/#\/schema\/logo\/image\/\",\"url\":\"https:\/\/www.digi-duck.com\/wp-content\/uploads\/2024\/08\/DigiDuck_Logo_App_Colored.png\",\"contentUrl\":\"https:\/\/www.digi-duck.com\/wp-content\/uploads\/2024\/08\/DigiDuck_Logo_App_Colored.png\",\"width\":2000,\"height\":2000,\"caption\":\"DigiDuck GmbH\"},\"image\":{\"@id\":\"https:\/\/www.digi-duck.com\/tr\/#\/schema\/logo\/image\/\"},\"sameAs\":[\"https:\/\/www.facebook.com\/profile.php?id=61558494354505\",\"https:\/\/www.linkedin.com\/company\/digiduck-gmbh\",\"https:\/\/www.xing.com\/pages\/digiduck-gmbh\"]}]}<\/script>\n<!-- \/ Yoast SEO plugin. -->","yoast_head_json":{"title":"Kendi i\u00e7eri\u011finizi yay\u0131nlay\u0131n","description":"KENDI E\u011eITIM KURSLARINIZI MI KULLANMAK ISTIYORSUNUZ?SORUN DE\u011eIL! Elbette, size kendi mevcut i\u00e7eri\u011finizi DigiDuck'a entegre etme se\u00e7ene\u011fi de sunuyoruz. \u0130ster basit pdf'ler, ister PowerPoint veya karma\u015f\u0131k g\u00f6rsel-i\u015fitsel e\u011fitimler olsun. Ayr\u0131ca m\u00fcteakip s\u0131nav ve sertifika ile birlikte. Platformumuzdaki uygulama konusunda size yard\u0131mc\u0131 olmaktan mutluluk duyar\u0131z. Kendi materyaliniz yok, ancak yine de \u015firketiniz i\u00e7in \u00f6zel olarak \u00fcretilmi\u015f yeni&hellip;","robots":{"index":"index","follow":"follow","max-snippet":"max-snippet:-1","max-image-preview":"max-image-preview:large","max-video-preview":"max-video-preview:-1"},"canonical":"KENDI E\u011eITIM KURSLARINIZI MI KULLANMAK ISTIYORSUNUZ?SORUN DE\u011eIL! Elbette, size kendi mevcut i\u00e7eri\u011finizi DigiDuck'a entegre etme se\u00e7ene\u011fi de sunuyoruz. \u0130ster basit pdf'ler, ister PowerPoint veya karma\u015f\u0131k g\u00f6rsel-i\u015fitsel e\u011fitimler olsun. Ayr\u0131ca m\u00fcteakip s\u0131nav ve sertifika ile birlikte. Platformumuzdaki uygulama konusunda size yard\u0131mc\u0131 olmaktan mutluluk duyar\u0131z. Kendi materyaliniz yok, ancak yine de \u015firketiniz i\u00e7in \u00f6zel olarak \u00fcretilmi\u015f yeni&hellip;","og_locale":"tr_TR","og_type":"article","og_title":"Kendi i\u00e7eri\u011finizi yay\u0131nlay\u0131n","og_description":"KENDI E\u011eITIM KURSLARINIZI MI KULLANMAK ISTIYORSUNUZ?SORUN DE\u011eIL! Elbette, size kendi mevcut i\u00e7eri\u011finizi DigiDuck'a entegre etme se\u00e7ene\u011fi de sunuyoruz. \u0130ster basit pdf'ler, ister PowerPoint veya karma\u015f\u0131k g\u00f6rsel-i\u015fitsel e\u011fitimler olsun. Ayr\u0131ca m\u00fcteakip s\u0131nav ve sertifika ile birlikte. Platformumuzdaki uygulama konusunda size yard\u0131mc\u0131 olmaktan mutluluk duyar\u0131z. Kendi materyaliniz yok, ancak yine de \u015firketiniz i\u00e7in \u00f6zel olarak \u00fcretilmi\u015f yeni&hellip;","og_url":"https:\/\/www.digi-duck.com\/tr\/eigene-inhalte-publizieren\/","og_site_name":"DigiDuck","article_publisher":"https:\/\/www.facebook.com\/profile.php?id=61558494354505","article_modified_time":"2022-12-05T16:18:19+00:00","twitter_card":"summary_large_image","twitter_misc":{"Tahmini okuma s\u00fcresi":"1 dakika"},"schema":{"@context":"https:\/\/schema.org","@graph":[{"@type":"WebPage","@id":"https:\/\/www.digi-duck.com\/tr\/eigene-inhalte-publizieren\/","url":"https:\/\/www.digi-duck.com\/tr\/eigene-inhalte-publizieren\/","name":"Eigene Inhalte publizieren - DigiDuck","isPartOf":{"@id":"https:\/\/www.digi-duck.com\/#website"},"datePublished":"2022-07-22T07:23:48+00:00","dateModified":"2022-12-05T16:18:19+00:00","breadcrumb":{"@id":"https:\/\/www.digi-duck.com\/tr\/eigene-inhalte-publizieren\/#breadcrumb"},"inLanguage":"tr","potentialAction":[{"@type":"ReadAction","target":["https:\/\/www.digi-duck.com\/tr\/eigene-inhalte-publizieren\/"]}]},{"@type":"BreadcrumbList","@id":"https:\/\/www.digi-duck.com\/tr\/eigene-inhalte-publizieren\/#breadcrumb","itemListElement":[{"@type":"ListItem","position":1,"name":"Anasayfa","item":"https:\/\/www.digi-duck.com\/"},{"@type":"ListItem","position":2,"name":"Kendi i\u00e7eri\u011finizi yay\u0131nlay\u0131n"}]},{"@type":"WebSite","@id":"https:\/\/www.digi-duck.com\/tr\/#website","url":"https:\/\/www.digi-duck.com\/tr\/","name":"DigiDuck","description":"Ihr digitaler Qualifikationspartner","publisher":{"@id":"https:\/\/www.digi-duck.com\/tr\/#organization"},"potentialAction":[{"@type":"SearchAction","target":{"@type":"EntryPoint","urlTemplate":"https:\/\/www.digi-duck.com\/tr\/?s={search_term_string}"},"query-input":{"@type":"PropertyValueSpecification","valueRequired":true,"valueName":"search_term_string"}}],"inLanguage":"tr"},{"@type":"Organization","@id":"https:\/\/www.digi-duck.com\/tr\/#organization","name":"DigiDuck GmbH","url":"https:\/\/www.digi-duck.com\/tr\/","logo":{"@type":"ImageObject","inLanguage":"tr","@id":"https:\/\/www.digi-duck.com\/tr\/#\/schema\/logo\/image\/","url":"https:\/\/www.digi-duck.com\/wp-content\/uploads\/2024\/08\/DigiDuck_Logo_App_Colored.png","contentUrl":"https:\/\/www.digi-duck.com\/wp-content\/uploads\/2024\/08\/DigiDuck_Logo_App_Colored.png","width":2000,"height":2000,"caption":"DigiDuck GmbH"},"image":{"@id":"https:\/\/www.digi-duck.com\/tr\/#\/schema\/logo\/image\/"},"sameAs":["https:\/\/www.facebook.com\/profile.php?id=61558494354505","https:\/\/www.linkedin.com\/company\/digiduck-gmbh","https:\/\/www.xing.com\/pages\/digiduck-gmbh"]}]}},"post_mailing_queue_ids":[],"_links":{"self":[{"href":"https:\/\/www.digi-duck.com\/tr\/wp-json\/wp\/v2\/pages\/38","targetHints":{"allow":["GET"]}}],"collection":[{"href":"https:\/\/www.digi-duck.com\/tr\/wp-json\/wp\/v2\/pages"}],"about":[{"href":"https:\/\/www.digi-duck.com\/tr\/wp-json\/wp\/v2\/types\/page"}],"author":[{"embeddable":true,"href":"https:\/\/www.digi-duck.com\/tr\/wp-json\/wp\/v2\/users\/4"}],"replies":[{"embeddable":true,"href":"https:\/\/www.digi-duck.com\/tr\/wp-json\/wp\/v2\/comments?post=38"}],"version-history":[{"count":3,"href":"https:\/\/www.digi-duck.com\/tr\/wp-json\/wp\/v2\/pages\/38\/revisions"}],"predecessor-version":[{"id":409,"href":"https:\/\/www.digi-duck.com\/tr\/wp-json\/wp\/v2\/pages\/38\/revisions\/409"}],"wp:attachment":[{"href":"https:\/\/www.digi-duck.com\/tr\/wp-json\/wp\/v2\/media?parent=38"}],"curies":[{"name":"wp","href":"https:\/\/api.w.org\/{rel}","templated":true}]}}