{"id":40,"date":"2022-07-22T09:24:01","date_gmt":"2022-07-22T07:24:01","guid":{"rendered":"https:\/\/www.digi-duck.com\/?page_id=40"},"modified":"2025-09-02T14:46:28","modified_gmt":"2025-09-02T12:46:28","slug":"impressum","status":"publish","type":"page","link":"https:\/\/www.digi-duck.com\/tr\/impressum\/","title":{"rendered":"K\u00fcnye"},"content":{"rendered":"<p>BASKI<\/p>\n<hr class=\"wp-block-separator has-alpha-channel-opacity\">\n<p>TMG \u00a7 5 uyar\u0131nca bilgiler<\/p>\n<p><strong>DigiDuck GmbH<\/strong><br \/>Poststra\u00dfe 61<br \/>41516 Grevenbroich<\/p>\n<p>Ticaret sicili: HRB 20777<\/p>\n<p>Kay\u0131t mahkemesi: M\u00f6nchengladbach Yerel Mahkemesi<\/p>\n<p>Y\u00f6netim: Thorsten P\u00fctz<\/p>\n<p>Dan\u0131\u015fma kurulu: Harald Meurer, Peter Wirth<\/p>\n<p>Telefon: <a href=\"&#x74;&#x65;&#x6c;&#58;&#43;49&#x32;&#x31;&#x38;&#x31;&#50;&#55;38&#x34;&#x39;&#x30;\">&#x2b;&#52;9&#x20;&#x32;&#49;8&#x31;&#x20;&#50;7&#x33;&#32;8&#x34;&#x39;&#32;0<\/a><br \/>E-posta: <a href=\"&#x6d;&#x61;&#x69;&#108;&#116;&#111;:i&#x6e;&#x66;&#x6f;&#x40;&#100;&#105;gi&#x2d;&#x64;&#x75;&#x63;&#107;&#46;co&#x6d;\">&#x69;n&#x66;&#111;&#x40;&#x64;i&#x67;&#105;&#x2d;&#x64;u&#x63;&#107;&#x2e;&#x63;o&#x6d;<\/a><\/p>\n<p>Umsatzsteuergesetz \u00a7 27 a uyar\u0131nca sat\u0131\u015f vergisi kimlik numaras\u0131: DE351948314<\/p>\n<h5>AB UYU\u015eMAZLIK \u00c7\u00d6Z\u00dcM\u00dc<\/h5>\n<p>Avrupa Komisyonu \u00e7evrimi\u00e7i uyu\u015fmazl\u0131k \u00e7\u00f6z\u00fcm\u00fc i\u00e7in bir platform sa\u011flamaktad\u0131r (OS): https:\/\/ec.europa.eu\/consumers\/odr. E-posta adresimizi yukar\u0131daki k\u00fcnyede bulabilirsiniz.<\/p>\n<h5>T\u00dcKETI\u0307CI\u0307 UYU\u015eMAZLIKLARININ \u00c7\u00d6Z\u00dcM\u00dc\/EVRENSEL UYU\u015eMAZLIK \u00c7\u00d6Z\u00dcM HI\u0307ZMETI\u0307<\/h5>\n<p>Bir t\u00fcketici hakem heyeti nezdindeki uyu\u015fmazl\u0131k \u00e7\u00f6z\u00fcm i\u015flemlerine kat\u0131lmaya istekli veya y\u00fck\u00fcml\u00fc de\u011filiz<\/p>\n<h5>I\u0307\u00c7ERI\u0307K I\u0307\u00c7I\u0307N SORUMLULUK<\/h5>\n<p>Bir hizmet sa\u011flay\u0131c\u0131 olarak, TMG (Alman Telemedya Yasas\u0131) \u00a7 7 paragraf 1 uyar\u0131nca genel yasalara uygun olarak bu sayfalardaki kendi i\u00e7eri\u011fimizden sorumluyuz. Bununla birlikte, TMG \u00a7\u00a7 8 ila 10 uyar\u0131nca, bir hizmet sa\u011flay\u0131c\u0131 olarak iletilen veya saklanan \u00fc\u00e7\u00fcnc\u00fc taraf bilgilerini izlemek veya yasa d\u0131\u015f\u0131 faaliyetlere i\u015faret eden durumlar\u0131 ara\u015ft\u0131rmak zorunda de\u011filiz.<\/p>\n<p>Genel yasalara uygun olarak bilgilerin kald\u0131r\u0131lmas\u0131 veya kullan\u0131m\u0131n\u0131n engellenmesi y\u00fck\u00fcml\u00fcl\u00fckleri bundan etkilenmez. Ancak, bu konudaki sorumluluk ancak somut bir yasa ihlalinin \u00f6\u011frenildi\u011fi andan itibaren m\u00fcmk\u00fcnd\u00fcr. Bu t\u00fcr ihlallerden haberdar olmam\u0131z halinde, ilgili i\u00e7eri\u011fi derhal kald\u0131raca\u011f\u0131z.<\/p>\n<h5>BA\u011eLANTILAR I\u00c7IN SORUMLULUK<\/h5>\n<p>Web sitemiz, i\u00e7eri\u011fi \u00fczerinde hi\u00e7bir etkimiz olmayan \u00fc\u00e7\u00fcnc\u00fc taraflar\u0131n harici web sitelerine ba\u011flant\u0131lar i\u00e7erir. Bu nedenle, bu harici i\u00e7erikler i\u00e7in herhangi bir sorumluluk kabul edemeyiz. Ba\u011flant\u0131l\u0131 sayfalar\u0131n i\u00e7eri\u011finden her zaman sayfalar\u0131n ilgili sa\u011flay\u0131c\u0131s\u0131 veya operat\u00f6r\u00fc sorumludur. Ba\u011flant\u0131 verilen sayfalar, ba\u011flant\u0131 verildi\u011fi s\u0131rada olas\u0131 yasal ihlallere kar\u015f\u0131 kontrol edilmi\u015ftir. Yasa d\u0131\u015f\u0131 i\u00e7erikler ba\u011flant\u0131 s\u0131ras\u0131nda fark edilememi\u015ftir.<\/p>\n<p>Ancak, ba\u011flant\u0131l\u0131 sayfalar\u0131n i\u00e7eri\u011finin s\u00fcrekli olarak izlenmesi, yasal bir ihlalin somut g\u00f6stergeleri olmadan makul de\u011fildir. Herhangi bir yasa ihlalinden haberdar olursak, bu t\u00fcr ba\u011flant\u0131lar\u0131 derhal kald\u0131raca\u011f\u0131z.<\/p>\n<h5>TEL\u0130F HAKKI<\/h5>\n<p>Site operat\u00f6rleri taraf\u0131ndan olu\u015fturulan bu sayfalardaki i\u00e7erikler ve \u00e7al\u0131\u015fmalar Alman telif hakk\u0131 yasas\u0131na tabidir. Bu t\u00fcr materyallerin \u00e7o\u011falt\u0131lmas\u0131, i\u015flenmesi, da\u011f\u0131t\u0131lmas\u0131 veya telif hakk\u0131 yasas\u0131n\u0131n kapsam\u0131 d\u0131\u015f\u0131nda herhangi bir \u015fekilde ticarile\u015ftirilmesi, ilgili yazar\u0131n\u0131n veya yarat\u0131c\u0131s\u0131n\u0131n \u00f6nceden yaz\u0131l\u0131 onay\u0131n\u0131 gerektirecektir. Bu sitenin indirilmesine ve kopyalanmas\u0131na yaln\u0131zca \u00f6zel, ticari olmayan kullan\u0131m i\u00e7in izin verilir.<\/p>\n<p>Bu sitedeki i\u00e7erik operat\u00f6r taraf\u0131ndan olu\u015fturulmad\u0131\u011f\u0131 s\u00fcrece, \u00fc\u00e7\u00fcnc\u00fc taraflar\u0131n telif haklar\u0131na sayg\u0131 duyulur. \u00d6zellikle, \u00fc\u00e7\u00fcnc\u00fc taraf i\u00e7eri\u011fi bu \u015fekilde i\u015faretlenir. Yine de bir telif hakk\u0131 ihlalinden haberdar olursan\u0131z, l\u00fctfen bizi uygun \u015fekilde bilgilendirin. Herhangi bir ihlalden haberdar olursak, s\u00f6z konusu i\u00e7eri\u011fi derhal kald\u0131raca\u011f\u0131z.<\/p>\n","protected":false},"excerpt":{"rendered":"<p>BASKI TMG \u00a7 5 uyar\u0131nca bilgiler DigiDuck GmbHPoststra\u00dfe 6141516 Grevenbroich Ticaret sicili: HRB 20777 Kay\u0131t mahkemesi: M\u00f6nchengladbach Yerel Mahkemesi Y\u00f6netim: Thorsten P\u00fctz Dan\u0131\u015fma kurulu: Harald Meurer, Peter Wirth Telefon: &#x2b;4&#x39;&#32;&#x32;&#x31;8&#x31;&#32;&#x32;&#x37;3&#x20;&#56;&#x34;&#x39; &#x30;E-posta: in&#102;&#111;&#64;&#100;&#x69;&#x67;&#x69;&#x2d;&#x64;uc&#107;&#46;&#99;&#111;&#x6d; Umsatzsteuergesetz \u00a7 27 a uyar\u0131nca sat\u0131\u015f vergisi kimlik numaras\u0131: DE351948314 AB UYU\u015eMAZLIK \u00c7\u00d6Z\u00dcM\u00dc Avrupa Komisyonu \u00e7evrimi\u00e7i uyu\u015fmazl\u0131k \u00e7\u00f6z\u00fcm\u00fc i\u00e7in bir platform sa\u011flamaktad\u0131r (OS): [&hellip;]<\/p>\n","protected":false},"author":4,"featured_media":0,"parent":0,"menu_order":0,"comment_status":"closed","ping_status":"closed","template":"","meta":{"_acf_changed":false,"footnotes":""},"class_list":["post-40","page","type-page","status-publish","hentry"],"acf":[],"yoast_head":"<!-- This site is optimized with the Yoast SEO plugin v27.1.1 - https:\/\/yoast.com\/product\/yoast-seo-wordpress\/ -->\n<title>K\u00fcnye<\/title>\n<meta name=\"description\" content=\"BASKI TMG \u00a7 5 uyar\u0131nca bilgiler DigiDuck GmbHPoststra\u00dfe 6141516 Grevenbroich Ticaret sicili: HRB 20777 Kay\u0131t mahkemesi: M\u00f6nchengladbach Yerel Mahkemesi Y\u00f6netim: Thorsten P\u00fctz Dan\u0131\u015fma kurulu: Harald Meurer, Peter Wirth Telefon: [encode link=&quot;tel:+4921812738490&quot;]+49 2181 273 849 0[\/encode]E-posta: [encode link=&quot;mailto:info@digi-duck.com&quot;]info@digi-duck.com[\/encode] Umsatzsteuergesetz \u00a7 27 a uyar\u0131nca sat\u0131\u015f vergisi kimlik numaras\u0131: DE351948314 AB UYU\u015eMAZLIK \u00c7\u00d6Z\u00dcM\u00dc Avrupa Komisyonu \u00e7evrimi\u00e7i uyu\u015fmazl\u0131k \u00e7\u00f6z\u00fcm\u00fc&hellip;\" \/>\n<meta name=\"robots\" content=\"index, follow, max-snippet:-1, max-image-preview:large, max-video-preview:-1\" \/>\n<link rel=\"canonical\" href=\"\" \/>\n<meta property=\"og:locale\" content=\"tr_TR\" \/>\n<meta property=\"og:type\" content=\"article\" \/>\n<meta property=\"og:title\" content=\"K\u00fcnye\" \/>\n<meta property=\"og:description\" content=\"BASKI TMG \u00a7 5 uyar\u0131nca bilgiler DigiDuck GmbHPoststra\u00dfe 6141516 Grevenbroich Ticaret sicili: HRB 20777 Kay\u0131t mahkemesi: M\u00f6nchengladbach Yerel Mahkemesi Y\u00f6netim: Thorsten P\u00fctz Dan\u0131\u015fma kurulu: Harald Meurer, Peter Wirth Telefon: [encode link=&quot;tel:+4921812738490&quot;]+49 2181 273 849 0[\/encode]E-posta: [encode link=&quot;mailto:info@digi-duck.com&quot;]info@digi-duck.com[\/encode] Umsatzsteuergesetz \u00a7 27 a uyar\u0131nca sat\u0131\u015f vergisi kimlik numaras\u0131: DE351948314 AB UYU\u015eMAZLIK \u00c7\u00d6Z\u00dcM\u00dc Avrupa Komisyonu \u00e7evrimi\u00e7i uyu\u015fmazl\u0131k \u00e7\u00f6z\u00fcm\u00fc&hellip;\" \/>\n<meta property=\"og:url\" content=\"https:\/\/www.digi-duck.com\/tr\/impressum\/\" \/>\n<meta property=\"og:site_name\" content=\"DigiDuck\" \/>\n<meta property=\"article:publisher\" content=\"https:\/\/www.facebook.com\/profile.php?id=61558494354505\" \/>\n<meta property=\"article:modified_time\" content=\"2025-09-02T12:46:28+00:00\" \/>\n<meta name=\"twitter:card\" content=\"summary_large_image\" \/>\n<meta name=\"twitter:label1\" content=\"Tahmini okuma s\u00fcresi\" \/>\n\t<meta name=\"twitter:data1\" content=\"3 dakika\" \/>\n<script type=\"application\/ld+json\" class=\"yoast-schema-graph\">{\"@context\":\"https:\/\/schema.org\",\"@graph\":[{\"@type\":\"WebPage\",\"@id\":\"https:\/\/www.digi-duck.com\/tr\/impressum\/\",\"url\":\"https:\/\/www.digi-duck.com\/tr\/impressum\/\",\"name\":\"Impressum - DigiDuck\",\"isPartOf\":{\"@id\":\"https:\/\/www.digi-duck.com\/#website\"},\"datePublished\":\"2022-07-22T07:24:01+00:00\",\"dateModified\":\"2025-09-02T12:46:28+00:00\",\"breadcrumb\":{\"@id\":\"https:\/\/www.digi-duck.com\/tr\/impressum\/#breadcrumb\"},\"inLanguage\":\"tr\",\"potentialAction\":[{\"@type\":\"ReadAction\",\"target\":[\"https:\/\/www.digi-duck.com\/tr\/impressum\/\"]}]},{\"@type\":\"BreadcrumbList\",\"@id\":\"https:\/\/www.digi-duck.com\/tr\/impressum\/#breadcrumb\",\"itemListElement\":[{\"@type\":\"ListItem\",\"position\":1,\"name\":\"Anasayfa\",\"item\":\"https:\/\/www.digi-duck.com\/\"},{\"@type\":\"ListItem\",\"position\":2,\"name\":\"K\u00fcnye\"}]},{\"@type\":\"WebSite\",\"@id\":\"https:\/\/www.digi-duck.com\/tr\/#website\",\"url\":\"https:\/\/www.digi-duck.com\/tr\/\",\"name\":\"DigiDuck\",\"description\":\"Ihr digitaler Qualifikationspartner\",\"publisher\":{\"@id\":\"https:\/\/www.digi-duck.com\/tr\/#organization\"},\"potentialAction\":[{\"@type\":\"SearchAction\",\"target\":{\"@type\":\"EntryPoint\",\"urlTemplate\":\"https:\/\/www.digi-duck.com\/tr\/?s={search_term_string}\"},\"query-input\":{\"@type\":\"PropertyValueSpecification\",\"valueRequired\":true,\"valueName\":\"search_term_string\"}}],\"inLanguage\":\"tr\"},{\"@type\":\"Organization\",\"@id\":\"https:\/\/www.digi-duck.com\/tr\/#organization\",\"name\":\"DigiDuck GmbH\",\"url\":\"https:\/\/www.digi-duck.com\/tr\/\",\"logo\":{\"@type\":\"ImageObject\",\"inLanguage\":\"tr\",\"@id\":\"https:\/\/www.digi-duck.com\/tr\/#\/schema\/logo\/image\/\",\"url\":\"https:\/\/www.digi-duck.com\/wp-content\/uploads\/2024\/08\/DigiDuck_Logo_App_Colored.png\",\"contentUrl\":\"https:\/\/www.digi-duck.com\/wp-content\/uploads\/2024\/08\/DigiDuck_Logo_App_Colored.png\",\"width\":2000,\"height\":2000,\"caption\":\"DigiDuck GmbH\"},\"image\":{\"@id\":\"https:\/\/www.digi-duck.com\/tr\/#\/schema\/logo\/image\/\"},\"sameAs\":[\"https:\/\/www.facebook.com\/profile.php?id=61558494354505\",\"https:\/\/www.linkedin.com\/company\/digiduck-gmbh\",\"https:\/\/www.xing.com\/pages\/digiduck-gmbh\"]}]}<\/script>\n<!-- \/ Yoast SEO plugin. -->","yoast_head_json":{"title":"K\u00fcnye","description":"BASKI TMG \u00a7 5 uyar\u0131nca bilgiler DigiDuck GmbHPoststra\u00dfe 6141516 Grevenbroich Ticaret sicili: HRB 20777 Kay\u0131t mahkemesi: M\u00f6nchengladbach Yerel Mahkemesi Y\u00f6netim: Thorsten P\u00fctz Dan\u0131\u015fma kurulu: Harald Meurer, Peter Wirth Telefon: [encode link=\"tel:+4921812738490\"]+49 2181 273 849 0[\/encode]E-posta: [encode link=\"mailto:info@digi-duck.com\"]info@digi-duck.com[\/encode] Umsatzsteuergesetz \u00a7 27 a uyar\u0131nca sat\u0131\u015f vergisi kimlik numaras\u0131: DE351948314 AB UYU\u015eMAZLIK \u00c7\u00d6Z\u00dcM\u00dc Avrupa Komisyonu \u00e7evrimi\u00e7i uyu\u015fmazl\u0131k \u00e7\u00f6z\u00fcm\u00fc&hellip;","robots":{"index":"index","follow":"follow","max-snippet":"max-snippet:-1","max-image-preview":"max-image-preview:large","max-video-preview":"max-video-preview:-1"},"canonical":"BASKI TMG \u00a7 5 uyar\u0131nca bilgiler DigiDuck GmbHPoststra\u00dfe 6141516 Grevenbroich Ticaret sicili: HRB 20777 Kay\u0131t mahkemesi: M\u00f6nchengladbach Yerel Mahkemesi Y\u00f6netim: Thorsten P\u00fctz Dan\u0131\u015fma kurulu: Harald Meurer, Peter Wirth Telefon: [encode link=\"tel: 4921812738490\"] 49 2181 273 849 0[\/encode]E-posta: [encode link=\"mailto:info@digi-duck.com\"]info@digi-duck.com[\/encode] Umsatzsteuergesetz \u00a7 27 a uyar\u0131nca sat\u0131\u015f vergisi kimlik numaras\u0131: DE351948314 AB UYU\u015eMAZLIK \u00c7\u00d6Z\u00dcM\u00dc Avrupa Komisyonu \u00e7evrimi\u00e7i uyu\u015fmazl\u0131k \u00e7\u00f6z\u00fcm\u00fc&hellip;","og_locale":"tr_TR","og_type":"article","og_title":"K\u00fcnye","og_description":"BASKI TMG \u00a7 5 uyar\u0131nca bilgiler DigiDuck GmbHPoststra\u00dfe 6141516 Grevenbroich Ticaret sicili: HRB 20777 Kay\u0131t mahkemesi: M\u00f6nchengladbach Yerel Mahkemesi Y\u00f6netim: Thorsten P\u00fctz Dan\u0131\u015fma kurulu: Harald Meurer, Peter Wirth Telefon: [encode link=\"tel:+4921812738490\"]+49 2181 273 849 0[\/encode]E-posta: [encode link=\"mailto:info@digi-duck.com\"]info@digi-duck.com[\/encode] Umsatzsteuergesetz \u00a7 27 a uyar\u0131nca sat\u0131\u015f vergisi kimlik numaras\u0131: DE351948314 AB UYU\u015eMAZLIK \u00c7\u00d6Z\u00dcM\u00dc Avrupa Komisyonu \u00e7evrimi\u00e7i uyu\u015fmazl\u0131k \u00e7\u00f6z\u00fcm\u00fc&hellip;","og_url":"https:\/\/www.digi-duck.com\/tr\/impressum\/","og_site_name":"DigiDuck","article_publisher":"https:\/\/www.facebook.com\/profile.php?id=61558494354505","article_modified_time":"2025-09-02T12:46:28+00:00","twitter_card":"summary_large_image","twitter_misc":{"Tahmini okuma s\u00fcresi":"3 dakika"},"schema":{"@context":"https:\/\/schema.org","@graph":[{"@type":"WebPage","@id":"https:\/\/www.digi-duck.com\/tr\/impressum\/","url":"https:\/\/www.digi-duck.com\/tr\/impressum\/","name":"Impressum - DigiDuck","isPartOf":{"@id":"https:\/\/www.digi-duck.com\/#website"},"datePublished":"2022-07-22T07:24:01+00:00","dateModified":"2025-09-02T12:46:28+00:00","breadcrumb":{"@id":"https:\/\/www.digi-duck.com\/tr\/impressum\/#breadcrumb"},"inLanguage":"tr","potentialAction":[{"@type":"ReadAction","target":["https:\/\/www.digi-duck.com\/tr\/impressum\/"]}]},{"@type":"BreadcrumbList","@id":"https:\/\/www.digi-duck.com\/tr\/impressum\/#breadcrumb","itemListElement":[{"@type":"ListItem","position":1,"name":"Anasayfa","item":"https:\/\/www.digi-duck.com\/"},{"@type":"ListItem","position":2,"name":"K\u00fcnye"}]},{"@type":"WebSite","@id":"https:\/\/www.digi-duck.com\/tr\/#website","url":"https:\/\/www.digi-duck.com\/tr\/","name":"DigiDuck","description":"Ihr digitaler Qualifikationspartner","publisher":{"@id":"https:\/\/www.digi-duck.com\/tr\/#organization"},"potentialAction":[{"@type":"SearchAction","target":{"@type":"EntryPoint","urlTemplate":"https:\/\/www.digi-duck.com\/tr\/?s={search_term_string}"},"query-input":{"@type":"PropertyValueSpecification","valueRequired":true,"valueName":"search_term_string"}}],"inLanguage":"tr"},{"@type":"Organization","@id":"https:\/\/www.digi-duck.com\/tr\/#organization","name":"DigiDuck GmbH","url":"https:\/\/www.digi-duck.com\/tr\/","logo":{"@type":"ImageObject","inLanguage":"tr","@id":"https:\/\/www.digi-duck.com\/tr\/#\/schema\/logo\/image\/","url":"https:\/\/www.digi-duck.com\/wp-content\/uploads\/2024\/08\/DigiDuck_Logo_App_Colored.png","contentUrl":"https:\/\/www.digi-duck.com\/wp-content\/uploads\/2024\/08\/DigiDuck_Logo_App_Colored.png","width":2000,"height":2000,"caption":"DigiDuck GmbH"},"image":{"@id":"https:\/\/www.digi-duck.com\/tr\/#\/schema\/logo\/image\/"},"sameAs":["https:\/\/www.facebook.com\/profile.php?id=61558494354505","https:\/\/www.linkedin.com\/company\/digiduck-gmbh","https:\/\/www.xing.com\/pages\/digiduck-gmbh"]}]}},"post_mailing_queue_ids":[],"_links":{"self":[{"href":"https:\/\/www.digi-duck.com\/tr\/wp-json\/wp\/v2\/pages\/40","targetHints":{"allow":["GET"]}}],"collection":[{"href":"https:\/\/www.digi-duck.com\/tr\/wp-json\/wp\/v2\/pages"}],"about":[{"href":"https:\/\/www.digi-duck.com\/tr\/wp-json\/wp\/v2\/types\/page"}],"author":[{"embeddable":true,"href":"https:\/\/www.digi-duck.com\/tr\/wp-json\/wp\/v2\/users\/4"}],"replies":[{"embeddable":true,"href":"https:\/\/www.digi-duck.com\/tr\/wp-json\/wp\/v2\/comments?post=40"}],"version-history":[{"count":11,"href":"https:\/\/www.digi-duck.com\/tr\/wp-json\/wp\/v2\/pages\/40\/revisions"}],"predecessor-version":[{"id":943,"href":"https:\/\/www.digi-duck.com\/tr\/wp-json\/wp\/v2\/pages\/40\/revisions\/943"}],"wp:attachment":[{"href":"https:\/\/www.digi-duck.com\/tr\/wp-json\/wp\/v2\/media?parent=40"}],"curies":[{"name":"wp","href":"https:\/\/api.w.org\/{rel}","templated":true}]}}