{"id":42,"date":"2022-07-22T09:24:13","date_gmt":"2022-07-22T07:24:13","guid":{"rendered":"https:\/\/www.digi-duck.com\/?page_id=42"},"modified":"2023-01-28T11:49:01","modified_gmt":"2023-01-28T10:49:01","slug":"info-management-system","status":"publish","type":"page","link":"https:\/\/www.digi-duck.com\/tr\/info-management-system\/","title":{"rendered":"Bilgi Y\u00f6netim Sistemi"},"content":{"rendered":"<p>\u00c7ALI\u015eANLARA BELGE AKTARIMI HI\u00c7 BU KADAR KOLAY OLMAMI\u015eTI<\/p>\n<hr class=\"wp-block-separator has-alpha-channel-opacity\">\n<p>\u00c7al\u0131\u015fanlar\u0131n \u00fc\u00e7te ikisinden fazlas\u0131 depolarda, \u00fcretim tesislerinde, sahada veya kamyonlarda \u00e7al\u0131\u015fmaktad\u0131r. Lojistikte, bilgisayar ba\u015f\u0131nda oturmayan \u00e7al\u0131\u015fanlar\u0131n oran\u0131 daha da y\u00fcksektir. Genellikle bir \u015firket e-posta adresine sahip de\u011fildirler ve bu nedenle ola\u011fan ileti\u015fim kanallar\u0131 arac\u0131l\u0131\u011f\u0131yla ula\u015f\u0131lmalar\u0131 zordur. Ancak bunlar\u0131n da \u015firketinizin bilgi y\u00f6netimine entegre edilmesi gerekir.<\/p>\n<p> <strong>Bilgi y\u00f6netim sistemimizle<\/strong>, belgeleri iletmek ve t\u00fcm departmanlara ve \u00e7al\u0131\u015fanlara hedefli bir \u015fekilde da\u011f\u0131tmak i\u00e7in t\u00fcm dahili planlamalar\u0131n\u0131z\u0131 halledersiniz. Nerede olurlarsa olsunlar. Ofiste, ev ofiste veya yolda. \u015eimdiye kadar bilgi y\u00fck\u00fcml\u00fcl\u00fcklerinizi farkl\u0131 kanallar \u00fczerinden hantal bir \u015fekilde kontrol etmek ve y\u00f6netmek zorundayd\u0131n\u0131z. T\u00fcm \u00e7al\u0131\u015fanlar\u0131n mesajlar\u0131 ger\u00e7ekten i\u015fleyip i\u015flemedi\u011finden asla emin olamad\u0131m. Bu art\u0131k sona ermi\u015ftir. Mobil kanallar sayesinde art\u0131k herkese ula\u015fabilirsiniz.<\/p>\n<hr class=\"wp-block-separator has-alpha-channel-opacity\">\n<p>Elbette, her bilgi veya her belge t\u00fcm \u00e7al\u0131\u015fanlara y\u00f6nelik de\u011fildir. Bu nedenle, size platformumuzda bireysel belgeleri belirli \u00e7al\u0131\u015fanlara veya departmanlara aktarma imkan\u0131 sunuyoruz.<\/p>\n<hr class=\"wp-block-separator has-alpha-channel-opacity\">\n<p>S\u00fcrekli yeni yasal gereklilikler nedeniyle, \u00e7e\u015fitli bilgilerin \u00e7al\u0131\u015fanlara aktar\u0131lmas\u0131n\u0131 sa\u011flamakla y\u00fck\u00fcml\u00fcs\u00fcn\u00fcz. Bu sizin i\u00e7in ek i\u015f anlam\u0131na gelir. Ve her k\u00fc\u00e7\u00fck de\u011fi\u015fiklikte, bunu \u00e7al\u0131\u015fanlar\u0131n\u0131za tekrar aktarman\u0131z gerekir. \u00d6rne\u011fin, AB hareketlilik paketi ile. DigiDuck ile y\u00fck\u00fcml\u00fcl\u00fcklerinizi s\u0131k\u0131 bir \u015fekilde kontrol alt\u0131na al\u0131rs\u0131n\u0131z ve minimum \u00e7aba ve zamana indirirsiniz.<\/p>\n<hr class=\"wp-block-separator has-alpha-channel-opacity\">\n<p>Neden bilgi y\u00f6netim sistemimizi i\u00e7 ileti\u015fiminiz i\u00e7in de kullanmayas\u0131n\u0131z? \u00d6rne\u011fin, vardiya ve bak\u0131m planlar\u0131, i\u015fletim talimatlar\u0131, \u00e7al\u0131\u015fan k\u0131lavuzlar\u0131 ve her t\u00fcrl\u00fc dahili bilgi gibi operasyonel mesajlar i\u00e7in. Bu \u015fekilde hangi \u00e7al\u0131\u015fan\u0131n hangi bilgiyi ald\u0131\u011f\u0131n\u0131 ve a\u00e7t\u0131\u011f\u0131n\u0131 tam olarak g\u00f6rebilirsiniz. Ve istedi\u011finiz mesaj\u0131n al\u0131c\u0131s\u0131na ula\u015ft\u0131\u011f\u0131ndan emin olabilirsiniz.<\/p>\n<hr class=\"wp-block-separator has-alpha-channel-opacity\">\n<p>Platformumuz, \u00e7al\u0131\u015fan\u0131n\u0131z\u0131n hangi belgeyi tam olarak ne zaman ald\u0131\u011f\u0131n\u0131 ve a\u00e7t\u0131\u011f\u0131n\u0131 belgeler. Bu sayede hangi \u00e7al\u0131\u015fan\u0131n sizden hangi belgeyi ne zaman ald\u0131\u011f\u0131na dair denetime dayan\u0131kl\u0131 bir kan\u0131t elde edersiniz.<\/p>\n<hr class=\"wp-block-separator has-alpha-channel-opacity\">\n<p>\u00d6zellikle h\u0131zl\u0131 b\u00fcy\u00fcyen \u015firketlerde, y\u00f6neticiler i\u00e7in yeni \u00e7al\u0131\u015fanlar\u0131 e\u011fitmek ve i\u015fe al\u0131\u015ft\u0131rmak genellikle \u00e7ok zaman al\u0131c\u0131d\u0131r. \u00c7o\u011fu zaman, t\u00fcm \u00f6nemli bilgileri t\u00fcm yeni \u00e7al\u0131\u015fanlarla ayr\u0131nt\u0131l\u0131 olarak tart\u0131\u015fmak i\u00e7in yeterli zaman yoktur. DigiDuck ile yeni \u00e7al\u0131\u015fanlar\u0131n\u0131z i\u00e7in hangi bilgilerin \u00f6nemli oldu\u011funu belirlersiniz ve ard\u0131ndan yeni \u00e7al\u0131\u015fanlar\u0131n esnek ve ba\u011f\u0131ms\u0131z bir \u015fekilde \u00e7al\u0131\u015fabilece\u011fi profesyonel bilgi y\u00f6netim sistemimizden faydalan\u0131rs\u0131n\u0131z. Y\u00f6neticiler tekrar di\u011fer \u00f6nemli g\u00f6revlere konsantre olabilirler.<\/p>\n<hr class=\"wp-block-separator has-alpha-channel-opacity\">\n<p>DigiDuck&#8217;\u0131 \u015fimdi deneyin ve t\u00fcm i\u015f g\u00fcc\u00fcn\u00fcze ula\u015f\u0131n. Zamandan ve emekten tasarruf edin!<\/p>\n<hr class=\"wp-block-separator has-alpha-channel-opacity\">\n<a href=\"\/tr\/kostenlos-testen\/\" target=\"_self\" class=\"btn-white-full btn btn-primary\">DigiDuck'\u0131 \u015fimdi \u00fccretsiz deneyin<\/a>\n","protected":false},"excerpt":{"rendered":"<p>\u00c7ALI\u015eANLARA BELGE AKTARIMI HI\u00c7 BU KADAR KOLAY OLMAMI\u015eTI \u00c7al\u0131\u015fanlar\u0131n \u00fc\u00e7te ikisinden fazlas\u0131 depolarda, \u00fcretim tesislerinde, sahada veya kamyonlarda \u00e7al\u0131\u015fmaktad\u0131r. Lojistikte, bilgisayar ba\u015f\u0131nda oturmayan \u00e7al\u0131\u015fanlar\u0131n oran\u0131 daha da y\u00fcksektir. Genellikle bir \u015firket e-posta adresine sahip de\u011fildirler ve bu nedenle ola\u011fan ileti\u015fim kanallar\u0131 arac\u0131l\u0131\u011f\u0131yla ula\u015f\u0131lmalar\u0131 zordur. Ancak bunlar\u0131n da \u015firketinizin bilgi y\u00f6netimine entegre edilmesi gerekir. Bilgi y\u00f6netim [&hellip;]<\/p>\n","protected":false},"author":4,"featured_media":0,"parent":0,"menu_order":0,"comment_status":"closed","ping_status":"closed","template":"","meta":{"_acf_changed":false,"footnotes":""},"class_list":["post-42","page","type-page","status-publish","hentry"],"acf":[],"yoast_head":"<!-- This site is optimized with the Yoast SEO plugin v27.1.1 - https:\/\/yoast.com\/product\/yoast-seo-wordpress\/ -->\n<title>Bilgi Y\u00f6netim Sistemi<\/title>\n<meta name=\"description\" content=\"\u00c7ALI\u015eANLARA BELGE AKTARIMI HI\u00c7 BU KADAR KOLAY OLMAMI\u015eTI \u00c7al\u0131\u015fanlar\u0131n \u00fc\u00e7te ikisinden fazlas\u0131 depolarda, \u00fcretim tesislerinde, sahada veya kamyonlarda \u00e7al\u0131\u015fmaktad\u0131r. Lojistikte, bilgisayar ba\u015f\u0131nda oturmayan \u00e7al\u0131\u015fanlar\u0131n oran\u0131 daha da y\u00fcksektir. Genellikle bir \u015firket e-posta adresine sahip de\u011fildirler ve bu nedenle ola\u011fan ileti\u015fim kanallar\u0131 arac\u0131l\u0131\u011f\u0131yla ula\u015f\u0131lmalar\u0131 zordur. Ancak bunlar\u0131n da \u015firketinizin bilgi y\u00f6netimine entegre edilmesi gerekir. Bilgi y\u00f6netim&hellip;\" \/>\n<meta name=\"robots\" content=\"index, follow, max-snippet:-1, max-image-preview:large, max-video-preview:-1\" \/>\n<link rel=\"canonical\" href=\"http:\/\/\u00c7ALI\u015eANLARA%20BELGE%20AKTARIMI%20HI\u00c7%20BU%20KADAR%20KOLAY%20OLMAMI\u015eTI%20\u00c7al\u0131\u015fanlar\u0131n%20\u00fc\u00e7te%20ikisinden%20fazlas\u0131%20depolarda,%20\u00fcretim%20tesislerinde,%20sahada%20veya%20kamyonlarda%20\u00e7al\u0131\u015fmaktad\u0131r.%20Lojistikte,%20bilgisayar%20ba\u015f\u0131nda%20oturmayan%20\u00e7al\u0131\u015fanlar\u0131n%20oran\u0131%20daha%20da%20y\u00fcksektir.%20Genellikle%20bir%20\u015firket%20e-posta%20adresine%20sahip%20de\u011fildirler%20ve%20bu%20nedenle%20ola\u011fan%20ileti\u015fim%20kanallar\u0131%20arac\u0131l\u0131\u011f\u0131yla%20ula\u015f\u0131lmalar\u0131%20zordur.%20Ancak%20bunlar\u0131n%20da%20\u015firketinizin%20bilgi%20y\u00f6netimine%20entegre%20edilmesi%20gerekir.%20Bilgi%20y\u00f6netim&hellip;\" \/>\n<meta property=\"og:locale\" content=\"tr_TR\" \/>\n<meta property=\"og:type\" content=\"article\" \/>\n<meta property=\"og:title\" content=\"Bilgi Y\u00f6netim Sistemi\" \/>\n<meta property=\"og:description\" content=\"\u00c7ALI\u015eANLARA BELGE AKTARIMI HI\u00c7 BU KADAR KOLAY OLMAMI\u015eTI \u00c7al\u0131\u015fanlar\u0131n \u00fc\u00e7te ikisinden fazlas\u0131 depolarda, \u00fcretim tesislerinde, sahada veya kamyonlarda \u00e7al\u0131\u015fmaktad\u0131r. Lojistikte, bilgisayar ba\u015f\u0131nda oturmayan \u00e7al\u0131\u015fanlar\u0131n oran\u0131 daha da y\u00fcksektir. Genellikle bir \u015firket e-posta adresine sahip de\u011fildirler ve bu nedenle ola\u011fan ileti\u015fim kanallar\u0131 arac\u0131l\u0131\u011f\u0131yla ula\u015f\u0131lmalar\u0131 zordur. Ancak bunlar\u0131n da \u015firketinizin bilgi y\u00f6netimine entegre edilmesi gerekir. Bilgi y\u00f6netim&hellip;\" \/>\n<meta property=\"og:url\" content=\"https:\/\/www.digi-duck.com\/tr\/info-management-system\/\" \/>\n<meta property=\"og:site_name\" content=\"DigiDuck\" \/>\n<meta property=\"article:publisher\" content=\"https:\/\/www.facebook.com\/profile.php?id=61558494354505\" \/>\n<meta property=\"article:modified_time\" content=\"2023-01-28T10:49:01+00:00\" \/>\n<meta name=\"twitter:card\" content=\"summary_large_image\" \/>\n<meta name=\"twitter:label1\" content=\"Tahmini okuma s\u00fcresi\" \/>\n\t<meta name=\"twitter:data1\" content=\"3 dakika\" \/>\n<script type=\"application\/ld+json\" class=\"yoast-schema-graph\">{\"@context\":\"https:\/\/schema.org\",\"@graph\":[{\"@type\":\"WebPage\",\"@id\":\"https:\/\/www.digi-duck.com\/tr\/info-management-system\/\",\"url\":\"https:\/\/www.digi-duck.com\/tr\/info-management-system\/\",\"name\":\"Info Management System - DigiDuck\",\"isPartOf\":{\"@id\":\"https:\/\/www.digi-duck.com\/#website\"},\"datePublished\":\"2022-07-22T07:24:13+00:00\",\"dateModified\":\"2023-01-28T10:49:01+00:00\",\"breadcrumb\":{\"@id\":\"https:\/\/www.digi-duck.com\/tr\/info-management-system\/#breadcrumb\"},\"inLanguage\":\"tr\",\"potentialAction\":[{\"@type\":\"ReadAction\",\"target\":[\"https:\/\/www.digi-duck.com\/tr\/info-management-system\/\"]}]},{\"@type\":\"BreadcrumbList\",\"@id\":\"https:\/\/www.digi-duck.com\/tr\/info-management-system\/#breadcrumb\",\"itemListElement\":[{\"@type\":\"ListItem\",\"position\":1,\"name\":\"Anasayfa\",\"item\":\"https:\/\/www.digi-duck.com\/\"},{\"@type\":\"ListItem\",\"position\":2,\"name\":\"Bilgi Y\u00f6netim Sistemi\"}]},{\"@type\":\"WebSite\",\"@id\":\"https:\/\/www.digi-duck.com\/tr\/#website\",\"url\":\"https:\/\/www.digi-duck.com\/tr\/\",\"name\":\"DigiDuck\",\"description\":\"Ihr digitaler Qualifikationspartner\",\"publisher\":{\"@id\":\"https:\/\/www.digi-duck.com\/tr\/#organization\"},\"potentialAction\":[{\"@type\":\"SearchAction\",\"target\":{\"@type\":\"EntryPoint\",\"urlTemplate\":\"https:\/\/www.digi-duck.com\/tr\/?s={search_term_string}\"},\"query-input\":{\"@type\":\"PropertyValueSpecification\",\"valueRequired\":true,\"valueName\":\"search_term_string\"}}],\"inLanguage\":\"tr\"},{\"@type\":\"Organization\",\"@id\":\"https:\/\/www.digi-duck.com\/tr\/#organization\",\"name\":\"DigiDuck GmbH\",\"url\":\"https:\/\/www.digi-duck.com\/tr\/\",\"logo\":{\"@type\":\"ImageObject\",\"inLanguage\":\"tr\",\"@id\":\"https:\/\/www.digi-duck.com\/tr\/#\/schema\/logo\/image\/\",\"url\":\"https:\/\/www.digi-duck.com\/wp-content\/uploads\/2024\/08\/DigiDuck_Logo_App_Colored.png\",\"contentUrl\":\"https:\/\/www.digi-duck.com\/wp-content\/uploads\/2024\/08\/DigiDuck_Logo_App_Colored.png\",\"width\":2000,\"height\":2000,\"caption\":\"DigiDuck GmbH\"},\"image\":{\"@id\":\"https:\/\/www.digi-duck.com\/tr\/#\/schema\/logo\/image\/\"},\"sameAs\":[\"https:\/\/www.facebook.com\/profile.php?id=61558494354505\",\"https:\/\/www.linkedin.com\/company\/digiduck-gmbh\",\"https:\/\/www.xing.com\/pages\/digiduck-gmbh\"]}]}<\/script>\n<!-- \/ Yoast SEO plugin. -->","yoast_head_json":{"title":"Bilgi Y\u00f6netim Sistemi","description":"\u00c7ALI\u015eANLARA BELGE AKTARIMI HI\u00c7 BU KADAR KOLAY OLMAMI\u015eTI \u00c7al\u0131\u015fanlar\u0131n \u00fc\u00e7te ikisinden fazlas\u0131 depolarda, \u00fcretim tesislerinde, sahada veya kamyonlarda \u00e7al\u0131\u015fmaktad\u0131r. Lojistikte, bilgisayar ba\u015f\u0131nda oturmayan \u00e7al\u0131\u015fanlar\u0131n oran\u0131 daha da y\u00fcksektir. Genellikle bir \u015firket e-posta adresine sahip de\u011fildirler ve bu nedenle ola\u011fan ileti\u015fim kanallar\u0131 arac\u0131l\u0131\u011f\u0131yla ula\u015f\u0131lmalar\u0131 zordur. Ancak bunlar\u0131n da \u015firketinizin bilgi y\u00f6netimine entegre edilmesi gerekir. Bilgi y\u00f6netim&hellip;","robots":{"index":"index","follow":"follow","max-snippet":"max-snippet:-1","max-image-preview":"max-image-preview:large","max-video-preview":"max-video-preview:-1"},"canonical":"\u00c7ALI\u015eANLARA BELGE AKTARIMI HI\u00c7 BU KADAR KOLAY OLMAMI\u015eTI \u00c7al\u0131\u015fanlar\u0131n \u00fc\u00e7te ikisinden fazlas\u0131 depolarda, \u00fcretim tesislerinde, sahada veya kamyonlarda \u00e7al\u0131\u015fmaktad\u0131r. Lojistikte, bilgisayar ba\u015f\u0131nda oturmayan \u00e7al\u0131\u015fanlar\u0131n oran\u0131 daha da y\u00fcksektir. Genellikle bir \u015firket e-posta adresine sahip de\u011fildirler ve bu nedenle ola\u011fan ileti\u015fim kanallar\u0131 arac\u0131l\u0131\u011f\u0131yla ula\u015f\u0131lmalar\u0131 zordur. Ancak bunlar\u0131n da \u015firketinizin bilgi y\u00f6netimine entegre edilmesi gerekir. Bilgi y\u00f6netim&hellip;","og_locale":"tr_TR","og_type":"article","og_title":"Bilgi Y\u00f6netim Sistemi","og_description":"\u00c7ALI\u015eANLARA BELGE AKTARIMI HI\u00c7 BU KADAR KOLAY OLMAMI\u015eTI \u00c7al\u0131\u015fanlar\u0131n \u00fc\u00e7te ikisinden fazlas\u0131 depolarda, \u00fcretim tesislerinde, sahada veya kamyonlarda \u00e7al\u0131\u015fmaktad\u0131r. Lojistikte, bilgisayar ba\u015f\u0131nda oturmayan \u00e7al\u0131\u015fanlar\u0131n oran\u0131 daha da y\u00fcksektir. Genellikle bir \u015firket e-posta adresine sahip de\u011fildirler ve bu nedenle ola\u011fan ileti\u015fim kanallar\u0131 arac\u0131l\u0131\u011f\u0131yla ula\u015f\u0131lmalar\u0131 zordur. Ancak bunlar\u0131n da \u015firketinizin bilgi y\u00f6netimine entegre edilmesi gerekir. Bilgi y\u00f6netim&hellip;","og_url":"https:\/\/www.digi-duck.com\/tr\/info-management-system\/","og_site_name":"DigiDuck","article_publisher":"https:\/\/www.facebook.com\/profile.php?id=61558494354505","article_modified_time":"2023-01-28T10:49:01+00:00","twitter_card":"summary_large_image","twitter_misc":{"Tahmini okuma s\u00fcresi":"3 dakika"},"schema":{"@context":"https:\/\/schema.org","@graph":[{"@type":"WebPage","@id":"https:\/\/www.digi-duck.com\/tr\/info-management-system\/","url":"https:\/\/www.digi-duck.com\/tr\/info-management-system\/","name":"Info Management System - DigiDuck","isPartOf":{"@id":"https:\/\/www.digi-duck.com\/#website"},"datePublished":"2022-07-22T07:24:13+00:00","dateModified":"2023-01-28T10:49:01+00:00","breadcrumb":{"@id":"https:\/\/www.digi-duck.com\/tr\/info-management-system\/#breadcrumb"},"inLanguage":"tr","potentialAction":[{"@type":"ReadAction","target":["https:\/\/www.digi-duck.com\/tr\/info-management-system\/"]}]},{"@type":"BreadcrumbList","@id":"https:\/\/www.digi-duck.com\/tr\/info-management-system\/#breadcrumb","itemListElement":[{"@type":"ListItem","position":1,"name":"Anasayfa","item":"https:\/\/www.digi-duck.com\/"},{"@type":"ListItem","position":2,"name":"Bilgi Y\u00f6netim Sistemi"}]},{"@type":"WebSite","@id":"https:\/\/www.digi-duck.com\/tr\/#website","url":"https:\/\/www.digi-duck.com\/tr\/","name":"DigiDuck","description":"Ihr digitaler Qualifikationspartner","publisher":{"@id":"https:\/\/www.digi-duck.com\/tr\/#organization"},"potentialAction":[{"@type":"SearchAction","target":{"@type":"EntryPoint","urlTemplate":"https:\/\/www.digi-duck.com\/tr\/?s={search_term_string}"},"query-input":{"@type":"PropertyValueSpecification","valueRequired":true,"valueName":"search_term_string"}}],"inLanguage":"tr"},{"@type":"Organization","@id":"https:\/\/www.digi-duck.com\/tr\/#organization","name":"DigiDuck GmbH","url":"https:\/\/www.digi-duck.com\/tr\/","logo":{"@type":"ImageObject","inLanguage":"tr","@id":"https:\/\/www.digi-duck.com\/tr\/#\/schema\/logo\/image\/","url":"https:\/\/www.digi-duck.com\/wp-content\/uploads\/2024\/08\/DigiDuck_Logo_App_Colored.png","contentUrl":"https:\/\/www.digi-duck.com\/wp-content\/uploads\/2024\/08\/DigiDuck_Logo_App_Colored.png","width":2000,"height":2000,"caption":"DigiDuck GmbH"},"image":{"@id":"https:\/\/www.digi-duck.com\/tr\/#\/schema\/logo\/image\/"},"sameAs":["https:\/\/www.facebook.com\/profile.php?id=61558494354505","https:\/\/www.linkedin.com\/company\/digiduck-gmbh","https:\/\/www.xing.com\/pages\/digiduck-gmbh"]}]}},"post_mailing_queue_ids":[],"_links":{"self":[{"href":"https:\/\/www.digi-duck.com\/tr\/wp-json\/wp\/v2\/pages\/42","targetHints":{"allow":["GET"]}}],"collection":[{"href":"https:\/\/www.digi-duck.com\/tr\/wp-json\/wp\/v2\/pages"}],"about":[{"href":"https:\/\/www.digi-duck.com\/tr\/wp-json\/wp\/v2\/types\/page"}],"author":[{"embeddable":true,"href":"https:\/\/www.digi-duck.com\/tr\/wp-json\/wp\/v2\/users\/4"}],"replies":[{"embeddable":true,"href":"https:\/\/www.digi-duck.com\/tr\/wp-json\/wp\/v2\/comments?post=42"}],"version-history":[{"count":8,"href":"https:\/\/www.digi-duck.com\/tr\/wp-json\/wp\/v2\/pages\/42\/revisions"}],"predecessor-version":[{"id":641,"href":"https:\/\/www.digi-duck.com\/tr\/wp-json\/wp\/v2\/pages\/42\/revisions\/641"}],"wp:attachment":[{"href":"https:\/\/www.digi-duck.com\/tr\/wp-json\/wp\/v2\/media?parent=42"}],"curies":[{"name":"wp","href":"https:\/\/api.w.org\/{rel}","templated":true}]}}