{"id":422,"date":"2022-12-06T08:21:31","date_gmt":"2022-12-06T07:21:31","guid":{"rendered":"https:\/\/www.digi-duck.com\/?page_id=422"},"modified":"2023-07-07T11:50:44","modified_gmt":"2023-07-07T09:50:44","slug":"unterweisungspflichten","status":"publish","type":"page","link":"https:\/\/www.digi-duck.com\/tr\/unterweisungspflichten\/","title":{"rendered":"Talimat verme g\u00f6revi ihmal edildi!"},"content":{"rendered":"\n<p>Vernachl\u00e4ssigte Unterweisungspflichten!<\/p>\n\n\n\n<hr class=\"wp-block-separator has-alpha-channel-opacity\"\/>\n\n\n\n<p>Rechtliches Risiko f\u00fcr Unternehmer und Gesch\u00e4ftsf\u00fchrer und warum DigiDuck Sie davor sch\u00fctzen kann!<\/p>\n\n\n\n<hr class=\"wp-block-separator has-alpha-channel-opacity\"\/>\n\n\n\n<p>Gem\u00e4\u00df <strong><a href=\"https:\/\/www.gesetze-im-internet.de\/arbschg\/__12.html\" target=\"_blank\" rel=\"noreferrer noopener\">Arbeitsschutzgesetz&nbsp;\u00a712<\/a> <\/strong>sind Unternehmen verpflichtet, s\u00e4mtliche Besch\u00e4ftigte (das bedeutet auch Praktikanten, Auszubildende, B\u00fcrokr\u00e4fte, Lagerarbeiter, Kraftfahrer, etc.) vor Aufnahme der T\u00e4tigkeit und danach mindestens 1x j\u00e4hrlich \u00fcber die Gefahren und Belastungen bei der Arbeit und die Verh\u00fctung von Arbeitsunf\u00e4llen zu unterweisen. Genaueres regelt hierzu die <strong><a href=\"https:\/\/publikationen.dguv.de\/widgets\/pdf\/download\/article\/2909\" target=\"_blank\" rel=\"noreferrer noopener\">DGUV Vorschrift 1 u.a. im \u00a7 4<\/a><\/strong>. Gleiches gilt auch f\u00fcr die Themen Erste Hilfe, Brandschutz und Datenschutz. Dies kann durch innerbetriebliche Schulungen, oder \u00fcber geeignete externe Dienstleister erfolgen. Den Nachweis der erfolgreichen Durchf\u00fchrung je Mitarbeiter muss das Unternehmen revisionssicher dokumentieren. <\/p>\n\n\n\n<p>Was viele Unternehmer nicht wissen ist, dass diese Verpflichtung f\u00fcr das Unternehmen bereits schon ab \u201eeinem\u201c Mitarbeiter gilt! Dies wird h\u00e4ufig verwechselt mit der \u201esicherheitstechnischen Betreuung\u201c in Form von betriebsinternen Ersthelfern oder externen Beratern und Betriebs\u00e4rzten. Diese gelten <strong>zus\u00e4tzlich<\/strong> zur Pflichtunterweisung abgestuft erst ab einer Mindestanzahl von Mitarbeitern. Genaueres hierzu regelt die DGUV. Dies zu verwechseln und keine Pflichtunterweisungen durchzuf\u00fchren ist fatal, da der Arbeitgeber somit seiner gesetzlichen Verpflichtung nicht nachkommt!<\/p>\n\n\n\n<hr class=\"wp-block-separator has-alpha-channel-opacity\"\/>\n\n\n\n<p>Unternehmer oder Gesch\u00e4ftsf\u00fchrer, die dieser Pflicht nicht nachkommen, laufen Gefahr f\u00fcr diese Unterlassung im Schadensfall <strong>pers\u00f6nlich rechtlich zur Verantwortung gezogen zu werden. <\/strong>Im extremsten Fall kann dies als K\u00f6rperverletzung oder T\u00f6tung durch Unterlassung gewertet werden. Diese strafrechtlichen Konsequenzen k\u00f6nnen nicht nur zu <strong>Geld- oder Freiheitsstrafen <\/strong>f\u00fchren, sondern auch zu <strong>Berufsverboten<\/strong>. Gerne wird dies als S\u00e4belrasseln, als \u201esoweit wird es nicht kommen\u201c abgetan. Allerdings ereignen sich in Deutschland j\u00e4hrlich <strong>ca. 1 Mio. meldepflichtige Arbeitsunf\u00e4lle, davon ca. 700 t\u00f6dlich<\/strong>. Wer sich dann mit den Ermittlungsmethoden von \u00dcberwachungsbeh\u00f6rden f\u00fcr Arbeitsschutz und Staatsanwaltschaften auseinandersetzen muss, der h\u00f6rt immer die gleichen Fragen, die nach einem Arbeitsunfall gestellt werden:<\/p>\n\n\n\n<ul class=\"wp-block-list\">\n<li>Gab es f\u00fcr die T\u00e4tigkeit \/ den Arbeitsplatz, bei der der Unfall geschehen ist eine Gef\u00e4hrdungsbeurteilung?<\/li>\n\n\n\n<li>Wann ist die verungl\u00fcckte Person zuletzt unterwiesen worden und wo ist der Nachweis?<\/li>\n\n\n\n<li>Wurden dieser Person geeignete Anweisungen erteilt?<\/li>\n<\/ul>\n\n\n\n<hr class=\"wp-block-separator has-alpha-channel-opacity\"\/>\n\n\n\n<p>Es muss aber nicht immer erst ein Unfall passieren. Denn auch <strong>eine anonyme Anzeige<\/strong> wegen Unterlassung durch ehemalige Mitarbeiter, Betriebsr\u00e4te, Mitbewerber oder sonstiger Personen kann f\u00fcr den Gesch\u00e4ftsf\u00fchrer zu erheblichen Problemen und Bestrafung f\u00fchren. <\/p>\n\n\n\n<p>Oft wird nach einer Bestrafung des Gesch\u00e4ftsf\u00fchrers nicht bedacht, dass nur solche Personen ein Unternehmen f\u00fchren d\u00fcrfen, die im gesetzlichen Sinne zuverl\u00e4ssig sind. Dies kann dann das ganze Unternehmen in Bedr\u00e4ngnis bringen, nicht nur den Unternehmer \/ Gesch\u00e4ftsf\u00fchrer in persona.<\/p>\n\n\n\n<hr class=\"wp-block-separator has-alpha-channel-opacity\"\/>\n\n\n\n<p>Die Aufgabe besteht nun darin, dass der Unternehmer die bestehenden Gef\u00e4hrdungen von T\u00e4tigkeiten ermitteln und bewerten muss. Die Ma\u00dfnahmen, die sich aus der Beurteilung ergeben, sind an die Besch\u00e4ftigten durch Pflichtunterweisungen zu vermitteln, zu pr\u00fcfen und der erfolgreiche Abschluss zu dokumentieren. <\/p>\n\n\n\n<p>In einer Welt, in der Zeit ein sehr kostbares Gut geworden ist, ist die Organisation von Pr\u00e4senzschulungen ein komplexes und kostspieliges Thema. Denken wir z.B. an pandemische Beschr\u00e4nkungen von Zusammenk\u00fcnften in einem Schulungsraum. Dazu kommen evtl. sprachliche Barrieren, denn die Besch\u00e4ftigten m\u00fcssen in einer Sprache unterwiesen werden, die sie verstehen k\u00f6nnen. Es kann heutzutage nicht mehr davon ausgegangen werden, dass eine Unterweisung in deutscher Sprache jeden Besch\u00e4ftigten erreicht. Hinzu kommen Raum- und Verpflegungskosten w\u00e4hrend der Pr\u00e4senzschulung sowie Nachschulungen all der Mitarbeiter, die nicht anwesend waren.<\/p>\n\n\n\n<hr class=\"wp-block-separator has-alpha-channel-opacity\"\/>\n\n\n\n<p>Ein kosteng\u00fcnstiges, mehrsprachiges, audiovisuelles e-Learning-Tool mit Abschlusstests, Zertifikaten, sowie einer automatisierten \u00dcberwachungsfunktion von Fristen, Themen und Gew\u00e4hrleistung, ist hier durchaus hilfreich und sichert das Management gegen Organisationsverschulden ab. Erweitert um ein Info-Management-Tool, das die \u00dcbertragung von rechtlich notwendigen Informationen an die Mitarbeiter erm\u00f6glicht. Und das auch f\u00fcr Mitarbeiter \u00fcber eine <a href=\"https:\/\/www.digi-duck.com\/mitarbeiter-app\/\">App<\/a>, die \u00fcber keine Mail-Adresse oder PC verf\u00fcgen, aber ein Handy. Abschlie\u00dfend ein professionelles Controlling, in dem die Teilnehmerlisten, Schulungsbescheinigungen und Nachweise der Informations\u00fcbergabe zum Nachweis gegen\u00fcber den Aufsichtspersonen von Berufsgenossenschaft oder der Arbeitsschutz-Beh\u00f6rde dokumentiert sind. <\/p>\n\n\n\n<p>Genau das ist DigiDuck. Von uns f\u00fcr Sie entwickelt, damit Sie sich beruhigt voll und ganz auf Ihre gesch\u00e4ftlichen Aufgaben konzentrieren k\u00f6nnen und Ihre gesetzlichen Pflichten nicht vernachl\u00e4ssigen.<\/p>\n\n\n\n<hr class=\"wp-block-separator has-alpha-channel-opacity\"\/>\n\n\n\n<p>Sprechen Sie mit uns und lassen Sie sich kostenlos und unverbindlich DigiDuck pr\u00e4sentieren!<\/p>\n\n\n\n<hr class=\"wp-block-separator has-alpha-channel-opacity\"\/>\n\n\n<a href=\"\/tr\/kostenlos-testen\/\" target=\"_self\" class=\"btn-white-full btn btn-primary\">Jetzt DigiDuck kostenlos testen<\/a>\n","protected":false},"excerpt":{"rendered":"<p>Vernachl\u00e4ssigte Unterweisungspflichten! Rechtliches Risiko f\u00fcr Unternehmer und Gesch\u00e4ftsf\u00fchrer und warum DigiDuck Sie davor sch\u00fctzen kann! Gem\u00e4\u00df Arbeitsschutzgesetz&nbsp;\u00a712 sind Unternehmen verpflichtet, s\u00e4mtliche Besch\u00e4ftigte (das bedeutet auch Praktikanten, Auszubildende, B\u00fcrokr\u00e4fte, Lagerarbeiter, Kraftfahrer, etc.) vor Aufnahme der T\u00e4tigkeit und danach mindestens 1x j\u00e4hrlich \u00fcber die Gefahren und Belastungen bei der Arbeit und die Verh\u00fctung von Arbeitsunf\u00e4llen zu unterweisen. [&hellip;]<\/p>\n","protected":false},"author":4,"featured_media":0,"parent":0,"menu_order":0,"comment_status":"closed","ping_status":"closed","template":"","meta":{"_acf_changed":false,"footnotes":""},"class_list":["post-422","page","type-page","status-publish","hentry"],"acf":[],"yoast_head":"<!-- This site is optimized with the Yoast SEO plugin v27.1.1 - https:\/\/yoast.com\/product\/yoast-seo-wordpress\/ -->\n<title>Talimat verme g\u00f6revi ihmal edildi!<\/title>\n<meta name=\"robots\" content=\"index, follow, max-snippet:-1, max-image-preview:large, max-video-preview:-1\" \/>\n<meta property=\"og:locale\" content=\"tr_TR\" \/>\n<meta property=\"og:type\" content=\"article\" \/>\n<meta property=\"og:title\" content=\"Talimat verme g\u00f6revi ihmal edildi!\" \/>\n<meta property=\"og:url\" content=\"https:\/\/www.digi-duck.com\/tr\/unterweisungspflichten\/\" \/>\n<meta property=\"og:site_name\" content=\"DigiDuck\" \/>\n<meta property=\"article:publisher\" content=\"https:\/\/www.facebook.com\/profile.php?id=61558494354505\" \/>\n<meta property=\"article:modified_time\" content=\"2023-07-07T09:50:44+00:00\" \/>\n<meta name=\"twitter:card\" content=\"summary_large_image\" \/>\n<meta name=\"twitter:label1\" content=\"Tahmini okuma s\u00fcresi\" \/>\n\t<meta name=\"twitter:data1\" content=\"4 dakika\" \/>\n<script type=\"application\/ld+json\" class=\"yoast-schema-graph\">{\"@context\":\"https:\/\/schema.org\",\"@graph\":[{\"@type\":\"WebPage\",\"@id\":\"https:\/\/www.digi-duck.com\/tr\/unterweisungspflichten\/\",\"url\":\"https:\/\/www.digi-duck.com\/tr\/unterweisungspflichten\/\",\"name\":\"Vernachl\u00e4ssigte Unterweisungspflichten & Pflichtunterweisungen!\",\"isPartOf\":{\"@id\":\"https:\/\/www.digi-duck.com\/#website\"},\"datePublished\":\"2022-12-06T07:21:31+00:00\",\"dateModified\":\"2023-07-07T09:50:44+00:00\",\"breadcrumb\":{\"@id\":\"https:\/\/www.digi-duck.com\/tr\/unterweisungspflichten\/#breadcrumb\"},\"inLanguage\":\"tr\",\"potentialAction\":[{\"@type\":\"ReadAction\",\"target\":[\"https:\/\/www.digi-duck.com\/tr\/unterweisungspflichten\/\"]}]},{\"@type\":\"BreadcrumbList\",\"@id\":\"https:\/\/www.digi-duck.com\/tr\/unterweisungspflichten\/#breadcrumb\",\"itemListElement\":[{\"@type\":\"ListItem\",\"position\":1,\"name\":\"Anasayfa\",\"item\":\"https:\/\/www.digi-duck.com\/\"},{\"@type\":\"ListItem\",\"position\":2,\"name\":\"Talimat verme g\u00f6revi ihmal edildi!\"}]},{\"@type\":\"WebSite\",\"@id\":\"https:\/\/www.digi-duck.com\/tr\/#website\",\"url\":\"https:\/\/www.digi-duck.com\/tr\/\",\"name\":\"DigiDuck\",\"description\":\"Ihr digitaler Qualifikationspartner\",\"publisher\":{\"@id\":\"https:\/\/www.digi-duck.com\/tr\/#organization\"},\"potentialAction\":[{\"@type\":\"SearchAction\",\"target\":{\"@type\":\"EntryPoint\",\"urlTemplate\":\"https:\/\/www.digi-duck.com\/tr\/?s={search_term_string}\"},\"query-input\":{\"@type\":\"PropertyValueSpecification\",\"valueRequired\":true,\"valueName\":\"search_term_string\"}}],\"inLanguage\":\"tr\"},{\"@type\":\"Organization\",\"@id\":\"https:\/\/www.digi-duck.com\/tr\/#organization\",\"name\":\"DigiDuck GmbH\",\"url\":\"https:\/\/www.digi-duck.com\/tr\/\",\"logo\":{\"@type\":\"ImageObject\",\"inLanguage\":\"tr\",\"@id\":\"https:\/\/www.digi-duck.com\/tr\/#\/schema\/logo\/image\/\",\"url\":\"https:\/\/www.digi-duck.com\/wp-content\/uploads\/2024\/08\/DigiDuck_Logo_App_Colored.png\",\"contentUrl\":\"https:\/\/www.digi-duck.com\/wp-content\/uploads\/2024\/08\/DigiDuck_Logo_App_Colored.png\",\"width\":2000,\"height\":2000,\"caption\":\"DigiDuck GmbH\"},\"image\":{\"@id\":\"https:\/\/www.digi-duck.com\/tr\/#\/schema\/logo\/image\/\"},\"sameAs\":[\"https:\/\/www.facebook.com\/profile.php?id=61558494354505\",\"https:\/\/www.linkedin.com\/company\/digiduck-gmbh\",\"https:\/\/www.xing.com\/pages\/digiduck-gmbh\"]}]}<\/script>\n<!-- \/ Yoast SEO plugin. -->","yoast_head_json":{"title":"Talimat verme g\u00f6revi ihmal edildi!","robots":{"index":"index","follow":"follow","max-snippet":"max-snippet:-1","max-image-preview":"max-image-preview:large","max-video-preview":"max-video-preview:-1"},"og_locale":"tr_TR","og_type":"article","og_title":"Talimat verme g\u00f6revi ihmal edildi!","og_url":"https:\/\/www.digi-duck.com\/tr\/unterweisungspflichten\/","og_site_name":"DigiDuck","article_publisher":"https:\/\/www.facebook.com\/profile.php?id=61558494354505","article_modified_time":"2023-07-07T09:50:44+00:00","twitter_card":"summary_large_image","twitter_misc":{"Tahmini okuma s\u00fcresi":"4 dakika"},"schema":{"@context":"https:\/\/schema.org","@graph":[{"@type":"WebPage","@id":"https:\/\/www.digi-duck.com\/tr\/unterweisungspflichten\/","url":"https:\/\/www.digi-duck.com\/tr\/unterweisungspflichten\/","name":"Vernachl\u00e4ssigte Unterweisungspflichten & Pflichtunterweisungen!","isPartOf":{"@id":"https:\/\/www.digi-duck.com\/#website"},"datePublished":"2022-12-06T07:21:31+00:00","dateModified":"2023-07-07T09:50:44+00:00","breadcrumb":{"@id":"https:\/\/www.digi-duck.com\/tr\/unterweisungspflichten\/#breadcrumb"},"inLanguage":"tr","potentialAction":[{"@type":"ReadAction","target":["https:\/\/www.digi-duck.com\/tr\/unterweisungspflichten\/"]}]},{"@type":"BreadcrumbList","@id":"https:\/\/www.digi-duck.com\/tr\/unterweisungspflichten\/#breadcrumb","itemListElement":[{"@type":"ListItem","position":1,"name":"Anasayfa","item":"https:\/\/www.digi-duck.com\/"},{"@type":"ListItem","position":2,"name":"Talimat verme g\u00f6revi ihmal edildi!"}]},{"@type":"WebSite","@id":"https:\/\/www.digi-duck.com\/tr\/#website","url":"https:\/\/www.digi-duck.com\/tr\/","name":"DigiDuck","description":"Ihr digitaler Qualifikationspartner","publisher":{"@id":"https:\/\/www.digi-duck.com\/tr\/#organization"},"potentialAction":[{"@type":"SearchAction","target":{"@type":"EntryPoint","urlTemplate":"https:\/\/www.digi-duck.com\/tr\/?s={search_term_string}"},"query-input":{"@type":"PropertyValueSpecification","valueRequired":true,"valueName":"search_term_string"}}],"inLanguage":"tr"},{"@type":"Organization","@id":"https:\/\/www.digi-duck.com\/tr\/#organization","name":"DigiDuck GmbH","url":"https:\/\/www.digi-duck.com\/tr\/","logo":{"@type":"ImageObject","inLanguage":"tr","@id":"https:\/\/www.digi-duck.com\/tr\/#\/schema\/logo\/image\/","url":"https:\/\/www.digi-duck.com\/wp-content\/uploads\/2024\/08\/DigiDuck_Logo_App_Colored.png","contentUrl":"https:\/\/www.digi-duck.com\/wp-content\/uploads\/2024\/08\/DigiDuck_Logo_App_Colored.png","width":2000,"height":2000,"caption":"DigiDuck GmbH"},"image":{"@id":"https:\/\/www.digi-duck.com\/tr\/#\/schema\/logo\/image\/"},"sameAs":["https:\/\/www.facebook.com\/profile.php?id=61558494354505","https:\/\/www.linkedin.com\/company\/digiduck-gmbh","https:\/\/www.xing.com\/pages\/digiduck-gmbh"]}]}},"post_mailing_queue_ids":[],"_links":{"self":[{"href":"https:\/\/www.digi-duck.com\/tr\/wp-json\/wp\/v2\/pages\/422","targetHints":{"allow":["GET"]}}],"collection":[{"href":"https:\/\/www.digi-duck.com\/tr\/wp-json\/wp\/v2\/pages"}],"about":[{"href":"https:\/\/www.digi-duck.com\/tr\/wp-json\/wp\/v2\/types\/page"}],"author":[{"embeddable":true,"href":"https:\/\/www.digi-duck.com\/tr\/wp-json\/wp\/v2\/users\/4"}],"replies":[{"embeddable":true,"href":"https:\/\/www.digi-duck.com\/tr\/wp-json\/wp\/v2\/comments?post=422"}],"version-history":[{"count":40,"href":"https:\/\/www.digi-duck.com\/tr\/wp-json\/wp\/v2\/pages\/422\/revisions"}],"predecessor-version":[{"id":837,"href":"https:\/\/www.digi-duck.com\/tr\/wp-json\/wp\/v2\/pages\/422\/revisions\/837"}],"wp:attachment":[{"href":"https:\/\/www.digi-duck.com\/tr\/wp-json\/wp\/v2\/media?parent=422"}],"curies":[{"name":"wp","href":"https:\/\/api.w.org\/{rel}","templated":true}]}}