{"id":44,"date":"2022-07-22T09:24:25","date_gmt":"2022-07-22T07:24:25","guid":{"rendered":"https:\/\/www.digi-duck.com\/?page_id=44"},"modified":"2022-09-10T17:45:33","modified_gmt":"2022-09-10T15:45:33","slug":"international","status":"publish","type":"page","link":"https:\/\/www.digi-duck.com\/tr\/international\/","title":{"rendered":"Uluslararas\u0131"},"content":{"rendered":"<p>Bizimle bilgi transferi d\u00fcnyas\u0131n\u0131 de\u011fi\u015ftirin.<br \/>Uluslararas\u0131 DigiDuck Orta\u011f\u0131 Olun!<\/p>\n<hr class=\"wp-block-separator has-alpha-channel-opacity\">\n<p>Almanya d\u0131\u015f\u0131nda y\u00fcz y\u00fcze e\u011fitim ve \u00f6\u011fretim alan\u0131nda aktif misiniz? Faaliyetlerinizi \u00e7evrimi\u00e7i e\u011fitim alan\u0131na geni\u015fletmek mi istiyorsunuz? Konu\u015f bizimle. Uluslararas\u0131 i\u015fbirli\u011fi ortaklar\u0131 i\u00e7in cazip bir ortakl\u0131k modelimiz var.<\/p>\n<hr class=\"wp-block-separator has-alpha-channel-opacity\">\n<p>KENDINIZI KISACA TANITIN, BIZ DE SIZINLE ILETI\u015eIME GE\u00c7ELIM<\/p>\n","protected":false},"excerpt":{"rendered":"<p>Bizimle bilgi transferi d\u00fcnyas\u0131n\u0131 de\u011fi\u015ftirin.Uluslararas\u0131 DigiDuck Orta\u011f\u0131 Olun! Almanya d\u0131\u015f\u0131nda y\u00fcz y\u00fcze e\u011fitim ve \u00f6\u011fretim alan\u0131nda aktif misiniz? Faaliyetlerinizi \u00e7evrimi\u00e7i e\u011fitim alan\u0131na geni\u015fletmek mi istiyorsunuz? Konu\u015f bizimle. Uluslararas\u0131 i\u015fbirli\u011fi ortaklar\u0131 i\u00e7in cazip bir ortakl\u0131k modelimiz var. KENDINIZI KISACA TANITIN, BIZ DE SIZINLE ILETI\u015eIME GE\u00c7ELIM<\/p>\n","protected":false},"author":4,"featured_media":0,"parent":0,"menu_order":0,"comment_status":"closed","ping_status":"closed","template":"","meta":{"_acf_changed":false,"footnotes":""},"class_list":["post-44","page","type-page","status-publish","hentry"],"acf":[],"yoast_head":"<!-- This site is optimized with the Yoast SEO plugin v27.1.1 - https:\/\/yoast.com\/product\/yoast-seo-wordpress\/ -->\n<title>Uluslararas\u0131<\/title>\n<meta name=\"description\" content=\"Bizimle bilgi transferi d\u00fcnyas\u0131n\u0131 de\u011fi\u015ftirin.Uluslararas\u0131 DigiDuck Orta\u011f\u0131 Olun! Almanya d\u0131\u015f\u0131nda y\u00fcz y\u00fcze e\u011fitim ve \u00f6\u011fretim alan\u0131nda aktif misiniz? Faaliyetlerinizi \u00e7evrimi\u00e7i e\u011fitim alan\u0131na geni\u015fletmek mi istiyorsunuz? Konu\u015f bizimle. Uluslararas\u0131 i\u015fbirli\u011fi ortaklar\u0131 i\u00e7in cazip bir ortakl\u0131k modelimiz var. KENDINIZI KISACA TANITIN, BIZ DE SIZINLE ILETI\u015eIME GE\u00c7ELIM\" \/>\n<meta name=\"robots\" content=\"index, follow, max-snippet:-1, max-image-preview:large, max-video-preview:-1\" \/>\n<link rel=\"canonical\" href=\"http:\/\/Bizimle%20bilgi%20transferi%20d\u00fcnyas\u0131n\u0131%20de\u011fi\u015ftirin.Uluslararas\u0131%20DigiDuck%20Orta\u011f\u0131%20Olun!%20Almanya%20d\u0131\u015f\u0131nda%20y\u00fcz%20y\u00fcze%20e\u011fitim%20ve%20\u00f6\u011fretim%20alan\u0131nda%20aktif%20misiniz?%20Faaliyetlerinizi%20\u00e7evrimi\u00e7i%20e\u011fitim%20alan\u0131na%20geni\u015fletmek%20mi%20istiyorsunuz?%20Konu\u015f%20bizimle.%20Uluslararas\u0131%20i\u015fbirli\u011fi%20ortaklar\u0131%20i\u00e7in%20cazip%20bir%20ortakl\u0131k%20modelimiz%20var.%20KENDINIZI%20KISACA%20TANITIN,%20BIZ%20DE%20SIZINLE%20ILETI\u015eIME%20GE\u00c7ELIM\" \/>\n<meta property=\"og:locale\" content=\"tr_TR\" \/>\n<meta property=\"og:type\" content=\"article\" \/>\n<meta property=\"og:title\" content=\"Uluslararas\u0131\" \/>\n<meta property=\"og:description\" content=\"Bizimle bilgi transferi d\u00fcnyas\u0131n\u0131 de\u011fi\u015ftirin.Uluslararas\u0131 DigiDuck Orta\u011f\u0131 Olun! Almanya d\u0131\u015f\u0131nda y\u00fcz y\u00fcze e\u011fitim ve \u00f6\u011fretim alan\u0131nda aktif misiniz? Faaliyetlerinizi \u00e7evrimi\u00e7i e\u011fitim alan\u0131na geni\u015fletmek mi istiyorsunuz? Konu\u015f bizimle. Uluslararas\u0131 i\u015fbirli\u011fi ortaklar\u0131 i\u00e7in cazip bir ortakl\u0131k modelimiz var. KENDINIZI KISACA TANITIN, BIZ DE SIZINLE ILETI\u015eIME GE\u00c7ELIM\" \/>\n<meta property=\"og:url\" content=\"https:\/\/www.digi-duck.com\/tr\/international\/\" \/>\n<meta property=\"og:site_name\" content=\"DigiDuck\" \/>\n<meta property=\"article:publisher\" content=\"https:\/\/www.facebook.com\/profile.php?id=61558494354505\" \/>\n<meta property=\"article:modified_time\" content=\"2022-09-10T15:45:33+00:00\" \/>\n<meta name=\"twitter:card\" content=\"summary_large_image\" \/>\n<script type=\"application\/ld+json\" class=\"yoast-schema-graph\">{\"@context\":\"https:\/\/schema.org\",\"@graph\":[{\"@type\":\"WebPage\",\"@id\":\"https:\/\/www.digi-duck.com\/tr\/international\/\",\"url\":\"https:\/\/www.digi-duck.com\/tr\/international\/\",\"name\":\"International - DigiDuck\",\"isPartOf\":{\"@id\":\"https:\/\/www.digi-duck.com\/#website\"},\"datePublished\":\"2022-07-22T07:24:25+00:00\",\"dateModified\":\"2022-09-10T15:45:33+00:00\",\"breadcrumb\":{\"@id\":\"https:\/\/www.digi-duck.com\/tr\/international\/#breadcrumb\"},\"inLanguage\":\"tr\",\"potentialAction\":[{\"@type\":\"ReadAction\",\"target\":[\"https:\/\/www.digi-duck.com\/tr\/international\/\"]}]},{\"@type\":\"BreadcrumbList\",\"@id\":\"https:\/\/www.digi-duck.com\/tr\/international\/#breadcrumb\",\"itemListElement\":[{\"@type\":\"ListItem\",\"position\":1,\"name\":\"Anasayfa\",\"item\":\"https:\/\/www.digi-duck.com\/\"},{\"@type\":\"ListItem\",\"position\":2,\"name\":\"Uluslararas\u0131\"}]},{\"@type\":\"WebSite\",\"@id\":\"https:\/\/www.digi-duck.com\/tr\/#website\",\"url\":\"https:\/\/www.digi-duck.com\/tr\/\",\"name\":\"DigiDuck\",\"description\":\"Ihr digitaler Qualifikationspartner\",\"publisher\":{\"@id\":\"https:\/\/www.digi-duck.com\/tr\/#organization\"},\"potentialAction\":[{\"@type\":\"SearchAction\",\"target\":{\"@type\":\"EntryPoint\",\"urlTemplate\":\"https:\/\/www.digi-duck.com\/tr\/?s={search_term_string}\"},\"query-input\":{\"@type\":\"PropertyValueSpecification\",\"valueRequired\":true,\"valueName\":\"search_term_string\"}}],\"inLanguage\":\"tr\"},{\"@type\":\"Organization\",\"@id\":\"https:\/\/www.digi-duck.com\/tr\/#organization\",\"name\":\"DigiDuck GmbH\",\"url\":\"https:\/\/www.digi-duck.com\/tr\/\",\"logo\":{\"@type\":\"ImageObject\",\"inLanguage\":\"tr\",\"@id\":\"https:\/\/www.digi-duck.com\/tr\/#\/schema\/logo\/image\/\",\"url\":\"https:\/\/www.digi-duck.com\/wp-content\/uploads\/2024\/08\/DigiDuck_Logo_App_Colored.png\",\"contentUrl\":\"https:\/\/www.digi-duck.com\/wp-content\/uploads\/2024\/08\/DigiDuck_Logo_App_Colored.png\",\"width\":2000,\"height\":2000,\"caption\":\"DigiDuck GmbH\"},\"image\":{\"@id\":\"https:\/\/www.digi-duck.com\/tr\/#\/schema\/logo\/image\/\"},\"sameAs\":[\"https:\/\/www.facebook.com\/profile.php?id=61558494354505\",\"https:\/\/www.linkedin.com\/company\/digiduck-gmbh\",\"https:\/\/www.xing.com\/pages\/digiduck-gmbh\"]}]}<\/script>\n<!-- \/ Yoast SEO plugin. -->","yoast_head_json":{"title":"Uluslararas\u0131","description":"Bizimle bilgi transferi d\u00fcnyas\u0131n\u0131 de\u011fi\u015ftirin.Uluslararas\u0131 DigiDuck Orta\u011f\u0131 Olun! Almanya d\u0131\u015f\u0131nda y\u00fcz y\u00fcze e\u011fitim ve \u00f6\u011fretim alan\u0131nda aktif misiniz? Faaliyetlerinizi \u00e7evrimi\u00e7i e\u011fitim alan\u0131na geni\u015fletmek mi istiyorsunuz? Konu\u015f bizimle. Uluslararas\u0131 i\u015fbirli\u011fi ortaklar\u0131 i\u00e7in cazip bir ortakl\u0131k modelimiz var. KENDINIZI KISACA TANITIN, BIZ DE SIZINLE ILETI\u015eIME GE\u00c7ELIM","robots":{"index":"index","follow":"follow","max-snippet":"max-snippet:-1","max-image-preview":"max-image-preview:large","max-video-preview":"max-video-preview:-1"},"canonical":"Bizimle bilgi transferi d\u00fcnyas\u0131n\u0131 de\u011fi\u015ftirin.Uluslararas\u0131 DigiDuck Orta\u011f\u0131 Olun! Almanya d\u0131\u015f\u0131nda y\u00fcz y\u00fcze e\u011fitim ve \u00f6\u011fretim alan\u0131nda aktif misiniz? Faaliyetlerinizi \u00e7evrimi\u00e7i e\u011fitim alan\u0131na geni\u015fletmek mi istiyorsunuz? Konu\u015f bizimle. Uluslararas\u0131 i\u015fbirli\u011fi ortaklar\u0131 i\u00e7in cazip bir ortakl\u0131k modelimiz var. KENDINIZI KISACA TANITIN, BIZ DE SIZINLE ILETI\u015eIME GE\u00c7ELIM","og_locale":"tr_TR","og_type":"article","og_title":"Uluslararas\u0131","og_description":"Bizimle bilgi transferi d\u00fcnyas\u0131n\u0131 de\u011fi\u015ftirin.Uluslararas\u0131 DigiDuck Orta\u011f\u0131 Olun! Almanya d\u0131\u015f\u0131nda y\u00fcz y\u00fcze e\u011fitim ve \u00f6\u011fretim alan\u0131nda aktif misiniz? Faaliyetlerinizi \u00e7evrimi\u00e7i e\u011fitim alan\u0131na geni\u015fletmek mi istiyorsunuz? Konu\u015f bizimle. Uluslararas\u0131 i\u015fbirli\u011fi ortaklar\u0131 i\u00e7in cazip bir ortakl\u0131k modelimiz var. KENDINIZI KISACA TANITIN, BIZ DE SIZINLE ILETI\u015eIME GE\u00c7ELIM","og_url":"https:\/\/www.digi-duck.com\/tr\/international\/","og_site_name":"DigiDuck","article_publisher":"https:\/\/www.facebook.com\/profile.php?id=61558494354505","article_modified_time":"2022-09-10T15:45:33+00:00","twitter_card":"summary_large_image","schema":{"@context":"https:\/\/schema.org","@graph":[{"@type":"WebPage","@id":"https:\/\/www.digi-duck.com\/tr\/international\/","url":"https:\/\/www.digi-duck.com\/tr\/international\/","name":"International - DigiDuck","isPartOf":{"@id":"https:\/\/www.digi-duck.com\/#website"},"datePublished":"2022-07-22T07:24:25+00:00","dateModified":"2022-09-10T15:45:33+00:00","breadcrumb":{"@id":"https:\/\/www.digi-duck.com\/tr\/international\/#breadcrumb"},"inLanguage":"tr","potentialAction":[{"@type":"ReadAction","target":["https:\/\/www.digi-duck.com\/tr\/international\/"]}]},{"@type":"BreadcrumbList","@id":"https:\/\/www.digi-duck.com\/tr\/international\/#breadcrumb","itemListElement":[{"@type":"ListItem","position":1,"name":"Anasayfa","item":"https:\/\/www.digi-duck.com\/"},{"@type":"ListItem","position":2,"name":"Uluslararas\u0131"}]},{"@type":"WebSite","@id":"https:\/\/www.digi-duck.com\/tr\/#website","url":"https:\/\/www.digi-duck.com\/tr\/","name":"DigiDuck","description":"Ihr digitaler Qualifikationspartner","publisher":{"@id":"https:\/\/www.digi-duck.com\/tr\/#organization"},"potentialAction":[{"@type":"SearchAction","target":{"@type":"EntryPoint","urlTemplate":"https:\/\/www.digi-duck.com\/tr\/?s={search_term_string}"},"query-input":{"@type":"PropertyValueSpecification","valueRequired":true,"valueName":"search_term_string"}}],"inLanguage":"tr"},{"@type":"Organization","@id":"https:\/\/www.digi-duck.com\/tr\/#organization","name":"DigiDuck GmbH","url":"https:\/\/www.digi-duck.com\/tr\/","logo":{"@type":"ImageObject","inLanguage":"tr","@id":"https:\/\/www.digi-duck.com\/tr\/#\/schema\/logo\/image\/","url":"https:\/\/www.digi-duck.com\/wp-content\/uploads\/2024\/08\/DigiDuck_Logo_App_Colored.png","contentUrl":"https:\/\/www.digi-duck.com\/wp-content\/uploads\/2024\/08\/DigiDuck_Logo_App_Colored.png","width":2000,"height":2000,"caption":"DigiDuck GmbH"},"image":{"@id":"https:\/\/www.digi-duck.com\/tr\/#\/schema\/logo\/image\/"},"sameAs":["https:\/\/www.facebook.com\/profile.php?id=61558494354505","https:\/\/www.linkedin.com\/company\/digiduck-gmbh","https:\/\/www.xing.com\/pages\/digiduck-gmbh"]}]}},"post_mailing_queue_ids":[],"_links":{"self":[{"href":"https:\/\/www.digi-duck.com\/tr\/wp-json\/wp\/v2\/pages\/44","targetHints":{"allow":["GET"]}}],"collection":[{"href":"https:\/\/www.digi-duck.com\/tr\/wp-json\/wp\/v2\/pages"}],"about":[{"href":"https:\/\/www.digi-duck.com\/tr\/wp-json\/wp\/v2\/types\/page"}],"author":[{"embeddable":true,"href":"https:\/\/www.digi-duck.com\/tr\/wp-json\/wp\/v2\/users\/4"}],"replies":[{"embeddable":true,"href":"https:\/\/www.digi-duck.com\/tr\/wp-json\/wp\/v2\/comments?post=44"}],"version-history":[{"count":3,"href":"https:\/\/www.digi-duck.com\/tr\/wp-json\/wp\/v2\/pages\/44\/revisions"}],"predecessor-version":[{"id":279,"href":"https:\/\/www.digi-duck.com\/tr\/wp-json\/wp\/v2\/pages\/44\/revisions\/279"}],"wp:attachment":[{"href":"https:\/\/www.digi-duck.com\/tr\/wp-json\/wp\/v2\/media?parent=44"}],"curies":[{"name":"wp","href":"https:\/\/api.w.org\/{rel}","templated":true}]}}