{"id":5,"date":"2022-07-06T17:49:08","date_gmt":"2022-07-06T17:49:08","guid":{"rendered":"https:\/\/www.digi-duck.com\/?page_id=5"},"modified":"2023-07-07T11:51:44","modified_gmt":"2023-07-07T09:51:44","slug":"warum-digiduck","status":"publish","type":"page","link":"https:\/\/www.digi-duck.com\/tr\/neden-digiduck\/","title":{"rendered":"Neden DigiDuck"},"content":{"rendered":"<p>NEDEN DIGIDUCK?<\/p>\n<hr class=\"wp-block-separator has-alpha-channel-opacity\" \/>\n<p>Etkili bilgi y\u00f6netimi \u00f6l\u00e7\u00fclebilir sonu\u00e7lar \u00fcretir<\/p>\n<hr class=\"wp-block-separator has-alpha-channel-opacity\" \/>\n<p>\u00c7al\u0131\u015fanlar\u0131n\u0131z \u015firketinizin en de\u011ferli varl\u0131\u011f\u0131d\u0131r. Ancak iyi e\u011fitildikleri ve bilgilendirildikleri takdirde beceri ve yeteneklerinin tamam\u0131n\u0131 ortaya koyabilirler. Geleneksel kanallarda bu pek m\u00fcmk\u00fcn de\u011fildir. G\u00fcn\u00fcm\u00fcz ileti\u015fimi, bilgi aktar\u0131m\u0131nda da dijital ve &#8220;\u00f6nce mobil&#8221;.<\/p>\n<hr class=\"wp-block-separator has-alpha-channel-opacity\" \/>\n<p><strong>\u00c7\u00fcnk\u00fc \u00e7al\u0131\u015fanlar\u0131n\u0131z bizim odak<\/strong> noktam\u0131z!<\/p>\n<p>DigiDuck&#8217;\u0131n \u00d6\u011frenme ve Bilgi Y\u00f6netim Sistemi ile \u00e7al\u0131\u015fanlar\u0131n\u0131za bilgilerini kal\u0131c\u0131 olarak geni\u015fletmek i\u00e7in m\u00fcmk\u00fcn olan en iyi \u015fekli sunars\u0131n\u0131z.<\/p>\n<hr class=\"wp-block-separator has-alpha-channel-opacity\" \/>\n<p><strong>\u00c7\u00fcnk\u00fc sadece ger\u00e7ekten kulland\u0131\u011f\u0131n\u0131z kadar \u00f6dersiniz!<\/strong><\/p>\n<p>\u0130htiyac\u0131n\u0131z olmayan e\u011fitimleri i\u00e7eren sabit \u00fccretler yok. Y\u00fcksek temel \u00fccretler yok, ger\u00e7ek\u00e7i olmayan fiyat skalalar\u0131 yok. Platformumuzda yaln\u0131zca ger\u00e7ekten kullanmak istedi\u011finiz i\u015flevler i\u00e7in \u00f6deme yapars\u0131n\u0131z.<\/p>\n<hr class=\"wp-block-separator has-alpha-channel-opacity\" \/>\n<p><strong>\u00c7\u00fcnk\u00fc \u015firket e-posta adresi olmayan mobil \u00e7al\u0131\u015fanlar\u0131n\u0131z bile dahil edilebilir!<\/strong><\/p>\n<p>T\u00fcm \u00e7al\u0131\u015fanlar\u0131n \u00fc\u00e7te ikisi bilgisayarlar\u0131n\u0131n ba\u015f\u0131nda oturmuyor. Lojistikte bu say\u0131 daha da y\u00fcksektir. Ancak \u00f6nemli bilgi ve belgeleri iletmek veya e\u011fitim vermek i\u00e7in onlara nas\u0131l ula\u015f\u0131yorsunuz? Bug\u00fcn, t\u00fcm \u00e7al\u0131\u015fanlar\u0131n kendi ak\u0131ll\u0131 telefonlar\u0131 var. DigiDuck uygulamam\u0131z arac\u0131l\u0131\u011f\u0131yla gerekli t\u00fcm e\u011fitimlere veya bilgilere kat\u0131labilirsiniz.<\/p>\n<hr class=\"wp-block-separator has-alpha-channel-opacity\" \/>\n<p><strong>\u00c7\u00fcnk\u00fc DigiDuck ile ayn\u0131 anda iki \u00f6nemli g\u00f6revi yerine getiriyorsunuz!<\/strong><\/p>\n<p>DigiDuck, size sadece profesyonel bir &#8220;\u00d6\u011frenme Y\u00f6netim Sistemi&#8221; de\u011fil, ayn\u0131 zamanda \u00e7al\u0131\u015fanlar\u0131n\u0131za y\u00f6nelik bilgi ihtiya\u00e7lar\u0131n\u0131z\u0131 kar\u015f\u0131lamak i\u00e7in bir &#8220;Bilgi Y\u00f6netim Sistemi&#8221; sunan az say\u0131daki sa\u011flay\u0131c\u0131dan biridir. Ve i\u015flevlerimiz ve olanaklar\u0131m\u0131z s\u00fcrekli olarak geni\u015fliyor.<\/p>\n<hr class=\"wp-block-separator has-alpha-channel-opacity\" \/>\n<p><strong>\u00c7\u00fcnk\u00fc profesyonel raporlamam\u0131z size analiz ve g\u00fcvenlik i\u00e7in her f\u0131rsat\u0131 sunar!<\/strong><\/p>\n<p>\u015eirketinizin y\u00f6neticisi olarak, \u00e7al\u0131\u015fanlar\u0131n\u0131z\u0131 y\u00f6netirken yasal kesinli\u011fe ihtiyac\u0131n\u0131z vard\u0131r. Size tam da bunu yapman\u0131z\u0131 sa\u011flayacak ger\u00e7ek zamanl\u0131 de\u011ferlendirmeler sunuyoruz.<\/p>\n<hr class=\"wp-block-separator has-alpha-channel-opacity\" \/>\n<p><strong>\u00c7\u00fcnk\u00fc platformumuz, tecr\u00fcbemiz sayesinde sizin i\u00e7in her zaman &#8220;Son Teknoloji&#8221; olacakt\u0131r!<\/strong><\/p>\n<p>Dijital uzmanlar\u0131m\u0131z y\u0131llara dayanan bilgi birikimleriyle platformu s\u00fcrekli olarak geli\u015ftirmekte ve b\u00f6ylece sizin i\u00e7in m\u00fcmk\u00fcn olan en iyi i\u015flevselli\u011fi sa\u011flamaktad\u0131r.<\/p>\n<hr class=\"wp-block-separator has-alpha-channel-opacity\" \/>\n<p><strong>\u00c7\u00fcnk\u00fc e\u011fitimlerimizin kalitesi her zaman m\u00fcmk\u00fcn olan en \u00fcst d\u00fczeydedir!<\/strong><\/p>\n<p>\u0130nsanlar\u0131 e\u011fitmeyi seviyoruz. Ve bunu 25 y\u0131l\u0131 a\u015fk\u0131n s\u00fcredir yap\u0131yoruz. \u015eimdi sizin i\u00e7in e\u011fitimimizin y\u00fcksek seviyesini dijitalle\u015ftirdik.<\/p>\n<hr class=\"wp-block-separator has-alpha-channel-opacity\" \/>\n<a href=\"\/tr\/kostenlos-testen\/\" target=\"_self\" class=\" btn btn-primary\">DigiDuck'\u0131 \u015fimdi \u00fccretsiz deneyin<\/a>\n","protected":false},"excerpt":{"rendered":"<p>NEDEN DIGIDUCK? Etkili bilgi y\u00f6netimi \u00f6l\u00e7\u00fclebilir sonu\u00e7lar \u00fcretir \u00c7al\u0131\u015fanlar\u0131n\u0131z \u015firketinizin en de\u011ferli varl\u0131\u011f\u0131d\u0131r. Ancak iyi e\u011fitildikleri ve bilgilendirildikleri takdirde beceri ve yeteneklerinin tamam\u0131n\u0131 ortaya koyabilirler. Geleneksel kanallarda bu pek m\u00fcmk\u00fcn de\u011fildir. G\u00fcn\u00fcm\u00fcz ileti\u015fimi, bilgi aktar\u0131m\u0131nda da dijital ve &#8220;\u00f6nce mobil&#8221;. \u00c7\u00fcnk\u00fc \u00e7al\u0131\u015fanlar\u0131n\u0131z bizim odak noktam\u0131z! DigiDuck&#8217;\u0131n \u00d6\u011frenme ve Bilgi Y\u00f6netim Sistemi ile \u00e7al\u0131\u015fanlar\u0131n\u0131za bilgilerini kal\u0131c\u0131 [&hellip;]<\/p>\n","protected":false},"author":4,"featured_media":0,"parent":0,"menu_order":0,"comment_status":"closed","ping_status":"closed","template":"","meta":{"_acf_changed":false,"footnotes":""},"class_list":["post-5","page","type-page","status-publish","hentry"],"acf":[],"yoast_head":"<!-- This site is optimized with the Yoast SEO plugin v27.1.1 - https:\/\/yoast.com\/product\/yoast-seo-wordpress\/ -->\n<title>Neden DigiDuck<\/title>\n<meta name=\"description\" content=\"NEDEN DIGIDUCK? Etkili bilgi y\u00f6netimi \u00f6l\u00e7\u00fclebilir sonu\u00e7lar \u00fcretir \u00c7al\u0131\u015fanlar\u0131n\u0131z \u015firketinizin en de\u011ferli varl\u0131\u011f\u0131d\u0131r. Ancak iyi e\u011fitildikleri ve bilgilendirildikleri takdirde beceri ve yeteneklerinin tamam\u0131n\u0131 ortaya koyabilirler. Geleneksel kanallarda bu pek m\u00fcmk\u00fcn de\u011fildir. G\u00fcn\u00fcm\u00fcz ileti\u015fimi, bilgi aktar\u0131m\u0131nda da dijital ve &quot;\u00f6nce mobil&quot;. \u00c7\u00fcnk\u00fc \u00e7al\u0131\u015fanlar\u0131n\u0131z bizim odak noktam\u0131z! DigiDuck&#039;\u0131n \u00d6\u011frenme ve Bilgi Y\u00f6netim Sistemi ile \u00e7al\u0131\u015fanlar\u0131n\u0131za bilgilerini kal\u0131c\u0131&hellip;\" \/>\n<meta name=\"robots\" content=\"index, follow, max-snippet:-1, max-image-preview:large, max-video-preview:-1\" \/>\n<link rel=\"canonical\" href=\"http:\/\/NEDEN%20DIGIDUCK?%20Etkili%20bilgi%20y\u00f6netimi%20\u00f6l\u00e7\u00fclebilir%20sonu\u00e7lar%20\u00fcretir%20\u00c7al\u0131\u015fanlar\u0131n\u0131z%20\u015firketinizin%20en%20de\u011ferli%20varl\u0131\u011f\u0131d\u0131r.%20Ancak%20iyi%20e\u011fitildikleri%20ve%20bilgilendirildikleri%20takdirde%20beceri%20ve%20yeteneklerinin%20tamam\u0131n\u0131%20ortaya%20koyabilirler.%20Geleneksel%20kanallarda%20bu%20pek%20m\u00fcmk\u00fcn%20de\u011fildir.%20G\u00fcn\u00fcm\u00fcz%20ileti\u015fimi,%20bilgi%20aktar\u0131m\u0131nda%20da%20dijital%20ve%20\u00f6nce%20mobil.%20\u00c7\u00fcnk\u00fc%20\u00e7al\u0131\u015fanlar\u0131n\u0131z%20bizim%20odak%20noktam\u0131z!%20DigiDuck'\u0131n%20\u00d6\u011frenme%20ve%20Bilgi%20Y\u00f6netim%20Sistemi%20ile%20\u00e7al\u0131\u015fanlar\u0131n\u0131za%20bilgilerini%20kal\u0131c\u0131&hellip;\" \/>\n<meta property=\"og:locale\" content=\"tr_TR\" \/>\n<meta property=\"og:type\" content=\"article\" \/>\n<meta property=\"og:title\" content=\"Neden DigiDuck\" \/>\n<meta property=\"og:description\" content=\"NEDEN DIGIDUCK? Etkili bilgi y\u00f6netimi \u00f6l\u00e7\u00fclebilir sonu\u00e7lar \u00fcretir \u00c7al\u0131\u015fanlar\u0131n\u0131z \u015firketinizin en de\u011ferli varl\u0131\u011f\u0131d\u0131r. Ancak iyi e\u011fitildikleri ve bilgilendirildikleri takdirde beceri ve yeteneklerinin tamam\u0131n\u0131 ortaya koyabilirler. Geleneksel kanallarda bu pek m\u00fcmk\u00fcn de\u011fildir. G\u00fcn\u00fcm\u00fcz ileti\u015fimi, bilgi aktar\u0131m\u0131nda da dijital ve &quot;\u00f6nce mobil&quot;. \u00c7\u00fcnk\u00fc \u00e7al\u0131\u015fanlar\u0131n\u0131z bizim odak noktam\u0131z! DigiDuck&#039;\u0131n \u00d6\u011frenme ve Bilgi Y\u00f6netim Sistemi ile \u00e7al\u0131\u015fanlar\u0131n\u0131za bilgilerini kal\u0131c\u0131&hellip;\" \/>\n<meta property=\"og:url\" content=\"https:\/\/www.digi-duck.com\/tr\/neden-digiduck\/\" \/>\n<meta property=\"og:site_name\" content=\"DigiDuck\" \/>\n<meta property=\"article:publisher\" content=\"https:\/\/www.facebook.com\/profile.php?id=61558494354505\" \/>\n<meta property=\"article:modified_time\" content=\"2023-07-07T09:51:44+00:00\" \/>\n<meta name=\"twitter:card\" content=\"summary_large_image\" \/>\n<meta name=\"twitter:label1\" content=\"Tahmini okuma s\u00fcresi\" \/>\n\t<meta name=\"twitter:data1\" content=\"2 dakika\" \/>\n<script type=\"application\/ld+json\" class=\"yoast-schema-graph\">{\"@context\":\"https:\/\/schema.org\",\"@graph\":[{\"@type\":\"WebPage\",\"@id\":\"https:\/\/www.digi-duck.com\/tr\/neden-digiduck\/\",\"url\":\"https:\/\/www.digi-duck.com\/tr\/neden-digiduck\/\",\"name\":\"Effektives Wissens-Management generiert messbare Ergebnisse\",\"isPartOf\":{\"@id\":\"https:\/\/www.digi-duck.com\/#website\"},\"datePublished\":\"2022-07-06T17:49:08+00:00\",\"dateModified\":\"2023-07-07T09:51:44+00:00\",\"breadcrumb\":{\"@id\":\"https:\/\/www.digi-duck.com\/tr\/neden-digiduck\/#breadcrumb\"},\"inLanguage\":\"tr\",\"potentialAction\":[{\"@type\":\"ReadAction\",\"target\":[\"https:\/\/www.digi-duck.com\/tr\/neden-digiduck\/\"]}]},{\"@type\":\"BreadcrumbList\",\"@id\":\"https:\/\/www.digi-duck.com\/tr\/neden-digiduck\/#breadcrumb\",\"itemListElement\":[{\"@type\":\"ListItem\",\"position\":1,\"name\":\"Anasayfa\",\"item\":\"https:\/\/www.digi-duck.com\/\"},{\"@type\":\"ListItem\",\"position\":2,\"name\":\"Neden DigiDuck\"}]},{\"@type\":\"WebSite\",\"@id\":\"https:\/\/www.digi-duck.com\/tr\/#website\",\"url\":\"https:\/\/www.digi-duck.com\/tr\/\",\"name\":\"DigiDuck\",\"description\":\"Ihr digitaler Qualifikationspartner\",\"publisher\":{\"@id\":\"https:\/\/www.digi-duck.com\/tr\/#organization\"},\"potentialAction\":[{\"@type\":\"SearchAction\",\"target\":{\"@type\":\"EntryPoint\",\"urlTemplate\":\"https:\/\/www.digi-duck.com\/tr\/?s={search_term_string}\"},\"query-input\":{\"@type\":\"PropertyValueSpecification\",\"valueRequired\":true,\"valueName\":\"search_term_string\"}}],\"inLanguage\":\"tr\"},{\"@type\":\"Organization\",\"@id\":\"https:\/\/www.digi-duck.com\/tr\/#organization\",\"name\":\"DigiDuck GmbH\",\"url\":\"https:\/\/www.digi-duck.com\/tr\/\",\"logo\":{\"@type\":\"ImageObject\",\"inLanguage\":\"tr\",\"@id\":\"https:\/\/www.digi-duck.com\/tr\/#\/schema\/logo\/image\/\",\"url\":\"https:\/\/www.digi-duck.com\/wp-content\/uploads\/2024\/08\/DigiDuck_Logo_App_Colored.png\",\"contentUrl\":\"https:\/\/www.digi-duck.com\/wp-content\/uploads\/2024\/08\/DigiDuck_Logo_App_Colored.png\",\"width\":2000,\"height\":2000,\"caption\":\"DigiDuck GmbH\"},\"image\":{\"@id\":\"https:\/\/www.digi-duck.com\/tr\/#\/schema\/logo\/image\/\"},\"sameAs\":[\"https:\/\/www.facebook.com\/profile.php?id=61558494354505\",\"https:\/\/www.linkedin.com\/company\/digiduck-gmbh\",\"https:\/\/www.xing.com\/pages\/digiduck-gmbh\"]}]}<\/script>\n<!-- \/ Yoast SEO plugin. -->","yoast_head_json":{"title":"Neden DigiDuck","description":"NEDEN DIGIDUCK? Etkili bilgi y\u00f6netimi \u00f6l\u00e7\u00fclebilir sonu\u00e7lar \u00fcretir \u00c7al\u0131\u015fanlar\u0131n\u0131z \u015firketinizin en de\u011ferli varl\u0131\u011f\u0131d\u0131r. Ancak iyi e\u011fitildikleri ve bilgilendirildikleri takdirde beceri ve yeteneklerinin tamam\u0131n\u0131 ortaya koyabilirler. Geleneksel kanallarda bu pek m\u00fcmk\u00fcn de\u011fildir. G\u00fcn\u00fcm\u00fcz ileti\u015fimi, bilgi aktar\u0131m\u0131nda da dijital ve \"\u00f6nce mobil\". \u00c7\u00fcnk\u00fc \u00e7al\u0131\u015fanlar\u0131n\u0131z bizim odak noktam\u0131z! DigiDuck'\u0131n \u00d6\u011frenme ve Bilgi Y\u00f6netim Sistemi ile \u00e7al\u0131\u015fanlar\u0131n\u0131za bilgilerini kal\u0131c\u0131&hellip;","robots":{"index":"index","follow":"follow","max-snippet":"max-snippet:-1","max-image-preview":"max-image-preview:large","max-video-preview":"max-video-preview:-1"},"canonical":"NEDEN DIGIDUCK? Etkili bilgi y\u00f6netimi \u00f6l\u00e7\u00fclebilir sonu\u00e7lar \u00fcretir \u00c7al\u0131\u015fanlar\u0131n\u0131z \u015firketinizin en de\u011ferli varl\u0131\u011f\u0131d\u0131r. Ancak iyi e\u011fitildikleri ve bilgilendirildikleri takdirde beceri ve yeteneklerinin tamam\u0131n\u0131 ortaya koyabilirler. Geleneksel kanallarda bu pek m\u00fcmk\u00fcn de\u011fildir. G\u00fcn\u00fcm\u00fcz ileti\u015fimi, bilgi aktar\u0131m\u0131nda da dijital ve \"\u00f6nce mobil\". \u00c7\u00fcnk\u00fc \u00e7al\u0131\u015fanlar\u0131n\u0131z bizim odak noktam\u0131z! DigiDuck'\u0131n \u00d6\u011frenme ve Bilgi Y\u00f6netim Sistemi ile \u00e7al\u0131\u015fanlar\u0131n\u0131za bilgilerini kal\u0131c\u0131&hellip;","og_locale":"tr_TR","og_type":"article","og_title":"Neden DigiDuck","og_description":"NEDEN DIGIDUCK? Etkili bilgi y\u00f6netimi \u00f6l\u00e7\u00fclebilir sonu\u00e7lar \u00fcretir \u00c7al\u0131\u015fanlar\u0131n\u0131z \u015firketinizin en de\u011ferli varl\u0131\u011f\u0131d\u0131r. Ancak iyi e\u011fitildikleri ve bilgilendirildikleri takdirde beceri ve yeteneklerinin tamam\u0131n\u0131 ortaya koyabilirler. Geleneksel kanallarda bu pek m\u00fcmk\u00fcn de\u011fildir. G\u00fcn\u00fcm\u00fcz ileti\u015fimi, bilgi aktar\u0131m\u0131nda da dijital ve \"\u00f6nce mobil\". \u00c7\u00fcnk\u00fc \u00e7al\u0131\u015fanlar\u0131n\u0131z bizim odak noktam\u0131z! DigiDuck'\u0131n \u00d6\u011frenme ve Bilgi Y\u00f6netim Sistemi ile \u00e7al\u0131\u015fanlar\u0131n\u0131za bilgilerini kal\u0131c\u0131&hellip;","og_url":"https:\/\/www.digi-duck.com\/tr\/neden-digiduck\/","og_site_name":"DigiDuck","article_publisher":"https:\/\/www.facebook.com\/profile.php?id=61558494354505","article_modified_time":"2023-07-07T09:51:44+00:00","twitter_card":"summary_large_image","twitter_misc":{"Tahmini okuma s\u00fcresi":"2 dakika"},"schema":{"@context":"https:\/\/schema.org","@graph":[{"@type":"WebPage","@id":"https:\/\/www.digi-duck.com\/tr\/neden-digiduck\/","url":"https:\/\/www.digi-duck.com\/tr\/neden-digiduck\/","name":"Effektives Wissens-Management generiert messbare Ergebnisse","isPartOf":{"@id":"https:\/\/www.digi-duck.com\/#website"},"datePublished":"2022-07-06T17:49:08+00:00","dateModified":"2023-07-07T09:51:44+00:00","breadcrumb":{"@id":"https:\/\/www.digi-duck.com\/tr\/neden-digiduck\/#breadcrumb"},"inLanguage":"tr","potentialAction":[{"@type":"ReadAction","target":["https:\/\/www.digi-duck.com\/tr\/neden-digiduck\/"]}]},{"@type":"BreadcrumbList","@id":"https:\/\/www.digi-duck.com\/tr\/neden-digiduck\/#breadcrumb","itemListElement":[{"@type":"ListItem","position":1,"name":"Anasayfa","item":"https:\/\/www.digi-duck.com\/"},{"@type":"ListItem","position":2,"name":"Neden DigiDuck"}]},{"@type":"WebSite","@id":"https:\/\/www.digi-duck.com\/tr\/#website","url":"https:\/\/www.digi-duck.com\/tr\/","name":"DigiDuck","description":"Ihr digitaler Qualifikationspartner","publisher":{"@id":"https:\/\/www.digi-duck.com\/tr\/#organization"},"potentialAction":[{"@type":"SearchAction","target":{"@type":"EntryPoint","urlTemplate":"https:\/\/www.digi-duck.com\/tr\/?s={search_term_string}"},"query-input":{"@type":"PropertyValueSpecification","valueRequired":true,"valueName":"search_term_string"}}],"inLanguage":"tr"},{"@type":"Organization","@id":"https:\/\/www.digi-duck.com\/tr\/#organization","name":"DigiDuck GmbH","url":"https:\/\/www.digi-duck.com\/tr\/","logo":{"@type":"ImageObject","inLanguage":"tr","@id":"https:\/\/www.digi-duck.com\/tr\/#\/schema\/logo\/image\/","url":"https:\/\/www.digi-duck.com\/wp-content\/uploads\/2024\/08\/DigiDuck_Logo_App_Colored.png","contentUrl":"https:\/\/www.digi-duck.com\/wp-content\/uploads\/2024\/08\/DigiDuck_Logo_App_Colored.png","width":2000,"height":2000,"caption":"DigiDuck GmbH"},"image":{"@id":"https:\/\/www.digi-duck.com\/tr\/#\/schema\/logo\/image\/"},"sameAs":["https:\/\/www.facebook.com\/profile.php?id=61558494354505","https:\/\/www.linkedin.com\/company\/digiduck-gmbh","https:\/\/www.xing.com\/pages\/digiduck-gmbh"]}]}},"post_mailing_queue_ids":[],"_links":{"self":[{"href":"https:\/\/www.digi-duck.com\/tr\/wp-json\/wp\/v2\/pages\/5","targetHints":{"allow":["GET"]}}],"collection":[{"href":"https:\/\/www.digi-duck.com\/tr\/wp-json\/wp\/v2\/pages"}],"about":[{"href":"https:\/\/www.digi-duck.com\/tr\/wp-json\/wp\/v2\/types\/page"}],"author":[{"embeddable":true,"href":"https:\/\/www.digi-duck.com\/tr\/wp-json\/wp\/v2\/users\/4"}],"replies":[{"embeddable":true,"href":"https:\/\/www.digi-duck.com\/tr\/wp-json\/wp\/v2\/comments?post=5"}],"version-history":[{"count":5,"href":"https:\/\/www.digi-duck.com\/tr\/wp-json\/wp\/v2\/pages\/5\/revisions"}],"predecessor-version":[{"id":675,"href":"https:\/\/www.digi-duck.com\/tr\/wp-json\/wp\/v2\/pages\/5\/revisions\/675"}],"wp:attachment":[{"href":"https:\/\/www.digi-duck.com\/tr\/wp-json\/wp\/v2\/media?parent=5"}],"curies":[{"name":"wp","href":"https:\/\/api.w.org\/{rel}","templated":true}]}}