{"id":57,"date":"2022-07-23T08:05:32","date_gmt":"2022-07-23T06:05:32","guid":{"rendered":"https:\/\/www.digi-duck.com\/?page_id=57"},"modified":"2023-07-07T11:53:13","modified_gmt":"2023-07-07T09:53:13","slug":"kfm-mitarbeiter","status":"publish","type":"page","link":"https:\/\/www.digi-duck.com\/tr\/kfm-calisani\/","title":{"rendered":"Kfm. \u00e7al\u0131\u015fan\u0131"},"content":{"rendered":"<p>TICARI \u00c7ALI\u015eANLAR I\u00c7IN<\/p>\n<hr class=\"wp-block-separator has-alpha-channel-opacity\" \/>\n<p>\u0130nsanlar genellikle sadece lojistik, depolama ve \u00fcretimde \u00e7al\u0131\u015fanlar\u0131n gerekli yasal talimatlar\u0131, e\u011fitimleri ve zorunlu bilgileri almas\u0131 gerekti\u011fini d\u00fc\u015f\u00fcn\u00fcr. Ama bu yanl\u0131\u015f. \u015eirket ne kadar b\u00fcy\u00fck olursa olsun, bir \u015firketteki t\u00fcm \u00e7al\u0131\u015fanlar etkilenir. Bunun yap\u0131lmamas\u0131 y\u00f6netim ve \u015firket i\u00e7in ciddi yasal sonu\u00e7lar do\u011furabilir.<\/p>\n<p>\u00c7al\u0131\u015fanlar\u0131n\u0131z\u0131 ofis \u00e7al\u0131\u015fanlar\u0131 i\u00e7in ergonomi, genel i\u015f sa\u011fl\u0131\u011f\u0131 ve g\u00fcvenli\u011fi, ilk yard\u0131m vb. gibi yasal a\u00e7\u0131dan \u00f6nemli t\u00fcm alanlarda denetime dayan\u0131kl\u0131 bir \u015fekilde e\u011fitiyor musunuz? Bunu yapmaman\u0131z durumunda bir y\u00f6netici olarak kar\u015f\u0131la\u015faca\u011f\u0131n\u0131z riskin fark\u0131nda m\u0131s\u0131n\u0131z?<\/p>\n<p>\u0130htiyac\u0131n\u0131z olan \u015fey, bu yasal y\u00fck\u00fcml\u00fcl\u00fckleri sizin i\u00e7in denetime dayan\u0131kl\u0131 bir \u015fekilde yerine getiren, \u00e7al\u0131\u015fanlar\u0131n\u0131z\u0131 her zaman profesyonelce e\u011fiten ve b\u00f6ylece yasal olarak gerekli olan her \u015feyi uygulad\u0131\u011f\u0131n\u0131z\u0131 garanti eden uygun maliyetli, \u00e7evrimi\u00e7i tabanl\u0131 bir sistemdir.<\/p>\n<hr class=\"wp-block-separator has-alpha-channel-opacity\" \/>\n<p>\u015eimdi f\u0131rsat\u0131 de\u011ferlendirin ve DigiDuck&#8217;\u0131 test edin. T\u00fcm \u00e7al\u0131\u015fanlar\u0131n\u0131za tam olarak bulunduklar\u0131 yerden ula\u015f\u0131n.<\/p>\n<hr class=\"wp-block-separator has-alpha-channel-opacity\" \/>\n<a href=\"\/tr\/kostenlos-testen\/\" target=\"_self\" class=\"btn-white-full btn btn-primary\">DigiDuck'\u0131 \u015fimdi \u00fccretsiz test edin<\/a>\n","protected":false},"excerpt":{"rendered":"<p>TICARI \u00c7ALI\u015eANLAR I\u00c7IN \u0130nsanlar genellikle sadece lojistik, depolama ve \u00fcretimde \u00e7al\u0131\u015fanlar\u0131n gerekli yasal talimatlar\u0131, e\u011fitimleri ve zorunlu bilgileri almas\u0131 gerekti\u011fini d\u00fc\u015f\u00fcn\u00fcr. Ama bu yanl\u0131\u015f. \u015eirket ne kadar b\u00fcy\u00fck olursa olsun, bir \u015firketteki t\u00fcm \u00e7al\u0131\u015fanlar etkilenir. Bunun yap\u0131lmamas\u0131 y\u00f6netim ve \u015firket i\u00e7in ciddi yasal sonu\u00e7lar do\u011furabilir. \u00c7al\u0131\u015fanlar\u0131n\u0131z\u0131 ofis \u00e7al\u0131\u015fanlar\u0131 i\u00e7in ergonomi, genel i\u015f sa\u011fl\u0131\u011f\u0131 ve g\u00fcvenli\u011fi, [&hellip;]<\/p>\n","protected":false},"author":4,"featured_media":0,"parent":0,"menu_order":0,"comment_status":"closed","ping_status":"closed","template":"","meta":{"_acf_changed":false,"footnotes":""},"class_list":["post-57","page","type-page","status-publish","hentry"],"acf":[],"yoast_head":"<!-- This site is optimized with the Yoast SEO plugin v27.1.1 - https:\/\/yoast.com\/product\/yoast-seo-wordpress\/ -->\n<title>Kfm. \u00e7al\u0131\u015fan\u0131<\/title>\n<meta name=\"description\" content=\"TICARI \u00c7ALI\u015eANLAR I\u00c7IN \u0130nsanlar genellikle sadece lojistik, depolama ve \u00fcretimde \u00e7al\u0131\u015fanlar\u0131n gerekli yasal talimatlar\u0131, e\u011fitimleri ve zorunlu bilgileri almas\u0131 gerekti\u011fini d\u00fc\u015f\u00fcn\u00fcr. Ama bu yanl\u0131\u015f. \u015eirket ne kadar b\u00fcy\u00fck olursa olsun, bir \u015firketteki t\u00fcm \u00e7al\u0131\u015fanlar etkilenir. Bunun yap\u0131lmamas\u0131 y\u00f6netim ve \u015firket i\u00e7in ciddi yasal sonu\u00e7lar do\u011furabilir. \u00c7al\u0131\u015fanlar\u0131n\u0131z\u0131 ofis \u00e7al\u0131\u015fanlar\u0131 i\u00e7in ergonomi, genel i\u015f sa\u011fl\u0131\u011f\u0131 ve g\u00fcvenli\u011fi,&hellip;\" \/>\n<meta name=\"robots\" content=\"index, follow, max-snippet:-1, max-image-preview:large, max-video-preview:-1\" \/>\n<link rel=\"canonical\" href=\"http:\/\/TICARI%20\u00c7ALI\u015eANLAR%20I\u00c7IN%20\u0130nsanlar%20genellikle%20sadece%20lojistik,%20depolama%20ve%20\u00fcretimde%20\u00e7al\u0131\u015fanlar\u0131n%20gerekli%20yasal%20talimatlar\u0131,%20e\u011fitimleri%20ve%20zorunlu%20bilgileri%20almas\u0131%20gerekti\u011fini%20d\u00fc\u015f\u00fcn\u00fcr.%20Ama%20bu%20yanl\u0131\u015f.%20\u015eirket%20ne%20kadar%20b\u00fcy\u00fck%20olursa%20olsun,%20bir%20\u015firketteki%20t\u00fcm%20\u00e7al\u0131\u015fanlar%20etkilenir.%20Bunun%20yap\u0131lmamas\u0131%20y\u00f6netim%20ve%20\u015firket%20i\u00e7in%20ciddi%20yasal%20sonu\u00e7lar%20do\u011furabilir.%20\u00c7al\u0131\u015fanlar\u0131n\u0131z\u0131%20ofis%20\u00e7al\u0131\u015fanlar\u0131%20i\u00e7in%20ergonomi,%20genel%20i\u015f%20sa\u011fl\u0131\u011f\u0131%20ve%20g\u00fcvenli\u011fi,&hellip;\" \/>\n<meta property=\"og:locale\" content=\"tr_TR\" \/>\n<meta property=\"og:type\" content=\"article\" \/>\n<meta property=\"og:title\" content=\"Kfm. \u00e7al\u0131\u015fan\u0131\" \/>\n<meta property=\"og:description\" content=\"TICARI \u00c7ALI\u015eANLAR I\u00c7IN \u0130nsanlar genellikle sadece lojistik, depolama ve \u00fcretimde \u00e7al\u0131\u015fanlar\u0131n gerekli yasal talimatlar\u0131, e\u011fitimleri ve zorunlu bilgileri almas\u0131 gerekti\u011fini d\u00fc\u015f\u00fcn\u00fcr. Ama bu yanl\u0131\u015f. \u015eirket ne kadar b\u00fcy\u00fck olursa olsun, bir \u015firketteki t\u00fcm \u00e7al\u0131\u015fanlar etkilenir. Bunun yap\u0131lmamas\u0131 y\u00f6netim ve \u015firket i\u00e7in ciddi yasal sonu\u00e7lar do\u011furabilir. \u00c7al\u0131\u015fanlar\u0131n\u0131z\u0131 ofis \u00e7al\u0131\u015fanlar\u0131 i\u00e7in ergonomi, genel i\u015f sa\u011fl\u0131\u011f\u0131 ve g\u00fcvenli\u011fi,&hellip;\" \/>\n<meta property=\"og:url\" content=\"https:\/\/www.digi-duck.com\/tr\/kfm-calisani\/\" \/>\n<meta property=\"og:site_name\" content=\"DigiDuck\" \/>\n<meta property=\"article:publisher\" content=\"https:\/\/www.facebook.com\/profile.php?id=61558494354505\" \/>\n<meta property=\"article:modified_time\" content=\"2023-07-07T09:53:13+00:00\" \/>\n<meta name=\"twitter:card\" content=\"summary_large_image\" \/>\n<meta name=\"twitter:label1\" content=\"Tahmini okuma s\u00fcresi\" \/>\n\t<meta name=\"twitter:data1\" content=\"1 dakika\" \/>\n<script type=\"application\/ld+json\" class=\"yoast-schema-graph\">{\"@context\":\"https:\/\/schema.org\",\"@graph\":[{\"@type\":\"WebPage\",\"@id\":\"https:\/\/www.digi-duck.com\/tr\/kfm-calisani\/\",\"url\":\"https:\/\/www.digi-duck.com\/tr\/kfm-calisani\/\",\"name\":\"Digi-Duck - Unterweisung f\u00fcr kaufm\u00e4nnische Mitarbeiter\",\"isPartOf\":{\"@id\":\"https:\/\/www.digi-duck.com\/#website\"},\"datePublished\":\"2022-07-23T06:05:32+00:00\",\"dateModified\":\"2023-07-07T09:53:13+00:00\",\"breadcrumb\":{\"@id\":\"https:\/\/www.digi-duck.com\/tr\/kfm-calisani\/#breadcrumb\"},\"inLanguage\":\"tr\",\"potentialAction\":[{\"@type\":\"ReadAction\",\"target\":[\"https:\/\/www.digi-duck.com\/tr\/kfm-calisani\/\"]}]},{\"@type\":\"BreadcrumbList\",\"@id\":\"https:\/\/www.digi-duck.com\/tr\/kfm-calisani\/#breadcrumb\",\"itemListElement\":[{\"@type\":\"ListItem\",\"position\":1,\"name\":\"Anasayfa\",\"item\":\"https:\/\/www.digi-duck.com\/\"},{\"@type\":\"ListItem\",\"position\":2,\"name\":\"Kfm. \u00e7al\u0131\u015fan\u0131\"}]},{\"@type\":\"WebSite\",\"@id\":\"https:\/\/www.digi-duck.com\/tr\/#website\",\"url\":\"https:\/\/www.digi-duck.com\/tr\/\",\"name\":\"DigiDuck\",\"description\":\"Ihr digitaler Qualifikationspartner\",\"publisher\":{\"@id\":\"https:\/\/www.digi-duck.com\/tr\/#organization\"},\"potentialAction\":[{\"@type\":\"SearchAction\",\"target\":{\"@type\":\"EntryPoint\",\"urlTemplate\":\"https:\/\/www.digi-duck.com\/tr\/?s={search_term_string}\"},\"query-input\":{\"@type\":\"PropertyValueSpecification\",\"valueRequired\":true,\"valueName\":\"search_term_string\"}}],\"inLanguage\":\"tr\"},{\"@type\":\"Organization\",\"@id\":\"https:\/\/www.digi-duck.com\/tr\/#organization\",\"name\":\"DigiDuck GmbH\",\"url\":\"https:\/\/www.digi-duck.com\/tr\/\",\"logo\":{\"@type\":\"ImageObject\",\"inLanguage\":\"tr\",\"@id\":\"https:\/\/www.digi-duck.com\/tr\/#\/schema\/logo\/image\/\",\"url\":\"https:\/\/www.digi-duck.com\/wp-content\/uploads\/2024\/08\/DigiDuck_Logo_App_Colored.png\",\"contentUrl\":\"https:\/\/www.digi-duck.com\/wp-content\/uploads\/2024\/08\/DigiDuck_Logo_App_Colored.png\",\"width\":2000,\"height\":2000,\"caption\":\"DigiDuck GmbH\"},\"image\":{\"@id\":\"https:\/\/www.digi-duck.com\/tr\/#\/schema\/logo\/image\/\"},\"sameAs\":[\"https:\/\/www.facebook.com\/profile.php?id=61558494354505\",\"https:\/\/www.linkedin.com\/company\/digiduck-gmbh\",\"https:\/\/www.xing.com\/pages\/digiduck-gmbh\"]}]}<\/script>\n<!-- \/ Yoast SEO plugin. -->","yoast_head_json":{"title":"Kfm. \u00e7al\u0131\u015fan\u0131","description":"TICARI \u00c7ALI\u015eANLAR I\u00c7IN \u0130nsanlar genellikle sadece lojistik, depolama ve \u00fcretimde \u00e7al\u0131\u015fanlar\u0131n gerekli yasal talimatlar\u0131, e\u011fitimleri ve zorunlu bilgileri almas\u0131 gerekti\u011fini d\u00fc\u015f\u00fcn\u00fcr. Ama bu yanl\u0131\u015f. \u015eirket ne kadar b\u00fcy\u00fck olursa olsun, bir \u015firketteki t\u00fcm \u00e7al\u0131\u015fanlar etkilenir. Bunun yap\u0131lmamas\u0131 y\u00f6netim ve \u015firket i\u00e7in ciddi yasal sonu\u00e7lar do\u011furabilir. \u00c7al\u0131\u015fanlar\u0131n\u0131z\u0131 ofis \u00e7al\u0131\u015fanlar\u0131 i\u00e7in ergonomi, genel i\u015f sa\u011fl\u0131\u011f\u0131 ve g\u00fcvenli\u011fi,&hellip;","robots":{"index":"index","follow":"follow","max-snippet":"max-snippet:-1","max-image-preview":"max-image-preview:large","max-video-preview":"max-video-preview:-1"},"canonical":"TICARI \u00c7ALI\u015eANLAR I\u00c7IN \u0130nsanlar genellikle sadece lojistik, depolama ve \u00fcretimde \u00e7al\u0131\u015fanlar\u0131n gerekli yasal talimatlar\u0131, e\u011fitimleri ve zorunlu bilgileri almas\u0131 gerekti\u011fini d\u00fc\u015f\u00fcn\u00fcr. Ama bu yanl\u0131\u015f. \u015eirket ne kadar b\u00fcy\u00fck olursa olsun, bir \u015firketteki t\u00fcm \u00e7al\u0131\u015fanlar etkilenir. Bunun yap\u0131lmamas\u0131 y\u00f6netim ve \u015firket i\u00e7in ciddi yasal sonu\u00e7lar do\u011furabilir. \u00c7al\u0131\u015fanlar\u0131n\u0131z\u0131 ofis \u00e7al\u0131\u015fanlar\u0131 i\u00e7in ergonomi, genel i\u015f sa\u011fl\u0131\u011f\u0131 ve g\u00fcvenli\u011fi,&hellip;","og_locale":"tr_TR","og_type":"article","og_title":"Kfm. \u00e7al\u0131\u015fan\u0131","og_description":"TICARI \u00c7ALI\u015eANLAR I\u00c7IN \u0130nsanlar genellikle sadece lojistik, depolama ve \u00fcretimde \u00e7al\u0131\u015fanlar\u0131n gerekli yasal talimatlar\u0131, e\u011fitimleri ve zorunlu bilgileri almas\u0131 gerekti\u011fini d\u00fc\u015f\u00fcn\u00fcr. Ama bu yanl\u0131\u015f. \u015eirket ne kadar b\u00fcy\u00fck olursa olsun, bir \u015firketteki t\u00fcm \u00e7al\u0131\u015fanlar etkilenir. Bunun yap\u0131lmamas\u0131 y\u00f6netim ve \u015firket i\u00e7in ciddi yasal sonu\u00e7lar do\u011furabilir. \u00c7al\u0131\u015fanlar\u0131n\u0131z\u0131 ofis \u00e7al\u0131\u015fanlar\u0131 i\u00e7in ergonomi, genel i\u015f sa\u011fl\u0131\u011f\u0131 ve g\u00fcvenli\u011fi,&hellip;","og_url":"https:\/\/www.digi-duck.com\/tr\/kfm-calisani\/","og_site_name":"DigiDuck","article_publisher":"https:\/\/www.facebook.com\/profile.php?id=61558494354505","article_modified_time":"2023-07-07T09:53:13+00:00","twitter_card":"summary_large_image","twitter_misc":{"Tahmini okuma s\u00fcresi":"1 dakika"},"schema":{"@context":"https:\/\/schema.org","@graph":[{"@type":"WebPage","@id":"https:\/\/www.digi-duck.com\/tr\/kfm-calisani\/","url":"https:\/\/www.digi-duck.com\/tr\/kfm-calisani\/","name":"Digi-Duck - Unterweisung f\u00fcr kaufm\u00e4nnische Mitarbeiter","isPartOf":{"@id":"https:\/\/www.digi-duck.com\/#website"},"datePublished":"2022-07-23T06:05:32+00:00","dateModified":"2023-07-07T09:53:13+00:00","breadcrumb":{"@id":"https:\/\/www.digi-duck.com\/tr\/kfm-calisani\/#breadcrumb"},"inLanguage":"tr","potentialAction":[{"@type":"ReadAction","target":["https:\/\/www.digi-duck.com\/tr\/kfm-calisani\/"]}]},{"@type":"BreadcrumbList","@id":"https:\/\/www.digi-duck.com\/tr\/kfm-calisani\/#breadcrumb","itemListElement":[{"@type":"ListItem","position":1,"name":"Anasayfa","item":"https:\/\/www.digi-duck.com\/"},{"@type":"ListItem","position":2,"name":"Kfm. \u00e7al\u0131\u015fan\u0131"}]},{"@type":"WebSite","@id":"https:\/\/www.digi-duck.com\/tr\/#website","url":"https:\/\/www.digi-duck.com\/tr\/","name":"DigiDuck","description":"Ihr digitaler Qualifikationspartner","publisher":{"@id":"https:\/\/www.digi-duck.com\/tr\/#organization"},"potentialAction":[{"@type":"SearchAction","target":{"@type":"EntryPoint","urlTemplate":"https:\/\/www.digi-duck.com\/tr\/?s={search_term_string}"},"query-input":{"@type":"PropertyValueSpecification","valueRequired":true,"valueName":"search_term_string"}}],"inLanguage":"tr"},{"@type":"Organization","@id":"https:\/\/www.digi-duck.com\/tr\/#organization","name":"DigiDuck GmbH","url":"https:\/\/www.digi-duck.com\/tr\/","logo":{"@type":"ImageObject","inLanguage":"tr","@id":"https:\/\/www.digi-duck.com\/tr\/#\/schema\/logo\/image\/","url":"https:\/\/www.digi-duck.com\/wp-content\/uploads\/2024\/08\/DigiDuck_Logo_App_Colored.png","contentUrl":"https:\/\/www.digi-duck.com\/wp-content\/uploads\/2024\/08\/DigiDuck_Logo_App_Colored.png","width":2000,"height":2000,"caption":"DigiDuck GmbH"},"image":{"@id":"https:\/\/www.digi-duck.com\/tr\/#\/schema\/logo\/image\/"},"sameAs":["https:\/\/www.facebook.com\/profile.php?id=61558494354505","https:\/\/www.linkedin.com\/company\/digiduck-gmbh","https:\/\/www.xing.com\/pages\/digiduck-gmbh"]}]}},"post_mailing_queue_ids":[],"_links":{"self":[{"href":"https:\/\/www.digi-duck.com\/tr\/wp-json\/wp\/v2\/pages\/57","targetHints":{"allow":["GET"]}}],"collection":[{"href":"https:\/\/www.digi-duck.com\/tr\/wp-json\/wp\/v2\/pages"}],"about":[{"href":"https:\/\/www.digi-duck.com\/tr\/wp-json\/wp\/v2\/types\/page"}],"author":[{"embeddable":true,"href":"https:\/\/www.digi-duck.com\/tr\/wp-json\/wp\/v2\/users\/4"}],"replies":[{"embeddable":true,"href":"https:\/\/www.digi-duck.com\/tr\/wp-json\/wp\/v2\/comments?post=57"}],"version-history":[{"count":5,"href":"https:\/\/www.digi-duck.com\/tr\/wp-json\/wp\/v2\/pages\/57\/revisions"}],"predecessor-version":[{"id":679,"href":"https:\/\/www.digi-duck.com\/tr\/wp-json\/wp\/v2\/pages\/57\/revisions\/679"}],"wp:attachment":[{"href":"https:\/\/www.digi-duck.com\/tr\/wp-json\/wp\/v2\/media?parent=57"}],"curies":[{"name":"wp","href":"https:\/\/api.w.org\/{rel}","templated":true}]}}