{"id":59,"date":"2022-07-23T08:05:43","date_gmt":"2022-07-23T06:05:43","guid":{"rendered":"https:\/\/www.digi-duck.com\/?page_id=59"},"modified":"2022-09-11T18:08:02","modified_gmt":"2022-09-11T16:08:02","slug":"kontakt","status":"publish","type":"page","link":"https:\/\/www.digi-duck.com\/tr\/kontakt\/","title":{"rendered":"\u0130leti\u015fim"},"content":{"rendered":"<p>SI\u0307ZE NASIL YARDIMCI OLABI\u0307LI\u0307RI\u0307Z?<\/p>\n<hr class=\"wp-block-separator has-alpha-channel-opacity\">\n<p>DigiDuck hakk\u0131nda sorular\u0131n\u0131z m\u0131 var? Bize bir mesaj g\u00f6nderin, bizi aray\u0131n veya do\u011frudan bireysel bir dan\u0131\u015fmanl\u0131k randevusu ayarlay\u0131n. Size yard\u0131mc\u0131 olmaktan mutluluk duyar\u0131z!<\/p>\n","protected":false},"excerpt":{"rendered":"<p>SI\u0307ZE NASIL YARDIMCI OLABI\u0307LI\u0307RI\u0307Z? DigiDuck hakk\u0131nda sorular\u0131n\u0131z m\u0131 var? Bize bir mesaj g\u00f6nderin, bizi aray\u0131n veya do\u011frudan bireysel bir dan\u0131\u015fmanl\u0131k randevusu ayarlay\u0131n. Size yard\u0131mc\u0131 olmaktan mutluluk duyar\u0131z!<\/p>\n","protected":false},"author":4,"featured_media":0,"parent":0,"menu_order":0,"comment_status":"closed","ping_status":"closed","template":"","meta":{"_acf_changed":false,"footnotes":""},"class_list":["post-59","page","type-page","status-publish","hentry"],"acf":[],"yoast_head":"<!-- This site is optimized with the Yoast SEO plugin v27.1.1 - https:\/\/yoast.com\/product\/yoast-seo-wordpress\/ -->\n<title>\u0130leti\u015fim<\/title>\n<meta name=\"description\" content=\"SI\u0307ZE NASIL YARDIMCI OLABI\u0307LI\u0307RI\u0307Z? DigiDuck hakk\u0131nda sorular\u0131n\u0131z m\u0131 var? Bize bir mesaj g\u00f6nderin, bizi aray\u0131n veya do\u011frudan bireysel bir dan\u0131\u015fmanl\u0131k randevusu ayarlay\u0131n. Size yard\u0131mc\u0131 olmaktan mutluluk duyar\u0131z!\" \/>\n<meta name=\"robots\" content=\"index, follow, max-snippet:-1, max-image-preview:large, max-video-preview:-1\" \/>\n<link rel=\"canonical\" href=\"http:\/\/SI\u0307ZE%20NASIL%20YARDIMCI%20OLABI\u0307LI\u0307RI\u0307Z?%20DigiDuck%20hakk\u0131nda%20sorular\u0131n\u0131z%20m\u0131%20var?%20Bize%20bir%20mesaj%20g\u00f6nderin,%20bizi%20aray\u0131n%20veya%20do\u011frudan%20bireysel%20bir%20dan\u0131\u015fmanl\u0131k%20randevusu%20ayarlay\u0131n.%20Size%20yard\u0131mc\u0131%20olmaktan%20mutluluk%20duyar\u0131z!\" \/>\n<meta property=\"og:locale\" content=\"tr_TR\" \/>\n<meta property=\"og:type\" content=\"article\" \/>\n<meta property=\"og:title\" content=\"\u0130leti\u015fim\" \/>\n<meta property=\"og:description\" content=\"SI\u0307ZE NASIL YARDIMCI OLABI\u0307LI\u0307RI\u0307Z? DigiDuck hakk\u0131nda sorular\u0131n\u0131z m\u0131 var? Bize bir mesaj g\u00f6nderin, bizi aray\u0131n veya do\u011frudan bireysel bir dan\u0131\u015fmanl\u0131k randevusu ayarlay\u0131n. Size yard\u0131mc\u0131 olmaktan mutluluk duyar\u0131z!\" \/>\n<meta property=\"og:url\" content=\"https:\/\/www.digi-duck.com\/tr\/kontakt\/\" \/>\n<meta property=\"og:site_name\" content=\"DigiDuck\" \/>\n<meta property=\"article:publisher\" content=\"https:\/\/www.facebook.com\/profile.php?id=61558494354505\" \/>\n<meta property=\"article:modified_time\" content=\"2022-09-11T16:08:02+00:00\" \/>\n<meta name=\"twitter:card\" content=\"summary_large_image\" \/>\n<script type=\"application\/ld+json\" class=\"yoast-schema-graph\">{\"@context\":\"https:\/\/schema.org\",\"@graph\":[{\"@type\":\"WebPage\",\"@id\":\"https:\/\/www.digi-duck.com\/tr\/kontakt\/\",\"url\":\"https:\/\/www.digi-duck.com\/tr\/kontakt\/\",\"name\":\"Kontakt - DigiDuck\",\"isPartOf\":{\"@id\":\"https:\/\/www.digi-duck.com\/#website\"},\"datePublished\":\"2022-07-23T06:05:43+00:00\",\"dateModified\":\"2022-09-11T16:08:02+00:00\",\"breadcrumb\":{\"@id\":\"https:\/\/www.digi-duck.com\/tr\/kontakt\/#breadcrumb\"},\"inLanguage\":\"tr\",\"potentialAction\":[{\"@type\":\"ReadAction\",\"target\":[\"https:\/\/www.digi-duck.com\/tr\/kontakt\/\"]}]},{\"@type\":\"BreadcrumbList\",\"@id\":\"https:\/\/www.digi-duck.com\/tr\/kontakt\/#breadcrumb\",\"itemListElement\":[{\"@type\":\"ListItem\",\"position\":1,\"name\":\"Anasayfa\",\"item\":\"https:\/\/www.digi-duck.com\/\"},{\"@type\":\"ListItem\",\"position\":2,\"name\":\"\u0130leti\u015fim\"}]},{\"@type\":\"WebSite\",\"@id\":\"https:\/\/www.digi-duck.com\/tr\/#website\",\"url\":\"https:\/\/www.digi-duck.com\/tr\/\",\"name\":\"DigiDuck\",\"description\":\"Ihr digitaler Qualifikationspartner\",\"publisher\":{\"@id\":\"https:\/\/www.digi-duck.com\/tr\/#organization\"},\"potentialAction\":[{\"@type\":\"SearchAction\",\"target\":{\"@type\":\"EntryPoint\",\"urlTemplate\":\"https:\/\/www.digi-duck.com\/tr\/?s={search_term_string}\"},\"query-input\":{\"@type\":\"PropertyValueSpecification\",\"valueRequired\":true,\"valueName\":\"search_term_string\"}}],\"inLanguage\":\"tr\"},{\"@type\":\"Organization\",\"@id\":\"https:\/\/www.digi-duck.com\/tr\/#organization\",\"name\":\"DigiDuck GmbH\",\"url\":\"https:\/\/www.digi-duck.com\/tr\/\",\"logo\":{\"@type\":\"ImageObject\",\"inLanguage\":\"tr\",\"@id\":\"https:\/\/www.digi-duck.com\/tr\/#\/schema\/logo\/image\/\",\"url\":\"https:\/\/www.digi-duck.com\/wp-content\/uploads\/2024\/08\/DigiDuck_Logo_App_Colored.png\",\"contentUrl\":\"https:\/\/www.digi-duck.com\/wp-content\/uploads\/2024\/08\/DigiDuck_Logo_App_Colored.png\",\"width\":2000,\"height\":2000,\"caption\":\"DigiDuck GmbH\"},\"image\":{\"@id\":\"https:\/\/www.digi-duck.com\/tr\/#\/schema\/logo\/image\/\"},\"sameAs\":[\"https:\/\/www.facebook.com\/profile.php?id=61558494354505\",\"https:\/\/www.linkedin.com\/company\/digiduck-gmbh\",\"https:\/\/www.xing.com\/pages\/digiduck-gmbh\"]}]}<\/script>\n<!-- \/ Yoast SEO plugin. -->","yoast_head_json":{"title":"\u0130leti\u015fim","description":"SI\u0307ZE NASIL YARDIMCI OLABI\u0307LI\u0307RI\u0307Z? DigiDuck hakk\u0131nda sorular\u0131n\u0131z m\u0131 var? Bize bir mesaj g\u00f6nderin, bizi aray\u0131n veya do\u011frudan bireysel bir dan\u0131\u015fmanl\u0131k randevusu ayarlay\u0131n. Size yard\u0131mc\u0131 olmaktan mutluluk duyar\u0131z!","robots":{"index":"index","follow":"follow","max-snippet":"max-snippet:-1","max-image-preview":"max-image-preview:large","max-video-preview":"max-video-preview:-1"},"canonical":"SI\u0307ZE NASIL YARDIMCI OLABI\u0307LI\u0307RI\u0307Z? DigiDuck hakk\u0131nda sorular\u0131n\u0131z m\u0131 var? Bize bir mesaj g\u00f6nderin, bizi aray\u0131n veya do\u011frudan bireysel bir dan\u0131\u015fmanl\u0131k randevusu ayarlay\u0131n. Size yard\u0131mc\u0131 olmaktan mutluluk duyar\u0131z!","og_locale":"tr_TR","og_type":"article","og_title":"\u0130leti\u015fim","og_description":"SI\u0307ZE NASIL YARDIMCI OLABI\u0307LI\u0307RI\u0307Z? DigiDuck hakk\u0131nda sorular\u0131n\u0131z m\u0131 var? Bize bir mesaj g\u00f6nderin, bizi aray\u0131n veya do\u011frudan bireysel bir dan\u0131\u015fmanl\u0131k randevusu ayarlay\u0131n. Size yard\u0131mc\u0131 olmaktan mutluluk duyar\u0131z!","og_url":"https:\/\/www.digi-duck.com\/tr\/kontakt\/","og_site_name":"DigiDuck","article_publisher":"https:\/\/www.facebook.com\/profile.php?id=61558494354505","article_modified_time":"2022-09-11T16:08:02+00:00","twitter_card":"summary_large_image","schema":{"@context":"https:\/\/schema.org","@graph":[{"@type":"WebPage","@id":"https:\/\/www.digi-duck.com\/tr\/kontakt\/","url":"https:\/\/www.digi-duck.com\/tr\/kontakt\/","name":"Kontakt - DigiDuck","isPartOf":{"@id":"https:\/\/www.digi-duck.com\/#website"},"datePublished":"2022-07-23T06:05:43+00:00","dateModified":"2022-09-11T16:08:02+00:00","breadcrumb":{"@id":"https:\/\/www.digi-duck.com\/tr\/kontakt\/#breadcrumb"},"inLanguage":"tr","potentialAction":[{"@type":"ReadAction","target":["https:\/\/www.digi-duck.com\/tr\/kontakt\/"]}]},{"@type":"BreadcrumbList","@id":"https:\/\/www.digi-duck.com\/tr\/kontakt\/#breadcrumb","itemListElement":[{"@type":"ListItem","position":1,"name":"Anasayfa","item":"https:\/\/www.digi-duck.com\/"},{"@type":"ListItem","position":2,"name":"\u0130leti\u015fim"}]},{"@type":"WebSite","@id":"https:\/\/www.digi-duck.com\/tr\/#website","url":"https:\/\/www.digi-duck.com\/tr\/","name":"DigiDuck","description":"Ihr digitaler Qualifikationspartner","publisher":{"@id":"https:\/\/www.digi-duck.com\/tr\/#organization"},"potentialAction":[{"@type":"SearchAction","target":{"@type":"EntryPoint","urlTemplate":"https:\/\/www.digi-duck.com\/tr\/?s={search_term_string}"},"query-input":{"@type":"PropertyValueSpecification","valueRequired":true,"valueName":"search_term_string"}}],"inLanguage":"tr"},{"@type":"Organization","@id":"https:\/\/www.digi-duck.com\/tr\/#organization","name":"DigiDuck GmbH","url":"https:\/\/www.digi-duck.com\/tr\/","logo":{"@type":"ImageObject","inLanguage":"tr","@id":"https:\/\/www.digi-duck.com\/tr\/#\/schema\/logo\/image\/","url":"https:\/\/www.digi-duck.com\/wp-content\/uploads\/2024\/08\/DigiDuck_Logo_App_Colored.png","contentUrl":"https:\/\/www.digi-duck.com\/wp-content\/uploads\/2024\/08\/DigiDuck_Logo_App_Colored.png","width":2000,"height":2000,"caption":"DigiDuck GmbH"},"image":{"@id":"https:\/\/www.digi-duck.com\/tr\/#\/schema\/logo\/image\/"},"sameAs":["https:\/\/www.facebook.com\/profile.php?id=61558494354505","https:\/\/www.linkedin.com\/company\/digiduck-gmbh","https:\/\/www.xing.com\/pages\/digiduck-gmbh"]}]}},"post_mailing_queue_ids":[],"_links":{"self":[{"href":"https:\/\/www.digi-duck.com\/tr\/wp-json\/wp\/v2\/pages\/59","targetHints":{"allow":["GET"]}}],"collection":[{"href":"https:\/\/www.digi-duck.com\/tr\/wp-json\/wp\/v2\/pages"}],"about":[{"href":"https:\/\/www.digi-duck.com\/tr\/wp-json\/wp\/v2\/types\/page"}],"author":[{"embeddable":true,"href":"https:\/\/www.digi-duck.com\/tr\/wp-json\/wp\/v2\/users\/4"}],"replies":[{"embeddable":true,"href":"https:\/\/www.digi-duck.com\/tr\/wp-json\/wp\/v2\/comments?post=59"}],"version-history":[{"count":2,"href":"https:\/\/www.digi-duck.com\/tr\/wp-json\/wp\/v2\/pages\/59\/revisions"}],"predecessor-version":[{"id":283,"href":"https:\/\/www.digi-duck.com\/tr\/wp-json\/wp\/v2\/pages\/59\/revisions\/283"}],"wp:attachment":[{"href":"https:\/\/www.digi-duck.com\/tr\/wp-json\/wp\/v2\/media?parent=59"}],"curies":[{"name":"wp","href":"https:\/\/api.w.org\/{rel}","templated":true}]}}