{"id":61,"date":"2022-07-23T08:05:58","date_gmt":"2022-07-23T06:05:58","guid":{"rendered":"https:\/\/www.digi-duck.com\/?page_id=61"},"modified":"2023-02-17T10:24:27","modified_gmt":"2023-02-17T09:24:27","slug":"kostenlos-testen","status":"publish","type":"page","link":"https:\/\/www.digi-duck.com\/tr\/ucretsiz-test\/","title":{"rendered":"\u00dccretsiz test"},"content":{"rendered":"<p>DIGIDUCK&#8217;I \u015eIMDI 30 G\u00dcN BOYUNCA HI\u00c7BIR Y\u00dcK\u00dcML\u00dcL\u00dcK ALTINA GIRMEDEN TEST EDIN!<\/p>\n<hr class=\"wp-block-separator has-alpha-channel-opacity\" \/>\n<p>DigiDuck hakk\u0131nda daha fazla bilgi edinme f\u0131rsat\u0131n\u0131 de\u011ferlendirin. \u00dccretsiz eri\u015fiminizi \u015fimdi g\u00fcvence alt\u0131na al\u0131n. Ayr\u0131ca size canl\u0131 bir demoda bireysel isteklerinizi ve sorular\u0131n\u0131z\u0131 y\u00f6neltme f\u0131rsat\u0131 vermekten mutluluk duyaca\u011f\u0131z.<\/p>\n","protected":false},"excerpt":{"rendered":"<p>DIGIDUCK&#8217;I \u015eIMDI 30 G\u00dcN BOYUNCA HI\u00c7BIR Y\u00dcK\u00dcML\u00dcL\u00dcK ALTINA GIRMEDEN TEST EDIN! DigiDuck hakk\u0131nda daha fazla bilgi edinme f\u0131rsat\u0131n\u0131 de\u011ferlendirin. \u00dccretsiz eri\u015fiminizi \u015fimdi g\u00fcvence alt\u0131na al\u0131n. Ayr\u0131ca size canl\u0131 bir demoda bireysel isteklerinizi ve sorular\u0131n\u0131z\u0131 y\u00f6neltme f\u0131rsat\u0131 vermekten mutluluk duyaca\u011f\u0131z.<\/p>\n","protected":false},"author":4,"featured_media":0,"parent":0,"menu_order":0,"comment_status":"closed","ping_status":"closed","template":"","meta":{"_acf_changed":false,"footnotes":""},"class_list":["post-61","page","type-page","status-publish","hentry"],"acf":[],"yoast_head":"<!-- This site is optimized with the Yoast SEO plugin v27.1.1 - https:\/\/yoast.com\/product\/yoast-seo-wordpress\/ -->\n<title>\u00dccretsiz test<\/title>\n<meta name=\"description\" content=\"DIGIDUCK&#039;I \u015eIMDI 30 G\u00dcN BOYUNCA HI\u00c7BIR Y\u00dcK\u00dcML\u00dcL\u00dcK ALTINA GIRMEDEN TEST EDIN! DigiDuck hakk\u0131nda daha fazla bilgi edinme f\u0131rsat\u0131n\u0131 de\u011ferlendirin. \u00dccretsiz eri\u015fiminizi \u015fimdi g\u00fcvence alt\u0131na al\u0131n. Ayr\u0131ca size canl\u0131 bir demoda bireysel isteklerinizi ve sorular\u0131n\u0131z\u0131 y\u00f6neltme f\u0131rsat\u0131 vermekten mutluluk duyaca\u011f\u0131z.\" \/>\n<meta name=\"robots\" content=\"index, follow, max-snippet:-1, max-image-preview:large, max-video-preview:-1\" \/>\n<link rel=\"canonical\" href=\"http:\/\/DIGIDUCK'I%20\u015eIMDI%2030%20G\u00dcN%20BOYUNCA%20HI\u00c7BIR%20Y\u00dcK\u00dcML\u00dcL\u00dcK%20ALTINA%20GIRMEDEN%20TEST%20EDIN!%20DigiDuck%20hakk\u0131nda%20daha%20fazla%20bilgi%20edinme%20f\u0131rsat\u0131n\u0131%20de\u011ferlendirin.%20\u00dccretsiz%20eri\u015fiminizi%20\u015fimdi%20g\u00fcvence%20alt\u0131na%20al\u0131n.%20Ayr\u0131ca%20size%20canl\u0131%20bir%20demoda%20bireysel%20isteklerinizi%20ve%20sorular\u0131n\u0131z\u0131%20y\u00f6neltme%20f\u0131rsat\u0131%20vermekten%20mutluluk%20duyaca\u011f\u0131z.\" \/>\n<meta property=\"og:locale\" content=\"tr_TR\" \/>\n<meta property=\"og:type\" content=\"article\" \/>\n<meta property=\"og:title\" content=\"\u00dccretsiz test\" \/>\n<meta property=\"og:description\" content=\"DIGIDUCK&#039;I \u015eIMDI 30 G\u00dcN BOYUNCA HI\u00c7BIR Y\u00dcK\u00dcML\u00dcL\u00dcK ALTINA GIRMEDEN TEST EDIN! DigiDuck hakk\u0131nda daha fazla bilgi edinme f\u0131rsat\u0131n\u0131 de\u011ferlendirin. \u00dccretsiz eri\u015fiminizi \u015fimdi g\u00fcvence alt\u0131na al\u0131n. Ayr\u0131ca size canl\u0131 bir demoda bireysel isteklerinizi ve sorular\u0131n\u0131z\u0131 y\u00f6neltme f\u0131rsat\u0131 vermekten mutluluk duyaca\u011f\u0131z.\" \/>\n<meta property=\"og:url\" content=\"https:\/\/www.digi-duck.com\/tr\/ucretsiz-test\/\" \/>\n<meta property=\"og:site_name\" content=\"DigiDuck\" \/>\n<meta property=\"article:publisher\" content=\"https:\/\/www.facebook.com\/profile.php?id=61558494354505\" \/>\n<meta property=\"article:modified_time\" content=\"2023-02-17T09:24:27+00:00\" \/>\n<meta name=\"twitter:card\" content=\"summary_large_image\" \/>\n<meta name=\"twitter:label1\" content=\"Tahmini okuma s\u00fcresi\" \/>\n\t<meta name=\"twitter:data1\" content=\"1 dakika\" \/>\n<script type=\"application\/ld+json\" class=\"yoast-schema-graph\">{\"@context\":\"https:\/\/schema.org\",\"@graph\":[{\"@type\":\"WebPage\",\"@id\":\"https:\/\/www.digi-duck.com\/tr\/ucretsiz-test\/\",\"url\":\"https:\/\/www.digi-duck.com\/tr\/ucretsiz-test\/\",\"name\":\"Kostenlos testen - DigiDuck\",\"isPartOf\":{\"@id\":\"https:\/\/www.digi-duck.com\/#website\"},\"datePublished\":\"2022-07-23T06:05:58+00:00\",\"dateModified\":\"2023-02-17T09:24:27+00:00\",\"breadcrumb\":{\"@id\":\"https:\/\/www.digi-duck.com\/tr\/ucretsiz-test\/#breadcrumb\"},\"inLanguage\":\"tr\",\"potentialAction\":[{\"@type\":\"ReadAction\",\"target\":[\"https:\/\/www.digi-duck.com\/tr\/ucretsiz-test\/\"]}]},{\"@type\":\"BreadcrumbList\",\"@id\":\"https:\/\/www.digi-duck.com\/tr\/ucretsiz-test\/#breadcrumb\",\"itemListElement\":[{\"@type\":\"ListItem\",\"position\":1,\"name\":\"Anasayfa\",\"item\":\"https:\/\/www.digi-duck.com\/\"},{\"@type\":\"ListItem\",\"position\":2,\"name\":\"\u00dccretsiz test\"}]},{\"@type\":\"WebSite\",\"@id\":\"https:\/\/www.digi-duck.com\/tr\/#website\",\"url\":\"https:\/\/www.digi-duck.com\/tr\/\",\"name\":\"DigiDuck\",\"description\":\"Ihr digitaler Qualifikationspartner\",\"publisher\":{\"@id\":\"https:\/\/www.digi-duck.com\/tr\/#organization\"},\"potentialAction\":[{\"@type\":\"SearchAction\",\"target\":{\"@type\":\"EntryPoint\",\"urlTemplate\":\"https:\/\/www.digi-duck.com\/tr\/?s={search_term_string}\"},\"query-input\":{\"@type\":\"PropertyValueSpecification\",\"valueRequired\":true,\"valueName\":\"search_term_string\"}}],\"inLanguage\":\"tr\"},{\"@type\":\"Organization\",\"@id\":\"https:\/\/www.digi-duck.com\/tr\/#organization\",\"name\":\"DigiDuck GmbH\",\"url\":\"https:\/\/www.digi-duck.com\/tr\/\",\"logo\":{\"@type\":\"ImageObject\",\"inLanguage\":\"tr\",\"@id\":\"https:\/\/www.digi-duck.com\/tr\/#\/schema\/logo\/image\/\",\"url\":\"https:\/\/www.digi-duck.com\/wp-content\/uploads\/2024\/08\/DigiDuck_Logo_App_Colored.png\",\"contentUrl\":\"https:\/\/www.digi-duck.com\/wp-content\/uploads\/2024\/08\/DigiDuck_Logo_App_Colored.png\",\"width\":2000,\"height\":2000,\"caption\":\"DigiDuck GmbH\"},\"image\":{\"@id\":\"https:\/\/www.digi-duck.com\/tr\/#\/schema\/logo\/image\/\"},\"sameAs\":[\"https:\/\/www.facebook.com\/profile.php?id=61558494354505\",\"https:\/\/www.linkedin.com\/company\/digiduck-gmbh\",\"https:\/\/www.xing.com\/pages\/digiduck-gmbh\"]}]}<\/script>\n<!-- \/ Yoast SEO plugin. -->","yoast_head_json":{"title":"\u00dccretsiz test","description":"DIGIDUCK'I \u015eIMDI 30 G\u00dcN BOYUNCA HI\u00c7BIR Y\u00dcK\u00dcML\u00dcL\u00dcK ALTINA GIRMEDEN TEST EDIN! DigiDuck hakk\u0131nda daha fazla bilgi edinme f\u0131rsat\u0131n\u0131 de\u011ferlendirin. \u00dccretsiz eri\u015fiminizi \u015fimdi g\u00fcvence alt\u0131na al\u0131n. Ayr\u0131ca size canl\u0131 bir demoda bireysel isteklerinizi ve sorular\u0131n\u0131z\u0131 y\u00f6neltme f\u0131rsat\u0131 vermekten mutluluk duyaca\u011f\u0131z.","robots":{"index":"index","follow":"follow","max-snippet":"max-snippet:-1","max-image-preview":"max-image-preview:large","max-video-preview":"max-video-preview:-1"},"canonical":"DIGIDUCK'I \u015eIMDI 30 G\u00dcN BOYUNCA HI\u00c7BIR Y\u00dcK\u00dcML\u00dcL\u00dcK ALTINA GIRMEDEN TEST EDIN! DigiDuck hakk\u0131nda daha fazla bilgi edinme f\u0131rsat\u0131n\u0131 de\u011ferlendirin. \u00dccretsiz eri\u015fiminizi \u015fimdi g\u00fcvence alt\u0131na al\u0131n. Ayr\u0131ca size canl\u0131 bir demoda bireysel isteklerinizi ve sorular\u0131n\u0131z\u0131 y\u00f6neltme f\u0131rsat\u0131 vermekten mutluluk duyaca\u011f\u0131z.","og_locale":"tr_TR","og_type":"article","og_title":"\u00dccretsiz test","og_description":"DIGIDUCK'I \u015eIMDI 30 G\u00dcN BOYUNCA HI\u00c7BIR Y\u00dcK\u00dcML\u00dcL\u00dcK ALTINA GIRMEDEN TEST EDIN! DigiDuck hakk\u0131nda daha fazla bilgi edinme f\u0131rsat\u0131n\u0131 de\u011ferlendirin. \u00dccretsiz eri\u015fiminizi \u015fimdi g\u00fcvence alt\u0131na al\u0131n. Ayr\u0131ca size canl\u0131 bir demoda bireysel isteklerinizi ve sorular\u0131n\u0131z\u0131 y\u00f6neltme f\u0131rsat\u0131 vermekten mutluluk duyaca\u011f\u0131z.","og_url":"https:\/\/www.digi-duck.com\/tr\/ucretsiz-test\/","og_site_name":"DigiDuck","article_publisher":"https:\/\/www.facebook.com\/profile.php?id=61558494354505","article_modified_time":"2023-02-17T09:24:27+00:00","twitter_card":"summary_large_image","twitter_misc":{"Tahmini okuma s\u00fcresi":"1 dakika"},"schema":{"@context":"https:\/\/schema.org","@graph":[{"@type":"WebPage","@id":"https:\/\/www.digi-duck.com\/tr\/ucretsiz-test\/","url":"https:\/\/www.digi-duck.com\/tr\/ucretsiz-test\/","name":"Kostenlos testen - DigiDuck","isPartOf":{"@id":"https:\/\/www.digi-duck.com\/#website"},"datePublished":"2022-07-23T06:05:58+00:00","dateModified":"2023-02-17T09:24:27+00:00","breadcrumb":{"@id":"https:\/\/www.digi-duck.com\/tr\/ucretsiz-test\/#breadcrumb"},"inLanguage":"tr","potentialAction":[{"@type":"ReadAction","target":["https:\/\/www.digi-duck.com\/tr\/ucretsiz-test\/"]}]},{"@type":"BreadcrumbList","@id":"https:\/\/www.digi-duck.com\/tr\/ucretsiz-test\/#breadcrumb","itemListElement":[{"@type":"ListItem","position":1,"name":"Anasayfa","item":"https:\/\/www.digi-duck.com\/"},{"@type":"ListItem","position":2,"name":"\u00dccretsiz test"}]},{"@type":"WebSite","@id":"https:\/\/www.digi-duck.com\/tr\/#website","url":"https:\/\/www.digi-duck.com\/tr\/","name":"DigiDuck","description":"Ihr digitaler Qualifikationspartner","publisher":{"@id":"https:\/\/www.digi-duck.com\/tr\/#organization"},"potentialAction":[{"@type":"SearchAction","target":{"@type":"EntryPoint","urlTemplate":"https:\/\/www.digi-duck.com\/tr\/?s={search_term_string}"},"query-input":{"@type":"PropertyValueSpecification","valueRequired":true,"valueName":"search_term_string"}}],"inLanguage":"tr"},{"@type":"Organization","@id":"https:\/\/www.digi-duck.com\/tr\/#organization","name":"DigiDuck GmbH","url":"https:\/\/www.digi-duck.com\/tr\/","logo":{"@type":"ImageObject","inLanguage":"tr","@id":"https:\/\/www.digi-duck.com\/tr\/#\/schema\/logo\/image\/","url":"https:\/\/www.digi-duck.com\/wp-content\/uploads\/2024\/08\/DigiDuck_Logo_App_Colored.png","contentUrl":"https:\/\/www.digi-duck.com\/wp-content\/uploads\/2024\/08\/DigiDuck_Logo_App_Colored.png","width":2000,"height":2000,"caption":"DigiDuck GmbH"},"image":{"@id":"https:\/\/www.digi-duck.com\/tr\/#\/schema\/logo\/image\/"},"sameAs":["https:\/\/www.facebook.com\/profile.php?id=61558494354505","https:\/\/www.linkedin.com\/company\/digiduck-gmbh","https:\/\/www.xing.com\/pages\/digiduck-gmbh"]}]}},"post_mailing_queue_ids":[],"_links":{"self":[{"href":"https:\/\/www.digi-duck.com\/tr\/wp-json\/wp\/v2\/pages\/61","targetHints":{"allow":["GET"]}}],"collection":[{"href":"https:\/\/www.digi-duck.com\/tr\/wp-json\/wp\/v2\/pages"}],"about":[{"href":"https:\/\/www.digi-duck.com\/tr\/wp-json\/wp\/v2\/types\/page"}],"author":[{"embeddable":true,"href":"https:\/\/www.digi-duck.com\/tr\/wp-json\/wp\/v2\/users\/4"}],"replies":[{"embeddable":true,"href":"https:\/\/www.digi-duck.com\/tr\/wp-json\/wp\/v2\/comments?post=61"}],"version-history":[{"count":7,"href":"https:\/\/www.digi-duck.com\/tr\/wp-json\/wp\/v2\/pages\/61\/revisions"}],"predecessor-version":[{"id":728,"href":"https:\/\/www.digi-duck.com\/tr\/wp-json\/wp\/v2\/pages\/61\/revisions\/728"}],"wp:attachment":[{"href":"https:\/\/www.digi-duck.com\/tr\/wp-json\/wp\/v2\/media?parent=61"}],"curies":[{"name":"wp","href":"https:\/\/api.w.org\/{rel}","templated":true}]}}