{"id":63,"date":"2022-07-23T08:06:06","date_gmt":"2022-07-23T06:06:06","guid":{"rendered":"https:\/\/www.digi-duck.com\/?page_id=63"},"modified":"2023-02-01T12:18:12","modified_gmt":"2023-02-01T11:18:12","slug":"kraftfahrer","status":"publish","type":"page","link":"https:\/\/www.digi-duck.com\/tr\/surucu\/","title":{"rendered":"S\u00fcr\u00fcc\u00fc"},"content":{"rendered":"<p>S\u00dcR\u00dcC\u00dcLER \u0130\u00c7\u0130N<\/p>\n<hr class=\"wp-block-separator has-alpha-channel-opacity\" \/>\n<p>Ba\u015fka hi\u00e7bir alanda talimatlar, e\u011fitim ve bilgilendirme g\u00f6revleri s\u00fcr\u00fcc\u00fcler i\u00e7in oldu\u011fu kadar \u00f6nemli de\u011fildir. Trafikteki y\u00fcksek sorumluluk d\u00fczeyleri, profesyonel e\u011fitimi vazge\u00e7ilmez k\u0131lmaktad\u0131r.<\/p>\n<p>Buna ek olarak, hareketlilik ve farkl\u0131 diller gibi zorluklar da s\u00f6z konusudur. Mobil \u00e7al\u0131\u015fanlar\u0131n\u0131za ula\u015fman\u0131n ve Almanca ana dilleri olmasa bile t\u00fcm bilgileri anlad\u0131klar\u0131ndan emin olman\u0131n en iyi yolu nedir?<\/p>\n<p>Hepsini ayn\u0131 anda ve ayn\u0131 yerde tek bir dilde e\u011fitmek neredeyse imkans\u0131zd\u0131r. Bu nedenle, mobil \u00e7al\u0131\u015fanlar\u0131n\u0131z\u0131n bireysel ihtiya\u00e7lar\u0131na g\u00f6re uyarlanm\u0131\u015f bir \u00e7\u00f6z\u00fcme ihtiyac\u0131n\u0131z var.<\/p>\n<p>DigiDuck tam olarak budur. \u00c7\u00fcnk\u00fc uygulamam\u0131z sayesinde mobil \u00e7al\u0131\u015fanlar\u0131n\u0131z, bo\u015f zamanlar\u0131nda istedikleri zaman ak\u0131ll\u0131 telefonlar veya tabletler arac\u0131l\u0131\u011f\u0131yla talimat alma, test yapma veya \u00f6nemli bilgileri alma se\u00e7ene\u011fine sahiptir. Ve yak\u0131nda, internet \u00e7ekmedi\u011finde bile. Ve en iyi ihtimalle ana dillerinde.<\/p>\n<hr class=\"wp-block-separator has-alpha-channel-opacity\" \/>\n<p>\u015eimdi f\u0131rsat\u0131 de\u011ferlendirin ve DigiDuck&#8217;\u0131 test edin. T\u00fcm \u00e7al\u0131\u015fanlar\u0131n\u0131za tam olarak bulunduklar\u0131 yerden ula\u015f\u0131n.<\/p>\n<hr class=\"wp-block-separator has-alpha-channel-opacity\" \/>\n<a href=\"\/tr\/kostenlos-testen\/\" target=\"_self\" class=\"btn-white-full btn btn-primary\">DigiDuck'\u0131 \u015fimdi \u00fccretsiz test edin<\/a>\n","protected":false},"excerpt":{"rendered":"<p>S\u00dcR\u00dcC\u00dcLER \u0130\u00c7\u0130N Ba\u015fka hi\u00e7bir alanda talimatlar, e\u011fitim ve bilgilendirme g\u00f6revleri s\u00fcr\u00fcc\u00fcler i\u00e7in oldu\u011fu kadar \u00f6nemli de\u011fildir. Trafikteki y\u00fcksek sorumluluk d\u00fczeyleri, profesyonel e\u011fitimi vazge\u00e7ilmez k\u0131lmaktad\u0131r. Buna ek olarak, hareketlilik ve farkl\u0131 diller gibi zorluklar da s\u00f6z konusudur. Mobil \u00e7al\u0131\u015fanlar\u0131n\u0131za ula\u015fman\u0131n ve Almanca ana dilleri olmasa bile t\u00fcm bilgileri anlad\u0131klar\u0131ndan emin olman\u0131n en iyi yolu nedir? Hepsini [&hellip;]<\/p>\n","protected":false},"author":4,"featured_media":0,"parent":0,"menu_order":0,"comment_status":"closed","ping_status":"closed","template":"","meta":{"_acf_changed":false,"footnotes":""},"class_list":["post-63","page","type-page","status-publish","hentry"],"acf":[],"yoast_head":"<!-- This site is optimized with the Yoast SEO plugin v27.1.1 - https:\/\/yoast.com\/product\/yoast-seo-wordpress\/ -->\n<title>S\u00fcr\u00fcc\u00fc<\/title>\n<meta name=\"description\" content=\"S\u00dcR\u00dcC\u00dcLER \u0130\u00c7\u0130N Ba\u015fka hi\u00e7bir alanda talimatlar, e\u011fitim ve bilgilendirme g\u00f6revleri s\u00fcr\u00fcc\u00fcler i\u00e7in oldu\u011fu kadar \u00f6nemli de\u011fildir. Trafikteki y\u00fcksek sorumluluk d\u00fczeyleri, profesyonel e\u011fitimi vazge\u00e7ilmez k\u0131lmaktad\u0131r. Buna ek olarak, hareketlilik ve farkl\u0131 diller gibi zorluklar da s\u00f6z konusudur. Mobil \u00e7al\u0131\u015fanlar\u0131n\u0131za ula\u015fman\u0131n ve Almanca ana dilleri olmasa bile t\u00fcm bilgileri anlad\u0131klar\u0131ndan emin olman\u0131n en iyi yolu nedir? Hepsini&hellip;\" \/>\n<meta name=\"robots\" content=\"index, follow, max-snippet:-1, max-image-preview:large, max-video-preview:-1\" \/>\n<link rel=\"canonical\" href=\"http:\/\/S\u00dcR\u00dcC\u00dcLER%20\u0130\u00c7\u0130N%20Ba\u015fka%20hi\u00e7bir%20alanda%20talimatlar,%20e\u011fitim%20ve%20bilgilendirme%20g\u00f6revleri%20s\u00fcr\u00fcc\u00fcler%20i\u00e7in%20oldu\u011fu%20kadar%20\u00f6nemli%20de\u011fildir.%20Trafikteki%20y\u00fcksek%20sorumluluk%20d\u00fczeyleri,%20profesyonel%20e\u011fitimi%20vazge\u00e7ilmez%20k\u0131lmaktad\u0131r.%20Buna%20ek%20olarak,%20hareketlilik%20ve%20farkl\u0131%20diller%20gibi%20zorluklar%20da%20s\u00f6z%20konusudur.%20Mobil%20\u00e7al\u0131\u015fanlar\u0131n\u0131za%20ula\u015fman\u0131n%20ve%20Almanca%20ana%20dilleri%20olmasa%20bile%20t\u00fcm%20bilgileri%20anlad\u0131klar\u0131ndan%20emin%20olman\u0131n%20en%20iyi%20yolu%20nedir?%20Hepsini&hellip;\" \/>\n<meta property=\"og:locale\" content=\"tr_TR\" \/>\n<meta property=\"og:type\" content=\"article\" \/>\n<meta property=\"og:title\" content=\"S\u00fcr\u00fcc\u00fc\" \/>\n<meta property=\"og:description\" content=\"S\u00dcR\u00dcC\u00dcLER \u0130\u00c7\u0130N Ba\u015fka hi\u00e7bir alanda talimatlar, e\u011fitim ve bilgilendirme g\u00f6revleri s\u00fcr\u00fcc\u00fcler i\u00e7in oldu\u011fu kadar \u00f6nemli de\u011fildir. Trafikteki y\u00fcksek sorumluluk d\u00fczeyleri, profesyonel e\u011fitimi vazge\u00e7ilmez k\u0131lmaktad\u0131r. Buna ek olarak, hareketlilik ve farkl\u0131 diller gibi zorluklar da s\u00f6z konusudur. Mobil \u00e7al\u0131\u015fanlar\u0131n\u0131za ula\u015fman\u0131n ve Almanca ana dilleri olmasa bile t\u00fcm bilgileri anlad\u0131klar\u0131ndan emin olman\u0131n en iyi yolu nedir? Hepsini&hellip;\" \/>\n<meta property=\"og:url\" content=\"https:\/\/www.digi-duck.com\/tr\/surucu\/\" \/>\n<meta property=\"og:site_name\" content=\"DigiDuck\" \/>\n<meta property=\"article:publisher\" content=\"https:\/\/www.facebook.com\/profile.php?id=61558494354505\" \/>\n<meta property=\"article:modified_time\" content=\"2023-02-01T11:18:12+00:00\" \/>\n<meta name=\"twitter:card\" content=\"summary_large_image\" \/>\n<meta name=\"twitter:label1\" content=\"Tahmini okuma s\u00fcresi\" \/>\n\t<meta name=\"twitter:data1\" content=\"1 dakika\" \/>\n<script type=\"application\/ld+json\" class=\"yoast-schema-graph\">{\"@context\":\"https:\/\/schema.org\",\"@graph\":[{\"@type\":\"WebPage\",\"@id\":\"https:\/\/www.digi-duck.com\/tr\/surucu\/\",\"url\":\"https:\/\/www.digi-duck.com\/tr\/surucu\/\",\"name\":\"Kraftfahrer - DigiDuck\",\"isPartOf\":{\"@id\":\"https:\/\/www.digi-duck.com\/#website\"},\"datePublished\":\"2022-07-23T06:06:06+00:00\",\"dateModified\":\"2023-02-01T11:18:12+00:00\",\"breadcrumb\":{\"@id\":\"https:\/\/www.digi-duck.com\/tr\/surucu\/#breadcrumb\"},\"inLanguage\":\"tr\",\"potentialAction\":[{\"@type\":\"ReadAction\",\"target\":[\"https:\/\/www.digi-duck.com\/tr\/surucu\/\"]}]},{\"@type\":\"BreadcrumbList\",\"@id\":\"https:\/\/www.digi-duck.com\/tr\/surucu\/#breadcrumb\",\"itemListElement\":[{\"@type\":\"ListItem\",\"position\":1,\"name\":\"Anasayfa\",\"item\":\"https:\/\/www.digi-duck.com\/\"},{\"@type\":\"ListItem\",\"position\":2,\"name\":\"S\u00fcr\u00fcc\u00fc\"}]},{\"@type\":\"WebSite\",\"@id\":\"https:\/\/www.digi-duck.com\/tr\/#website\",\"url\":\"https:\/\/www.digi-duck.com\/tr\/\",\"name\":\"DigiDuck\",\"description\":\"Ihr digitaler Qualifikationspartner\",\"publisher\":{\"@id\":\"https:\/\/www.digi-duck.com\/tr\/#organization\"},\"potentialAction\":[{\"@type\":\"SearchAction\",\"target\":{\"@type\":\"EntryPoint\",\"urlTemplate\":\"https:\/\/www.digi-duck.com\/tr\/?s={search_term_string}\"},\"query-input\":{\"@type\":\"PropertyValueSpecification\",\"valueRequired\":true,\"valueName\":\"search_term_string\"}}],\"inLanguage\":\"tr\"},{\"@type\":\"Organization\",\"@id\":\"https:\/\/www.digi-duck.com\/tr\/#organization\",\"name\":\"DigiDuck GmbH\",\"url\":\"https:\/\/www.digi-duck.com\/tr\/\",\"logo\":{\"@type\":\"ImageObject\",\"inLanguage\":\"tr\",\"@id\":\"https:\/\/www.digi-duck.com\/tr\/#\/schema\/logo\/image\/\",\"url\":\"https:\/\/www.digi-duck.com\/wp-content\/uploads\/2024\/08\/DigiDuck_Logo_App_Colored.png\",\"contentUrl\":\"https:\/\/www.digi-duck.com\/wp-content\/uploads\/2024\/08\/DigiDuck_Logo_App_Colored.png\",\"width\":2000,\"height\":2000,\"caption\":\"DigiDuck GmbH\"},\"image\":{\"@id\":\"https:\/\/www.digi-duck.com\/tr\/#\/schema\/logo\/image\/\"},\"sameAs\":[\"https:\/\/www.facebook.com\/profile.php?id=61558494354505\",\"https:\/\/www.linkedin.com\/company\/digiduck-gmbh\",\"https:\/\/www.xing.com\/pages\/digiduck-gmbh\"]}]}<\/script>\n<!-- \/ Yoast SEO plugin. -->","yoast_head_json":{"title":"S\u00fcr\u00fcc\u00fc","description":"S\u00dcR\u00dcC\u00dcLER \u0130\u00c7\u0130N Ba\u015fka hi\u00e7bir alanda talimatlar, e\u011fitim ve bilgilendirme g\u00f6revleri s\u00fcr\u00fcc\u00fcler i\u00e7in oldu\u011fu kadar \u00f6nemli de\u011fildir. Trafikteki y\u00fcksek sorumluluk d\u00fczeyleri, profesyonel e\u011fitimi vazge\u00e7ilmez k\u0131lmaktad\u0131r. Buna ek olarak, hareketlilik ve farkl\u0131 diller gibi zorluklar da s\u00f6z konusudur. Mobil \u00e7al\u0131\u015fanlar\u0131n\u0131za ula\u015fman\u0131n ve Almanca ana dilleri olmasa bile t\u00fcm bilgileri anlad\u0131klar\u0131ndan emin olman\u0131n en iyi yolu nedir? Hepsini&hellip;","robots":{"index":"index","follow":"follow","max-snippet":"max-snippet:-1","max-image-preview":"max-image-preview:large","max-video-preview":"max-video-preview:-1"},"canonical":"S\u00dcR\u00dcC\u00dcLER \u0130\u00c7\u0130N Ba\u015fka hi\u00e7bir alanda talimatlar, e\u011fitim ve bilgilendirme g\u00f6revleri s\u00fcr\u00fcc\u00fcler i\u00e7in oldu\u011fu kadar \u00f6nemli de\u011fildir. Trafikteki y\u00fcksek sorumluluk d\u00fczeyleri, profesyonel e\u011fitimi vazge\u00e7ilmez k\u0131lmaktad\u0131r. Buna ek olarak, hareketlilik ve farkl\u0131 diller gibi zorluklar da s\u00f6z konusudur. Mobil \u00e7al\u0131\u015fanlar\u0131n\u0131za ula\u015fman\u0131n ve Almanca ana dilleri olmasa bile t\u00fcm bilgileri anlad\u0131klar\u0131ndan emin olman\u0131n en iyi yolu nedir? Hepsini&hellip;","og_locale":"tr_TR","og_type":"article","og_title":"S\u00fcr\u00fcc\u00fc","og_description":"S\u00dcR\u00dcC\u00dcLER \u0130\u00c7\u0130N Ba\u015fka hi\u00e7bir alanda talimatlar, e\u011fitim ve bilgilendirme g\u00f6revleri s\u00fcr\u00fcc\u00fcler i\u00e7in oldu\u011fu kadar \u00f6nemli de\u011fildir. Trafikteki y\u00fcksek sorumluluk d\u00fczeyleri, profesyonel e\u011fitimi vazge\u00e7ilmez k\u0131lmaktad\u0131r. Buna ek olarak, hareketlilik ve farkl\u0131 diller gibi zorluklar da s\u00f6z konusudur. Mobil \u00e7al\u0131\u015fanlar\u0131n\u0131za ula\u015fman\u0131n ve Almanca ana dilleri olmasa bile t\u00fcm bilgileri anlad\u0131klar\u0131ndan emin olman\u0131n en iyi yolu nedir? Hepsini&hellip;","og_url":"https:\/\/www.digi-duck.com\/tr\/surucu\/","og_site_name":"DigiDuck","article_publisher":"https:\/\/www.facebook.com\/profile.php?id=61558494354505","article_modified_time":"2023-02-01T11:18:12+00:00","twitter_card":"summary_large_image","twitter_misc":{"Tahmini okuma s\u00fcresi":"1 dakika"},"schema":{"@context":"https:\/\/schema.org","@graph":[{"@type":"WebPage","@id":"https:\/\/www.digi-duck.com\/tr\/surucu\/","url":"https:\/\/www.digi-duck.com\/tr\/surucu\/","name":"Kraftfahrer - DigiDuck","isPartOf":{"@id":"https:\/\/www.digi-duck.com\/#website"},"datePublished":"2022-07-23T06:06:06+00:00","dateModified":"2023-02-01T11:18:12+00:00","breadcrumb":{"@id":"https:\/\/www.digi-duck.com\/tr\/surucu\/#breadcrumb"},"inLanguage":"tr","potentialAction":[{"@type":"ReadAction","target":["https:\/\/www.digi-duck.com\/tr\/surucu\/"]}]},{"@type":"BreadcrumbList","@id":"https:\/\/www.digi-duck.com\/tr\/surucu\/#breadcrumb","itemListElement":[{"@type":"ListItem","position":1,"name":"Anasayfa","item":"https:\/\/www.digi-duck.com\/"},{"@type":"ListItem","position":2,"name":"S\u00fcr\u00fcc\u00fc"}]},{"@type":"WebSite","@id":"https:\/\/www.digi-duck.com\/tr\/#website","url":"https:\/\/www.digi-duck.com\/tr\/","name":"DigiDuck","description":"Ihr digitaler Qualifikationspartner","publisher":{"@id":"https:\/\/www.digi-duck.com\/tr\/#organization"},"potentialAction":[{"@type":"SearchAction","target":{"@type":"EntryPoint","urlTemplate":"https:\/\/www.digi-duck.com\/tr\/?s={search_term_string}"},"query-input":{"@type":"PropertyValueSpecification","valueRequired":true,"valueName":"search_term_string"}}],"inLanguage":"tr"},{"@type":"Organization","@id":"https:\/\/www.digi-duck.com\/tr\/#organization","name":"DigiDuck GmbH","url":"https:\/\/www.digi-duck.com\/tr\/","logo":{"@type":"ImageObject","inLanguage":"tr","@id":"https:\/\/www.digi-duck.com\/tr\/#\/schema\/logo\/image\/","url":"https:\/\/www.digi-duck.com\/wp-content\/uploads\/2024\/08\/DigiDuck_Logo_App_Colored.png","contentUrl":"https:\/\/www.digi-duck.com\/wp-content\/uploads\/2024\/08\/DigiDuck_Logo_App_Colored.png","width":2000,"height":2000,"caption":"DigiDuck GmbH"},"image":{"@id":"https:\/\/www.digi-duck.com\/tr\/#\/schema\/logo\/image\/"},"sameAs":["https:\/\/www.facebook.com\/profile.php?id=61558494354505","https:\/\/www.linkedin.com\/company\/digiduck-gmbh","https:\/\/www.xing.com\/pages\/digiduck-gmbh"]}]}},"post_mailing_queue_ids":[],"_links":{"self":[{"href":"https:\/\/www.digi-duck.com\/tr\/wp-json\/wp\/v2\/pages\/63","targetHints":{"allow":["GET"]}}],"collection":[{"href":"https:\/\/www.digi-duck.com\/tr\/wp-json\/wp\/v2\/pages"}],"about":[{"href":"https:\/\/www.digi-duck.com\/tr\/wp-json\/wp\/v2\/types\/page"}],"author":[{"embeddable":true,"href":"https:\/\/www.digi-duck.com\/tr\/wp-json\/wp\/v2\/users\/4"}],"replies":[{"embeddable":true,"href":"https:\/\/www.digi-duck.com\/tr\/wp-json\/wp\/v2\/comments?post=63"}],"version-history":[{"count":4,"href":"https:\/\/www.digi-duck.com\/tr\/wp-json\/wp\/v2\/pages\/63\/revisions"}],"predecessor-version":[{"id":680,"href":"https:\/\/www.digi-duck.com\/tr\/wp-json\/wp\/v2\/pages\/63\/revisions\/680"}],"wp:attachment":[{"href":"https:\/\/www.digi-duck.com\/tr\/wp-json\/wp\/v2\/media?parent=63"}],"curies":[{"name":"wp","href":"https:\/\/api.w.org\/{rel}","templated":true}]}}