{"id":65,"date":"2022-07-23T08:06:14","date_gmt":"2022-07-23T06:06:14","guid":{"rendered":"https:\/\/www.digi-duck.com\/?page_id=65"},"modified":"2024-07-01T08:02:17","modified_gmt":"2024-07-01T06:02:17","slug":"kurskatalog","status":"publish","type":"page","link":"https:\/\/www.digi-duck.com\/tr\/kurskatalog\/","title":{"rendered":"Kurs katalo\u011fu"},"content":{"rendered":"<p>T\u00dcM E\u011eITIM VE \u00d6\u011eRETIMI ENTEGRE ETTI\u011eINIZ TEK BIR PLATFORM!<\/p>\n<hr class=\"wp-block-separator has-alpha-channel-opacity\">\n<p>\u0130ster mevcut e\u011fitimler ve talimatlar ister \u015firketiniz i\u00e7in bireysel i\u00e7erikler olsun. DigiDuck platformumuz size \u00e7ok \u00e7e\u015fitli olanaklar sunar. Burada, Nisan 2022&#8217;den bu yana sizin i\u00e7in \u00fcretti\u011fimiz e\u011fitim materyallerinin g\u00fcncel \u00f6zetini bulacaks\u0131n\u0131z. \u015eu anda bu alan\u0131 b\u00fcy\u00fck bir kararl\u0131l\u0131k ve bilgi birikimiyle geni\u015fletiyoruz. Tabii ki, en ba\u015f\u0131ndan itibaren \u00e7ok dilli ve engelsiz.<\/p>\n<p>Arad\u0131\u011f\u0131n\u0131z e\u011fitim veya \u00f6\u011fretimi bulamad\u0131n\u0131z veya bir dil varyant\u0131n\u0131 m\u0131 ka\u00e7\u0131r\u0131yorsunuz? Sorun de\u011fil. \u00d6nerilerinizi bize g\u00f6ndermeniz yeterlidir. Belki de \u015fu anda tam olarak istedi\u011finiz e\u011fitim \u00fczerinde \u00e7al\u0131\u015f\u0131yoruz veya yak\u0131n gelecekte bunu yapmay\u0131 planl\u0131yoruz. Sizi bilgilendirmekten mutluluk duyaca\u011f\u0131z.<\/p>\n<hr class=\"wp-block-separator has-alpha-channel-opacity\">\n<a href=\"\/tr\/kontakt\/\" target=\"_self\" class=\" btn btn-primary\">Start training enquiry now<\/a>\n<hr class=\"wp-block-separator has-alpha-channel-opacity\">\n<p>E\u011eI\u0307TI\u0307M MATERYALI\u0307NE GENEL BAKI\u015e<\/p>\n<hr class=\"wp-block-separator has-alpha-channel-opacity\">\n<p>Hi\u00e7 \u00e7aba harcamadan hemen ba\u015flay\u0131n!<\/p>\n<hr class=\"wp-block-separator has-alpha-channel-opacity\">\n<p>ADR 1.3 Tank&#8217;a g\u00f6re <a href=\"https:\/\/www.digi-duck.com\/digiduck_blog\/gefahrgut-schulung-im-unternehmen\/\">tehlikeli mallar<\/a>, y\u00fck emniyeti, kalk\u0131\u015f kontrol\u00fc, veri koruma, HACCP, lityum piller, merdivenler ve basamaklar, g\u00fcr\u00fclt\u00fc, cilt korumas\u0131, \u015firket ara\u00e7lar\u0131n\u0131n kullan\u0131m\u0131, end\u00fcstriyel kamyonlar ve \u00e7ok daha fazlas\u0131 gibi di\u011fer e\u011fitim kurslar\u0131 ve talimatlar halihaz\u0131rda uygulanmaktad\u0131r.<\/p>\n<hr class=\"wp-block-separator has-alpha-channel-opacity\">\n<a href=\"\/tr\/kontakt\/\" target=\"_self\" class=\" text-decoration-underline\">L\u00fctfen sorunuz.<\/a>\n","protected":false},"excerpt":{"rendered":"<p>T\u00dcM E\u011eITIM VE \u00d6\u011eRETIMI ENTEGRE ETTI\u011eINIZ TEK BIR PLATFORM! \u0130ster mevcut e\u011fitimler ve talimatlar ister \u015firketiniz i\u00e7in bireysel i\u00e7erikler olsun. DigiDuck platformumuz size \u00e7ok \u00e7e\u015fitli olanaklar sunar. Burada, Nisan 2022&#8217;den bu yana sizin i\u00e7in \u00fcretti\u011fimiz e\u011fitim materyallerinin g\u00fcncel \u00f6zetini bulacaks\u0131n\u0131z. \u015eu anda bu alan\u0131 b\u00fcy\u00fck bir kararl\u0131l\u0131k ve bilgi birikimiyle geni\u015fletiyoruz. Tabii ki, en ba\u015f\u0131ndan [&hellip;]<\/p>\n","protected":false},"author":4,"featured_media":0,"parent":0,"menu_order":0,"comment_status":"closed","ping_status":"closed","template":"","meta":{"_acf_changed":false,"footnotes":""},"class_list":["post-65","page","type-page","status-publish","hentry"],"acf":[],"yoast_head":"<!-- This site is optimized with the Yoast SEO plugin v27.1.1 - https:\/\/yoast.com\/product\/yoast-seo-wordpress\/ -->\n<title>Kurs katalo\u011fu<\/title>\n<meta name=\"description\" content=\"T\u00dcM E\u011eITIM VE \u00d6\u011eRETIMI ENTEGRE ETTI\u011eINIZ TEK BIR PLATFORM! \u0130ster mevcut e\u011fitimler ve talimatlar ister \u015firketiniz i\u00e7in bireysel i\u00e7erikler olsun. DigiDuck platformumuz size \u00e7ok \u00e7e\u015fitli olanaklar sunar. Burada, Nisan 2022&#039;den bu yana sizin i\u00e7in \u00fcretti\u011fimiz e\u011fitim materyallerinin g\u00fcncel \u00f6zetini bulacaks\u0131n\u0131z. \u015eu anda bu alan\u0131 b\u00fcy\u00fck bir kararl\u0131l\u0131k ve bilgi birikimiyle geni\u015fletiyoruz. Tabii ki, en ba\u015f\u0131ndan&hellip;\" \/>\n<meta name=\"robots\" content=\"index, follow, max-snippet:-1, max-image-preview:large, max-video-preview:-1\" \/>\n<link rel=\"canonical\" href=\"http:\/\/T\u00dcM%20E\u011eITIM%20VE%20\u00d6\u011eRETIMI%20ENTEGRE%20ETTI\u011eINIZ%20TEK%20BIR%20PLATFORM!%20\u0130ster%20mevcut%20e\u011fitimler%20ve%20talimatlar%20ister%20\u015firketiniz%20i\u00e7in%20bireysel%20i\u00e7erikler%20olsun.%20DigiDuck%20platformumuz%20size%20\u00e7ok%20\u00e7e\u015fitli%20olanaklar%20sunar.%20Burada,%20Nisan%202022'den%20bu%20yana%20sizin%20i\u00e7in%20\u00fcretti\u011fimiz%20e\u011fitim%20materyallerinin%20g\u00fcncel%20\u00f6zetini%20bulacaks\u0131n\u0131z.%20\u015eu%20anda%20bu%20alan\u0131%20b\u00fcy\u00fck%20bir%20kararl\u0131l\u0131k%20ve%20bilgi%20birikimiyle%20geni\u015fletiyoruz.%20Tabii%20ki,%20en%20ba\u015f\u0131ndan&hellip;\" \/>\n<meta property=\"og:locale\" content=\"tr_TR\" \/>\n<meta property=\"og:type\" content=\"article\" \/>\n<meta property=\"og:title\" content=\"Kurs katalo\u011fu\" \/>\n<meta property=\"og:description\" content=\"T\u00dcM E\u011eITIM VE \u00d6\u011eRETIMI ENTEGRE ETTI\u011eINIZ TEK BIR PLATFORM! \u0130ster mevcut e\u011fitimler ve talimatlar ister \u015firketiniz i\u00e7in bireysel i\u00e7erikler olsun. DigiDuck platformumuz size \u00e7ok \u00e7e\u015fitli olanaklar sunar. Burada, Nisan 2022&#039;den bu yana sizin i\u00e7in \u00fcretti\u011fimiz e\u011fitim materyallerinin g\u00fcncel \u00f6zetini bulacaks\u0131n\u0131z. \u015eu anda bu alan\u0131 b\u00fcy\u00fck bir kararl\u0131l\u0131k ve bilgi birikimiyle geni\u015fletiyoruz. Tabii ki, en ba\u015f\u0131ndan&hellip;\" \/>\n<meta property=\"og:url\" content=\"https:\/\/www.digi-duck.com\/tr\/kurskatalog\/\" \/>\n<meta property=\"og:site_name\" content=\"DigiDuck\" \/>\n<meta property=\"article:publisher\" content=\"https:\/\/www.facebook.com\/profile.php?id=61558494354505\" \/>\n<meta property=\"article:modified_time\" content=\"2024-07-01T06:02:17+00:00\" \/>\n<meta name=\"twitter:card\" content=\"summary_large_image\" \/>\n<meta name=\"twitter:label1\" content=\"Tahmini okuma s\u00fcresi\" \/>\n\t<meta name=\"twitter:data1\" content=\"1 dakika\" \/>\n<script type=\"application\/ld+json\" class=\"yoast-schema-graph\">{\"@context\":\"https:\/\/schema.org\",\"@graph\":[{\"@type\":\"WebPage\",\"@id\":\"https:\/\/www.digi-duck.com\/tr\/kurskatalog\/\",\"url\":\"https:\/\/www.digi-duck.com\/tr\/kurskatalog\/\",\"name\":\"DigiDuck \u2013 \u00dcbersicht von Schulungen & Unterweisungen\",\"isPartOf\":{\"@id\":\"https:\/\/www.digi-duck.com\/#website\"},\"datePublished\":\"2022-07-23T06:06:14+00:00\",\"dateModified\":\"2024-07-01T06:02:17+00:00\",\"breadcrumb\":{\"@id\":\"https:\/\/www.digi-duck.com\/tr\/kurskatalog\/#breadcrumb\"},\"inLanguage\":\"tr\",\"potentialAction\":[{\"@type\":\"ReadAction\",\"target\":[\"https:\/\/www.digi-duck.com\/tr\/kurskatalog\/\"]}]},{\"@type\":\"BreadcrumbList\",\"@id\":\"https:\/\/www.digi-duck.com\/tr\/kurskatalog\/#breadcrumb\",\"itemListElement\":[{\"@type\":\"ListItem\",\"position\":1,\"name\":\"Anasayfa\",\"item\":\"https:\/\/www.digi-duck.com\/\"},{\"@type\":\"ListItem\",\"position\":2,\"name\":\"Kurs katalo\u011fu\"}]},{\"@type\":\"WebSite\",\"@id\":\"https:\/\/www.digi-duck.com\/tr\/#website\",\"url\":\"https:\/\/www.digi-duck.com\/tr\/\",\"name\":\"DigiDuck\",\"description\":\"Ihr digitaler Qualifikationspartner\",\"publisher\":{\"@id\":\"https:\/\/www.digi-duck.com\/tr\/#organization\"},\"potentialAction\":[{\"@type\":\"SearchAction\",\"target\":{\"@type\":\"EntryPoint\",\"urlTemplate\":\"https:\/\/www.digi-duck.com\/tr\/?s={search_term_string}\"},\"query-input\":{\"@type\":\"PropertyValueSpecification\",\"valueRequired\":true,\"valueName\":\"search_term_string\"}}],\"inLanguage\":\"tr\"},{\"@type\":\"Organization\",\"@id\":\"https:\/\/www.digi-duck.com\/tr\/#organization\",\"name\":\"DigiDuck GmbH\",\"url\":\"https:\/\/www.digi-duck.com\/tr\/\",\"logo\":{\"@type\":\"ImageObject\",\"inLanguage\":\"tr\",\"@id\":\"https:\/\/www.digi-duck.com\/tr\/#\/schema\/logo\/image\/\",\"url\":\"https:\/\/www.digi-duck.com\/wp-content\/uploads\/2024\/08\/DigiDuck_Logo_App_Colored.png\",\"contentUrl\":\"https:\/\/www.digi-duck.com\/wp-content\/uploads\/2024\/08\/DigiDuck_Logo_App_Colored.png\",\"width\":2000,\"height\":2000,\"caption\":\"DigiDuck GmbH\"},\"image\":{\"@id\":\"https:\/\/www.digi-duck.com\/tr\/#\/schema\/logo\/image\/\"},\"sameAs\":[\"https:\/\/www.facebook.com\/profile.php?id=61558494354505\",\"https:\/\/www.linkedin.com\/company\/digiduck-gmbh\",\"https:\/\/www.xing.com\/pages\/digiduck-gmbh\"]}]}<\/script>\n<!-- \/ Yoast SEO plugin. -->","yoast_head_json":{"title":"Kurs katalo\u011fu","description":"T\u00dcM E\u011eITIM VE \u00d6\u011eRETIMI ENTEGRE ETTI\u011eINIZ TEK BIR PLATFORM! \u0130ster mevcut e\u011fitimler ve talimatlar ister \u015firketiniz i\u00e7in bireysel i\u00e7erikler olsun. DigiDuck platformumuz size \u00e7ok \u00e7e\u015fitli olanaklar sunar. Burada, Nisan 2022'den bu yana sizin i\u00e7in \u00fcretti\u011fimiz e\u011fitim materyallerinin g\u00fcncel \u00f6zetini bulacaks\u0131n\u0131z. \u015eu anda bu alan\u0131 b\u00fcy\u00fck bir kararl\u0131l\u0131k ve bilgi birikimiyle geni\u015fletiyoruz. Tabii ki, en ba\u015f\u0131ndan&hellip;","robots":{"index":"index","follow":"follow","max-snippet":"max-snippet:-1","max-image-preview":"max-image-preview:large","max-video-preview":"max-video-preview:-1"},"canonical":"T\u00dcM E\u011eITIM VE \u00d6\u011eRETIMI ENTEGRE ETTI\u011eINIZ TEK BIR PLATFORM! \u0130ster mevcut e\u011fitimler ve talimatlar ister \u015firketiniz i\u00e7in bireysel i\u00e7erikler olsun. DigiDuck platformumuz size \u00e7ok \u00e7e\u015fitli olanaklar sunar. Burada, Nisan 2022'den bu yana sizin i\u00e7in \u00fcretti\u011fimiz e\u011fitim materyallerinin g\u00fcncel \u00f6zetini bulacaks\u0131n\u0131z. \u015eu anda bu alan\u0131 b\u00fcy\u00fck bir kararl\u0131l\u0131k ve bilgi birikimiyle geni\u015fletiyoruz. Tabii ki, en ba\u015f\u0131ndan&hellip;","og_locale":"tr_TR","og_type":"article","og_title":"Kurs katalo\u011fu","og_description":"T\u00dcM E\u011eITIM VE \u00d6\u011eRETIMI ENTEGRE ETTI\u011eINIZ TEK BIR PLATFORM! \u0130ster mevcut e\u011fitimler ve talimatlar ister \u015firketiniz i\u00e7in bireysel i\u00e7erikler olsun. DigiDuck platformumuz size \u00e7ok \u00e7e\u015fitli olanaklar sunar. Burada, Nisan 2022'den bu yana sizin i\u00e7in \u00fcretti\u011fimiz e\u011fitim materyallerinin g\u00fcncel \u00f6zetini bulacaks\u0131n\u0131z. \u015eu anda bu alan\u0131 b\u00fcy\u00fck bir kararl\u0131l\u0131k ve bilgi birikimiyle geni\u015fletiyoruz. Tabii ki, en ba\u015f\u0131ndan&hellip;","og_url":"https:\/\/www.digi-duck.com\/tr\/kurskatalog\/","og_site_name":"DigiDuck","article_publisher":"https:\/\/www.facebook.com\/profile.php?id=61558494354505","article_modified_time":"2024-07-01T06:02:17+00:00","twitter_card":"summary_large_image","twitter_misc":{"Tahmini okuma s\u00fcresi":"1 dakika"},"schema":{"@context":"https:\/\/schema.org","@graph":[{"@type":"WebPage","@id":"https:\/\/www.digi-duck.com\/tr\/kurskatalog\/","url":"https:\/\/www.digi-duck.com\/tr\/kurskatalog\/","name":"DigiDuck \u2013 \u00dcbersicht von Schulungen & Unterweisungen","isPartOf":{"@id":"https:\/\/www.digi-duck.com\/#website"},"datePublished":"2022-07-23T06:06:14+00:00","dateModified":"2024-07-01T06:02:17+00:00","breadcrumb":{"@id":"https:\/\/www.digi-duck.com\/tr\/kurskatalog\/#breadcrumb"},"inLanguage":"tr","potentialAction":[{"@type":"ReadAction","target":["https:\/\/www.digi-duck.com\/tr\/kurskatalog\/"]}]},{"@type":"BreadcrumbList","@id":"https:\/\/www.digi-duck.com\/tr\/kurskatalog\/#breadcrumb","itemListElement":[{"@type":"ListItem","position":1,"name":"Anasayfa","item":"https:\/\/www.digi-duck.com\/"},{"@type":"ListItem","position":2,"name":"Kurs katalo\u011fu"}]},{"@type":"WebSite","@id":"https:\/\/www.digi-duck.com\/tr\/#website","url":"https:\/\/www.digi-duck.com\/tr\/","name":"DigiDuck","description":"Ihr digitaler Qualifikationspartner","publisher":{"@id":"https:\/\/www.digi-duck.com\/tr\/#organization"},"potentialAction":[{"@type":"SearchAction","target":{"@type":"EntryPoint","urlTemplate":"https:\/\/www.digi-duck.com\/tr\/?s={search_term_string}"},"query-input":{"@type":"PropertyValueSpecification","valueRequired":true,"valueName":"search_term_string"}}],"inLanguage":"tr"},{"@type":"Organization","@id":"https:\/\/www.digi-duck.com\/tr\/#organization","name":"DigiDuck GmbH","url":"https:\/\/www.digi-duck.com\/tr\/","logo":{"@type":"ImageObject","inLanguage":"tr","@id":"https:\/\/www.digi-duck.com\/tr\/#\/schema\/logo\/image\/","url":"https:\/\/www.digi-duck.com\/wp-content\/uploads\/2024\/08\/DigiDuck_Logo_App_Colored.png","contentUrl":"https:\/\/www.digi-duck.com\/wp-content\/uploads\/2024\/08\/DigiDuck_Logo_App_Colored.png","width":2000,"height":2000,"caption":"DigiDuck GmbH"},"image":{"@id":"https:\/\/www.digi-duck.com\/tr\/#\/schema\/logo\/image\/"},"sameAs":["https:\/\/www.facebook.com\/profile.php?id=61558494354505","https:\/\/www.linkedin.com\/company\/digiduck-gmbh","https:\/\/www.xing.com\/pages\/digiduck-gmbh"]}]}},"post_mailing_queue_ids":[],"_links":{"self":[{"href":"https:\/\/www.digi-duck.com\/tr\/wp-json\/wp\/v2\/pages\/65","targetHints":{"allow":["GET"]}}],"collection":[{"href":"https:\/\/www.digi-duck.com\/tr\/wp-json\/wp\/v2\/pages"}],"about":[{"href":"https:\/\/www.digi-duck.com\/tr\/wp-json\/wp\/v2\/types\/page"}],"author":[{"embeddable":true,"href":"https:\/\/www.digi-duck.com\/tr\/wp-json\/wp\/v2\/users\/4"}],"replies":[{"embeddable":true,"href":"https:\/\/www.digi-duck.com\/tr\/wp-json\/wp\/v2\/comments?post=65"}],"version-history":[{"count":13,"href":"https:\/\/www.digi-duck.com\/tr\/wp-json\/wp\/v2\/pages\/65\/revisions"}],"predecessor-version":[{"id":888,"href":"https:\/\/www.digi-duck.com\/tr\/wp-json\/wp\/v2\/pages\/65\/revisions\/888"}],"wp:attachment":[{"href":"https:\/\/www.digi-duck.com\/tr\/wp-json\/wp\/v2\/media?parent=65"}],"curies":[{"name":"wp","href":"https:\/\/api.w.org\/{rel}","templated":true}]}}