{"id":73,"date":"2022-07-23T10:41:04","date_gmt":"2022-07-23T08:41:04","guid":{"rendered":"https:\/\/www.digi-duck.com\/?page_id=73"},"modified":"2023-02-01T12:15:18","modified_gmt":"2023-02-01T11:15:18","slug":"logistik-und-lagerpersonal","status":"publish","type":"page","link":"https:\/\/www.digi-duck.com\/tr\/lojistik-ve-depo-personeli\/","title":{"rendered":"Lojistik ve depo personeli"},"content":{"rendered":"<p>LOJISTIK VE DEPO I\u00c7IN<\/p>\n<hr class=\"wp-block-separator has-alpha-channel-opacity\" \/>\n<p>Lojistik ve depolama \u00e7al\u0131\u015fanlar\u0131 da bilgilendirme ve e\u011fitim stratejinize dahil edilmelidir. G\u00fcvenlik ve tehlikelerden korunma bir \u015firketin en \u00f6nemli g\u00f6revleri aras\u0131ndad\u0131r.<\/p>\n<p>Kural olarak, bilgisayarlar lojistik ve depo \u00e7al\u0131\u015fanlar\u0131 i\u00e7in g\u00fcnl\u00fck kullan\u0131m\u0131n bir par\u00e7as\u0131 de\u011fildir. Ancak her birinin kesinlikle bir ak\u0131ll\u0131 telefonu var. Dahas\u0131, bu alanlardaki meslekta\u015flar\u0131 \u00f6nemli bilgi ve ihtiya\u00e7lara \u00e7ekmek i\u00e7in iyi d\u00fc\u015f\u00fcn\u00fclm\u00fc\u015f bir stratejiye ihtiya\u00e7 vard\u0131r.<\/p>\n<p>DigiDuck uygulamam\u0131zla, t\u00fcm \u00d6\u011frenme + Bilgi Y\u00f6netimi i\u015flevlerini \u00e7al\u0131\u015fanlar\u0131n\u0131z\u0131n mobil ak\u0131ll\u0131 telefonlar\u0131na entegre etme olana\u011f\u0131na sahipsiniz. Bu \u015fekilde, \u00e7al\u0131\u015fma saatleri i\u00e7inde onlara \u00f6nemli mesajlar g\u00f6nderebilir, e\u011fitim ve talimatlar\u0131 ba\u015flatabilirsiniz. Bunlar daha sonra test ve belgelendirme ile uygulamada da ger\u00e7ekle\u015ftirilebilir.<\/p>\n<hr class=\"wp-block-separator has-alpha-channel-opacity\" \/>\n<p>\u015eimdi f\u0131rsat\u0131 de\u011ferlendirin ve DigiDuck&#8217;\u0131 test edin. T\u00fcm \u00e7al\u0131\u015fanlara tam olarak bulunduklar\u0131 yerden ula\u015f\u0131n.<\/p>\n<hr class=\"wp-block-separator has-alpha-channel-opacity\" \/>\n<a href=\"\/tr\/kostenlos-testen\/\" target=\"_self\" class=\"btn-white-full btn btn-primary\">DigiDuck'\u0131 \u015fimdi \u00fccretsiz deneyin<\/a>\n","protected":false},"excerpt":{"rendered":"<p>LOJISTIK VE DEPO I\u00c7IN Lojistik ve depolama \u00e7al\u0131\u015fanlar\u0131 da bilgilendirme ve e\u011fitim stratejinize dahil edilmelidir. G\u00fcvenlik ve tehlikelerden korunma bir \u015firketin en \u00f6nemli g\u00f6revleri aras\u0131ndad\u0131r. Kural olarak, bilgisayarlar lojistik ve depo \u00e7al\u0131\u015fanlar\u0131 i\u00e7in g\u00fcnl\u00fck kullan\u0131m\u0131n bir par\u00e7as\u0131 de\u011fildir. Ancak her birinin kesinlikle bir ak\u0131ll\u0131 telefonu var. Dahas\u0131, bu alanlardaki meslekta\u015flar\u0131 \u00f6nemli bilgi ve ihtiya\u00e7lara \u00e7ekmek [&hellip;]<\/p>\n","protected":false},"author":4,"featured_media":0,"parent":0,"menu_order":0,"comment_status":"closed","ping_status":"closed","template":"","meta":{"_acf_changed":false,"footnotes":""},"class_list":["post-73","page","type-page","status-publish","hentry"],"acf":[],"yoast_head":"<!-- This site is optimized with the Yoast SEO plugin v27.1.1 - https:\/\/yoast.com\/product\/yoast-seo-wordpress\/ -->\n<title>Lojistik ve depo personeli<\/title>\n<meta name=\"description\" content=\"LOJISTIK VE DEPO I\u00c7IN Lojistik ve depolama \u00e7al\u0131\u015fanlar\u0131 da bilgilendirme ve e\u011fitim stratejinize dahil edilmelidir. G\u00fcvenlik ve tehlikelerden korunma bir \u015firketin en \u00f6nemli g\u00f6revleri aras\u0131ndad\u0131r. Kural olarak, bilgisayarlar lojistik ve depo \u00e7al\u0131\u015fanlar\u0131 i\u00e7in g\u00fcnl\u00fck kullan\u0131m\u0131n bir par\u00e7as\u0131 de\u011fildir. Ancak her birinin kesinlikle bir ak\u0131ll\u0131 telefonu var. Dahas\u0131, bu alanlardaki meslekta\u015flar\u0131 \u00f6nemli bilgi ve ihtiya\u00e7lara \u00e7ekmek&hellip;\" \/>\n<meta name=\"robots\" content=\"index, follow, max-snippet:-1, max-image-preview:large, max-video-preview:-1\" \/>\n<link rel=\"canonical\" href=\"http:\/\/LOJISTIK%20VE%20DEPO%20I\u00c7IN%20Lojistik%20ve%20depolama%20\u00e7al\u0131\u015fanlar\u0131%20da%20bilgilendirme%20ve%20e\u011fitim%20stratejinize%20dahil%20edilmelidir.%20G\u00fcvenlik%20ve%20tehlikelerden%20korunma%20bir%20\u015firketin%20en%20\u00f6nemli%20g\u00f6revleri%20aras\u0131ndad\u0131r.%20Kural%20olarak,%20bilgisayarlar%20lojistik%20ve%20depo%20\u00e7al\u0131\u015fanlar\u0131%20i\u00e7in%20g\u00fcnl\u00fck%20kullan\u0131m\u0131n%20bir%20par\u00e7as\u0131%20de\u011fildir.%20Ancak%20her%20birinin%20kesinlikle%20bir%20ak\u0131ll\u0131%20telefonu%20var.%20Dahas\u0131,%20bu%20alanlardaki%20meslekta\u015flar\u0131%20\u00f6nemli%20bilgi%20ve%20ihtiya\u00e7lara%20\u00e7ekmek&hellip;\" \/>\n<meta property=\"og:locale\" content=\"tr_TR\" \/>\n<meta property=\"og:type\" content=\"article\" \/>\n<meta property=\"og:title\" content=\"Lojistik ve depo personeli\" \/>\n<meta property=\"og:description\" content=\"LOJISTIK VE DEPO I\u00c7IN Lojistik ve depolama \u00e7al\u0131\u015fanlar\u0131 da bilgilendirme ve e\u011fitim stratejinize dahil edilmelidir. G\u00fcvenlik ve tehlikelerden korunma bir \u015firketin en \u00f6nemli g\u00f6revleri aras\u0131ndad\u0131r. Kural olarak, bilgisayarlar lojistik ve depo \u00e7al\u0131\u015fanlar\u0131 i\u00e7in g\u00fcnl\u00fck kullan\u0131m\u0131n bir par\u00e7as\u0131 de\u011fildir. Ancak her birinin kesinlikle bir ak\u0131ll\u0131 telefonu var. Dahas\u0131, bu alanlardaki meslekta\u015flar\u0131 \u00f6nemli bilgi ve ihtiya\u00e7lara \u00e7ekmek&hellip;\" \/>\n<meta property=\"og:url\" content=\"https:\/\/www.digi-duck.com\/tr\/lojistik-ve-depo-personeli\/\" \/>\n<meta property=\"og:site_name\" content=\"DigiDuck\" \/>\n<meta property=\"article:publisher\" content=\"https:\/\/www.facebook.com\/profile.php?id=61558494354505\" \/>\n<meta property=\"article:modified_time\" content=\"2023-02-01T11:15:18+00:00\" \/>\n<meta name=\"twitter:card\" content=\"summary_large_image\" \/>\n<meta name=\"twitter:label1\" content=\"Tahmini okuma s\u00fcresi\" \/>\n\t<meta name=\"twitter:data1\" content=\"1 dakika\" \/>\n<script type=\"application\/ld+json\" class=\"yoast-schema-graph\">{\"@context\":\"https:\/\/schema.org\",\"@graph\":[{\"@type\":\"WebPage\",\"@id\":\"https:\/\/www.digi-duck.com\/tr\/lojistik-ve-depo-personeli\/\",\"url\":\"https:\/\/www.digi-duck.com\/tr\/lojistik-ve-depo-personeli\/\",\"name\":\"Logistik- und Lagerpersonal - DigiDuck\",\"isPartOf\":{\"@id\":\"https:\/\/www.digi-duck.com\/#website\"},\"datePublished\":\"2022-07-23T08:41:04+00:00\",\"dateModified\":\"2023-02-01T11:15:18+00:00\",\"breadcrumb\":{\"@id\":\"https:\/\/www.digi-duck.com\/tr\/lojistik-ve-depo-personeli\/#breadcrumb\"},\"inLanguage\":\"tr\",\"potentialAction\":[{\"@type\":\"ReadAction\",\"target\":[\"https:\/\/www.digi-duck.com\/tr\/lojistik-ve-depo-personeli\/\"]}]},{\"@type\":\"BreadcrumbList\",\"@id\":\"https:\/\/www.digi-duck.com\/tr\/lojistik-ve-depo-personeli\/#breadcrumb\",\"itemListElement\":[{\"@type\":\"ListItem\",\"position\":1,\"name\":\"Anasayfa\",\"item\":\"https:\/\/www.digi-duck.com\/\"},{\"@type\":\"ListItem\",\"position\":2,\"name\":\"Lojistik ve depo personeli\"}]},{\"@type\":\"WebSite\",\"@id\":\"https:\/\/www.digi-duck.com\/tr\/#website\",\"url\":\"https:\/\/www.digi-duck.com\/tr\/\",\"name\":\"DigiDuck\",\"description\":\"Ihr digitaler Qualifikationspartner\",\"publisher\":{\"@id\":\"https:\/\/www.digi-duck.com\/tr\/#organization\"},\"potentialAction\":[{\"@type\":\"SearchAction\",\"target\":{\"@type\":\"EntryPoint\",\"urlTemplate\":\"https:\/\/www.digi-duck.com\/tr\/?s={search_term_string}\"},\"query-input\":{\"@type\":\"PropertyValueSpecification\",\"valueRequired\":true,\"valueName\":\"search_term_string\"}}],\"inLanguage\":\"tr\"},{\"@type\":\"Organization\",\"@id\":\"https:\/\/www.digi-duck.com\/tr\/#organization\",\"name\":\"DigiDuck GmbH\",\"url\":\"https:\/\/www.digi-duck.com\/tr\/\",\"logo\":{\"@type\":\"ImageObject\",\"inLanguage\":\"tr\",\"@id\":\"https:\/\/www.digi-duck.com\/tr\/#\/schema\/logo\/image\/\",\"url\":\"https:\/\/www.digi-duck.com\/wp-content\/uploads\/2024\/08\/DigiDuck_Logo_App_Colored.png\",\"contentUrl\":\"https:\/\/www.digi-duck.com\/wp-content\/uploads\/2024\/08\/DigiDuck_Logo_App_Colored.png\",\"width\":2000,\"height\":2000,\"caption\":\"DigiDuck GmbH\"},\"image\":{\"@id\":\"https:\/\/www.digi-duck.com\/tr\/#\/schema\/logo\/image\/\"},\"sameAs\":[\"https:\/\/www.facebook.com\/profile.php?id=61558494354505\",\"https:\/\/www.linkedin.com\/company\/digiduck-gmbh\",\"https:\/\/www.xing.com\/pages\/digiduck-gmbh\"]}]}<\/script>\n<!-- \/ Yoast SEO plugin. -->","yoast_head_json":{"title":"Lojistik ve depo personeli","description":"LOJISTIK VE DEPO I\u00c7IN Lojistik ve depolama \u00e7al\u0131\u015fanlar\u0131 da bilgilendirme ve e\u011fitim stratejinize dahil edilmelidir. G\u00fcvenlik ve tehlikelerden korunma bir \u015firketin en \u00f6nemli g\u00f6revleri aras\u0131ndad\u0131r. Kural olarak, bilgisayarlar lojistik ve depo \u00e7al\u0131\u015fanlar\u0131 i\u00e7in g\u00fcnl\u00fck kullan\u0131m\u0131n bir par\u00e7as\u0131 de\u011fildir. Ancak her birinin kesinlikle bir ak\u0131ll\u0131 telefonu var. Dahas\u0131, bu alanlardaki meslekta\u015flar\u0131 \u00f6nemli bilgi ve ihtiya\u00e7lara \u00e7ekmek&hellip;","robots":{"index":"index","follow":"follow","max-snippet":"max-snippet:-1","max-image-preview":"max-image-preview:large","max-video-preview":"max-video-preview:-1"},"canonical":"LOJISTIK VE DEPO I\u00c7IN Lojistik ve depolama \u00e7al\u0131\u015fanlar\u0131 da bilgilendirme ve e\u011fitim stratejinize dahil edilmelidir. G\u00fcvenlik ve tehlikelerden korunma bir \u015firketin en \u00f6nemli g\u00f6revleri aras\u0131ndad\u0131r. Kural olarak, bilgisayarlar lojistik ve depo \u00e7al\u0131\u015fanlar\u0131 i\u00e7in g\u00fcnl\u00fck kullan\u0131m\u0131n bir par\u00e7as\u0131 de\u011fildir. Ancak her birinin kesinlikle bir ak\u0131ll\u0131 telefonu var. Dahas\u0131, bu alanlardaki meslekta\u015flar\u0131 \u00f6nemli bilgi ve ihtiya\u00e7lara \u00e7ekmek&hellip;","og_locale":"tr_TR","og_type":"article","og_title":"Lojistik ve depo personeli","og_description":"LOJISTIK VE DEPO I\u00c7IN Lojistik ve depolama \u00e7al\u0131\u015fanlar\u0131 da bilgilendirme ve e\u011fitim stratejinize dahil edilmelidir. G\u00fcvenlik ve tehlikelerden korunma bir \u015firketin en \u00f6nemli g\u00f6revleri aras\u0131ndad\u0131r. Kural olarak, bilgisayarlar lojistik ve depo \u00e7al\u0131\u015fanlar\u0131 i\u00e7in g\u00fcnl\u00fck kullan\u0131m\u0131n bir par\u00e7as\u0131 de\u011fildir. Ancak her birinin kesinlikle bir ak\u0131ll\u0131 telefonu var. Dahas\u0131, bu alanlardaki meslekta\u015flar\u0131 \u00f6nemli bilgi ve ihtiya\u00e7lara \u00e7ekmek&hellip;","og_url":"https:\/\/www.digi-duck.com\/tr\/lojistik-ve-depo-personeli\/","og_site_name":"DigiDuck","article_publisher":"https:\/\/www.facebook.com\/profile.php?id=61558494354505","article_modified_time":"2023-02-01T11:15:18+00:00","twitter_card":"summary_large_image","twitter_misc":{"Tahmini okuma s\u00fcresi":"1 dakika"},"schema":{"@context":"https:\/\/schema.org","@graph":[{"@type":"WebPage","@id":"https:\/\/www.digi-duck.com\/tr\/lojistik-ve-depo-personeli\/","url":"https:\/\/www.digi-duck.com\/tr\/lojistik-ve-depo-personeli\/","name":"Logistik- und Lagerpersonal - DigiDuck","isPartOf":{"@id":"https:\/\/www.digi-duck.com\/#website"},"datePublished":"2022-07-23T08:41:04+00:00","dateModified":"2023-02-01T11:15:18+00:00","breadcrumb":{"@id":"https:\/\/www.digi-duck.com\/tr\/lojistik-ve-depo-personeli\/#breadcrumb"},"inLanguage":"tr","potentialAction":[{"@type":"ReadAction","target":["https:\/\/www.digi-duck.com\/tr\/lojistik-ve-depo-personeli\/"]}]},{"@type":"BreadcrumbList","@id":"https:\/\/www.digi-duck.com\/tr\/lojistik-ve-depo-personeli\/#breadcrumb","itemListElement":[{"@type":"ListItem","position":1,"name":"Anasayfa","item":"https:\/\/www.digi-duck.com\/"},{"@type":"ListItem","position":2,"name":"Lojistik ve depo personeli"}]},{"@type":"WebSite","@id":"https:\/\/www.digi-duck.com\/tr\/#website","url":"https:\/\/www.digi-duck.com\/tr\/","name":"DigiDuck","description":"Ihr digitaler Qualifikationspartner","publisher":{"@id":"https:\/\/www.digi-duck.com\/tr\/#organization"},"potentialAction":[{"@type":"SearchAction","target":{"@type":"EntryPoint","urlTemplate":"https:\/\/www.digi-duck.com\/tr\/?s={search_term_string}"},"query-input":{"@type":"PropertyValueSpecification","valueRequired":true,"valueName":"search_term_string"}}],"inLanguage":"tr"},{"@type":"Organization","@id":"https:\/\/www.digi-duck.com\/tr\/#organization","name":"DigiDuck GmbH","url":"https:\/\/www.digi-duck.com\/tr\/","logo":{"@type":"ImageObject","inLanguage":"tr","@id":"https:\/\/www.digi-duck.com\/tr\/#\/schema\/logo\/image\/","url":"https:\/\/www.digi-duck.com\/wp-content\/uploads\/2024\/08\/DigiDuck_Logo_App_Colored.png","contentUrl":"https:\/\/www.digi-duck.com\/wp-content\/uploads\/2024\/08\/DigiDuck_Logo_App_Colored.png","width":2000,"height":2000,"caption":"DigiDuck GmbH"},"image":{"@id":"https:\/\/www.digi-duck.com\/tr\/#\/schema\/logo\/image\/"},"sameAs":["https:\/\/www.facebook.com\/profile.php?id=61558494354505","https:\/\/www.linkedin.com\/company\/digiduck-gmbh","https:\/\/www.xing.com\/pages\/digiduck-gmbh"]}]}},"post_mailing_queue_ids":[],"_links":{"self":[{"href":"https:\/\/www.digi-duck.com\/tr\/wp-json\/wp\/v2\/pages\/73","targetHints":{"allow":["GET"]}}],"collection":[{"href":"https:\/\/www.digi-duck.com\/tr\/wp-json\/wp\/v2\/pages"}],"about":[{"href":"https:\/\/www.digi-duck.com\/tr\/wp-json\/wp\/v2\/types\/page"}],"author":[{"embeddable":true,"href":"https:\/\/www.digi-duck.com\/tr\/wp-json\/wp\/v2\/users\/4"}],"replies":[{"embeddable":true,"href":"https:\/\/www.digi-duck.com\/tr\/wp-json\/wp\/v2\/comments?post=73"}],"version-history":[{"count":6,"href":"https:\/\/www.digi-duck.com\/tr\/wp-json\/wp\/v2\/pages\/73\/revisions"}],"predecessor-version":[{"id":677,"href":"https:\/\/www.digi-duck.com\/tr\/wp-json\/wp\/v2\/pages\/73\/revisions\/677"}],"wp:attachment":[{"href":"https:\/\/www.digi-duck.com\/tr\/wp-json\/wp\/v2\/media?parent=73"}],"curies":[{"name":"wp","href":"https:\/\/api.w.org\/{rel}","templated":true}]}}