{"id":75,"date":"2022-07-23T10:41:31","date_gmt":"2022-07-23T08:41:31","guid":{"rendered":"https:\/\/www.digi-duck.com\/?page_id=75"},"modified":"2023-01-28T11:47:50","modified_gmt":"2023-01-28T10:47:50","slug":"learn-management-system","status":"publish","type":"page","link":"https:\/\/www.digi-duck.com\/tr\/learn-management-system\/","title":{"rendered":"\u00d6\u011frenme Y\u00f6netim Sistemi"},"content":{"rendered":"<p>\u00c7ALI\u015eANLARINIZIN \u00d6\u011eRENMESINI DE\u011eI\u015eTIRIN<br \/>\u015eIRKETINIZI D\u00d6N\u00dc\u015eT\u00dcR\u00dcN<\/p>\n<hr class=\"wp-block-separator has-alpha-channel-opacity\">\n<p> <strong>\u00d6\u011frenme Y\u00f6netim Sistemimiz<\/strong> ile yeni bir bilgi aktar\u0131m bi\u00e7imine ad\u0131m atars\u0131n\u0131z. Y\u00fcz y\u00fcze e\u011fitimin \u00e7al\u0131\u015fma s\u00fcresi kayb\u0131, odalar ve yemek i\u00e7in ek maliyetler, yeniden e\u011fitilmesi gereken eksik \u00e7al\u0131\u015fanlar, gerekli \u00e7ok dillilik vb. gibi bir\u00e7ok dezavantaj\u0131 art\u0131k gerekli de\u011fildir. DigiDuck ile her \u00e7al\u0131\u015fan kendi bireysel e\u011fitimini istedi\u011fi zaman tamamlayabilir.<\/p>\n<hr class=\"wp-block-separator has-alpha-channel-opacity\">\n<p>DigiDuck&#8217;\u0131 bilgisayar\u0131n\u0131zda, tabletinizde veya ak\u0131ll\u0131 telefonunuzda kullanmak isteyip istemedi\u011finiz \u00f6nemli de\u011fil. Duyarl\u0131 \u00e7\u00f6z\u00fcm\u00fcm\u00fcz t\u00fcm \u00e7\u0131kt\u0131 cihazlar\u0131 i\u00e7in her zaman do\u011fru g\u00f6rselle\u015ftirmeyi sunar. Gerekirse, \u00e7al\u0131\u015fanlar\u0131n\u0131z Android uygulamam\u0131z\u0131 Google Playstore&#8217;dan ak\u0131ll\u0131 telefonlar\u0131na indirebilir ve Almanca&#8217;n\u0131n yan\u0131 s\u0131ra bir\u00e7ok dilde i\u015flev ve e\u011fitimi kullanabilir: \u0130ngilizce, T\u00fcrk\u00e7e, Leh\u00e7e, Romence, Macarca, Ukraynaca, Rus\u00e7a, Bulgarca, \u00c7ek\u00e7e.<\/p>\n<hr class=\"wp-block-separator has-alpha-channel-opacity\">\n<p>\u00c7al\u0131\u015fanlar\u0131n DigiDuck sisteminizle daha iyi tan\u0131mlanmas\u0131 i\u00e7in, ba\u015flang\u0131\u00e7 g\u00f6r\u00fcnt\u00fcs\u00fcn\u00fc kendi motifinizle donatma, logonuzu kal\u0131c\u0131 olarak entegre etme ve sertifikalar\u0131 logonuz ve imzan\u0131zla sa\u011flama imkan\u0131 sunuyoruz. Ne de olsa bu sizin platformunuz.<\/p>\n<hr class=\"wp-block-separator has-alpha-channel-opacity\">\n<p>Bu f\u0131rsattan yararlan\u0131n ve \u015firket yap\u0131n\u0131z\u0131 platformda haritaland\u0131r\u0131n. \u015eubeler, departmanlar veya uzmanl\u0131k alanlar\u0131 olsun &#8211; DigiDuck&#8217;ta sizin i\u00e7in yans\u0131taca\u011f\u0131m\u0131z sizin d\u00fcnyan\u0131zd\u0131r.<\/p>\n<hr class=\"wp-block-separator has-alpha-channel-opacity\">\n<p>Kurs materyaliniz i\u00e7in \u00f6zel gereksinimleriniz var ve bu nedenle kendi e\u011fitim kurslar\u0131n\u0131z\u0131 geli\u015ftirmek mi istiyorsunuz? Konu\u015f bizimle. Deneyimli e\u011fitmenler ve yaz\u0131l\u0131m geli\u015ftiricilerden olu\u015fan konsiyerj ekibimiz, bireysel e\u011fitim kurslar\u0131n\u0131z\u0131 en \u00fcst d\u00fczeyde tasarlaman\u0131za yard\u0131mc\u0131 olacakt\u0131r.<\/p>\n<hr class=\"wp-block-separator has-alpha-channel-opacity\">\n<p>Elbette, mevcut e\u011fitim materyalinizi di\u011fer platformlardan veya intranetinizden DigiDuck sistemine aktarabiliriz. Bir\u00e7ok olas\u0131l\u0131k hakk\u0131nda bizimle konu\u015fun.<\/p>\n<hr class=\"wp-block-separator has-alpha-channel-opacity\">\n<p>Yasal olarak uyumlu g\u00f6rsel-i\u015fitsel e\u011fitimlerimizin y\u00fcksek kalite seviyesiyle gurur duyuyoruz. Ekibimiz, \u00e7ok fazla deneyim ve ayr\u0131nt\u0131ya dikkat ederek, kolay gezinme ve her \u00e7al\u0131\u015fan\u0131n bireysel \u00f6\u011frenme h\u0131z\u0131na uyum sa\u011flayan e\u011fitimler olu\u015fturur. Her yeni e\u011fitim kursu, ana dili \u0130ngilizce olan ki\u015filer taraf\u0131ndan hemen birka\u00e7 dilde \u00fcretilmektedir. \u00d6zel dil gereksinimleriniz var m\u0131? Sorun de\u011fil. Konu\u015f bizimle.<\/p>\n<hr class=\"wp-block-separator has-alpha-channel-opacity\">\n<p>Elbette \u00e7al\u0131\u015fanlar\u0131n\u0131za e\u011fitim sonunda \u00f6\u011frendiklerini test etme imkan\u0131 da sunuyoruz. \u00c7oktan se\u00e7meli bir testte, bilgilerini kontrol etme f\u0131rsat\u0131na sahip olurlar. Sorular\u0131n %80&#8217;i do\u011fru yan\u0131tlan\u0131rsa, test ge\u00e7ilmi\u015f say\u0131l\u0131r. De\u011filse, tekrarlanabilir. Elbette farkl\u0131 sorularla. Ba\u015far\u0131l\u0131 bir \u015fekilde tamamland\u0131ktan sonra, \u00e7al\u0131\u015fan logonuz ve imzan\u0131zla birlikte bir tamamlama sertifikas\u0131 al\u0131r.<\/p>\n<hr class=\"wp-block-separator has-alpha-channel-opacity\">\n<p>DigiDuck sisteminde, \u00e7al\u0131\u015fanlar\u0131n ilgili bilgi seviyesi belgelenir. Bir e\u011fitim veya talimat\u0131n ger\u00e7ekle\u015fip ger\u00e7ekle\u015fmedi\u011fini, ge\u00e7ip ge\u00e7medi\u011fini g\u00f6rebilirsiniz. Bu, nerede ayarlamalar yapman\u0131z gerekebilece\u011fine dair hedefli bir ihtiya\u00e7 analizi yapman\u0131za olanak tan\u0131r. Buna ek olarak, giri\u015fimcilik g\u00f6revleriniz i\u00e7in yasal olarak gerekli belgeleri de temin ettiniz. D\u00fczenli zorunlu e\u011fitim durumunda, DigiDuck sistemindeki tekrarlar\u0131 y\u00f6netebilirsiniz.<\/p>\n<hr class=\"wp-block-separator has-alpha-channel-opacity\">\n<p>DigiDuck&#8217;\u0131 \u015fimdi deneyin ve \u00e7al\u0131\u015fanlar\u0131n\u0131z\u0131n ihtiya\u00e7 duydu\u011fu \u00f6\u011frenmeyi yeni bir \u00e7a\u011fa d\u00f6n\u00fc\u015ft\u00fcr\u00fcn!<\/p>\n<hr class=\"wp-block-separator has-alpha-channel-opacity\">\n<a href=\"\/tr\/kostenlos-testen\/\" target=\"_self\" class=\"btn-white-full btn btn-primary\">DigiDuck'\u0131 \u015fimdi \u00fccretsiz deneyin<\/a>\n","protected":false},"excerpt":{"rendered":"<p>\u00c7ALI\u015eANLARINIZIN \u00d6\u011eRENMESINI DE\u011eI\u015eTIRIN\u015eIRKETINIZI D\u00d6N\u00dc\u015eT\u00dcR\u00dcN \u00d6\u011frenme Y\u00f6netim Sistemimiz ile yeni bir bilgi aktar\u0131m bi\u00e7imine ad\u0131m atars\u0131n\u0131z. Y\u00fcz y\u00fcze e\u011fitimin \u00e7al\u0131\u015fma s\u00fcresi kayb\u0131, odalar ve yemek i\u00e7in ek maliyetler, yeniden e\u011fitilmesi gereken eksik \u00e7al\u0131\u015fanlar, gerekli \u00e7ok dillilik vb. gibi bir\u00e7ok dezavantaj\u0131 art\u0131k gerekli de\u011fildir. DigiDuck ile her \u00e7al\u0131\u015fan kendi bireysel e\u011fitimini istedi\u011fi zaman tamamlayabilir. DigiDuck&#8217;\u0131 bilgisayar\u0131n\u0131zda, tabletinizde [&hellip;]<\/p>\n","protected":false},"author":4,"featured_media":0,"parent":0,"menu_order":0,"comment_status":"closed","ping_status":"closed","template":"","meta":{"_acf_changed":false,"footnotes":""},"class_list":["post-75","page","type-page","status-publish","hentry"],"acf":[],"yoast_head":"<!-- This site is optimized with the Yoast SEO plugin v27.1.1 - https:\/\/yoast.com\/product\/yoast-seo-wordpress\/ -->\n<title>\u00d6\u011frenme Y\u00f6netim Sistemi<\/title>\n<meta name=\"description\" content=\"\u00c7ALI\u015eANLARINIZIN \u00d6\u011eRENMESINI DE\u011eI\u015eTIRIN\u015eIRKETINIZI D\u00d6N\u00dc\u015eT\u00dcR\u00dcN \u00d6\u011frenme Y\u00f6netim Sistemimiz ile yeni bir bilgi aktar\u0131m bi\u00e7imine ad\u0131m atars\u0131n\u0131z. Y\u00fcz y\u00fcze e\u011fitimin \u00e7al\u0131\u015fma s\u00fcresi kayb\u0131, odalar ve yemek i\u00e7in ek maliyetler, yeniden e\u011fitilmesi gereken eksik \u00e7al\u0131\u015fanlar, gerekli \u00e7ok dillilik vb. gibi bir\u00e7ok dezavantaj\u0131 art\u0131k gerekli de\u011fildir. DigiDuck ile her \u00e7al\u0131\u015fan kendi bireysel e\u011fitimini istedi\u011fi zaman tamamlayabilir. DigiDuck&#039;\u0131 bilgisayar\u0131n\u0131zda, tabletinizde&hellip;\" \/>\n<meta name=\"robots\" content=\"index, follow, max-snippet:-1, max-image-preview:large, max-video-preview:-1\" \/>\n<link rel=\"canonical\" href=\"http:\/\/\u00c7ALI\u015eANLARINIZIN%20\u00d6\u011eRENMESINI%20DE\u011eI\u015eTIRIN\u015eIRKETINIZI%20D\u00d6N\u00dc\u015eT\u00dcR\u00dcN%20\u00d6\u011frenme%20Y\u00f6netim%20Sistemimiz%20ile%20yeni%20bir%20bilgi%20aktar\u0131m%20bi\u00e7imine%20ad\u0131m%20atars\u0131n\u0131z.%20Y\u00fcz%20y\u00fcze%20e\u011fitimin%20\u00e7al\u0131\u015fma%20s\u00fcresi%20kayb\u0131,%20odalar%20ve%20yemek%20i\u00e7in%20ek%20maliyetler,%20yeniden%20e\u011fitilmesi%20gereken%20eksik%20\u00e7al\u0131\u015fanlar,%20gerekli%20\u00e7ok%20dillilik%20vb.%20gibi%20bir\u00e7ok%20dezavantaj\u0131%20art\u0131k%20gerekli%20de\u011fildir.%20DigiDuck%20ile%20her%20\u00e7al\u0131\u015fan%20kendi%20bireysel%20e\u011fitimini%20istedi\u011fi%20zaman%20tamamlayabilir.%20DigiDuck'\u0131%20bilgisayar\u0131n\u0131zda,%20tabletinizde&hellip;\" \/>\n<meta property=\"og:locale\" content=\"tr_TR\" \/>\n<meta property=\"og:type\" content=\"article\" \/>\n<meta property=\"og:title\" content=\"\u00d6\u011frenme Y\u00f6netim Sistemi\" \/>\n<meta property=\"og:description\" content=\"\u00c7ALI\u015eANLARINIZIN \u00d6\u011eRENMESINI DE\u011eI\u015eTIRIN\u015eIRKETINIZI D\u00d6N\u00dc\u015eT\u00dcR\u00dcN \u00d6\u011frenme Y\u00f6netim Sistemimiz ile yeni bir bilgi aktar\u0131m bi\u00e7imine ad\u0131m atars\u0131n\u0131z. Y\u00fcz y\u00fcze e\u011fitimin \u00e7al\u0131\u015fma s\u00fcresi kayb\u0131, odalar ve yemek i\u00e7in ek maliyetler, yeniden e\u011fitilmesi gereken eksik \u00e7al\u0131\u015fanlar, gerekli \u00e7ok dillilik vb. gibi bir\u00e7ok dezavantaj\u0131 art\u0131k gerekli de\u011fildir. DigiDuck ile her \u00e7al\u0131\u015fan kendi bireysel e\u011fitimini istedi\u011fi zaman tamamlayabilir. DigiDuck&#039;\u0131 bilgisayar\u0131n\u0131zda, tabletinizde&hellip;\" \/>\n<meta property=\"og:url\" content=\"https:\/\/www.digi-duck.com\/tr\/learn-management-system\/\" \/>\n<meta property=\"og:site_name\" content=\"DigiDuck\" \/>\n<meta property=\"article:publisher\" content=\"https:\/\/www.facebook.com\/profile.php?id=61558494354505\" \/>\n<meta property=\"article:modified_time\" content=\"2023-01-28T10:47:50+00:00\" \/>\n<meta name=\"twitter:card\" content=\"summary_large_image\" \/>\n<meta name=\"twitter:label1\" content=\"Tahmini okuma s\u00fcresi\" \/>\n\t<meta name=\"twitter:data1\" content=\"3 dakika\" \/>\n<script type=\"application\/ld+json\" class=\"yoast-schema-graph\">{\"@context\":\"https:\/\/schema.org\",\"@graph\":[{\"@type\":\"WebPage\",\"@id\":\"https:\/\/www.digi-duck.com\/tr\/learn-management-system\/\",\"url\":\"https:\/\/www.digi-duck.com\/tr\/learn-management-system\/\",\"name\":\"Learn Management System - DigiDuck\",\"isPartOf\":{\"@id\":\"https:\/\/www.digi-duck.com\/#website\"},\"datePublished\":\"2022-07-23T08:41:31+00:00\",\"dateModified\":\"2023-01-28T10:47:50+00:00\",\"breadcrumb\":{\"@id\":\"https:\/\/www.digi-duck.com\/tr\/learn-management-system\/#breadcrumb\"},\"inLanguage\":\"tr\",\"potentialAction\":[{\"@type\":\"ReadAction\",\"target\":[\"https:\/\/www.digi-duck.com\/tr\/learn-management-system\/\"]}]},{\"@type\":\"BreadcrumbList\",\"@id\":\"https:\/\/www.digi-duck.com\/tr\/learn-management-system\/#breadcrumb\",\"itemListElement\":[{\"@type\":\"ListItem\",\"position\":1,\"name\":\"Anasayfa\",\"item\":\"https:\/\/www.digi-duck.com\/\"},{\"@type\":\"ListItem\",\"position\":2,\"name\":\"\u00d6\u011frenme Y\u00f6netim Sistemi\"}]},{\"@type\":\"WebSite\",\"@id\":\"https:\/\/www.digi-duck.com\/tr\/#website\",\"url\":\"https:\/\/www.digi-duck.com\/tr\/\",\"name\":\"DigiDuck\",\"description\":\"Ihr digitaler Qualifikationspartner\",\"publisher\":{\"@id\":\"https:\/\/www.digi-duck.com\/tr\/#organization\"},\"potentialAction\":[{\"@type\":\"SearchAction\",\"target\":{\"@type\":\"EntryPoint\",\"urlTemplate\":\"https:\/\/www.digi-duck.com\/tr\/?s={search_term_string}\"},\"query-input\":{\"@type\":\"PropertyValueSpecification\",\"valueRequired\":true,\"valueName\":\"search_term_string\"}}],\"inLanguage\":\"tr\"},{\"@type\":\"Organization\",\"@id\":\"https:\/\/www.digi-duck.com\/tr\/#organization\",\"name\":\"DigiDuck GmbH\",\"url\":\"https:\/\/www.digi-duck.com\/tr\/\",\"logo\":{\"@type\":\"ImageObject\",\"inLanguage\":\"tr\",\"@id\":\"https:\/\/www.digi-duck.com\/tr\/#\/schema\/logo\/image\/\",\"url\":\"https:\/\/www.digi-duck.com\/wp-content\/uploads\/2024\/08\/DigiDuck_Logo_App_Colored.png\",\"contentUrl\":\"https:\/\/www.digi-duck.com\/wp-content\/uploads\/2024\/08\/DigiDuck_Logo_App_Colored.png\",\"width\":2000,\"height\":2000,\"caption\":\"DigiDuck GmbH\"},\"image\":{\"@id\":\"https:\/\/www.digi-duck.com\/tr\/#\/schema\/logo\/image\/\"},\"sameAs\":[\"https:\/\/www.facebook.com\/profile.php?id=61558494354505\",\"https:\/\/www.linkedin.com\/company\/digiduck-gmbh\",\"https:\/\/www.xing.com\/pages\/digiduck-gmbh\"]}]}<\/script>\n<!-- \/ Yoast SEO plugin. -->","yoast_head_json":{"title":"\u00d6\u011frenme Y\u00f6netim Sistemi","description":"\u00c7ALI\u015eANLARINIZIN \u00d6\u011eRENMESINI DE\u011eI\u015eTIRIN\u015eIRKETINIZI D\u00d6N\u00dc\u015eT\u00dcR\u00dcN \u00d6\u011frenme Y\u00f6netim Sistemimiz ile yeni bir bilgi aktar\u0131m bi\u00e7imine ad\u0131m atars\u0131n\u0131z. Y\u00fcz y\u00fcze e\u011fitimin \u00e7al\u0131\u015fma s\u00fcresi kayb\u0131, odalar ve yemek i\u00e7in ek maliyetler, yeniden e\u011fitilmesi gereken eksik \u00e7al\u0131\u015fanlar, gerekli \u00e7ok dillilik vb. gibi bir\u00e7ok dezavantaj\u0131 art\u0131k gerekli de\u011fildir. DigiDuck ile her \u00e7al\u0131\u015fan kendi bireysel e\u011fitimini istedi\u011fi zaman tamamlayabilir. DigiDuck'\u0131 bilgisayar\u0131n\u0131zda, tabletinizde&hellip;","robots":{"index":"index","follow":"follow","max-snippet":"max-snippet:-1","max-image-preview":"max-image-preview:large","max-video-preview":"max-video-preview:-1"},"canonical":"\u00c7ALI\u015eANLARINIZIN \u00d6\u011eRENMESINI DE\u011eI\u015eTIRIN\u015eIRKETINIZI D\u00d6N\u00dc\u015eT\u00dcR\u00dcN \u00d6\u011frenme Y\u00f6netim Sistemimiz ile yeni bir bilgi aktar\u0131m bi\u00e7imine ad\u0131m atars\u0131n\u0131z. Y\u00fcz y\u00fcze e\u011fitimin \u00e7al\u0131\u015fma s\u00fcresi kayb\u0131, odalar ve yemek i\u00e7in ek maliyetler, yeniden e\u011fitilmesi gereken eksik \u00e7al\u0131\u015fanlar, gerekli \u00e7ok dillilik vb. gibi bir\u00e7ok dezavantaj\u0131 art\u0131k gerekli de\u011fildir. DigiDuck ile her \u00e7al\u0131\u015fan kendi bireysel e\u011fitimini istedi\u011fi zaman tamamlayabilir. DigiDuck'\u0131 bilgisayar\u0131n\u0131zda, tabletinizde&hellip;","og_locale":"tr_TR","og_type":"article","og_title":"\u00d6\u011frenme Y\u00f6netim Sistemi","og_description":"\u00c7ALI\u015eANLARINIZIN \u00d6\u011eRENMESINI DE\u011eI\u015eTIRIN\u015eIRKETINIZI D\u00d6N\u00dc\u015eT\u00dcR\u00dcN \u00d6\u011frenme Y\u00f6netim Sistemimiz ile yeni bir bilgi aktar\u0131m bi\u00e7imine ad\u0131m atars\u0131n\u0131z. Y\u00fcz y\u00fcze e\u011fitimin \u00e7al\u0131\u015fma s\u00fcresi kayb\u0131, odalar ve yemek i\u00e7in ek maliyetler, yeniden e\u011fitilmesi gereken eksik \u00e7al\u0131\u015fanlar, gerekli \u00e7ok dillilik vb. gibi bir\u00e7ok dezavantaj\u0131 art\u0131k gerekli de\u011fildir. DigiDuck ile her \u00e7al\u0131\u015fan kendi bireysel e\u011fitimini istedi\u011fi zaman tamamlayabilir. DigiDuck'\u0131 bilgisayar\u0131n\u0131zda, tabletinizde&hellip;","og_url":"https:\/\/www.digi-duck.com\/tr\/learn-management-system\/","og_site_name":"DigiDuck","article_publisher":"https:\/\/www.facebook.com\/profile.php?id=61558494354505","article_modified_time":"2023-01-28T10:47:50+00:00","twitter_card":"summary_large_image","twitter_misc":{"Tahmini okuma s\u00fcresi":"3 dakika"},"schema":{"@context":"https:\/\/schema.org","@graph":[{"@type":"WebPage","@id":"https:\/\/www.digi-duck.com\/tr\/learn-management-system\/","url":"https:\/\/www.digi-duck.com\/tr\/learn-management-system\/","name":"Learn Management System - DigiDuck","isPartOf":{"@id":"https:\/\/www.digi-duck.com\/#website"},"datePublished":"2022-07-23T08:41:31+00:00","dateModified":"2023-01-28T10:47:50+00:00","breadcrumb":{"@id":"https:\/\/www.digi-duck.com\/tr\/learn-management-system\/#breadcrumb"},"inLanguage":"tr","potentialAction":[{"@type":"ReadAction","target":["https:\/\/www.digi-duck.com\/tr\/learn-management-system\/"]}]},{"@type":"BreadcrumbList","@id":"https:\/\/www.digi-duck.com\/tr\/learn-management-system\/#breadcrumb","itemListElement":[{"@type":"ListItem","position":1,"name":"Anasayfa","item":"https:\/\/www.digi-duck.com\/"},{"@type":"ListItem","position":2,"name":"\u00d6\u011frenme Y\u00f6netim Sistemi"}]},{"@type":"WebSite","@id":"https:\/\/www.digi-duck.com\/tr\/#website","url":"https:\/\/www.digi-duck.com\/tr\/","name":"DigiDuck","description":"Ihr digitaler Qualifikationspartner","publisher":{"@id":"https:\/\/www.digi-duck.com\/tr\/#organization"},"potentialAction":[{"@type":"SearchAction","target":{"@type":"EntryPoint","urlTemplate":"https:\/\/www.digi-duck.com\/tr\/?s={search_term_string}"},"query-input":{"@type":"PropertyValueSpecification","valueRequired":true,"valueName":"search_term_string"}}],"inLanguage":"tr"},{"@type":"Organization","@id":"https:\/\/www.digi-duck.com\/tr\/#organization","name":"DigiDuck GmbH","url":"https:\/\/www.digi-duck.com\/tr\/","logo":{"@type":"ImageObject","inLanguage":"tr","@id":"https:\/\/www.digi-duck.com\/tr\/#\/schema\/logo\/image\/","url":"https:\/\/www.digi-duck.com\/wp-content\/uploads\/2024\/08\/DigiDuck_Logo_App_Colored.png","contentUrl":"https:\/\/www.digi-duck.com\/wp-content\/uploads\/2024\/08\/DigiDuck_Logo_App_Colored.png","width":2000,"height":2000,"caption":"DigiDuck GmbH"},"image":{"@id":"https:\/\/www.digi-duck.com\/tr\/#\/schema\/logo\/image\/"},"sameAs":["https:\/\/www.facebook.com\/profile.php?id=61558494354505","https:\/\/www.linkedin.com\/company\/digiduck-gmbh","https:\/\/www.xing.com\/pages\/digiduck-gmbh"]}]}},"post_mailing_queue_ids":[],"_links":{"self":[{"href":"https:\/\/www.digi-duck.com\/tr\/wp-json\/wp\/v2\/pages\/75","targetHints":{"allow":["GET"]}}],"collection":[{"href":"https:\/\/www.digi-duck.com\/tr\/wp-json\/wp\/v2\/pages"}],"about":[{"href":"https:\/\/www.digi-duck.com\/tr\/wp-json\/wp\/v2\/types\/page"}],"author":[{"embeddable":true,"href":"https:\/\/www.digi-duck.com\/tr\/wp-json\/wp\/v2\/users\/4"}],"replies":[{"embeddable":true,"href":"https:\/\/www.digi-duck.com\/tr\/wp-json\/wp\/v2\/comments?post=75"}],"version-history":[{"count":10,"href":"https:\/\/www.digi-duck.com\/tr\/wp-json\/wp\/v2\/pages\/75\/revisions"}],"predecessor-version":[{"id":640,"href":"https:\/\/www.digi-duck.com\/tr\/wp-json\/wp\/v2\/pages\/75\/revisions\/640"}],"wp:attachment":[{"href":"https:\/\/www.digi-duck.com\/tr\/wp-json\/wp\/v2\/media?parent=75"}],"curies":[{"name":"wp","href":"https:\/\/api.w.org\/{rel}","templated":true}]}}