{"id":79,"date":"2022-07-23T10:42:37","date_gmt":"2022-07-23T08:42:37","guid":{"rendered":"https:\/\/www.digi-duck.com\/?page_id=79"},"modified":"2022-09-11T18:25:15","modified_gmt":"2022-09-11T16:25:15","slug":"newsletter","status":"publish","type":"page","link":"https:\/\/www.digi-duck.com\/tr\/newsletter\/","title":{"rendered":"Haber B\u00fclteni"},"content":{"rendered":"<p>\u00dcCRETSIZ B\u00dcLTEN<\/p>\n<hr class=\"wp-block-separator has-alpha-channel-opacity\">\n<p>Hi\u00e7bir g\u00fcncellemeyi, yeni \u00f6zelli\u011fi veya teklifi ka\u00e7\u0131rmay\u0131n.<\/p>\n<hr class=\"wp-block-separator has-alpha-channel-opacity\">\n<p>Gelecekte \u00fcr\u00fcnlerimiz ve \u015firketimiz hakk\u0131nda haberler almak ister misiniz? O zaman \u00fccretsiz b\u00fcltenimize kaydolun. D\u00fczensiz aral\u0131klarla g\u00f6nderece\u011fiz. \u0130stedi\u011finiz zaman aboneli\u011finizi iptal edebilirsiniz.<\/p>\n","protected":false},"excerpt":{"rendered":"<p>\u00dcCRETSIZ B\u00dcLTEN Hi\u00e7bir g\u00fcncellemeyi, yeni \u00f6zelli\u011fi veya teklifi ka\u00e7\u0131rmay\u0131n. Gelecekte \u00fcr\u00fcnlerimiz ve \u015firketimiz hakk\u0131nda haberler almak ister misiniz? O zaman \u00fccretsiz b\u00fcltenimize kaydolun. D\u00fczensiz aral\u0131klarla g\u00f6nderece\u011fiz. \u0130stedi\u011finiz zaman aboneli\u011finizi iptal edebilirsiniz.<\/p>\n","protected":false},"author":4,"featured_media":0,"parent":0,"menu_order":0,"comment_status":"closed","ping_status":"closed","template":"","meta":{"_acf_changed":false,"footnotes":""},"class_list":["post-79","page","type-page","status-publish","hentry"],"acf":[],"yoast_head":"<!-- This site is optimized with the Yoast SEO plugin v27.1.1 - https:\/\/yoast.com\/product\/yoast-seo-wordpress\/ -->\n<title>Haber B\u00fclteni<\/title>\n<meta name=\"description\" content=\"\u00dcCRETSIZ B\u00dcLTEN Hi\u00e7bir g\u00fcncellemeyi, yeni \u00f6zelli\u011fi veya teklifi ka\u00e7\u0131rmay\u0131n. Gelecekte \u00fcr\u00fcnlerimiz ve \u015firketimiz hakk\u0131nda haberler almak ister misiniz? O zaman \u00fccretsiz b\u00fcltenimize kaydolun. D\u00fczensiz aral\u0131klarla g\u00f6nderece\u011fiz. \u0130stedi\u011finiz zaman aboneli\u011finizi iptal edebilirsiniz.\" \/>\n<meta name=\"robots\" content=\"index, follow, max-snippet:-1, max-image-preview:large, max-video-preview:-1\" \/>\n<link rel=\"canonical\" href=\"http:\/\/\u00dcCRETSIZ%20B\u00dcLTEN%20Hi\u00e7bir%20g\u00fcncellemeyi,%20yeni%20\u00f6zelli\u011fi%20veya%20teklifi%20ka\u00e7\u0131rmay\u0131n.%20Gelecekte%20\u00fcr\u00fcnlerimiz%20ve%20\u015firketimiz%20hakk\u0131nda%20haberler%20almak%20ister%20misiniz?%20O%20zaman%20\u00fccretsiz%20b\u00fcltenimize%20kaydolun.%20D\u00fczensiz%20aral\u0131klarla%20g\u00f6nderece\u011fiz.%20\u0130stedi\u011finiz%20zaman%20aboneli\u011finizi%20iptal%20edebilirsiniz.\" \/>\n<meta property=\"og:locale\" content=\"tr_TR\" \/>\n<meta property=\"og:type\" content=\"article\" \/>\n<meta property=\"og:title\" content=\"Haber B\u00fclteni\" \/>\n<meta property=\"og:description\" content=\"\u00dcCRETSIZ B\u00dcLTEN Hi\u00e7bir g\u00fcncellemeyi, yeni \u00f6zelli\u011fi veya teklifi ka\u00e7\u0131rmay\u0131n. Gelecekte \u00fcr\u00fcnlerimiz ve \u015firketimiz hakk\u0131nda haberler almak ister misiniz? O zaman \u00fccretsiz b\u00fcltenimize kaydolun. D\u00fczensiz aral\u0131klarla g\u00f6nderece\u011fiz. \u0130stedi\u011finiz zaman aboneli\u011finizi iptal edebilirsiniz.\" \/>\n<meta property=\"og:url\" content=\"https:\/\/www.digi-duck.com\/tr\/newsletter\/\" \/>\n<meta property=\"og:site_name\" content=\"DigiDuck\" \/>\n<meta property=\"article:publisher\" content=\"https:\/\/www.facebook.com\/profile.php?id=61558494354505\" \/>\n<meta property=\"article:modified_time\" content=\"2022-09-11T16:25:15+00:00\" \/>\n<meta name=\"twitter:card\" content=\"summary_large_image\" \/>\n<script type=\"application\/ld+json\" class=\"yoast-schema-graph\">{\"@context\":\"https:\/\/schema.org\",\"@graph\":[{\"@type\":\"WebPage\",\"@id\":\"https:\/\/www.digi-duck.com\/tr\/newsletter\/\",\"url\":\"https:\/\/www.digi-duck.com\/tr\/newsletter\/\",\"name\":\"Newsletter - DigiDuck\",\"isPartOf\":{\"@id\":\"https:\/\/www.digi-duck.com\/#website\"},\"datePublished\":\"2022-07-23T08:42:37+00:00\",\"dateModified\":\"2022-09-11T16:25:15+00:00\",\"breadcrumb\":{\"@id\":\"https:\/\/www.digi-duck.com\/tr\/newsletter\/#breadcrumb\"},\"inLanguage\":\"tr\",\"potentialAction\":[{\"@type\":\"ReadAction\",\"target\":[\"https:\/\/www.digi-duck.com\/tr\/newsletter\/\"]}]},{\"@type\":\"BreadcrumbList\",\"@id\":\"https:\/\/www.digi-duck.com\/tr\/newsletter\/#breadcrumb\",\"itemListElement\":[{\"@type\":\"ListItem\",\"position\":1,\"name\":\"Anasayfa\",\"item\":\"https:\/\/www.digi-duck.com\/\"},{\"@type\":\"ListItem\",\"position\":2,\"name\":\"Haber B\u00fclteni\"}]},{\"@type\":\"WebSite\",\"@id\":\"https:\/\/www.digi-duck.com\/tr\/#website\",\"url\":\"https:\/\/www.digi-duck.com\/tr\/\",\"name\":\"DigiDuck\",\"description\":\"Ihr digitaler Qualifikationspartner\",\"publisher\":{\"@id\":\"https:\/\/www.digi-duck.com\/tr\/#organization\"},\"potentialAction\":[{\"@type\":\"SearchAction\",\"target\":{\"@type\":\"EntryPoint\",\"urlTemplate\":\"https:\/\/www.digi-duck.com\/tr\/?s={search_term_string}\"},\"query-input\":{\"@type\":\"PropertyValueSpecification\",\"valueRequired\":true,\"valueName\":\"search_term_string\"}}],\"inLanguage\":\"tr\"},{\"@type\":\"Organization\",\"@id\":\"https:\/\/www.digi-duck.com\/tr\/#organization\",\"name\":\"DigiDuck GmbH\",\"url\":\"https:\/\/www.digi-duck.com\/tr\/\",\"logo\":{\"@type\":\"ImageObject\",\"inLanguage\":\"tr\",\"@id\":\"https:\/\/www.digi-duck.com\/tr\/#\/schema\/logo\/image\/\",\"url\":\"https:\/\/www.digi-duck.com\/wp-content\/uploads\/2024\/08\/DigiDuck_Logo_App_Colored.png\",\"contentUrl\":\"https:\/\/www.digi-duck.com\/wp-content\/uploads\/2024\/08\/DigiDuck_Logo_App_Colored.png\",\"width\":2000,\"height\":2000,\"caption\":\"DigiDuck GmbH\"},\"image\":{\"@id\":\"https:\/\/www.digi-duck.com\/tr\/#\/schema\/logo\/image\/\"},\"sameAs\":[\"https:\/\/www.facebook.com\/profile.php?id=61558494354505\",\"https:\/\/www.linkedin.com\/company\/digiduck-gmbh\",\"https:\/\/www.xing.com\/pages\/digiduck-gmbh\"]}]}<\/script>\n<!-- \/ Yoast SEO plugin. -->","yoast_head_json":{"title":"Haber B\u00fclteni","description":"\u00dcCRETSIZ B\u00dcLTEN Hi\u00e7bir g\u00fcncellemeyi, yeni \u00f6zelli\u011fi veya teklifi ka\u00e7\u0131rmay\u0131n. Gelecekte \u00fcr\u00fcnlerimiz ve \u015firketimiz hakk\u0131nda haberler almak ister misiniz? O zaman \u00fccretsiz b\u00fcltenimize kaydolun. D\u00fczensiz aral\u0131klarla g\u00f6nderece\u011fiz. \u0130stedi\u011finiz zaman aboneli\u011finizi iptal edebilirsiniz.","robots":{"index":"index","follow":"follow","max-snippet":"max-snippet:-1","max-image-preview":"max-image-preview:large","max-video-preview":"max-video-preview:-1"},"canonical":"\u00dcCRETSIZ B\u00dcLTEN Hi\u00e7bir g\u00fcncellemeyi, yeni \u00f6zelli\u011fi veya teklifi ka\u00e7\u0131rmay\u0131n. Gelecekte \u00fcr\u00fcnlerimiz ve \u015firketimiz hakk\u0131nda haberler almak ister misiniz? O zaman \u00fccretsiz b\u00fcltenimize kaydolun. D\u00fczensiz aral\u0131klarla g\u00f6nderece\u011fiz. \u0130stedi\u011finiz zaman aboneli\u011finizi iptal edebilirsiniz.","og_locale":"tr_TR","og_type":"article","og_title":"Haber B\u00fclteni","og_description":"\u00dcCRETSIZ B\u00dcLTEN Hi\u00e7bir g\u00fcncellemeyi, yeni \u00f6zelli\u011fi veya teklifi ka\u00e7\u0131rmay\u0131n. Gelecekte \u00fcr\u00fcnlerimiz ve \u015firketimiz hakk\u0131nda haberler almak ister misiniz? O zaman \u00fccretsiz b\u00fcltenimize kaydolun. D\u00fczensiz aral\u0131klarla g\u00f6nderece\u011fiz. \u0130stedi\u011finiz zaman aboneli\u011finizi iptal edebilirsiniz.","og_url":"https:\/\/www.digi-duck.com\/tr\/newsletter\/","og_site_name":"DigiDuck","article_publisher":"https:\/\/www.facebook.com\/profile.php?id=61558494354505","article_modified_time":"2022-09-11T16:25:15+00:00","twitter_card":"summary_large_image","schema":{"@context":"https:\/\/schema.org","@graph":[{"@type":"WebPage","@id":"https:\/\/www.digi-duck.com\/tr\/newsletter\/","url":"https:\/\/www.digi-duck.com\/tr\/newsletter\/","name":"Newsletter - DigiDuck","isPartOf":{"@id":"https:\/\/www.digi-duck.com\/#website"},"datePublished":"2022-07-23T08:42:37+00:00","dateModified":"2022-09-11T16:25:15+00:00","breadcrumb":{"@id":"https:\/\/www.digi-duck.com\/tr\/newsletter\/#breadcrumb"},"inLanguage":"tr","potentialAction":[{"@type":"ReadAction","target":["https:\/\/www.digi-duck.com\/tr\/newsletter\/"]}]},{"@type":"BreadcrumbList","@id":"https:\/\/www.digi-duck.com\/tr\/newsletter\/#breadcrumb","itemListElement":[{"@type":"ListItem","position":1,"name":"Anasayfa","item":"https:\/\/www.digi-duck.com\/"},{"@type":"ListItem","position":2,"name":"Haber B\u00fclteni"}]},{"@type":"WebSite","@id":"https:\/\/www.digi-duck.com\/tr\/#website","url":"https:\/\/www.digi-duck.com\/tr\/","name":"DigiDuck","description":"Ihr digitaler Qualifikationspartner","publisher":{"@id":"https:\/\/www.digi-duck.com\/tr\/#organization"},"potentialAction":[{"@type":"SearchAction","target":{"@type":"EntryPoint","urlTemplate":"https:\/\/www.digi-duck.com\/tr\/?s={search_term_string}"},"query-input":{"@type":"PropertyValueSpecification","valueRequired":true,"valueName":"search_term_string"}}],"inLanguage":"tr"},{"@type":"Organization","@id":"https:\/\/www.digi-duck.com\/tr\/#organization","name":"DigiDuck GmbH","url":"https:\/\/www.digi-duck.com\/tr\/","logo":{"@type":"ImageObject","inLanguage":"tr","@id":"https:\/\/www.digi-duck.com\/tr\/#\/schema\/logo\/image\/","url":"https:\/\/www.digi-duck.com\/wp-content\/uploads\/2024\/08\/DigiDuck_Logo_App_Colored.png","contentUrl":"https:\/\/www.digi-duck.com\/wp-content\/uploads\/2024\/08\/DigiDuck_Logo_App_Colored.png","width":2000,"height":2000,"caption":"DigiDuck GmbH"},"image":{"@id":"https:\/\/www.digi-duck.com\/tr\/#\/schema\/logo\/image\/"},"sameAs":["https:\/\/www.facebook.com\/profile.php?id=61558494354505","https:\/\/www.linkedin.com\/company\/digiduck-gmbh","https:\/\/www.xing.com\/pages\/digiduck-gmbh"]}]}},"post_mailing_queue_ids":[],"_links":{"self":[{"href":"https:\/\/www.digi-duck.com\/tr\/wp-json\/wp\/v2\/pages\/79","targetHints":{"allow":["GET"]}}],"collection":[{"href":"https:\/\/www.digi-duck.com\/tr\/wp-json\/wp\/v2\/pages"}],"about":[{"href":"https:\/\/www.digi-duck.com\/tr\/wp-json\/wp\/v2\/types\/page"}],"author":[{"embeddable":true,"href":"https:\/\/www.digi-duck.com\/tr\/wp-json\/wp\/v2\/users\/4"}],"replies":[{"embeddable":true,"href":"https:\/\/www.digi-duck.com\/tr\/wp-json\/wp\/v2\/comments?post=79"}],"version-history":[{"count":2,"href":"https:\/\/www.digi-duck.com\/tr\/wp-json\/wp\/v2\/pages\/79\/revisions"}],"predecessor-version":[{"id":286,"href":"https:\/\/www.digi-duck.com\/tr\/wp-json\/wp\/v2\/pages\/79\/revisions\/286"}],"wp:attachment":[{"href":"https:\/\/www.digi-duck.com\/tr\/wp-json\/wp\/v2\/media?parent=79"}],"curies":[{"name":"wp","href":"https:\/\/api.w.org\/{rel}","templated":true}]}}