{"id":94,"date":"2022-07-24T12:13:48","date_gmt":"2022-07-24T10:13:48","guid":{"rendered":"https:\/\/www.digi-duck.com\/?page_id=94"},"modified":"2023-07-07T11:47:22","modified_gmt":"2023-07-07T09:47:22","slug":"so-funktioniert-es","status":"publish","type":"page","link":"https:\/\/www.digi-duck.com\/tr\/so-funktioniert-es\/","title":{"rendered":"Nas\u0131l \u00e7al\u0131\u015f\u0131r"},"content":{"rendered":"<p>DIGIDUCK&#8217;I TANITMAK I\u015eTE BU KADAR KOLAY!<\/p>\n<hr class=\"wp-block-separator has-alpha-channel-opacity\">\n<p>\u015eimdi \u00fccretsiz olarak test edin ve DigiDuck ile hemen ba\u015flay\u0131n. Kendi DigiDuck platformunuzu ne kadar \u00e7abuk hayata ge\u00e7irebilece\u011finize \u015fa\u015f\u0131racaks\u0131n\u0131z:<\/p>\n<hr class=\"wp-block-separator has-alpha-channel-opacity\">\n<p>DigiDuck&#8217;\u0131 se\u00e7tiniz. Tebrikler, sizi ve \u00e7al\u0131\u015fanlar\u0131n\u0131z\u0131 g\u00f6rmek i\u00e7in sab\u0131rs\u0131zlan\u0131yoruz.<\/p>\n<hr class=\"wp-block-separator has-alpha-channel-opacity\">\n<p>Dilerseniz DigiDuck platformunuzu kurman\u0131zda size destek olabiliriz. Ba\u015fka bir sistemde zaten e\u011fitim i\u00e7eri\u011finiz veya belgeleriniz varsa, bilgilerin ta\u015f\u0131nmas\u0131na yard\u0131mc\u0131 olaca\u011f\u0131z.<\/p>\n<hr class=\"wp-block-separator has-alpha-channel-opacity\">\n<p>Logonuz, kurumsal ve \u00e7al\u0131\u015fan verileriniz sistemde olu\u015fturulur ve \u00e7al\u0131\u015fanlar\u0131n\u0131za hangi e\u011fitim ve talimatlar\u0131 sunmak istedi\u011finizi se\u00e7ersiniz. Daha sonra \u00e7al\u0131\u015fanlar\u0131 DigiDuck platformunuza davet edersiniz. Gitmeye haz\u0131rs\u0131n.<\/p>\n<hr class=\"wp-block-separator has-alpha-channel-opacity\">\n<p>Elbette, Premium Deste\u011fimiz sorular\u0131n\u0131z\u0131 yan\u0131tlamak i\u00e7in size ve \u00e7al\u0131\u015fanlar\u0131n\u0131za a\u00e7\u0131kt\u0131r.<\/p>\n<hr class=\"wp-block-separator has-alpha-channel-opacity\">\n<p>KI\u015eISEL ILETI\u015eIM<\/p>\n<hr class=\"wp-block-separator has-alpha-channel-opacity\">\n<p>Elbette DigiDuck kullan\u0131m\u0131nda sizi destekliyoruz. Teknik, metodolojik veya didaktik sorular\u0131n\u0131z varsa, destek ekibimiz size yard\u0131mc\u0131 olmaktan mutluluk duyacakt\u0131r. Premium deste\u011fimizin bir par\u00e7as\u0131 olarak, yan\u0131n\u0131zda ki\u015fisel bir irtibat ki\u015fisi de olacakt\u0131r.<\/p>\n<hr class=\"wp-block-separator has-alpha-channel-opacity\">\n<p>KONSIYERJ HIZMETI<\/p>\n<hr class=\"wp-block-separator has-alpha-channel-opacity\">\n<p>E\u011fitim ve talimatlar\u0131m\u0131z\u0131n yan\u0131 s\u0131ra kendi i\u00e7eri\u011finizi yay\u0131nlamak istiyorsan\u0131z veya zaten materyaliniz varsa, iste\u011fe ba\u011fl\u0131 olarak Konsiyerj Hizmetimizi ekleyebilirsiniz. Concierge Hizmetimizle \u00e7al\u0131\u015fmak \u00e7ok kolay \u00e7\u00fcnk\u00fc kursa dahil etmemizi istedi\u011finiz i\u00e7eri\u011fi (PDF&#8217;ler, videolar vb.) bize g\u00f6nderiyorsunuz ve uzmanlar\u0131m\u0131z sizin i\u00e7in kurslar\u0131 olu\u015fturuyor. Concierge Hizmetimiz sayesinde, uzmanlar\u0131m\u0131z\u0131n didaktik bilgi birikiminden ve h\u0131zland\u0131r\u0131lm\u0131\u015f bir ba\u015flang\u0131\u00e7tan yararlanabilirsiniz.<\/p>\n<hr class=\"wp-block-separator has-alpha-channel-opacity\">\n<p>SERV\u0130S DE\u011e\u0130\u015e\u0130KL\u0130\u011e\u0130<\/p>\n<hr class=\"wp-block-separator has-alpha-channel-opacity\">\n<p>Ba\u015fka bir platformda veya intranetinizde saklanan e\u011fitim i\u00e7eri\u011finiz veya belgeleriniz zaten var m\u0131? Sorun de\u011fil! Ge\u00e7i\u015f hizmetimizin bir par\u00e7as\u0131 olarak, mevcut i\u00e7eri\u011finizi ve bilgilerinizi DigiDuck platformunuza aktarman\u0131za yard\u0131mc\u0131 olabiliriz.<\/p>\n<hr class=\"wp-block-separator has-alpha-channel-opacity\">\n<p>Hala cevaplanmam\u0131\u015f sorular m\u0131 var? SSS b\u00f6l\u00fcm\u00fcm\u00fczde, di\u011fer kullan\u0131c\u0131lar taraf\u0131ndan daha \u00f6nce sorulmu\u015f sorular\u0131n yan\u0131tlar\u0131n\u0131 bulacaks\u0131n\u0131z. Sorunuzun cevab\u0131n\u0131 burada bulamazsan\u0131z, l\u00fctfen bize bir mesaj g\u00f6nderin. <br \/>Size yard\u0131mc\u0131 olmaktan mutluluk duyar\u0131z!<\/p>\n<hr class=\"wp-block-separator has-alpha-channel-opacity\">\n<a href=\"\/tr\/faq\/\" target=\"_self\" class=\" btn btn-primary\">S\u0131k\u00e7a Sorulan Sorulara Git<\/a>\n<hr class=\"wp-block-separator has-alpha-channel-opacity\">\n<p>DIGIDUCK&#8217;I \u015eIMDI \u00dcCRETSIZ TEST EDIN!<\/p>\n<hr class=\"wp-block-separator has-alpha-channel-opacity\">\n<p>DigiDuck&#8217;\u0131n e-\u00f6\u011frenme ve bilgi y\u00f6netimi i\u00e7in ideal ortak oldu\u011funa kendinizi ikna edin. Hi\u00e7bir y\u00fck\u00fcml\u00fcl\u00fck alt\u0131na girmeden 30 g\u00fcnl\u00fck \u00fccretsiz deneme s\u00fcr\u00fcm\u00fcn\u00fcze kaydolun ve \u00e7al\u0131\u015fanlar\u0131n\u0131z\u0131n diledikleri zaman ve keyifle yeni bilgiler edinmelerini sa\u011flay\u0131n!<\/p>\n<hr class=\"wp-block-separator has-alpha-channel-opacity\">\n<a href=\"\/tr\/kostenlos-testen\/\" target=\"_self\" class=\"btn-white-full btn btn-primary\">\u015eimdi \u00fccretsiz test edin!<\/a>\n","protected":false},"excerpt":{"rendered":"<p>DIGIDUCK&#8217;I TANITMAK I\u015eTE BU KADAR KOLAY! \u015eimdi \u00fccretsiz olarak test edin ve DigiDuck ile hemen ba\u015flay\u0131n. Kendi DigiDuck platformunuzu ne kadar \u00e7abuk hayata ge\u00e7irebilece\u011finize \u015fa\u015f\u0131racaks\u0131n\u0131z: DigiDuck&#8217;\u0131 se\u00e7tiniz. Tebrikler, sizi ve \u00e7al\u0131\u015fanlar\u0131n\u0131z\u0131 g\u00f6rmek i\u00e7in sab\u0131rs\u0131zlan\u0131yoruz. Dilerseniz DigiDuck platformunuzu kurman\u0131zda size destek olabiliriz. Ba\u015fka bir sistemde zaten e\u011fitim i\u00e7eri\u011finiz veya belgeleriniz varsa, bilgilerin ta\u015f\u0131nmas\u0131na yard\u0131mc\u0131 olaca\u011f\u0131z. Logonuz, [&hellip;]<\/p>\n","protected":false},"author":4,"featured_media":0,"parent":0,"menu_order":0,"comment_status":"closed","ping_status":"closed","template":"","meta":{"_acf_changed":false,"footnotes":""},"class_list":["post-94","page","type-page","status-publish","hentry"],"acf":[],"yoast_head":"<!-- This site is optimized with the Yoast SEO plugin v27.1.1 - https:\/\/yoast.com\/product\/yoast-seo-wordpress\/ -->\n<title>Nas\u0131l \u00e7al\u0131\u015f\u0131r<\/title>\n<meta name=\"description\" content=\"DIGIDUCK&#039;I TANITMAK I\u015eTE BU KADAR KOLAY! \u015eimdi \u00fccretsiz olarak test edin ve DigiDuck ile hemen ba\u015flay\u0131n. Kendi DigiDuck platformunuzu ne kadar \u00e7abuk hayata ge\u00e7irebilece\u011finize \u015fa\u015f\u0131racaks\u0131n\u0131z: DigiDuck&#039;\u0131 se\u00e7tiniz. Tebrikler, sizi ve \u00e7al\u0131\u015fanlar\u0131n\u0131z\u0131 g\u00f6rmek i\u00e7in sab\u0131rs\u0131zlan\u0131yoruz. Dilerseniz DigiDuck platformunuzu kurman\u0131zda size destek olabiliriz. Ba\u015fka bir sistemde zaten e\u011fitim i\u00e7eri\u011finiz veya belgeleriniz varsa, bilgilerin ta\u015f\u0131nmas\u0131na yard\u0131mc\u0131 olaca\u011f\u0131z. Logonuz,&hellip;\" \/>\n<meta name=\"robots\" content=\"index, follow, max-snippet:-1, max-image-preview:large, max-video-preview:-1\" \/>\n<link rel=\"canonical\" href=\"\" \/>\n<meta property=\"og:locale\" content=\"tr_TR\" \/>\n<meta property=\"og:type\" content=\"article\" \/>\n<meta property=\"og:title\" content=\"Nas\u0131l \u00e7al\u0131\u015f\u0131r\" \/>\n<meta property=\"og:description\" content=\"DIGIDUCK&#039;I TANITMAK I\u015eTE BU KADAR KOLAY! \u015eimdi \u00fccretsiz olarak test edin ve DigiDuck ile hemen ba\u015flay\u0131n. Kendi DigiDuck platformunuzu ne kadar \u00e7abuk hayata ge\u00e7irebilece\u011finize \u015fa\u015f\u0131racaks\u0131n\u0131z: DigiDuck&#039;\u0131 se\u00e7tiniz. Tebrikler, sizi ve \u00e7al\u0131\u015fanlar\u0131n\u0131z\u0131 g\u00f6rmek i\u00e7in sab\u0131rs\u0131zlan\u0131yoruz. Dilerseniz DigiDuck platformunuzu kurman\u0131zda size destek olabiliriz. Ba\u015fka bir sistemde zaten e\u011fitim i\u00e7eri\u011finiz veya belgeleriniz varsa, bilgilerin ta\u015f\u0131nmas\u0131na yard\u0131mc\u0131 olaca\u011f\u0131z. Logonuz,&hellip;\" \/>\n<meta property=\"og:url\" content=\"https:\/\/www.digi-duck.com\/tr\/so-funktioniert-es\/\" \/>\n<meta property=\"og:site_name\" content=\"DigiDuck\" \/>\n<meta property=\"article:publisher\" content=\"https:\/\/www.facebook.com\/profile.php?id=61558494354505\" \/>\n<meta property=\"article:modified_time\" content=\"2023-07-07T09:47:22+00:00\" \/>\n<meta name=\"twitter:card\" content=\"summary_large_image\" \/>\n<meta name=\"twitter:label1\" content=\"Tahmini okuma s\u00fcresi\" \/>\n\t<meta name=\"twitter:data1\" content=\"3 dakika\" \/>\n<script type=\"application\/ld+json\" class=\"yoast-schema-graph\">{\"@context\":\"https:\/\/schema.org\",\"@graph\":[{\"@type\":\"WebPage\",\"@id\":\"https:\/\/www.digi-duck.com\/tr\/so-funktioniert-es\/\",\"url\":\"https:\/\/www.digi-duck.com\/tr\/so-funktioniert-es\/\",\"name\":\"Einrichtung on DigiDuck \u2013 so funktioniert es\",\"isPartOf\":{\"@id\":\"https:\/\/www.digi-duck.com\/#website\"},\"datePublished\":\"2022-07-24T10:13:48+00:00\",\"dateModified\":\"2023-07-07T09:47:22+00:00\",\"breadcrumb\":{\"@id\":\"https:\/\/www.digi-duck.com\/tr\/so-funktioniert-es\/#breadcrumb\"},\"inLanguage\":\"tr\",\"potentialAction\":[{\"@type\":\"ReadAction\",\"target\":[\"https:\/\/www.digi-duck.com\/tr\/so-funktioniert-es\/\"]}]},{\"@type\":\"BreadcrumbList\",\"@id\":\"https:\/\/www.digi-duck.com\/tr\/so-funktioniert-es\/#breadcrumb\",\"itemListElement\":[{\"@type\":\"ListItem\",\"position\":1,\"name\":\"Anasayfa\",\"item\":\"https:\/\/www.digi-duck.com\/\"},{\"@type\":\"ListItem\",\"position\":2,\"name\":\"Nas\u0131l \u00e7al\u0131\u015f\u0131r\"}]},{\"@type\":\"WebSite\",\"@id\":\"https:\/\/www.digi-duck.com\/tr\/#website\",\"url\":\"https:\/\/www.digi-duck.com\/tr\/\",\"name\":\"DigiDuck\",\"description\":\"Ihr digitaler Qualifikationspartner\",\"publisher\":{\"@id\":\"https:\/\/www.digi-duck.com\/tr\/#organization\"},\"potentialAction\":[{\"@type\":\"SearchAction\",\"target\":{\"@type\":\"EntryPoint\",\"urlTemplate\":\"https:\/\/www.digi-duck.com\/tr\/?s={search_term_string}\"},\"query-input\":{\"@type\":\"PropertyValueSpecification\",\"valueRequired\":true,\"valueName\":\"search_term_string\"}}],\"inLanguage\":\"tr\"},{\"@type\":\"Organization\",\"@id\":\"https:\/\/www.digi-duck.com\/tr\/#organization\",\"name\":\"DigiDuck GmbH\",\"url\":\"https:\/\/www.digi-duck.com\/tr\/\",\"logo\":{\"@type\":\"ImageObject\",\"inLanguage\":\"tr\",\"@id\":\"https:\/\/www.digi-duck.com\/tr\/#\/schema\/logo\/image\/\",\"url\":\"https:\/\/www.digi-duck.com\/wp-content\/uploads\/2024\/08\/DigiDuck_Logo_App_Colored.png\",\"contentUrl\":\"https:\/\/www.digi-duck.com\/wp-content\/uploads\/2024\/08\/DigiDuck_Logo_App_Colored.png\",\"width\":2000,\"height\":2000,\"caption\":\"DigiDuck GmbH\"},\"image\":{\"@id\":\"https:\/\/www.digi-duck.com\/tr\/#\/schema\/logo\/image\/\"},\"sameAs\":[\"https:\/\/www.facebook.com\/profile.php?id=61558494354505\",\"https:\/\/www.linkedin.com\/company\/digiduck-gmbh\",\"https:\/\/www.xing.com\/pages\/digiduck-gmbh\"]}]}<\/script>\n<!-- \/ Yoast SEO plugin. -->","yoast_head_json":{"title":"Nas\u0131l \u00e7al\u0131\u015f\u0131r","description":"DIGIDUCK'I TANITMAK I\u015eTE BU KADAR KOLAY! \u015eimdi \u00fccretsiz olarak test edin ve DigiDuck ile hemen ba\u015flay\u0131n. Kendi DigiDuck platformunuzu ne kadar \u00e7abuk hayata ge\u00e7irebilece\u011finize \u015fa\u015f\u0131racaks\u0131n\u0131z: DigiDuck'\u0131 se\u00e7tiniz. Tebrikler, sizi ve \u00e7al\u0131\u015fanlar\u0131n\u0131z\u0131 g\u00f6rmek i\u00e7in sab\u0131rs\u0131zlan\u0131yoruz. Dilerseniz DigiDuck platformunuzu kurman\u0131zda size destek olabiliriz. Ba\u015fka bir sistemde zaten e\u011fitim i\u00e7eri\u011finiz veya belgeleriniz varsa, bilgilerin ta\u015f\u0131nmas\u0131na yard\u0131mc\u0131 olaca\u011f\u0131z. Logonuz,&hellip;","robots":{"index":"index","follow":"follow","max-snippet":"max-snippet:-1","max-image-preview":"max-image-preview:large","max-video-preview":"max-video-preview:-1"},"canonical":"DIGIDUCK'I TANITMAK I\u015eTE BU KADAR KOLAY! \u015eimdi \u00fccretsiz olarak test edin ve DigiDuck ile hemen ba\u015flay\u0131n. Kendi DigiDuck platformunuzu ne kadar \u00e7abuk hayata ge\u00e7irebilece\u011finize \u015fa\u015f\u0131racaks\u0131n\u0131z: DigiDuck'\u0131 se\u00e7tiniz. Tebrikler, sizi ve \u00e7al\u0131\u015fanlar\u0131n\u0131z\u0131 g\u00f6rmek i\u00e7in sab\u0131rs\u0131zlan\u0131yoruz. Dilerseniz DigiDuck platformunuzu kurman\u0131zda size destek olabiliriz. Ba\u015fka bir sistemde zaten e\u011fitim i\u00e7eri\u011finiz veya belgeleriniz varsa, bilgilerin ta\u015f\u0131nmas\u0131na yard\u0131mc\u0131 olaca\u011f\u0131z. Logonuz,&hellip;","og_locale":"tr_TR","og_type":"article","og_title":"Nas\u0131l \u00e7al\u0131\u015f\u0131r","og_description":"DIGIDUCK'I TANITMAK I\u015eTE BU KADAR KOLAY! \u015eimdi \u00fccretsiz olarak test edin ve DigiDuck ile hemen ba\u015flay\u0131n. Kendi DigiDuck platformunuzu ne kadar \u00e7abuk hayata ge\u00e7irebilece\u011finize \u015fa\u015f\u0131racaks\u0131n\u0131z: DigiDuck'\u0131 se\u00e7tiniz. Tebrikler, sizi ve \u00e7al\u0131\u015fanlar\u0131n\u0131z\u0131 g\u00f6rmek i\u00e7in sab\u0131rs\u0131zlan\u0131yoruz. Dilerseniz DigiDuck platformunuzu kurman\u0131zda size destek olabiliriz. Ba\u015fka bir sistemde zaten e\u011fitim i\u00e7eri\u011finiz veya belgeleriniz varsa, bilgilerin ta\u015f\u0131nmas\u0131na yard\u0131mc\u0131 olaca\u011f\u0131z. Logonuz,&hellip;","og_url":"https:\/\/www.digi-duck.com\/tr\/so-funktioniert-es\/","og_site_name":"DigiDuck","article_publisher":"https:\/\/www.facebook.com\/profile.php?id=61558494354505","article_modified_time":"2023-07-07T09:47:22+00:00","twitter_card":"summary_large_image","twitter_misc":{"Tahmini okuma s\u00fcresi":"3 dakika"},"schema":{"@context":"https:\/\/schema.org","@graph":[{"@type":"WebPage","@id":"https:\/\/www.digi-duck.com\/tr\/so-funktioniert-es\/","url":"https:\/\/www.digi-duck.com\/tr\/so-funktioniert-es\/","name":"Einrichtung on DigiDuck \u2013 so funktioniert es","isPartOf":{"@id":"https:\/\/www.digi-duck.com\/#website"},"datePublished":"2022-07-24T10:13:48+00:00","dateModified":"2023-07-07T09:47:22+00:00","breadcrumb":{"@id":"https:\/\/www.digi-duck.com\/tr\/so-funktioniert-es\/#breadcrumb"},"inLanguage":"tr","potentialAction":[{"@type":"ReadAction","target":["https:\/\/www.digi-duck.com\/tr\/so-funktioniert-es\/"]}]},{"@type":"BreadcrumbList","@id":"https:\/\/www.digi-duck.com\/tr\/so-funktioniert-es\/#breadcrumb","itemListElement":[{"@type":"ListItem","position":1,"name":"Anasayfa","item":"https:\/\/www.digi-duck.com\/"},{"@type":"ListItem","position":2,"name":"Nas\u0131l \u00e7al\u0131\u015f\u0131r"}]},{"@type":"WebSite","@id":"https:\/\/www.digi-duck.com\/tr\/#website","url":"https:\/\/www.digi-duck.com\/tr\/","name":"DigiDuck","description":"Ihr digitaler Qualifikationspartner","publisher":{"@id":"https:\/\/www.digi-duck.com\/tr\/#organization"},"potentialAction":[{"@type":"SearchAction","target":{"@type":"EntryPoint","urlTemplate":"https:\/\/www.digi-duck.com\/tr\/?s={search_term_string}"},"query-input":{"@type":"PropertyValueSpecification","valueRequired":true,"valueName":"search_term_string"}}],"inLanguage":"tr"},{"@type":"Organization","@id":"https:\/\/www.digi-duck.com\/tr\/#organization","name":"DigiDuck GmbH","url":"https:\/\/www.digi-duck.com\/tr\/","logo":{"@type":"ImageObject","inLanguage":"tr","@id":"https:\/\/www.digi-duck.com\/tr\/#\/schema\/logo\/image\/","url":"https:\/\/www.digi-duck.com\/wp-content\/uploads\/2024\/08\/DigiDuck_Logo_App_Colored.png","contentUrl":"https:\/\/www.digi-duck.com\/wp-content\/uploads\/2024\/08\/DigiDuck_Logo_App_Colored.png","width":2000,"height":2000,"caption":"DigiDuck GmbH"},"image":{"@id":"https:\/\/www.digi-duck.com\/tr\/#\/schema\/logo\/image\/"},"sameAs":["https:\/\/www.facebook.com\/profile.php?id=61558494354505","https:\/\/www.linkedin.com\/company\/digiduck-gmbh","https:\/\/www.xing.com\/pages\/digiduck-gmbh"]}]}},"post_mailing_queue_ids":[],"_links":{"self":[{"href":"https:\/\/www.digi-duck.com\/tr\/wp-json\/wp\/v2\/pages\/94","targetHints":{"allow":["GET"]}}],"collection":[{"href":"https:\/\/www.digi-duck.com\/tr\/wp-json\/wp\/v2\/pages"}],"about":[{"href":"https:\/\/www.digi-duck.com\/tr\/wp-json\/wp\/v2\/types\/page"}],"author":[{"embeddable":true,"href":"https:\/\/www.digi-duck.com\/tr\/wp-json\/wp\/v2\/users\/4"}],"replies":[{"embeddable":true,"href":"https:\/\/www.digi-duck.com\/tr\/wp-json\/wp\/v2\/comments?post=94"}],"version-history":[{"count":3,"href":"https:\/\/www.digi-duck.com\/tr\/wp-json\/wp\/v2\/pages\/94\/revisions"}],"predecessor-version":[{"id":383,"href":"https:\/\/www.digi-duck.com\/tr\/wp-json\/wp\/v2\/pages\/94\/revisions\/383"}],"wp:attachment":[{"href":"https:\/\/www.digi-duck.com\/tr\/wp-json\/wp\/v2\/media?parent=94"}],"curies":[{"name":"wp","href":"https:\/\/api.w.org\/{rel}","templated":true}]}}